{"id":10718,"date":"2022-01-19T12:53:43","date_gmt":"2022-01-19T11:53:43","guid":{"rendered":"https:\/\/new.tiketi.com\/tokyo-air-taxi-booking-app-electric-flying-taxis\/"},"modified":"2025-07-09T09:49:23","modified_gmt":"2025-07-09T08:49:23","slug":"tokyo","status":"publish","type":"page","link":"https:\/\/tiketi.com\/fr-fr\/volants\/taxi-aerien\/tokyo\/","title":{"rendered":"Fly Over Tokyo\u2019s Roads \u2013 Easy Air Taxi Tokyo Online Bookings"},"content":{"rendered":"<h2 id=\"electric-dubai-air-taxi-booking-app\" class=\"wp-block-heading\">Book a Flying Taxi in Tokyo \u2013 Fast, Green, and Affordable Urban Travel<\/h2>\r\n\r\n\r\n\r\n<p>The Cheap air taxi in Tokyo online booking app allows users to easily reserve helicopter and flying taxi flight tickets. Air taxis in Tokyo make it possible to travel quickly and affordably across the city. The Japanese capital city of Tokyo is a big, energetic and amazing place. In the most populated city in the planet, you will be capable to tour temples, dine on countless Japanese culinary delicacies and shop in some of the world&#8217;s biggest and most unusual walls. With so much to do, view and explore in Tokyo, planning your own itinerary can be overwhelming. Make it simpler by sticking to best attractions in Tokyo. Just like many other services, you&#8217;ll be able to make a Tokyo air taxi booking anytime, anywhere, through the app for your electric air taxi flight.<\/p>\r\n<h2>Pourquoi choisir un taxi volant ?<\/h2>\r\n<ul>\r\n<li><strong>Gagnez du temps<\/strong> \u2013 What would take 30\u201360 minutes by car can now be done in under 10 minutes by air.<\/li>\r\n<li><strong>\u00c9cologique et silencieux<\/strong> \u2013 Nos avions \u00e9lectriques sont jusqu&#039;\u00e0 100 fois plus silencieux que les h\u00e9licopt\u00e8res traditionnels et ne produisent aucune \u00e9mission.<\/li>\r\n<li><strong>S\u00e9curit\u00e9 certifi\u00e9e<\/strong> \u2013 Nos avions sont pilot\u00e9s par des pilotes agr\u00e9\u00e9s et sont \u00e9quip\u00e9s de multiples syst\u00e8mes de s\u00e9curit\u00e9 redondants afin de garantir un voyage en toute s\u00e9curit\u00e9.<\/li>\r\n<li><strong>Comfortable Experience <\/strong>\u2013 D&#039;un simple clic, vous \u00eates parti \u2013 sans tracas, sans stress.<\/li>\r\n<li><strong>Effortless Booking \u2013 <\/strong>Book Your Flight in Just a Few Clicks \u2013 Anytime, Anywhere.<\/li>\r\n<\/ul>\r\n<h2>How Our Tokyo Air Taxi Booking Service Works<\/h2>\r\n<p>R\u00e9server votre taxi a\u00e9rien est aussi simple que de r\u00e9server une course\u00a0:<\/p>\r\n<ol>\r\n<li><strong>Ouvrez le <a href=\"https:\/\/tiketi.com\/fr-fr\/download-tiketi-app\/\" target=\"_blank\" rel=\"noopener\">Application Tiketi<\/a> ou site Web<\/strong><\/li>\r\n<li><strong>Choisissez votre d\u00e9part<\/strong> from one of Tokyo\u2019s many vertiports (e.g., Tokyo International Airport, Shibuya, Roppongi)<\/li>\r\n<li><strong>Choisissez votre avion<\/strong> \u2013 Choisissez un \u00e9l\u00e9gant taxi a\u00e9rien tout \u00e9lectrique \u00e0 2 ou 4 places<\/li>\r\n<li><strong>Confirmer et partir<\/strong> \u2013 Votre vol est r\u00e9serv\u00e9 en temps r\u00e9el et votre point d&#039;embarquement est pr\u00eat quand vous l&#039;\u00eates.<\/li>\r\n<\/ol>\r\n<p>In just a few minutes, you\u2019ll be airborne\u2014gliding over Tokyo\u2019s neon-lit skyline, from the iconic Shibuya Crossing to the tranquil Meiji Shrine, all while avoiding the traffic below.<\/p>\r\n<h2>Flying Taxi Routes in Tokyo \u2013 Sky High in Minutes<\/h2>\r\n<p>Tokyo\u2019s aerial transport network is developing rapidly, with several key routes already in the works:<\/p>\r\n<ul>\r\n<li><strong>Tokyo International Airport (Haneda) \u2192 Shibuya<\/strong> \u2013 ~8 minutes (vs. 30-45 minutes by road)<\/li>\r\n<li><strong>Roppongi \u2192 Tokyo International Airport<\/strong> \u2013 10 \u00e0 12 minutes<\/li>\r\n<\/ul>\r\n<p>Les itin\u00e9raires futurs comprennent\u00a0:<\/p>\r\n<ul>\r\n<li><strong>Tokyo \u2192 Yokohama<\/strong> (~20 minutes)<br \/><strong>Tokyo \u2192 Narita Airport<\/strong> (~25 minutes)<\/li>\r\n<\/ul>\r\n<p>With support from Tokyo\u2019s aviation authorities, we expect these flying taxi routes to be operational within the next few years.<\/p>\r\n<h2>Options de tarification et de r\u00e9servation des taxis volants<\/h2>\r\n<p>Nos prix sont comp\u00e9titifs et con\u00e7us pour offrir un rapport qualit\u00e9-prix maximal\u00a0:<\/p>\r\n<p>\u2022<strong> Tarifs actuels\u00a0:<\/strong> ~$6,50 par passager-mille (les prix devraient baisser \u00e0 environ $2,50 \u00e0 mesure que la demande augmentera)<br \/>\u2022 <strong>Example: Tokyo International Airport to Shibuya<\/strong> (~12 miles) = $75\u2013$150, comparable to high-end taxi services.<\/p>\r\n<p><strong>\u00c0 venir:<\/strong><\/p>\r\n<ul>\r\n<li><strong>Plans de transport en commun<\/strong><\/li>\r\n<li><strong>forfaits de groupe et d&#039;entreprise<\/strong><\/li>\r\n<li><strong>Remises sur volume<\/strong><\/li>\r\n<\/ul>\r\n<p>R\u00e9servez votre vol facilement via l&#039;application, en ligne ou avec notre service de conciergerie. Besoin de services suppl\u00e9mentaires comme un si\u00e8ge enfant ou un transfert\u00a0? Nous nous occupons de tout.<\/p>\r\n<h2>Qui est \u00e0 l&#039;avant-garde ?<\/h2>\r\n<p>Meet the pioneers bringing aerial mobility to Tokyo:<\/p>\r\n<ul>\r\n<li><strong>Joby Aviation + All Nippon Airways (ANA):<\/strong> Launching 200 mph eVTOL flights from Tokyo\u2019s airports, priced similarly to premium car services.<\/li>\r\n<li><strong>Vertical Aerospace (Japan):<\/strong> Certifying its VX4 aircraft for 2028 flights\u2014projected fares as low as \u00a515,000.<\/li>\r\n<li><strong>Skyports :<\/strong> Developing vertiports and charging hubs across Tokyo and the Greater Kanto region.<\/li>\r\n<li><strong>Japanese Government:<\/strong> Investing heavily in Japan\u2019s aerial mobility infrastructure, paving the way for sustainable, high-tech air travel.<\/li>\r\n<\/ul>\r\n<h2>Foire aux questions<\/h2>\r\n<h3>Why fly taxi?<\/h3>\r\n<p>Tokyo, one of the most dynamic and fast-paced cities in the world, is also infamous for its congested streets and long commuting hours. While Tokyo\u2019s public transport system is world-class, road traffic remains a significant challenge. But why sit in traffic when you can soar above it? Our eVTOL (electric vertical takeoff and landing) air taxis offer a faster, more efficient way to navigate Tokyo\u2014whisking you across the city in under 10 minutes. It\u2019s not just about getting there faster; it\u2019s about making your commute more enjoyable and reclaiming your valuable time.<\/p>\r\n<h3>Est-ce s\u00fbr?<\/h3>\r\n<p>Oui. Tous les vols sont pilot\u00e9s par des professionnels certifi\u00e9s et respectent les normes de s\u00e9curit\u00e9 les plus strictes, avec de multiples syst\u00e8mes de s\u00e9curit\u00e9 redondants int\u00e9gr\u00e9s.<\/p>\r\n<h3>Les vols peuvent-ils \u00eatre assur\u00e9s par mauvais temps\u00a0?<\/h3>\r\n<p>Votre s\u00e9curit\u00e9 est notre priorit\u00e9 absolue. En cas d&#039;intemp\u00e9ries, nous vous en informerons imm\u00e9diatement et vous aiderons \u00e0 reporter votre r\u00e9servation ou \u00e0 obtenir un remboursement int\u00e9gral.<\/p>\r\n<h3>Puis-je apporter des bagages ?<\/h3>\r\n<p>Les bagages \u00e0 main sont les bienvenus. Pour les objets plus volumineux, nous organiserons leur transport terrestre jusqu&#039;\u00e0 votre destination.<\/p>\r\n\r\n\r\n\r\n<h2 id=\"here-are-some-of-the-best-advantages-of-electric-flying-taxi-in-tokyo\" class=\"wp-block-heading\">Voici quelques-uns des meilleurs avantages du taxi volant \u00e9lectrique \u00e0 Tokyo<\/h2>\r\n\r\n\r\n\r\n<h3 id=\"what-is-electric-flying-taxi-in-tokyo\" class=\"wp-block-heading\">Qu&#039;est-ce qu&#039;un taxi volant \u00e9lectrique \u00e0 Tokyo ?<\/h3>\r\n\r\n\r\n\r\n<p>L&#039;id\u00e9e de taxis a\u00e9riens \u00e9lectriques \u00e0 Tokyo existe peut-\u00eatre depuis quelques ann\u00e9es, mais leur r\u00e9alisation semble tr\u00e8s possible dans un avenir proche. Une grande raison de cette intuition est la n\u00e9cessit\u00e9 d&#039;\u00e9conomiser de l&#039;\u00e9nergie et du temps. Apr\u00e8s tout, le trafic routier intense prend simplement plus de temps, ce qui peut \u00eatre r\u00e9duit avec les voyages en avion. Deuxi\u00e8mement, la consommation maximale de carburant serait \u00e9galement r\u00e9duite, car les taxis volants \u00e9lectriques \u00e0 Tokyo fonctionneraient \u00e0 l&#039;\u00e9lectricit\u00e9.<\/p>\r\n\r\n\r\n\r\n<h3 id=\"how-quick-is-air-taxis-in-tokyo\" class=\"wp-block-heading\">Quelle est la vitesse des taxis a\u00e9riens \u00e0 Tokyo\u00a0?<\/h3>\r\n\r\n\r\n\r\n<p>L&#039;avion drone Archers eVTOL, nomm\u00e9 Maker, sera capable de parcourir une distance allant jusqu&#039;\u00e0 soixante miles \u00e0 des vitesses approchant 150 mph. en plus de soulager les embouteillages au sol, l&#039;engin motoris\u00e9 ne g\u00e9n\u00e9rera aucune \u00e9mission et aura une empreinte sonore de seulement 45 dba, se fondant dans les sons des quartiers r\u00e9sidentiels.<\/p>\r\n\r\n\r\n\r\n<h3 id=\"are-autonomous-air-taxis-in-tokyo-the-future\" class=\"wp-block-heading\">Les taxis a\u00e9riens autonomes \u00e0 Tokyo sont-ils l&#039;avenir ?<\/h3>\r\n\r\n\r\n\r\n<p>Pour ceux d&#039;entre nous qui ont grandi en regardant Retour vers le futur et Les Jetsons, les taxis volants \u00e9lectriques \u00e0 Tokyo sont dans nos r\u00eaves depuis longtemps comme un avenir possible un jour. Avec des rues aussi encombr\u00e9es que les grandes villes, beaucoup esp\u00e8rent que les taxis volants \u00e0 Tokyo seront la solution au probl\u00e8me, mais beaucoup se demandent s&#039;il s&#039;agit d&#039;une solution r\u00e9aliste ou si cela augmenterait simplement les niveaux de pollution et de bruit dans les villes.<\/p>\r\n<p>\r\n\r\n<\/p>\r\n<h3>Combien co\u00fbtera un taxi volant \u00e9lectrique \u00e0 Tokyo ?<\/h3>\r\n<p>\r\n\r\n<\/p>\r\n<p>Initialement, les taxis a\u00e9riens par drones \u00e0 Tokyo co\u00fbteront environ $5,73 par passager-mile. Le prix du taxi a\u00e9rien \u00e0 Tokyo chutera ensuite \u00e0 $1,85 par passager-mile avant d&#039;atteindre finalement le tarif incroyable du client de $0,44 par mile. Vous pouvez facilement r\u00e9server des billets d&#039;avion en taxi a\u00e9rien via les taxis volants \u00e9lectriques dans l&#039;application Tokyo.<\/p>\r\n<p>\r\n\r\n<\/p>\r\n<h2 id=\"advantages-of-electric-tokyo-air-taxi-booking-app\" class=\"wp-block-heading\">Advantages of best electric air taxi in Tokyo online booking app<\/h2>\r\n<p>\r\n\r\n<\/p>\r\n<p>Parmi ses autres avantages, la r\u00e9servation en ligne de taxis drones \u00e0 Tokyo pourrait fournir un boom \u00e9conomique en augmentant le nombre de personnes se dirigeant vers des lieux de loisirs et de tourisme \u00e9loign\u00e9s des grands a\u00e9roports.<\/p>\r\n<p>\r\n\r\n<\/p>\r\n<h3 id=\"would-drone-air-taxi-in-tokyo-online-booking-app-be-used-to-book-a-electric-air-taxi-flight\" class=\"wp-block-heading\">Can the air taxis in Tokyo online booking app be used to reserve electric air taxi flight tickets?<\/h3>\r\n<p>\r\n\r\n<\/p>\r\n<p>Oui, les clients peuvent utiliser de mani\u00e8re transparente l&#039;application de r\u00e9servation de taxi a\u00e9rien \u00e9lectrique de Tokyo en ligne pour trouver le meilleur itin\u00e9raire et r\u00e9server des billets d&#039;avion en taxi volant par drone \u00e0 Tokyo \u00e0 tout moment et n&#039;importe o\u00f9.<\/p>\r\n<h2>Autres vols populaires en taxi a\u00e9rien<\/h2>\r\n<table border=\"0\" cellspacing=\"1\" cellpadding=\"1\">\r\n<tbody>\r\n<tr>\r\n<td>Bon march\u00e9 <a href=\"https:\/\/tiketi.com\/fr-fr\/volants\/taxi-aerien\/chicago\/\" target=\"_blank\" rel=\"noopener\">air taxi in Japan<\/a><\/td>\r\n<td style=\"width: 30px;\">\u00a0<\/td>\r\n<td>Bon march\u00e9 <a href=\"https:\/\/tiketi.com\/fr-fr\/volants\/taxi-aerien\/osaka\/\" target=\"_blank\" rel=\"noopener\">air taxi in Osaka<\/a><\/td>\r\n<td style=\"width: 30px;\">\u00a0<\/td>\r\n<td>Bon march\u00e9 <a href=\"https:\/\/tiketi.com\/fr-fr\/volants\/taxi-aerien\/nagoya\/\" target=\"_blank\" rel=\"noopener\">air taxi in Nagoya<\/a><\/td>\r\n<\/tr>\r\n<tr>\r\n<td>Bon march\u00e9 <a href=\"https:\/\/tiketi.com\/fr-fr\/volants\/taxi-aerien\/new-york-nyc\/\" target=\"_blank\" rel=\"noopener\">air taxi in\u00a0New York<\/a><\/td>\r\n<td style=\"width: 30px;\">\u00a0<\/td>\r\n<td>Bon march\u00e9 <a href=\"https:\/\/tiketi.com\/fr-fr\/volants\/taxi-aerien\/singapore\/\" target=\"_blank\" rel=\"noopener\">taxi a\u00e9rien \u00e0 Singapour<\/a><\/td>\r\n<td style=\"width: 30px;\">\u00a0<\/td>\r\n<td>Bon march\u00e9 <a href=\"https:\/\/tiketi.com\/fr-fr\/volants\/taxi-aerien\/paris\/\" target=\"_blank\" rel=\"noopener\">taxi a\u00e9rien \u00e0 Paris<\/a><\/td>\r\n<\/tr>\r\n<tr>\r\n<td>Bon march\u00e9 <a href=\"https:\/\/tiketi.com\/fr-fr\/volants\/taxi-aerien\/london\/\" target=\"_blank\" rel=\"noopener\">taxi a\u00e9rien \u00e0 Londres<\/a><\/td>\r\n<td style=\"width: 30px;\">\u00a0<\/td>\r\n<td>Bon march\u00e9 <a href=\"https:\/\/tiketi.com\/fr-fr\/volants\/taxi-aerien\/dubai\/\" target=\"_blank\" rel=\"noopener\">taxi a\u00e9rien \u00e0 Duba\u00ef<\/a><\/td>\r\n<td style=\"width: 30px;\">\u00a0<\/td>\r\n<td>Bon march\u00e9 <a href=\"https:\/\/tiketi.com\/fr-fr\/volants\/taxi-aerien\/hong-kong\/\" target=\"_blank\" rel=\"noopener\">taxi a\u00e9rien \u00e0 Hong Kong<\/a><\/td>\r\n<\/tr>\r\n<\/tbody>\r\n<\/table>\r\n<p>&nbsp;<\/p>\r\n<p><\/p>\r\n<p>&nbsp;<\/p>","protected":false},"excerpt":{"rendered":"<p>Book a Flying Taxi in Tokyo \u2013 Fast, Green, and Affordable Urban Travel The Cheap air taxi in Tokyo online booking app allows users to easily reserve helicopter and flying taxi flight tickets. Air taxis in Tokyo make it possible to travel quickly and affordably across the city. The Japanese capital city of Tokyo is [&hellip;]<\/p>\n","protected":false},"author":1,"featured_media":14276,"parent":25621,"menu_order":0,"comment_status":"open","ping_status":"closed","template":"template-home-modern.php","meta":{"footnotes":""},"class_list":["post-10718","page","type-page","status-publish","has-post-thumbnail","hentry"],"yoast_head":"<!-- This site is optimized with the Yoast SEO plugin v27.3 - https:\/\/yoast.com\/product\/yoast-seo-wordpress\/ -->\n<title>Book an Air Taxi in Tokyo | Cheap Flying Taxi Fares<\/title>\n<meta name=\"description\" content=\"Book an air taxi in Tokyo online with our app. Compare routes, fares, &amp; flight tickets for air taxis, &amp; find affordable flying taxi options\" \/>\n<meta name=\"robots\" content=\"index, follow, max-snippet:-1, max-image-preview:large, max-video-preview:-1\" \/>\n<link rel=\"canonical\" href=\"https:\/\/tiketi.com\/fr-fr\/volants\/taxi-aerien\/tokyo\/\" \/>\n<meta property=\"og:locale\" content=\"fr_FR\" \/>\n<meta property=\"og:type\" content=\"article\" \/>\n<meta property=\"og:title\" content=\"Book an Air Taxi in Tokyo | Cheap Flying Taxi Fares\" \/>\n<meta property=\"og:description\" content=\"Book an air taxi in Tokyo online with our app. Compare routes, fares, &amp; flight tickets for air taxis, &amp; find affordable flying taxi options\" \/>\n<meta property=\"og:url\" content=\"https:\/\/tiketi.com\/fr-fr\/volants\/taxi-aerien\/tokyo\/\" \/>\n<meta property=\"og:site_name\" content=\"Tiketi.com\" \/>\n<meta property=\"article:publisher\" content=\"https:\/\/www.facebook.com\/TiketiCom\/\" \/>\n<meta property=\"article:modified_time\" content=\"2025-07-09T08:49:23+00:00\" \/>\n<meta property=\"og:image\" content=\"https:\/\/tiketi.com\/wp-content\/uploads\/2022\/01\/tokyo-4524260_1280.jpg\" \/>\n\t<meta property=\"og:image:width\" content=\"1200\" \/>\n\t<meta property=\"og:image:height\" content=\"202\" \/>\n\t<meta property=\"og:image:type\" content=\"image\/jpeg\" \/>\n<meta name=\"twitter:card\" content=\"summary_large_image\" \/>\n<meta name=\"twitter:label1\" content=\"Dur\u00e9e de lecture estim\u00e9e\" \/>\n\t<meta name=\"twitter:data1\" content=\"6 minutes\" \/>\n<script type=\"application\/ld+json\" class=\"yoast-schema-graph\">{\"@context\":\"https:\\\/\\\/schema.org\",\"@graph\":[{\"@type\":\"WebPage\",\"@id\":\"https:\\\/\\\/tiketi.com\\\/flying\\\/air-taxi\\\/tokyo\\\/\",\"url\":\"https:\\\/\\\/tiketi.com\\\/flying\\\/air-taxi\\\/tokyo\\\/\",\"name\":\"Book an Air Taxi in Tokyo | Cheap Flying Taxi Fares\",\"isPartOf\":{\"@id\":\"https:\\\/\\\/tiketi.com\\\/#website\"},\"primaryImageOfPage\":{\"@id\":\"https:\\\/\\\/tiketi.com\\\/flying\\\/air-taxi\\\/tokyo\\\/#primaryimage\"},\"image\":{\"@id\":\"https:\\\/\\\/tiketi.com\\\/flying\\\/air-taxi\\\/tokyo\\\/#primaryimage\"},\"thumbnailUrl\":\"https:\\\/\\\/tiketi.com\\\/wp-content\\\/uploads\\\/2022\\\/01\\\/tokyo-4524260_1280.jpg\",\"datePublished\":\"2022-01-19T11:53:43+00:00\",\"dateModified\":\"2025-07-09T08:49:23+00:00\",\"description\":\"Book an air taxi in Tokyo online with our app. Compare routes, fares, & flight tickets for air taxis, & find affordable flying taxi options\",\"breadcrumb\":{\"@id\":\"https:\\\/\\\/tiketi.com\\\/flying\\\/air-taxi\\\/tokyo\\\/#breadcrumb\"},\"inLanguage\":\"fr-FR\",\"potentialAction\":[{\"@type\":\"ReadAction\",\"target\":[\"https:\\\/\\\/tiketi.com\\\/flying\\\/air-taxi\\\/tokyo\\\/\"]}]},{\"@type\":\"ImageObject\",\"inLanguage\":\"fr-FR\",\"@id\":\"https:\\\/\\\/tiketi.com\\\/flying\\\/air-taxi\\\/tokyo\\\/#primaryimage\",\"url\":\"https:\\\/\\\/tiketi.com\\\/wp-content\\\/uploads\\\/2022\\\/01\\\/tokyo-4524260_1280.jpg\",\"contentUrl\":\"https:\\\/\\\/tiketi.com\\\/wp-content\\\/uploads\\\/2022\\\/01\\\/tokyo-4524260_1280.jpg\",\"width\":1200,\"height\":202,\"caption\":\"Air Taxi in Tokyo City\"},{\"@type\":\"BreadcrumbList\",\"@id\":\"https:\\\/\\\/tiketi.com\\\/flying\\\/air-taxi\\\/tokyo\\\/#breadcrumb\",\"itemListElement\":[{\"@type\":\"ListItem\",\"position\":1,\"name\":\"Home\",\"item\":\"https:\\\/\\\/tiketi.com\\\/\"},{\"@type\":\"ListItem\",\"position\":2,\"name\":\"Flying\",\"item\":\"https:\\\/\\\/tiketi.com\\\/fr-fr\\\/volants\\\/\"},{\"@type\":\"ListItem\",\"position\":3,\"name\":\"Air Taxi\",\"item\":\"https:\\\/\\\/tiketi.com\\\/flying\\\/air-taxi\\\/\"},{\"@type\":\"ListItem\",\"position\":4,\"name\":\"Fly Over Tokyo\u2019s Roads \u2013 Easy Air Taxi Tokyo Online Bookings\"}]},{\"@type\":\"WebSite\",\"@id\":\"https:\\\/\\\/tiketi.com\\\/#website\",\"url\":\"https:\\\/\\\/tiketi.com\\\/\",\"name\":\"Flight & Bus Tickets, Tour Packages & Activitites - Tiketi.com\",\"description\":\"Flight &amp; Bus Tickets, Tours, Activitites\",\"publisher\":{\"@id\":\"https:\\\/\\\/tiketi.com\\\/#organization\"},\"potentialAction\":[{\"@type\":\"SearchAction\",\"target\":{\"@type\":\"EntryPoint\",\"urlTemplate\":\"https:\\\/\\\/tiketi.com\\\/?s={search_term_string}\"},\"query-input\":{\"@type\":\"PropertyValueSpecification\",\"valueRequired\":true,\"valueName\":\"search_term_string\"}}],\"inLanguage\":\"fr-FR\"},{\"@type\":\"Organization\",\"@id\":\"https:\\\/\\\/tiketi.com\\\/#organization\",\"name\":\"Tiketi.com\",\"alternateName\":\"Tiketi\",\"url\":\"https:\\\/\\\/tiketi.com\\\/\",\"logo\":{\"@type\":\"ImageObject\",\"inLanguage\":\"fr-FR\",\"@id\":\"https:\\\/\\\/tiketi.com\\\/#\\\/schema\\\/logo\\\/image\\\/\",\"url\":\"https:\\\/\\\/tiketi.com\\\/wp-content\\\/uploads\\\/2019\\\/05\\\/tiketi-logo-696.png\",\"contentUrl\":\"https:\\\/\\\/tiketi.com\\\/wp-content\\\/uploads\\\/2019\\\/05\\\/tiketi-logo-696.png\",\"width\":696,\"height\":696,\"caption\":\"Tiketi.com\"},\"image\":{\"@id\":\"https:\\\/\\\/tiketi.com\\\/#\\\/schema\\\/logo\\\/image\\\/\"},\"sameAs\":[\"https:\\\/\\\/www.facebook.com\\\/TiketiCom\\\/\"]}]}<\/script>\n<!-- \/ Yoast SEO plugin. -->","yoast_head_json":{"title":"Book an Air Taxi in Tokyo | Cheap Flying Taxi Fares","description":"Book an air taxi in Tokyo online with our app. Compare routes, fares, & flight tickets for air taxis, & find affordable flying taxi options","robots":{"index":"index","follow":"follow","max-snippet":"max-snippet:-1","max-image-preview":"max-image-preview:large","max-video-preview":"max-video-preview:-1"},"canonical":"https:\/\/tiketi.com\/fr-fr\/volants\/taxi-aerien\/tokyo\/","og_locale":"fr_FR","og_type":"article","og_title":"Book an Air Taxi in Tokyo | Cheap Flying Taxi Fares","og_description":"Book an air taxi in Tokyo online with our app. Compare routes, fares, & flight tickets for air taxis, & find affordable flying taxi options","og_url":"https:\/\/tiketi.com\/fr-fr\/volants\/taxi-aerien\/tokyo\/","og_site_name":"Tiketi.com","article_publisher":"https:\/\/www.facebook.com\/TiketiCom\/","article_modified_time":"2025-07-09T08:49:23+00:00","og_image":[{"width":1200,"height":202,"url":"https:\/\/tiketi.com\/wp-content\/uploads\/2022\/01\/tokyo-4524260_1280.jpg","type":"image\/jpeg"}],"twitter_card":"summary_large_image","twitter_misc":{"Dur\u00e9e de lecture estim\u00e9e":"6 minutes"},"schema":{"@context":"https:\/\/schema.org","@graph":[{"@type":"WebPage","@id":"https:\/\/tiketi.com\/flying\/air-taxi\/tokyo\/","url":"https:\/\/tiketi.com\/flying\/air-taxi\/tokyo\/","name":"Book an Air Taxi in Tokyo | Cheap Flying Taxi Fares","isPartOf":{"@id":"https:\/\/tiketi.com\/#website"},"primaryImageOfPage":{"@id":"https:\/\/tiketi.com\/flying\/air-taxi\/tokyo\/#primaryimage"},"image":{"@id":"https:\/\/tiketi.com\/flying\/air-taxi\/tokyo\/#primaryimage"},"thumbnailUrl":"https:\/\/tiketi.com\/wp-content\/uploads\/2022\/01\/tokyo-4524260_1280.jpg","datePublished":"2022-01-19T11:53:43+00:00","dateModified":"2025-07-09T08:49:23+00:00","description":"Book an air taxi in Tokyo online with our app. Compare routes, fares, & flight tickets for air taxis, & find affordable flying taxi options","breadcrumb":{"@id":"https:\/\/tiketi.com\/flying\/air-taxi\/tokyo\/#breadcrumb"},"inLanguage":"fr-FR","potentialAction":[{"@type":"ReadAction","target":["https:\/\/tiketi.com\/flying\/air-taxi\/tokyo\/"]}]},{"@type":"ImageObject","inLanguage":"fr-FR","@id":"https:\/\/tiketi.com\/flying\/air-taxi\/tokyo\/#primaryimage","url":"https:\/\/tiketi.com\/wp-content\/uploads\/2022\/01\/tokyo-4524260_1280.jpg","contentUrl":"https:\/\/tiketi.com\/wp-content\/uploads\/2022\/01\/tokyo-4524260_1280.jpg","width":1200,"height":202,"caption":"Air Taxi in Tokyo City"},{"@type":"BreadcrumbList","@id":"https:\/\/tiketi.com\/flying\/air-taxi\/tokyo\/#breadcrumb","itemListElement":[{"@type":"ListItem","position":1,"name":"Home","item":"https:\/\/tiketi.com\/"},{"@type":"ListItem","position":2,"name":"Flying","item":"https:\/\/tiketi.com\/fr-fr\/volants\/"},{"@type":"ListItem","position":3,"name":"Air Taxi","item":"https:\/\/tiketi.com\/flying\/air-taxi\/"},{"@type":"ListItem","position":4,"name":"Fly Over Tokyo\u2019s Roads \u2013 Easy Air Taxi Tokyo Online Bookings"}]},{"@type":"WebSite","@id":"https:\/\/tiketi.com\/#website","url":"https:\/\/tiketi.com\/","name":"Billets d&#039;avion et de bus, forfaits touristiques et activit\u00e9s - Tiketi.com","description":"Billets d&#039;avion et de bus, Tours, Activit\u00e9s","publisher":{"@id":"https:\/\/tiketi.com\/#organization"},"potentialAction":[{"@type":"SearchAction","target":{"@type":"EntryPoint","urlTemplate":"https:\/\/tiketi.com\/?s={search_term_string}"},"query-input":{"@type":"PropertyValueSpecification","valueRequired":true,"valueName":"search_term_string"}}],"inLanguage":"fr-FR"},{"@type":"Organization","@id":"https:\/\/tiketi.com\/#organization","name":"Tiketi.com","alternateName":"Tiketi","url":"https:\/\/tiketi.com\/","logo":{"@type":"ImageObject","inLanguage":"fr-FR","@id":"https:\/\/tiketi.com\/#\/schema\/logo\/image\/","url":"https:\/\/tiketi.com\/wp-content\/uploads\/2019\/05\/tiketi-logo-696.png","contentUrl":"https:\/\/tiketi.com\/wp-content\/uploads\/2019\/05\/tiketi-logo-696.png","width":696,"height":696,"caption":"Tiketi.com"},"image":{"@id":"https:\/\/tiketi.com\/#\/schema\/logo\/image\/"},"sameAs":["https:\/\/www.facebook.com\/TiketiCom\/"]}]}},"_links":{"self":[{"href":"https:\/\/tiketi.com\/fr-fr\/wp-json\/wp\/v2\/pages\/10718","targetHints":{"allow":["GET"]}}],"collection":[{"href":"https:\/\/tiketi.com\/fr-fr\/wp-json\/wp\/v2\/pages"}],"about":[{"href":"https:\/\/tiketi.com\/fr-fr\/wp-json\/wp\/v2\/types\/page"}],"author":[{"embeddable":true,"href":"https:\/\/tiketi.com\/fr-fr\/wp-json\/wp\/v2\/users\/1"}],"replies":[{"embeddable":true,"href":"https:\/\/tiketi.com\/fr-fr\/wp-json\/wp\/v2\/comments?post=10718"}],"version-history":[{"count":5,"href":"https:\/\/tiketi.com\/fr-fr\/wp-json\/wp\/v2\/pages\/10718\/revisions"}],"predecessor-version":[{"id":31831,"href":"https:\/\/tiketi.com\/fr-fr\/wp-json\/wp\/v2\/pages\/10718\/revisions\/31831"}],"up":[{"embeddable":true,"href":"https:\/\/tiketi.com\/fr-fr\/wp-json\/wp\/v2\/pages\/25621"}],"wp:featuredmedia":[{"embeddable":true,"href":"https:\/\/tiketi.com\/fr-fr\/wp-json\/wp\/v2\/media\/14276"}],"wp:attachment":[{"href":"https:\/\/tiketi.com\/fr-fr\/wp-json\/wp\/v2\/media?parent=10718"}],"curies":[{"name":"wp","href":"https:\/\/api.w.org\/{rel}","templated":true}]}}