{"id":10719,"date":"2022-01-19T12:53:43","date_gmt":"2022-01-19T11:53:43","guid":{"rendered":"https:\/\/new.tiketi.com\/sweden-air-taxi-booking-app-electric-flying-taxis\/"},"modified":"2022-10-14T13:05:51","modified_gmt":"2022-10-14T12:05:51","slug":"sweden","status":"publish","type":"page","link":"https:\/\/tiketi.com\/fr-fr\/volants\/taxi-aerien\/sweden\/","title":{"rendered":"Taxi a\u00e9rien en Su\u00e8de R\u00e9servation en ligne - Itin\u00e9raires de vol, horaires et tarifs"},"content":{"rendered":"<h2 class=\"wp-block-heading\" id=\"electric-sweden-air-taxi-booking-app\">Application de r\u00e9servation de taxi a\u00e9rien Electric Sweden<\/h2>\r\n\r\n\r\n\r\n<p>Le service d&#039;application de r\u00e9servation en ligne de taxi a\u00e9rien \u00e9lectrique en Su\u00e8de permettra aux utilisateurs de r\u00e9server des billets d&#039;avion de taxi volant \u00e9lectrique en Su\u00e8de, qui sera bient\u00f4t lanc\u00e9 dans les grandes villes et les zones m\u00e9tropolitaines de Su\u00e8de. Les taxis a\u00e9riens autonomes en Su\u00e8de permettent de voyager pas cher et rapidement en Su\u00e8de. Sp\u00e9ciale, tranquille et dot\u00e9e d&#039;un design impeccable et de certains des paysages et des villes pr\u00e9serv\u00e9s de la plan\u00e8te, la Su\u00e8de ne ressemble vraiment \u00e0 aucun autre endroit. Abritant lkea, Abba et Volvo, le pays poss\u00e8de \u00e9galement d&#039;innombrables for\u00eats d&#039;un vert profond, des sommets enneig\u00e9s, des lacs cristallins, des centaines de milliers d&#039;\u00eeles exquises, des aurores bor\u00e9ales et une partie de l&#039;air r\u00e9el que vous respirerez jamais. Il y a juste quelque chose dans ces pays nordiques de r\u00eave qui semblent toujours m&#039;attirer et capturer mon c\u0153ur. Comme pour tant d&#039;autres choses, vous pourrez faire \u00e0 tout moment et n&#039;importe o\u00f9 la r\u00e9servation d&#039;un taxi a\u00e9rien par drone en Su\u00e8de pour votre vol en taxi a\u00e9rien \u00e9lectrique.<\/p>\r\n\r\n\r\n\r\n<h2 class=\"wp-block-heading\" id=\"here-some-of-the-advantages-of-electric-flying-taxi-in-sweden\">Voici quelques-uns des avantages du taxi volant \u00e9lectrique en Su\u00e8de<\/h2>\r\n\r\n\r\n\r\n<h3 class=\"wp-block-heading\" id=\"what-are-electric-air-taxis-in-sweden\">Que sont les taxis a\u00e9riens \u00e9lectriques en Su\u00e8de ?<\/h3>\r\n\r\n\r\n\r\n<p>La flotte de v\u00e9hicules a\u00e9riens autonomes \u00e0 d\u00e9collage et atterrissage verticaux rassemble des capacit\u00e9s d&#039;avion, d&#039;h\u00e9licopt\u00e8re et de v\u00e9hicule a\u00e9rien sans pilote sur une seule plate-forme, en utilisant la technologie blockchain pour faire fonctionner ses avions.<\/p>\r\n\r\n\r\n\r\n\r\n\r\n<h3 class=\"wp-block-heading\" id=\"what-is-the-specs-of-autonomous-air-taxis-in-sweden\">Quelles sont les caract\u00e9ristiques des taxis a\u00e9riens autonomes en Su\u00e8de ?<\/h3>\r\n\r\n\r\n\r\n<p>Les tarifs des taxis a\u00e9riens pour drones en Su\u00e8de sont plus abordables pour les vols d&#039;aviation priv\u00e9e et d&#039;affaires court-courrier que les gros jets. La petite taille et la maniabilit\u00e9 des taxis volants \u00e9lectriques en Su\u00e8de leur permettent d&#039;acc\u00e9der aux h\u00e9liports sur les grands immeubles de la ville, d&#039;atterrir dans des endroits difficiles d&#039;acc\u00e8s et des sites avec peu ou pas d&#039;infrastructures telles que des plates-formes ou des mines. Si vous cherchez un moyen abordable d&#039;affr\u00e9ter un avion priv\u00e9 pour un petit voyage, alors une application de taxis a\u00e9riens \u00e9lectriques en Su\u00e8de est un choix parfait pour vous.<\/p>\r\n\r\n\r\n\r\n<h3 class=\"wp-block-heading\" id=\"is-electric-flying-taxis-in-sweden-cost-effective\">Les taxis volants \u00e9lectriques en Su\u00e8de sont-ils rentables ?<\/h3>\r\n\r\n\r\n\r\n<p>Leurs capacit\u00e9s et leur taille leur permettent \u00e9galement d&#039;atterrir et de d\u00e9coller \u00e0 partir de petites pistes et pistes d&#039;atterrissage, offrant g\u00e9n\u00e9ralement aux passagers un acc\u00e8s \u00e0 un a\u00e9roport domestique plus petit, plus proche de leur destination finale que des hubs plus fr\u00e9quent\u00e9s et plus c\u00e9l\u00e8bres.<\/p>\r\n<h3>Combien co\u00fbtera un taxi volant \u00e9lectrique en Su\u00e8de ?<\/h3>\r\n\r\n\r\n\r\n<p>Au d\u00e9part, les taxis a\u00e9riens en Su\u00e8de co\u00fbteront environ $5,73 par passager-mile. Le prix du taxi drone en Su\u00e8de chutera ensuite \u00e0 $1,85 par mile passager avant d&#039;atteindre finalement le tarif incroyable du client de $0,44 par mile. Vous pouvez facilement r\u00e9server des billets d&#039;avion pour drone a\u00e9rien via des taxis volants \u00e9lectriques en Su\u00e8de.<\/p>\r\n\r\n\r\n\r\n<h2 class=\"wp-block-heading\" id=\"advantages-of-electric-sweden-air-taxi-booking-app\">Avantages de l&#039;application de r\u00e9servation de taxi a\u00e9rien \u00e9lectrique en Su\u00e8de<\/h2>\r\n\r\n\r\n\r\n<p>Parmi ses autres avantages, la r\u00e9servation en ligne de taxi drone en Su\u00e8de pourrait fournir un boom \u00e9conomique en augmentant le nombre de personnes se dirigeant vers des lieux de loisirs et de tourisme qui ne sont pas \u00e0 proximit\u00e9 des grands a\u00e9roports.<\/p>\r\n\r\n\r\n\r\n<h3 class=\"wp-block-heading\" id=\"would-drone-air-taxi-in-sweden-online-booking-app-be-used-to-book-a-electric-air-taxi-flight\">L&#039;application de r\u00e9servation en ligne de drone a\u00e9rien en Su\u00e8de serait-elle utilis\u00e9e pour r\u00e9server des billets d&#039;avion en taxi a\u00e9rien \u00e9lectrique\u00a0?<\/h3>\r\n\r\n\r\n\r\n<p>Oui, les clients peuvent utiliser de mani\u00e8re transparente l&#039;application de r\u00e9servation de taxis a\u00e9riens \u00e9lectriques en Su\u00e8de pour trouver le meilleur itin\u00e9raire et r\u00e9server un taxi volant avec des billets d&#039;avion en Su\u00e8de \u00e0 tout moment et n&#039;importe o\u00f9.<\/p>","protected":false},"excerpt":{"rendered":"<p>Electric Sweden air taxi booking app Electric air taxi in Sweden online booking app service will enable users to book electric flying taxi in Sweden flight tickets, launching in major cities and metropolitan areas in Sweden soon. Autonomous air taxis in Sweden makes possible to travel cheap and fast in Sweden. Special, tranquil, and packed [&hellip;]<\/p>\n","protected":false},"author":1,"featured_media":13927,"parent":25621,"menu_order":0,"comment_status":"open","ping_status":"closed","template":"template-home-modern.php","meta":{"footnotes":""},"class_list":["post-10719","page","type-page","status-publish","has-post-thumbnail","hentry"],"yoast_head":"<!-- This site is optimized with the Yoast SEO plugin v27.3 - https:\/\/yoast.com\/product\/yoast-seo-wordpress\/ -->\n<title>Air Taxi in Sweden Booking - Flying Routes, Schedule &amp; Fares<\/title>\n<meta name=\"description\" content=\"Looking for drone air taxi in Sweden online booking app, routes, schedule &amp; fares? Compare air taxis flight tickets and book cheap flying taxi in Sweden\" \/>\n<meta name=\"robots\" content=\"index, follow, max-snippet:-1, max-image-preview:large, max-video-preview:-1\" \/>\n<link rel=\"canonical\" href=\"https:\/\/tiketi.com\/fr-fr\/volants\/taxi-aerien\/sweden\/\" \/>\n<meta property=\"og:locale\" content=\"fr_FR\" \/>\n<meta property=\"og:type\" content=\"article\" \/>\n<meta property=\"og:title\" content=\"Air Taxi in Sweden Booking - Flying Routes, Schedule &amp; Fares\" \/>\n<meta property=\"og:description\" content=\"Looking for drone air taxi in Sweden online booking app, routes, schedule &amp; fares? Compare air taxis flight tickets and book cheap flying taxi in Sweden\" \/>\n<meta property=\"og:url\" content=\"https:\/\/tiketi.com\/fr-fr\/volants\/taxi-aerien\/sweden\/\" \/>\n<meta property=\"og:site_name\" content=\"Tiketi.com\" \/>\n<meta property=\"article:publisher\" content=\"https:\/\/www.facebook.com\/TiketiCom\/\" \/>\n<meta property=\"article:modified_time\" content=\"2022-10-14T12:05:51+00:00\" \/>\n<meta property=\"og:image\" content=\"https:\/\/tiketi.com\/wp-content\/uploads\/2022\/01\/stockholm.jpg\" \/>\n\t<meta property=\"og:image:width\" content=\"1200\" \/>\n\t<meta property=\"og:image:height\" content=\"223\" \/>\n\t<meta property=\"og:image:type\" content=\"image\/jpeg\" \/>\n<meta name=\"twitter:card\" content=\"summary_large_image\" \/>\n<meta name=\"twitter:label1\" content=\"Dur\u00e9e de lecture estim\u00e9e\" \/>\n\t<meta name=\"twitter:data1\" content=\"3 minutes\" \/>\n<script type=\"application\/ld+json\" class=\"yoast-schema-graph\">{\"@context\":\"https:\\\/\\\/schema.org\",\"@graph\":[{\"@type\":\"WebPage\",\"@id\":\"https:\\\/\\\/tiketi.com\\\/flying\\\/air-taxi\\\/sweden\\\/\",\"url\":\"https:\\\/\\\/tiketi.com\\\/flying\\\/air-taxi\\\/sweden\\\/\",\"name\":\"Air Taxi in Sweden Booking - Flying Routes, Schedule & Fares\",\"isPartOf\":{\"@id\":\"https:\\\/\\\/tiketi.com\\\/#website\"},\"primaryImageOfPage\":{\"@id\":\"https:\\\/\\\/tiketi.com\\\/flying\\\/air-taxi\\\/sweden\\\/#primaryimage\"},\"image\":{\"@id\":\"https:\\\/\\\/tiketi.com\\\/flying\\\/air-taxi\\\/sweden\\\/#primaryimage\"},\"thumbnailUrl\":\"https:\\\/\\\/tiketi.com\\\/wp-content\\\/uploads\\\/2022\\\/01\\\/stockholm.jpg\",\"datePublished\":\"2022-01-19T11:53:43+00:00\",\"dateModified\":\"2022-10-14T12:05:51+00:00\",\"description\":\"Looking for drone air taxi in Sweden online booking app, routes, schedule & fares? Compare air taxis flight tickets and book cheap flying taxi in Sweden\",\"breadcrumb\":{\"@id\":\"https:\\\/\\\/tiketi.com\\\/flying\\\/air-taxi\\\/sweden\\\/#breadcrumb\"},\"inLanguage\":\"fr-FR\",\"potentialAction\":[{\"@type\":\"ReadAction\",\"target\":[\"https:\\\/\\\/tiketi.com\\\/flying\\\/air-taxi\\\/sweden\\\/\"]}]},{\"@type\":\"ImageObject\",\"inLanguage\":\"fr-FR\",\"@id\":\"https:\\\/\\\/tiketi.com\\\/flying\\\/air-taxi\\\/sweden\\\/#primaryimage\",\"url\":\"https:\\\/\\\/tiketi.com\\\/wp-content\\\/uploads\\\/2022\\\/01\\\/stockholm.jpg\",\"contentUrl\":\"https:\\\/\\\/tiketi.com\\\/wp-content\\\/uploads\\\/2022\\\/01\\\/stockholm.jpg\",\"width\":1200,\"height\":223,\"caption\":\"Air Taxi in Stockholm\"},{\"@type\":\"BreadcrumbList\",\"@id\":\"https:\\\/\\\/tiketi.com\\\/flying\\\/air-taxi\\\/sweden\\\/#breadcrumb\",\"itemListElement\":[{\"@type\":\"ListItem\",\"position\":1,\"name\":\"Home\",\"item\":\"https:\\\/\\\/tiketi.com\\\/\"},{\"@type\":\"ListItem\",\"position\":2,\"name\":\"Flying\",\"item\":\"https:\\\/\\\/tiketi.com\\\/fr-fr\\\/volants\\\/\"},{\"@type\":\"ListItem\",\"position\":3,\"name\":\"Air Taxi\",\"item\":\"https:\\\/\\\/tiketi.com\\\/flying\\\/air-taxi\\\/\"},{\"@type\":\"ListItem\",\"position\":4,\"name\":\"Air Taxi in Sweden Online Booking &#8211; Flying Routes, Schedule &#038; Fares\"}]},{\"@type\":\"WebSite\",\"@id\":\"https:\\\/\\\/tiketi.com\\\/#website\",\"url\":\"https:\\\/\\\/tiketi.com\\\/\",\"name\":\"Flight & Bus Tickets, Tour Packages & Activitites - Tiketi.com\",\"description\":\"Flight &amp; Bus Tickets, Tours, Activitites\",\"publisher\":{\"@id\":\"https:\\\/\\\/tiketi.com\\\/#organization\"},\"potentialAction\":[{\"@type\":\"SearchAction\",\"target\":{\"@type\":\"EntryPoint\",\"urlTemplate\":\"https:\\\/\\\/tiketi.com\\\/?s={search_term_string}\"},\"query-input\":{\"@type\":\"PropertyValueSpecification\",\"valueRequired\":true,\"valueName\":\"search_term_string\"}}],\"inLanguage\":\"fr-FR\"},{\"@type\":\"Organization\",\"@id\":\"https:\\\/\\\/tiketi.com\\\/#organization\",\"name\":\"Tiketi.com\",\"alternateName\":\"Tiketi\",\"url\":\"https:\\\/\\\/tiketi.com\\\/\",\"logo\":{\"@type\":\"ImageObject\",\"inLanguage\":\"fr-FR\",\"@id\":\"https:\\\/\\\/tiketi.com\\\/#\\\/schema\\\/logo\\\/image\\\/\",\"url\":\"https:\\\/\\\/tiketi.com\\\/wp-content\\\/uploads\\\/2019\\\/05\\\/tiketi-logo-696.png\",\"contentUrl\":\"https:\\\/\\\/tiketi.com\\\/wp-content\\\/uploads\\\/2019\\\/05\\\/tiketi-logo-696.png\",\"width\":696,\"height\":696,\"caption\":\"Tiketi.com\"},\"image\":{\"@id\":\"https:\\\/\\\/tiketi.com\\\/#\\\/schema\\\/logo\\\/image\\\/\"},\"sameAs\":[\"https:\\\/\\\/www.facebook.com\\\/TiketiCom\\\/\"]}]}<\/script>\n<!-- \/ Yoast SEO plugin. -->","yoast_head_json":{"title":"Taxi a\u00e9rien en Su\u00e8de R\u00e9servation - Itin\u00e9raires de vol, horaires et tarifs","description":"Vous recherchez une application de r\u00e9servation en ligne de taxi a\u00e9rien drone en Su\u00e8de, des itin\u00e9raires, des horaires et des tarifs\u00a0? Comparez les billets d&#039;avion des taxis a\u00e9riens et r\u00e9servez un taxi volant pas cher en Su\u00e8de","robots":{"index":"index","follow":"follow","max-snippet":"max-snippet:-1","max-image-preview":"max-image-preview:large","max-video-preview":"max-video-preview:-1"},"canonical":"https:\/\/tiketi.com\/fr-fr\/volants\/taxi-aerien\/sweden\/","og_locale":"fr_FR","og_type":"article","og_title":"Air Taxi in Sweden Booking - Flying Routes, Schedule & Fares","og_description":"Looking for drone air taxi in Sweden online booking app, routes, schedule & fares? Compare air taxis flight tickets and book cheap flying taxi in Sweden","og_url":"https:\/\/tiketi.com\/fr-fr\/volants\/taxi-aerien\/sweden\/","og_site_name":"Tiketi.com","article_publisher":"https:\/\/www.facebook.com\/TiketiCom\/","article_modified_time":"2022-10-14T12:05:51+00:00","og_image":[{"width":1200,"height":223,"url":"https:\/\/tiketi.com\/wp-content\/uploads\/2022\/01\/stockholm.jpg","type":"image\/jpeg"}],"twitter_card":"summary_large_image","twitter_misc":{"Dur\u00e9e de lecture estim\u00e9e":"3 minutes"},"schema":{"@context":"https:\/\/schema.org","@graph":[{"@type":"WebPage","@id":"https:\/\/tiketi.com\/flying\/air-taxi\/sweden\/","url":"https:\/\/tiketi.com\/flying\/air-taxi\/sweden\/","name":"Taxi a\u00e9rien en Su\u00e8de R\u00e9servation - Itin\u00e9raires de vol, horaires et tarifs","isPartOf":{"@id":"https:\/\/tiketi.com\/#website"},"primaryImageOfPage":{"@id":"https:\/\/tiketi.com\/flying\/air-taxi\/sweden\/#primaryimage"},"image":{"@id":"https:\/\/tiketi.com\/flying\/air-taxi\/sweden\/#primaryimage"},"thumbnailUrl":"https:\/\/tiketi.com\/wp-content\/uploads\/2022\/01\/stockholm.jpg","datePublished":"2022-01-19T11:53:43+00:00","dateModified":"2022-10-14T12:05:51+00:00","description":"Vous recherchez une application de r\u00e9servation en ligne de taxi a\u00e9rien drone en Su\u00e8de, des itin\u00e9raires, des horaires et des tarifs\u00a0? Comparez les billets d&#039;avion des taxis a\u00e9riens et r\u00e9servez un taxi volant pas cher en Su\u00e8de","breadcrumb":{"@id":"https:\/\/tiketi.com\/flying\/air-taxi\/sweden\/#breadcrumb"},"inLanguage":"fr-FR","potentialAction":[{"@type":"ReadAction","target":["https:\/\/tiketi.com\/flying\/air-taxi\/sweden\/"]}]},{"@type":"ImageObject","inLanguage":"fr-FR","@id":"https:\/\/tiketi.com\/flying\/air-taxi\/sweden\/#primaryimage","url":"https:\/\/tiketi.com\/wp-content\/uploads\/2022\/01\/stockholm.jpg","contentUrl":"https:\/\/tiketi.com\/wp-content\/uploads\/2022\/01\/stockholm.jpg","width":1200,"height":223,"caption":"Air Taxi in Stockholm"},{"@type":"BreadcrumbList","@id":"https:\/\/tiketi.com\/flying\/air-taxi\/sweden\/#breadcrumb","itemListElement":[{"@type":"ListItem","position":1,"name":"Home","item":"https:\/\/tiketi.com\/"},{"@type":"ListItem","position":2,"name":"Flying","item":"https:\/\/tiketi.com\/fr-fr\/volants\/"},{"@type":"ListItem","position":3,"name":"Air Taxi","item":"https:\/\/tiketi.com\/flying\/air-taxi\/"},{"@type":"ListItem","position":4,"name":"Air Taxi in Sweden Online Booking &#8211; Flying Routes, Schedule &#038; Fares"}]},{"@type":"WebSite","@id":"https:\/\/tiketi.com\/#website","url":"https:\/\/tiketi.com\/","name":"Billets d&#039;avion et de bus, forfaits touristiques et activit\u00e9s - Tiketi.com","description":"Billets d&#039;avion et de bus, Tours, Activit\u00e9s","publisher":{"@id":"https:\/\/tiketi.com\/#organization"},"potentialAction":[{"@type":"SearchAction","target":{"@type":"EntryPoint","urlTemplate":"https:\/\/tiketi.com\/?s={search_term_string}"},"query-input":{"@type":"PropertyValueSpecification","valueRequired":true,"valueName":"search_term_string"}}],"inLanguage":"fr-FR"},{"@type":"Organization","@id":"https:\/\/tiketi.com\/#organization","name":"Tiketi.com","alternateName":"Tiketi","url":"https:\/\/tiketi.com\/","logo":{"@type":"ImageObject","inLanguage":"fr-FR","@id":"https:\/\/tiketi.com\/#\/schema\/logo\/image\/","url":"https:\/\/tiketi.com\/wp-content\/uploads\/2019\/05\/tiketi-logo-696.png","contentUrl":"https:\/\/tiketi.com\/wp-content\/uploads\/2019\/05\/tiketi-logo-696.png","width":696,"height":696,"caption":"Tiketi.com"},"image":{"@id":"https:\/\/tiketi.com\/#\/schema\/logo\/image\/"},"sameAs":["https:\/\/www.facebook.com\/TiketiCom\/"]}]}},"_links":{"self":[{"href":"https:\/\/tiketi.com\/fr-fr\/wp-json\/wp\/v2\/pages\/10719","targetHints":{"allow":["GET"]}}],"collection":[{"href":"https:\/\/tiketi.com\/fr-fr\/wp-json\/wp\/v2\/pages"}],"about":[{"href":"https:\/\/tiketi.com\/fr-fr\/wp-json\/wp\/v2\/types\/page"}],"author":[{"embeddable":true,"href":"https:\/\/tiketi.com\/fr-fr\/wp-json\/wp\/v2\/users\/1"}],"replies":[{"embeddable":true,"href":"https:\/\/tiketi.com\/fr-fr\/wp-json\/wp\/v2\/comments?post=10719"}],"version-history":[{"count":0,"href":"https:\/\/tiketi.com\/fr-fr\/wp-json\/wp\/v2\/pages\/10719\/revisions"}],"up":[{"embeddable":true,"href":"https:\/\/tiketi.com\/fr-fr\/wp-json\/wp\/v2\/pages\/25621"}],"wp:featuredmedia":[{"embeddable":true,"href":"https:\/\/tiketi.com\/fr-fr\/wp-json\/wp\/v2\/media\/13927"}],"wp:attachment":[{"href":"https:\/\/tiketi.com\/fr-fr\/wp-json\/wp\/v2\/media?parent=10719"}],"curies":[{"name":"wp","href":"https:\/\/api.w.org\/{rel}","templated":true}]}}