{"id":10720,"date":"2022-01-19T12:53:43","date_gmt":"2022-01-19T11:53:43","guid":{"rendered":"https:\/\/new.tiketi.com\/spain-air-taxi-booking-app-electric-flying-taxis\/"},"modified":"2025-07-22T10:52:37","modified_gmt":"2025-07-22T09:52:37","slug":"spain","status":"publish","type":"page","link":"https:\/\/tiketi.com\/fr-fr\/volants\/taxi-aerien\/spain\/","title":{"rendered":"Fly Over Spain\u2019s Roads \u2013 Easy Air Taxi Spain Online Bookings"},"content":{"rendered":"<h2 class=\"wp-block-heading\">Book a Flying Taxi in Spain \u2013 Fast, Green, and Affordable Urban Travel<\/h2>\r\n<p>The Cheap air taxi in Spain online booking app allows users to easily reserve helicopter and flying taxi flight tickets. Air taxis in Spain make it possible to travel quickly and affordably across the city. <span style=\"font-size: 16px;\">Passengers will be capable to book the electric-run jets via air taxi Spain app anytime, anywhere. British visitors love to visit Spain, mostly because of its remarkable weather and great holiday resorts. Now that travelling has got cheaper and cheaper, more visitors are taking the chance to visit some of Spain most famous tourist attractions and not just during the hot months, but all through the year. Not only does Spain have charming coastline, but it is also home to great museums, famous buildings and it is popular for its outrageous traditions and events. Just like many other services, you&#8217;ll be able to make a Spain air taxi booking anytime, anywhere, through the app for your electric air taxi flight.<\/span><\/p>\r\n<h2>Pourquoi choisir un taxi volant ?<\/h2>\r\n<ul>\r\n<li><strong>Gagnez du temps<\/strong> \u2013 Skip the traffic and get to your destination in minutes instead of hours.<\/li>\r\n<li><strong>\u00c9cologique<\/strong> \u2013 All-electric aircraft produce zero emissions and operate nearly silently.<\/li>\r\n<li><strong>Certified Safe<\/strong> \u2013 Flights are piloted by licensed experts with aerospace-grade safety systems.<\/li>\r\n<li><strong>Simple &amp; Premium<\/strong> \u2013 No more stress or delays. Enjoy seamless, on-demand air travel.<\/li>\r\n<\/ul>\r\n<h2>Comment fonctionne notre service de taxi a\u00e9rien ?<\/h2>\r\n<p>R\u00e9server votre taxi a\u00e9rien est aussi simple que de r\u00e9server une course\u00a0:<\/p>\r\n<ol>\r\n<li><strong>Ouvrez le <a href=\"https:\/\/tiketi.com\/fr-fr\/download-tiketi-app\/\" target=\"_blank\" rel=\"noopener\">Application Tiketi<\/a> ou site Web<\/strong><\/li>\r\n<li><strong>Choisissez votre d\u00e9part<\/strong> &#8211; Choose from Spain\u2019s growing network of vertiports (e.g., Madrid Barajas, Barcelona El Prat, Valencia Central).<\/li>\r\n<li><strong>Choisissez votre avion<\/strong> \u2013 Choisissez un \u00e9l\u00e9gant taxi a\u00e9rien tout \u00e9lectrique \u00e0 2 ou 4 places<\/li>\r\n<li><strong>Confirmer et partir<\/strong> \u2013 Book instantly, head to your departure point, and take off.<\/li>\r\n<\/ol>\r\n<p>Once you\u2019re airborne, you\u2019ll get stunning aerial views of Spain\u2019s famous landmarks\u2014from the iconic Sagrada Familia in Barcelona to the Royal Palace in Madrid\u2014arriving relaxed, refreshed, and on time.<\/p>\r\n<h2>Flying Taxi Routes in Spain &#8211; High-Flying Connections<\/h2>\r\n<p>Urban air mobility is growing fast across Spain. Initial and upcoming routes include:<\/p>\r\n<ul>\r\n<li><strong>Madrid Barajas \u2192 Cuatro Torres Business Area<\/strong> \u2013 ~10 minutes (vs. 45+ minutes by road)<\/li>\r\n<li><strong>Barcelona El Prat \u2192 Passeig de Gr\u00e0cia<\/strong> \u2013 environ 8 minutes<\/li>\r\n<li><strong>Valencia Central \u2192 Manises Airport<\/strong> \u2013 environ 12 minutes<\/li>\r\n<\/ul>\r\n<p>Future intercity routes in planning:<\/p>\r\n<ul>\r\n<li><strong>Madrid \u2192 Toledo<\/strong> (~20 minutes)<\/li>\r\n<li><strong>Barcelona \u2192 Girona<\/strong> (~30 minutes)<\/li>\r\n<li><strong>Valencia \u2192 Alicante<\/strong> (~30 minutes)<\/li>\r\n<\/ul>\r\n<p>With strong backing from Spain\u2019s Ministry of Transport and local governments, full-scale operations in major metropolitan areas like Madrid, Barcelona, and Valencia are set to launch within the next 2\u20133 years.<\/p>\r\n<h2>Options de tarification et de r\u00e9servation des taxis volants<\/h2>\r\n<p>Our pricing is designed to be competitive and accessible:<\/p>\r\n<p>\u2022 <strong>Tarifs actuels\u00a0:<\/strong> ~\u20ac5\u2013\u20ac10 per passenger-kilometer (with costs expected to drop as the network expands)<br \/>\u2022 <strong>Example: Madrid Barajas \u2192 Cuatro Torres Business Area<\/strong> (~15 km) = \u20ac75\u2013\u20ac150, which is comparable to a premium taxi or private car service.<\/p>\r\n<p>\u00c0 venir:<\/p>\r\n<ul>\r\n<li><strong>Subscription packages for daily commuters<\/strong><\/li>\r\n<li><strong>Forfaits entreprises et VIP<\/strong><\/li>\r\n<li><strong>Bulk purchase &amp; loyalty discounts<\/strong><\/li>\r\n<\/ul>\r\n<p>You can book via the app, website, or concierge, and request additional services like luggage handling, fast-track airport access, or hotel pickup.<\/p>\r\n<h2>Who\u2019s Powering Spain\u2019s Urban Air Revolution?<\/h2>\r\n<p>Meet the leaders pushing Spain\u2019s skies into the future:<\/p>\r\n<ul>\r\n<li><strong>Airbus Urban Mobility<\/strong> \u2013 The aerospace giant is developing eVTOLs in collaboration with Spain\u2019s aviation authorities, with plans for widespread deployment by 2026.<\/li>\r\n<li><strong>Aeroespacial and CityHawk<\/strong> \u2013 Spanish startups focused on electric air taxis, with test flights planned for 2025.<\/li>\r\n<li><strong>Local Governments<\/strong> \u2013 Madrid, Barcelona, and Valencia are investing heavily in infrastructure, airspace control systems, and regulatory frameworks to ensure smooth operations.<\/li>\r\n<\/ul>\r\n<h2>Foire aux questions<\/h2>\r\n<h3>Pourquoi prendre un taxi a\u00e9rien ?<\/h3>\r\n<p>Spain is known for its rich culture, history, and world-class food\u2014but its traffic problems are becoming just as famous. From Madrid\u2019s clogged Gran V\u00eda to Barcelona\u2019s endless queues along the coast, getting around Spain\u2019s bustling urban hubs can be a serious time-suck. Highways, packed metros, and long delays are simply a part of daily life in cities where the pace never slows.<\/p>\r\n<p>That\u2019s why flying makes more sense now than ever. Our electric vertical takeoff and landing (eVTOL) air taxis offer a faster, smarter way to travel, bypassing the traffic gridlock and reclaiming your valuable time. Whether you\u2019re heading to a business meeting, catching a flight, or just exploring, you can soar above the congestion and glide across the city in minutes\u2014not hours.<\/p>\r\n<h3>Est-ce s\u00fbr?<\/h3>\r\n<p>Oui. Tous les vols sont pilot\u00e9s par des professionnels certifi\u00e9s et respectent les normes de s\u00e9curit\u00e9 les plus strictes, avec de multiples syst\u00e8mes de s\u00e9curit\u00e9 redondants int\u00e9gr\u00e9s.<\/p>\r\n<h3>Les vols peuvent-ils \u00eatre assur\u00e9s par mauvais temps\u00a0?<\/h3>\r\n<p>Votre s\u00e9curit\u00e9 est notre priorit\u00e9 absolue. En cas d&#039;intemp\u00e9ries, nous vous en informerons imm\u00e9diatement et vous aiderons \u00e0 reporter votre r\u00e9servation ou \u00e0 obtenir un remboursement int\u00e9gral.<\/p>\r\n<h3>Puis-je apporter des bagages ?<\/h3>\r\n<p>Les bagages \u00e0 main sont les bienvenus. Pour les objets plus volumineux, nous organiserons leur transport terrestre jusqu&#039;\u00e0 votre destination.<\/p>\r\n\r\n\r\n\r\n<h2 class=\"wp-block-heading\" id=\"here-are-some-of-the-advantages-of-electric-flying-taxi-in-spain\">Voici quelques-uns des avantages du taxi volant \u00e9lectrique en Espagne<\/h2>\r\n\r\n\r\n\r\n<h3 class=\"wp-block-heading\" id=\"what-are-electric-air-taxis-in-spain\">Que sont les taxis a\u00e9riens \u00e9lectriques en Espagne ?<\/h3>\r\n\r\n\r\n\r\n<p>Les drones taxis a\u00e9riens sont un nouveau ph\u00e9nom\u00e8ne o\u00f9 des entreprises comme Uber et Boeing ont largement investi. Ces v\u00e9hicules, qui ressemblent \u00e0 des h\u00e9licopt\u00e8res et des avions de petite taille, pourraient \u00eatre utilis\u00e9s comme v\u00e9hicules de transport dans les ann\u00e9es \u00e0 venir. Les taxis volants en Espagne, destin\u00e9s \u00e0 simplement emmener les gens dans de grands endroits tels que les a\u00e9roports et les plages, peuvent \u00e9tonnamment r\u00e9duire le temps consacr\u00e9 au transport.<\/p>\r\n\r\n\r\n\r\n<h3 class=\"wp-block-heading\" id=\"is-the-electric-flying-taxi-in-spain-the-quickest-way-to-commute-to-work-without-a-train-or-car\">Le taxi volant \u00e9lectrique en Espagne est-il le moyen le plus rapide de se rendre au travail sans train ni voiture ?<\/h3>\r\n\r\n\r\n\r\n<p>Adapt\u00e9s aux trains ou aux voitures, les taxis a\u00e9riens en Espagne pourraient permettre une plus grande flexibilit\u00e9 des itin\u00e9raires tout en n\u00e9cessitant moins d&#039;infrastructures pour d\u00e9marrer. Cela signifie que les gens pourraient potentiellement vivre plus loin du travail tout en ayant besoin de peu de temps pour se d\u00e9placer pour \u00e0 peu pr\u00e8s le m\u00eame co\u00fbt que les choix de transport terrestre.<\/p>\r\n\r\n\r\n\r\n<h3 class=\"wp-block-heading\" id=\"what-is-the-speed-of-autonomous-air-taxis-in-spain\">Quelle est la vitesse des taxis a\u00e9riens autonomes en Espagne ?<\/h3>\r\n\r\n\r\n\r\n<p>Les taxis volants \u00e9lectriques en Espagne peuvent accueillir 5 personnes, y compris le pilote, et peuvent parcourir 300 km avec 1 charge de batterie, \u00e0 une vitesse de 300 km\/h. La conception du moteur et de l&#039;aile r\u00e9duit consid\u00e9rablement la consommation d&#039;\u00e9nergie, ce qui lui permet de fonctionner avec la technologie de batterie \u00e9lectrique existante. Et il d\u00e9colle et atterrit verticalement, ce qui signifie que le v\u00e9hicule aurait juste besoin d&#039;environ la m\u00eame surface.<\/p>\r\n<h3>Combien co\u00fbtera un taxi volant \u00e9lectrique en Espagne ?<\/h3>\r\n\r\n\r\n\r\n<p>Dans un premier temps, les drones taxis a\u00e9riens en Espagne co\u00fbteront environ $5,73 par passager-mile. Le drone-taxi en Espagne chutera ensuite \u00e0 $1,85 par mile passager avant d&#039;atteindre finalement le tarif incroyable du client de $0,44 par mile. Vous pouvez facilement r\u00e9server un taxi a\u00e9rien via des taxis volants \u00e9lectriques dans l&#039;application Espagne.<\/p>\r\n\r\n\r\n\r\n<h3 class=\"wp-block-heading\" id=\"advantages-of-electric-spain-air-taxi-booking-app\">What are the advantages of Spain air taxi booking app?<\/h3>\r\n\r\n\r\n\r\n<p>Parmi ses autres avantages, la r\u00e9servation en ligne de taxi drone en Espagne pourrait fournir un boom \u00e9conomique en augmentant le nombre de personnes se dirigeant vers des lieux de loisirs et de tourisme qui ne sont pas \u00e0 proximit\u00e9 des grands a\u00e9roports.<\/p>\r\n\r\n\r\n\r\n<h3 id=\"would-drone-air-taxi-in-dubai-online-booking-app-be-used-to-book-a-electric-air-taxi-flight\" class=\"wp-block-heading\">Can the air taxis in Spain online booking app be used to reserve electric air taxi flight tickets?<\/h3>\r\n\r\n\r\n\r\n<p>Oui, les clients peuvent utiliser de mani\u00e8re transparente l&#039;application de r\u00e9servation de taxis a\u00e9riens \u00e9lectriques en Espagne pour trouver le meilleur itin\u00e9raire et r\u00e9server un taxi volant avec drone en vol en Espagne \u00e0 tout moment et n&#039;importe o\u00f9.<\/p>\r\n<h2>Autres vols populaires en taxi a\u00e9rien<\/h2>\r\n<table style=\"width: 87.3307%; height: 72px;\" border=\"0\" cellspacing=\"1\" cellpadding=\"1\">\r\n<tbody>\r\n<tr style=\"height: 24px;\">\r\n<td style=\"height: 24px;\">Bon march\u00e9 <a href=\"https:\/\/tiketi.com\/fr-fr\/volants\/taxi-aerien\/madrid\/\" target=\"_blank\" rel=\"noopener\">air taxi in Madrid<\/a><\/td>\r\n<td style=\"width: 30px; height: 24px;\">\u00a0<\/td>\r\n<td style=\"height: 24px;\">Bon march\u00e9 <a href=\"https:\/\/tiketi.com\/fr-fr\/volants\/taxi-aerien\/barcelona\/\">air taxi in Barcelona<\/a><\/td>\r\n<td style=\"width: 30px; height: 24px;\">\u00a0<\/td>\r\n<td style=\"height: 24px;\">Bon march\u00e9 <a href=\"https:\/\/tiketi.com\/fr-fr\/volants\/taxi-aerien\/malaga\/\">air taxi in Malaga<\/a><\/td>\r\n<\/tr>\r\n<tr style=\"height: 24px;\">\r\n<td style=\"height: 24px;\">Bon march\u00e9 <a href=\"https:\/\/tiketi.com\/fr-fr\/volants\/taxi-aerien\/rome\/\" target=\"_blank\" rel=\"noopener\">taxi a\u00e9rien \u00e0 Rome<\/a><\/td>\r\n<td style=\"width: 30px; height: 24px;\">\u00a0<\/td>\r\n<td style=\"height: 24px;\">Bon march\u00e9 <a href=\"https:\/\/tiketi.com\/fr-fr\/volants\/taxi-aerien\/lisbon\/\" target=\"_blank\" rel=\"noopener\">air taxi in Lisbon<\/a><\/td>\r\n<td style=\"width: 30px; height: 24px;\">\u00a0<\/td>\r\n<td style=\"height: 24px;\">Bon march\u00e9 <a href=\"https:\/\/tiketi.com\/fr-fr\/volants\/taxi-aerien\/mallorca\/\" target=\"_blank\" rel=\"noopener\">air taxi in Mallorca<\/a><\/td>\r\n<\/tr>\r\n<tr style=\"height: 24px;\">\r\n<td style=\"height: 24px;\">Bon march\u00e9 <a href=\"https:\/\/tiketi.com\/fr-fr\/volants\/taxi-aerien\/paris\/\" target=\"_blank\" rel=\"noopener\">taxi a\u00e9rien \u00e0 Paris<\/a><\/td>\r\n<td style=\"width: 30px; height: 24px;\">\u00a0<\/td>\r\n<td style=\"height: 24px;\">Bon march\u00e9 <a href=\"https:\/\/tiketi.com\/fr-fr\/volants\/taxi-aerien\/berlin\/\" target=\"_blank\" rel=\"noopener\">taxi a\u00e9rien \u00e0 Berlin<\/a><\/td>\r\n<td style=\"width: 30px; height: 24px;\">\u00a0<\/td>\r\n<td style=\"height: 24px;\">Bon march\u00e9 <a href=\"https:\/\/tiketi.com\/fr-fr\/volants\/taxi-aerien\/athens\/\" target=\"_blank\" rel=\"noopener\">air taxi in Athens<\/a><\/td>\r\n<\/tr>\r\n<\/tbody>\r\n<\/table>\r\n<p>&nbsp;<\/p>\r\n<p>&nbsp;<\/p>","protected":false},"excerpt":{"rendered":"<p>Book a Flying Taxi in Spain \u2013 Fast, Green, and Affordable Urban Travel The Cheap air taxi in Spain online booking app allows users to easily reserve helicopter and flying taxi flight tickets. Air taxis in Spain make it possible to travel quickly and affordably across the city. Passengers will be capable to book the [&hellip;]<\/p>\n","protected":false},"author":1,"featured_media":14481,"parent":25621,"menu_order":0,"comment_status":"open","ping_status":"closed","template":"template-home-modern.php","meta":{"footnotes":""},"class_list":["post-10720","page","type-page","status-publish","has-post-thumbnail","hentry"],"yoast_head":"<!-- This site is optimized with the Yoast SEO plugin v27.2 - https:\/\/yoast.com\/product\/yoast-seo-wordpress\/ -->\n<title>Book an Air Taxi in Spain Online | Cheap Flying Taxi Fares<\/title>\n<meta name=\"description\" content=\"Book an air taxi in Spain online with our app. Compare routes, fares, &amp; flight tickets for air taxis, &amp; find affordable flying taxi options\" \/>\n<meta name=\"robots\" content=\"index, follow, max-snippet:-1, max-image-preview:large, max-video-preview:-1\" \/>\n<link rel=\"canonical\" href=\"https:\/\/tiketi.com\/fr-fr\/volants\/taxi-aerien\/spain\/\" \/>\n<meta property=\"og:locale\" content=\"fr_FR\" \/>\n<meta property=\"og:type\" content=\"article\" \/>\n<meta property=\"og:title\" content=\"Book an Air Taxi in Spain Online | Cheap Flying Taxi Fares\" \/>\n<meta property=\"og:description\" content=\"Book an air taxi in Spain online with our app. Compare routes, fares, &amp; flight tickets for air taxis, &amp; find affordable flying taxi options\" \/>\n<meta property=\"og:url\" content=\"https:\/\/tiketi.com\/fr-fr\/volants\/taxi-aerien\/spain\/\" \/>\n<meta property=\"og:site_name\" content=\"Tiketi.com\" \/>\n<meta property=\"article:publisher\" content=\"https:\/\/www.facebook.com\/TiketiCom\/\" \/>\n<meta property=\"article:modified_time\" content=\"2025-07-22T09:52:37+00:00\" \/>\n<meta property=\"og:image\" content=\"https:\/\/tiketi.com\/wp-content\/uploads\/2022\/01\/barcelona-3226639_1280.jpg\" \/>\n\t<meta property=\"og:image:width\" content=\"1200\" \/>\n\t<meta property=\"og:image:height\" content=\"219\" \/>\n\t<meta property=\"og:image:type\" content=\"image\/jpeg\" \/>\n<meta name=\"twitter:card\" content=\"summary_large_image\" \/>\n<meta name=\"twitter:label1\" content=\"Dur\u00e9e de lecture estim\u00e9e\" \/>\n\t<meta name=\"twitter:data1\" content=\"6 minutes\" \/>\n<script type=\"application\/ld+json\" class=\"yoast-schema-graph\">{\"@context\":\"https:\/\/schema.org\",\"@graph\":[{\"@type\":\"WebPage\",\"@id\":\"https:\/\/tiketi.com\/flying\/air-taxi\/spain\/\",\"url\":\"https:\/\/tiketi.com\/flying\/air-taxi\/spain\/\",\"name\":\"Book an Air Taxi in Spain Online | Cheap Flying Taxi Fares\",\"isPartOf\":{\"@id\":\"https:\/\/tiketi.com\/#website\"},\"primaryImageOfPage\":{\"@id\":\"https:\/\/tiketi.com\/flying\/air-taxi\/spain\/#primaryimage\"},\"image\":{\"@id\":\"https:\/\/tiketi.com\/flying\/air-taxi\/spain\/#primaryimage\"},\"thumbnailUrl\":\"https:\/\/tiketi.com\/wp-content\/uploads\/2022\/01\/barcelona-3226639_1280.jpg\",\"datePublished\":\"2022-01-19T11:53:43+00:00\",\"dateModified\":\"2025-07-22T09:52:37+00:00\",\"description\":\"Book an air taxi in Spain online with our app. Compare routes, fares, & flight tickets for air taxis, & find affordable flying taxi options\",\"breadcrumb\":{\"@id\":\"https:\/\/tiketi.com\/flying\/air-taxi\/spain\/#breadcrumb\"},\"inLanguage\":\"fr-FR\",\"potentialAction\":[{\"@type\":\"ReadAction\",\"target\":[\"https:\/\/tiketi.com\/flying\/air-taxi\/spain\/\"]}]},{\"@type\":\"ImageObject\",\"inLanguage\":\"fr-FR\",\"@id\":\"https:\/\/tiketi.com\/flying\/air-taxi\/spain\/#primaryimage\",\"url\":\"https:\/\/tiketi.com\/wp-content\/uploads\/2022\/01\/barcelona-3226639_1280.jpg\",\"contentUrl\":\"https:\/\/tiketi.com\/wp-content\/uploads\/2022\/01\/barcelona-3226639_1280.jpg\",\"width\":1200,\"height\":219,\"caption\":\"Air Taxi in Barcelona Booking\"},{\"@type\":\"BreadcrumbList\",\"@id\":\"https:\/\/tiketi.com\/flying\/air-taxi\/spain\/#breadcrumb\",\"itemListElement\":[{\"@type\":\"ListItem\",\"position\":1,\"name\":\"Home\",\"item\":\"https:\/\/tiketi.com\/\"},{\"@type\":\"ListItem\",\"position\":2,\"name\":\"Flying\",\"item\":\"https:\/\/tiketi.com\/fr-fr\/volants\/\"},{\"@type\":\"ListItem\",\"position\":3,\"name\":\"Air Taxi\",\"item\":\"https:\/\/tiketi.com\/flying\/air-taxi\/\"},{\"@type\":\"ListItem\",\"position\":4,\"name\":\"Fly Over Spain\u2019s Roads \u2013 Easy Air Taxi Spain Online Bookings\"}]},{\"@type\":\"WebSite\",\"@id\":\"https:\/\/tiketi.com\/#website\",\"url\":\"https:\/\/tiketi.com\/\",\"name\":\"Flight & Bus Tickets, Tour Packages & Activitites - Tiketi.com\",\"description\":\"Flight &amp; Bus Tickets, Tours, Activitites\",\"publisher\":{\"@id\":\"https:\/\/tiketi.com\/#organization\"},\"potentialAction\":[{\"@type\":\"SearchAction\",\"target\":{\"@type\":\"EntryPoint\",\"urlTemplate\":\"https:\/\/tiketi.com\/?s={search_term_string}\"},\"query-input\":{\"@type\":\"PropertyValueSpecification\",\"valueRequired\":true,\"valueName\":\"search_term_string\"}}],\"inLanguage\":\"fr-FR\"},{\"@type\":\"Organization\",\"@id\":\"https:\/\/tiketi.com\/#organization\",\"name\":\"Tiketi.com\",\"alternateName\":\"Tiketi\",\"url\":\"https:\/\/tiketi.com\/\",\"logo\":{\"@type\":\"ImageObject\",\"inLanguage\":\"fr-FR\",\"@id\":\"https:\/\/tiketi.com\/#\/schema\/logo\/image\/\",\"url\":\"https:\/\/tiketi.com\/wp-content\/uploads\/2019\/05\/tiketi-logo-696.png\",\"contentUrl\":\"https:\/\/tiketi.com\/wp-content\/uploads\/2019\/05\/tiketi-logo-696.png\",\"width\":696,\"height\":696,\"caption\":\"Tiketi.com\"},\"image\":{\"@id\":\"https:\/\/tiketi.com\/#\/schema\/logo\/image\/\"},\"sameAs\":[\"https:\/\/www.facebook.com\/TiketiCom\/\"]}]}<\/script>\n<!-- \/ Yoast SEO plugin. -->","yoast_head_json":{"title":"Book an Air Taxi in Spain Online | Cheap Flying Taxi Fares","description":"Book an air taxi in Spain online with our app. Compare routes, fares, & flight tickets for air taxis, & find affordable flying taxi options","robots":{"index":"index","follow":"follow","max-snippet":"max-snippet:-1","max-image-preview":"max-image-preview:large","max-video-preview":"max-video-preview:-1"},"canonical":"https:\/\/tiketi.com\/fr-fr\/volants\/taxi-aerien\/spain\/","og_locale":"fr_FR","og_type":"article","og_title":"Book an Air Taxi in Spain Online | Cheap Flying Taxi Fares","og_description":"Book an air taxi in Spain online with our app. Compare routes, fares, & flight tickets for air taxis, & find affordable flying taxi options","og_url":"https:\/\/tiketi.com\/fr-fr\/volants\/taxi-aerien\/spain\/","og_site_name":"Tiketi.com","article_publisher":"https:\/\/www.facebook.com\/TiketiCom\/","article_modified_time":"2025-07-22T09:52:37+00:00","og_image":[{"width":1200,"height":219,"url":"https:\/\/tiketi.com\/wp-content\/uploads\/2022\/01\/barcelona-3226639_1280.jpg","type":"image\/jpeg"}],"twitter_card":"summary_large_image","twitter_misc":{"Dur\u00e9e de lecture estim\u00e9e":"6 minutes"},"schema":{"@context":"https:\/\/schema.org","@graph":[{"@type":"WebPage","@id":"https:\/\/tiketi.com\/flying\/air-taxi\/spain\/","url":"https:\/\/tiketi.com\/flying\/air-taxi\/spain\/","name":"Book an Air Taxi in Spain Online | Cheap Flying Taxi Fares","isPartOf":{"@id":"https:\/\/tiketi.com\/#website"},"primaryImageOfPage":{"@id":"https:\/\/tiketi.com\/flying\/air-taxi\/spain\/#primaryimage"},"image":{"@id":"https:\/\/tiketi.com\/flying\/air-taxi\/spain\/#primaryimage"},"thumbnailUrl":"https:\/\/tiketi.com\/wp-content\/uploads\/2022\/01\/barcelona-3226639_1280.jpg","datePublished":"2022-01-19T11:53:43+00:00","dateModified":"2025-07-22T09:52:37+00:00","description":"Book an air taxi in Spain online with our app. Compare routes, fares, & flight tickets for air taxis, & find affordable flying taxi options","breadcrumb":{"@id":"https:\/\/tiketi.com\/flying\/air-taxi\/spain\/#breadcrumb"},"inLanguage":"fr-FR","potentialAction":[{"@type":"ReadAction","target":["https:\/\/tiketi.com\/flying\/air-taxi\/spain\/"]}]},{"@type":"ImageObject","inLanguage":"fr-FR","@id":"https:\/\/tiketi.com\/flying\/air-taxi\/spain\/#primaryimage","url":"https:\/\/tiketi.com\/wp-content\/uploads\/2022\/01\/barcelona-3226639_1280.jpg","contentUrl":"https:\/\/tiketi.com\/wp-content\/uploads\/2022\/01\/barcelona-3226639_1280.jpg","width":1200,"height":219,"caption":"Air Taxi in Barcelona Booking"},{"@type":"BreadcrumbList","@id":"https:\/\/tiketi.com\/flying\/air-taxi\/spain\/#breadcrumb","itemListElement":[{"@type":"ListItem","position":1,"name":"Home","item":"https:\/\/tiketi.com\/"},{"@type":"ListItem","position":2,"name":"Flying","item":"https:\/\/tiketi.com\/fr-fr\/volants\/"},{"@type":"ListItem","position":3,"name":"Air Taxi","item":"https:\/\/tiketi.com\/flying\/air-taxi\/"},{"@type":"ListItem","position":4,"name":"Fly Over Spain\u2019s Roads \u2013 Easy Air Taxi Spain Online Bookings"}]},{"@type":"WebSite","@id":"https:\/\/tiketi.com\/#website","url":"https:\/\/tiketi.com\/","name":"Billets d&#039;avion et de bus, forfaits touristiques et activit\u00e9s - Tiketi.com","description":"Billets d&#039;avion et de bus, Tours, Activit\u00e9s","publisher":{"@id":"https:\/\/tiketi.com\/#organization"},"potentialAction":[{"@type":"SearchAction","target":{"@type":"EntryPoint","urlTemplate":"https:\/\/tiketi.com\/?s={search_term_string}"},"query-input":{"@type":"PropertyValueSpecification","valueRequired":true,"valueName":"search_term_string"}}],"inLanguage":"fr-FR"},{"@type":"Organization","@id":"https:\/\/tiketi.com\/#organization","name":"Tiketi.com","alternateName":"Tiketi","url":"https:\/\/tiketi.com\/","logo":{"@type":"ImageObject","inLanguage":"fr-FR","@id":"https:\/\/tiketi.com\/#\/schema\/logo\/image\/","url":"https:\/\/tiketi.com\/wp-content\/uploads\/2019\/05\/tiketi-logo-696.png","contentUrl":"https:\/\/tiketi.com\/wp-content\/uploads\/2019\/05\/tiketi-logo-696.png","width":696,"height":696,"caption":"Tiketi.com"},"image":{"@id":"https:\/\/tiketi.com\/#\/schema\/logo\/image\/"},"sameAs":["https:\/\/www.facebook.com\/TiketiCom\/"]}]}},"_links":{"self":[{"href":"https:\/\/tiketi.com\/fr-fr\/wp-json\/wp\/v2\/pages\/10720","targetHints":{"allow":["GET"]}}],"collection":[{"href":"https:\/\/tiketi.com\/fr-fr\/wp-json\/wp\/v2\/pages"}],"about":[{"href":"https:\/\/tiketi.com\/fr-fr\/wp-json\/wp\/v2\/types\/page"}],"author":[{"embeddable":true,"href":"https:\/\/tiketi.com\/fr-fr\/wp-json\/wp\/v2\/users\/1"}],"replies":[{"embeddable":true,"href":"https:\/\/tiketi.com\/fr-fr\/wp-json\/wp\/v2\/comments?post=10720"}],"version-history":[{"count":7,"href":"https:\/\/tiketi.com\/fr-fr\/wp-json\/wp\/v2\/pages\/10720\/revisions"}],"predecessor-version":[{"id":32085,"href":"https:\/\/tiketi.com\/fr-fr\/wp-json\/wp\/v2\/pages\/10720\/revisions\/32085"}],"up":[{"embeddable":true,"href":"https:\/\/tiketi.com\/fr-fr\/wp-json\/wp\/v2\/pages\/25621"}],"wp:featuredmedia":[{"embeddable":true,"href":"https:\/\/tiketi.com\/fr-fr\/wp-json\/wp\/v2\/media\/14481"}],"wp:attachment":[{"href":"https:\/\/tiketi.com\/fr-fr\/wp-json\/wp\/v2\/media?parent=10720"}],"curies":[{"name":"wp","href":"https:\/\/api.w.org\/{rel}","templated":true}]}}