{"id":10721,"date":"2022-01-19T12:53:43","date_gmt":"2022-01-19T11:53:43","guid":{"rendered":"https:\/\/new.tiketi.com\/south-korea-air-taxi-booking-app-electric-flying-taxis\/"},"modified":"2023-09-05T08:28:51","modified_gmt":"2023-09-05T07:28:51","slug":"south-korea","status":"publish","type":"page","link":"https:\/\/tiketi.com\/fr-fr\/volants\/taxi-aerien\/south-korea\/","title":{"rendered":"Taxi a\u00e9rien en Cor\u00e9e du Sud R\u00e9servation - Itin\u00e9raire de vol, horaire et tarif"},"content":{"rendered":"<h2 class=\"wp-block-heading\" id=\"electric-south-korea-air-taxi-booking-app\">Application de r\u00e9servation de taxi a\u00e9rien \u00e9lectrique en Cor\u00e9e du Sud<\/h2>\n\n\n\n<p>Le service d&#039;application de r\u00e9servation en ligne de taxi a\u00e9rien \u00e9lectrique en Cor\u00e9e du Sud permettra aux utilisateurs de r\u00e9server des billets d&#039;avion de taxi volant \u00e9lectrique en Cor\u00e9e du Sud, qui sera bient\u00f4t lanc\u00e9 dans les grandes villes et les zones m\u00e9tropolitaines de Cor\u00e9e du Sud. Les taxis a\u00e9riens autonomes en Cor\u00e9e du Sud permettent de voyager pas cher et rapidement en Cor\u00e9e du Sud. Une nation pleine d&#039;attractions touristiques historiques, culturelles et naturelles, la Cor\u00e9e du Sud a une pl\u00e9thore de sites \u00e9tonnants. Outre les attractions touristiques claires, y compris l&#039;\u00e2me des m\u00e9gapoles, le pays offre de vastes espaces ouverts naviguant d&#039;une beaut\u00e9 naturelle \u00e9tonnante caract\u00e9ris\u00e9e par des p\u00e2turages verts, des formations rocheuses et une for\u00eat dense. Dans l&#039;ensemble, le pays a eu une histoire riche, o\u00f9 de nombreux royaumes et dirigeants ont domin\u00e9 \u00e0 travers les \u00e2ges. Comme pour tant d&#039;autres choses, vous pourrez faire \u00e0 tout moment et n&#039;importe o\u00f9 la r\u00e9servation d&#039;un taxi a\u00e9rien par drone en Cor\u00e9e du Sud pour votre vol en taxi a\u00e9rien \u00e9lectrique.<\/p>\n\n\n\n<h2 class=\"wp-block-heading\" id=\"here-are-some-of-the-best-advantages-of-electric-flying-taxi-in-south-korea\">Voici quelques-uns des meilleurs avantages du taxi volant \u00e9lectrique en Cor\u00e9e du Sud<\/h2>\n\n\n\n<h3 class=\"wp-block-heading\" id=\"what-is-the-speed-and-weight-of-electric-flying-taxi-in-south-korea\">Quelle est la vitesse et le poids du taxi volant \u00e9lectrique en Cor\u00e9e du Sud ?<\/h3>\n\n\n\n<p>The 650 kg of drone taxi in South Korea all-electric 2-seater can fly at the speed of 130 km per hour.<\/p>\n\n\n\n<p>Les drones utilis\u00e9s lors du vol d&#039;essai \u00e9taient des Ehang 216 fabriqu\u00e9s par la soci\u00e9t\u00e9 chinoise Ehang qui a test\u00e9 avec succ\u00e8s le drone volant des taxis en Cor\u00e9e du Sud avec un sac de riz de 70 kg plus t\u00f4t en avril.<\/p>\n\n\n\n<h3 class=\"wp-block-heading\" id=\"are-electric-air-taxis-in-south-korea-expensive\">Les taxis a\u00e9riens \u00e9lectriques en Cor\u00e9e du Sud sont-ils chers ?<\/h3>\n\n\n\n<p>Le tarif brut des drones-taxis r\u00e9guliers \u00e0 S\u00e9oul a augment\u00e9 de 27 %, passant de 3\u00a0000 wons ($3.60) \u00e0 3\u00a0800 wons ($4.60). Les tarifs de base de nuit de minuit \u00e0 4h du matin ont \u00e9galement augment\u00e9 - de 3600 won ($4.34) \u00e0 4600 won ($5.54). de toute fa\u00e7on, dans le cadre du nouveau syst\u00e8me tarifaire, tous les 132 m\u00e8tres parcourus, 100 won ($0.15) sont factur\u00e9s.<\/p>\n\n\n\n<h3 class=\"wp-block-heading\" id=\"what-is-the-future-of-autonomous-air-taxis-in-south-korea\">Quel est l&#039;avenir des taxis a\u00e9riens autonomes en Cor\u00e9e du Sud ?<\/h3>\n\n\n\n<p><p>Electric\u00a0flying taxis\u00a0in South Korea are also guessed to be big business internationally in the coming decades. South Korea MOLIT projects the country&#8217;s own market to be value $11.6 billion by 2040, with the industry creating 160,000 jobs.How much will an electric flying\u00a0taxis in South Korea cost?<\/p><\/p>\n\n\n\n<p>Initially, air taxis in South Korea will cost approximately $5.73 per passenger mile. The air taxi in South Korea price will then plummet to $1.85 per passenger mile before finally hitting the customer amazing fare rate of $0.44 per mile. You can easily book air taxi flight tickets through electric flying\u00a0taxis in South Korea app.<\/p>\n\n\n\n<h2 class=\"wp-block-heading\" id=\"advantages-of-electric-south-korea-air-taxi-booking-app\">Advantages of electric air taxi in South Korea taxi booking app<\/h2>\n\n\n\n<p>Parmi ses autres avantages, la r\u00e9servation en ligne de taxis drones en Cor\u00e9e du Sud pourrait g\u00e9n\u00e9rer un boom \u00e9conomique en augmentant le nombre de personnes se dirigeant vers des lieux de loisirs et de tourisme \u00e9loign\u00e9s des grands a\u00e9roports.<\/p>\n\n\n\n<h3 class=\"wp-block-heading\" id=\"would-drone-air-taxi-in-south-korea-online-booking-app-be-used-to-book-a-air-taxi-flight\">Would drone South Korea air taxi online booking app be used to book a air taxi flight tickets?<\/h3>\n\n\n\n<p>Oui, les clients peuvent utiliser de mani\u00e8re transparente l&#039;application de r\u00e9servation de taxi a\u00e9rien \u00e9lectrique en Cor\u00e9e du Sud en ligne pour trouver le meilleur itin\u00e9raire et r\u00e9server un taxi volant avec des billets d&#039;avion en Cor\u00e9e du Sud \u00e0 tout moment et n&#039;importe o\u00f9.<\/p>","protected":false},"excerpt":{"rendered":"<p>Electric South Korea air taxi booking app Eelectric air taxi in South Korea online booking app service will enable users to book electric flying taxi in South Korea flight tickets, launching in major cities and metropolitan areas in South Korea soon. Autonomous air taxis in South Korea makes possible to travel cheap and fast in [&hellip;]<\/p>\n","protected":false},"author":1,"featured_media":14286,"parent":25621,"menu_order":0,"comment_status":"open","ping_status":"closed","template":"template-home-modern.php","meta":{"footnotes":""},"class_list":["post-10721","page","type-page","status-publish","has-post-thumbnail","hentry"],"yoast_head":"<!-- This site is optimized with the Yoast SEO plugin v27.3 - https:\/\/yoast.com\/product\/yoast-seo-wordpress\/ -->\n<title>Air Taxi in South Korea Booking - Flying Route, Schedule &amp; Fare<\/title>\n<meta name=\"description\" content=\"Looking for drone air taxi in South Korea online booking app, routes, schedule &amp; fares? Compare South Korea air taxis flight tickets and book cheap flying taxi in South Korea\" \/>\n<meta name=\"robots\" content=\"index, follow, max-snippet:-1, max-image-preview:large, max-video-preview:-1\" \/>\n<link rel=\"canonical\" href=\"https:\/\/tiketi.com\/fr-fr\/volants\/taxi-aerien\/south-korea\/\" \/>\n<meta property=\"og:locale\" content=\"fr_FR\" \/>\n<meta property=\"og:type\" content=\"article\" \/>\n<meta property=\"og:title\" content=\"Air Taxi in South Korea Booking - Flying Route, Schedule &amp; Fare\" \/>\n<meta property=\"og:description\" content=\"Looking for drone air taxi in South Korea online booking app, routes, schedule &amp; fares? Compare South Korea air taxis flight tickets and book cheap flying taxi in South Korea\" \/>\n<meta property=\"og:url\" content=\"https:\/\/tiketi.com\/fr-fr\/volants\/taxi-aerien\/south-korea\/\" \/>\n<meta property=\"og:site_name\" content=\"Tiketi.com\" \/>\n<meta property=\"article:publisher\" content=\"https:\/\/www.facebook.com\/TiketiCom\/\" \/>\n<meta property=\"article:modified_time\" content=\"2023-09-05T07:28:51+00:00\" \/>\n<meta property=\"og:image\" content=\"https:\/\/tiketi.com\/wp-content\/uploads\/2022\/01\/seoul-skyline-4119805_1280.jpg\" \/>\n\t<meta property=\"og:image:width\" content=\"1200\" \/>\n\t<meta property=\"og:image:height\" content=\"204\" \/>\n\t<meta property=\"og:image:type\" content=\"image\/jpeg\" \/>\n<meta name=\"twitter:card\" content=\"summary_large_image\" \/>\n<meta name=\"twitter:label1\" content=\"Dur\u00e9e de lecture estim\u00e9e\" \/>\n\t<meta name=\"twitter:data1\" content=\"3 minutes\" \/>\n<script type=\"application\/ld+json\" class=\"yoast-schema-graph\">{\"@context\":\"https:\\\/\\\/schema.org\",\"@graph\":[{\"@type\":\"WebPage\",\"@id\":\"https:\\\/\\\/tiketi.com\\\/flying\\\/air-taxi\\\/south-korea\\\/\",\"url\":\"https:\\\/\\\/tiketi.com\\\/flying\\\/air-taxi\\\/south-korea\\\/\",\"name\":\"Air Taxi in South Korea Booking - Flying Route, Schedule & Fare\",\"isPartOf\":{\"@id\":\"https:\\\/\\\/tiketi.com\\\/#website\"},\"primaryImageOfPage\":{\"@id\":\"https:\\\/\\\/tiketi.com\\\/flying\\\/air-taxi\\\/south-korea\\\/#primaryimage\"},\"image\":{\"@id\":\"https:\\\/\\\/tiketi.com\\\/flying\\\/air-taxi\\\/south-korea\\\/#primaryimage\"},\"thumbnailUrl\":\"https:\\\/\\\/tiketi.com\\\/wp-content\\\/uploads\\\/2022\\\/01\\\/seoul-skyline-4119805_1280.jpg\",\"datePublished\":\"2022-01-19T11:53:43+00:00\",\"dateModified\":\"2023-09-05T07:28:51+00:00\",\"description\":\"Looking for drone air taxi in South Korea online booking app, routes, schedule & fares? Compare South Korea air taxis flight tickets and book cheap flying taxi in South Korea\",\"breadcrumb\":{\"@id\":\"https:\\\/\\\/tiketi.com\\\/flying\\\/air-taxi\\\/south-korea\\\/#breadcrumb\"},\"inLanguage\":\"fr-FR\",\"potentialAction\":[{\"@type\":\"ReadAction\",\"target\":[\"https:\\\/\\\/tiketi.com\\\/flying\\\/air-taxi\\\/south-korea\\\/\"]}]},{\"@type\":\"ImageObject\",\"inLanguage\":\"fr-FR\",\"@id\":\"https:\\\/\\\/tiketi.com\\\/flying\\\/air-taxi\\\/south-korea\\\/#primaryimage\",\"url\":\"https:\\\/\\\/tiketi.com\\\/wp-content\\\/uploads\\\/2022\\\/01\\\/seoul-skyline-4119805_1280.jpg\",\"contentUrl\":\"https:\\\/\\\/tiketi.com\\\/wp-content\\\/uploads\\\/2022\\\/01\\\/seoul-skyline-4119805_1280.jpg\",\"width\":1200,\"height\":204,\"caption\":\"Air Taxi in Seoul Booking\"},{\"@type\":\"BreadcrumbList\",\"@id\":\"https:\\\/\\\/tiketi.com\\\/flying\\\/air-taxi\\\/south-korea\\\/#breadcrumb\",\"itemListElement\":[{\"@type\":\"ListItem\",\"position\":1,\"name\":\"Home\",\"item\":\"https:\\\/\\\/tiketi.com\\\/\"},{\"@type\":\"ListItem\",\"position\":2,\"name\":\"Flying\",\"item\":\"https:\\\/\\\/tiketi.com\\\/fr-fr\\\/volants\\\/\"},{\"@type\":\"ListItem\",\"position\":3,\"name\":\"Air Taxi\",\"item\":\"https:\\\/\\\/tiketi.com\\\/flying\\\/air-taxi\\\/\"},{\"@type\":\"ListItem\",\"position\":4,\"name\":\"Air Taxi in South Korea Booking &#8211; Flying Route, Schedule &#038; Fare\"}]},{\"@type\":\"WebSite\",\"@id\":\"https:\\\/\\\/tiketi.com\\\/#website\",\"url\":\"https:\\\/\\\/tiketi.com\\\/\",\"name\":\"Flight & Bus Tickets, Tour Packages & Activitites - Tiketi.com\",\"description\":\"Flight &amp; Bus Tickets, Tours, Activitites\",\"publisher\":{\"@id\":\"https:\\\/\\\/tiketi.com\\\/#organization\"},\"potentialAction\":[{\"@type\":\"SearchAction\",\"target\":{\"@type\":\"EntryPoint\",\"urlTemplate\":\"https:\\\/\\\/tiketi.com\\\/?s={search_term_string}\"},\"query-input\":{\"@type\":\"PropertyValueSpecification\",\"valueRequired\":true,\"valueName\":\"search_term_string\"}}],\"inLanguage\":\"fr-FR\"},{\"@type\":\"Organization\",\"@id\":\"https:\\\/\\\/tiketi.com\\\/#organization\",\"name\":\"Tiketi.com\",\"alternateName\":\"Tiketi\",\"url\":\"https:\\\/\\\/tiketi.com\\\/\",\"logo\":{\"@type\":\"ImageObject\",\"inLanguage\":\"fr-FR\",\"@id\":\"https:\\\/\\\/tiketi.com\\\/#\\\/schema\\\/logo\\\/image\\\/\",\"url\":\"https:\\\/\\\/tiketi.com\\\/wp-content\\\/uploads\\\/2019\\\/05\\\/tiketi-logo-696.png\",\"contentUrl\":\"https:\\\/\\\/tiketi.com\\\/wp-content\\\/uploads\\\/2019\\\/05\\\/tiketi-logo-696.png\",\"width\":696,\"height\":696,\"caption\":\"Tiketi.com\"},\"image\":{\"@id\":\"https:\\\/\\\/tiketi.com\\\/#\\\/schema\\\/logo\\\/image\\\/\"},\"sameAs\":[\"https:\\\/\\\/www.facebook.com\\\/TiketiCom\\\/\"]}]}<\/script>\n<!-- \/ Yoast SEO plugin. -->","yoast_head_json":{"title":"Taxi a\u00e9rien en Cor\u00e9e du Sud R\u00e9servation - Itin\u00e9raire de vol, horaire et tarif","description":"Looking for drone air taxi in South Korea online booking app, routes, schedule & fares? Compare South Korea air taxis flight tickets and book cheap flying taxi in South Korea","robots":{"index":"index","follow":"follow","max-snippet":"max-snippet:-1","max-image-preview":"max-image-preview:large","max-video-preview":"max-video-preview:-1"},"canonical":"https:\/\/tiketi.com\/fr-fr\/volants\/taxi-aerien\/south-korea\/","og_locale":"fr_FR","og_type":"article","og_title":"Air Taxi in South Korea Booking - Flying Route, Schedule & Fare","og_description":"Looking for drone air taxi in South Korea online booking app, routes, schedule & fares? Compare South Korea air taxis flight tickets and book cheap flying taxi in South Korea","og_url":"https:\/\/tiketi.com\/fr-fr\/volants\/taxi-aerien\/south-korea\/","og_site_name":"Tiketi.com","article_publisher":"https:\/\/www.facebook.com\/TiketiCom\/","article_modified_time":"2023-09-05T07:28:51+00:00","og_image":[{"width":1200,"height":204,"url":"https:\/\/tiketi.com\/wp-content\/uploads\/2022\/01\/seoul-skyline-4119805_1280.jpg","type":"image\/jpeg"}],"twitter_card":"summary_large_image","twitter_misc":{"Dur\u00e9e de lecture estim\u00e9e":"3 minutes"},"schema":{"@context":"https:\/\/schema.org","@graph":[{"@type":"WebPage","@id":"https:\/\/tiketi.com\/flying\/air-taxi\/south-korea\/","url":"https:\/\/tiketi.com\/flying\/air-taxi\/south-korea\/","name":"Taxi a\u00e9rien en Cor\u00e9e du Sud R\u00e9servation - Itin\u00e9raire de vol, horaire et tarif","isPartOf":{"@id":"https:\/\/tiketi.com\/#website"},"primaryImageOfPage":{"@id":"https:\/\/tiketi.com\/flying\/air-taxi\/south-korea\/#primaryimage"},"image":{"@id":"https:\/\/tiketi.com\/flying\/air-taxi\/south-korea\/#primaryimage"},"thumbnailUrl":"https:\/\/tiketi.com\/wp-content\/uploads\/2022\/01\/seoul-skyline-4119805_1280.jpg","datePublished":"2022-01-19T11:53:43+00:00","dateModified":"2023-09-05T07:28:51+00:00","description":"Looking for drone air taxi in South Korea online booking app, routes, schedule & fares? Compare South Korea air taxis flight tickets and book cheap flying taxi in South Korea","breadcrumb":{"@id":"https:\/\/tiketi.com\/flying\/air-taxi\/south-korea\/#breadcrumb"},"inLanguage":"fr-FR","potentialAction":[{"@type":"ReadAction","target":["https:\/\/tiketi.com\/flying\/air-taxi\/south-korea\/"]}]},{"@type":"ImageObject","inLanguage":"fr-FR","@id":"https:\/\/tiketi.com\/flying\/air-taxi\/south-korea\/#primaryimage","url":"https:\/\/tiketi.com\/wp-content\/uploads\/2022\/01\/seoul-skyline-4119805_1280.jpg","contentUrl":"https:\/\/tiketi.com\/wp-content\/uploads\/2022\/01\/seoul-skyline-4119805_1280.jpg","width":1200,"height":204,"caption":"Air Taxi in Seoul Booking"},{"@type":"BreadcrumbList","@id":"https:\/\/tiketi.com\/flying\/air-taxi\/south-korea\/#breadcrumb","itemListElement":[{"@type":"ListItem","position":1,"name":"Home","item":"https:\/\/tiketi.com\/"},{"@type":"ListItem","position":2,"name":"Flying","item":"https:\/\/tiketi.com\/fr-fr\/volants\/"},{"@type":"ListItem","position":3,"name":"Air Taxi","item":"https:\/\/tiketi.com\/flying\/air-taxi\/"},{"@type":"ListItem","position":4,"name":"Air Taxi in South Korea Booking &#8211; Flying Route, Schedule &#038; Fare"}]},{"@type":"WebSite","@id":"https:\/\/tiketi.com\/#website","url":"https:\/\/tiketi.com\/","name":"Billets d&#039;avion et de bus, forfaits touristiques et activit\u00e9s - Tiketi.com","description":"Billets d&#039;avion et de bus, Tours, Activit\u00e9s","publisher":{"@id":"https:\/\/tiketi.com\/#organization"},"potentialAction":[{"@type":"SearchAction","target":{"@type":"EntryPoint","urlTemplate":"https:\/\/tiketi.com\/?s={search_term_string}"},"query-input":{"@type":"PropertyValueSpecification","valueRequired":true,"valueName":"search_term_string"}}],"inLanguage":"fr-FR"},{"@type":"Organization","@id":"https:\/\/tiketi.com\/#organization","name":"Tiketi.com","alternateName":"Tiketi","url":"https:\/\/tiketi.com\/","logo":{"@type":"ImageObject","inLanguage":"fr-FR","@id":"https:\/\/tiketi.com\/#\/schema\/logo\/image\/","url":"https:\/\/tiketi.com\/wp-content\/uploads\/2019\/05\/tiketi-logo-696.png","contentUrl":"https:\/\/tiketi.com\/wp-content\/uploads\/2019\/05\/tiketi-logo-696.png","width":696,"height":696,"caption":"Tiketi.com"},"image":{"@id":"https:\/\/tiketi.com\/#\/schema\/logo\/image\/"},"sameAs":["https:\/\/www.facebook.com\/TiketiCom\/"]}]}},"_links":{"self":[{"href":"https:\/\/tiketi.com\/fr-fr\/wp-json\/wp\/v2\/pages\/10721","targetHints":{"allow":["GET"]}}],"collection":[{"href":"https:\/\/tiketi.com\/fr-fr\/wp-json\/wp\/v2\/pages"}],"about":[{"href":"https:\/\/tiketi.com\/fr-fr\/wp-json\/wp\/v2\/types\/page"}],"author":[{"embeddable":true,"href":"https:\/\/tiketi.com\/fr-fr\/wp-json\/wp\/v2\/users\/1"}],"replies":[{"embeddable":true,"href":"https:\/\/tiketi.com\/fr-fr\/wp-json\/wp\/v2\/comments?post=10721"}],"version-history":[{"count":0,"href":"https:\/\/tiketi.com\/fr-fr\/wp-json\/wp\/v2\/pages\/10721\/revisions"}],"up":[{"embeddable":true,"href":"https:\/\/tiketi.com\/fr-fr\/wp-json\/wp\/v2\/pages\/25621"}],"wp:featuredmedia":[{"embeddable":true,"href":"https:\/\/tiketi.com\/fr-fr\/wp-json\/wp\/v2\/media\/14286"}],"wp:attachment":[{"href":"https:\/\/tiketi.com\/fr-fr\/wp-json\/wp\/v2\/media?parent=10721"}],"curies":[{"name":"wp","href":"https:\/\/api.w.org\/{rel}","templated":true}]}}