{"id":10722,"date":"2022-01-19T12:53:43","date_gmt":"2022-01-19T11:53:43","guid":{"rendered":"https:\/\/new.tiketi.com\/south-africa-air-taxi-booking-app-electric-flying-taxis\/"},"modified":"2025-07-21T12:02:36","modified_gmt":"2025-07-21T11:02:36","slug":"south-africa","status":"publish","type":"page","link":"https:\/\/tiketi.com\/fr-fr\/volants\/taxi-aerien\/south-africa\/","title":{"rendered":"Fly Over South Africa\u2019s Roads \u2013 Easy Air Taxi South Africa Online Bookings"},"content":{"rendered":"<h2 id=\"electric-dubai-air-taxi-booking-app\" class=\"wp-block-heading\">Book a Flying Taxi in South Africa \u2013 Fast, Green, and Affordable Urban Travel<\/h2>\r\n<p>The Cheap air taxi in South Africa online booking app allows users to easily reserve helicopter and flying taxi flight tickets. Air taxis in South Africa make it possible to travel quickly and affordably across the city. The perfect place for any adventurous visitor, South Africa has so many remarkable experiences on offer, from off-roading on a safari to diving with remarkable white sharks. With its stunning range of wildlife, charming beaches, divine vineyards, and wonderful mountains, there is no doubt that this is a land of diversity. The country provides many chances to learn about its stunning history, people and land, with museums and trip to Robben island or a visit to Township. Just like many other services, you&#8217;ll be able to make a South Africa air taxi booking anytime, anywhere, through the app for your electric air taxi flight.<\/p>\r\n<h2><span style=\"font-size: 16px;\">\r\n\r\n<\/span><\/h2>\r\n<h2>Why Choose Flying Taxis in South Africa?<\/h2>\r\n<ul>\r\n<li><strong>Save Time:<\/strong> Cut hour-long, congested trips down to minutes in the air<\/li>\r\n<li><strong>Eco-Friendly &amp; Quiet:<\/strong> Zero emissions and much quieter than helicopters<\/li>\r\n<li><strong>Certified Safety:<\/strong> Piloted by licensed professionals with multiple safety redundancies<\/li>\r\n<li><strong>Effortless Luxury:<\/strong> Simple booking, smooth boarding, and scenic flights<\/li>\r\n<\/ul>\r\n<h2>Comment fonctionne notre service de taxi a\u00e9rien ?<\/h2>\r\n<p>R\u00e9server votre taxi a\u00e9rien est aussi simple que de r\u00e9server une course\u00a0:<\/p>\r\n<ol>\r\n<li><strong>Ouvrez le <a href=\"https:\/\/tiketi.com\/fr-fr\/download-tiketi-app\/\" target=\"_blank\" rel=\"noopener\">Application Tiketi<\/a> ou site Web<\/strong><\/li>\r\n<li><strong>Choisissez votre d\u00e9part<\/strong> from one of Dubai\u2019s many helipads or upcoming vertiports (e.g., Downtown Dubai, Dubai International Airport, Dubai Marina)<\/li>\r\n<li><strong>Choisissez votre avion<\/strong> \u2013 Choisissez un \u00e9l\u00e9gant taxi a\u00e9rien tout \u00e9lectrique \u00e0 2 ou 4 places<\/li>\r\n<li><strong>Confirmer et partir<\/strong> \u2013 Votre vol est r\u00e9serv\u00e9 en temps r\u00e9el et votre point d&#039;embarquement est pr\u00eat quand vous l&#039;\u00eates.<\/li>\r\n<\/ol>\r\n<p>In just a few minutes, you&#8217;re airborne\u2014gliding over Dubai\u2019s iconic skyline and avoiding the gridlock below.<\/p>\r\n<h2>Flying Taxi Routes in South Africa &#8211; High-Flying Connections<\/h2>\r\n<p>Current routes in development include:<\/p>\r\n<ul>\r\n<li><strong>OR Tambo Airport \u2192 Johannesburg CBD<\/strong> \u2013 ~7 minutes (compared to 40\u201360 minutes by road)<\/li>\r\n<li><strong>Cape Town Airport \u2192 Cape Town City Center<\/strong> \u2013 ~6 minutes (vs. 30\u201345 minutes by car)<\/li>\r\n<li><strong>Durban Airport \u2192 Durban CBD<\/strong> \u2013 ~5 minutes<\/li>\r\n<\/ul>\r\n<p>Intercity routes:<\/p>\r\n<ul>\r\n<li><strong>Johannesburg \u2192 Pretoria<\/strong> (~20 minutes)<\/li>\r\n<li><strong>Cape Town \u2192 Stellenbosch<\/strong> (~15 minutes)<\/li>\r\n<li><strong>Johannesburg \u2192 Sun City<\/strong> (~40 minutes)<\/li>\r\n<\/ul>\r\n<p>These routes are supported by the South African Civil Aviation Authority (SACAA) and local governments.<\/p>\r\n<h2>Options de tarification et de r\u00e9servation des taxis volants<\/h2>\r\n<p>Our pricing is competitive and designed for convenience:<\/p>\r\n<ul>\r\n<li><strong>Tarifs actuels\u00a0:<\/strong> ~R8\u2013R12 per passenger-kilometer<\/li>\r\n<li><strong>Example: OR Tambo to Johannesburg CBD<\/strong> (~20 km) = R160\u2013R240, similar to premium taxi rates during rush hour<\/li>\r\n<\/ul>\r\n<p>\u00c0 venir:<\/p>\r\n<ul>\r\n<li><strong>Commuter subscription plans<\/strong><\/li>\r\n<li><strong>Group and corporate packages<\/strong><\/li>\r\n<li><strong>Remises sur volume<\/strong><\/li>\r\n<\/ul>\r\n<p>Book easily via app, online, or concierge. Ground transport and luggage services are also available.<\/p>\r\n<h2>Who\u2019s Leading South Africa\u2019s Urban Air Mobility?<\/h2>\r\n<ul>\r\n<li><strong>Vertical Aerospace<\/strong> \u2013 Exploring partnerships for urban air mobility in South African cities<\/li>\r\n<li><strong>Volocopt\u00e8re<\/strong> \u2013 Engaging with local authorities to develop eVTOL infrastructure<\/li>\r\n<li><strong>Skyports<\/strong> \u2013 Planning vertiport networks in Johannesburg, Cape Town, and Durban<\/li>\r\n<li><strong>South African Civil Aviation Authority (SACAA)<\/strong> \u2013 Implementing regulations to enable safe and innovative urban air travel<\/li>\r\n<\/ul>\r\n\r\n\r\n\r\n<h2 class=\"wp-block-heading\">Foire aux questions<\/h2>\r\n<h3>Pourquoi prendre un taxi a\u00e9rien ?<\/h3>\r\n<p>South Africa\u2019s major cities\u2014Johannesburg, Cape Town, and Durban\u2014are known for their vibrant cultures, stunning landscapes, and economic dynamism. However, growing populations and urban expansion have led to worsening traffic congestion, especially on busy routes like Johannesburg\u2019s M1 freeway, Cape Town\u2019s N1, and Durban\u2019s R102.<\/p>\r\n<h3>Est-ce s\u00fbr?<\/h3>\r\n<p>Oui. Tous les vols sont pilot\u00e9s par des professionnels certifi\u00e9s et respectent les normes de s\u00e9curit\u00e9 les plus strictes, avec de multiples syst\u00e8mes de s\u00e9curit\u00e9 redondants int\u00e9gr\u00e9s.<\/p>\r\n<h3>Les vols peuvent-ils \u00eatre assur\u00e9s par mauvais temps\u00a0?<\/h3>\r\n<p>Votre s\u00e9curit\u00e9 est notre priorit\u00e9 absolue. En cas d&#039;intemp\u00e9ries, nous vous en informerons imm\u00e9diatement et vous aiderons \u00e0 reporter votre r\u00e9servation ou \u00e0 obtenir un remboursement int\u00e9gral.<\/p>\r\n<h3>Puis-je apporter des bagages ?<\/h3>\r\n<p>Les bagages \u00e0 main sont les bienvenus. Pour les objets plus volumineux, nous organiserons leur transport terrestre jusqu&#039;\u00e0 votre destination.<\/p>\r\n<h2 id=\"here-are-some-of-the-advantages-of-electric-flying-taxi-in-south-africa\">Voici quelques-uns des avantages du taxi volant \u00e9lectrique en Afrique du Sud<\/h2>\r\n<h3>Why waste hours in traffic jams when you can fly above it?<\/h3>\r\n<p>Our<strong> eVTOL (electric vertical takeoff and landing) air taxis<\/strong> provide a fast, eco-friendly, and luxurious way to navigate South Africa\u2019s busiest urban areas. Soar over city skylines, mountains, and coastlines, reaching your destination in minutes while bypassing the gridlock below.<\/p>\r\n\r\n\r\n\r\n<h3 class=\"wp-block-heading\" id=\"electric-air-taxis-in-south-africa-is-a-convenient-transport\">Are electric air taxis in South Africa a convenient transport option?<\/h3>\r\n\r\n\r\n\r\n<p>Les ing\u00e9nieurs sont actuellement confront\u00e9s au d\u00e9fi de r\u00e9pondre \u00e0 une demande croissante pour un transport parfait, tout en r\u00e9duisant les \u00e9missions de carbone et la congestion.<\/p>\r\n\r\n\r\n\r\n<p>Bien que les v\u00e9hicules \u00e9lectriques et la conduite automatis\u00e9e puissent atteindre certains des objectifs en termes de r\u00e9duction des \u00e9missions de carbone, ils contribueraient au probl\u00e8me de la congestion. La recherche est convaincue que les taxis a\u00e9riens \u00e9lectriques en Afrique du Sud pourraient fournir une solution, sous la forme d&#039;un service de taxi pilot\u00e9 en covoiturage.<\/p>\r\n\r\n\r\n\r\n<h3 class=\"wp-block-heading\" id=\"electric-flying-taxi-in-south-africa-five-phases-of-votl\">What are electric flying taxi in South Africa five phases of VOTL?<\/h3>\r\n\r\n\r\n\r\n<p>Au cours de l&#039;\u00e9tude, l&#039;\u00e9quipe de recherche a utilis\u00e9 des stimulations informatiques pour faire correspondre 3 types de v\u00e9hicules\u00a0: les v\u00e9hicules \u00e0 moteur \u00e0 combustion interne conventionnels, les v\u00e9hicules \u00e9lectriques \u00e0 batterie et les VTOL.<\/p>\r\n\r\n\r\n\r\n<p>Les scientifiques ont analys\u00e9 les 5 phases des taxis a\u00e9riens de drones VOTL en vol en Afrique du Sud : mont\u00e9e, d\u00e9collage, descente, croisi\u00e8re et atterrissage. Ils ont constat\u00e9 que bien que beaucoup de puissance ait \u00e9t\u00e9 augment\u00e9e pendant le d\u00e9collage et l&#039;atterrissage, elle ne g\u00e9n\u00e9rait aucun gaz \u00e0 effet de serre et roulait \u00e0 240 km\/h. Quoi qu&#039;il en soit, les batteries auraient besoin d&#039;\u00e9lectricit\u00e9 pour \u00eatre g\u00e9n\u00e9r\u00e9es par une centrale \u00e9lectrique.<\/p>\r\n\r\n\r\n\r\n<p>Pour les trajets de moins de 35 km, les VICE conventionnels \u00e0 un seul occupant \u00e9taient plus durables \u00e0 utiliser. C&#039;est important car la commune moyenne aux \u00c9tats-Unis est de 17 km.<\/p>\r\n\r\n\r\n\r\n<h3 class=\"wp-block-heading\" id=\"autonomous-air-taxis-in-south-africa-reduce-emissions\">Do air taxis in South Africa reduce emissions?<\/h3>\r\n\r\n\r\n\r\n<p>Des drones VTOL enti\u00e8rement charg\u00e9s volant en Afrique du Sud avec un chauffeur et 3 passagers g\u00e9n\u00e9reraient moins de gaz \u00e0 effet de serre qu&#039;une voiture ordinaire, qui transporte en moyenne 1,54 personnes. L&#039;\u00e9tude a r\u00e9v\u00e9l\u00e9 qu&#039;ils g\u00e9n\u00e9raient 52 % d&#039;\u00e9missions en moins que les v\u00e9hicules \u00e0 essence et 6 % en moins que les voitures \u00e9lectriques.<\/p>\r\n<h3>Combien co\u00fbtera un taxi volant \u00e9lectrique en Afrique du Sud ?<\/h3>\r\n\r\n\r\n\r\n<p>Au d\u00e9part, les taxis volants en Afrique du Sud co\u00fbteront environ $5,73 par passager-mile. Le prix du taxi drone en Afrique du Sud chutera ensuite \u00e0 $1,85 par mile passager avant d&#039;atteindre finalement le tarif incroyable du client de $0,44 par mile. Vous pouvez facilement r\u00e9server des billets d&#039;avion en taxi a\u00e9rien via des taxis volants \u00e9lectriques dans l&#039;application Afrique du Sud.<\/p>\r\n\r\n\r\n\r\n<h3 class=\"wp-block-heading\" id=\"advantages-of-electric-south-africa-air-taxi-booking-app\">What are advantages of electric South Africa air taxi booking app?<\/h3>\r\n\r\n\r\n\r\n<p>Parmi ses autres avantages, la r\u00e9servation en ligne de taxi drone en Afrique du Sud pourrait fournir un boom \u00e9conomique en augmentant le nombre de personnes se dirigeant vers des lieux de loisirs et de tourisme qui ne sont pas \u00e0 proximit\u00e9 des grands a\u00e9roports.<\/p>\r\n\r\n\r\n\r\n<h3 class=\"wp-block-heading\" id=\"would-drone-air-taxi-in-south-africa-online-booking-app-be-used-to-book-a-air-taxi-flight\">L&#039;application de r\u00e9servation en ligne de drone a\u00e9rien en Afrique du Sud serait-elle utilis\u00e9e pour r\u00e9server des billets d&#039;avion en taxi a\u00e9rien?<\/h3>\r\n\r\n\r\n\r\n<p>Oui, les clients peuvent utiliser de mani\u00e8re transparente l&#039;application de r\u00e9servation de taxi a\u00e9rien \u00e9lectrique en Afrique du Sud en ligne pour trouver le meilleur itin\u00e9raire et r\u00e9server un taxi volant avec des billets d&#039;avion en Afrique du Sud \u00e0 tout moment et n&#039;importe o\u00f9.<\/p>\r\n<h2>Autres vols populaires en taxi a\u00e9rien<\/h2>\r\n<table border=\"0\" cellspacing=\"1\" cellpadding=\"1\">\r\n<tbody>\r\n<tr>\r\n<td>Bon march\u00e9 <a href=\"https:\/\/tiketi.com\/fr-fr\/volants\/taxi-aerien\/cape-town\/\" target=\"_blank\" rel=\"noopener\">air taxi in Cape Town<\/a>\u00a0<\/td>\r\n<td style=\"width: 30px;\">\u00a0<\/td>\r\n<td>Bon march\u00e9 <a href=\"https:\/\/tiketi.com\/fr-fr\/volants\/taxi-aerien\/johannesburg\/\" target=\"_blank\" rel=\"noopener\">air taxi in Johannesburg<\/a><\/td>\r\n<td style=\"width: 30px;\">\u00a0<\/td>\r\n<td>Bon march\u00e9 <a href=\"https:\/\/tiketi.com\/fr-fr\/volants\/taxi-aerien\/durban\/\" target=\"_blank\" rel=\"noopener\">air taxi in Durban<\/a><\/td>\r\n<\/tr>\r\n<tr>\r\n<td>Bon march\u00e9 <a href=\"https:\/\/tiketi.com\/fr-fr\/volants\/taxi-aerien\/singapore\/\" target=\"_blank\" rel=\"noopener\">taxi a\u00e9rien \u00e0 Singapour<\/a><\/td>\r\n<td style=\"width: 30px;\">\u00a0<\/td>\r\n<td>Bon march\u00e9 <a href=\"https:\/\/tiketi.com\/fr-fr\/volants\/taxi-aerien\/new-york-nyc\/\" target=\"_blank\" rel=\"noopener\">taxi a\u00e9rien \u00e0 New York<\/a><\/td>\r\n<td style=\"width: 30px;\">\u00a0<\/td>\r\n<td>Bon march\u00e9 <a href=\"https:\/\/tiketi.com\/fr-fr\/volants\/taxi-aerien\/paris\/\" target=\"_blank\" rel=\"noopener\">taxi a\u00e9rien \u00e0 Paris<\/a><\/td>\r\n<\/tr>\r\n<tr>\r\n<td>Bon march\u00e9 <a href=\"https:\/\/tiketi.com\/fr-fr\/volants\/taxi-aerien\/sydney\/\" target=\"_blank\" rel=\"noopener\">taxi a\u00e9rien \u00e0 Sydney<\/a><\/td>\r\n<td style=\"width: 30px;\">\u00a0<\/td>\r\n<td>Bon march\u00e9 <a href=\"https:\/\/tiketi.com\/fr-fr\/volants\/taxi-aerien\/london\/\" target=\"_blank\" rel=\"noopener\">taxi a\u00e9rien \u00e0 Londres<\/a><\/td>\r\n<td style=\"width: 30px;\">\u00a0<\/td>\r\n<td>Bon march\u00e9 <a href=\"https:\/\/tiketi.com\/fr-fr\/volants\/taxi-aerien\/hong-kong\/\" target=\"_blank\" rel=\"noopener\">taxi a\u00e9rien \u00e0 Hong Kong<\/a><\/td>\r\n<\/tr>\r\n<\/tbody>\r\n<\/table>\r\n<h2>\u00a0<\/h2>\r\n<h2>\u00a0<\/h2>","protected":false},"excerpt":{"rendered":"<p>Book a Flying Taxi in South Africa \u2013 Fast, Green, and Affordable Urban Travel The Cheap air taxi in South Africa online booking app allows users to easily reserve helicopter and flying taxi flight tickets. Air taxis in South Africa make it possible to travel quickly and affordably across the city. The perfect place for [&hellip;]<\/p>\n","protected":false},"author":1,"featured_media":16150,"parent":25621,"menu_order":0,"comment_status":"open","ping_status":"closed","template":"template-home-modern.php","meta":{"footnotes":""},"class_list":["post-10722","page","type-page","status-publish","has-post-thumbnail","hentry"],"yoast_head":"<!-- This site is optimized with the Yoast SEO plugin v27.2 - https:\/\/yoast.com\/product\/yoast-seo-wordpress\/ -->\n<title>Book an Air Taxi in South Africa Online | Cheap Flying Taxi Fares<\/title>\n<meta name=\"description\" content=\"Book an air taxi in South Africa online with our app. Compare routes, fares, &amp; flight tickets for air taxis, &amp; find affordable flying taxi options\" \/>\n<meta name=\"robots\" content=\"index, follow, max-snippet:-1, max-image-preview:large, max-video-preview:-1\" \/>\n<link rel=\"canonical\" href=\"https:\/\/tiketi.com\/fr-fr\/volants\/taxi-aerien\/south-africa\/\" \/>\n<meta property=\"og:locale\" content=\"fr_FR\" \/>\n<meta property=\"og:type\" content=\"article\" \/>\n<meta property=\"og:title\" content=\"Book an Air Taxi in South Africa Online | Cheap Flying Taxi Fares\" \/>\n<meta property=\"og:description\" content=\"Book an air taxi in South Africa online with our app. Compare routes, fares, &amp; flight tickets for air taxis, &amp; find affordable flying taxi options\" \/>\n<meta property=\"og:url\" content=\"https:\/\/tiketi.com\/fr-fr\/volants\/taxi-aerien\/south-africa\/\" \/>\n<meta property=\"og:site_name\" content=\"Tiketi.com\" \/>\n<meta property=\"article:publisher\" content=\"https:\/\/www.facebook.com\/TiketiCom\/\" \/>\n<meta property=\"article:modified_time\" content=\"2025-07-21T11:02:36+00:00\" \/>\n<meta property=\"og:image\" content=\"https:\/\/tiketi.com\/wp-content\/uploads\/2022\/02\/cape-town-5293565_1200.jpg\" \/>\n\t<meta property=\"og:image:width\" content=\"1280\" \/>\n\t<meta property=\"og:image:height\" content=\"222\" \/>\n\t<meta property=\"og:image:type\" content=\"image\/jpeg\" \/>\n<meta name=\"twitter:card\" content=\"summary_large_image\" \/>\n<meta name=\"twitter:label1\" content=\"Dur\u00e9e de lecture estim\u00e9e\" \/>\n\t<meta name=\"twitter:data1\" content=\"6 minutes\" \/>\n<script type=\"application\/ld+json\" class=\"yoast-schema-graph\">{\"@context\":\"https:\/\/schema.org\",\"@graph\":[{\"@type\":\"WebPage\",\"@id\":\"https:\/\/tiketi.com\/flying\/air-taxi\/south-africa\/\",\"url\":\"https:\/\/tiketi.com\/flying\/air-taxi\/south-africa\/\",\"name\":\"Book an Air Taxi in South Africa Online | Cheap Flying Taxi Fares\",\"isPartOf\":{\"@id\":\"https:\/\/tiketi.com\/#website\"},\"primaryImageOfPage\":{\"@id\":\"https:\/\/tiketi.com\/flying\/air-taxi\/south-africa\/#primaryimage\"},\"image\":{\"@id\":\"https:\/\/tiketi.com\/flying\/air-taxi\/south-africa\/#primaryimage\"},\"thumbnailUrl\":\"https:\/\/tiketi.com\/wp-content\/uploads\/2022\/02\/cape-town-5293565_1200.jpg\",\"datePublished\":\"2022-01-19T11:53:43+00:00\",\"dateModified\":\"2025-07-21T11:02:36+00:00\",\"description\":\"Book an air taxi in South Africa online with our app. Compare routes, fares, & flight tickets for air taxis, & find affordable flying taxi options\",\"breadcrumb\":{\"@id\":\"https:\/\/tiketi.com\/flying\/air-taxi\/south-africa\/#breadcrumb\"},\"inLanguage\":\"fr-FR\",\"potentialAction\":[{\"@type\":\"ReadAction\",\"target\":[\"https:\/\/tiketi.com\/flying\/air-taxi\/south-africa\/\"]}]},{\"@type\":\"ImageObject\",\"inLanguage\":\"fr-FR\",\"@id\":\"https:\/\/tiketi.com\/flying\/air-taxi\/south-africa\/#primaryimage\",\"url\":\"https:\/\/tiketi.com\/wp-content\/uploads\/2022\/02\/cape-town-5293565_1200.jpg\",\"contentUrl\":\"https:\/\/tiketi.com\/wp-content\/uploads\/2022\/02\/cape-town-5293565_1200.jpg\",\"width\":1280,\"height\":222,\"caption\":\"Air Taxi in Cape Town\"},{\"@type\":\"BreadcrumbList\",\"@id\":\"https:\/\/tiketi.com\/flying\/air-taxi\/south-africa\/#breadcrumb\",\"itemListElement\":[{\"@type\":\"ListItem\",\"position\":1,\"name\":\"Home\",\"item\":\"https:\/\/tiketi.com\/\"},{\"@type\":\"ListItem\",\"position\":2,\"name\":\"Flying\",\"item\":\"https:\/\/tiketi.com\/fr-fr\/volants\/\"},{\"@type\":\"ListItem\",\"position\":3,\"name\":\"Air Taxi\",\"item\":\"https:\/\/tiketi.com\/flying\/air-taxi\/\"},{\"@type\":\"ListItem\",\"position\":4,\"name\":\"Fly Over South Africa\u2019s Roads \u2013 Easy Air Taxi South Africa Online Bookings\"}]},{\"@type\":\"WebSite\",\"@id\":\"https:\/\/tiketi.com\/#website\",\"url\":\"https:\/\/tiketi.com\/\",\"name\":\"Flight & Bus Tickets, Tour Packages & Activitites - Tiketi.com\",\"description\":\"Flight &amp; Bus Tickets, Tours, Activitites\",\"publisher\":{\"@id\":\"https:\/\/tiketi.com\/#organization\"},\"potentialAction\":[{\"@type\":\"SearchAction\",\"target\":{\"@type\":\"EntryPoint\",\"urlTemplate\":\"https:\/\/tiketi.com\/?s={search_term_string}\"},\"query-input\":{\"@type\":\"PropertyValueSpecification\",\"valueRequired\":true,\"valueName\":\"search_term_string\"}}],\"inLanguage\":\"fr-FR\"},{\"@type\":\"Organization\",\"@id\":\"https:\/\/tiketi.com\/#organization\",\"name\":\"Tiketi.com\",\"alternateName\":\"Tiketi\",\"url\":\"https:\/\/tiketi.com\/\",\"logo\":{\"@type\":\"ImageObject\",\"inLanguage\":\"fr-FR\",\"@id\":\"https:\/\/tiketi.com\/#\/schema\/logo\/image\/\",\"url\":\"https:\/\/tiketi.com\/wp-content\/uploads\/2019\/05\/tiketi-logo-696.png\",\"contentUrl\":\"https:\/\/tiketi.com\/wp-content\/uploads\/2019\/05\/tiketi-logo-696.png\",\"width\":696,\"height\":696,\"caption\":\"Tiketi.com\"},\"image\":{\"@id\":\"https:\/\/tiketi.com\/#\/schema\/logo\/image\/\"},\"sameAs\":[\"https:\/\/www.facebook.com\/TiketiCom\/\"]}]}<\/script>\n<!-- \/ Yoast SEO plugin. -->","yoast_head_json":{"title":"Book an Air Taxi in South Africa Online | Cheap Flying Taxi Fares","description":"Book an air taxi in South Africa online with our app. Compare routes, fares, & flight tickets for air taxis, & find affordable flying taxi options","robots":{"index":"index","follow":"follow","max-snippet":"max-snippet:-1","max-image-preview":"max-image-preview:large","max-video-preview":"max-video-preview:-1"},"canonical":"https:\/\/tiketi.com\/fr-fr\/volants\/taxi-aerien\/south-africa\/","og_locale":"fr_FR","og_type":"article","og_title":"Book an Air Taxi in South Africa Online | Cheap Flying Taxi Fares","og_description":"Book an air taxi in South Africa online with our app. Compare routes, fares, & flight tickets for air taxis, & find affordable flying taxi options","og_url":"https:\/\/tiketi.com\/fr-fr\/volants\/taxi-aerien\/south-africa\/","og_site_name":"Tiketi.com","article_publisher":"https:\/\/www.facebook.com\/TiketiCom\/","article_modified_time":"2025-07-21T11:02:36+00:00","og_image":[{"width":1280,"height":222,"url":"https:\/\/tiketi.com\/wp-content\/uploads\/2022\/02\/cape-town-5293565_1200.jpg","type":"image\/jpeg"}],"twitter_card":"summary_large_image","twitter_misc":{"Dur\u00e9e de lecture estim\u00e9e":"6 minutes"},"schema":{"@context":"https:\/\/schema.org","@graph":[{"@type":"WebPage","@id":"https:\/\/tiketi.com\/flying\/air-taxi\/south-africa\/","url":"https:\/\/tiketi.com\/flying\/air-taxi\/south-africa\/","name":"Book an Air Taxi in South Africa Online | Cheap Flying Taxi Fares","isPartOf":{"@id":"https:\/\/tiketi.com\/#website"},"primaryImageOfPage":{"@id":"https:\/\/tiketi.com\/flying\/air-taxi\/south-africa\/#primaryimage"},"image":{"@id":"https:\/\/tiketi.com\/flying\/air-taxi\/south-africa\/#primaryimage"},"thumbnailUrl":"https:\/\/tiketi.com\/wp-content\/uploads\/2022\/02\/cape-town-5293565_1200.jpg","datePublished":"2022-01-19T11:53:43+00:00","dateModified":"2025-07-21T11:02:36+00:00","description":"Book an air taxi in South Africa online with our app. Compare routes, fares, & flight tickets for air taxis, & find affordable flying taxi options","breadcrumb":{"@id":"https:\/\/tiketi.com\/flying\/air-taxi\/south-africa\/#breadcrumb"},"inLanguage":"fr-FR","potentialAction":[{"@type":"ReadAction","target":["https:\/\/tiketi.com\/flying\/air-taxi\/south-africa\/"]}]},{"@type":"ImageObject","inLanguage":"fr-FR","@id":"https:\/\/tiketi.com\/flying\/air-taxi\/south-africa\/#primaryimage","url":"https:\/\/tiketi.com\/wp-content\/uploads\/2022\/02\/cape-town-5293565_1200.jpg","contentUrl":"https:\/\/tiketi.com\/wp-content\/uploads\/2022\/02\/cape-town-5293565_1200.jpg","width":1280,"height":222,"caption":"Air Taxi in Cape Town"},{"@type":"BreadcrumbList","@id":"https:\/\/tiketi.com\/flying\/air-taxi\/south-africa\/#breadcrumb","itemListElement":[{"@type":"ListItem","position":1,"name":"Home","item":"https:\/\/tiketi.com\/"},{"@type":"ListItem","position":2,"name":"Flying","item":"https:\/\/tiketi.com\/fr-fr\/volants\/"},{"@type":"ListItem","position":3,"name":"Air Taxi","item":"https:\/\/tiketi.com\/flying\/air-taxi\/"},{"@type":"ListItem","position":4,"name":"Fly Over South Africa\u2019s Roads \u2013 Easy Air Taxi South Africa Online Bookings"}]},{"@type":"WebSite","@id":"https:\/\/tiketi.com\/#website","url":"https:\/\/tiketi.com\/","name":"Billets d&#039;avion et de bus, forfaits touristiques et activit\u00e9s - Tiketi.com","description":"Billets d&#039;avion et de bus, Tours, Activit\u00e9s","publisher":{"@id":"https:\/\/tiketi.com\/#organization"},"potentialAction":[{"@type":"SearchAction","target":{"@type":"EntryPoint","urlTemplate":"https:\/\/tiketi.com\/?s={search_term_string}"},"query-input":{"@type":"PropertyValueSpecification","valueRequired":true,"valueName":"search_term_string"}}],"inLanguage":"fr-FR"},{"@type":"Organization","@id":"https:\/\/tiketi.com\/#organization","name":"Tiketi.com","alternateName":"Tiketi","url":"https:\/\/tiketi.com\/","logo":{"@type":"ImageObject","inLanguage":"fr-FR","@id":"https:\/\/tiketi.com\/#\/schema\/logo\/image\/","url":"https:\/\/tiketi.com\/wp-content\/uploads\/2019\/05\/tiketi-logo-696.png","contentUrl":"https:\/\/tiketi.com\/wp-content\/uploads\/2019\/05\/tiketi-logo-696.png","width":696,"height":696,"caption":"Tiketi.com"},"image":{"@id":"https:\/\/tiketi.com\/#\/schema\/logo\/image\/"},"sameAs":["https:\/\/www.facebook.com\/TiketiCom\/"]}]}},"_links":{"self":[{"href":"https:\/\/tiketi.com\/fr-fr\/wp-json\/wp\/v2\/pages\/10722","targetHints":{"allow":["GET"]}}],"collection":[{"href":"https:\/\/tiketi.com\/fr-fr\/wp-json\/wp\/v2\/pages"}],"about":[{"href":"https:\/\/tiketi.com\/fr-fr\/wp-json\/wp\/v2\/types\/page"}],"author":[{"embeddable":true,"href":"https:\/\/tiketi.com\/fr-fr\/wp-json\/wp\/v2\/users\/1"}],"replies":[{"embeddable":true,"href":"https:\/\/tiketi.com\/fr-fr\/wp-json\/wp\/v2\/comments?post=10722"}],"version-history":[{"count":5,"href":"https:\/\/tiketi.com\/fr-fr\/wp-json\/wp\/v2\/pages\/10722\/revisions"}],"predecessor-version":[{"id":32018,"href":"https:\/\/tiketi.com\/fr-fr\/wp-json\/wp\/v2\/pages\/10722\/revisions\/32018"}],"up":[{"embeddable":true,"href":"https:\/\/tiketi.com\/fr-fr\/wp-json\/wp\/v2\/pages\/25621"}],"wp:featuredmedia":[{"embeddable":true,"href":"https:\/\/tiketi.com\/fr-fr\/wp-json\/wp\/v2\/media\/16150"}],"wp:attachment":[{"href":"https:\/\/tiketi.com\/fr-fr\/wp-json\/wp\/v2\/media?parent=10722"}],"curies":[{"name":"wp","href":"https:\/\/api.w.org\/{rel}","templated":true}]}}