{"id":10723,"date":"2022-01-19T12:53:43","date_gmt":"2022-01-19T11:53:43","guid":{"rendered":"https:\/\/new.tiketi.com\/singapore-air-taxi-booking-app-electric-flying-taxis\/"},"modified":"2025-07-04T11:53:19","modified_gmt":"2025-07-04T10:53:19","slug":"singapore","status":"publish","type":"page","link":"https:\/\/tiketi.com\/fr-fr\/volants\/taxi-aerien\/singapore\/","title":{"rendered":"Fly Over Singapore\u2019s Roads \u2013 Easy Air Taxi Singapore Online Bookings"},"content":{"rendered":"<h2 id=\"electric-singapore-air-taxi-booking-app\" class=\"wp-block-heading\">Best Singapore Air Taxi Booking App<\/h2>\r\n\r\n\r\n\r\n<p>The Cheap air taxi in Singapore online booking app allows users to easily reserve helicopter and flying taxi flight tickets. Air taxis in Singapore make it possible to travel quickly and affordably across the city. It may be one of the most expensive cities in the planet, but Singapore has racked up lots of other superlatives, cleanest, top planned, and, pretty possibly, most entertaining. The Lion City is house to the biggest rooftop infinity pool, the world&#8217;s first safari park for nocturnal animals, centuries-old temples, and definitely, some of the top food on the planet. You will also find amazing gardens, remarkable architecture, top-class performance venues, and shopping streets. The city state provides a remarkable melding of the new and old, the historic and the new. Just like many other services, book your Singapore air taxi anytime, anywhere, through the app for your electric air taxi flight.<\/p>\r\n<h2>Why Fly Air Taxi?\u00a0<\/h2>\r\n<p>In a city known for its sleek skyline, efficient infrastructure, and fast-paced lifestyle, traffic congestion can still be a major challenge. Long commutes, crowded roads, and unexpected delays are part of daily life. But why sit in traffic when you could soar above it? Our eVTOL (electric vertical takeoff and landing) air taxis provide a faster, more efficient way to navigate Singapore\u2014whisking you from one side of the city to the other in under 10 minutes. It\u2019s not just about getting there faster; it\u2019s about reclaiming your time.<\/p>\r\n<h2>How It Works<\/h2>\r\n<p>R\u00e9server votre taxi a\u00e9rien est aussi simple que de r\u00e9server une course\u00a0:<\/p>\r\n<ol>\r\n<li><strong>Ouvrez le <a href=\"https:\/\/tiketi.com\/fr-fr\/download-tiketi-app\/\" target=\"_blank\" rel=\"noopener\">Application Tiketi<\/a> ou site Web<\/strong><\/li>\r\n<li><strong>Choisissez votre d\u00e9part<\/strong> from one of Singapore\u2019s many vertiports (e.g., Marina Bay, Changi Airport, Downtown Core)<\/li>\r\n<li><strong>Choisissez votre avion<\/strong> \u2013 Choisissez un \u00e9l\u00e9gant taxi a\u00e9rien tout \u00e9lectrique \u00e0 2 ou 4 places<\/li>\r\n<li><strong>Confirmer et partir<\/strong> \u2013 Votre vol est r\u00e9serv\u00e9 en temps r\u00e9el et votre point d&#039;embarquement est pr\u00eat quand vous l&#039;\u00eates.<\/li>\r\n<\/ol>\r\n<p>In just a few minutes, you&#8217;re airborne\u2014gliding above Singapore\u2019s iconic skyline and avoiding the traffic below.<\/p>\r\n<h2>Planned Routes: High-Flying Connections<\/h2>\r\n<p>Singapore\u2019s aerial transport network is rapidly taking shape, with several major routes already under development:<\/p>\r\n<ul>\r\n<li><strong>Changi Airport \u2192 Marina Bay<\/strong> \u2013 ~8 minutes (vs. 30-45 minutes by road)<\/li>\r\n<li><strong>Downtown Core \u2192 Changi Airport<\/strong> \u2013 10 \u00e0 12 minutes<\/li>\r\n<\/ul>\r\n<p>Les itin\u00e9raires futurs comprennent\u00a0:<\/p>\r\n<ul>\r\n<li><strong>Marina Bay \u2192 Sentosa<\/strong> (~6-8 minutes)<\/li>\r\n<li><strong>Marina Bay \u2192 Jurong East<\/strong> (~15 minutes)<\/li>\r\n<\/ul>\r\n<p>With strong backing from Singapore\u2019s aviation authorities, we expect these flying taxi routes to be operational within the next few years.<\/p>\r\n<h2>Transparent Pricing, Flexible Booking<\/h2>\r\n<p>Nos prix sont comp\u00e9titifs et con\u00e7us pour offrir un rapport qualit\u00e9-prix maximal\u00a0:<\/p>\r\n<ul>\r\n<li><strong>Tarifs actuels\u00a0:<\/strong> ~$6.00 per passenger-mile (with prices expected to drop to ~$2.50 as demand increases)<\/li>\r\n<li><strong>Exemple:<\/strong> Changi Airport to Marina Bay (~10 miles) = $110\u2013$220, comparable to high-end taxi services.<\/li>\r\n<\/ul>\r\n<p><strong>\u00c0 venir:<\/strong><\/p>\r\n<ul>\r\n<li><strong>Plans de transport en commun<\/strong><\/li>\r\n<li><strong>forfaits de groupe et d&#039;entreprise<\/strong><\/li>\r\n<li><strong>Remises sur volume<\/strong><\/li>\r\n<\/ul>\r\n<p>R\u00e9servez votre vol facilement via l&#039;application, en ligne ou avec notre service de conciergerie. Besoin de services suppl\u00e9mentaires comme un si\u00e8ge enfant ou un transfert\u00a0? Nous nous occupons de tout.<\/p>\r\n<h2>Pourquoi choisir un taxi volant ?<\/h2>\r\n<p>Save Time \u2013 What would take 30-60 minutes by car can now be done in under 10 minutes by air.<\/p>\r\n<p><strong>\u00c9cologique et silencieux<\/strong> \u2013 Nos avions \u00e9lectriques sont jusqu&#039;\u00e0 100 fois plus silencieux que les h\u00e9licopt\u00e8res traditionnels et ne produisent aucune \u00e9mission.<\/p>\r\n<p><strong>S\u00e9curit\u00e9 certifi\u00e9e<\/strong> \u2013 Nos avions sont pilot\u00e9s par des pilotes agr\u00e9\u00e9s et sont \u00e9quip\u00e9s de multiples syst\u00e8mes de s\u00e9curit\u00e9 redondants afin de garantir un voyage en toute s\u00e9curit\u00e9.<\/p>\r\n<p><strong>Le luxe sans effort<\/strong> \u2013 D&#039;un simple clic, vous \u00eates parti \u2013 sans tracas, sans stress.<\/p>\r\n<h2>Qui est \u00e0 l&#039;avant-garde ?<\/h2>\r\n<p>Meet the pioneers bringing aerial mobility to Singapore:<\/p>\r\n<ul>\r\n<li><strong>Joby Aviation + Singapore Airlines:<\/strong> Launching 200 mph eVTOL flights from Singapore\u2019s airports, priced similarly to premium car services.<\/li>\r\n<li><strong>Vertical Aerospace (Singapore):<\/strong> Certification de son avion VX4 pour les vols de 2028 \u2014 tarifs projet\u00e9s \u00e0 partir de $150.<\/li>\r\n<li><strong>Skyports :<\/strong> Developing vertiports and charging hubs across Singapore and the wider Southeast Asia region.<\/li>\r\n<li><strong>Singapore Government:<\/strong> Investing heavily in the city-state\u2019s aerial mobility infrastructure, paving the way for sustainable, high-tech air travel.<\/li>\r\n<\/ul>\r\n<h2>Foire aux questions<\/h2>\r\n<h3>Est-ce s\u00fbr?<\/h3>\r\n<p>Oui. Tous les vols sont pilot\u00e9s par des professionnels certifi\u00e9s et respectent les normes de s\u00e9curit\u00e9 les plus strictes, avec de multiples syst\u00e8mes de s\u00e9curit\u00e9 redondants int\u00e9gr\u00e9s.<\/p>\r\n<h3>Les vols peuvent-ils \u00eatre assur\u00e9s par mauvais temps\u00a0?<\/h3>\r\n<p>Votre s\u00e9curit\u00e9 est notre priorit\u00e9 absolue. En cas d&#039;intemp\u00e9ries, nous vous en informerons imm\u00e9diatement et vous aiderons \u00e0 reporter votre r\u00e9servation ou \u00e0 obtenir un remboursement int\u00e9gral.<\/p>\r\n<h3>Puis-je apporter des bagages ?<\/h3>\r\n<p>Les bagages \u00e0 main sont les bienvenus. Pour les objets plus volumineux, nous organiserons leur transport terrestre jusqu&#039;\u00e0 votre destination.<\/p>\r\n\r\n\r\n\r\n<h2 id=\"here-are-some-of-the-advantages-of-electric-flying-taxi-in-singapore\" class=\"wp-block-heading\">Voici quelques-uns des avantages du taxi volant \u00e9lectrique \u00e0 Singapour<\/h2>\r\n\r\n\r\n\r\n<h3 id=\"electric-air-taxis-in-singapore-reducing-traffic-pollution\" class=\"wp-block-heading\">Des taxis a\u00e9riens \u00e9lectriques \u00e0 Singapour r\u00e9duisent la pollution du trafic<\/h3>\r\n\r\n\r\n\r\n<p>L&#039;un des plus gros probl\u00e8mes dans la plupart des villes modernes est le trafic caus\u00e9 par les v\u00e9hicules routiers. Les routes qui ont \u00e9t\u00e9 construites il y a longtemps ne peuvent tout simplement pas faire face au grand nombre de camions, de voitures et d&#039;autres v\u00e9hicules qui se disputent l&#039;espace aujourd&#039;hui.<\/p>\r\n\r\n\r\n\r\n<p>La plus grande partie de ces v\u00e9hicules terrestres br\u00fble des combustibles fossiles, m\u00eame \u00e0 l&#039;arr\u00eat, produisant des substances extr\u00eamement nocives dans le processus.<\/p>\r\n\r\n\r\n\r\n<p>Le trafic \u00e9tant moins probl\u00e9matique, cela signifie que le carburant peut \u00eatre utilis\u00e9 plus efficacement et qu&#039;il n&#039;est pas non plus gaspill\u00e9 au ralenti dans la circulation. Alors que les taxis a\u00e9riens \u00e9lectriques \u00e0 Singapour sont progressivement mis en place, les v\u00e9hicules qui restent sur le terrain devront, esp\u00e9rons-le, \u00e9galement rivaliser avec moins de trafic.<\/p>\r\n\r\n\r\n\r\n<h3 id=\"electric-flying-taxi-in-singapore-reducing-emissions\" class=\"wp-block-heading\">Taxi volant \u00e9lectrique \u00e0 Singapour r\u00e9duisant les \u00e9missions<\/h3>\r\n\r\n\r\n\r\n<p>En plus des gaz qui sont directement nocifs pour la sant\u00e9 humaine, vous avez le dioxyde de carbone et les oxydes d&#039;azote qui sont des gaz \u00e0 effet de serre, qui p\u00e9n\u00e8trent dans l&#039;atmosph\u00e8re et captent la chaleur et provoquent le changement climatique. Les taxis volants \u00e9lectriques \u00e0 Singapour r\u00e9duiront ce probl\u00e8me.<\/p>\r\n\r\n\r\n\r\n<h3 id=\"autonomous-air-taxis-in-singapore-makes-traveling-easier\" class=\"wp-block-heading\">Les taxis a\u00e9riens autonomes \u00e0 Singapour facilitent les d\u00e9placements<\/h3>\r\n\r\n\r\n\r\n<p>These VTOLs drone taxis in Singapore look more like little, light helicopters rather than planes and as technology quickly advances, firms such as Tiketi.com have set the ambitious goal for 2025 for electric flying taxis in Singapore app for when its service will first become commercially accessible.<\/p>\r\n\r\n\r\n\r\n<h3 class=\"wp-block-heading\">Combien co\u00fbtera un taxi volant \u00e9lectrique \u00e0 Singapour ?<\/h3>\r\n\r\n\r\n\r\n<p>Initially, drone taxis in Singapore will cost approximately $5.73 per passenger mile. The air taxi in Singapore price will then plummet to $1.85 per passenger mile before finally hitting the customer amazing fare rate of $0.44 per mile.\u00a0You can easily book air taxi flight tickets through electric flying taxis in Singapore app.<\/p>\r\n\r\n\r\n\r\n<h2 id=\"advantages-of-electric-singapore-air-taxi-booking-app\" class=\"wp-block-heading\">Advantages of drone air taxi in Singapore online booking app<\/h2>\r\n\r\n\r\n\r\n<p>Parmi ses autres avantages, la r\u00e9servation en ligne de taxi drone \u00e0 Singapour pourrait fournir un boom \u00e9conomique en augmentant le nombre de personnes se dirigeant vers des lieux de loisirs et de tourisme qui ne sont pas \u00e0 proximit\u00e9 des grands a\u00e9roports.<\/p>\r\n\r\n\r\n\r\n<h3 id=\"would-drone-air-taxi-in-singapore-online-booking-app-be-used-to-book-a-electric-air-taxi-flight\" class=\"wp-block-heading\">Can the air taxis in Singapore online booking app be used to reserve electric air taxi flight tickets?<\/h3>\r\n\r\n\r\n\r\n<p>Oui, les clients peuvent utiliser de mani\u00e8re transparente l&#039;application de r\u00e9servation de taxi a\u00e9rien \u00e9lectrique en ligne \u00e0 Singapour pour trouver le meilleur itin\u00e9raire et r\u00e9server un taxi volant avec drone dans les billets d&#039;avion de Singapour \u00e0 tout moment et n&#039;importe o\u00f9.<\/p>\r\n<h2>Autres vols populaires en taxi a\u00e9rien<\/h2>\r\n<table border=\"0\" cellspacing=\"1\" cellpadding=\"1\">\r\n<tbody>\r\n<tr>\r\n<td>Bon march\u00e9 <a href=\"https:\/\/tiketi.com\/fr-fr\/volants\/taxi-aerien\/abu-dhabi\/\" target=\"_blank\" rel=\"noopener\">taxi a\u00e9rien \u00e0 Abu Dhabi<\/a>\u00a0<\/td>\r\n<td style=\"width: 30px;\">\u00a0<\/td>\r\n<td>Bon march\u00e9 <a href=\"https:\/\/tiketi.com\/fr-fr\/volants\/taxi-aerien\/uae-united-arab-emirates\/\" target=\"_blank\" rel=\"noopener\">taxi a\u00e9rien aux \u00c9mirats arabes unis<\/a><\/td>\r\n<td style=\"width: 30px;\">\u00a0<\/td>\r\n<td>Bon march\u00e9 <a href=\"https:\/\/tiketi.com\/fr-fr\/volants\/taxi-aerien\/london\/\" target=\"_blank\" rel=\"noopener\">taxi a\u00e9rien \u00e0 Londres<\/a><\/td>\r\n<\/tr>\r\n<tr>\r\n<td>Bon march\u00e9 <a href=\"https:\/\/tiketi.com\/fr-fr\/volants\/taxi-aerien\/dubai\/\" target=\"_blank\" rel=\"noopener\">taxi a\u00e9rien \u00e0 Duba\u00ef<\/a><\/td>\r\n<td style=\"width: 30px;\">\u00a0<\/td>\r\n<td>Bon march\u00e9 <a href=\"https:\/\/tiketi.com\/fr-fr\/volants\/taxi-aerien\/new-york-nyc\/\" target=\"_blank\" rel=\"noopener\">taxi a\u00e9rien \u00e0 New York<\/a><\/td>\r\n<td style=\"width: 30px;\">\u00a0<\/td>\r\n<td>Bon march\u00e9 <a href=\"https:\/\/tiketi.com\/fr-fr\/volants\/taxi-aerien\/paris\/\" target=\"_blank\" rel=\"noopener\">taxi a\u00e9rien \u00e0 Paris<\/a><\/td>\r\n<\/tr>\r\n<tr>\r\n<td>Bon march\u00e9 <a href=\"https:\/\/tiketi.com\/fr-fr\/volants\/taxi-aerien\/sydney\/\" target=\"_blank\" rel=\"noopener\">taxi a\u00e9rien \u00e0 Sydney<\/a><\/td>\r\n<td style=\"width: 30px;\">\u00a0<\/td>\r\n<td>Bon march\u00e9 <a href=\"https:\/\/tiketi.com\/fr-fr\/volants\/taxi-aerien\/berlin\/\" target=\"_blank\" rel=\"noopener\">taxi a\u00e9rien \u00e0 Berlin<\/a><\/td>\r\n<td style=\"width: 30px;\">\u00a0<\/td>\r\n<td>Bon march\u00e9 <a href=\"https:\/\/tiketi.com\/fr-fr\/volants\/taxi-aerien\/hong-kong\/\" target=\"_blank\" rel=\"noopener\">taxi a\u00e9rien \u00e0 Hong Kong<\/a><\/td>\r\n<\/tr>\r\n<\/tbody>\r\n<\/table>\r\n<h2>\u00a0<\/h2>\r\n<h2>\u00a0<\/h2>","protected":false},"excerpt":{"rendered":"<p>Best Singapore Air Taxi Booking App The Cheap air taxi in Singapore online booking app allows users to easily reserve helicopter and flying taxi flight tickets. Air taxis in Singapore make it possible to travel quickly and affordably across the city. It may be one of the most expensive cities in the planet, but Singapore [&hellip;]<\/p>\n","protected":false},"author":1,"featured_media":14340,"parent":25621,"menu_order":0,"comment_status":"open","ping_status":"closed","template":"template-home-modern.php","meta":{"footnotes":""},"class_list":["post-10723","page","type-page","status-publish","has-post-thumbnail","hentry"],"yoast_head":"<!-- This site is optimized with the Yoast SEO plugin v27.2 - https:\/\/yoast.com\/product\/yoast-seo-wordpress\/ -->\n<title>Book an Air Taxi in Singapore Online | Cheap Flying Taxi Fares<\/title>\n<meta name=\"description\" content=\"Book an air taxi in Singapore online with our app. Compare routes, fares, &amp; flight tickets for air taxis, &amp; find affordable flying taxi options\" \/>\n<meta name=\"robots\" content=\"index, follow, max-snippet:-1, max-image-preview:large, max-video-preview:-1\" \/>\n<link rel=\"canonical\" href=\"https:\/\/tiketi.com\/fr-fr\/volants\/taxi-aerien\/singapore\/\" \/>\n<meta property=\"og:locale\" content=\"fr_FR\" \/>\n<meta property=\"og:type\" content=\"article\" \/>\n<meta property=\"og:title\" content=\"Book an Air Taxi in Singapore Online | Cheap Flying Taxi Fares\" \/>\n<meta property=\"og:description\" content=\"Book an air taxi in Singapore online with our app. Compare routes, fares, &amp; flight tickets for air taxis, &amp; find affordable flying taxi options\" \/>\n<meta property=\"og:url\" content=\"https:\/\/tiketi.com\/fr-fr\/volants\/taxi-aerien\/singapore\/\" \/>\n<meta property=\"og:site_name\" content=\"Tiketi.com\" \/>\n<meta property=\"article:publisher\" content=\"https:\/\/www.facebook.com\/TiketiCom\/\" \/>\n<meta property=\"article:modified_time\" content=\"2025-07-04T10:53:19+00:00\" \/>\n<meta property=\"og:image\" content=\"https:\/\/tiketi.com\/wp-content\/uploads\/2022\/01\/singapore-city-1283634_1280.jpg\" \/>\n\t<meta property=\"og:image:width\" content=\"1200\" \/>\n\t<meta property=\"og:image:height\" content=\"202\" \/>\n\t<meta property=\"og:image:type\" content=\"image\/jpeg\" \/>\n<meta name=\"twitter:card\" content=\"summary_large_image\" \/>\n<meta name=\"twitter:label1\" content=\"Dur\u00e9e de lecture estim\u00e9e\" \/>\n\t<meta name=\"twitter:data1\" content=\"6 minutes\" \/>\n<script type=\"application\/ld+json\" class=\"yoast-schema-graph\">{\"@context\":\"https:\/\/schema.org\",\"@graph\":[{\"@type\":\"WebPage\",\"@id\":\"https:\/\/tiketi.com\/flying\/air-taxi\/singapore\/\",\"url\":\"https:\/\/tiketi.com\/flying\/air-taxi\/singapore\/\",\"name\":\"Book an Air Taxi in Singapore Online | Cheap Flying Taxi Fares\",\"isPartOf\":{\"@id\":\"https:\/\/tiketi.com\/#website\"},\"primaryImageOfPage\":{\"@id\":\"https:\/\/tiketi.com\/flying\/air-taxi\/singapore\/#primaryimage\"},\"image\":{\"@id\":\"https:\/\/tiketi.com\/flying\/air-taxi\/singapore\/#primaryimage\"},\"thumbnailUrl\":\"https:\/\/tiketi.com\/wp-content\/uploads\/2022\/01\/singapore-city-1283634_1280.jpg\",\"datePublished\":\"2022-01-19T11:53:43+00:00\",\"dateModified\":\"2025-07-04T10:53:19+00:00\",\"description\":\"Book an air taxi in Singapore online with our app. Compare routes, fares, & flight tickets for air taxis, & find affordable flying taxi options\",\"breadcrumb\":{\"@id\":\"https:\/\/tiketi.com\/flying\/air-taxi\/singapore\/#breadcrumb\"},\"inLanguage\":\"fr-FR\",\"potentialAction\":[{\"@type\":\"ReadAction\",\"target\":[\"https:\/\/tiketi.com\/flying\/air-taxi\/singapore\/\"]}]},{\"@type\":\"ImageObject\",\"inLanguage\":\"fr-FR\",\"@id\":\"https:\/\/tiketi.com\/flying\/air-taxi\/singapore\/#primaryimage\",\"url\":\"https:\/\/tiketi.com\/wp-content\/uploads\/2022\/01\/singapore-city-1283634_1280.jpg\",\"contentUrl\":\"https:\/\/tiketi.com\/wp-content\/uploads\/2022\/01\/singapore-city-1283634_1280.jpg\",\"width\":1200,\"height\":202,\"caption\":\"Air Taxi in Singapore Booking - Destination Singapore Skyline\"},{\"@type\":\"BreadcrumbList\",\"@id\":\"https:\/\/tiketi.com\/flying\/air-taxi\/singapore\/#breadcrumb\",\"itemListElement\":[{\"@type\":\"ListItem\",\"position\":1,\"name\":\"Home\",\"item\":\"https:\/\/tiketi.com\/\"},{\"@type\":\"ListItem\",\"position\":2,\"name\":\"Flying\",\"item\":\"https:\/\/tiketi.com\/fr-fr\/volants\/\"},{\"@type\":\"ListItem\",\"position\":3,\"name\":\"Air Taxi\",\"item\":\"https:\/\/tiketi.com\/flying\/air-taxi\/\"},{\"@type\":\"ListItem\",\"position\":4,\"name\":\"Fly Over Singapore\u2019s Roads \u2013 Easy Air Taxi Singapore Online Bookings\"}]},{\"@type\":\"WebSite\",\"@id\":\"https:\/\/tiketi.com\/#website\",\"url\":\"https:\/\/tiketi.com\/\",\"name\":\"Flight & Bus Tickets, Tour Packages & Activitites - Tiketi.com\",\"description\":\"Flight &amp; Bus Tickets, Tours, Activitites\",\"publisher\":{\"@id\":\"https:\/\/tiketi.com\/#organization\"},\"potentialAction\":[{\"@type\":\"SearchAction\",\"target\":{\"@type\":\"EntryPoint\",\"urlTemplate\":\"https:\/\/tiketi.com\/?s={search_term_string}\"},\"query-input\":{\"@type\":\"PropertyValueSpecification\",\"valueRequired\":true,\"valueName\":\"search_term_string\"}}],\"inLanguage\":\"fr-FR\"},{\"@type\":\"Organization\",\"@id\":\"https:\/\/tiketi.com\/#organization\",\"name\":\"Tiketi.com\",\"alternateName\":\"Tiketi\",\"url\":\"https:\/\/tiketi.com\/\",\"logo\":{\"@type\":\"ImageObject\",\"inLanguage\":\"fr-FR\",\"@id\":\"https:\/\/tiketi.com\/#\/schema\/logo\/image\/\",\"url\":\"https:\/\/tiketi.com\/wp-content\/uploads\/2019\/05\/tiketi-logo-696.png\",\"contentUrl\":\"https:\/\/tiketi.com\/wp-content\/uploads\/2019\/05\/tiketi-logo-696.png\",\"width\":696,\"height\":696,\"caption\":\"Tiketi.com\"},\"image\":{\"@id\":\"https:\/\/tiketi.com\/#\/schema\/logo\/image\/\"},\"sameAs\":[\"https:\/\/www.facebook.com\/TiketiCom\/\"]}]}<\/script>\n<!-- \/ Yoast SEO plugin. -->","yoast_head_json":{"title":"Book an Air Taxi in Singapore Online | Cheap Flying Taxi Fares","description":"Book an air taxi in Singapore online with our app. Compare routes, fares, & flight tickets for air taxis, & find affordable flying taxi options","robots":{"index":"index","follow":"follow","max-snippet":"max-snippet:-1","max-image-preview":"max-image-preview:large","max-video-preview":"max-video-preview:-1"},"canonical":"https:\/\/tiketi.com\/fr-fr\/volants\/taxi-aerien\/singapore\/","og_locale":"fr_FR","og_type":"article","og_title":"Book an Air Taxi in Singapore Online | Cheap Flying Taxi Fares","og_description":"Book an air taxi in Singapore online with our app. Compare routes, fares, & flight tickets for air taxis, & find affordable flying taxi options","og_url":"https:\/\/tiketi.com\/fr-fr\/volants\/taxi-aerien\/singapore\/","og_site_name":"Tiketi.com","article_publisher":"https:\/\/www.facebook.com\/TiketiCom\/","article_modified_time":"2025-07-04T10:53:19+00:00","og_image":[{"width":1200,"height":202,"url":"https:\/\/tiketi.com\/wp-content\/uploads\/2022\/01\/singapore-city-1283634_1280.jpg","type":"image\/jpeg"}],"twitter_card":"summary_large_image","twitter_misc":{"Dur\u00e9e de lecture estim\u00e9e":"6 minutes"},"schema":{"@context":"https:\/\/schema.org","@graph":[{"@type":"WebPage","@id":"https:\/\/tiketi.com\/flying\/air-taxi\/singapore\/","url":"https:\/\/tiketi.com\/flying\/air-taxi\/singapore\/","name":"Book an Air Taxi in Singapore Online | Cheap Flying Taxi Fares","isPartOf":{"@id":"https:\/\/tiketi.com\/#website"},"primaryImageOfPage":{"@id":"https:\/\/tiketi.com\/flying\/air-taxi\/singapore\/#primaryimage"},"image":{"@id":"https:\/\/tiketi.com\/flying\/air-taxi\/singapore\/#primaryimage"},"thumbnailUrl":"https:\/\/tiketi.com\/wp-content\/uploads\/2022\/01\/singapore-city-1283634_1280.jpg","datePublished":"2022-01-19T11:53:43+00:00","dateModified":"2025-07-04T10:53:19+00:00","description":"Book an air taxi in Singapore online with our app. Compare routes, fares, & flight tickets for air taxis, & find affordable flying taxi options","breadcrumb":{"@id":"https:\/\/tiketi.com\/flying\/air-taxi\/singapore\/#breadcrumb"},"inLanguage":"fr-FR","potentialAction":[{"@type":"ReadAction","target":["https:\/\/tiketi.com\/flying\/air-taxi\/singapore\/"]}]},{"@type":"ImageObject","inLanguage":"fr-FR","@id":"https:\/\/tiketi.com\/flying\/air-taxi\/singapore\/#primaryimage","url":"https:\/\/tiketi.com\/wp-content\/uploads\/2022\/01\/singapore-city-1283634_1280.jpg","contentUrl":"https:\/\/tiketi.com\/wp-content\/uploads\/2022\/01\/singapore-city-1283634_1280.jpg","width":1200,"height":202,"caption":"Air Taxi in Singapore Booking - Destination Singapore Skyline"},{"@type":"BreadcrumbList","@id":"https:\/\/tiketi.com\/flying\/air-taxi\/singapore\/#breadcrumb","itemListElement":[{"@type":"ListItem","position":1,"name":"Home","item":"https:\/\/tiketi.com\/"},{"@type":"ListItem","position":2,"name":"Flying","item":"https:\/\/tiketi.com\/fr-fr\/volants\/"},{"@type":"ListItem","position":3,"name":"Air Taxi","item":"https:\/\/tiketi.com\/flying\/air-taxi\/"},{"@type":"ListItem","position":4,"name":"Fly Over Singapore\u2019s Roads \u2013 Easy Air Taxi Singapore Online Bookings"}]},{"@type":"WebSite","@id":"https:\/\/tiketi.com\/#website","url":"https:\/\/tiketi.com\/","name":"Billets d&#039;avion et de bus, forfaits touristiques et activit\u00e9s - Tiketi.com","description":"Billets d&#039;avion et de bus, Tours, Activit\u00e9s","publisher":{"@id":"https:\/\/tiketi.com\/#organization"},"potentialAction":[{"@type":"SearchAction","target":{"@type":"EntryPoint","urlTemplate":"https:\/\/tiketi.com\/?s={search_term_string}"},"query-input":{"@type":"PropertyValueSpecification","valueRequired":true,"valueName":"search_term_string"}}],"inLanguage":"fr-FR"},{"@type":"Organization","@id":"https:\/\/tiketi.com\/#organization","name":"Tiketi.com","alternateName":"Tiketi","url":"https:\/\/tiketi.com\/","logo":{"@type":"ImageObject","inLanguage":"fr-FR","@id":"https:\/\/tiketi.com\/#\/schema\/logo\/image\/","url":"https:\/\/tiketi.com\/wp-content\/uploads\/2019\/05\/tiketi-logo-696.png","contentUrl":"https:\/\/tiketi.com\/wp-content\/uploads\/2019\/05\/tiketi-logo-696.png","width":696,"height":696,"caption":"Tiketi.com"},"image":{"@id":"https:\/\/tiketi.com\/#\/schema\/logo\/image\/"},"sameAs":["https:\/\/www.facebook.com\/TiketiCom\/"]}]}},"_links":{"self":[{"href":"https:\/\/tiketi.com\/fr-fr\/wp-json\/wp\/v2\/pages\/10723","targetHints":{"allow":["GET"]}}],"collection":[{"href":"https:\/\/tiketi.com\/fr-fr\/wp-json\/wp\/v2\/pages"}],"about":[{"href":"https:\/\/tiketi.com\/fr-fr\/wp-json\/wp\/v2\/types\/page"}],"author":[{"embeddable":true,"href":"https:\/\/tiketi.com\/fr-fr\/wp-json\/wp\/v2\/users\/1"}],"replies":[{"embeddable":true,"href":"https:\/\/tiketi.com\/fr-fr\/wp-json\/wp\/v2\/comments?post=10723"}],"version-history":[{"count":6,"href":"https:\/\/tiketi.com\/fr-fr\/wp-json\/wp\/v2\/pages\/10723\/revisions"}],"predecessor-version":[{"id":31727,"href":"https:\/\/tiketi.com\/fr-fr\/wp-json\/wp\/v2\/pages\/10723\/revisions\/31727"}],"up":[{"embeddable":true,"href":"https:\/\/tiketi.com\/fr-fr\/wp-json\/wp\/v2\/pages\/25621"}],"wp:featuredmedia":[{"embeddable":true,"href":"https:\/\/tiketi.com\/fr-fr\/wp-json\/wp\/v2\/media\/14340"}],"wp:attachment":[{"href":"https:\/\/tiketi.com\/fr-fr\/wp-json\/wp\/v2\/media?parent=10723"}],"curies":[{"name":"wp","href":"https:\/\/api.w.org\/{rel}","templated":true}]}}