{"id":10725,"date":"2022-01-19T12:53:43","date_gmt":"2022-01-19T11:53:43","guid":{"rendered":"https:\/\/new.tiketi.com\/saudi-arabia-air-taxi-booking-app-electric-flying-taxis\/"},"modified":"2024-06-15T12:00:24","modified_gmt":"2024-06-15T11:00:24","slug":"saudi-arabia","status":"publish","type":"page","link":"https:\/\/tiketi.com\/fr-fr\/volants\/taxi-aerien\/saudi-arabia\/","title":{"rendered":"Air Taxi in Saudi Arabia Online Booking \u2013 Flying Routes &amp; Fares"},"content":{"rendered":"<h2 class=\"wp-block-heading\">Cheap electric Saudi Arabia air taxi booking app<\/h2>\n\n\n\n<p>Air taxi in Saudi Arabia online booking app service enable users to book flying taxi in Saudi Arabia, launching in major cities and metropolitan areas in Saudi Arabia. Autonomous air taxis in Saudi Arabia makes possible to travel cheap and fast in Saudi Arabia. As Saudi Arabia capital, Riyadh is a cultural center that seamlessly presents very old fortresses with new glass skyscrapers standing side-by-side. Even though Riyadh is a big city with nearly 1,800 square kilometers, it is in its new historic center where most of the amazing attractions are placed, including remnants of the old city walls that once saved this very old stop along the desert trade route. As with so many other things you will be able to make anytime and anywhere drone Saudi Arabia air taxi booking for your electric air taxi flight.<\/p>\n\n\n\n<h2 class=\"wp-block-heading\">Voici quelques-uns des avantages du taxi volant \u00e9lectrique en Arabie Saoudite<\/h2>\n\n\n\n<h3 class=\"wp-block-heading\">Pourquoi les taxis a\u00e9riens \u00e9lectriques seront-ils lanc\u00e9s en Arabie Saoudite dans les prochaines ann\u00e9es ?<\/h3>\n\n\n\n<p>Des mat\u00e9riaux composites plus l\u00e9gers, d&#039;excellents syst\u00e8mes de communication et de guidage et un programme permettant au v\u00e9hicule de voler tout seul ont tous jou\u00e9 un r\u00f4le. Surtout, la technologie des batteries est sur le point de rendre possible le vol \u00e9lectrique.<\/p>\n\n\n\n<h3 class=\"wp-block-heading\">O\u00f9 prendrez-vous des taxis a\u00e9riens autonomes en Arabie saoudite\u00a0?<\/h3>\n\n\n\n<p>\u00c0 des vertiports plus grands au sommet des b\u00e2timents, ce qui apportera aux propri\u00e9taires des b\u00e2timents des b\u00e9n\u00e9fices suppl\u00e9mentaires. C&#039;est ainsi que nous traiterons la question de la recherche d&#039;espace dans les villes surpeupl\u00e9es.<\/p>\n\n\n\n<h3 class=\"wp-block-heading\">Est-il s\u00fbr d&#039;avoir des centaines de taxis volants \u00e9lectriques en Arabie saoudite dans des centres urbains bond\u00e9s\u00a0?<\/h3>\n\n\n\n<p>Pour rendre possible le d\u00e9collage vertical, ces taxis drones en Arabie Saoudite ont besoin de plusieurs moteurs bien plus puissants que ce qui est n\u00e9cessaire pour un vol r\u00e9gulier. Cela signifie que si 1 ou 2 d&#039;entre eux tombent en panne, le v\u00e9hicule peut toujours voler ou planer en toute s\u00e9curit\u00e9.<\/p>\n\n\n\n<h3 class=\"wp-block-heading\">Qu&#039;en est-il d&#039;un terroriste prenant le contr\u00f4le d&#039;un taxi volant \u00e9lectrique en Arabie Saoudite ?<\/h3>\n\n\n\n<p><p>Comme sur les taxis volants \u00e9lectriques dans les avions saoudiens, vous pouvez s\u00e9parer la cabine des pilotes de la cabine des passagers pour rendre un d\u00e9tournement difficile. A d\u00e9faut, il y aurait peut-\u00eatre un syst\u00e8me permettant aux contr\u00f4leurs au sol de prendre le relais \u00e0 distance, en surveillant le pilote, si l&#039;engin s&#039;\u00e9carte de sa route pr\u00e9vue.<\/p>\n<h3>Combien co\u00fbtera un taxi volant \u00e9lectrique en Arabie Saoudite ?<\/h3><\/p>\n\n\n\n<p>Initialement, les taxis a\u00e9riens \u00e9lectriques en Arabie Saoudite co\u00fbteront environ $5,73 par passager-mile. Le prix du taxi drone en Arabie Saoudite chutera ensuite \u00e0 $1,85 par passager-mile avant de finalement atteindre le tarif incroyable de $0,44 par mile pour le client. Vous pouvez facilement r\u00e9server un taxi a\u00e9rien via des taxis volants par drone dans l&#039;application Arabie Saoudite.<\/p>\n\n\n\n<h2 class=\"wp-block-heading\">Avantages de l&#039;application de r\u00e9servation de taxi a\u00e9rien \u00e9lectrique en Arabie saoudite<\/h2>\n\n\n\n<p>Parmi ses autres avantages, la r\u00e9servation en ligne de taxis drones en Arabie Saoudite pourrait fournir un boom \u00e9conomique en augmentant le nombre de personnes se dirigeant vers des lieux de loisirs et de tourisme qui ne sont pas \u00e0 proximit\u00e9 des grands a\u00e9roports.<\/p>\n\n\n\n<h3 class=\"wp-block-heading\">L&#039;application de r\u00e9servation en ligne de taxi a\u00e9rien par drone en Arabie Saoudite serait-elle utilis\u00e9e pour r\u00e9server un vol de taxi a\u00e9rien \u00e9lectrique\u00a0?<\/h3>\n\n\n\n<p>Oui, les clients peuvent utiliser de mani\u00e8re transparente l&#039;application de r\u00e9servation de taxi a\u00e9rien \u00e9lectrique en Arabie saoudite en ligne pour trouver le meilleur itin\u00e9raire et r\u00e9server un taxi volant avec drone en Arabie saoudite \u00e0 tout moment et n&#039;importe o\u00f9.<\/p>","protected":false},"excerpt":{"rendered":"<p>Cheap electric Saudi Arabia air taxi booking app Air taxi in Saudi Arabia online booking app service enable users to book flying taxi in Saudi Arabia, launching in major cities and metropolitan areas in Saudi Arabia. Autonomous air taxis in Saudi Arabia makes possible to travel cheap and fast in Saudi Arabia. As Saudi Arabia [&hellip;]<\/p>\n","protected":false},"author":1,"featured_media":17189,"parent":25621,"menu_order":0,"comment_status":"open","ping_status":"closed","template":"template-home-modern.php","meta":{"footnotes":""},"class_list":["post-10725","page","type-page","status-publish","has-post-thumbnail","hentry"],"yoast_head":"<!-- This site is optimized with the Yoast SEO plugin v27.3 - https:\/\/yoast.com\/product\/yoast-seo-wordpress\/ -->\n<title>Air Taxi in Saudi Arabia Online Booking \u2013 Flying Routes &amp; Fares<\/title>\n<meta name=\"description\" content=\"Looking for cheap air taxi in Saudi Arabia online booking app, route, schedule &amp; fare? Compare drone air taxis &amp; book your flying taxi in Saudi Arabia\" \/>\n<meta name=\"robots\" content=\"index, follow, max-snippet:-1, max-image-preview:large, max-video-preview:-1\" \/>\n<link rel=\"canonical\" href=\"https:\/\/tiketi.com\/fr-fr\/volants\/taxi-aerien\/saudi-arabia\/\" \/>\n<meta property=\"og:locale\" content=\"fr_FR\" \/>\n<meta property=\"og:type\" content=\"article\" \/>\n<meta property=\"og:title\" content=\"Air Taxi in Saudi Arabia Online Booking \u2013 Flying Routes &amp; Fares\" \/>\n<meta property=\"og:description\" content=\"Looking for cheap air taxi in Saudi Arabia online booking app, route, schedule &amp; fare? Compare drone air taxis &amp; book your flying taxi in Saudi Arabia\" \/>\n<meta property=\"og:url\" content=\"https:\/\/tiketi.com\/fr-fr\/volants\/taxi-aerien\/saudi-arabia\/\" \/>\n<meta property=\"og:site_name\" content=\"Tiketi.com\" \/>\n<meta property=\"article:publisher\" content=\"https:\/\/www.facebook.com\/TiketiCom\/\" \/>\n<meta property=\"article:modified_time\" content=\"2024-06-15T11:00:24+00:00\" \/>\n<meta property=\"og:image\" content=\"https:\/\/tiketi.com\/wp-content\/uploads\/2022\/02\/riyadh-2197496_1280.jpg\" \/>\n\t<meta property=\"og:image:width\" content=\"1200\" \/>\n\t<meta property=\"og:image:height\" content=\"203\" \/>\n\t<meta property=\"og:image:type\" content=\"image\/jpeg\" \/>\n<meta name=\"twitter:card\" content=\"summary_large_image\" \/>\n<meta name=\"twitter:label1\" content=\"Dur\u00e9e de lecture estim\u00e9e\" \/>\n\t<meta name=\"twitter:data1\" content=\"3 minutes\" \/>\n<script type=\"application\/ld+json\" class=\"yoast-schema-graph\">{\"@context\":\"https:\\\/\\\/schema.org\",\"@graph\":[{\"@type\":\"WebPage\",\"@id\":\"https:\\\/\\\/tiketi.com\\\/flying\\\/air-taxi\\\/saudi-arabia\\\/\",\"url\":\"https:\\\/\\\/tiketi.com\\\/flying\\\/air-taxi\\\/saudi-arabia\\\/\",\"name\":\"Air Taxi in Saudi Arabia Online Booking \u2013 Flying Routes & Fares\",\"isPartOf\":{\"@id\":\"https:\\\/\\\/tiketi.com\\\/#website\"},\"primaryImageOfPage\":{\"@id\":\"https:\\\/\\\/tiketi.com\\\/flying\\\/air-taxi\\\/saudi-arabia\\\/#primaryimage\"},\"image\":{\"@id\":\"https:\\\/\\\/tiketi.com\\\/flying\\\/air-taxi\\\/saudi-arabia\\\/#primaryimage\"},\"thumbnailUrl\":\"https:\\\/\\\/tiketi.com\\\/wp-content\\\/uploads\\\/2022\\\/02\\\/riyadh-2197496_1280.jpg\",\"datePublished\":\"2022-01-19T11:53:43+00:00\",\"dateModified\":\"2024-06-15T11:00:24+00:00\",\"description\":\"Looking for cheap air taxi in Saudi Arabia online booking app, route, schedule & fare? Compare drone air taxis & book your flying taxi in Saudi Arabia\",\"breadcrumb\":{\"@id\":\"https:\\\/\\\/tiketi.com\\\/flying\\\/air-taxi\\\/saudi-arabia\\\/#breadcrumb\"},\"inLanguage\":\"fr-FR\",\"potentialAction\":[{\"@type\":\"ReadAction\",\"target\":[\"https:\\\/\\\/tiketi.com\\\/flying\\\/air-taxi\\\/saudi-arabia\\\/\"]}]},{\"@type\":\"ImageObject\",\"inLanguage\":\"fr-FR\",\"@id\":\"https:\\\/\\\/tiketi.com\\\/flying\\\/air-taxi\\\/saudi-arabia\\\/#primaryimage\",\"url\":\"https:\\\/\\\/tiketi.com\\\/wp-content\\\/uploads\\\/2022\\\/02\\\/riyadh-2197496_1280.jpg\",\"contentUrl\":\"https:\\\/\\\/tiketi.com\\\/wp-content\\\/uploads\\\/2022\\\/02\\\/riyadh-2197496_1280.jpg\",\"width\":1200,\"height\":203,\"caption\":\"Air Taxi in Riyadh Booking\"},{\"@type\":\"BreadcrumbList\",\"@id\":\"https:\\\/\\\/tiketi.com\\\/flying\\\/air-taxi\\\/saudi-arabia\\\/#breadcrumb\",\"itemListElement\":[{\"@type\":\"ListItem\",\"position\":1,\"name\":\"Home\",\"item\":\"https:\\\/\\\/tiketi.com\\\/\"},{\"@type\":\"ListItem\",\"position\":2,\"name\":\"Flying\",\"item\":\"https:\\\/\\\/tiketi.com\\\/fr-fr\\\/volants\\\/\"},{\"@type\":\"ListItem\",\"position\":3,\"name\":\"Air Taxi\",\"item\":\"https:\\\/\\\/tiketi.com\\\/flying\\\/air-taxi\\\/\"},{\"@type\":\"ListItem\",\"position\":4,\"name\":\"Air Taxi in Saudi Arabia Online Booking \u2013 Flying Routes &amp; Fares\"}]},{\"@type\":\"WebSite\",\"@id\":\"https:\\\/\\\/tiketi.com\\\/#website\",\"url\":\"https:\\\/\\\/tiketi.com\\\/\",\"name\":\"Flight & Bus Tickets, Tour Packages & Activitites - Tiketi.com\",\"description\":\"Flight &amp; Bus Tickets, Tours, Activitites\",\"publisher\":{\"@id\":\"https:\\\/\\\/tiketi.com\\\/#organization\"},\"potentialAction\":[{\"@type\":\"SearchAction\",\"target\":{\"@type\":\"EntryPoint\",\"urlTemplate\":\"https:\\\/\\\/tiketi.com\\\/?s={search_term_string}\"},\"query-input\":{\"@type\":\"PropertyValueSpecification\",\"valueRequired\":true,\"valueName\":\"search_term_string\"}}],\"inLanguage\":\"fr-FR\"},{\"@type\":\"Organization\",\"@id\":\"https:\\\/\\\/tiketi.com\\\/#organization\",\"name\":\"Tiketi.com\",\"alternateName\":\"Tiketi\",\"url\":\"https:\\\/\\\/tiketi.com\\\/\",\"logo\":{\"@type\":\"ImageObject\",\"inLanguage\":\"fr-FR\",\"@id\":\"https:\\\/\\\/tiketi.com\\\/#\\\/schema\\\/logo\\\/image\\\/\",\"url\":\"https:\\\/\\\/tiketi.com\\\/wp-content\\\/uploads\\\/2019\\\/05\\\/tiketi-logo-696.png\",\"contentUrl\":\"https:\\\/\\\/tiketi.com\\\/wp-content\\\/uploads\\\/2019\\\/05\\\/tiketi-logo-696.png\",\"width\":696,\"height\":696,\"caption\":\"Tiketi.com\"},\"image\":{\"@id\":\"https:\\\/\\\/tiketi.com\\\/#\\\/schema\\\/logo\\\/image\\\/\"},\"sameAs\":[\"https:\\\/\\\/www.facebook.com\\\/TiketiCom\\\/\"]}]}<\/script>\n<!-- \/ Yoast SEO plugin. -->","yoast_head_json":{"title":"R\u00e9servation en ligne de taxi a\u00e9rien en Arabie saoudite \u2013 Itin\u00e9raires et tarifs","description":"Looking for cheap air taxi in Saudi Arabia online booking app, route, schedule & fare? Compare drone air taxis & book your flying taxi in Saudi Arabia","robots":{"index":"index","follow":"follow","max-snippet":"max-snippet:-1","max-image-preview":"max-image-preview:large","max-video-preview":"max-video-preview:-1"},"canonical":"https:\/\/tiketi.com\/fr-fr\/volants\/taxi-aerien\/saudi-arabia\/","og_locale":"fr_FR","og_type":"article","og_title":"Air Taxi in Saudi Arabia Online Booking \u2013 Flying Routes & Fares","og_description":"Looking for cheap air taxi in Saudi Arabia online booking app, route, schedule & fare? Compare drone air taxis & book your flying taxi in Saudi Arabia","og_url":"https:\/\/tiketi.com\/fr-fr\/volants\/taxi-aerien\/saudi-arabia\/","og_site_name":"Tiketi.com","article_publisher":"https:\/\/www.facebook.com\/TiketiCom\/","article_modified_time":"2024-06-15T11:00:24+00:00","og_image":[{"width":1200,"height":203,"url":"https:\/\/tiketi.com\/wp-content\/uploads\/2022\/02\/riyadh-2197496_1280.jpg","type":"image\/jpeg"}],"twitter_card":"summary_large_image","twitter_misc":{"Dur\u00e9e de lecture estim\u00e9e":"3 minutes"},"schema":{"@context":"https:\/\/schema.org","@graph":[{"@type":"WebPage","@id":"https:\/\/tiketi.com\/flying\/air-taxi\/saudi-arabia\/","url":"https:\/\/tiketi.com\/flying\/air-taxi\/saudi-arabia\/","name":"R\u00e9servation en ligne de taxi a\u00e9rien en Arabie saoudite \u2013 Itin\u00e9raires et tarifs","isPartOf":{"@id":"https:\/\/tiketi.com\/#website"},"primaryImageOfPage":{"@id":"https:\/\/tiketi.com\/flying\/air-taxi\/saudi-arabia\/#primaryimage"},"image":{"@id":"https:\/\/tiketi.com\/flying\/air-taxi\/saudi-arabia\/#primaryimage"},"thumbnailUrl":"https:\/\/tiketi.com\/wp-content\/uploads\/2022\/02\/riyadh-2197496_1280.jpg","datePublished":"2022-01-19T11:53:43+00:00","dateModified":"2024-06-15T11:00:24+00:00","description":"Looking for cheap air taxi in Saudi Arabia online booking app, route, schedule & fare? Compare drone air taxis & book your flying taxi in Saudi Arabia","breadcrumb":{"@id":"https:\/\/tiketi.com\/flying\/air-taxi\/saudi-arabia\/#breadcrumb"},"inLanguage":"fr-FR","potentialAction":[{"@type":"ReadAction","target":["https:\/\/tiketi.com\/flying\/air-taxi\/saudi-arabia\/"]}]},{"@type":"ImageObject","inLanguage":"fr-FR","@id":"https:\/\/tiketi.com\/flying\/air-taxi\/saudi-arabia\/#primaryimage","url":"https:\/\/tiketi.com\/wp-content\/uploads\/2022\/02\/riyadh-2197496_1280.jpg","contentUrl":"https:\/\/tiketi.com\/wp-content\/uploads\/2022\/02\/riyadh-2197496_1280.jpg","width":1200,"height":203,"caption":"Air Taxi in Riyadh Booking"},{"@type":"BreadcrumbList","@id":"https:\/\/tiketi.com\/flying\/air-taxi\/saudi-arabia\/#breadcrumb","itemListElement":[{"@type":"ListItem","position":1,"name":"Home","item":"https:\/\/tiketi.com\/"},{"@type":"ListItem","position":2,"name":"Flying","item":"https:\/\/tiketi.com\/fr-fr\/volants\/"},{"@type":"ListItem","position":3,"name":"Air Taxi","item":"https:\/\/tiketi.com\/flying\/air-taxi\/"},{"@type":"ListItem","position":4,"name":"Air Taxi in Saudi Arabia Online Booking \u2013 Flying Routes &amp; Fares"}]},{"@type":"WebSite","@id":"https:\/\/tiketi.com\/#website","url":"https:\/\/tiketi.com\/","name":"Billets d&#039;avion et de bus, forfaits touristiques et activit\u00e9s - Tiketi.com","description":"Billets d&#039;avion et de bus, Tours, Activit\u00e9s","publisher":{"@id":"https:\/\/tiketi.com\/#organization"},"potentialAction":[{"@type":"SearchAction","target":{"@type":"EntryPoint","urlTemplate":"https:\/\/tiketi.com\/?s={search_term_string}"},"query-input":{"@type":"PropertyValueSpecification","valueRequired":true,"valueName":"search_term_string"}}],"inLanguage":"fr-FR"},{"@type":"Organization","@id":"https:\/\/tiketi.com\/#organization","name":"Tiketi.com","alternateName":"Tiketi","url":"https:\/\/tiketi.com\/","logo":{"@type":"ImageObject","inLanguage":"fr-FR","@id":"https:\/\/tiketi.com\/#\/schema\/logo\/image\/","url":"https:\/\/tiketi.com\/wp-content\/uploads\/2019\/05\/tiketi-logo-696.png","contentUrl":"https:\/\/tiketi.com\/wp-content\/uploads\/2019\/05\/tiketi-logo-696.png","width":696,"height":696,"caption":"Tiketi.com"},"image":{"@id":"https:\/\/tiketi.com\/#\/schema\/logo\/image\/"},"sameAs":["https:\/\/www.facebook.com\/TiketiCom\/"]}]}},"_links":{"self":[{"href":"https:\/\/tiketi.com\/fr-fr\/wp-json\/wp\/v2\/pages\/10725","targetHints":{"allow":["GET"]}}],"collection":[{"href":"https:\/\/tiketi.com\/fr-fr\/wp-json\/wp\/v2\/pages"}],"about":[{"href":"https:\/\/tiketi.com\/fr-fr\/wp-json\/wp\/v2\/types\/page"}],"author":[{"embeddable":true,"href":"https:\/\/tiketi.com\/fr-fr\/wp-json\/wp\/v2\/users\/1"}],"replies":[{"embeddable":true,"href":"https:\/\/tiketi.com\/fr-fr\/wp-json\/wp\/v2\/comments?post=10725"}],"version-history":[{"count":0,"href":"https:\/\/tiketi.com\/fr-fr\/wp-json\/wp\/v2\/pages\/10725\/revisions"}],"up":[{"embeddable":true,"href":"https:\/\/tiketi.com\/fr-fr\/wp-json\/wp\/v2\/pages\/25621"}],"wp:featuredmedia":[{"embeddable":true,"href":"https:\/\/tiketi.com\/fr-fr\/wp-json\/wp\/v2\/media\/17189"}],"wp:attachment":[{"href":"https:\/\/tiketi.com\/fr-fr\/wp-json\/wp\/v2\/media?parent=10725"}],"curies":[{"name":"wp","href":"https:\/\/api.w.org\/{rel}","templated":true}]}}