{"id":10726,"date":"2022-01-19T12:53:43","date_gmt":"2022-01-19T11:53:43","guid":{"rendered":"https:\/\/new.tiketi.com\/sao-paulo-air-taxi-booking-app-electric-flying-taxis\/"},"modified":"2025-07-11T15:33:17","modified_gmt":"2025-07-11T14:33:17","slug":"sao-paulo","status":"publish","type":"page","link":"https:\/\/tiketi.com\/fr-fr\/volants\/taxi-aerien\/sao-paulo\/","title":{"rendered":"Fly Over Sao Paulo\u2019s Roads \u2013 Easy Air Taxi Sao Paulo Online Bookings"},"content":{"rendered":"<h2 id=\"electric-dubai-air-taxi-booking-app\" class=\"wp-block-heading\">Book a Flying Taxi in Sao Paulo \u2013 Fast, Green, and Affordable Urban Travel<\/h2>\r\n<h2><span style=\"color: initial; font-size: revert;\">\r\n\r\n<\/span><\/h2>\r\n<p>The Cheap air taxi in Sao Paulo online booking app allows users to easily reserve helicopter and flying taxi flight tickets. Air taxis in Sao Paulo make it possible to travel quickly and affordably across the city.<span style=\"font-size: 16px;\"> Sao Paulo is the richest and most famous state in Brazil and its capital city, bearing the same name, is the biggest city in all of South America. As such, Sao Paulo is one of the country&#8217;s and, indeed, the continent&#8217;s most important areas. Actually, it contributes over a third of Brazil GPS (Gross Domestic product). As with so many other things you will be able to make anytime and anywhere drone Sao Paulo air taxi booking for your electric air taxi flight.<\/span><\/p>\r\n\r\n\r\n\r\n<p>C&#039;est \u00e9galement l&#039;une des dix plus grandes zones m\u00e9tropolitaines de la plan\u00e8te. Sao Paulo est une ville internationale avec une puissante influence dans les domaines du divertissement, des arts, du commerce et de la finance, et la ville accueille le plus grand d\u00e9fil\u00e9 de la fiert\u00e9 gay de la plan\u00e8te. Connue famili\u00e8rement sous le nom de Cidade da Garoa ou Sampa, la municipalit\u00e9 comptait en 2011 une population de 11,32 millions d&#039;habitants.<\/p>\r\n\r\n\r\n\r\n<p>Sao Paulo est l\u2019une des villes les plus riches de l\u2019h\u00e9misph\u00e8re sud, m\u00eame si les in\u00e9galit\u00e9s entre les classes g\u00e9n\u00e9ralement observ\u00e9es \u00e0 Sao Paulo sont d\u00e9lib\u00e9r\u00e9es. Historiquement \u00e9tonnante pour les immigrants ainsi que pour les Br\u00e9siliens d&#039;autres \u00c9tats, c&#039;est l&#039;une des villes les plus diversifi\u00e9es de la plan\u00e8te.<\/p>\r\n<h2>Pourquoi choisir un taxi volant ?<\/h2>\r\n<ul>\r\n<li><strong>Save hours every week<\/strong> \u2013 go from a 60-minute slog to an 8-minute skyride<\/li>\r\n<li><strong>Peaceful &amp; planet-friendly<\/strong> \u2013 up to 100x quieter than helicopters, with zero emissions<\/li>\r\n<li><strong>Certified safety<\/strong> \u2013 flown by licensed pilots, with built-in safety redundancies<\/li>\r\n<li><strong>Effortless luxury<\/strong> \u2013 just tap to book and take off<\/li>\r\n<\/ul>\r\n<p><!-- \/wp:post-content -->\r\n\r\n<!-- wp:paragraph --><\/p>\r\n<h2>How Our Air Taxi in Sao Paulo Booking Service Works<\/h2>\r\n<p>Booking your air taxi is as simple as ordering a rideshare:<\/p>\r\n<ol>\r\n<li><strong>Ouvrez le <a href=\"https:\/\/tiketi.com\/fr-fr\/download-tiketi-app\/\" target=\"_blank\" rel=\"noopener\">Application Tiketi<\/a> ou site Web<\/strong><\/li>\r\n<li><strong>Choose your departure<\/strong> from one of S\u00e3o Paulo\u2019s convenient vertiports (e.g., S\u00e3o Paulo\u2013Guarulhos International Airport, Congonhas Airport, Paulista Avenue)<\/li>\r\n<li><strong>Choisissez votre avion<\/strong> \u2013 Choose from a sleek, all-electric 2- or 4-seater air taxi<\/li>\r\n<li><strong>Confirmer et partir<\/strong> \u2013 Your flight is booked in real-time, and your skyport is ready when you are.<\/li>\r\n<\/ol>\r\n<p>In just minutes, you&#8217;ll be airborne\u2014soaring over S\u00e3o Paulo\u2019s iconic skyline, from the vibrant neighborhoods of Vila Madalena to the financial heart of Faria Lima, all while avoiding the heavy traffic below.<\/p>\r\n<h2>Flying Taxi Routes in Sao Paulo &#8211; Sky High in Minutes<\/h2>\r\n<p>S\u00e3o Paulo\u2019s aerial transport network is rapidly taking shape, with several routes already under development:<\/p>\r\n<ul>\r\n<li><strong>S\u00e3o Paulo\u2013Guarulhos International Airport \u2192 Paulista Avenue<\/strong> \u2013 ~12 minutes (vs. 50-90 minutes by road)<\/li>\r\n<li><strong>Congonhas Airport \u2192 Moema<\/strong> \u2013 5\u20137 minutes<\/li>\r\n<\/ul>\r\n<p>\u00a0Les itin\u00e9raires futurs comprennent\u00a0:<\/p>\r\n<ul>\r\n<li><strong>S\u00e3o Paulo \u2192 Campinas<\/strong> (~20 minutes)<\/li>\r\n<li><strong>S\u00e3o Paulo \u2192 Santos<\/strong> (~30 minutes)<\/li>\r\n<\/ul>\r\n<p>With backing from S\u00e3o Paulo\u2019s aviation authorities, we expect these flying taxi routes to be operational within the next few years.<\/p>\r\n<h2>Options de tarification et de r\u00e9servation des taxis volants<\/h2>\r\n<p>Nos prix sont comp\u00e9titifs et con\u00e7us pour offrir un rapport qualit\u00e9-prix maximal\u00a0:<\/p>\r\n<ul>\r\n<li><strong>Tarifs actuels\u00a0:<\/strong> ~$6,50 par passager-mille (les prix devraient baisser \u00e0 environ $2,50 \u00e0 mesure que la demande augmentera)<\/li>\r\n<li>E<strong>xample:<\/strong> S\u00e3o Paulo\u2013Guarulhos International Airport to Paulista Avenue (~20 miles) = $130\u2013$260, comparable to high-end taxi services.<\/li>\r\n<\/ul>\r\n<p>\u00c0 venir:<\/p>\r\n<ul>\r\n<li><strong>Plans de transport en commun<\/strong><\/li>\r\n<li><strong>forfaits de groupe et d&#039;entreprise<\/strong><\/li>\r\n<li><strong>Remises sur volume<\/strong><\/li>\r\n<\/ul>\r\n<p>R\u00e9servez votre vol facilement via l&#039;application, en ligne ou avec notre service de conciergerie. Besoin de services suppl\u00e9mentaires comme un si\u00e8ge enfant ou un transfert\u00a0? Nous nous occupons de tout.<\/p>\r\n<h2>Foire aux questions<\/h2>\r\n<h3>Pourquoi prendre un taxi a\u00e9rien ?<\/h3>\r\n<p>S\u00e3o Paulo, Brazil&#8217;s largest city, is known for its bustling energy, booming economy, and vibrant culture, but it\u2019s also infamous for its unbearable traffic. With millions of people on the move every day, navigating the congested streets can be frustrating and time-consuming. But why sit in traffic when you could fly above it? Our eVTOL (electric vertical takeoff and landing) air taxis provide a faster, more efficient way to travel across S\u00e3o Paulo\u2014whisking you from one side of the city to another in just a few minutes. It\u2019s not just about getting there faster; it\u2019s about reclaiming your valuable time.<\/p>\r\n<h3>Est-ce s\u00fbr?<\/h3>\r\n<p>Yes. All flights are piloted, certified by the CAA, and use redundant safety systems.<\/p>\r\n<h3>Les vols peuvent-ils \u00eatre assur\u00e9s par mauvais temps\u00a0?<\/h3>\r\n<p>Safety is our priority. In case of poor weather, we\u2019ll notify you instantly and assist with rescheduling or refunds.<\/p>\r\n<h3>Puis-je apporter des bagages ?<\/h3>\r\n<p>Carry-ons are welcome. For larger items, we\u2019ll coordinate ground delivery at your destination.<\/p>\r\n<!-- \/wp:paragraph -->\r\n\r\n<!-- wp:heading -->\r\n<h2 class=\"wp-block-heading\">Voici quelques-uns des meilleurs avantages du taxi volant \u00e9lectrique \u00e0 Sao Paulo<\/h2>\r\n<!-- \/wp:heading -->\r\n\r\n<!-- wp:heading {\"level\":3} -->\r\n<h3 class=\"wp-block-heading\">Are electric air taxis in Sao Paulo not rock or jet science?<\/h3>\r\n<!-- \/wp:heading -->\r\n\r\n<!-- wp:paragraph -->\r\n<p>Ces taxis volants \u00e9lectriques embarqu\u00e9s dans des v\u00e9hicules de Sao Paulo ne sont pas de simples avions. Les jets sont des \u00e9quipements tr\u00e8s sophistiqu\u00e9s et complexes. Ils sont pressuris\u00e9s afin que les passagers n&#039;aient pas \u00e0 porter de masques \u00e0 oxyg\u00e8ne \u00e0 40 000 pieds, ils sont fabriqu\u00e9s avec l&#039;\u00e9quipement le plus co\u00fbteux et le plus durable pour pouvoir voler \u00e0 cinq cents milles \u00e0 l&#039;heure.<\/p>\r\n<!-- \/wp:paragraph -->\r\n\r\n<!-- wp:heading {\"level\":3} -->\r\n<h3 class=\"wp-block-heading\">Are air taxis in Sao Paulo energy efficient?<\/h3>\r\n<!-- \/wp:heading -->\r\n\r\n<!-- wp:paragraph -->\r\n<p>Pour comprendre de quelle puissance ces v\u00e9hicules a\u00e9riens auraient besoin, les experts ont utilis\u00e9 des donn\u00e9es accessibles provenant d\u2019autres rapports scientifiques et industriels. Les mod\u00e8les de v\u00e9hicules envisag\u00e9s avaient un si\u00e8ge pilote et quatre si\u00e8ges passagers, volaient \u00e0 une altitude de 1 000 pieds et pouvaient zoomer jusqu&#039;\u00e0 150 milles \u00e0 l&#039;heure. Ils ont compar\u00e9 cet exemple \u00e0 2 v\u00e9hicules, un \u00e0 essence, parcourant 34,1 milles par gallon, et un autre, \u00e0 commande \u00e9lectrique, qui parcourait l&#039;\u00e9quivalent de 108,5 milles par gallon en fonction de sa consommation d&#039;\u00e9nergie. Les experts comparent l\u2019efficacit\u00e9 des trois v\u00e9hicules \u00e0 des distances de trois \u00e0 155 milles.<\/p>\r\n<!-- \/wp:paragraph -->\r\n\r\n<!-- wp:heading {\"level\":3} -->\r\n<h3 class=\"wp-block-heading\">Quelle est la vitesse du taxi volant \u00e9lectrique \u00e0 Sao Paulo ?<\/h3>\r\n<!-- \/wp:heading -->\r\n\r\n<!-- wp:paragraph -->\r\n<p>Les taxis a\u00e9riens \u00e9lectriques de 5 personnes \u00e0 Sao Paulo auront une vitesse de croisi\u00e8re de 180 mph et une altitude de croisi\u00e8re d&#039;environ 1 000 \u00e0 2 000 pieds au-dessus du sol. Les taxis drones de Sao Paulo g\u00e9n\u00e9reront moins de bruit qu\u2019un h\u00e9licopt\u00e8re \u00e0 moteur \u00e0 combustion, ce qui est important pour les villes pr\u00e9occup\u00e9es par la pollution sonore.<\/p>\r\n<!-- \/wp:paragraph -->\r\n\r\n<!-- wp:paragraph -->\r\n<p>Fonctionnement \u00e9lectrique, bruit minimal et fonctions de d\u00e9collage et d&#039;atterrissage verticaux - ainsi qu&#039;une entreprise capable d&#039;adapter la production pour construire des dizaines de milliers de v\u00e9hicules afin de r\u00e9pondre \u00e0 la demande de service \u00e0 la demande.<\/p>\r\n<h3>How much will an electric flying\u00a0taxis in Sao Paulo cost?<\/h3>\r\n<!-- \/wp:paragraph -->\r\n\r\n<!-- wp:paragraph -->\r\n<p>Initialement, les taxis drones \u00e0 Sao Paulo co\u00fbteront environ $5,73 par passager-mile. Le prix du taxi a\u00e9rien \u00e0 Sao Paulo chutera ensuite \u00e0 $1,85 par passager-mile avant de finalement atteindre le tarif incroyable de $0,44 par mile pour le client. Vous pouvez facilement r\u00e9server des billets d&#039;avion en taxi a\u00e9rien via des taxis volants \u00e9lectriques dans l&#039;application Sao Paulo.<\/p>\r\n<!-- \/wp:paragraph -->\r\n\r\n<!-- wp:heading -->\r\n<h3>\u00a0What are the advantages of best electric Sao Paulo air taxi booking app?<\/h3>\r\n<!-- \/wp:heading -->\r\n\r\n<!-- wp:paragraph -->\r\n<p>Parmi ses autres avantages, la r\u00e9servation en ligne de taxis drones \u00e0 Sao Paulo pourrait g\u00e9n\u00e9rer un boom \u00e9conomique en augmentant le nombre de personnes se dirigeant vers des lieux de loisirs et de tourisme \u00e9loign\u00e9s des grands a\u00e9roports.<\/p>\r\n<!-- \/wp:paragraph -->\r\n\r\n<!-- wp:heading {\"level\":3} -->\r\n<h3 id=\"would-drone-air-taxi-in-london-online-booking-app-be-used-to-book-a-electric-air-taxi-flight\" class=\"wp-block-heading\">Can the air taxis in Sao Paulo online booking app be used to reserve electric air taxi flight tickets?<\/h3>\r\n<!-- \/wp:heading -->\r\n\r\n<!-- wp:paragraph -->\r\n<p>Oui, les clients peuvent utiliser de mani\u00e8re transparente l&#039;application de r\u00e9servation de taxi a\u00e9rien \u00e9lectrique en ligne de Sao Paulo pour trouver le meilleur itin\u00e9raire et r\u00e9server un taxi volant par drone \u00e0 Sao Paulo, \u00e0 tout moment et n&#039;importe o\u00f9.<\/p>\r\n<h2>Autres vols populaires en taxi a\u00e9rien<\/h2>\r\n<table border=\"0\" cellspacing=\"1\" cellpadding=\"1\">\r\n<tbody>\r\n<tr>\r\n<td>Bon march\u00e9 <a href=\"https:\/\/tiketi.com\/fr-fr\/volants\/taxi-aerien\/rio-de-janeiro\/\" target=\"_blank\" rel=\"noopener\">air taxi in Rio de Janeiro<\/a><\/td>\r\n<td style=\"width: 30px;\">\u00a0<\/td>\r\n<td>Bon march\u00e9 <a href=\"https:\/\/tiketi.com\/fr-fr\/volants\/taxi-aerien\/london\/\" target=\"_blank\" rel=\"noopener\">taxi a\u00e9rien \u00e0 Londres<\/a><\/td>\r\n<td style=\"width: 30px;\">\u00a0<\/td>\r\n<td>Bon march\u00e9 <a href=\"https:\/\/tiketi.com\/fr-fr\/volants\/taxi-aerien\/dubai\/\" target=\"_blank\" rel=\"noopener\">taxi a\u00e9rien \u00e0 Duba\u00ef<\/a><\/td>\r\n<\/tr>\r\n<tr>\r\n<td>Bon march\u00e9 <a href=\"https:\/\/tiketi.com\/fr-fr\/volants\/taxi-aerien\/singapore\/\" target=\"_blank\" rel=\"noopener\">taxi a\u00e9rien \u00e0 Singapour<\/a><\/td>\r\n<td style=\"width: 30px;\">\u00a0<\/td>\r\n<td>Bon march\u00e9 <a href=\"https:\/\/tiketi.com\/fr-fr\/volants\/taxi-aerien\/new-york-nyc\/\" target=\"_blank\" rel=\"noopener\">taxi a\u00e9rien \u00e0 New York<\/a><\/td>\r\n<td style=\"width: 30px;\">\u00a0<\/td>\r\n<td>Bon march\u00e9 <a href=\"https:\/\/tiketi.com\/fr-fr\/volants\/taxi-aerien\/paris\/\" target=\"_blank\" rel=\"noopener\">taxi a\u00e9rien \u00e0 Paris<\/a><\/td>\r\n<\/tr>\r\n<tr>\r\n<td>Bon march\u00e9 <a href=\"https:\/\/tiketi.com\/fr-fr\/volants\/taxi-aerien\/sydney\/\" target=\"_blank\" rel=\"noopener\">taxi a\u00e9rien \u00e0 Sydney<\/a><\/td>\r\n<td style=\"width: 30px;\">\u00a0<\/td>\r\n<td>Bon march\u00e9 <a href=\"https:\/\/tiketi.com\/fr-fr\/volants\/taxi-aerien\/berlin\/\" target=\"_blank\" rel=\"noopener\">taxi a\u00e9rien \u00e0 Berlin<\/a><\/td>\r\n<td style=\"width: 30px;\">\u00a0<\/td>\r\n<td>Bon march\u00e9 <a href=\"https:\/\/tiketi.com\/fr-fr\/volants\/taxi-aerien\/hong-kong\/\" target=\"_blank\" rel=\"noopener\">taxi a\u00e9rien \u00e0 Hong Kong<\/a><\/td>\r\n<\/tr>\r\n<\/tbody>\r\n<\/table>\r\n<p><!-- \/wp:paragraph --><!-- \/wp:post-content --><!-- \/wp:post-content -->\r\n\r\n<!-- wp:paragraph --><!-- \/wp:paragraph -->\r\n\r\n<!-- wp:paragraph --><!-- \/wp:paragraph -->\r\n\r\n<!-- wp:paragraph --><!-- \/wp:paragraph -->\r\n\r\n<!-- wp:paragraph --><!-- \/wp:paragraph --><\/p>\r\n<p>&nbsp;<\/p>\r\n<p>&nbsp;<\/p>\r\n<!-- \/wp:paragraph -->","protected":false},"excerpt":{"rendered":"<p>Book a Flying Taxi in Sao Paulo \u2013 Fast, Green, and Affordable Urban Travel The Cheap air taxi in Sao Paulo online booking app allows users to easily reserve helicopter and flying taxi flight tickets. Air taxis in Sao Paulo make it possible to travel quickly and affordably across the city. Sao Paulo is the [&hellip;]<\/p>\n","protected":false},"author":1,"featured_media":16626,"parent":25621,"menu_order":0,"comment_status":"open","ping_status":"closed","template":"template-home-modern.php","meta":{"footnotes":""},"class_list":["post-10726","page","type-page","status-publish","has-post-thumbnail","hentry"],"yoast_head":"<!-- This site is optimized with the Yoast SEO plugin v27.2 - https:\/\/yoast.com\/product\/yoast-seo-wordpress\/ -->\n<title>Book an Air Taxi in Sao Paulo Online | Cheap Flying Taxi Fares<\/title>\n<meta name=\"description\" content=\"Book an air taxi in Sao Paulo online with our app. Compare routes, fares, &amp; flight tickets for air taxis, &amp; find affordable flying taxi options\" \/>\n<meta name=\"robots\" content=\"index, follow, max-snippet:-1, max-image-preview:large, max-video-preview:-1\" \/>\n<link rel=\"canonical\" href=\"https:\/\/tiketi.com\/fr-fr\/volants\/taxi-aerien\/sao-paulo\/\" \/>\n<meta property=\"og:locale\" content=\"fr_FR\" \/>\n<meta property=\"og:type\" content=\"article\" \/>\n<meta property=\"og:title\" content=\"Book an Air Taxi in Sao Paulo Online | Cheap Flying Taxi Fares\" \/>\n<meta property=\"og:description\" content=\"Book an air taxi in Sao Paulo online with our app. Compare routes, fares, &amp; flight tickets for air taxis, &amp; find affordable flying taxi options\" \/>\n<meta property=\"og:url\" content=\"https:\/\/tiketi.com\/fr-fr\/volants\/taxi-aerien\/sao-paulo\/\" \/>\n<meta property=\"og:site_name\" content=\"Tiketi.com\" \/>\n<meta property=\"article:publisher\" content=\"https:\/\/www.facebook.com\/TiketiCom\/\" \/>\n<meta property=\"article:modified_time\" content=\"2025-07-11T14:33:17+00:00\" \/>\n<meta property=\"og:image\" content=\"https:\/\/tiketi.com\/wp-content\/uploads\/2022\/02\/sao-paulo-4428426_1280.jpg\" \/>\n\t<meta property=\"og:image:width\" content=\"1200\" \/>\n\t<meta property=\"og:image:height\" content=\"204\" \/>\n\t<meta property=\"og:image:type\" content=\"image\/jpeg\" \/>\n<meta name=\"twitter:card\" content=\"summary_large_image\" \/>\n<meta name=\"twitter:label1\" content=\"Dur\u00e9e de lecture estim\u00e9e\" \/>\n\t<meta name=\"twitter:data1\" content=\"6 minutes\" \/>\n<script type=\"application\/ld+json\" class=\"yoast-schema-graph\">{\"@context\":\"https:\/\/schema.org\",\"@graph\":[{\"@type\":\"WebPage\",\"@id\":\"https:\/\/tiketi.com\/flying\/air-taxi\/sao-paulo\/\",\"url\":\"https:\/\/tiketi.com\/flying\/air-taxi\/sao-paulo\/\",\"name\":\"Book an Air Taxi in Sao Paulo Online | Cheap Flying Taxi Fares\",\"isPartOf\":{\"@id\":\"https:\/\/tiketi.com\/#website\"},\"primaryImageOfPage\":{\"@id\":\"https:\/\/tiketi.com\/flying\/air-taxi\/sao-paulo\/#primaryimage\"},\"image\":{\"@id\":\"https:\/\/tiketi.com\/flying\/air-taxi\/sao-paulo\/#primaryimage\"},\"thumbnailUrl\":\"https:\/\/tiketi.com\/wp-content\/uploads\/2022\/02\/sao-paulo-4428426_1280.jpg\",\"datePublished\":\"2022-01-19T11:53:43+00:00\",\"dateModified\":\"2025-07-11T14:33:17+00:00\",\"description\":\"Book an air taxi in Sao Paulo online with our app. Compare routes, fares, & flight tickets for air taxis, & find affordable flying taxi options\",\"breadcrumb\":{\"@id\":\"https:\/\/tiketi.com\/flying\/air-taxi\/sao-paulo\/#breadcrumb\"},\"inLanguage\":\"fr-FR\",\"potentialAction\":[{\"@type\":\"ReadAction\",\"target\":[\"https:\/\/tiketi.com\/flying\/air-taxi\/sao-paulo\/\"]}]},{\"@type\":\"ImageObject\",\"inLanguage\":\"fr-FR\",\"@id\":\"https:\/\/tiketi.com\/flying\/air-taxi\/sao-paulo\/#primaryimage\",\"url\":\"https:\/\/tiketi.com\/wp-content\/uploads\/2022\/02\/sao-paulo-4428426_1280.jpg\",\"contentUrl\":\"https:\/\/tiketi.com\/wp-content\/uploads\/2022\/02\/sao-paulo-4428426_1280.jpg\",\"width\":1200,\"height\":204,\"caption\":\"Air Taxi in Sao Paulo Centro\"},{\"@type\":\"BreadcrumbList\",\"@id\":\"https:\/\/tiketi.com\/flying\/air-taxi\/sao-paulo\/#breadcrumb\",\"itemListElement\":[{\"@type\":\"ListItem\",\"position\":1,\"name\":\"Home\",\"item\":\"https:\/\/tiketi.com\/\"},{\"@type\":\"ListItem\",\"position\":2,\"name\":\"Flying\",\"item\":\"https:\/\/tiketi.com\/fr-fr\/volants\/\"},{\"@type\":\"ListItem\",\"position\":3,\"name\":\"Air Taxi\",\"item\":\"https:\/\/tiketi.com\/flying\/air-taxi\/\"},{\"@type\":\"ListItem\",\"position\":4,\"name\":\"Fly Over Sao Paulo\u2019s Roads \u2013 Easy Air Taxi Sao Paulo Online Bookings\"}]},{\"@type\":\"WebSite\",\"@id\":\"https:\/\/tiketi.com\/#website\",\"url\":\"https:\/\/tiketi.com\/\",\"name\":\"Flight & Bus Tickets, Tour Packages & Activitites - Tiketi.com\",\"description\":\"Flight &amp; Bus Tickets, Tours, Activitites\",\"publisher\":{\"@id\":\"https:\/\/tiketi.com\/#organization\"},\"potentialAction\":[{\"@type\":\"SearchAction\",\"target\":{\"@type\":\"EntryPoint\",\"urlTemplate\":\"https:\/\/tiketi.com\/?s={search_term_string}\"},\"query-input\":{\"@type\":\"PropertyValueSpecification\",\"valueRequired\":true,\"valueName\":\"search_term_string\"}}],\"inLanguage\":\"fr-FR\"},{\"@type\":\"Organization\",\"@id\":\"https:\/\/tiketi.com\/#organization\",\"name\":\"Tiketi.com\",\"alternateName\":\"Tiketi\",\"url\":\"https:\/\/tiketi.com\/\",\"logo\":{\"@type\":\"ImageObject\",\"inLanguage\":\"fr-FR\",\"@id\":\"https:\/\/tiketi.com\/#\/schema\/logo\/image\/\",\"url\":\"https:\/\/tiketi.com\/wp-content\/uploads\/2019\/05\/tiketi-logo-696.png\",\"contentUrl\":\"https:\/\/tiketi.com\/wp-content\/uploads\/2019\/05\/tiketi-logo-696.png\",\"width\":696,\"height\":696,\"caption\":\"Tiketi.com\"},\"image\":{\"@id\":\"https:\/\/tiketi.com\/#\/schema\/logo\/image\/\"},\"sameAs\":[\"https:\/\/www.facebook.com\/TiketiCom\/\"]}]}<\/script>\n<!-- \/ Yoast SEO plugin. -->","yoast_head_json":{"title":"Book an Air Taxi in Sao Paulo Online | Cheap Flying Taxi Fares","description":"Book an air taxi in Sao Paulo online with our app. Compare routes, fares, & flight tickets for air taxis, & find affordable flying taxi options","robots":{"index":"index","follow":"follow","max-snippet":"max-snippet:-1","max-image-preview":"max-image-preview:large","max-video-preview":"max-video-preview:-1"},"canonical":"https:\/\/tiketi.com\/fr-fr\/volants\/taxi-aerien\/sao-paulo\/","og_locale":"fr_FR","og_type":"article","og_title":"Book an Air Taxi in Sao Paulo Online | Cheap Flying Taxi Fares","og_description":"Book an air taxi in Sao Paulo online with our app. Compare routes, fares, & flight tickets for air taxis, & find affordable flying taxi options","og_url":"https:\/\/tiketi.com\/fr-fr\/volants\/taxi-aerien\/sao-paulo\/","og_site_name":"Tiketi.com","article_publisher":"https:\/\/www.facebook.com\/TiketiCom\/","article_modified_time":"2025-07-11T14:33:17+00:00","og_image":[{"width":1200,"height":204,"url":"https:\/\/tiketi.com\/wp-content\/uploads\/2022\/02\/sao-paulo-4428426_1280.jpg","type":"image\/jpeg"}],"twitter_card":"summary_large_image","twitter_misc":{"Dur\u00e9e de lecture estim\u00e9e":"6 minutes"},"schema":{"@context":"https:\/\/schema.org","@graph":[{"@type":"WebPage","@id":"https:\/\/tiketi.com\/flying\/air-taxi\/sao-paulo\/","url":"https:\/\/tiketi.com\/flying\/air-taxi\/sao-paulo\/","name":"Book an Air Taxi in Sao Paulo Online | Cheap Flying Taxi Fares","isPartOf":{"@id":"https:\/\/tiketi.com\/#website"},"primaryImageOfPage":{"@id":"https:\/\/tiketi.com\/flying\/air-taxi\/sao-paulo\/#primaryimage"},"image":{"@id":"https:\/\/tiketi.com\/flying\/air-taxi\/sao-paulo\/#primaryimage"},"thumbnailUrl":"https:\/\/tiketi.com\/wp-content\/uploads\/2022\/02\/sao-paulo-4428426_1280.jpg","datePublished":"2022-01-19T11:53:43+00:00","dateModified":"2025-07-11T14:33:17+00:00","description":"Book an air taxi in Sao Paulo online with our app. Compare routes, fares, & flight tickets for air taxis, & find affordable flying taxi options","breadcrumb":{"@id":"https:\/\/tiketi.com\/flying\/air-taxi\/sao-paulo\/#breadcrumb"},"inLanguage":"fr-FR","potentialAction":[{"@type":"ReadAction","target":["https:\/\/tiketi.com\/flying\/air-taxi\/sao-paulo\/"]}]},{"@type":"ImageObject","inLanguage":"fr-FR","@id":"https:\/\/tiketi.com\/flying\/air-taxi\/sao-paulo\/#primaryimage","url":"https:\/\/tiketi.com\/wp-content\/uploads\/2022\/02\/sao-paulo-4428426_1280.jpg","contentUrl":"https:\/\/tiketi.com\/wp-content\/uploads\/2022\/02\/sao-paulo-4428426_1280.jpg","width":1200,"height":204,"caption":"Air Taxi in Sao Paulo Centro"},{"@type":"BreadcrumbList","@id":"https:\/\/tiketi.com\/flying\/air-taxi\/sao-paulo\/#breadcrumb","itemListElement":[{"@type":"ListItem","position":1,"name":"Home","item":"https:\/\/tiketi.com\/"},{"@type":"ListItem","position":2,"name":"Flying","item":"https:\/\/tiketi.com\/fr-fr\/volants\/"},{"@type":"ListItem","position":3,"name":"Air Taxi","item":"https:\/\/tiketi.com\/flying\/air-taxi\/"},{"@type":"ListItem","position":4,"name":"Fly Over Sao Paulo\u2019s Roads \u2013 Easy Air Taxi Sao Paulo Online Bookings"}]},{"@type":"WebSite","@id":"https:\/\/tiketi.com\/#website","url":"https:\/\/tiketi.com\/","name":"Billets d&#039;avion et de bus, forfaits touristiques et activit\u00e9s - Tiketi.com","description":"Billets d&#039;avion et de bus, Tours, Activit\u00e9s","publisher":{"@id":"https:\/\/tiketi.com\/#organization"},"potentialAction":[{"@type":"SearchAction","target":{"@type":"EntryPoint","urlTemplate":"https:\/\/tiketi.com\/?s={search_term_string}"},"query-input":{"@type":"PropertyValueSpecification","valueRequired":true,"valueName":"search_term_string"}}],"inLanguage":"fr-FR"},{"@type":"Organization","@id":"https:\/\/tiketi.com\/#organization","name":"Tiketi.com","alternateName":"Tiketi","url":"https:\/\/tiketi.com\/","logo":{"@type":"ImageObject","inLanguage":"fr-FR","@id":"https:\/\/tiketi.com\/#\/schema\/logo\/image\/","url":"https:\/\/tiketi.com\/wp-content\/uploads\/2019\/05\/tiketi-logo-696.png","contentUrl":"https:\/\/tiketi.com\/wp-content\/uploads\/2019\/05\/tiketi-logo-696.png","width":696,"height":696,"caption":"Tiketi.com"},"image":{"@id":"https:\/\/tiketi.com\/#\/schema\/logo\/image\/"},"sameAs":["https:\/\/www.facebook.com\/TiketiCom\/"]}]}},"_links":{"self":[{"href":"https:\/\/tiketi.com\/fr-fr\/wp-json\/wp\/v2\/pages\/10726","targetHints":{"allow":["GET"]}}],"collection":[{"href":"https:\/\/tiketi.com\/fr-fr\/wp-json\/wp\/v2\/pages"}],"about":[{"href":"https:\/\/tiketi.com\/fr-fr\/wp-json\/wp\/v2\/types\/page"}],"author":[{"embeddable":true,"href":"https:\/\/tiketi.com\/fr-fr\/wp-json\/wp\/v2\/users\/1"}],"replies":[{"embeddable":true,"href":"https:\/\/tiketi.com\/fr-fr\/wp-json\/wp\/v2\/comments?post=10726"}],"version-history":[{"count":2,"href":"https:\/\/tiketi.com\/fr-fr\/wp-json\/wp\/v2\/pages\/10726\/revisions"}],"predecessor-version":[{"id":31936,"href":"https:\/\/tiketi.com\/fr-fr\/wp-json\/wp\/v2\/pages\/10726\/revisions\/31936"}],"up":[{"embeddable":true,"href":"https:\/\/tiketi.com\/fr-fr\/wp-json\/wp\/v2\/pages\/25621"}],"wp:featuredmedia":[{"embeddable":true,"href":"https:\/\/tiketi.com\/fr-fr\/wp-json\/wp\/v2\/media\/16626"}],"wp:attachment":[{"href":"https:\/\/tiketi.com\/fr-fr\/wp-json\/wp\/v2\/media?parent=10726"}],"curies":[{"name":"wp","href":"https:\/\/api.w.org\/{rel}","templated":true}]}}