{"id":10727,"date":"2022-01-19T12:53:43","date_gmt":"2022-01-19T11:53:43","guid":{"rendered":"https:\/\/new.tiketi.com\/russia-air-taxi-booking-app-electric-flying-taxis\/"},"modified":"2023-07-06T08:46:42","modified_gmt":"2023-07-06T07:46:42","slug":"russia","status":"publish","type":"page","link":"https:\/\/tiketi.com\/fr-fr\/volants\/taxi-aerien\/russia\/","title":{"rendered":"Taxi a\u00e9rien en Russie R\u00e9servation en ligne \u2013 Taxis volants \u00e9lectriques"},"content":{"rendered":"<h2 class=\"wp-block-heading\" id=\"electric-russia-air-taxi-booking-app\">Application de r\u00e9servation de taxi a\u00e9rien Russie \u00e9lectrique<\/h2>\r\n\r\n\r\n\r\n<p>Le service d&#039;application de r\u00e9servation en ligne de taxi a\u00e9rien \u00e9lectrique en Russie permettra aux utilisateurs de r\u00e9server un taxi volant \u00e9lectrique en russe, qui sera bient\u00f4t lanc\u00e9 dans les grandes villes et les zones m\u00e9tropolitaines de Russie. Les taxis a\u00e9riens autonomes en Russie permettent de voyager pas cher et rapidement en Russie. La Russie, l&#039;un des membres les plus grands et les plus puissants de l&#039;ex-URSS, reste n\u00e9anmoins un pays \u00e9tonnant \u00e0 visiter. C&#039;est un pays de contrastes, des grandes plages subtropicales aux r\u00e9gions hivernales glaciales du nord. L&#039;est est peut-\u00eatre moins peupl\u00e9, mais ses merveilleuses villes comptent parmi les endroits les plus c\u00e9l\u00e8bres \u00e0 visiter en Russie et peuvent se d\u00e9fendre contre l&#039;ouest. Comme pour tant d&#039;autres choses, vous pourrez faire \u00e0 tout moment et n&#039;importe o\u00f9 la r\u00e9servation d&#039;un taxi a\u00e9rien russe par drone pour votre vol en taxi a\u00e9rien \u00e9lectrique.<\/p>\r\n\r\n\r\n\r\n<h2 class=\"wp-block-heading\" id=\"here-are-some-of-the-advantages-of-electric-flying-taxi-in-russian\">Voici quelques-uns des avantages du taxi volant \u00e9lectrique en russe<\/h2>\r\n\r\n\r\n\r\n<h3 class=\"wp-block-heading\" id=\"vtol-electric-flying-taxi-in-russian-a-sustainable-niche\">Taxi volant \u00e9lectrique VTOL en russe : un cr\u00e9neau durable<\/h3>\r\n\r\n\r\n\r\n<p>Electric air cars can also by another name because of their special specs. Dubbed VTOLs or electric vertical takeoff and landing aircraft, drone taxis in Russia will have the capability to take off like a helicopter but maintain the best aerodynamic flight for a little plane.<\/p>\r\n\r\n\r\n\r\n<p>Il y a des avantages \u00e9vidents \u00e0 r\u00e9server des taxis a\u00e9riens \u00e9lectriques en Russie. Dans les zones congestionn\u00e9es et les endroits g\u00e9ographiques limit\u00e9s, les VTOL pourraient \u00eatre une aubaine en aidant \u00e0 r\u00e9duire consid\u00e9rablement le nombre de v\u00e9hicules sur les routes, \u00e0 r\u00e9duire les \u00e9missions de gaz \u00e0 effet de serre et, sans aucun doute, \u00e0 r\u00e9duire le trafic. Plus de trafic fastidieux \u00e0 LA.<\/p>\r\n\r\n\r\n\r\n<h3 class=\"wp-block-heading\" id=\"autonomous-air-taxis-in-russia-lower-gas-emissions\">Autonomous\u00a0air taxis in Russia lower gas emissions<\/h3>\r\n\r\n\r\n\r\n<p>Les chercheurs ont d\u00e9couvert que des trajets compl\u00e8tement charg\u00e9s sur des centaines de kilom\u00e8tres produisaient moins d&#039;\u00e9missions de gaz \u00e0 effet de serre que les v\u00e9hicules au sol avec une occupation moyenne des v\u00e9hicules de 1,54. Les \u00e9missions globales de VTOL \u00e9taient inf\u00e9rieures de 52% \u00e0 celles des v\u00e9hicules \u00e0 essence et de 6% inf\u00e9rieures \u00e0 celles des v\u00e9hicules \u00e9lectriques \u00e0 batterie.<\/p>\r\n\r\n\r\n\r\n<h3 class=\"wp-block-heading\" id=\"electric-air-taxis-in-russia-are-best-for-short-distance-trip\">Les taxis a\u00e9riens \u00e9lectriques en Russie sont les meilleurs pour les trajets de courte distance<\/h3>\r\n\r\n\r\n\r\n<p>Donc, pour les longs trajets routiers ou a\u00e9riens \u00e0 travers une zone, les taxis volants avec drone en Russie sont un meilleur choix, de toute fa\u00e7on, quand il s&#039;agit de petits trajets, les VTOL ne sont peut-\u00eatre pas la meilleure zone. Les chercheurs ont d\u00e9couvert que tout v\u00e9hicule \u00e0 moteur \u00e0 combustion interne de moins de trente-cinq kilom\u00e8tres g\u00e9n\u00e9rait en fait plus d&#039;\u00e9missions de gaz \u00e0 effet de serre qu&#039;un v\u00e9hicule \u00e0 moteur \u00e0 combustion interne \u00e0 un seul occupant.<\/p>\r\n\r\n\r\n\r\n<p>En cons\u00e9quence, les trajets o\u00f9 les VTOL sont plus durables que les v\u00e9hicules \u00e0 essence ne repr\u00e9sentent qu&#039;une petite fraction des kilom\u00e8tres annuels complets parcourus par les v\u00e9hicules sur le terrain. Par cons\u00e9quent, les VTOL seront limit\u00e9s dans leur contribution et leur r\u00f4le dans un syst\u00e8me de mobilit\u00e9 durable<\/p>\r\n<h3>How much will an electric flying\u00a0taxis in Russia cost?<\/h3>\r\n\r\n\r\n\r\n<p>Initially, electric flying taxis in Russia will cost approximately $5.73 per passenger mile. The drone taxi in Russia price will then plummet to $1.85 per passenger mile before finally hitting the customer amazing fare rate of $0.44 per mile. You can easily book drone air taxi through electric flying taxis in Russia app.<\/p>\r\n\r\n\r\n\r\n<h2 class=\"wp-block-heading\" id=\"advantages-of-electric-russia-air-taxi-booking-app\">Avantages de l&#039;application de r\u00e9servation de taxi a\u00e9rien \u00e9lectrique en Russie<\/h2>\r\n\r\n\r\n\r\n<p>Parmi ses autres avantages, la r\u00e9servation en ligne de taxis drones en Russie pourrait g\u00e9n\u00e9rer un boom \u00e9conomique en augmentant le nombre de personnes se dirigeant vers des lieux de loisirs et de tourisme \u00e9loign\u00e9s des grands a\u00e9roports.<\/p>\r\n\r\n\r\n\r\n<h3 class=\"wp-block-heading\" id=\"would-drone-air-taxi-in-russia-online-booking-app-be-used-to-book-a-electric-air-taxi-flight\">Would drone air taxi\u00a0in\u00a0Russia online booking app be used to book a electric air taxi flight?<\/h3>\r\n\r\n\r\n\r\n<p>Oui, les clients peuvent utiliser de mani\u00e8re transparente l&#039;application de r\u00e9servation de taxi a\u00e9rien \u00e9lectrique en Russie pour trouver le meilleur itin\u00e9raire et r\u00e9server un taxi volant \u00e9lectrique sur un vol russe \u00e0 tout moment et n&#039;importe o\u00f9.<\/p>","protected":false},"excerpt":{"rendered":"<p>Electric Russia air taxi booking app Electric air taxi in Russia online booking app service will enable users to book electric flying taxi in Russian, launching in major cities and metropolitan areas in Russia soon. Autonomous air taxis in Russia makes possible to travel cheap and fast in Russia. Russia, one of the biggest and [&hellip;]<\/p>\n","protected":false},"author":1,"featured_media":20565,"parent":25621,"menu_order":0,"comment_status":"open","ping_status":"closed","template":"template-home-modern.php","meta":{"footnotes":""},"class_list":["post-10727","page","type-page","status-publish","has-post-thumbnail","hentry"],"yoast_head":"<!-- This site is optimized with the Yoast SEO plugin v27.4 - https:\/\/yoast.com\/product\/yoast-seo-wordpress\/ -->\n<title>Air Taxi in Russia Online Booking - Electric Flying Taxis<\/title>\n<meta name=\"description\" content=\"Looking for drone air taxi in Russia online booking app, route, schedule &amp; fare? Compare air taxis and book your cheap flying taxi in Russia\" \/>\n<meta name=\"robots\" content=\"index, follow, max-snippet:-1, max-image-preview:large, max-video-preview:-1\" \/>\n<link rel=\"canonical\" href=\"https:\/\/tiketi.com\/fr-fr\/volants\/taxi-aerien\/russia\/\" \/>\n<meta property=\"og:locale\" content=\"fr_FR\" \/>\n<meta property=\"og:type\" content=\"article\" \/>\n<meta property=\"og:title\" content=\"Air Taxi in Russia Online Booking - Electric Flying Taxis\" \/>\n<meta property=\"og:description\" content=\"Looking for drone air taxi in Russia online booking app, route, schedule &amp; fare? Compare air taxis and book your cheap flying taxi in Russia\" \/>\n<meta property=\"og:url\" content=\"https:\/\/tiketi.com\/fr-fr\/volants\/taxi-aerien\/russia\/\" \/>\n<meta property=\"og:site_name\" content=\"Tiketi.com\" \/>\n<meta property=\"article:publisher\" content=\"https:\/\/www.facebook.com\/TiketiCom\/\" \/>\n<meta property=\"article:modified_time\" content=\"2023-07-06T07:46:42+00:00\" \/>\n<meta property=\"og:image\" content=\"https:\/\/tiketi.com\/wp-content\/uploads\/2019\/05\/moscow-3617070_1280.jpg\" \/>\n\t<meta property=\"og:image:width\" content=\"1200\" \/>\n\t<meta property=\"og:image:height\" content=\"200\" \/>\n\t<meta property=\"og:image:type\" content=\"image\/jpeg\" \/>\n<meta name=\"twitter:card\" content=\"summary_large_image\" \/>\n<meta name=\"twitter:label1\" content=\"Dur\u00e9e de lecture estim\u00e9e\" \/>\n\t<meta name=\"twitter:data1\" content=\"3 minutes\" \/>\n<script type=\"application\/ld+json\" class=\"yoast-schema-graph\">{\"@context\":\"https:\\\/\\\/schema.org\",\"@graph\":[{\"@type\":\"WebPage\",\"@id\":\"https:\\\/\\\/tiketi.com\\\/flying\\\/air-taxi\\\/russia\\\/\",\"url\":\"https:\\\/\\\/tiketi.com\\\/flying\\\/air-taxi\\\/russia\\\/\",\"name\":\"Air Taxi in Russia Online Booking - Electric Flying Taxis\",\"isPartOf\":{\"@id\":\"https:\\\/\\\/tiketi.com\\\/#website\"},\"primaryImageOfPage\":{\"@id\":\"https:\\\/\\\/tiketi.com\\\/flying\\\/air-taxi\\\/russia\\\/#primaryimage\"},\"image\":{\"@id\":\"https:\\\/\\\/tiketi.com\\\/flying\\\/air-taxi\\\/russia\\\/#primaryimage\"},\"thumbnailUrl\":\"https:\\\/\\\/tiketi.com\\\/wp-content\\\/uploads\\\/2019\\\/05\\\/moscow-3617070_1280.jpg\",\"datePublished\":\"2022-01-19T11:53:43+00:00\",\"dateModified\":\"2023-07-06T07:46:42+00:00\",\"description\":\"Looking for drone air taxi in Russia online booking app, route, schedule & fare? Compare air taxis and book your cheap flying taxi in Russia\",\"breadcrumb\":{\"@id\":\"https:\\\/\\\/tiketi.com\\\/flying\\\/air-taxi\\\/russia\\\/#breadcrumb\"},\"inLanguage\":\"fr-FR\",\"potentialAction\":[{\"@type\":\"ReadAction\",\"target\":[\"https:\\\/\\\/tiketi.com\\\/flying\\\/air-taxi\\\/russia\\\/\"]}]},{\"@type\":\"ImageObject\",\"inLanguage\":\"fr-FR\",\"@id\":\"https:\\\/\\\/tiketi.com\\\/flying\\\/air-taxi\\\/russia\\\/#primaryimage\",\"url\":\"https:\\\/\\\/tiketi.com\\\/wp-content\\\/uploads\\\/2019\\\/05\\\/moscow-3617070_1280.jpg\",\"contentUrl\":\"https:\\\/\\\/tiketi.com\\\/wp-content\\\/uploads\\\/2019\\\/05\\\/moscow-3617070_1280.jpg\",\"width\":1200,\"height\":200,\"caption\":\"Air Taxi in Moscow Booking\"},{\"@type\":\"BreadcrumbList\",\"@id\":\"https:\\\/\\\/tiketi.com\\\/flying\\\/air-taxi\\\/russia\\\/#breadcrumb\",\"itemListElement\":[{\"@type\":\"ListItem\",\"position\":1,\"name\":\"Home\",\"item\":\"https:\\\/\\\/tiketi.com\\\/\"},{\"@type\":\"ListItem\",\"position\":2,\"name\":\"Flying\",\"item\":\"https:\\\/\\\/tiketi.com\\\/fr-fr\\\/volants\\\/\"},{\"@type\":\"ListItem\",\"position\":3,\"name\":\"Air Taxi\",\"item\":\"https:\\\/\\\/tiketi.com\\\/flying\\\/air-taxi\\\/\"},{\"@type\":\"ListItem\",\"position\":4,\"name\":\"Air Taxi in Russia Online Booking &#8211; Electric Flying Taxis\"}]},{\"@type\":\"WebSite\",\"@id\":\"https:\\\/\\\/tiketi.com\\\/#website\",\"url\":\"https:\\\/\\\/tiketi.com\\\/\",\"name\":\"Flight & Bus Tickets, Tour Packages & Activitites - Tiketi.com\",\"description\":\"Flight &amp; Bus Tickets, Tours, Activitites\",\"publisher\":{\"@id\":\"https:\\\/\\\/tiketi.com\\\/#organization\"},\"potentialAction\":[{\"@type\":\"SearchAction\",\"target\":{\"@type\":\"EntryPoint\",\"urlTemplate\":\"https:\\\/\\\/tiketi.com\\\/?s={search_term_string}\"},\"query-input\":{\"@type\":\"PropertyValueSpecification\",\"valueRequired\":true,\"valueName\":\"search_term_string\"}}],\"inLanguage\":\"fr-FR\"},{\"@type\":\"Organization\",\"@id\":\"https:\\\/\\\/tiketi.com\\\/#organization\",\"name\":\"Tiketi.com\",\"alternateName\":\"Tiketi\",\"url\":\"https:\\\/\\\/tiketi.com\\\/\",\"logo\":{\"@type\":\"ImageObject\",\"inLanguage\":\"fr-FR\",\"@id\":\"https:\\\/\\\/tiketi.com\\\/#\\\/schema\\\/logo\\\/image\\\/\",\"url\":\"https:\\\/\\\/tiketi.com\\\/wp-content\\\/uploads\\\/2019\\\/05\\\/tiketi-logo-696.png\",\"contentUrl\":\"https:\\\/\\\/tiketi.com\\\/wp-content\\\/uploads\\\/2019\\\/05\\\/tiketi-logo-696.png\",\"width\":696,\"height\":696,\"caption\":\"Tiketi.com\"},\"image\":{\"@id\":\"https:\\\/\\\/tiketi.com\\\/#\\\/schema\\\/logo\\\/image\\\/\"},\"sameAs\":[\"https:\\\/\\\/www.facebook.com\\\/TiketiCom\\\/\"]}]}<\/script>\n<!-- \/ Yoast SEO plugin. -->","yoast_head_json":{"title":"Taxi a\u00e9rien en Russie R\u00e9servation en ligne - Taxis volants \u00e9lectriques","description":"Vous recherchez une application de r\u00e9servation en ligne de taxi a\u00e9rien drone en Russie, un itin\u00e9raire, un horaire et un tarif\u00a0? Comparez les taxis a\u00e9riens et r\u00e9servez votre taxi volant pas cher en Russie","robots":{"index":"index","follow":"follow","max-snippet":"max-snippet:-1","max-image-preview":"max-image-preview:large","max-video-preview":"max-video-preview:-1"},"canonical":"https:\/\/tiketi.com\/fr-fr\/volants\/taxi-aerien\/russia\/","og_locale":"fr_FR","og_type":"article","og_title":"Air Taxi in Russia Online Booking - Electric Flying Taxis","og_description":"Looking for drone air taxi in Russia online booking app, route, schedule & fare? Compare air taxis and book your cheap flying taxi in Russia","og_url":"https:\/\/tiketi.com\/fr-fr\/volants\/taxi-aerien\/russia\/","og_site_name":"Tiketi.com","article_publisher":"https:\/\/www.facebook.com\/TiketiCom\/","article_modified_time":"2023-07-06T07:46:42+00:00","og_image":[{"width":1200,"height":200,"url":"https:\/\/tiketi.com\/wp-content\/uploads\/2019\/05\/moscow-3617070_1280.jpg","type":"image\/jpeg"}],"twitter_card":"summary_large_image","twitter_misc":{"Dur\u00e9e de lecture estim\u00e9e":"3 minutes"},"schema":{"@context":"https:\/\/schema.org","@graph":[{"@type":"WebPage","@id":"https:\/\/tiketi.com\/flying\/air-taxi\/russia\/","url":"https:\/\/tiketi.com\/flying\/air-taxi\/russia\/","name":"Taxi a\u00e9rien en Russie R\u00e9servation en ligne - Taxis volants \u00e9lectriques","isPartOf":{"@id":"https:\/\/tiketi.com\/#website"},"primaryImageOfPage":{"@id":"https:\/\/tiketi.com\/flying\/air-taxi\/russia\/#primaryimage"},"image":{"@id":"https:\/\/tiketi.com\/flying\/air-taxi\/russia\/#primaryimage"},"thumbnailUrl":"https:\/\/tiketi.com\/wp-content\/uploads\/2019\/05\/moscow-3617070_1280.jpg","datePublished":"2022-01-19T11:53:43+00:00","dateModified":"2023-07-06T07:46:42+00:00","description":"Vous recherchez une application de r\u00e9servation en ligne de taxi a\u00e9rien drone en Russie, un itin\u00e9raire, un horaire et un tarif\u00a0? Comparez les taxis a\u00e9riens et r\u00e9servez votre taxi volant pas cher en Russie","breadcrumb":{"@id":"https:\/\/tiketi.com\/flying\/air-taxi\/russia\/#breadcrumb"},"inLanguage":"fr-FR","potentialAction":[{"@type":"ReadAction","target":["https:\/\/tiketi.com\/flying\/air-taxi\/russia\/"]}]},{"@type":"ImageObject","inLanguage":"fr-FR","@id":"https:\/\/tiketi.com\/flying\/air-taxi\/russia\/#primaryimage","url":"https:\/\/tiketi.com\/wp-content\/uploads\/2019\/05\/moscow-3617070_1280.jpg","contentUrl":"https:\/\/tiketi.com\/wp-content\/uploads\/2019\/05\/moscow-3617070_1280.jpg","width":1200,"height":200,"caption":"Air Taxi in Moscow Booking"},{"@type":"BreadcrumbList","@id":"https:\/\/tiketi.com\/flying\/air-taxi\/russia\/#breadcrumb","itemListElement":[{"@type":"ListItem","position":1,"name":"Home","item":"https:\/\/tiketi.com\/"},{"@type":"ListItem","position":2,"name":"Flying","item":"https:\/\/tiketi.com\/fr-fr\/volants\/"},{"@type":"ListItem","position":3,"name":"Air Taxi","item":"https:\/\/tiketi.com\/flying\/air-taxi\/"},{"@type":"ListItem","position":4,"name":"Air Taxi in Russia Online Booking &#8211; Electric Flying Taxis"}]},{"@type":"WebSite","@id":"https:\/\/tiketi.com\/#website","url":"https:\/\/tiketi.com\/","name":"Billets d&#039;avion et de bus, forfaits touristiques et activit\u00e9s - Tiketi.com","description":"Billets d&#039;avion et de bus, Tours, Activit\u00e9s","publisher":{"@id":"https:\/\/tiketi.com\/#organization"},"potentialAction":[{"@type":"SearchAction","target":{"@type":"EntryPoint","urlTemplate":"https:\/\/tiketi.com\/?s={search_term_string}"},"query-input":{"@type":"PropertyValueSpecification","valueRequired":true,"valueName":"search_term_string"}}],"inLanguage":"fr-FR"},{"@type":"Organization","@id":"https:\/\/tiketi.com\/#organization","name":"Tiketi.com","alternateName":"Tiketi","url":"https:\/\/tiketi.com\/","logo":{"@type":"ImageObject","inLanguage":"fr-FR","@id":"https:\/\/tiketi.com\/#\/schema\/logo\/image\/","url":"https:\/\/tiketi.com\/wp-content\/uploads\/2019\/05\/tiketi-logo-696.png","contentUrl":"https:\/\/tiketi.com\/wp-content\/uploads\/2019\/05\/tiketi-logo-696.png","width":696,"height":696,"caption":"Tiketi.com"},"image":{"@id":"https:\/\/tiketi.com\/#\/schema\/logo\/image\/"},"sameAs":["https:\/\/www.facebook.com\/TiketiCom\/"]}]}},"_links":{"self":[{"href":"https:\/\/tiketi.com\/fr-fr\/wp-json\/wp\/v2\/pages\/10727","targetHints":{"allow":["GET"]}}],"collection":[{"href":"https:\/\/tiketi.com\/fr-fr\/wp-json\/wp\/v2\/pages"}],"about":[{"href":"https:\/\/tiketi.com\/fr-fr\/wp-json\/wp\/v2\/types\/page"}],"author":[{"embeddable":true,"href":"https:\/\/tiketi.com\/fr-fr\/wp-json\/wp\/v2\/users\/1"}],"replies":[{"embeddable":true,"href":"https:\/\/tiketi.com\/fr-fr\/wp-json\/wp\/v2\/comments?post=10727"}],"version-history":[{"count":0,"href":"https:\/\/tiketi.com\/fr-fr\/wp-json\/wp\/v2\/pages\/10727\/revisions"}],"up":[{"embeddable":true,"href":"https:\/\/tiketi.com\/fr-fr\/wp-json\/wp\/v2\/pages\/25621"}],"wp:featuredmedia":[{"embeddable":true,"href":"https:\/\/tiketi.com\/fr-fr\/wp-json\/wp\/v2\/media\/20565"}],"wp:attachment":[{"href":"https:\/\/tiketi.com\/fr-fr\/wp-json\/wp\/v2\/media?parent=10727"}],"curies":[{"name":"wp","href":"https:\/\/api.w.org\/{rel}","templated":true}]}}