{"id":10730,"date":"2022-01-19T12:53:45","date_gmt":"2022-01-19T11:53:45","guid":{"rendered":"https:\/\/new.tiketi.com\/nigeria-air-taxi-booking-app-electric-flying-taxis\/"},"modified":"2022-02-17T21:29:48","modified_gmt":"2022-02-17T20:29:48","slug":"nigeria-air-taxi-booking","status":"publish","type":"page","link":"https:\/\/tiketi.com\/fr-fr\/nigeria-air-taxi-booking\/","title":{"rendered":"R\u00e9servation en ligne de taxi a\u00e9rien au Nigeria \u2013 Taxis volants \u00e9lectriques"},"content":{"rendered":"<h2 class=\"wp-block-heading\">Application de r\u00e9servation de taxi a\u00e9rien Electric Nigeria<\/h2>\r\n\r\n\r\nLe service d&#039;application de r\u00e9servation en ligne de taxi a\u00e9rien \u00e9lectrique au Nigeria permettra aux utilisateurs de r\u00e9server un taxi volant \u00e9lectrique au Nigeria, qui sera bient\u00f4t lanc\u00e9 dans les grandes villes et les zones m\u00e9tropolitaines du Nigeria. Les taxis a\u00e9riens autonomes au Nigeria permettent de voyager rapidement et \u00e0 bas prix au Nigeria. Le Nigeria offre le meilleur m\u00e9lange d\u2019attractions entre d\u2019importantes destinations culturelles et naturelles. Le parc national de Yanakri est un lieu privil\u00e9gi\u00e9 d&#039;observation de la faune qui rivalise souvent avec les parcs de safari situ\u00e9s \u00e0 plusieurs milliers de kilom\u00e8tres dans le sud du continent africain, tout en offrant des exp\u00e9riences presque \u00e9gales et, au Nigeria, une attraction touristique cl\u00e9. Vous pouvez trouver de nombreuses reliques culturelles li\u00e9es \u00e0 l&#039;histoire profonde du Nigeria, comme la for\u00eat sacr\u00e9e yoruba d&#039;Osun-Ogubo ou la tr\u00e8s vieille ville de Kano. Comme pour tant d&#039;autres choses, vous pourrez effectuer \u00e0 tout moment et n&#039;importe o\u00f9 une r\u00e9servation de taxi a\u00e9rien par drone Nigeria pour votre vol de taxi a\u00e9rien \u00e9lectrique.\r\n\r\n\r\n<h2 class=\"wp-block-heading\">Voici quelques-uns des avantages du taxi volant \u00e9lectrique au Nigeria<\/h2>\r\n\r\n<h3 class=\"wp-block-heading\">Que sont les taxis a\u00e9riens \u00e9lectriques au Nigeria ?<\/h3>\r\n\r\n\r\nLes voitures a\u00e9riennes, \u00e9galement appel\u00e9es taxis volants \u00e9lectriques au Nigeria, existent depuis longtemps gr\u00e2ce \u00e0 des classiques de la science-fiction tels que \u00ab The Jetsons \u00bb et \u00ab Back to the Future \u00bb. Mais avec de grandes marques comme Boeing, Hyundai, Boeing et Toyota qui promettent d\u00e9sormais de transporter les passagers dans les airs dans des taxis a\u00e9riens au Nigeria et qui re\u00e7oivent une bonne dose de soutien de Wall Street, le r\u00eave se rapproche de la r\u00e9alit\u00e9.\r\n\r\n\r\n<h3 class=\"wp-block-heading\">Pourquoi voulons-nous des taxis a\u00e9riens autonomes au Nigeria ?<\/h3>\r\n\r\n\r\nLes vols commerciaux des grandes compagnies a\u00e9riennes peuvent s\u2019av\u00e9rer inefficaces. Ils doivent \u00eatre r\u00e9serv\u00e9s \u00e0 l&#039;avance et sont g\u00e9n\u00e9ralement sujets \u00e0 des retards. Les compagnies a\u00e9riennes sont \u00e9galement oblig\u00e9es de remplir ces vols, obligeant les visiteurs \u00e0 s&#039;en tenir \u00e0 leurs destinations et \u00e0 leurs horaires. C&#039;est l\u00e0 qu&#039;interviennent les taxis a\u00e9riens \u00e9lectriques \u00e0 Lagos au Nigeria. Un substitut aux autoroutes et aux compagnies a\u00e9riennes pour les riches et les riches. Les taxis volants \u00e9lectriques au Nigeria offrent une plus grande flexibilit\u00e9 aux visiteurs, y compris des points de minerai pour l&#039;arriv\u00e9e et le d\u00e9part.\r\n\r\n\r\n<h3 class=\"wp-block-heading\">O\u00f9 atterrirait le taxi volant \u00e9lectrique au Nigeria ?<\/h3>\r\n\r\n\r\nLes taxis sont d\u00e9velopp\u00e9s pour un avenir o\u00f9 ces ports seront obsol\u00e8tes, \u00e9tant capables de prendre facilement des passagers dans les parkings et autres zones. Pour que cela se produise, la technologie devra rattraper son retard, r\u00e9duisant consid\u00e9rablement l\u2019envergure de bon nombre de ces avions \u00e0 d\u00e9collage et atterrissage verticaux pour s\u2019adapter en toute s\u00e9curit\u00e9 \u00e0 ces zones urbaines.\r\n<h3>Combien co\u00fbtera un taxi volant \u00e9lectrique au Nigeria ?<\/h3>\r\n\r\n\r\nInitialement, les taxis a\u00e9riens par drones au Nigeria co\u00fbteront environ $5,73 par passager-mile. Le tarif chutera ensuite \u00e0 $1,85 par passager-mile avant de finalement atteindre le tarif incroyable de $0,44 par mile pour le client. Vous pouvez facilement r\u00e9server un taxi a\u00e9rien par drone gr\u00e2ce aux taxis volants \u00e9lectriques dans l&#039;application Nigeria.\r\n\r\n\r\n<h2 class=\"wp-block-heading\">Avantages de l&#039;application de r\u00e9servation de taxi a\u00e9rien \u00e9lectrique du Nigeria<\/h2>\r\n\r\n\r\nParmi ses autres avantages, la r\u00e9servation en ligne de taxis drones au Nigeria pourrait g\u00e9n\u00e9rer un boom \u00e9conomique en augmentant le nombre de personnes se dirigeant vers des lieux de loisirs et de tourisme \u00e9loign\u00e9s des grands a\u00e9roports.\r\n\r\n\r\n<h3 class=\"wp-block-heading\">L&#039;application de r\u00e9servation en ligne de taxi a\u00e9rien par drone au Nigeria serait-elle utilis\u00e9e pour r\u00e9server un vol de taxi a\u00e9rien \u00e9lectrique\u00a0?<\/h3>\r\n\r\n\r\nOui, les clients peuvent utiliser en toute transparence l&#039;application de r\u00e9servation de taxi a\u00e9rien \u00e9lectrique au Nigeria en ligne pour trouver le meilleur itin\u00e9raire et r\u00e9server un vol de taxi volant \u00e9lectrique au Nigeria \u00e0 tout moment et n&#039;importe o\u00f9.","protected":false},"excerpt":{"rendered":"<p>Electric Nigeria air taxi booking app Electric air taxi in Nigeria online booking app service will enable users to book electric flying taxi in Nigeria, launching in major cities and metropolitan areas in Nigeria soon. Autonomous air taxis in Nigeria makes possible to travel cheap and fast in Nigeria. Nigeria offers the best mix of [&hellip;]<\/p>\n","protected":false},"author":1,"featured_media":18043,"parent":0,"menu_order":0,"comment_status":"open","ping_status":"closed","template":"template-home-modern.php","meta":{"footnotes":""},"class_list":["post-10730","page","type-page","status-publish","has-post-thumbnail","hentry"],"yoast_head":"<!-- This site is optimized with the Yoast SEO plugin v27.3 - https:\/\/yoast.com\/product\/yoast-seo-wordpress\/ -->\n<title>Air Taxi in Nigeria Online Booking App - Electric Flying Taxis<\/title>\n<meta name=\"description\" content=\"Looking for drone air taxi in Nigeria online booking app, route, schedule &amp; fare? Compare air taxis and book your cheap flying taxi in Nigeria\" \/>\n<meta name=\"robots\" content=\"index, follow, max-snippet:-1, max-image-preview:large, max-video-preview:-1\" \/>\n<link rel=\"canonical\" href=\"https:\/\/tiketi.com\/fr-fr\/nigeria-air-taxi-booking\/\" \/>\n<meta property=\"og:locale\" content=\"fr_FR\" \/>\n<meta property=\"og:type\" content=\"article\" \/>\n<meta property=\"og:title\" content=\"Air Taxi in Nigeria Online Booking App - Electric Flying Taxis\" \/>\n<meta property=\"og:description\" content=\"Looking for drone air taxi in Nigeria online booking app, route, schedule &amp; fare? Compare air taxis and book your cheap flying taxi in Nigeria\" \/>\n<meta property=\"og:url\" content=\"https:\/\/tiketi.com\/fr-fr\/nigeria-air-taxi-booking\/\" \/>\n<meta property=\"og:site_name\" content=\"Tiketi.com\" \/>\n<meta property=\"article:publisher\" content=\"https:\/\/www.facebook.com\/TiketiCom\/\" \/>\n<meta property=\"article:modified_time\" content=\"2022-02-17T20:29:48+00:00\" \/>\n<meta property=\"og:image\" content=\"https:\/\/tiketi.com\/wp-content\/uploads\/2022\/02\/lagos-nigeria-nupo-deyon-daniel-67ruAEYmp4c-u.jpg\" \/>\n\t<meta property=\"og:image:width\" content=\"1200\" \/>\n\t<meta property=\"og:image:height\" content=\"202\" \/>\n\t<meta property=\"og:image:type\" content=\"image\/jpeg\" \/>\n<meta name=\"twitter:card\" content=\"summary_large_image\" \/>\n<meta name=\"twitter:label1\" content=\"Dur\u00e9e de lecture estim\u00e9e\" \/>\n\t<meta name=\"twitter:data1\" content=\"3 minutes\" \/>\n<script type=\"application\/ld+json\" class=\"yoast-schema-graph\">{\"@context\":\"https:\\\/\\\/schema.org\",\"@graph\":[{\"@type\":\"WebPage\",\"@id\":\"https:\\\/\\\/tiketi.com\\\/nigeria-air-taxi-booking\\\/\",\"url\":\"https:\\\/\\\/tiketi.com\\\/nigeria-air-taxi-booking\\\/\",\"name\":\"Air Taxi in Nigeria Online Booking App - Electric Flying Taxis\",\"isPartOf\":{\"@id\":\"https:\\\/\\\/tiketi.com\\\/#website\"},\"primaryImageOfPage\":{\"@id\":\"https:\\\/\\\/tiketi.com\\\/nigeria-air-taxi-booking\\\/#primaryimage\"},\"image\":{\"@id\":\"https:\\\/\\\/tiketi.com\\\/nigeria-air-taxi-booking\\\/#primaryimage\"},\"thumbnailUrl\":\"https:\\\/\\\/tiketi.com\\\/wp-content\\\/uploads\\\/2022\\\/02\\\/lagos-nigeria-nupo-deyon-daniel-67ruAEYmp4c-u.jpg\",\"datePublished\":\"2022-01-19T11:53:45+00:00\",\"dateModified\":\"2022-02-17T20:29:48+00:00\",\"description\":\"Looking for drone air taxi in Nigeria online booking app, route, schedule & fare? Compare air taxis and book your cheap flying taxi in Nigeria\",\"breadcrumb\":{\"@id\":\"https:\\\/\\\/tiketi.com\\\/nigeria-air-taxi-booking\\\/#breadcrumb\"},\"inLanguage\":\"fr-FR\",\"potentialAction\":[{\"@type\":\"ReadAction\",\"target\":[\"https:\\\/\\\/tiketi.com\\\/nigeria-air-taxi-booking\\\/\"]}]},{\"@type\":\"ImageObject\",\"inLanguage\":\"fr-FR\",\"@id\":\"https:\\\/\\\/tiketi.com\\\/nigeria-air-taxi-booking\\\/#primaryimage\",\"url\":\"https:\\\/\\\/tiketi.com\\\/wp-content\\\/uploads\\\/2022\\\/02\\\/lagos-nigeria-nupo-deyon-daniel-67ruAEYmp4c-u.jpg\",\"contentUrl\":\"https:\\\/\\\/tiketi.com\\\/wp-content\\\/uploads\\\/2022\\\/02\\\/lagos-nigeria-nupo-deyon-daniel-67ruAEYmp4c-u.jpg\",\"width\":1200,\"height\":202,\"caption\":\"Air Taxi in Lagos Nigeria Booking\"},{\"@type\":\"BreadcrumbList\",\"@id\":\"https:\\\/\\\/tiketi.com\\\/nigeria-air-taxi-booking\\\/#breadcrumb\",\"itemListElement\":[{\"@type\":\"ListItem\",\"position\":1,\"name\":\"Home\",\"item\":\"https:\\\/\\\/tiketi.com\\\/\"},{\"@type\":\"ListItem\",\"position\":2,\"name\":\"Air Taxi in Nigeria Online Booking &#8211; Electric Flying Taxis\"}]},{\"@type\":\"WebSite\",\"@id\":\"https:\\\/\\\/tiketi.com\\\/#website\",\"url\":\"https:\\\/\\\/tiketi.com\\\/\",\"name\":\"Flight & Bus Tickets, Tour Packages & Activitites - Tiketi.com\",\"description\":\"Flight &amp; Bus Tickets, Tours, Activitites\",\"publisher\":{\"@id\":\"https:\\\/\\\/tiketi.com\\\/#organization\"},\"potentialAction\":[{\"@type\":\"SearchAction\",\"target\":{\"@type\":\"EntryPoint\",\"urlTemplate\":\"https:\\\/\\\/tiketi.com\\\/?s={search_term_string}\"},\"query-input\":{\"@type\":\"PropertyValueSpecification\",\"valueRequired\":true,\"valueName\":\"search_term_string\"}}],\"inLanguage\":\"fr-FR\"},{\"@type\":\"Organization\",\"@id\":\"https:\\\/\\\/tiketi.com\\\/#organization\",\"name\":\"Tiketi.com\",\"alternateName\":\"Tiketi\",\"url\":\"https:\\\/\\\/tiketi.com\\\/\",\"logo\":{\"@type\":\"ImageObject\",\"inLanguage\":\"fr-FR\",\"@id\":\"https:\\\/\\\/tiketi.com\\\/#\\\/schema\\\/logo\\\/image\\\/\",\"url\":\"https:\\\/\\\/tiketi.com\\\/wp-content\\\/uploads\\\/2019\\\/05\\\/tiketi-logo-696.png\",\"contentUrl\":\"https:\\\/\\\/tiketi.com\\\/wp-content\\\/uploads\\\/2019\\\/05\\\/tiketi-logo-696.png\",\"width\":696,\"height\":696,\"caption\":\"Tiketi.com\"},\"image\":{\"@id\":\"https:\\\/\\\/tiketi.com\\\/#\\\/schema\\\/logo\\\/image\\\/\"},\"sameAs\":[\"https:\\\/\\\/www.facebook.com\\\/TiketiCom\\\/\"]}]}<\/script>\n<!-- \/ Yoast SEO plugin. -->","yoast_head_json":{"title":"Application de r\u00e9servation en ligne de taxi a\u00e9rien au Nigeria - Taxis volants \u00e9lectriques","description":"Vous recherchez un taxi a\u00e9rien par drone au Nigeria, une application de r\u00e9servation en ligne, un itin\u00e9raire, un horaire et un tarif\u00a0? Comparez les taxis a\u00e9riens et r\u00e9servez votre taxi volant pas cher au Nigeria","robots":{"index":"index","follow":"follow","max-snippet":"max-snippet:-1","max-image-preview":"max-image-preview:large","max-video-preview":"max-video-preview:-1"},"canonical":"https:\/\/tiketi.com\/fr-fr\/nigeria-air-taxi-booking\/","og_locale":"fr_FR","og_type":"article","og_title":"Air Taxi in Nigeria Online Booking App - Electric Flying Taxis","og_description":"Looking for drone air taxi in Nigeria online booking app, route, schedule & fare? Compare air taxis and book your cheap flying taxi in Nigeria","og_url":"https:\/\/tiketi.com\/fr-fr\/nigeria-air-taxi-booking\/","og_site_name":"Tiketi.com","article_publisher":"https:\/\/www.facebook.com\/TiketiCom\/","article_modified_time":"2022-02-17T20:29:48+00:00","og_image":[{"width":1200,"height":202,"url":"https:\/\/tiketi.com\/wp-content\/uploads\/2022\/02\/lagos-nigeria-nupo-deyon-daniel-67ruAEYmp4c-u.jpg","type":"image\/jpeg"}],"twitter_card":"summary_large_image","twitter_misc":{"Dur\u00e9e de lecture estim\u00e9e":"3 minutes"},"schema":{"@context":"https:\/\/schema.org","@graph":[{"@type":"WebPage","@id":"https:\/\/tiketi.com\/nigeria-air-taxi-booking\/","url":"https:\/\/tiketi.com\/nigeria-air-taxi-booking\/","name":"Application de r\u00e9servation en ligne de taxi a\u00e9rien au Nigeria - Taxis volants \u00e9lectriques","isPartOf":{"@id":"https:\/\/tiketi.com\/#website"},"primaryImageOfPage":{"@id":"https:\/\/tiketi.com\/nigeria-air-taxi-booking\/#primaryimage"},"image":{"@id":"https:\/\/tiketi.com\/nigeria-air-taxi-booking\/#primaryimage"},"thumbnailUrl":"https:\/\/tiketi.com\/wp-content\/uploads\/2022\/02\/lagos-nigeria-nupo-deyon-daniel-67ruAEYmp4c-u.jpg","datePublished":"2022-01-19T11:53:45+00:00","dateModified":"2022-02-17T20:29:48+00:00","description":"Vous recherchez un taxi a\u00e9rien par drone au Nigeria, une application de r\u00e9servation en ligne, un itin\u00e9raire, un horaire et un tarif\u00a0? Comparez les taxis a\u00e9riens et r\u00e9servez votre taxi volant pas cher au Nigeria","breadcrumb":{"@id":"https:\/\/tiketi.com\/nigeria-air-taxi-booking\/#breadcrumb"},"inLanguage":"fr-FR","potentialAction":[{"@type":"ReadAction","target":["https:\/\/tiketi.com\/nigeria-air-taxi-booking\/"]}]},{"@type":"ImageObject","inLanguage":"fr-FR","@id":"https:\/\/tiketi.com\/nigeria-air-taxi-booking\/#primaryimage","url":"https:\/\/tiketi.com\/wp-content\/uploads\/2022\/02\/lagos-nigeria-nupo-deyon-daniel-67ruAEYmp4c-u.jpg","contentUrl":"https:\/\/tiketi.com\/wp-content\/uploads\/2022\/02\/lagos-nigeria-nupo-deyon-daniel-67ruAEYmp4c-u.jpg","width":1200,"height":202,"caption":"Air Taxi in Lagos Nigeria Booking"},{"@type":"BreadcrumbList","@id":"https:\/\/tiketi.com\/nigeria-air-taxi-booking\/#breadcrumb","itemListElement":[{"@type":"ListItem","position":1,"name":"Home","item":"https:\/\/tiketi.com\/"},{"@type":"ListItem","position":2,"name":"Air Taxi in Nigeria Online Booking &#8211; Electric Flying Taxis"}]},{"@type":"WebSite","@id":"https:\/\/tiketi.com\/#website","url":"https:\/\/tiketi.com\/","name":"Billets d&#039;avion et de bus, forfaits touristiques et activit\u00e9s - Tiketi.com","description":"Billets d&#039;avion et de bus, Tours, Activit\u00e9s","publisher":{"@id":"https:\/\/tiketi.com\/#organization"},"potentialAction":[{"@type":"SearchAction","target":{"@type":"EntryPoint","urlTemplate":"https:\/\/tiketi.com\/?s={search_term_string}"},"query-input":{"@type":"PropertyValueSpecification","valueRequired":true,"valueName":"search_term_string"}}],"inLanguage":"fr-FR"},{"@type":"Organization","@id":"https:\/\/tiketi.com\/#organization","name":"Tiketi.com","alternateName":"Tiketi","url":"https:\/\/tiketi.com\/","logo":{"@type":"ImageObject","inLanguage":"fr-FR","@id":"https:\/\/tiketi.com\/#\/schema\/logo\/image\/","url":"https:\/\/tiketi.com\/wp-content\/uploads\/2019\/05\/tiketi-logo-696.png","contentUrl":"https:\/\/tiketi.com\/wp-content\/uploads\/2019\/05\/tiketi-logo-696.png","width":696,"height":696,"caption":"Tiketi.com"},"image":{"@id":"https:\/\/tiketi.com\/#\/schema\/logo\/image\/"},"sameAs":["https:\/\/www.facebook.com\/TiketiCom\/"]}]}},"_links":{"self":[{"href":"https:\/\/tiketi.com\/fr-fr\/wp-json\/wp\/v2\/pages\/10730","targetHints":{"allow":["GET"]}}],"collection":[{"href":"https:\/\/tiketi.com\/fr-fr\/wp-json\/wp\/v2\/pages"}],"about":[{"href":"https:\/\/tiketi.com\/fr-fr\/wp-json\/wp\/v2\/types\/page"}],"author":[{"embeddable":true,"href":"https:\/\/tiketi.com\/fr-fr\/wp-json\/wp\/v2\/users\/1"}],"replies":[{"embeddable":true,"href":"https:\/\/tiketi.com\/fr-fr\/wp-json\/wp\/v2\/comments?post=10730"}],"version-history":[{"count":0,"href":"https:\/\/tiketi.com\/fr-fr\/wp-json\/wp\/v2\/pages\/10730\/revisions"}],"wp:featuredmedia":[{"embeddable":true,"href":"https:\/\/tiketi.com\/fr-fr\/wp-json\/wp\/v2\/media\/18043"}],"wp:attachment":[{"href":"https:\/\/tiketi.com\/fr-fr\/wp-json\/wp\/v2\/media?parent=10730"}],"curies":[{"name":"wp","href":"https:\/\/api.w.org\/{rel}","templated":true}]}}