{"id":10731,"date":"2022-01-19T12:53:45","date_gmt":"2022-01-19T11:53:45","guid":{"rendered":"https:\/\/new.tiketi.com\/new-zealand-air-taxi-booking-app-electric-flying-taxis\/"},"modified":"2023-05-17T14:59:33","modified_gmt":"2023-05-17T13:59:33","slug":"new-zealand","status":"publish","type":"page","link":"https:\/\/tiketi.com\/fr-fr\/volants\/taxi-aerien\/new-zealand\/","title":{"rendered":"Air Taxi in New Zealand Online Booking &#8211; Electric Flying Taxis"},"content":{"rendered":"<h2 class=\"wp-block-heading\" id=\"electric-new-zealand-air-taxi-booking-app\">Electric New Zealand air taxi booking app<\/h2>\n\n\n\n<p>Electric air taxi in New Zealand online booking app service will enable users to book electric flying taxi in New Zealand (NZ), launching in major cities and metropolitan areas in New Zealand soon. Autonomous air taxis in New Zealand makes possible to travel cheap and fast in New Zealand. With 2 special islands, fourteen national parks and dozens of big cities, there are lots of New Zealand attractions and activities to pick from. Explore golden coastlines fringed with native phutakawa trees, follow walking trails to waterfalls hidden in beech forests, or cycle via gently rolling vineyards. If you are after New Zealand popular adventure activities and extreme sports, you can pick from jet boarding, bungy jumping, zip lining or skydiving. As with so many other things you will be able to make anytime and anywhere drone New Zealand air taxi booking for your electric air taxi flight.\u00a0<\/p>\n\n\n\n<h2 class=\"wp-block-heading\" id=\"here-are-some-of-the-best-advantages-of-electric-flying-taxi-in-new-zealand\">Here are some of the best advantages of electric flying taxi in New Zealand<\/h2>\n\n\n\n<h3 class=\"wp-block-heading\" id=\"autonomous-air-taxis-in-new-zealand-are-more-efficient\">Autonomous air taxis in New Zealand are more efficient<\/h3>\n\n\n\n<p>For 100km journeys, electric flying taxis in New Zealand could be thirty-five percent more efficient than a petrol-run car &#8211; although, assuming the same number of passengers, still less successful than an electric road car. Anyway, it is fair to assume that flying vehicles will serve primarily as taxi services in pre-defined air corridors via flying taxis in New Zealand app, therefore, likely to carry more people. Taking this into account, for a hundred kilometers journey flying vehicles emissions could be six percent less than those of electric road vehicles.<\/p>\n\n\n\n<h3 class=\"wp-block-heading\" id=\"electric-air-taxis-in-new-zealand-are-best-for-short-haul-flights\">Electric air taxis in New Zealand are best for short-haul flights<\/h3>\n\n\n\n<p>The accept view is that electric planes will just be viable for short-haul flights. It is power density that matters, measured in watts-hour per kilogram. Right now, the top batteries offer around 250 w-h\/kg, a mere shadow of jet fuel and gasoline 12,000 W-h\/kg. batteries could creep up to 800 W-h kg by the middle of the century, rising the feasible range to seven-hundred miles &#8211; half of the international flights fall within this distance. But without more dramatic creation in battery technology, liquid fuel and biofuel from air-capture of CO2 will likely need to play a big role in the long-haul air travel through drone air taxis in New Zealand.<\/p>\n\n\n\n<h3 class=\"wp-block-heading\" id=\"electric-flying-taxi-in-new-zealand-latest-technology\">Electric&nbsp;flying taxi in New Zealand latest technology<\/h3>\n\n\n\n<p><p>The study looks at a range of up to approximately 200km and here electric\u00a0flying taxis in New Zealand would do well. But while jet-fuelled planes can lose as much as seventy-percent of their weight during flight.<span style=\"font-size: revert; color: initial; letter-spacing: 0px;\"> <\/span>How much will an electric flying\u00a0taxis in New Zealand cost?<\/p><\/p>\n\n\n\n<p>Initially, drone air taxis in New Zealand will cost approximately $5.73 per passenger mile. The fare will then plummet to $1.85 per passenger mile before finally hitting the customer amazing rate of $0.44 per mile. You can easily book air taxi through electric flying&nbsp;taxis in New Zealand app.<\/p>\n\n\n\n<h2 class=\"wp-block-heading\" id=\"advantages-of-electric-new-zealand-air-taxi-booking-app\">Advantages of electric New Zealand air taxi booking app<\/h2>\n\n\n\n<p>Among its other advantages, drone taxi in New Zealand online booking could provide a economic boom by rising the number of people heading for recreation and tourism places that are not near big airports.<\/p>\n\n\n\n<h3 class=\"wp-block-heading\" id=\"would-drone-air-taxi-in-new-zealand-online-booking-app-be-used-to-book-a-electric-air-taxi-flight\">Would drone air taxi&nbsp;in&nbsp;New Zealand online booking app be used to book a electric air taxi flight?<\/h3>\n\n\n\n<p>Yes, customers can seamlessly use online New Zealand air taxi booking app to find the best route and book a electric&nbsp;flying taxi in New Zealand flight anytime and anywhere.<\/p>","protected":false},"excerpt":{"rendered":"<p>Electric New Zealand air taxi booking app Electric air taxi in New Zealand online booking app service will enable users to book electric flying taxi in New Zealand (NZ), launching in major cities and metropolitan areas in New Zealand soon. Autonomous air taxis in New Zealand makes possible to travel cheap and fast in New [&hellip;]<\/p>\n","protected":false},"author":1,"featured_media":20567,"parent":25621,"menu_order":0,"comment_status":"open","ping_status":"closed","template":"template-home-modern.php","meta":{"footnotes":""},"class_list":["post-10731","page","type-page","status-publish","has-post-thumbnail","hentry"],"yoast_head":"<!-- This site is optimized with the Yoast SEO plugin v27.5 - https:\/\/yoast.com\/product\/yoast-seo-wordpress\/ -->\n<title>Air Taxi in New Zealand Online Booking App - Electric Flying Taxis<\/title>\n<meta name=\"description\" content=\"Looking for drone air taxi in New Zealand online booking app, route, schedule &amp; fare? Compare air taxis and book your cheap flying taxi in New Zealand\" \/>\n<meta name=\"robots\" content=\"index, follow, max-snippet:-1, max-image-preview:large, max-video-preview:-1\" \/>\n<link rel=\"canonical\" href=\"https:\/\/tiketi.com\/fr-fr\/volants\/taxi-aerien\/new-zealand\/\" \/>\n<meta property=\"og:locale\" content=\"fr_FR\" \/>\n<meta property=\"og:type\" content=\"article\" \/>\n<meta property=\"og:title\" content=\"Air Taxi in New Zealand Online Booking App - Electric Flying Taxis\" \/>\n<meta property=\"og:description\" content=\"Looking for drone air taxi in New Zealand online booking app, route, schedule &amp; fare? Compare air taxis and book your cheap flying taxi in New Zealand\" \/>\n<meta property=\"og:url\" content=\"https:\/\/tiketi.com\/fr-fr\/volants\/taxi-aerien\/new-zealand\/\" \/>\n<meta property=\"og:site_name\" content=\"Tiketi.com\" \/>\n<meta property=\"article:publisher\" content=\"https:\/\/www.facebook.com\/TiketiCom\/\" \/>\n<meta property=\"article:modified_time\" content=\"2023-05-17T13:59:33+00:00\" \/>\n<meta property=\"og:image\" content=\"https:\/\/tiketi.com\/wp-content\/uploads\/2019\/05\/auckland-5213705_1280.jpg\" \/>\n\t<meta property=\"og:image:width\" content=\"1200\" \/>\n\t<meta property=\"og:image:height\" content=\"275\" \/>\n\t<meta property=\"og:image:type\" content=\"image\/jpeg\" \/>\n<meta name=\"twitter:card\" content=\"summary_large_image\" \/>\n<meta name=\"twitter:label1\" content=\"Dur\u00e9e de lecture estim\u00e9e\" \/>\n\t<meta name=\"twitter:data1\" content=\"3 minutes\" \/>\n<script type=\"application\/ld+json\" class=\"yoast-schema-graph\">{\"@context\":\"https:\\\/\\\/schema.org\",\"@graph\":[{\"@type\":\"WebPage\",\"@id\":\"https:\\\/\\\/tiketi.com\\\/flying\\\/air-taxi\\\/new-zealand\\\/\",\"url\":\"https:\\\/\\\/tiketi.com\\\/flying\\\/air-taxi\\\/new-zealand\\\/\",\"name\":\"Air Taxi in New Zealand Online Booking App - Electric Flying Taxis\",\"isPartOf\":{\"@id\":\"https:\\\/\\\/tiketi.com\\\/#website\"},\"primaryImageOfPage\":{\"@id\":\"https:\\\/\\\/tiketi.com\\\/flying\\\/air-taxi\\\/new-zealand\\\/#primaryimage\"},\"image\":{\"@id\":\"https:\\\/\\\/tiketi.com\\\/flying\\\/air-taxi\\\/new-zealand\\\/#primaryimage\"},\"thumbnailUrl\":\"https:\\\/\\\/tiketi.com\\\/wp-content\\\/uploads\\\/2019\\\/05\\\/auckland-5213705_1280.jpg\",\"datePublished\":\"2022-01-19T11:53:45+00:00\",\"dateModified\":\"2023-05-17T13:59:33+00:00\",\"description\":\"Looking for drone air taxi in New Zealand online booking app, route, schedule & fare? Compare air taxis and book your cheap flying taxi in New Zealand\",\"breadcrumb\":{\"@id\":\"https:\\\/\\\/tiketi.com\\\/flying\\\/air-taxi\\\/new-zealand\\\/#breadcrumb\"},\"inLanguage\":\"fr-FR\",\"potentialAction\":[{\"@type\":\"ReadAction\",\"target\":[\"https:\\\/\\\/tiketi.com\\\/flying\\\/air-taxi\\\/new-zealand\\\/\"]}]},{\"@type\":\"ImageObject\",\"inLanguage\":\"fr-FR\",\"@id\":\"https:\\\/\\\/tiketi.com\\\/flying\\\/air-taxi\\\/new-zealand\\\/#primaryimage\",\"url\":\"https:\\\/\\\/tiketi.com\\\/wp-content\\\/uploads\\\/2019\\\/05\\\/auckland-5213705_1280.jpg\",\"contentUrl\":\"https:\\\/\\\/tiketi.com\\\/wp-content\\\/uploads\\\/2019\\\/05\\\/auckland-5213705_1280.jpg\",\"width\":1200,\"height\":275,\"caption\":\"Air Taxi in Auckland Booking\"},{\"@type\":\"BreadcrumbList\",\"@id\":\"https:\\\/\\\/tiketi.com\\\/flying\\\/air-taxi\\\/new-zealand\\\/#breadcrumb\",\"itemListElement\":[{\"@type\":\"ListItem\",\"position\":1,\"name\":\"Home\",\"item\":\"https:\\\/\\\/tiketi.com\\\/\"},{\"@type\":\"ListItem\",\"position\":2,\"name\":\"Flying\",\"item\":\"https:\\\/\\\/tiketi.com\\\/fr-fr\\\/volants\\\/\"},{\"@type\":\"ListItem\",\"position\":3,\"name\":\"Air Taxi\",\"item\":\"https:\\\/\\\/tiketi.com\\\/flying\\\/air-taxi\\\/\"},{\"@type\":\"ListItem\",\"position\":4,\"name\":\"Air Taxi in New Zealand Online Booking &#8211; Electric Flying Taxis\"}]},{\"@type\":\"WebSite\",\"@id\":\"https:\\\/\\\/tiketi.com\\\/#website\",\"url\":\"https:\\\/\\\/tiketi.com\\\/\",\"name\":\"Flight & Bus Tickets, Tour Packages & Activitites - Tiketi.com\",\"description\":\"Flight &amp; Bus Tickets, Tours, Activitites\",\"publisher\":{\"@id\":\"https:\\\/\\\/tiketi.com\\\/#organization\"},\"potentialAction\":[{\"@type\":\"SearchAction\",\"target\":{\"@type\":\"EntryPoint\",\"urlTemplate\":\"https:\\\/\\\/tiketi.com\\\/?s={search_term_string}\"},\"query-input\":{\"@type\":\"PropertyValueSpecification\",\"valueRequired\":true,\"valueName\":\"search_term_string\"}}],\"inLanguage\":\"fr-FR\"},{\"@type\":\"Organization\",\"@id\":\"https:\\\/\\\/tiketi.com\\\/#organization\",\"name\":\"Tiketi.com\",\"alternateName\":\"Tiketi\",\"url\":\"https:\\\/\\\/tiketi.com\\\/\",\"logo\":{\"@type\":\"ImageObject\",\"inLanguage\":\"fr-FR\",\"@id\":\"https:\\\/\\\/tiketi.com\\\/#\\\/schema\\\/logo\\\/image\\\/\",\"url\":\"https:\\\/\\\/tiketi.com\\\/wp-content\\\/uploads\\\/2019\\\/05\\\/tiketi-logo-696.png\",\"contentUrl\":\"https:\\\/\\\/tiketi.com\\\/wp-content\\\/uploads\\\/2019\\\/05\\\/tiketi-logo-696.png\",\"width\":696,\"height\":696,\"caption\":\"Tiketi.com\"},\"image\":{\"@id\":\"https:\\\/\\\/tiketi.com\\\/#\\\/schema\\\/logo\\\/image\\\/\"},\"sameAs\":[\"https:\\\/\\\/www.facebook.com\\\/TiketiCom\\\/\"]}]}<\/script>\n<!-- \/ Yoast SEO plugin. -->","yoast_head_json":{"title":"Application de r\u00e9servation en ligne pour les taxis a\u00e9riens en Nouvelle-Z\u00e9lande\u00a0: Electric Flying Taxis","description":"Looking for drone air taxi in New Zealand online booking app, route, schedule & fare? Compare air taxis and book your cheap flying taxi in New Zealand","robots":{"index":"index","follow":"follow","max-snippet":"max-snippet:-1","max-image-preview":"max-image-preview:large","max-video-preview":"max-video-preview:-1"},"canonical":"https:\/\/tiketi.com\/fr-fr\/volants\/taxi-aerien\/new-zealand\/","og_locale":"fr_FR","og_type":"article","og_title":"Air Taxi in New Zealand Online Booking App - Electric Flying Taxis","og_description":"Looking for drone air taxi in New Zealand online booking app, route, schedule & fare? Compare air taxis and book your cheap flying taxi in New Zealand","og_url":"https:\/\/tiketi.com\/fr-fr\/volants\/taxi-aerien\/new-zealand\/","og_site_name":"Tiketi.com","article_publisher":"https:\/\/www.facebook.com\/TiketiCom\/","article_modified_time":"2023-05-17T13:59:33+00:00","og_image":[{"width":1200,"height":275,"url":"https:\/\/tiketi.com\/wp-content\/uploads\/2019\/05\/auckland-5213705_1280.jpg","type":"image\/jpeg"}],"twitter_card":"summary_large_image","twitter_misc":{"Dur\u00e9e de lecture estim\u00e9e":"3 minutes"},"schema":{"@context":"https:\/\/schema.org","@graph":[{"@type":"WebPage","@id":"https:\/\/tiketi.com\/flying\/air-taxi\/new-zealand\/","url":"https:\/\/tiketi.com\/flying\/air-taxi\/new-zealand\/","name":"Application de r\u00e9servation en ligne pour les taxis a\u00e9riens en Nouvelle-Z\u00e9lande\u00a0: Electric Flying Taxis","isPartOf":{"@id":"https:\/\/tiketi.com\/#website"},"primaryImageOfPage":{"@id":"https:\/\/tiketi.com\/flying\/air-taxi\/new-zealand\/#primaryimage"},"image":{"@id":"https:\/\/tiketi.com\/flying\/air-taxi\/new-zealand\/#primaryimage"},"thumbnailUrl":"https:\/\/tiketi.com\/wp-content\/uploads\/2019\/05\/auckland-5213705_1280.jpg","datePublished":"2022-01-19T11:53:45+00:00","dateModified":"2023-05-17T13:59:33+00:00","description":"Looking for drone air taxi in New Zealand online booking app, route, schedule & fare? Compare air taxis and book your cheap flying taxi in New Zealand","breadcrumb":{"@id":"https:\/\/tiketi.com\/flying\/air-taxi\/new-zealand\/#breadcrumb"},"inLanguage":"fr-FR","potentialAction":[{"@type":"ReadAction","target":["https:\/\/tiketi.com\/flying\/air-taxi\/new-zealand\/"]}]},{"@type":"ImageObject","inLanguage":"fr-FR","@id":"https:\/\/tiketi.com\/flying\/air-taxi\/new-zealand\/#primaryimage","url":"https:\/\/tiketi.com\/wp-content\/uploads\/2019\/05\/auckland-5213705_1280.jpg","contentUrl":"https:\/\/tiketi.com\/wp-content\/uploads\/2019\/05\/auckland-5213705_1280.jpg","width":1200,"height":275,"caption":"Air Taxi in Auckland Booking"},{"@type":"BreadcrumbList","@id":"https:\/\/tiketi.com\/flying\/air-taxi\/new-zealand\/#breadcrumb","itemListElement":[{"@type":"ListItem","position":1,"name":"Home","item":"https:\/\/tiketi.com\/"},{"@type":"ListItem","position":2,"name":"Flying","item":"https:\/\/tiketi.com\/fr-fr\/volants\/"},{"@type":"ListItem","position":3,"name":"Air Taxi","item":"https:\/\/tiketi.com\/flying\/air-taxi\/"},{"@type":"ListItem","position":4,"name":"Air Taxi in New Zealand Online Booking &#8211; Electric Flying Taxis"}]},{"@type":"WebSite","@id":"https:\/\/tiketi.com\/#website","url":"https:\/\/tiketi.com\/","name":"Billets d&#039;avion et de bus, forfaits touristiques et activit\u00e9s - Tiketi.com","description":"Billets d&#039;avion et de bus, Tours, Activit\u00e9s","publisher":{"@id":"https:\/\/tiketi.com\/#organization"},"potentialAction":[{"@type":"SearchAction","target":{"@type":"EntryPoint","urlTemplate":"https:\/\/tiketi.com\/?s={search_term_string}"},"query-input":{"@type":"PropertyValueSpecification","valueRequired":true,"valueName":"search_term_string"}}],"inLanguage":"fr-FR"},{"@type":"Organization","@id":"https:\/\/tiketi.com\/#organization","name":"Tiketi.com","alternateName":"Tiketi","url":"https:\/\/tiketi.com\/","logo":{"@type":"ImageObject","inLanguage":"fr-FR","@id":"https:\/\/tiketi.com\/#\/schema\/logo\/image\/","url":"https:\/\/tiketi.com\/wp-content\/uploads\/2019\/05\/tiketi-logo-696.png","contentUrl":"https:\/\/tiketi.com\/wp-content\/uploads\/2019\/05\/tiketi-logo-696.png","width":696,"height":696,"caption":"Tiketi.com"},"image":{"@id":"https:\/\/tiketi.com\/#\/schema\/logo\/image\/"},"sameAs":["https:\/\/www.facebook.com\/TiketiCom\/"]}]}},"_links":{"self":[{"href":"https:\/\/tiketi.com\/fr-fr\/wp-json\/wp\/v2\/pages\/10731","targetHints":{"allow":["GET"]}}],"collection":[{"href":"https:\/\/tiketi.com\/fr-fr\/wp-json\/wp\/v2\/pages"}],"about":[{"href":"https:\/\/tiketi.com\/fr-fr\/wp-json\/wp\/v2\/types\/page"}],"author":[{"embeddable":true,"href":"https:\/\/tiketi.com\/fr-fr\/wp-json\/wp\/v2\/users\/1"}],"replies":[{"embeddable":true,"href":"https:\/\/tiketi.com\/fr-fr\/wp-json\/wp\/v2\/comments?post=10731"}],"version-history":[{"count":0,"href":"https:\/\/tiketi.com\/fr-fr\/wp-json\/wp\/v2\/pages\/10731\/revisions"}],"up":[{"embeddable":true,"href":"https:\/\/tiketi.com\/fr-fr\/wp-json\/wp\/v2\/pages\/25621"}],"wp:featuredmedia":[{"embeddable":true,"href":"https:\/\/tiketi.com\/fr-fr\/wp-json\/wp\/v2\/media\/20567"}],"wp:attachment":[{"href":"https:\/\/tiketi.com\/fr-fr\/wp-json\/wp\/v2\/media?parent=10731"}],"curies":[{"name":"wp","href":"https:\/\/api.w.org\/{rel}","templated":true}]}}