{"id":10732,"date":"2022-01-19T12:53:45","date_gmt":"2022-01-19T11:53:45","guid":{"rendered":"https:\/\/new.tiketi.com\/new-york-air-taxi-booking-app-electric-flying-taxis\/"},"modified":"2025-10-16T10:40:59","modified_gmt":"2025-10-16T08:40:59","slug":"new-york-nyc","status":"publish","type":"page","link":"https:\/\/tiketi.com\/fr-fr\/volants\/taxi-aerien\/new-york-nyc\/","title":{"rendered":"Fly Over New York\u2019s Roads \u2013 Easy Air Taxi New York Online Bookings"},"content":{"rendered":"<h2 class=\"wp-block-heading\">Book a Flying Taxi in New York \u2013 Safe, Fast, Eco-Friendly, and Affordable Urban Travel<\/h2>\r\n\r\n\r\n\r\n<p>The Cheap air taxi in New York online booking app allows users to easily reserve helicopter and flying taxi flight tickets. Air taxis in New York make it possible to travel quickly and affordably across the city. The biggest and most populated city in the USA, NYC is generally known as the city that never sleeps because it continually buzzing with activity. The metropolis is the nexus of art, culture, architecture, entertainment and history. With so much to view and do in the city, it can be overwhelming to a NYC novice. Just like many other services, book eVTOL New York air taxi service anytime, anywhere, through the Tiketi app for your electric air taxi flight.<\/p>\r\n<h2>What are the benefits of flying taxis in New York?<\/h2>\r\n<ul>\r\n<li><strong>Gagnez du temps<\/strong> \u2013 What would take 45\u201360 minutes by car can now be done in under 10 minutes by air.<\/li>\r\n<li><strong>\u00c9cologique et silencieux<\/strong> \u2013 Nos avions \u00e9lectriques sont jusqu&#039;\u00e0 100 fois plus silencieux que les h\u00e9licopt\u00e8res traditionnels et ne produisent aucune \u00e9mission.<\/li>\r\n<li><strong>S\u00e9curit\u00e9 certifi\u00e9e<\/strong> \u2013 Nos avions sont pilot\u00e9s par des pilotes agr\u00e9\u00e9s et sont \u00e9quip\u00e9s de multiples syst\u00e8mes de s\u00e9curit\u00e9 redondants afin de garantir un voyage en toute s\u00e9curit\u00e9.<\/li>\r\n<li><strong>Convenient \u2013 <\/strong>No more waiting in long taxi lines or worrying about parking. Enjoy a direct and seamless flight.<\/li>\r\n<\/ul>\r\n<h2>Comment fonctionne notre service de taxi a\u00e9rien ?<\/h2>\r\n<p>R\u00e9server votre taxi a\u00e9rien est aussi simple que de r\u00e9server une course\u00a0:<\/p>\r\n<ol>\r\n<li><strong>Ouvrez le <a href=\"https:\/\/tiketi.com\/fr-fr\/download-tiketi-app\/\" target=\"_blank\" rel=\"noopener\">Application Tiketi<\/a> or website<\/strong><\/li>\r\n<li><strong>Choisissez votre d\u00e9part<\/strong> from one of New York\u2019s many vertiports (e.g., Downtown Manhattan, JFK Airport, Hudson Yards)<\/li>\r\n<li><strong>Choisissez votre avion<\/strong> \u2013 Choisissez un \u00e9l\u00e9gant taxi a\u00e9rien tout \u00e9lectrique \u00e0 2 ou 4 places<\/li>\r\n<li><strong>Confirmer et voler <\/strong>\u2013 Votre vol est r\u00e9serv\u00e9 en temps r\u00e9el et votre point d&#039;embarquement est pr\u00eat quand vous l&#039;\u00eates.<\/li>\r\n<\/ol>\r\n<p>In just a few minutes, you&#8217;re airborne\u2014gliding above New York\u2019s iconic landmarks and avoiding the gridlock below.<\/p>\r\n<h2>Flying Taxi Routes in New York \u2013 Sky High in Minutes<\/h2>\r\n<p>New York\u2019s aerial transport network is rapidly taking shape, with several major routes already under development:<\/p>\r\n<ul>\r\n<li><strong>JFK Airport \u2192 Manhattan (Hudson Yards)<\/strong> \u2013 ~8 minutes (vs. 45-60 minutes by road)<\/li>\r\n<li><strong>Downtown Manhattan \u2192 JFK Airport<\/strong> \u2013 10-12 minutes<\/li>\r\n<\/ul>\r\n<p><strong>Les itin\u00e9raires futurs comprennent\u00a0:<\/strong><\/p>\r\n<ul>\r\n<li><strong>Manhattan \u2192 LaGuardia<\/strong> (~7-10 minutes)<\/li>\r\n<li><strong>Manhattan \u2192 Newark Liberty International<\/strong> (~12-15 minutes)<\/li>\r\n<\/ul>\r\n<p>With strong backing from New York\u2019s aviation authorities, we expect these flying taxi routes to be operational within the next few years.<\/p>\r\n<h2>Options de tarification et de r\u00e9servation des taxis volants<\/h2>\r\n<p>Nos prix sont comp\u00e9titifs et con\u00e7us pour offrir un rapport qualit\u00e9-prix maximal\u00a0:<\/p>\r\n<p><strong>Tarifs actuels\u00a0:<\/strong> ~$6.50 per passenger-mile (with prices expected to drop to ~$2.00 as demand increases)<\/p>\r\n<p><strong>Exemple:<\/strong> <strong>JFK to Manhattan<\/strong> (~15 miles) = $100\u2013$200, comparable to high-end taxi services.<\/p>\r\n<p>\u00c0 venir:<\/p>\r\n<ul>\r\n<li><strong>Plans de transport en commun<\/strong><\/li>\r\n<li><strong>forfaits de groupe et d&#039;entreprise<\/strong><\/li>\r\n<li><strong>Remises sur volume<\/strong><\/li>\r\n<\/ul>\r\n<p>R\u00e9servez votre vol facilement via l&#039;application, en ligne ou avec notre service de conciergerie. Besoin de services suppl\u00e9mentaires comme un si\u00e8ge enfant ou un transfert\u00a0? Nous nous occupons de tout.<\/p>\r\n<h2>Who\u2019s Behind the Air Taxis Service in New York?<\/h2>\r\n<p>Meet the pioneers bringing aerial mobility to New York:<\/p>\r\n<ul>\r\n<li><strong>Joby Aviation &amp; Archer Aviation:<\/strong> Launching 200\u202fmph eVTOL flights from New York\u2019s airports, priced similarly to premium car services.<\/li>\r\n<li><strong>Vertical Aerospace (\u00c9tats-Unis) :<\/strong> Certification de son avion VX4 pour les vols de 2028 \u2014 tarifs projet\u00e9s \u00e0 partir de $150.<\/li>\r\n<li><strong>Skyports :<\/strong> Developing vertiports and charging hubs across New York and the wider Northeastern U.S.<\/li>\r\n<li><strong>New York City Government:<\/strong> Investir massivement dans l&#039;infrastructure de mobilit\u00e9 a\u00e9rienne de la ville ouvre la voie \u00e0 un transport a\u00e9rien durable et de haute technologie.<\/li>\r\n<\/ul>\r\n<h2>Foire aux questions<\/h2>\r\n<h3>Pourquoi prendre un taxi a\u00e9rien ?<\/h3>\r\n<p>In a city known for its iconic skyline, bustling streets, and fast-paced lifestyle, New York\u2019s traffic can often feel like an endless gridlock. Long commutes, crowded roads, and frustrating delays are all too familiar. But why sit in traffic when you could soar above it? Our eVTOL (electric vertical takeoff and landing) air taxis provide a faster, more efficient way to navigate New York\u2014whisking you from one side of the city to the other in under 10 minutes. It\u2019s not just about getting there faster; it\u2019s about reclaiming your valuable time.<\/p>\r\n<h3>Est-ce s\u00fbr?<\/h3>\r\n<p>Oui. Tous les vols sont pilot\u00e9s par des professionnels certifi\u00e9s et respectent les normes de s\u00e9curit\u00e9 les plus strictes, avec de multiples syst\u00e8mes de s\u00e9curit\u00e9 redondants int\u00e9gr\u00e9s.<\/p>\r\n<h3>Les vols peuvent-ils \u00eatre assur\u00e9s par mauvais temps\u00a0?<\/h3>\r\n<p>Votre s\u00e9curit\u00e9 est notre priorit\u00e9 absolue. En cas d&#039;intemp\u00e9ries, nous vous en informerons imm\u00e9diatement et vous aiderons \u00e0 reporter votre r\u00e9servation ou \u00e0 obtenir un remboursement int\u00e9gral.<\/p>\r\n<h3>Puis-je apporter des bagages ?<\/h3>\r\n<p>Les bagages \u00e0 main sont les bienvenus. Pour les objets plus volumineux, nous organiserons leur transport terrestre jusqu&#039;\u00e0 votre destination.<\/p>\r\n<p>\r\n\r\n<\/p>\r\n<h2 id=\"here-are-some-of-the-advantages-of-electric-flying-taxi-in-new-york\" class=\"wp-block-heading\">Voici quelques-uns des avantages du taxi volant \u00e9lectrique \u00e0 New York<\/h2>\r\n<p>\r\n\r\n<\/p>\r\n<h3 id=\"electric-air-taxis-in-new-york-compare-and-contrast\" class=\"wp-block-heading\">How do electric air taxis in New York City compare to traditional transportation?<\/h3>\r\n<p>\r\n\r\n<\/p>\r\n<p>La derni\u00e8re \u00e9tude, la premi\u00e8re \u00e9valuation compl\u00e8te de l&#039;ad\u00e9quation des VTOL, a examin\u00e9 la consommation d&#039;\u00e9nergie, les \u00e9missions de gaz \u00e0 effet de serre et les \u00e9conomies de temps des VTOL par rapport aux v\u00e9hicules de tourisme au sol. Bien que les VTOL ne g\u00e9n\u00e8rent aucune \u00e9mission pendant le vol, leurs batteries ont besoin d&#039;\u00e9lectricit\u00e9 produite dans des centrales \u00e9lectriques.<\/p>\r\n<p>\r\n\r\n<\/p>\r\n<p>Les chercheurs ont d\u00e9couvert que pour des trajets de centaines de kilom\u00e8tres, un taxi volant \u00e9lectrique enti\u00e8rement charg\u00e9 \u00e0 New York, transportant un pilote et 3 passagers, avait des \u00e9missions de gaz \u00e0 effet de serre inf\u00e9rieures \u00e0 celles des v\u00e9hicules au sol avec un taux d&#039;occupation moyen de 1,54. Les \u00e9missions li\u00e9es au taxi a\u00e9rien VTOL \u00e9taient inf\u00e9rieures de cinquante-deux pour cent \u00e0 celles des v\u00e9hicules \u00e0 essence et de six pour cent \u00e0 celles des v\u00e9hicules \u00e9lectriques \u00e0 batterie.<\/p>\r\n<p>\r\n\r\n<\/p>\r\n<h3 id=\"autonomous-air-taxis-in-new-york-solving-issues-through-transportation\" class=\"wp-block-heading\">How are autonomous air taxis in New York City helping solve transportation challenges?<\/h3>\r\n<p>\r\n\r\n<\/p>\r\n<p>Au cours des prochaines d\u00e9cennies, le secteur du transport international sera confront\u00e9 au d\u00e9fi de r\u00e9pondre \u00e0 la demande croissante de mobilit\u00e9 conventionnelle des passagers tout en r\u00e9duisant la congestion, en am\u00e9liorant la s\u00e9curit\u00e9 et en att\u00e9nuant le changement climatique.<\/p>\r\n<p>\r\n\r\n<\/p>\r\n<p>Les v\u00e9hicules \u00e9lectriques et la conduite automatis\u00e9e peuvent contribuer \u00e0 certains de ces objectifs, mais la congestion sur les routes existantes les limite. Les taxis volants par drones \u00e0 New York pourraient potentiellement surmonter certaines de ces restrictions en permettant des services de taxi pilot\u00e9s ou d&#039;autres services de voyages a\u00e9riens r\u00e9gionaux et urbains via l&#039;application drone taxi dans la ville de New York.<\/p>\r\n<p>\r\n\r\n<\/p>\r\n<h3 id=\"energy-efficient-on-long-electric-flying-taxi-in-new-york-trips\" class=\"wp-block-heading\">How energy efficient is a flying taxi in New York City for long-distance trips?<\/h3>\r\n<p>\r\n\r\n<\/p>\r\n<p>Les chercheurs analysent la consommation d\u2019\u00e9nergie initiale et les \u00e9missions de gaz \u00e0 effet de serre au cours des 5 phases du taxi drone \u00e9lectrique lors des vols \u00e0 New York\u00a0: mont\u00e9e, vol stationnaire au d\u00e9collage, descente, croisi\u00e8re et vol stationnaire \u00e0 l\u2019atterrissage. Ces drones consomment beaucoup d\u2019\u00e9nergie lors du d\u00e9collage et de la mont\u00e9e, mais sont assez efficaces pendant la phase de croisi\u00e8re, se d\u00e9pla\u00e7ant \u00e0 150 mph.<\/p>\r\n<p>\r\n\r\n<\/p>\r\n<h3 class=\"wp-block-heading\">How much will electric flying\u00a0taxis in New York City cost?<\/h3>\r\n<p>\r\n\r\n<\/p>\r\n<p>Initially, air taxis in New York City will cost approximately $5.73 per passenger mile. The air taxi in New York price will then plummet to $1.85 per passenger mile before finally hitting the customer amazing fare rate of $0.44 per mile.\u00a0You can easily book drone air taxi flight tickets through flying taxis in New York City app.<\/p>\r\n<p>\r\n\r\n<\/p>\r\n<h3 id=\"advantages-of-electric-dubai-air-taxi-booking-app\" class=\"wp-block-heading\">What are the advantages of air taxi in New York online booking app?<\/h3>\r\n<p>\r\n\r\n<\/p>\r\n<p>Parmi ses autres avantages, la r\u00e9servation en ligne de taxis drones \u00e0 New York pourrait provoquer un boom \u00e9conomique en augmentant le nombre de personnes se dirigeant vers des lieux de loisirs et de tourisme \u00e9loign\u00e9s des grands a\u00e9roports.<\/p>\r\n<p>\r\n\r\n<\/p>\r\n<h3 id=\"would-drone-air-taxi-in-london-online-booking-app-be-used-to-book-a-electric-air-taxi-flight\" class=\"wp-block-heading\">Can the air taxis in New York online booking app be used to reserve electric air taxi flight tickets?<\/h3>\r\n<p>\r\n\r\n<\/p>\r\n<p>Oui, les clients peuvent utiliser de mani\u00e8re transparente l&#039;application de r\u00e9servation de taxi a\u00e9rien \u00e9lectrique \u00e0 New York en ligne pour trouver le meilleur itin\u00e9raire et r\u00e9server des billets d&#039;avion en taxi volant \u00e9lectrique \u00e0 New York \u00e0 tout moment et n&#039;importe o\u00f9.<\/p>\r\n<h2>Autres vols populaires en taxi a\u00e9rien<\/h2>\r\n<table border=\"0\" cellspacing=\"1\" cellpadding=\"1\">\r\n<tbody>\r\n<tr>\r\n<td>Bon march\u00e9 <a href=\"https:\/\/tiketi.com\/fr-fr\/volants\/taxi-aerien\/chicago\/\" target=\"_blank\" rel=\"noopener\">taxi a\u00e9rien \u00e0 Chicago<\/a>\u00a0<\/td>\r\n<td style=\"width: 30px;\">\u00a0<\/td>\r\n<td>Bon march\u00e9 <a href=\"https:\/\/tiketi.com\/fr-fr\/volants\/taxi-aerien\/miami\/\" target=\"_blank\" rel=\"noopener\">taxi a\u00e9rien \u00e0 Miami<\/a><\/td>\r\n<td style=\"width: 30px;\">\u00a0<\/td>\r\n<td>Bon march\u00e9 <a href=\"https:\/\/tiketi.com\/fr-fr\/volants\/taxi-aerien\/los-angeles\/\" target=\"_blank\" rel=\"noopener\">taxi a\u00e9rien \u00e0 Los Angeles<\/a><\/td>\r\n<\/tr>\r\n<tr>\r\n<td>Bon march\u00e9 <a href=\"https:\/\/tiketi.com\/fr-fr\/volants\/taxi-aerien\/san-francisco\/\" target=\"_blank\" rel=\"noopener\">taxi a\u00e9rien \u00e0 San Francisco<\/a><\/td>\r\n<td style=\"width: 30px;\">\u00a0<\/td>\r\n<td>Bon march\u00e9 <a href=\"https:\/\/tiketi.com\/fr-fr\/volants\/taxi-aerien\/washington-dc\/\" target=\"_blank\" rel=\"noopener\">taxi a\u00e9rien \u00e0 Washington DC<\/a><\/td>\r\n<td style=\"width: 30px;\">\u00a0<\/td>\r\n<td>Bon march\u00e9 <a href=\"https:\/\/tiketi.com\/fr-fr\/volants\/taxi-aerien\/phoenix\/\" target=\"_blank\" rel=\"noopener\">taxi a\u00e9rien \u00e0 Phoenix<\/a><\/td>\r\n<\/tr>\r\n<tr>\r\n<td>Bon march\u00e9 <a href=\"https:\/\/tiketi.com\/fr-fr\/volants\/taxi-aerien\/philadelphia\/\" target=\"_blank\" rel=\"noopener\">taxi a\u00e9rien \u00e0 Philadelphie<\/a><\/td>\r\n<td style=\"width: 30px;\">\u00a0<\/td>\r\n<td>Bon march\u00e9\u00a0<a href=\"https:\/\/tiketi.com\/fr-fr\/volants\/taxi-aerien\/houston\/\" target=\"_blank\" rel=\"noopener\">air taxi in Houston<\/a><\/td>\r\n<td style=\"width: 30px;\">\u00a0<\/td>\r\n<td>Bon march\u00e9 <a href=\"https:\/\/tiketi.com\/fr-fr\/volants\/taxi-aerien\/dubai\/\" target=\"_blank\" rel=\"noopener\">taxi a\u00e9rien \u00e0 Duba\u00ef\u00a0<\/a><\/td>\r\n<\/tr>\r\n<\/tbody>\r\n<\/table>\r\n<p>&nbsp;<\/p>\r\n<p>&nbsp;<\/p>\r\n<p><\/p>","protected":false},"excerpt":{"rendered":"<p>Book a Flying Taxi in New York \u2013 Safe, Fast, Eco-Friendly, and Affordable Urban Travel The Cheap air taxi in New York online booking app allows users to easily reserve helicopter and flying taxi flight tickets. Air taxis in New York make it possible to travel quickly and affordably across the city. The biggest and [&hellip;]<\/p>\n","protected":false},"author":1,"featured_media":14271,"parent":25621,"menu_order":0,"comment_status":"closed","ping_status":"closed","template":"template-home-modern.php","meta":{"footnotes":""},"class_list":["post-10732","page","type-page","status-publish","has-post-thumbnail","hentry"],"yoast_head":"<!-- This site is optimized with the Yoast SEO plugin v27.2 - https:\/\/yoast.com\/product\/yoast-seo-wordpress\/ -->\n<title>Book an Air Taxi in New York Online | Cheap Flying Taxi Fares<\/title>\n<meta name=\"description\" content=\"Book an air taxi in New York online with our app. Compare routes, fares,&amp; flight tickets for air taxis, &amp; find best eVTOL flying taxi options\" \/>\n<meta name=\"robots\" content=\"index, follow, max-snippet:-1, max-image-preview:large, max-video-preview:-1\" \/>\n<link rel=\"canonical\" href=\"https:\/\/tiketi.com\/fr-fr\/volants\/taxi-aerien\/new-york-nyc\/\" \/>\n<meta property=\"og:locale\" content=\"fr_FR\" \/>\n<meta property=\"og:type\" content=\"article\" \/>\n<meta property=\"og:title\" content=\"Book an Air Taxi in New York Online | Cheap Flying Taxi Fares\" \/>\n<meta property=\"og:description\" content=\"Book an air taxi in New York online with our app. Compare routes, fares,&amp; flight tickets for air taxis, &amp; find best eVTOL flying taxi options\" \/>\n<meta property=\"og:url\" content=\"https:\/\/tiketi.com\/fr-fr\/volants\/taxi-aerien\/new-york-nyc\/\" \/>\n<meta property=\"og:site_name\" content=\"Tiketi.com\" \/>\n<meta property=\"article:publisher\" content=\"https:\/\/www.facebook.com\/TiketiCom\/\" \/>\n<meta property=\"article:modified_time\" content=\"2025-10-16T08:40:59+00:00\" \/>\n<meta property=\"og:image\" content=\"https:\/\/tiketi.com\/wp-content\/uploads\/2022\/01\/new-york-3846434_1280.jpg\" \/>\n\t<meta property=\"og:image:width\" content=\"1200\" \/>\n\t<meta property=\"og:image:height\" content=\"232\" \/>\n\t<meta property=\"og:image:type\" content=\"image\/jpeg\" \/>\n<meta name=\"twitter:card\" content=\"summary_large_image\" \/>\n<meta name=\"twitter:label1\" content=\"Dur\u00e9e de lecture estim\u00e9e\" \/>\n\t<meta name=\"twitter:data1\" content=\"6 minutes\" \/>\n<script type=\"application\/ld+json\" class=\"yoast-schema-graph\">{\"@context\":\"https:\/\/schema.org\",\"@graph\":[{\"@type\":\"WebPage\",\"@id\":\"https:\/\/tiketi.com\/flying\/air-taxi\/new-york-nyc\/\",\"url\":\"https:\/\/tiketi.com\/flying\/air-taxi\/new-york-nyc\/\",\"name\":\"Book an Air Taxi in New York Online | Cheap Flying Taxi Fares\",\"isPartOf\":{\"@id\":\"https:\/\/tiketi.com\/#website\"},\"primaryImageOfPage\":{\"@id\":\"https:\/\/tiketi.com\/flying\/air-taxi\/new-york-nyc\/#primaryimage\"},\"image\":{\"@id\":\"https:\/\/tiketi.com\/flying\/air-taxi\/new-york-nyc\/#primaryimage\"},\"thumbnailUrl\":\"https:\/\/tiketi.com\/wp-content\/uploads\/2022\/01\/new-york-3846434_1280.jpg\",\"datePublished\":\"2022-01-19T11:53:45+00:00\",\"dateModified\":\"2025-10-16T08:40:59+00:00\",\"description\":\"Book an air taxi in New York online with our app. Compare routes, fares,& flight tickets for air taxis, & find best eVTOL flying taxi options\",\"breadcrumb\":{\"@id\":\"https:\/\/tiketi.com\/flying\/air-taxi\/new-york-nyc\/#breadcrumb\"},\"inLanguage\":\"fr-FR\",\"potentialAction\":[{\"@type\":\"ReadAction\",\"target\":[\"https:\/\/tiketi.com\/flying\/air-taxi\/new-york-nyc\/\"]}]},{\"@type\":\"ImageObject\",\"inLanguage\":\"fr-FR\",\"@id\":\"https:\/\/tiketi.com\/flying\/air-taxi\/new-york-nyc\/#primaryimage\",\"url\":\"https:\/\/tiketi.com\/wp-content\/uploads\/2022\/01\/new-york-3846434_1280.jpg\",\"contentUrl\":\"https:\/\/tiketi.com\/wp-content\/uploads\/2022\/01\/new-york-3846434_1280.jpg\",\"width\":1200,\"height\":232,\"caption\":\"Air Taxi in Manhattan\"},{\"@type\":\"BreadcrumbList\",\"@id\":\"https:\/\/tiketi.com\/flying\/air-taxi\/new-york-nyc\/#breadcrumb\",\"itemListElement\":[{\"@type\":\"ListItem\",\"position\":1,\"name\":\"Home\",\"item\":\"https:\/\/tiketi.com\/\"},{\"@type\":\"ListItem\",\"position\":2,\"name\":\"Flying\",\"item\":\"https:\/\/tiketi.com\/fr-fr\/volants\/\"},{\"@type\":\"ListItem\",\"position\":3,\"name\":\"Air Taxi\",\"item\":\"https:\/\/tiketi.com\/flying\/air-taxi\/\"},{\"@type\":\"ListItem\",\"position\":4,\"name\":\"Fly Over New York\u2019s Roads \u2013 Easy Air Taxi New York Online Bookings\"}]},{\"@type\":\"WebSite\",\"@id\":\"https:\/\/tiketi.com\/#website\",\"url\":\"https:\/\/tiketi.com\/\",\"name\":\"Flight & Bus Tickets, Tour Packages & Activitites - Tiketi.com\",\"description\":\"Flight &amp; Bus Tickets, Tours, Activitites\",\"publisher\":{\"@id\":\"https:\/\/tiketi.com\/#organization\"},\"potentialAction\":[{\"@type\":\"SearchAction\",\"target\":{\"@type\":\"EntryPoint\",\"urlTemplate\":\"https:\/\/tiketi.com\/?s={search_term_string}\"},\"query-input\":{\"@type\":\"PropertyValueSpecification\",\"valueRequired\":true,\"valueName\":\"search_term_string\"}}],\"inLanguage\":\"fr-FR\"},{\"@type\":\"Organization\",\"@id\":\"https:\/\/tiketi.com\/#organization\",\"name\":\"Tiketi.com\",\"alternateName\":\"Tiketi\",\"url\":\"https:\/\/tiketi.com\/\",\"logo\":{\"@type\":\"ImageObject\",\"inLanguage\":\"fr-FR\",\"@id\":\"https:\/\/tiketi.com\/#\/schema\/logo\/image\/\",\"url\":\"https:\/\/tiketi.com\/wp-content\/uploads\/2019\/05\/tiketi-logo-696.png\",\"contentUrl\":\"https:\/\/tiketi.com\/wp-content\/uploads\/2019\/05\/tiketi-logo-696.png\",\"width\":696,\"height\":696,\"caption\":\"Tiketi.com\"},\"image\":{\"@id\":\"https:\/\/tiketi.com\/#\/schema\/logo\/image\/\"},\"sameAs\":[\"https:\/\/www.facebook.com\/TiketiCom\/\"]}]}<\/script>\n<!-- \/ Yoast SEO plugin. -->","yoast_head_json":{"title":"Book an Air Taxi in New York Online | Cheap Flying Taxi Fares","description":"Book an air taxi in New York online with our app. Compare routes, fares,& flight tickets for air taxis, & find best eVTOL flying taxi options","robots":{"index":"index","follow":"follow","max-snippet":"max-snippet:-1","max-image-preview":"max-image-preview:large","max-video-preview":"max-video-preview:-1"},"canonical":"https:\/\/tiketi.com\/fr-fr\/volants\/taxi-aerien\/new-york-nyc\/","og_locale":"fr_FR","og_type":"article","og_title":"Book an Air Taxi in New York Online | Cheap Flying Taxi Fares","og_description":"Book an air taxi in New York online with our app. Compare routes, fares,& flight tickets for air taxis, & find best eVTOL flying taxi options","og_url":"https:\/\/tiketi.com\/fr-fr\/volants\/taxi-aerien\/new-york-nyc\/","og_site_name":"Tiketi.com","article_publisher":"https:\/\/www.facebook.com\/TiketiCom\/","article_modified_time":"2025-10-16T08:40:59+00:00","og_image":[{"width":1200,"height":232,"url":"https:\/\/tiketi.com\/wp-content\/uploads\/2022\/01\/new-york-3846434_1280.jpg","type":"image\/jpeg"}],"twitter_card":"summary_large_image","twitter_misc":{"Dur\u00e9e de lecture estim\u00e9e":"6 minutes"},"schema":{"@context":"https:\/\/schema.org","@graph":[{"@type":"WebPage","@id":"https:\/\/tiketi.com\/flying\/air-taxi\/new-york-nyc\/","url":"https:\/\/tiketi.com\/flying\/air-taxi\/new-york-nyc\/","name":"Book an Air Taxi in New York Online | Cheap Flying Taxi Fares","isPartOf":{"@id":"https:\/\/tiketi.com\/#website"},"primaryImageOfPage":{"@id":"https:\/\/tiketi.com\/flying\/air-taxi\/new-york-nyc\/#primaryimage"},"image":{"@id":"https:\/\/tiketi.com\/flying\/air-taxi\/new-york-nyc\/#primaryimage"},"thumbnailUrl":"https:\/\/tiketi.com\/wp-content\/uploads\/2022\/01\/new-york-3846434_1280.jpg","datePublished":"2022-01-19T11:53:45+00:00","dateModified":"2025-10-16T08:40:59+00:00","description":"Book an air taxi in New York online with our app. Compare routes, fares,& flight tickets for air taxis, & find best eVTOL flying taxi options","breadcrumb":{"@id":"https:\/\/tiketi.com\/flying\/air-taxi\/new-york-nyc\/#breadcrumb"},"inLanguage":"fr-FR","potentialAction":[{"@type":"ReadAction","target":["https:\/\/tiketi.com\/flying\/air-taxi\/new-york-nyc\/"]}]},{"@type":"ImageObject","inLanguage":"fr-FR","@id":"https:\/\/tiketi.com\/flying\/air-taxi\/new-york-nyc\/#primaryimage","url":"https:\/\/tiketi.com\/wp-content\/uploads\/2022\/01\/new-york-3846434_1280.jpg","contentUrl":"https:\/\/tiketi.com\/wp-content\/uploads\/2022\/01\/new-york-3846434_1280.jpg","width":1200,"height":232,"caption":"Air Taxi in Manhattan"},{"@type":"BreadcrumbList","@id":"https:\/\/tiketi.com\/flying\/air-taxi\/new-york-nyc\/#breadcrumb","itemListElement":[{"@type":"ListItem","position":1,"name":"Home","item":"https:\/\/tiketi.com\/"},{"@type":"ListItem","position":2,"name":"Flying","item":"https:\/\/tiketi.com\/fr-fr\/volants\/"},{"@type":"ListItem","position":3,"name":"Air Taxi","item":"https:\/\/tiketi.com\/flying\/air-taxi\/"},{"@type":"ListItem","position":4,"name":"Fly Over New York\u2019s Roads \u2013 Easy Air Taxi New York Online Bookings"}]},{"@type":"WebSite","@id":"https:\/\/tiketi.com\/#website","url":"https:\/\/tiketi.com\/","name":"Billets d&#039;avion et de bus, forfaits touristiques et activit\u00e9s - Tiketi.com","description":"Billets d&#039;avion et de bus, Tours, Activit\u00e9s","publisher":{"@id":"https:\/\/tiketi.com\/#organization"},"potentialAction":[{"@type":"SearchAction","target":{"@type":"EntryPoint","urlTemplate":"https:\/\/tiketi.com\/?s={search_term_string}"},"query-input":{"@type":"PropertyValueSpecification","valueRequired":true,"valueName":"search_term_string"}}],"inLanguage":"fr-FR"},{"@type":"Organization","@id":"https:\/\/tiketi.com\/#organization","name":"Tiketi.com","alternateName":"Tiketi","url":"https:\/\/tiketi.com\/","logo":{"@type":"ImageObject","inLanguage":"fr-FR","@id":"https:\/\/tiketi.com\/#\/schema\/logo\/image\/","url":"https:\/\/tiketi.com\/wp-content\/uploads\/2019\/05\/tiketi-logo-696.png","contentUrl":"https:\/\/tiketi.com\/wp-content\/uploads\/2019\/05\/tiketi-logo-696.png","width":696,"height":696,"caption":"Tiketi.com"},"image":{"@id":"https:\/\/tiketi.com\/#\/schema\/logo\/image\/"},"sameAs":["https:\/\/www.facebook.com\/TiketiCom\/"]}]}},"_links":{"self":[{"href":"https:\/\/tiketi.com\/fr-fr\/wp-json\/wp\/v2\/pages\/10732","targetHints":{"allow":["GET"]}}],"collection":[{"href":"https:\/\/tiketi.com\/fr-fr\/wp-json\/wp\/v2\/pages"}],"about":[{"href":"https:\/\/tiketi.com\/fr-fr\/wp-json\/wp\/v2\/types\/page"}],"author":[{"embeddable":true,"href":"https:\/\/tiketi.com\/fr-fr\/wp-json\/wp\/v2\/users\/1"}],"replies":[{"embeddable":true,"href":"https:\/\/tiketi.com\/fr-fr\/wp-json\/wp\/v2\/comments?post=10732"}],"version-history":[{"count":11,"href":"https:\/\/tiketi.com\/fr-fr\/wp-json\/wp\/v2\/pages\/10732\/revisions"}],"predecessor-version":[{"id":34493,"href":"https:\/\/tiketi.com\/fr-fr\/wp-json\/wp\/v2\/pages\/10732\/revisions\/34493"}],"up":[{"embeddable":true,"href":"https:\/\/tiketi.com\/fr-fr\/wp-json\/wp\/v2\/pages\/25621"}],"wp:featuredmedia":[{"embeddable":true,"href":"https:\/\/tiketi.com\/fr-fr\/wp-json\/wp\/v2\/media\/14271"}],"wp:attachment":[{"href":"https:\/\/tiketi.com\/fr-fr\/wp-json\/wp\/v2\/media?parent=10732"}],"curies":[{"name":"wp","href":"https:\/\/api.w.org\/{rel}","templated":true}]}}