{"id":10733,"date":"2022-01-19T12:53:45","date_gmt":"2022-01-19T11:53:45","guid":{"rendered":"https:\/\/new.tiketi.com\/munich-air-taxi-booking-app-electric-flying-taxis\/"},"modified":"2025-07-18T21:35:03","modified_gmt":"2025-07-18T20:35:03","slug":"munich","status":"publish","type":"page","link":"https:\/\/tiketi.com\/fr-fr\/volants\/taxi-aerien\/munich\/","title":{"rendered":"Fly Over Munich\u2019s Roads \u2013 Easy Air Taxi Munich Online Bookings"},"content":{"rendered":"<h2 id=\"electric-dubai-air-taxi-booking-app\" class=\"wp-block-heading\">Book a Flying Taxi in Munich \u2013 Fast, Green, and Affordable Urban Travel<\/h2>\r\n<p>The Cheap air taxi in Munich online booking app allows users to easily reserve helicopter and flying taxi flight tickets. Air taxis in Munich make it possible to travel quickly and affordably across the country. Whether you are visiting for a weekend or planning to make this beautiful city your new home, there is lots to do and see in Germany third largest city. This green city is famous for its charming parks, many museums and, wonderful palaces. Munich has a best public transportation system that makes it perfect to move around the city. Munich makes a best base for day trips to outlying areas, such as Nazi concentration camp at Dachau or beautiful Salzburg, but there is plenty to keep visitors in the city too. Just like many other services, you&#8217;ll be able to make a Munich air taxi booking anytime, anywhere, through the app for your electric air taxi flight.<\/p>\r\n<h2 class=\"wp-block-heading\"><span style=\"font-size: 16px;\">\r\n\r\n<\/span><\/h2>\r\n<h2>Pourquoi choisir un taxi volant ?<\/h2>\r\n<ul>\r\n<li><strong>Gagnez du temps<\/strong> \u2013 Ce qui prenait 30 \u00e0 60 minutes en voiture peut d\u00e9sormais se faire en moins de 10 minutes par avion.<\/li>\r\n<li><strong>\u00c9cologique et silencieux<\/strong> \u2013 Nos avions \u00e9lectriques sont jusqu&#039;\u00e0 100 fois plus silencieux que les h\u00e9licopt\u00e8res traditionnels et ne produisent aucune \u00e9mission.<\/li>\r\n<li><strong>S\u00e9curit\u00e9 certifi\u00e9e<\/strong> \u2013 Nos avions sont pilot\u00e9s par des pilotes agr\u00e9\u00e9s et sont \u00e9quip\u00e9s de multiples syst\u00e8mes de s\u00e9curit\u00e9 redondants afin de garantir un voyage en toute s\u00e9curit\u00e9.<\/li>\r\n<li><strong>Comfortable Experience<\/strong> \u2013 D&#039;un simple clic, vous \u00eates parti \u2013 sans tracas, sans stress.<\/li>\r\n<li><strong>Effortless Booking<\/strong> \u2013 Book Your Flight in Just a Few Clicks \u2013 Anytime, Anywhere<\/li>\r\n<\/ul>\r\n<h2>Comment fonctionne notre service de taxi a\u00e9rien ?<\/h2>\r\n<p>R\u00e9server votre taxi a\u00e9rien est aussi simple que de r\u00e9server une course\u00a0:<\/p>\r\n<ol>\r\n<li><strong>Ouvrez le <a href=\"https:\/\/tiketi.com\/fr-fr\/download-tiketi-app\/\" target=\"_blank\" rel=\"noopener\">Application Tiketi<\/a> ou site Web<\/strong><\/li>\r\n<li><strong>Choisissez votre d\u00e9part<\/strong> from one of Munich\u2019s many vertiports (e.g., Munich International Airport, Olympiapark, City Center)<\/li>\r\n<li><strong>Choisissez votre avion<\/strong> \u2013 Choisissez un \u00e9l\u00e9gant taxi a\u00e9rien tout \u00e9lectrique \u00e0 2 ou 4 places<\/li>\r\n<li><strong>Confirmer et partir<\/strong> \u2013 Votre vol est r\u00e9serv\u00e9 en temps r\u00e9el et votre point d&#039;embarquement est pr\u00eat quand vous l&#039;\u00eates.<\/li>\r\n<\/ol>\r\n<p>In just a few minutes, you\u2019ll be airborne\u2014gliding over Munich\u2019s famous skyline and parks, from the iconic Allianz Arena to the beautiful Nymphenburg Palace, while avoiding the traffic chaos below.<\/p>\r\n<h2>Flying Taxi Routes in Munich &#8211; High-Flying Connections<\/h2>\r\n<p>Munich\u2019s aerial transport network is taking shape, with several key routes already in planning:<\/p>\r\n<ul>\r\n<li><strong>Munich International Airport \u2192 City Center<\/strong> \u2013 ~15 minutes (vs. 45\u201360 minutes by road)<\/li>\r\n<li><strong>City Center \u2192 Olympiapark<\/strong> \u2013 5\u20138 minutes<\/li>\r\n<\/ul>\r\n<p>Les itin\u00e9raires futurs comprennent\u00a0:<\/p>\r\n<ul>\r\n<li><strong>Munich \u2192 Nuremberg<\/strong> (~30 minutes)<\/li>\r\n<li><strong>Munich \u2192 Augsburg<\/strong> (~25 minutes)<\/li>\r\n<\/ul>\r\n<p>With strong backing from Munich\u2019s aviation authorities, we expect these flying taxi routes to be operational in the next few years.<\/p>\r\n<h2>Options de tarification et de r\u00e9servation des taxis volants<\/h2>\r\n<p>Nos prix sont comp\u00e9titifs et con\u00e7us pour offrir un rapport qualit\u00e9-prix maximal\u00a0:<\/p>\r\n<ul>\r\n<li><strong>Tarifs actuels\u00a0:<\/strong> ~$6,50 par passager-mille (les prix devraient baisser \u00e0 environ $2,50 \u00e0 mesure que la demande augmentera)<\/li>\r\n<li><strong>Exemple:<\/strong> <strong>Munich International Airport to City Center<\/strong> (~40 km) = $120\u2013$240, comparable to high-end taxi services.<\/li>\r\n<\/ul>\r\n<p>\u00c0 venir:<\/p>\r\n<ul>\r\n<li><strong>Plans de transport en commun<\/strong><\/li>\r\n<li><strong>forfaits de groupe et d&#039;entreprise<\/strong><\/li>\r\n<li><strong>Remises sur volume<\/strong><\/li>\r\n<\/ul>\r\n<p>R\u00e9servez votre vol facilement via l&#039;application, en ligne ou avec notre service de conciergerie. Besoin de services suppl\u00e9mentaires comme un si\u00e8ge enfant ou un transfert\u00a0? Nous nous occupons de tout.<\/p>\r\n<h2>Qui est \u00e0 l&#039;avant-garde ?<\/h2>\r\n<p>Meet the pioneers bringing aerial mobility to Munich:<\/p>\r\n<ul>\r\n<li><strong>Joby Aviation + Lufthansa:<\/strong> Launching 200 mph eVTOL flights from Munich\u2019s airports, priced similarly to premium car services.<\/li>\r\n<li><strong>Vertical Aerospace (Germany):<\/strong> Certifying its VX4 aircraft for 2028 flights\u2014projected fares as low as EUR 120.<\/li>\r\n<li><strong>Skyports :<\/strong> Developing vertiports and charging hubs across Munich and the surrounding Bavarian region.<\/li>\r\n<li><strong>German Government:<\/strong> Investing heavily in Germany\u2019s aerial mobility infrastructure, paving the way for sustainable, high-tech air travel.<\/li>\r\n<\/ul>\r\n\r\n\r\n\r\n<h2 id=\"here-are-some-of-the-best-advantages-of-electric-flying-taxi-in-munich-bayern\" class=\"wp-block-heading\">Here are some of the best advantages of electric flying\u00a0taxi in Munich, Bayern<\/h2>\r\n<p>Munich, known for its rich history, iconic beer gardens, and technological innovations, is also a city that suffers from traffic congestion. The combination of a growing population, frequent construction projects, and the daily hustle of commuters creates long delays, especially around major areas like Marienplatz, the Englischer Garten, and the Autobahns leading into the city. But why endure the frustration of traffic when you could fly? Our eVTOL (electric vertical takeoff and landing) air taxis provide a faster, more efficient way to travel across Munich\u2014whisking you across the city in just minutes. It&#8217;s not just about getting there faster; it\u2019s about reclaiming your time and experiencing a whole new level of urban mobility.<\/p>\r\n\r\n\r\n\r\n<h3 id=\"electric-air-taxis-in-munich-simple-take-off-and-land\" class=\"wp-block-heading\">Do electric air taxis in Munich simple take off and land?<\/h3>\r\n\r\n\r\n\r\n<p>La technologie VTOL signifie que les avions peuvent th\u00e9oriquement d\u00e9coller et atterrir presque n&#039;importe o\u00f9, ce qui les rend beaucoup plus flexibles. Ils sont \u00e9galement capables d&#039;effectuer diverses man\u0153uvres impossibles avec un avion conventionnel, un avantage important pour les avions en conditions de combat.<\/p>\r\n\r\n\r\n\r\n<p>De plus, les avions VTOL, tels que les taxis drones \u00e0 Munich, utilisent des moteurs \u00e9lectriques plus \u00e9conomes en \u00e9nergie que les moteurs \u00e0 r\u00e9action.<\/p>\r\n\r\n\r\n\r\n<h3 id=\"autonomous-air-taxis-in-munich-safety-and-efficiency\" class=\"wp-block-heading\">What are air taxis in Munich safety and efficiency?<\/h3>\r\n\r\n\r\n\r\n<p>Il ne s&#039;agit pas de frais, mais d&#039;efficacit\u00e9 et de s\u00e9curit\u00e9. Ce sont des drones extr\u00eamement l\u00e9gers, donc savoir \u00e0 l&#039;avance le poids de chaque passager et de ses effets personnels aidera les op\u00e9rateurs \u00e0 asseoir les passagers de mani\u00e8re \u00e0 \u00e9quilibrer en toute s\u00e9curit\u00e9 l&#039;avion pour un vol en palier et comp\u00e9tent. Mais si elle est mal mise en \u0153uvre, la pond\u00e9ration des passagers pourrait \u00eatre beaucoup plus d\u00e9shumanisante que les longues files d&#039;attente, cela n\u00e9cessitera donc une sensibilit\u00e9 suppl\u00e9mentaire.<\/p>\r\n\r\n\r\n\r\n<h3 class=\"wp-block-heading\">Do I need to wear headphones while flying with an electric flying taxi in Munich?<\/h3>\r\n\r\n\r\n\r\n<p>With a hearable-based service model, passengers use their earbuds or headphones to communicate at important moments with each and other vehicle operators during the\u00a0electric flying\u00a0taxis in Munich flight, such as takeoff and landing through air taxis in Munich app, and then listen to their own audio content at other times. While tailored for urban air mobility, this hearable-based model points to all latest possibilities on board commercial jetliners as well.<\/p>\r\n\r\n\r\n\r\n<h3 class=\"wp-block-heading\">How much will electric flying\u00a0taxis in Munich cost?<\/h3>\r\n\r\n\r\n\r\n<p>Initially, flying taxis in Munich will cost approximately $5.73 per passenger mile. The air taxi in Munich price will then plummet to $1.85 per passenger mile before finally hitting the customer amazing fare of $0.44 per mile. You can easily book air taxi flight tickets through electric drone taxis in Munich app.<\/p>\r\n\r\n\r\n\r\n<h2 id=\"advantages-of-electric-munich-air-taxi-booking-app\" class=\"wp-block-heading\">What are the advantages of electric air taxi in Munich online booking app<\/h2>\r\n\r\n\r\n\r\n<p>Among its other advantages, \u00a0flying\u00a0taxi in Munich online booking could provide a economic boom by rising the number of people heading for recreation and tourism places that are not near big airports.<\/p>\r\n\r\n\r\n\r\n<h3 id=\"would-drone-air-taxi-in-dubai-online-booking-app-be-used-to-book-a-electric-air-taxi-flight\" class=\"wp-block-heading\">Can the air taxis in Munich online booking app be used to reserve electric air taxi flight tickets?<\/h3>\r\n\r\n\r\n\r\n<p>Yes, customers can seamlessly use online electric Munich air taxi booking app to find the best route and book a electric flying\u00a0taxi in Munich: flight anytime and anywhere.<\/p>\r\n<h2>Autres vols populaires en taxi a\u00e9rien<\/h2>\r\n<table border=\"0\" cellspacing=\"1\" cellpadding=\"1\">\r\n<tbody>\r\n<tr>\r\n<td>Bon march\u00e9 <a href=\"https:\/\/tiketi.com\/fr-fr\/volants\/taxi-aerien\/berlin\/\" target=\"_blank\" rel=\"noopener\">taxi a\u00e9rien \u00e0 Berlin<\/a>\u00a0<\/td>\r\n<td style=\"width: 30px;\">\u00a0<\/td>\r\n<td>Bon march\u00e9 <a href=\"https:\/\/tiketi.com\/fr-fr\/volants\/taxi-aerien\/vienna\/\">air taxi in Vienna<\/a><\/td>\r\n<td style=\"width: 30px;\">\u00a0<\/td>\r\n<td>Bon march\u00e9 <a href=\"https:\/\/tiketi.com\/fr-fr\/volants\/taxi-aerien\/hamburg\/\" target=\"_blank\" rel=\"noopener\">air taxi in Hamburg<\/a><\/td>\r\n<\/tr>\r\n<tr>\r\n<td>Bon march\u00e9 <a href=\"https:\/\/tiketi.com\/fr-fr\/volants\/taxi-aerien\/dusseldorf\/\" target=\"_blank\" rel=\"noopener\">air taxi in Dusseldorf<\/a><\/td>\r\n<td style=\"width: 30px;\">\u00a0<\/td>\r\n<td>Bon march\u00e9 <a href=\"https:\/\/tiketi.com\/fr-fr\/volants\/taxi-aerien\/cologne\/\" target=\"_blank\" rel=\"noopener\">air taxi in Cologne<\/a><\/td>\r\n<td style=\"width: 30px;\">\u00a0<\/td>\r\n<td>Bon march\u00e9 <a href=\"https:\/\/tiketi.com\/fr-fr\/volants\/taxi-aerien\/stuttgart\/\" target=\"_blank\" rel=\"noopener\">air taxi in Stuttgart<\/a><\/td>\r\n<\/tr>\r\n<tr>\r\n<td>Bon march\u00e9 <a href=\"https:\/\/tiketi.com\/fr-fr\/volants\/taxi-aerien\/bremen\/\" target=\"_blank\" rel=\"noopener\">air taxi in Bremen<\/a><\/td>\r\n<td style=\"width: 30px;\">\u00a0<\/td>\r\n<td>Bon march\u00e9 <a href=\"https:\/\/tiketi.com\/fr-fr\/volants\/taxi-aerien\/hannover\/\" target=\"_blank\" rel=\"noopener\">air taxi in Hannover<\/a><\/td>\r\n<td style=\"width: 30px;\">\u00a0<\/td>\r\n<td>Bon march\u00e9 <a href=\"https:\/\/tiketi.com\/fr-fr\/volants\/taxi-aerien\/frankfurt\/\" target=\"_blank\" rel=\"noopener\">air taxi in Frankfurt<\/a><\/td>\r\n<\/tr>\r\n<\/tbody>\r\n<\/table>\r\n<p>&nbsp;<\/p>\r\n<p>&nbsp;<\/p>","protected":false},"excerpt":{"rendered":"<p>Book a Flying Taxi in Munich \u2013 Fast, Green, and Affordable Urban Travel The Cheap air taxi in Munich online booking app allows users to easily reserve helicopter and flying taxi flight tickets. Air taxis in Munich make it possible to travel quickly and affordably across the country. Whether you are visiting for a weekend [&hellip;]<\/p>\n","protected":false},"author":1,"featured_media":17137,"parent":25621,"menu_order":0,"comment_status":"open","ping_status":"closed","template":"template-home-modern.php","meta":{"footnotes":""},"class_list":["post-10733","page","type-page","status-publish","has-post-thumbnail","hentry"],"yoast_head":"<!-- This site is optimized with the Yoast SEO plugin v27.3 - https:\/\/yoast.com\/product\/yoast-seo-wordpress\/ -->\n<title>Book an Air Taxi in Munich Online | Cheap Flying Taxi Fares<\/title>\n<meta name=\"description\" content=\"Book an air taxi in Munich online with our app. Compare routes, fares, &amp; flight tickets for air taxis, &amp; find affordable flying taxi options\" \/>\n<meta name=\"robots\" content=\"index, follow, max-snippet:-1, max-image-preview:large, max-video-preview:-1\" \/>\n<link rel=\"canonical\" href=\"https:\/\/tiketi.com\/fr-fr\/volants\/taxi-aerien\/munich\/\" \/>\n<meta property=\"og:locale\" content=\"fr_FR\" \/>\n<meta property=\"og:type\" content=\"article\" \/>\n<meta property=\"og:title\" content=\"Book an Air Taxi in Munich Online | Cheap Flying Taxi Fares\" \/>\n<meta property=\"og:description\" content=\"Book an air taxi in Munich online with our app. Compare routes, fares, &amp; flight tickets for air taxis, &amp; find affordable flying taxi options\" \/>\n<meta property=\"og:url\" content=\"https:\/\/tiketi.com\/fr-fr\/volants\/taxi-aerien\/munich\/\" \/>\n<meta property=\"og:site_name\" content=\"Tiketi.com\" \/>\n<meta property=\"article:publisher\" content=\"https:\/\/www.facebook.com\/TiketiCom\/\" \/>\n<meta property=\"article:modified_time\" content=\"2025-07-18T20:35:03+00:00\" \/>\n<meta property=\"og:image\" content=\"https:\/\/tiketi.com\/wp-content\/uploads\/2022\/02\/munich-panorama-3243510_128.jpg\" \/>\n\t<meta property=\"og:image:width\" content=\"1200\" \/>\n\t<meta property=\"og:image:height\" content=\"200\" \/>\n\t<meta property=\"og:image:type\" content=\"image\/jpeg\" \/>\n<meta name=\"twitter:card\" content=\"summary_large_image\" \/>\n<meta name=\"twitter:label1\" content=\"Dur\u00e9e de lecture estim\u00e9e\" \/>\n\t<meta name=\"twitter:data1\" content=\"6 minutes\" \/>\n<script type=\"application\/ld+json\" class=\"yoast-schema-graph\">{\"@context\":\"https:\\\/\\\/schema.org\",\"@graph\":[{\"@type\":\"WebPage\",\"@id\":\"https:\\\/\\\/tiketi.com\\\/flying\\\/air-taxi\\\/munich\\\/\",\"url\":\"https:\\\/\\\/tiketi.com\\\/flying\\\/air-taxi\\\/munich\\\/\",\"name\":\"Book an Air Taxi in Munich Online | Cheap Flying Taxi Fares\",\"isPartOf\":{\"@id\":\"https:\\\/\\\/tiketi.com\\\/#website\"},\"primaryImageOfPage\":{\"@id\":\"https:\\\/\\\/tiketi.com\\\/flying\\\/air-taxi\\\/munich\\\/#primaryimage\"},\"image\":{\"@id\":\"https:\\\/\\\/tiketi.com\\\/flying\\\/air-taxi\\\/munich\\\/#primaryimage\"},\"thumbnailUrl\":\"https:\\\/\\\/tiketi.com\\\/wp-content\\\/uploads\\\/2022\\\/02\\\/munich-panorama-3243510_128.jpg\",\"datePublished\":\"2022-01-19T11:53:45+00:00\",\"dateModified\":\"2025-07-18T20:35:03+00:00\",\"description\":\"Book an air taxi in Munich online with our app. Compare routes, fares, & flight tickets for air taxis, & find affordable flying taxi options\",\"breadcrumb\":{\"@id\":\"https:\\\/\\\/tiketi.com\\\/flying\\\/air-taxi\\\/munich\\\/#breadcrumb\"},\"inLanguage\":\"fr-FR\",\"potentialAction\":[{\"@type\":\"ReadAction\",\"target\":[\"https:\\\/\\\/tiketi.com\\\/flying\\\/air-taxi\\\/munich\\\/\"]}]},{\"@type\":\"ImageObject\",\"inLanguage\":\"fr-FR\",\"@id\":\"https:\\\/\\\/tiketi.com\\\/flying\\\/air-taxi\\\/munich\\\/#primaryimage\",\"url\":\"https:\\\/\\\/tiketi.com\\\/wp-content\\\/uploads\\\/2022\\\/02\\\/munich-panorama-3243510_128.jpg\",\"contentUrl\":\"https:\\\/\\\/tiketi.com\\\/wp-content\\\/uploads\\\/2022\\\/02\\\/munich-panorama-3243510_128.jpg\",\"width\":1200,\"height\":200,\"caption\":\"Air Taxi in Munich\"},{\"@type\":\"BreadcrumbList\",\"@id\":\"https:\\\/\\\/tiketi.com\\\/flying\\\/air-taxi\\\/munich\\\/#breadcrumb\",\"itemListElement\":[{\"@type\":\"ListItem\",\"position\":1,\"name\":\"Home\",\"item\":\"https:\\\/\\\/tiketi.com\\\/\"},{\"@type\":\"ListItem\",\"position\":2,\"name\":\"Flying\",\"item\":\"https:\\\/\\\/tiketi.com\\\/fr-fr\\\/volants\\\/\"},{\"@type\":\"ListItem\",\"position\":3,\"name\":\"Air Taxi\",\"item\":\"https:\\\/\\\/tiketi.com\\\/flying\\\/air-taxi\\\/\"},{\"@type\":\"ListItem\",\"position\":4,\"name\":\"Fly Over Munich\u2019s Roads \u2013 Easy Air Taxi Munich Online Bookings\"}]},{\"@type\":\"WebSite\",\"@id\":\"https:\\\/\\\/tiketi.com\\\/#website\",\"url\":\"https:\\\/\\\/tiketi.com\\\/\",\"name\":\"Flight & Bus Tickets, Tour Packages & Activitites - Tiketi.com\",\"description\":\"Flight &amp; Bus Tickets, Tours, Activitites\",\"publisher\":{\"@id\":\"https:\\\/\\\/tiketi.com\\\/#organization\"},\"potentialAction\":[{\"@type\":\"SearchAction\",\"target\":{\"@type\":\"EntryPoint\",\"urlTemplate\":\"https:\\\/\\\/tiketi.com\\\/?s={search_term_string}\"},\"query-input\":{\"@type\":\"PropertyValueSpecification\",\"valueRequired\":true,\"valueName\":\"search_term_string\"}}],\"inLanguage\":\"fr-FR\"},{\"@type\":\"Organization\",\"@id\":\"https:\\\/\\\/tiketi.com\\\/#organization\",\"name\":\"Tiketi.com\",\"alternateName\":\"Tiketi\",\"url\":\"https:\\\/\\\/tiketi.com\\\/\",\"logo\":{\"@type\":\"ImageObject\",\"inLanguage\":\"fr-FR\",\"@id\":\"https:\\\/\\\/tiketi.com\\\/#\\\/schema\\\/logo\\\/image\\\/\",\"url\":\"https:\\\/\\\/tiketi.com\\\/wp-content\\\/uploads\\\/2019\\\/05\\\/tiketi-logo-696.png\",\"contentUrl\":\"https:\\\/\\\/tiketi.com\\\/wp-content\\\/uploads\\\/2019\\\/05\\\/tiketi-logo-696.png\",\"width\":696,\"height\":696,\"caption\":\"Tiketi.com\"},\"image\":{\"@id\":\"https:\\\/\\\/tiketi.com\\\/#\\\/schema\\\/logo\\\/image\\\/\"},\"sameAs\":[\"https:\\\/\\\/www.facebook.com\\\/TiketiCom\\\/\"]}]}<\/script>\n<!-- \/ Yoast SEO plugin. -->","yoast_head_json":{"title":"Book an Air Taxi in Munich Online | Cheap Flying Taxi Fares","description":"Book an air taxi in Munich online with our app. Compare routes, fares, & flight tickets for air taxis, & find affordable flying taxi options","robots":{"index":"index","follow":"follow","max-snippet":"max-snippet:-1","max-image-preview":"max-image-preview:large","max-video-preview":"max-video-preview:-1"},"canonical":"https:\/\/tiketi.com\/fr-fr\/volants\/taxi-aerien\/munich\/","og_locale":"fr_FR","og_type":"article","og_title":"Book an Air Taxi in Munich Online | Cheap Flying Taxi Fares","og_description":"Book an air taxi in Munich online with our app. Compare routes, fares, & flight tickets for air taxis, & find affordable flying taxi options","og_url":"https:\/\/tiketi.com\/fr-fr\/volants\/taxi-aerien\/munich\/","og_site_name":"Tiketi.com","article_publisher":"https:\/\/www.facebook.com\/TiketiCom\/","article_modified_time":"2025-07-18T20:35:03+00:00","og_image":[{"width":1200,"height":200,"url":"https:\/\/tiketi.com\/wp-content\/uploads\/2022\/02\/munich-panorama-3243510_128.jpg","type":"image\/jpeg"}],"twitter_card":"summary_large_image","twitter_misc":{"Dur\u00e9e de lecture estim\u00e9e":"6 minutes"},"schema":{"@context":"https:\/\/schema.org","@graph":[{"@type":"WebPage","@id":"https:\/\/tiketi.com\/flying\/air-taxi\/munich\/","url":"https:\/\/tiketi.com\/flying\/air-taxi\/munich\/","name":"Book an Air Taxi in Munich Online | Cheap Flying Taxi Fares","isPartOf":{"@id":"https:\/\/tiketi.com\/#website"},"primaryImageOfPage":{"@id":"https:\/\/tiketi.com\/flying\/air-taxi\/munich\/#primaryimage"},"image":{"@id":"https:\/\/tiketi.com\/flying\/air-taxi\/munich\/#primaryimage"},"thumbnailUrl":"https:\/\/tiketi.com\/wp-content\/uploads\/2022\/02\/munich-panorama-3243510_128.jpg","datePublished":"2022-01-19T11:53:45+00:00","dateModified":"2025-07-18T20:35:03+00:00","description":"Book an air taxi in Munich online with our app. Compare routes, fares, & flight tickets for air taxis, & find affordable flying taxi options","breadcrumb":{"@id":"https:\/\/tiketi.com\/flying\/air-taxi\/munich\/#breadcrumb"},"inLanguage":"fr-FR","potentialAction":[{"@type":"ReadAction","target":["https:\/\/tiketi.com\/flying\/air-taxi\/munich\/"]}]},{"@type":"ImageObject","inLanguage":"fr-FR","@id":"https:\/\/tiketi.com\/flying\/air-taxi\/munich\/#primaryimage","url":"https:\/\/tiketi.com\/wp-content\/uploads\/2022\/02\/munich-panorama-3243510_128.jpg","contentUrl":"https:\/\/tiketi.com\/wp-content\/uploads\/2022\/02\/munich-panorama-3243510_128.jpg","width":1200,"height":200,"caption":"Air Taxi in Munich"},{"@type":"BreadcrumbList","@id":"https:\/\/tiketi.com\/flying\/air-taxi\/munich\/#breadcrumb","itemListElement":[{"@type":"ListItem","position":1,"name":"Home","item":"https:\/\/tiketi.com\/"},{"@type":"ListItem","position":2,"name":"Flying","item":"https:\/\/tiketi.com\/fr-fr\/volants\/"},{"@type":"ListItem","position":3,"name":"Air Taxi","item":"https:\/\/tiketi.com\/flying\/air-taxi\/"},{"@type":"ListItem","position":4,"name":"Fly Over Munich\u2019s Roads \u2013 Easy Air Taxi Munich Online Bookings"}]},{"@type":"WebSite","@id":"https:\/\/tiketi.com\/#website","url":"https:\/\/tiketi.com\/","name":"Billets d&#039;avion et de bus, forfaits touristiques et activit\u00e9s - Tiketi.com","description":"Billets d&#039;avion et de bus, Tours, Activit\u00e9s","publisher":{"@id":"https:\/\/tiketi.com\/#organization"},"potentialAction":[{"@type":"SearchAction","target":{"@type":"EntryPoint","urlTemplate":"https:\/\/tiketi.com\/?s={search_term_string}"},"query-input":{"@type":"PropertyValueSpecification","valueRequired":true,"valueName":"search_term_string"}}],"inLanguage":"fr-FR"},{"@type":"Organization","@id":"https:\/\/tiketi.com\/#organization","name":"Tiketi.com","alternateName":"Tiketi","url":"https:\/\/tiketi.com\/","logo":{"@type":"ImageObject","inLanguage":"fr-FR","@id":"https:\/\/tiketi.com\/#\/schema\/logo\/image\/","url":"https:\/\/tiketi.com\/wp-content\/uploads\/2019\/05\/tiketi-logo-696.png","contentUrl":"https:\/\/tiketi.com\/wp-content\/uploads\/2019\/05\/tiketi-logo-696.png","width":696,"height":696,"caption":"Tiketi.com"},"image":{"@id":"https:\/\/tiketi.com\/#\/schema\/logo\/image\/"},"sameAs":["https:\/\/www.facebook.com\/TiketiCom\/"]}]}},"_links":{"self":[{"href":"https:\/\/tiketi.com\/fr-fr\/wp-json\/wp\/v2\/pages\/10733","targetHints":{"allow":["GET"]}}],"collection":[{"href":"https:\/\/tiketi.com\/fr-fr\/wp-json\/wp\/v2\/pages"}],"about":[{"href":"https:\/\/tiketi.com\/fr-fr\/wp-json\/wp\/v2\/types\/page"}],"author":[{"embeddable":true,"href":"https:\/\/tiketi.com\/fr-fr\/wp-json\/wp\/v2\/users\/1"}],"replies":[{"embeddable":true,"href":"https:\/\/tiketi.com\/fr-fr\/wp-json\/wp\/v2\/comments?post=10733"}],"version-history":[{"count":3,"href":"https:\/\/tiketi.com\/fr-fr\/wp-json\/wp\/v2\/pages\/10733\/revisions"}],"predecessor-version":[{"id":31996,"href":"https:\/\/tiketi.com\/fr-fr\/wp-json\/wp\/v2\/pages\/10733\/revisions\/31996"}],"up":[{"embeddable":true,"href":"https:\/\/tiketi.com\/fr-fr\/wp-json\/wp\/v2\/pages\/25621"}],"wp:featuredmedia":[{"embeddable":true,"href":"https:\/\/tiketi.com\/fr-fr\/wp-json\/wp\/v2\/media\/17137"}],"wp:attachment":[{"href":"https:\/\/tiketi.com\/fr-fr\/wp-json\/wp\/v2\/media?parent=10733"}],"curies":[{"name":"wp","href":"https:\/\/api.w.org\/{rel}","templated":true}]}}