{"id":10735,"date":"2022-01-19T12:53:45","date_gmt":"2022-01-19T11:53:45","guid":{"rendered":"https:\/\/new.tiketi.com\/switzerland-air-taxi-booking-app-electric-flying-taxis\/"},"modified":"2022-11-21T13:06:52","modified_gmt":"2022-11-21T12:06:52","slug":"switzerland","status":"publish","type":"page","link":"https:\/\/tiketi.com\/fr-fr\/volants\/taxi-aerien\/switzerland\/","title":{"rendered":"Taxi a\u00e9rien en Suisse R\u00e9servation - Itin\u00e9raires de vol, horaires et tarifs"},"content":{"rendered":"<h2 class=\"wp-block-heading\" id=\"electric-switzerland-air-taxi-booking-app\">Application de r\u00e9servation de taxi a\u00e9rien pas cher en Suisse<\/h2>\n\n\n\n<p>Le service d&#039;application de r\u00e9servation en ligne de taxis a\u00e9riens \u00e9lectriques en Suisse permettra aux utilisateurs de r\u00e9server des taxis a\u00e9riens \u00e9lectriques, qui seront bient\u00f4t lanc\u00e9s dans les grandes villes et les zones m\u00e9tropolitaines (Z\u00fcrich, Berne, etc.) en Suisse. Les taxis a\u00e9riens autonomes en Suisse permettent de voyager pas cher et rapidement en Suisse. Connues pour leur chocolat, leurs horloges, leurs montagnes, leur fromage et leur neutralit\u00e9 politique, les merveilleuses Alpes suisses sont un lieu de contes \u00e0 visiter. Le pays a des particularit\u00e9s, comme le fait qu&#039;il a 3 langues nationales. Selon la r\u00e9gion de la Suisse, les visiteurs trouveront l&#039;italien, le fran\u00e7ais et l&#039;allemand parl\u00e9s. Bien qu&#039;il n&#039;y ait pas de langue suisse, un dialecte de l&#039;allemand, connu sous le nom de suisse allemand, est g\u00e9n\u00e9ralement parl\u00e9 par ceux qui se trouvent pr\u00e8s de la fronti\u00e8re allemande. Comme pour tant d&#039;autres choses, vous pourrez faire \u00e0 tout moment et n&#039;importe o\u00f9 la r\u00e9servation d&#039;un taxi a\u00e9rien suisse par drone pour votre vol en taxi a\u00e9rien \u00e9lectrique.<\/p>\n\n\n\n<h2 class=\"wp-block-heading\" id=\"here-are-some-of-the-best-advantages-of-electric-flying-taxi-in-switzerland\">Voici quelques-uns des meilleurs avantages du taxi volant \u00e9lectrique en Suisse<\/h2>\n\n\n\n<h3 class=\"wp-block-heading\" id=\"what-is-electric-flying-taxi-in-switzerland\">Qu&#039;est-ce qu&#039;un taxi volant \u00e9lectrique en Suisse ?<\/h3>\n\n\n\n<p>Les taxis volants \u00e9lectriques en Suisse sont un tout nouveau type de v\u00e9hicule. les voitures a\u00e9riennes sont des drones passagers, ou comme ceux de l&#039;industrie les privil\u00e9gient, des v\u00e9hicules de mobilit\u00e9 a\u00e9rienne urbaine. Habituellement, lorsque nous voyons la lettre \u00abU\u00bb dans le contexte des drones, cela signifie \u00absans pilote\u00bb, mais la premi\u00e8re g\u00e9n\u00e9ration de taxis a\u00e9riens \u00e9lectriques en Suisse aura quelqu&#039;un assis dans le si\u00e8ge du pilote.<\/p>\n\n\n\n<h3 class=\"wp-block-heading\" id=\"when-can-we-expect-to-hail-our-first-electric-air-taxis-in-switzerland\">Quand pouvons-nous esp\u00e9rer h\u00e9ler nos premiers taxis a\u00e9riens \u00e9lectriques en Suisse ?<\/h3>\n\n\n\n<p>Les taxis volants \u00e9lectriques en Suisse et dans le monde seront pr\u00eats \u00e0 transporter des passagers d&#039;ici 2025, et certains op\u00e9rateurs ont fait venir d&#039;anciens ing\u00e9nieurs de la NASA \u00e0 bord pour les aider \u00e0 atteindre cet objectif.<\/p>\n\n\n\n<h3 class=\"wp-block-heading\" id=\"are-autonomous-air-taxis-in-switzerland-cars-eco-friendly\">Les taxis a\u00e9riens autonomes en Suisse sont-ils \u00e9cologiques ?<\/h3>\n\n\n\n<p>Ils ont d\u00e9couvert que les v\u00e9hicules \u00e9lectriques a\u00e9riens auraient trente-cinq pour cent d&#039;\u00e9missions de gaz \u00e0 effet de serre en moins que les v\u00e9hicules traditionnels lorsqu&#039;ils transportaient 1 pilote sur cent kilom\u00e8tres, soit environ 62 miles. Les voitures \u00e9lectriques a\u00e9riennes s&#039;en sortent encore mieux lorsqu&#039;elles sont compl\u00e8tement charg\u00e9es avec un pilote et 3 passagers pour un trajet de m\u00eame distance.<\/p>\n\n\n\n<h3 class=\"wp-block-heading\" id=\"will-there-by-air-cars-in-2030\">Y aura-t-il des voitures par avion en 2030 ?<\/h3>\n\n\n\n<p><p>Si le d\u00e9veloppement technologique faiblit, ou si la s\u00e9curit\u00e9 et les infrastructures ne r\u00e9pondent pas aux besoins et que le cadre r\u00e9glementaire n&#039;est pas favorable, le BCG pr\u00e9voit 10 000 v\u00e9hicules a\u00e9riens d&#039;ici 2030. Si tous ces probl\u00e8mes sont r\u00e9solus, le BCG estime un march\u00e9 de soixante millions d&#039;unit\u00e9s, avec un total de 825 milliards de vols.<\/p><h3>Combien co\u00fbtera un taxi volant \u00e9lectrique en Suisse ?<\/h3><\/p>\n\n\n\n<p>Au d\u00e9part, les taxis a\u00e9riens en Suisse co\u00fbteront environ $5,73 par passager-mile. Le prix du taxi drone en Suisse chutera ensuite \u00e0 $1,85 par mile passager avant d&#039;atteindre finalement le tarif incroyable du client de $0,44 par mile. Vous pouvez facilement r\u00e9server un taxi a\u00e9rien via l&#039;application de taxis volants \u00e9lectriques en Suisse.<\/p>\n\n\n\n<h2 class=\"wp-block-heading\" id=\"advantages-of-electric-switzerland-air-taxi-booking-app\">Avantages de l&#039;application de r\u00e9servation de taxis a\u00e9riens \u00e9lectriques en Suisse<\/h2>\n\n\n\n<p>Parmi ses autres avantages, la r\u00e9servation en ligne de taxi drone en Suisse pourrait apporter un boom \u00e9conomique en augmentant le nombre de personnes se dirigeant vers des lieux de loisirs et de tourisme \u00e9loign\u00e9s des grands a\u00e9roports.<\/p>\n\n\n\n<h3 class=\"wp-block-heading\" id=\"would-drone-air-taxi-in-switzerland-online-booking-app-be-used-to-book-a-electric-air-taxi-flight\">L&#039;application de r\u00e9servation en ligne de taxi a\u00e9rien par drone en Suisse serait-elle utilis\u00e9e pour r\u00e9server un vol de taxi a\u00e9rien \u00e9lectrique\u00a0?<\/h3>\n\n\n\n<p>Oui, les clients peuvent utiliser de mani\u00e8re transparente l&#039;application de r\u00e9servation de taxi a\u00e9rien \u00e9lectrique Suisse en ligne pour trouver le meilleur itin\u00e9raire et r\u00e9server un vol de taxi volant \u00e9lectrique en Suisse \u00e0 tout moment et n&#039;importe o\u00f9.<\/p>","protected":false},"excerpt":{"rendered":"<p>Cheap Switzerland air taxi booking app Electric air taxi in Switzerland online booking app service will enable users to book electric air taxis, launching in major cities and metropolitan areas (Z\u00fcrich, Bern, etc) in Switzerland soon. Autonomous air taxis in Switzerland makes possible to travel cheap and fast in Switzerland. Known for its chocolate, clocks, [&hellip;]<\/p>\n","protected":false},"author":1,"featured_media":17142,"parent":25621,"menu_order":0,"comment_status":"open","ping_status":"closed","template":"template-home-modern.php","meta":{"footnotes":""},"class_list":["post-10735","page","type-page","status-publish","has-post-thumbnail","hentry"],"yoast_head":"<!-- This site is optimized with the Yoast SEO plugin v27.3 - https:\/\/yoast.com\/product\/yoast-seo-wordpress\/ -->\n<title>Air Taxi in Switzerland Booking \u2013 Flying Routes, Schedule &amp; Fares<\/title>\n<meta name=\"description\" content=\"Looking for drone air taxi in Switzerland online booking app, routes, schedule &amp; fares? Compare air taxis and book your cheap flying taxi in Switzerland\" \/>\n<meta name=\"robots\" content=\"index, follow, max-snippet:-1, max-image-preview:large, max-video-preview:-1\" \/>\n<link rel=\"canonical\" href=\"https:\/\/tiketi.com\/fr-fr\/volants\/taxi-aerien\/switzerland\/\" \/>\n<meta property=\"og:locale\" content=\"fr_FR\" \/>\n<meta property=\"og:type\" content=\"article\" \/>\n<meta property=\"og:title\" content=\"Air Taxi in Switzerland Booking \u2013 Flying Routes, Schedule &amp; Fares\" \/>\n<meta property=\"og:description\" content=\"Looking for drone air taxi in Switzerland online booking app, routes, schedule &amp; fares? Compare air taxis and book your cheap flying taxi in Switzerland\" \/>\n<meta property=\"og:url\" content=\"https:\/\/tiketi.com\/fr-fr\/volants\/taxi-aerien\/switzerland\/\" \/>\n<meta property=\"og:site_name\" content=\"Tiketi.com\" \/>\n<meta property=\"article:publisher\" content=\"https:\/\/www.facebook.com\/TiketiCom\/\" \/>\n<meta property=\"article:modified_time\" content=\"2022-11-21T12:06:52+00:00\" \/>\n<meta property=\"og:image\" content=\"https:\/\/tiketi.com\/wp-content\/uploads\/2022\/02\/switzerland-schilthorn-3033.jpg\" \/>\n\t<meta property=\"og:image:width\" content=\"1200\" \/>\n\t<meta property=\"og:image:height\" content=\"202\" \/>\n\t<meta property=\"og:image:type\" content=\"image\/jpeg\" \/>\n<meta name=\"twitter:card\" content=\"summary_large_image\" \/>\n<meta name=\"twitter:label1\" content=\"Dur\u00e9e de lecture estim\u00e9e\" \/>\n\t<meta name=\"twitter:data1\" content=\"3 minutes\" \/>\n<script type=\"application\/ld+json\" class=\"yoast-schema-graph\">{\"@context\":\"https:\\\/\\\/schema.org\",\"@graph\":[{\"@type\":\"WebPage\",\"@id\":\"https:\\\/\\\/tiketi.com\\\/flying\\\/air-taxi\\\/switzerland\\\/\",\"url\":\"https:\\\/\\\/tiketi.com\\\/flying\\\/air-taxi\\\/switzerland\\\/\",\"name\":\"Air Taxi in Switzerland Booking \u2013 Flying Routes, Schedule & Fares\",\"isPartOf\":{\"@id\":\"https:\\\/\\\/tiketi.com\\\/#website\"},\"primaryImageOfPage\":{\"@id\":\"https:\\\/\\\/tiketi.com\\\/flying\\\/air-taxi\\\/switzerland\\\/#primaryimage\"},\"image\":{\"@id\":\"https:\\\/\\\/tiketi.com\\\/flying\\\/air-taxi\\\/switzerland\\\/#primaryimage\"},\"thumbnailUrl\":\"https:\\\/\\\/tiketi.com\\\/wp-content\\\/uploads\\\/2022\\\/02\\\/switzerland-schilthorn-3033.jpg\",\"datePublished\":\"2022-01-19T11:53:45+00:00\",\"dateModified\":\"2022-11-21T12:06:52+00:00\",\"description\":\"Looking for drone air taxi in Switzerland online booking app, routes, schedule & fares? Compare air taxis and book your cheap flying taxi in Switzerland\",\"breadcrumb\":{\"@id\":\"https:\\\/\\\/tiketi.com\\\/flying\\\/air-taxi\\\/switzerland\\\/#breadcrumb\"},\"inLanguage\":\"fr-FR\",\"potentialAction\":[{\"@type\":\"ReadAction\",\"target\":[\"https:\\\/\\\/tiketi.com\\\/flying\\\/air-taxi\\\/switzerland\\\/\"]}]},{\"@type\":\"ImageObject\",\"inLanguage\":\"fr-FR\",\"@id\":\"https:\\\/\\\/tiketi.com\\\/flying\\\/air-taxi\\\/switzerland\\\/#primaryimage\",\"url\":\"https:\\\/\\\/tiketi.com\\\/wp-content\\\/uploads\\\/2022\\\/02\\\/switzerland-schilthorn-3033.jpg\",\"contentUrl\":\"https:\\\/\\\/tiketi.com\\\/wp-content\\\/uploads\\\/2022\\\/02\\\/switzerland-schilthorn-3033.jpg\",\"width\":1200,\"height\":202,\"caption\":\"Air Taxi in Switzerland\"},{\"@type\":\"BreadcrumbList\",\"@id\":\"https:\\\/\\\/tiketi.com\\\/flying\\\/air-taxi\\\/switzerland\\\/#breadcrumb\",\"itemListElement\":[{\"@type\":\"ListItem\",\"position\":1,\"name\":\"Home\",\"item\":\"https:\\\/\\\/tiketi.com\\\/\"},{\"@type\":\"ListItem\",\"position\":2,\"name\":\"Flying\",\"item\":\"https:\\\/\\\/tiketi.com\\\/fr-fr\\\/volants\\\/\"},{\"@type\":\"ListItem\",\"position\":3,\"name\":\"Air Taxi\",\"item\":\"https:\\\/\\\/tiketi.com\\\/flying\\\/air-taxi\\\/\"},{\"@type\":\"ListItem\",\"position\":4,\"name\":\"Air Taxi in Switzerland Booking \u2013 Flying Routes, Schedule &#038; Fares\"}]},{\"@type\":\"WebSite\",\"@id\":\"https:\\\/\\\/tiketi.com\\\/#website\",\"url\":\"https:\\\/\\\/tiketi.com\\\/\",\"name\":\"Flight & Bus Tickets, Tour Packages & Activitites - Tiketi.com\",\"description\":\"Flight &amp; Bus Tickets, Tours, Activitites\",\"publisher\":{\"@id\":\"https:\\\/\\\/tiketi.com\\\/#organization\"},\"potentialAction\":[{\"@type\":\"SearchAction\",\"target\":{\"@type\":\"EntryPoint\",\"urlTemplate\":\"https:\\\/\\\/tiketi.com\\\/?s={search_term_string}\"},\"query-input\":{\"@type\":\"PropertyValueSpecification\",\"valueRequired\":true,\"valueName\":\"search_term_string\"}}],\"inLanguage\":\"fr-FR\"},{\"@type\":\"Organization\",\"@id\":\"https:\\\/\\\/tiketi.com\\\/#organization\",\"name\":\"Tiketi.com\",\"alternateName\":\"Tiketi\",\"url\":\"https:\\\/\\\/tiketi.com\\\/\",\"logo\":{\"@type\":\"ImageObject\",\"inLanguage\":\"fr-FR\",\"@id\":\"https:\\\/\\\/tiketi.com\\\/#\\\/schema\\\/logo\\\/image\\\/\",\"url\":\"https:\\\/\\\/tiketi.com\\\/wp-content\\\/uploads\\\/2019\\\/05\\\/tiketi-logo-696.png\",\"contentUrl\":\"https:\\\/\\\/tiketi.com\\\/wp-content\\\/uploads\\\/2019\\\/05\\\/tiketi-logo-696.png\",\"width\":696,\"height\":696,\"caption\":\"Tiketi.com\"},\"image\":{\"@id\":\"https:\\\/\\\/tiketi.com\\\/#\\\/schema\\\/logo\\\/image\\\/\"},\"sameAs\":[\"https:\\\/\\\/www.facebook.com\\\/TiketiCom\\\/\"]}]}<\/script>\n<!-- \/ Yoast SEO plugin. -->","yoast_head_json":{"title":"Taxi a\u00e9rien en Suisse R\u00e9servation - Itin\u00e9raires de vol, horaires et tarifs","description":"Vous recherchez une application de r\u00e9servation en ligne de taxi a\u00e9rien drone en Suisse, des itin\u00e9raires, des horaires et des tarifs\u00a0? Comparez les taxis a\u00e9riens et r\u00e9servez votre taxi volant pas cher en Suisse","robots":{"index":"index","follow":"follow","max-snippet":"max-snippet:-1","max-image-preview":"max-image-preview:large","max-video-preview":"max-video-preview:-1"},"canonical":"https:\/\/tiketi.com\/fr-fr\/volants\/taxi-aerien\/switzerland\/","og_locale":"fr_FR","og_type":"article","og_title":"Air Taxi in Switzerland Booking \u2013 Flying Routes, Schedule & Fares","og_description":"Looking for drone air taxi in Switzerland online booking app, routes, schedule & fares? Compare air taxis and book your cheap flying taxi in Switzerland","og_url":"https:\/\/tiketi.com\/fr-fr\/volants\/taxi-aerien\/switzerland\/","og_site_name":"Tiketi.com","article_publisher":"https:\/\/www.facebook.com\/TiketiCom\/","article_modified_time":"2022-11-21T12:06:52+00:00","og_image":[{"width":1200,"height":202,"url":"https:\/\/tiketi.com\/wp-content\/uploads\/2022\/02\/switzerland-schilthorn-3033.jpg","type":"image\/jpeg"}],"twitter_card":"summary_large_image","twitter_misc":{"Dur\u00e9e de lecture estim\u00e9e":"3 minutes"},"schema":{"@context":"https:\/\/schema.org","@graph":[{"@type":"WebPage","@id":"https:\/\/tiketi.com\/flying\/air-taxi\/switzerland\/","url":"https:\/\/tiketi.com\/flying\/air-taxi\/switzerland\/","name":"Taxi a\u00e9rien en Suisse R\u00e9servation - Itin\u00e9raires de vol, horaires et tarifs","isPartOf":{"@id":"https:\/\/tiketi.com\/#website"},"primaryImageOfPage":{"@id":"https:\/\/tiketi.com\/flying\/air-taxi\/switzerland\/#primaryimage"},"image":{"@id":"https:\/\/tiketi.com\/flying\/air-taxi\/switzerland\/#primaryimage"},"thumbnailUrl":"https:\/\/tiketi.com\/wp-content\/uploads\/2022\/02\/switzerland-schilthorn-3033.jpg","datePublished":"2022-01-19T11:53:45+00:00","dateModified":"2022-11-21T12:06:52+00:00","description":"Vous recherchez une application de r\u00e9servation en ligne de taxi a\u00e9rien drone en Suisse, des itin\u00e9raires, des horaires et des tarifs\u00a0? Comparez les taxis a\u00e9riens et r\u00e9servez votre taxi volant pas cher en Suisse","breadcrumb":{"@id":"https:\/\/tiketi.com\/flying\/air-taxi\/switzerland\/#breadcrumb"},"inLanguage":"fr-FR","potentialAction":[{"@type":"ReadAction","target":["https:\/\/tiketi.com\/flying\/air-taxi\/switzerland\/"]}]},{"@type":"ImageObject","inLanguage":"fr-FR","@id":"https:\/\/tiketi.com\/flying\/air-taxi\/switzerland\/#primaryimage","url":"https:\/\/tiketi.com\/wp-content\/uploads\/2022\/02\/switzerland-schilthorn-3033.jpg","contentUrl":"https:\/\/tiketi.com\/wp-content\/uploads\/2022\/02\/switzerland-schilthorn-3033.jpg","width":1200,"height":202,"caption":"Air Taxi in Switzerland"},{"@type":"BreadcrumbList","@id":"https:\/\/tiketi.com\/flying\/air-taxi\/switzerland\/#breadcrumb","itemListElement":[{"@type":"ListItem","position":1,"name":"Home","item":"https:\/\/tiketi.com\/"},{"@type":"ListItem","position":2,"name":"Flying","item":"https:\/\/tiketi.com\/fr-fr\/volants\/"},{"@type":"ListItem","position":3,"name":"Air Taxi","item":"https:\/\/tiketi.com\/flying\/air-taxi\/"},{"@type":"ListItem","position":4,"name":"Air Taxi in Switzerland Booking \u2013 Flying Routes, Schedule &#038; Fares"}]},{"@type":"WebSite","@id":"https:\/\/tiketi.com\/#website","url":"https:\/\/tiketi.com\/","name":"Billets d&#039;avion et de bus, forfaits touristiques et activit\u00e9s - Tiketi.com","description":"Billets d&#039;avion et de bus, Tours, Activit\u00e9s","publisher":{"@id":"https:\/\/tiketi.com\/#organization"},"potentialAction":[{"@type":"SearchAction","target":{"@type":"EntryPoint","urlTemplate":"https:\/\/tiketi.com\/?s={search_term_string}"},"query-input":{"@type":"PropertyValueSpecification","valueRequired":true,"valueName":"search_term_string"}}],"inLanguage":"fr-FR"},{"@type":"Organization","@id":"https:\/\/tiketi.com\/#organization","name":"Tiketi.com","alternateName":"Tiketi","url":"https:\/\/tiketi.com\/","logo":{"@type":"ImageObject","inLanguage":"fr-FR","@id":"https:\/\/tiketi.com\/#\/schema\/logo\/image\/","url":"https:\/\/tiketi.com\/wp-content\/uploads\/2019\/05\/tiketi-logo-696.png","contentUrl":"https:\/\/tiketi.com\/wp-content\/uploads\/2019\/05\/tiketi-logo-696.png","width":696,"height":696,"caption":"Tiketi.com"},"image":{"@id":"https:\/\/tiketi.com\/#\/schema\/logo\/image\/"},"sameAs":["https:\/\/www.facebook.com\/TiketiCom\/"]}]}},"_links":{"self":[{"href":"https:\/\/tiketi.com\/fr-fr\/wp-json\/wp\/v2\/pages\/10735","targetHints":{"allow":["GET"]}}],"collection":[{"href":"https:\/\/tiketi.com\/fr-fr\/wp-json\/wp\/v2\/pages"}],"about":[{"href":"https:\/\/tiketi.com\/fr-fr\/wp-json\/wp\/v2\/types\/page"}],"author":[{"embeddable":true,"href":"https:\/\/tiketi.com\/fr-fr\/wp-json\/wp\/v2\/users\/1"}],"replies":[{"embeddable":true,"href":"https:\/\/tiketi.com\/fr-fr\/wp-json\/wp\/v2\/comments?post=10735"}],"version-history":[{"count":0,"href":"https:\/\/tiketi.com\/fr-fr\/wp-json\/wp\/v2\/pages\/10735\/revisions"}],"up":[{"embeddable":true,"href":"https:\/\/tiketi.com\/fr-fr\/wp-json\/wp\/v2\/pages\/25621"}],"wp:featuredmedia":[{"embeddable":true,"href":"https:\/\/tiketi.com\/fr-fr\/wp-json\/wp\/v2\/media\/17142"}],"wp:attachment":[{"href":"https:\/\/tiketi.com\/fr-fr\/wp-json\/wp\/v2\/media?parent=10735"}],"curies":[{"name":"wp","href":"https:\/\/api.w.org\/{rel}","templated":true}]}}