{"id":10737,"date":"2022-01-19T12:53:45","date_gmt":"2022-01-19T11:53:45","guid":{"rendered":"https:\/\/new.tiketi.com\/california-air-taxi-booking-app-electric-flying-taxis\/"},"modified":"2025-07-21T13:35:02","modified_gmt":"2025-07-21T12:35:02","slug":"california","status":"publish","type":"page","link":"https:\/\/tiketi.com\/fr-fr\/volants\/taxi-aerien\/california\/","title":{"rendered":"Fly Over California\u2019s Roads \u2013 Easy Air Taxi California Online Bookings"},"content":{"rendered":"<h2 id=\"electric-dubai-air-taxi-booking-app\" class=\"wp-block-heading\">Book a Flying Taxi in California \u2013 Fast, Green, and Affordable Urban Travel<\/h2>\r\n<p>The Cheap air taxi in California online booking app allows users to easily reserve helicopter and flying taxi flight tickets. Air taxis in California make it possible to travel quickly and affordably across the city. We are making California air taxi booking simple, affordable and accessible for everyone. Autonomous air taxis in California makes possible to travel cheap and fast in California. California beckons visitors with sunshine, amazing landscapes, and urban relaxation. A location of dreams, this stunning state has it all: a remarkable coastline, snow-capped mountains, costly deserts, idyllic farmlands, and very old redwood groves, along with dynamic multicultural cities. Visitors flock to San Francisco for shopping, sighting, gourmet dining and museum hoping. Los Angeles dazzles visitors with Hollywood glamour and Southern California scenery. Santa Barbara and San Diego have best balmy weather and golden-sand beaches. Just like many other services, you&#8217;ll be able to make a California air taxi booking anytime, anywhere, through the app for your electric air taxi flight.<\/p>\r\n<h2><span style=\"font-size: 16px;\"><!-- \/wp:post-content -->\r\n\r\n<!-- wp:paragraph --><\/span><\/h2>\r\n<!-- wp:paragraph -->\r\n<p>Pour les amoureux de la nature, la Californie est un endroit pour explorer les remarquables espaces ext\u00e9rieurs. Au parc national de Yosemite, les visiteurs s&#039;\u00e9merveillent devant les magnifiques falaises de granit drap\u00e9es de cascades spectaculaires. Dans l&#039;atmosph\u00e8re alpine remarquable des montagnes de la Sierra Nevada au lac Tahoe, les parcs nationaux de Sequoia et King Canyon, et les lacs Mammoth sont des sentiers bien entretenus et des possibilit\u00e9s illimit\u00e9es pour les sports de plein air. Plus pr\u00e8s de l&#039;oc\u00e9an Pacifique, dans les parcs d&#039;\u00c9tat et le parc national des s\u00e9quoias luxuriants, de ravissants sentiers de randonn\u00e9e sont ombrag\u00e9s par les arbres les plus hauts du monde.<\/p>\r\n<h2>Pourquoi choisir un taxi volant ?<\/h2>\r\n<ul>\r\n<li><strong>Cut Travel Time<\/strong> \u2013 45-minute drives reduced to under 10 minutes<\/li>\r\n<li><strong>Sustainable &amp; Silent<\/strong> \u2013 All-electric, low-noise aircraft with zero emissions<\/li>\r\n<li><strong>Safe &amp; Certified<\/strong> \u2013 Operated by licensed pilots with FAA-cleared aircraft<\/li>\r\n<li><strong>Simple &amp; Stress-Free<\/strong> \u2013 No parking, no gridlock, no hassle<\/li>\r\n<\/ul>\r\n<h2>Comment fonctionne notre service de taxi a\u00e9rien ?<\/h2>\r\n<p>R\u00e9server votre taxi a\u00e9rien est aussi simple que de r\u00e9server une course\u00a0:<\/p>\r\n<ol>\r\n<li><strong>Ouvrez le <a href=\"https:\/\/tiketi.com\/fr-fr\/download-tiketi-app\/\" target=\"_blank\" rel=\"noopener\">Application Tiketi<\/a> ou site Web<\/strong><\/li>\r\n<li><strong>Choisissez votre d\u00e9part<\/strong> \u2013 Pick from dozens of urban skyports (e.g., Downtown LA, San Jose, Santa Monica, LAX, Oakland)<\/li>\r\n<li><strong>Choisissez votre avion<\/strong> \u2013 Choisissez un \u00e9l\u00e9gant taxi a\u00e9rien tout \u00e9lectrique \u00e0 2 ou 4 places<\/li>\r\n<li><strong>Confirmer et partir<\/strong> \u2013 Votre vol est r\u00e9serv\u00e9 en temps r\u00e9el et votre point d&#039;embarquement est pr\u00eat quand vous l&#039;\u00eates.<\/li>\r\n<\/ol>\r\n<p>Cruise over the Pacific Coast Highway, the Silicon Valley skyline, or the San Francisco Bay while skipping the standstill traffic below.<\/p>\r\n<h2>Flying Taxi Routes in California &#8211; High-Flying Connections<\/h2>\r\n<p>Aerial routes are being developed to connect California\u2019s most congested corridors:<\/p>\r\n<p><strong>Southern California:<\/strong><\/p>\r\n<ul>\r\n<li><strong>Downtown LA \u2192 LAX<\/strong> \u2013 ~6 minutes (vs. 45\u201390 by car)<\/li>\r\n<li><strong>Santa Monica \u2192 Downtown LA<\/strong> \u2013 ~7 minutes<\/li>\r\n<li><strong>Hollywood \u2192 Burbank Airport<\/strong> \u2013 environ 8 minutes<\/li>\r\n<li><strong>LA \u2192 Orange County (Irvine)<\/strong> \u2013 ~12\u201315 minutes<\/li>\r\n<\/ul>\r\n<p><strong>Bay Area:<\/strong><\/p>\r\n<ul>\r\n<li><strong>Downtown San Francisco<\/strong> \u2192 SFO \u2013 ~5\u20136 minutes<\/li>\r\n<li><strong>SF \u2192 Oakland<\/strong> \u2013 ~7 minutes over the bay<\/li>\r\n<li><strong>San Jose \u2192 San Francisco<\/strong> \u2013 ~18 minutes (vs. 60\u201390 by road)<\/li>\r\n<li><strong>Palo Alto \u2192 SFO<\/strong> \u2013 environ 10 minutes<\/li>\r\n<\/ul>\r\n<p><strong>Central + Statewide:<\/strong><\/p>\r\n<ul>\r\n<li>F<strong>resno \u2192 San Jose<\/strong> \u2013 ~35\u201340 minutes<\/li>\r\n<li><strong>Sacramento \u2192 SF Bay Area<\/strong> \u2013 ~45 minutes<\/li>\r\n<li><strong>Future corridor: LA \u2192 SF<\/strong> (via regional eVTOL hops) \u2013 ~2 hours total with transfers<\/li>\r\n<\/ul>\r\n<p>These routes are under active planning with support from California\u2019s transportation agencies, airports, and aviation startups.<\/p>\r\n<h2>Options de tarification et de r\u00e9servation des taxis volants<\/h2>\r\n<p>Affordable, flexible, and surprisingly competitive:<\/p>\r\n<ul>\r\n<li><strong>Today\u2019s pricing:<\/strong> ~$6.00 per passenger-mile<\/li>\r\n<li><strong>Expected to drop to<\/strong> ~$2.50 per mile with scale<\/li>\r\n<li><strong>Example: Santa Monica to Downtown LA<\/strong> (~10 miles) = ~$60\u2013$100<\/li>\r\n<li><strong>Cheaper than<\/strong> many LA car services during rush hour<\/li>\r\n<\/ul>\r\n<p>Upcoming offers:<\/p>\r\n<p><strong>\u2022 Monthly commuter subscriptions<\/strong><br \/><strong>\u2022 Corporate travel accounts<\/strong><br \/><strong>\u2022 Airport transfer bundles<\/strong><\/p>\r\n<h2>Who\u2019s Leading California\u2019s Air Mobility Shift?<\/h2>\r\n<p>California is a global hub for aerial innovation, home to some of the world\u2019s most advanced eVTOL developers:<\/p>\r\n<ul>\r\n<li><strong>Joby Aviation (Santa Cruz)<\/strong> \u2013 Launching 200+ mile range aircraft, with services planned for LA and SF<\/li>\r\n<li><strong>Archer Aviation (San Jose)<\/strong> \u2013 Partnering with United Airlines for airport transfers across California, starting in 2025<\/li>\r\n<li><strong>Wisk Aero (Mountain View)<\/strong> \u2013 Developing autonomous air taxis with Boeing<\/li>\r\n<li><strong>Skyports + L.A. Metro<\/strong> \u2013 Planning vertiport hubs integrated with mass transit<\/li>\r\n<li><strong>City &amp; State Governments<\/strong> \u2013 Actively supporting vertiport zoning and clean energy aviation grants<\/li>\r\n<\/ul>\r\n<h2>Foire aux questions<\/h2>\r\n<h3>Pourquoi prendre un taxi a\u00e9rien ?<\/h3>\r\n<p>California may be known for its golden beaches, booming tech industry, and Hollywood glitz\u2014but it\u2019s also infamous for some of the worst traffic in the United States. From bumper-to-bumper crawls on the 405 in Los Angeles to gridlock on the Bay Bridge in San Francisco, millions of Californians lose hours of their lives every week behind the wheel.<br \/>But there\u2019s a better way: eVTOL (electric vertical takeoff and landing) air taxis are coming to California. Say goodbye to soul-crushing traffic and hello to soaring over it all in minutes. Whether you\u2019re commuting to the office, heading to LAX, or zipping between tech hubs\u2014you can do it faster, quieter, and cleaner from the sky.<\/p>\r\n<h3>Est-ce s\u00fbr?<\/h3>\r\n<p>Oui. Tous les vols sont pilot\u00e9s par des professionnels certifi\u00e9s et respectent les normes de s\u00e9curit\u00e9 les plus strictes, avec de multiples syst\u00e8mes de s\u00e9curit\u00e9 redondants int\u00e9gr\u00e9s.<\/p>\r\n<h3>Les vols peuvent-ils \u00eatre assur\u00e9s par mauvais temps\u00a0?<\/h3>\r\n<p>Votre s\u00e9curit\u00e9 est notre priorit\u00e9 absolue. En cas d&#039;intemp\u00e9ries, nous vous en informerons imm\u00e9diatement et vous aiderons \u00e0 reporter votre r\u00e9servation ou \u00e0 obtenir un remboursement int\u00e9gral.<\/p>\r\n<h3>Puis-je apporter des bagages ?<\/h3>\r\n<p>Les bagages \u00e0 main sont les bienvenus. Pour les objets plus volumineux, nous organiserons leur transport terrestre jusqu&#039;\u00e0 votre destination.<\/p>\r\n<!-- \/wp:paragraph -->\r\n\r\n<!-- wp:heading -->\r\n<h2 id=\"here-are-some-of-the-best-advantages-of-electric-flying-taxi-in-california\">Voici quelques-uns des meilleurs avantages du taxi volant \u00e9lectrique en Californie<\/h2>\r\n<!-- \/wp:heading -->\r\n\r\n<!-- wp:heading {\"level\":3} -->\r\n<h3 id=\"what-are-electric-air-taxis-in-california\">Que sont les taxis a\u00e9riens \u00e9lectriques en Californie ?<\/h3>\r\n<!-- \/wp:heading -->\r\n\r\n<!-- wp:paragraph -->\r\n<p>L&#039;avion taxi drone dispose d&#039;un total de quatre si\u00e8ges dont un est d\u00e9di\u00e9 au piolet et les 3 autres sont pour les passagers. Si vous pensez qu&#039;opter pour ce service vous co\u00fbtera trop cher, vous vous trompez.<\/p>\r\n<!-- \/wp:paragraph -->\r\n\r\n<!-- wp:heading {\"level\":3} -->\r\n<h3 id=\"is-electric-flying-taxi-in-california-convenient\">Le taxi volant \u00e9lectrique en Californie est-il pratique ?<\/h3>\r\n<!-- \/wp:heading -->\r\n\r\n<!-- wp:paragraph -->\r\n<p>L&#039;une des principales caract\u00e9ristiques de la r\u00e9servation en ligne de ce taxi drone en Californie est qu&#039;il d\u00e9collera \u00e0 l&#039;heure pr\u00e9vue, m\u00eame si un seul passager a r\u00e9serv\u00e9 un si\u00e8ge et que les autres sont vacants. C&#039;est ce qui le rend parfait pour que les gens volent dedans.<\/p>\r\n<!-- \/wp:paragraph -->\r\n\r\n<!-- wp:heading {\"level\":3} -->\r\n<h3 id=\"what-is-the-speed-of-electric-flying-taxis-in-california\">Quelle est la vitesse des taxis volants \u00e9lectriques en Californie ?<\/h3>\r\n<!-- \/wp:heading -->\r\n\r\n<!-- wp:paragraph -->\r\n<p>Les taxis volants \u00e9lectriques en Californie auront 5 places et une vitesse de croisi\u00e8re de 290 km\/h, et pourront voler \u00e0 une altitude de 1 000 \u00e0 2 000. Il est petit, ses rotors \u00e9lectriques le rendent moins bruyant qu&#039;un h\u00e9licopt\u00e8re \u00e0 moteur thermique, ce qui lui permettra de survoler sans probl\u00e8me des villes peu tol\u00e9rantes aux nuisances sonores.<\/p>\r\n<!-- \/wp:paragraph -->\r\n\r\n<!-- wp:heading {\"level\":3} -->\r\n<h3 id=\"are-autonomous-air-taxis-in-california-safe\">Les taxis a\u00e9riens autonomes en Californie sont-ils s\u00fbrs ?<\/h3>\r\n<!-- \/wp:heading -->\r\n\r\n<!-- wp:paragraph -->\r\n<p>Alors, est-il plus s\u00fbr de piloter un avion certifi\u00e9 drone air-taxi ? La petite r\u00e9ponse est oui. Des mesures de s\u00e9curit\u00e9 suppl\u00e9mentaires sont appliqu\u00e9es par les taxis volants \u00e9lectriques en Californie, les op\u00e9rateurs r\u00e9glement\u00e9s en vertu de la partie 135 offrent aux clients un moyen plus fiable de louer un avion priv\u00e9.<\/p>\r\n<!-- \/wp:paragraph -->\r\n\r\n<!-- wp:heading {\"level\":3} -->\r\n<h3 id=\"how-much-will-an-electric-flying-taxis-in-california-cost\">Combien co\u00fbtera un taxi volant \u00e9lectrique en Californie ?<\/h3>\r\n<!-- \/wp:heading -->\r\n\r\n<!-- wp:paragraph -->\r\n<p>Au d\u00e9part, les drones taxis a\u00e9riens en Californie co\u00fbteront environ $5,73 par passager-mile. Vous pouvez facilement r\u00e9server des billets d&#039;avion en taxi a\u00e9rien via des taxis volants \u00e9lectriques dans l&#039;application Californie. Le prix des taxis drones en Californie chutera alors \u00e0 $1,85 par mile passager avant d&#039;atteindre finalement le tarif incroyable du client de $0,44 par mile.<\/p>\r\n<!-- \/wp:paragraph -->\r\n\r\n<!-- wp:heading -->\r\n<h3 id=\"advantages-of-electric-california-air-taxi-booking-app\">What are the advantages of electric California air taxi booking app?<\/h3>\r\n<!-- \/wp:heading -->\r\n\r\n<!-- wp:paragraph -->\r\n<p>Parmi ses autres avantages, les taxis drones en Californie pourraient fournir un boom \u00e9conomique en augmentant le nombre de personnes se dirigeant vers des lieux de loisirs et de tourisme qui ne sont pas \u00e0 proximit\u00e9 des grands a\u00e9roports.<\/p>\r\n<!-- \/wp:paragraph -->\r\n\r\n<!-- wp:heading {\"level\":3} -->\r\n<h3 id=\"would-drone-air-taxi-in-dubai-online-booking-app-be-used-to-book-a-electric-air-taxi-flight\" class=\"wp-block-heading\">Can the air taxis in California online booking app be used to reserve electric air taxi flight tickets?<\/h3>\r\n<!-- \/wp:heading -->\r\n\r\n<!-- wp:paragraph -->\r\n<p>Oui, les clients peuvent utiliser de mani\u00e8re transparente l&#039;application de r\u00e9servation de taxi a\u00e9rien en Californie par drone en ligne pour trouver le meilleur itin\u00e9raire et r\u00e9server un taxi volant \u00e9lectrique dans les billets d&#039;avion de Californie \u00e0 tout moment et n&#039;importe o\u00f9.<\/p>\r\n<h2>Autres vols populaires en taxi a\u00e9rien<\/h2>\r\n<table border=\"0\" cellspacing=\"1\" cellpadding=\"1\">\r\n<tbody>\r\n<tr>\r\n<td>Bon march\u00e9 <a href=\"https:\/\/tiketi.com\/fr-fr\/volants\/taxi-aerien\/new-york-nyc\/\" target=\"_blank\" rel=\"noopener\">taxi a\u00e9rien \u00e0 New York<\/a><\/td>\r\n<td style=\"width: 30px;\">\u00a0<\/td>\r\n<td>Bon march\u00e9 <a href=\"https:\/\/tiketi.com\/fr-fr\/volants\/taxi-aerien\/miami\/\" target=\"_blank\" rel=\"noopener\">taxi a\u00e9rien \u00e0 Miami<\/a><\/td>\r\n<td style=\"width: 30px;\">\u00a0<\/td>\r\n<td>Bon march\u00e9 <a href=\"https:\/\/tiketi.com\/fr-fr\/volants\/taxi-aerien\/los-angeles\/\" target=\"_blank\" rel=\"noopener\">taxi a\u00e9rien \u00e0 Los Angeles<\/a><\/td>\r\n<\/tr>\r\n<tr>\r\n<td>Bon march\u00e9 <a href=\"https:\/\/tiketi.com\/fr-fr\/volants\/taxi-aerien\/san-francisco\/\" target=\"_blank\" rel=\"noopener\">taxi a\u00e9rien \u00e0 San Francisco<\/a><\/td>\r\n<td style=\"width: 30px;\">\u00a0<\/td>\r\n<td>Bon march\u00e9 <a href=\"https:\/\/tiketi.com\/fr-fr\/volants\/taxi-aerien\/philadelphia\/\" target=\"_blank\" rel=\"noopener\">taxi a\u00e9rien \u00e0 Philadelphie<\/a><\/td>\r\n<td style=\"width: 30px;\">\u00a0<\/td>\r\n<td>Bon march\u00e9 <a href=\"https:\/\/tiketi.com\/fr-fr\/volants\/taxi-aerien\/washington-dc\/\" target=\"_blank\" rel=\"noopener\">taxi a\u00e9rien \u00e0 Washington DC<\/a><\/td>\r\n<\/tr>\r\n<tr>\r\n<td>Bon march\u00e9 <a href=\"https:\/\/tiketi.com\/fr-fr\/volants\/taxi-aerien\/phoenix\/\" target=\"_blank\" rel=\"noopener\">taxi a\u00e9rien \u00e0 Phoenix<\/a><\/td>\r\n<td style=\"width: 30px;\">\u00a0<\/td>\r\n<td>Bon march\u00e9 <a href=\"https:\/\/tiketi.com\/fr-fr\/volants\/taxi-aerien\/chicago\/\" target=\"_blank\" rel=\"noopener\">taxi a\u00e9rien \u00e0 Chicago<\/a><\/td>\r\n<td style=\"width: 30px;\">\u00a0<\/td>\r\n<td>Bon march\u00e9 <a href=\"https:\/\/tiketi.com\/fr-fr\/volants\/taxi-aerien\/florida\/\" target=\"_blank\" rel=\"noopener\">taxi a\u00e9rien en Floride<\/a><\/td>\r\n<\/tr>\r\n<\/tbody>\r\n<\/table>\r\n<p><!-- \/wp:paragraph --><\/p>\r\n<p>&nbsp;<\/p>\r\n<p>&nbsp;<\/p>","protected":false},"excerpt":{"rendered":"<p>Book a Flying Taxi in California \u2013 Fast, Green, and Affordable Urban Travel The Cheap air taxi in California online booking app allows users to easily reserve helicopter and flying taxi flight tickets. Air taxis in California make it possible to travel quickly and affordably across the city. We are making California air taxi booking [&hellip;]<\/p>\n","protected":false},"author":1,"featured_media":16126,"parent":25621,"menu_order":0,"comment_status":"open","ping_status":"closed","template":"template-home-modern.php","meta":{"footnotes":""},"class_list":["post-10737","page","type-page","status-publish","has-post-thumbnail","hentry"],"yoast_head":"<!-- This site is optimized with the Yoast SEO plugin v27.4 - https:\/\/yoast.com\/product\/yoast-seo-wordpress\/ -->\n<title>Book an Air Taxi in California Online | Cheap Flying Taxi Fares<\/title>\n<meta name=\"description\" content=\"Book an air taxi in California online with our app. Compare routes, fares, &amp; flight tickets for air taxis, &amp; find affordable flying taxi options\" \/>\n<meta name=\"robots\" content=\"index, follow, max-snippet:-1, max-image-preview:large, max-video-preview:-1\" \/>\n<link rel=\"canonical\" href=\"https:\/\/tiketi.com\/fr-fr\/volants\/taxi-aerien\/california\/\" \/>\n<meta property=\"og:locale\" content=\"fr_FR\" \/>\n<meta property=\"og:type\" content=\"article\" \/>\n<meta property=\"og:title\" content=\"Book an Air Taxi in California Online | Cheap Flying Taxi Fares\" \/>\n<meta property=\"og:description\" content=\"Book an air taxi in California online with our app. Compare routes, fares, &amp; flight tickets for air taxis, &amp; find affordable flying taxi options\" \/>\n<meta property=\"og:url\" content=\"https:\/\/tiketi.com\/fr-fr\/volants\/taxi-aerien\/california\/\" \/>\n<meta property=\"og:site_name\" content=\"Tiketi.com\" \/>\n<meta property=\"article:publisher\" content=\"https:\/\/www.facebook.com\/TiketiCom\/\" \/>\n<meta property=\"article:modified_time\" content=\"2025-07-21T12:35:02+00:00\" \/>\n<meta property=\"og:image\" content=\"https:\/\/tiketi.com\/wp-content\/uploads\/2022\/02\/california-panorama-2300806.jpg\" \/>\n\t<meta property=\"og:image:width\" content=\"1200\" \/>\n\t<meta property=\"og:image:height\" content=\"209\" \/>\n\t<meta property=\"og:image:type\" content=\"image\/jpeg\" \/>\n<meta name=\"twitter:card\" content=\"summary_large_image\" \/>\n<meta name=\"twitter:label1\" content=\"Dur\u00e9e de lecture estim\u00e9e\" \/>\n\t<meta name=\"twitter:data1\" content=\"6 minutes\" \/>\n<script type=\"application\/ld+json\" class=\"yoast-schema-graph\">{\"@context\":\"https:\\\/\\\/schema.org\",\"@graph\":[{\"@type\":\"WebPage\",\"@id\":\"https:\\\/\\\/tiketi.com\\\/flying\\\/air-taxi\\\/california\\\/\",\"url\":\"https:\\\/\\\/tiketi.com\\\/flying\\\/air-taxi\\\/california\\\/\",\"name\":\"Book an Air Taxi in California Online | Cheap Flying Taxi Fares\",\"isPartOf\":{\"@id\":\"https:\\\/\\\/tiketi.com\\\/#website\"},\"primaryImageOfPage\":{\"@id\":\"https:\\\/\\\/tiketi.com\\\/flying\\\/air-taxi\\\/california\\\/#primaryimage\"},\"image\":{\"@id\":\"https:\\\/\\\/tiketi.com\\\/flying\\\/air-taxi\\\/california\\\/#primaryimage\"},\"thumbnailUrl\":\"https:\\\/\\\/tiketi.com\\\/wp-content\\\/uploads\\\/2022\\\/02\\\/california-panorama-2300806.jpg\",\"datePublished\":\"2022-01-19T11:53:45+00:00\",\"dateModified\":\"2025-07-21T12:35:02+00:00\",\"description\":\"Book an air taxi in California online with our app. Compare routes, fares, & flight tickets for air taxis, & find affordable flying taxi options\",\"breadcrumb\":{\"@id\":\"https:\\\/\\\/tiketi.com\\\/flying\\\/air-taxi\\\/california\\\/#breadcrumb\"},\"inLanguage\":\"fr-FR\",\"potentialAction\":[{\"@type\":\"ReadAction\",\"target\":[\"https:\\\/\\\/tiketi.com\\\/flying\\\/air-taxi\\\/california\\\/\"]}]},{\"@type\":\"ImageObject\",\"inLanguage\":\"fr-FR\",\"@id\":\"https:\\\/\\\/tiketi.com\\\/flying\\\/air-taxi\\\/california\\\/#primaryimage\",\"url\":\"https:\\\/\\\/tiketi.com\\\/wp-content\\\/uploads\\\/2022\\\/02\\\/california-panorama-2300806.jpg\",\"contentUrl\":\"https:\\\/\\\/tiketi.com\\\/wp-content\\\/uploads\\\/2022\\\/02\\\/california-panorama-2300806.jpg\",\"width\":1200,\"height\":209,\"caption\":\"California Air Taxi Booking App\"},{\"@type\":\"BreadcrumbList\",\"@id\":\"https:\\\/\\\/tiketi.com\\\/flying\\\/air-taxi\\\/california\\\/#breadcrumb\",\"itemListElement\":[{\"@type\":\"ListItem\",\"position\":1,\"name\":\"Home\",\"item\":\"https:\\\/\\\/tiketi.com\\\/\"},{\"@type\":\"ListItem\",\"position\":2,\"name\":\"Flying\",\"item\":\"https:\\\/\\\/tiketi.com\\\/fr-fr\\\/volants\\\/\"},{\"@type\":\"ListItem\",\"position\":3,\"name\":\"Air Taxi\",\"item\":\"https:\\\/\\\/tiketi.com\\\/flying\\\/air-taxi\\\/\"},{\"@type\":\"ListItem\",\"position\":4,\"name\":\"Fly Over California\u2019s Roads \u2013 Easy Air Taxi California Online Bookings\"}]},{\"@type\":\"WebSite\",\"@id\":\"https:\\\/\\\/tiketi.com\\\/#website\",\"url\":\"https:\\\/\\\/tiketi.com\\\/\",\"name\":\"Flight & Bus Tickets, Tour Packages & Activitites - Tiketi.com\",\"description\":\"Flight &amp; Bus Tickets, Tours, Activitites\",\"publisher\":{\"@id\":\"https:\\\/\\\/tiketi.com\\\/#organization\"},\"potentialAction\":[{\"@type\":\"SearchAction\",\"target\":{\"@type\":\"EntryPoint\",\"urlTemplate\":\"https:\\\/\\\/tiketi.com\\\/?s={search_term_string}\"},\"query-input\":{\"@type\":\"PropertyValueSpecification\",\"valueRequired\":true,\"valueName\":\"search_term_string\"}}],\"inLanguage\":\"fr-FR\"},{\"@type\":\"Organization\",\"@id\":\"https:\\\/\\\/tiketi.com\\\/#organization\",\"name\":\"Tiketi.com\",\"alternateName\":\"Tiketi\",\"url\":\"https:\\\/\\\/tiketi.com\\\/\",\"logo\":{\"@type\":\"ImageObject\",\"inLanguage\":\"fr-FR\",\"@id\":\"https:\\\/\\\/tiketi.com\\\/#\\\/schema\\\/logo\\\/image\\\/\",\"url\":\"https:\\\/\\\/tiketi.com\\\/wp-content\\\/uploads\\\/2019\\\/05\\\/tiketi-logo-696.png\",\"contentUrl\":\"https:\\\/\\\/tiketi.com\\\/wp-content\\\/uploads\\\/2019\\\/05\\\/tiketi-logo-696.png\",\"width\":696,\"height\":696,\"caption\":\"Tiketi.com\"},\"image\":{\"@id\":\"https:\\\/\\\/tiketi.com\\\/#\\\/schema\\\/logo\\\/image\\\/\"},\"sameAs\":[\"https:\\\/\\\/www.facebook.com\\\/TiketiCom\\\/\"]}]}<\/script>\n<!-- \/ Yoast SEO plugin. -->","yoast_head_json":{"title":"Book an Air Taxi in California Online | Cheap Flying Taxi Fares","description":"Book an air taxi in California online with our app. Compare routes, fares, & flight tickets for air taxis, & find affordable flying taxi options","robots":{"index":"index","follow":"follow","max-snippet":"max-snippet:-1","max-image-preview":"max-image-preview:large","max-video-preview":"max-video-preview:-1"},"canonical":"https:\/\/tiketi.com\/fr-fr\/volants\/taxi-aerien\/california\/","og_locale":"fr_FR","og_type":"article","og_title":"Book an Air Taxi in California Online | Cheap Flying Taxi Fares","og_description":"Book an air taxi in California online with our app. Compare routes, fares, & flight tickets for air taxis, & find affordable flying taxi options","og_url":"https:\/\/tiketi.com\/fr-fr\/volants\/taxi-aerien\/california\/","og_site_name":"Tiketi.com","article_publisher":"https:\/\/www.facebook.com\/TiketiCom\/","article_modified_time":"2025-07-21T12:35:02+00:00","og_image":[{"width":1200,"height":209,"url":"https:\/\/tiketi.com\/wp-content\/uploads\/2022\/02\/california-panorama-2300806.jpg","type":"image\/jpeg"}],"twitter_card":"summary_large_image","twitter_misc":{"Dur\u00e9e de lecture estim\u00e9e":"6 minutes"},"schema":{"@context":"https:\/\/schema.org","@graph":[{"@type":"WebPage","@id":"https:\/\/tiketi.com\/flying\/air-taxi\/california\/","url":"https:\/\/tiketi.com\/flying\/air-taxi\/california\/","name":"Book an Air Taxi in California Online | Cheap Flying Taxi Fares","isPartOf":{"@id":"https:\/\/tiketi.com\/#website"},"primaryImageOfPage":{"@id":"https:\/\/tiketi.com\/flying\/air-taxi\/california\/#primaryimage"},"image":{"@id":"https:\/\/tiketi.com\/flying\/air-taxi\/california\/#primaryimage"},"thumbnailUrl":"https:\/\/tiketi.com\/wp-content\/uploads\/2022\/02\/california-panorama-2300806.jpg","datePublished":"2022-01-19T11:53:45+00:00","dateModified":"2025-07-21T12:35:02+00:00","description":"Book an air taxi in California online with our app. Compare routes, fares, & flight tickets for air taxis, & find affordable flying taxi options","breadcrumb":{"@id":"https:\/\/tiketi.com\/flying\/air-taxi\/california\/#breadcrumb"},"inLanguage":"fr-FR","potentialAction":[{"@type":"ReadAction","target":["https:\/\/tiketi.com\/flying\/air-taxi\/california\/"]}]},{"@type":"ImageObject","inLanguage":"fr-FR","@id":"https:\/\/tiketi.com\/flying\/air-taxi\/california\/#primaryimage","url":"https:\/\/tiketi.com\/wp-content\/uploads\/2022\/02\/california-panorama-2300806.jpg","contentUrl":"https:\/\/tiketi.com\/wp-content\/uploads\/2022\/02\/california-panorama-2300806.jpg","width":1200,"height":209,"caption":"California Air Taxi Booking App"},{"@type":"BreadcrumbList","@id":"https:\/\/tiketi.com\/flying\/air-taxi\/california\/#breadcrumb","itemListElement":[{"@type":"ListItem","position":1,"name":"Home","item":"https:\/\/tiketi.com\/"},{"@type":"ListItem","position":2,"name":"Flying","item":"https:\/\/tiketi.com\/fr-fr\/volants\/"},{"@type":"ListItem","position":3,"name":"Air Taxi","item":"https:\/\/tiketi.com\/flying\/air-taxi\/"},{"@type":"ListItem","position":4,"name":"Fly Over California\u2019s Roads \u2013 Easy Air Taxi California Online Bookings"}]},{"@type":"WebSite","@id":"https:\/\/tiketi.com\/#website","url":"https:\/\/tiketi.com\/","name":"Billets d&#039;avion et de bus, forfaits touristiques et activit\u00e9s - Tiketi.com","description":"Billets d&#039;avion et de bus, Tours, Activit\u00e9s","publisher":{"@id":"https:\/\/tiketi.com\/#organization"},"potentialAction":[{"@type":"SearchAction","target":{"@type":"EntryPoint","urlTemplate":"https:\/\/tiketi.com\/?s={search_term_string}"},"query-input":{"@type":"PropertyValueSpecification","valueRequired":true,"valueName":"search_term_string"}}],"inLanguage":"fr-FR"},{"@type":"Organization","@id":"https:\/\/tiketi.com\/#organization","name":"Tiketi.com","alternateName":"Tiketi","url":"https:\/\/tiketi.com\/","logo":{"@type":"ImageObject","inLanguage":"fr-FR","@id":"https:\/\/tiketi.com\/#\/schema\/logo\/image\/","url":"https:\/\/tiketi.com\/wp-content\/uploads\/2019\/05\/tiketi-logo-696.png","contentUrl":"https:\/\/tiketi.com\/wp-content\/uploads\/2019\/05\/tiketi-logo-696.png","width":696,"height":696,"caption":"Tiketi.com"},"image":{"@id":"https:\/\/tiketi.com\/#\/schema\/logo\/image\/"},"sameAs":["https:\/\/www.facebook.com\/TiketiCom\/"]}]}},"_links":{"self":[{"href":"https:\/\/tiketi.com\/fr-fr\/wp-json\/wp\/v2\/pages\/10737","targetHints":{"allow":["GET"]}}],"collection":[{"href":"https:\/\/tiketi.com\/fr-fr\/wp-json\/wp\/v2\/pages"}],"about":[{"href":"https:\/\/tiketi.com\/fr-fr\/wp-json\/wp\/v2\/types\/page"}],"author":[{"embeddable":true,"href":"https:\/\/tiketi.com\/fr-fr\/wp-json\/wp\/v2\/users\/1"}],"replies":[{"embeddable":true,"href":"https:\/\/tiketi.com\/fr-fr\/wp-json\/wp\/v2\/comments?post=10737"}],"version-history":[{"count":3,"href":"https:\/\/tiketi.com\/fr-fr\/wp-json\/wp\/v2\/pages\/10737\/revisions"}],"predecessor-version":[{"id":32036,"href":"https:\/\/tiketi.com\/fr-fr\/wp-json\/wp\/v2\/pages\/10737\/revisions\/32036"}],"up":[{"embeddable":true,"href":"https:\/\/tiketi.com\/fr-fr\/wp-json\/wp\/v2\/pages\/25621"}],"wp:featuredmedia":[{"embeddable":true,"href":"https:\/\/tiketi.com\/fr-fr\/wp-json\/wp\/v2\/media\/16126"}],"wp:attachment":[{"href":"https:\/\/tiketi.com\/fr-fr\/wp-json\/wp\/v2\/media?parent=10737"}],"curies":[{"name":"wp","href":"https:\/\/api.w.org\/{rel}","templated":true}]}}