{"id":10738,"date":"2022-01-19T12:53:45","date_gmt":"2022-01-19T11:53:45","guid":{"rendered":"https:\/\/new.tiketi.com\/london-air-taxi-booking-app-electric-flying-taxis\/"},"modified":"2025-10-16T18:05:39","modified_gmt":"2025-10-16T16:05:39","slug":"london","status":"publish","type":"page","link":"https:\/\/tiketi.com\/fr-fr\/volants\/taxi-aerien\/london\/","title":{"rendered":"Fly Over London\u2019s Roads \u2013 Easy Air Taxi London Online Bookings"},"content":{"rendered":"<h2 id=\"electric-dubai-air-taxi-booking-app\" class=\"wp-block-heading\">Book a Flying Taxi in London \u2013 Fast, Green, and Affordable Urban Travel<\/h2>\r\n<!-- \/wp:post-content -->\r\n\r\n<!-- wp:paragraph -->\r\n<p>The Cheap air taxi in London online booking app allows users to easily reserve helicopter and flying taxi flight tickets. Air taxis in London make it possible to travel quickly and affordably across the city.\u00a0 Air taxis in London makes possible to travel cheap and fast in England. Whether you are an overseas visitor, tourist or daytripper in your own hometown, there are many amazing London attractions that you need to visit. These galleries, museums, parks and monuments are parks of the city&#8217;s fabric &#8211; to experience them to steep yourself in the history and culture of the capital. Just like many other services, you\u2019ll be able to make a eVTOL London air taxi booking anytime, anywhere, through the app for your electric air taxi flight.<\/p>\r\n<h2>Pourquoi choisir un taxi volant ?<\/h2>\r\n<ul>\r\n<li><strong>Save hours every week<\/strong> \u2013 go from a 60-minute slog to an 8-minute skyride<\/li>\r\n<li><strong>Peaceful &amp; planet-friendly<\/strong> \u2013 up to 100x quieter than helicopters, with zero emissions<\/li>\r\n<li><strong>Certified safety<\/strong> \u2013 flown by licensed pilots, with built-in safety redundancies<\/li>\r\n<li><strong>Effortless luxury<\/strong> \u2013 just tap to book and take off<\/li>\r\n<\/ul>\r\n<!-- \/wp:paragraph --><!-- \/wp:heading -->\r\n\r\n<!-- wp:paragraph -->\r\n<h2>How Our Air Taxi in London Booking Service Works<\/h2>\r\n<p>Booking your air taxi is as simple as ordering a rideshare:<\/p>\r\n<ol>\r\n<li><strong>Ouvrez le <a href=\"https:\/\/tiketi.com\/fr-fr\/download-tiketi-app\/\" target=\"_blank\" rel=\"noopener\">Application Tiketi<\/a> ou site Web<\/strong><\/li>\r\n<li><strong>Choose your departure<\/strong> from nearby helipads or upcoming vertiports (e.g., Heathrow, Canary Wharf, Battersea, The City)<\/li>\r\n<li><strong>Select your aircraft<\/strong> \u2013 choose a sleek, all-electric 2- or 4-seater<\/li>\r\n<li><strong>Confirm and go<\/strong> \u2013 your flight is booked in real time, and your skyport is ready to welcome you.<\/li>\r\n<\/ol>\r\n<p>In just a few minutes, you&#8217;re airborne\u2014gliding above London\u2019s iconic landmarks and avoiding the gridlock below.<\/p>\r\n<h2>Flying Taxi Routes in London &#8211; Sky High in Minutes<\/h2>\r\n<p>London\u2019s aerial transport network is already taking shape, with major corridors under development:<\/p>\r\n<ul>\r\n<li><strong>Heathrow \u2192 Canary Wharf<\/strong> \u2013 ~8 mins vs. 50\u201360 min by road<\/li>\r\n<li><strong>Heathrow \u2192 Battersea<\/strong> ou <strong>City Airport<\/strong> \u2013 8\u201310 mins<\/li>\r\n<li><strong>Future routes<\/strong> include <strong>Manchester \u2194 Leeds<\/strong> (~15 mins) Supported by the UK Government\u2019s Future of Flight initiative, flying taxi routes are on track to launch by 2026\u20132028.<\/li>\r\n<\/ul>\r\n<h2>Options de tarification et de r\u00e9servation des taxis volants<\/h2>\r\n<p>Current pricing is competitive and getting better:<\/p>\r\n<ul>\r\n<li><strong>Estimated fares:<\/strong> ~$5.73 per passenger-mile (dropping to ~$1.85 as adoption grows)<\/li>\r\n<li><strong>Exemple:<\/strong> <strong>Heathrow to Canary Wharf<\/strong> (~20 miles) = $115\u2013$230, comparable to premium car services<\/li>\r\n<\/ul>\r\n<p>Soon you&#8217;ll also enjoy:<\/p>\r\n<ul>\r\n<li><strong>Plans de transport en commun<\/strong><\/li>\r\n<li><strong>forfaits de groupe et d&#039;entreprise<\/strong><\/li>\r\n<li><strong>Remises sur volume<\/strong><\/li>\r\n<\/ul>\r\n<p>Book online, via app, or with our concierge. Need a child seat or ground transport?<\/p>\r\n<h2>Who\u2019s Making It Happen?<\/h2>\r\n<p>These innovators are leading the UK\u2019s aerial mobility revolution:<\/p>\r\n<ul>\r\n<li><strong>Joby Aviation + Virgin Atlantic:<\/strong> Launching 200\u202fmph eVTOL flights from Heathrow, priced like a premium Uber<\/li>\r\n<li><strong>Vertical Aerospace (UK):<\/strong> Certifying its VX4 aircraft for 2028 flights\u2014projected fares as low as \u00a340<\/li>\r\n<li><strong>Skyports :<\/strong> Building vertiports and charging hubs across London and beyond<\/li>\r\n<li><strong>UK Government:<\/strong> Investing \u00a320M+ in Future Flight R&amp;D and infrastructure rollouts<\/li>\r\n<\/ul>\r\n<h2>Foire aux questions<\/h2>\r\n<h3>Pourquoi prendre un taxi a\u00e9rien ?<\/h3>\r\n<p>Rush hour in London can feel like a marathon: packed Tube stations, endless traffic jams, and frustrating delays. Our eVTOL (electric vertical takeoff and landing) air taxis cut through the chaos\u2014getting you across the city in under 10 minutes. It\u2019s not just faster travel\u2014it\u2019s time, reclaimed.<\/p>\r\n<h3>Est-ce s\u00fbr?<\/h3>\r\n<p>Yes. All flights are piloted, certified by the CAA, and use redundant safety systems.<\/p>\r\n<h3>Les vols peuvent-ils \u00eatre assur\u00e9s par mauvais temps\u00a0?<\/h3>\r\n<p>Safety is our priority. In case of poor weather, we\u2019ll notify you instantly and assist with rescheduling or refunds.<\/p>\r\n<h3>Puis-je apporter des bagages ?<\/h3>\r\n<p>Carry-ons are welcome. For larger items, we\u2019ll coordinate ground delivery at your destination.<\/p>\r\n<h2 id=\"here-are-some-of-the-advantages-of-electric-flying-taxi-in-london-england\" class=\"wp-block-heading\">Voici quelques-uns des avantages du taxi volant \u00e9lectrique \u00e0 Londres, en Angleterre<\/h2>\r\n<!-- wp:heading {\"level\":3} -->\r\n<h3 id=\"electric-air-taxis-in-london-quick-point-to-point-travel\" class=\"wp-block-heading\">Do electric air taxis in London provide quick point-to-point travel?<\/h3>\r\n<!-- wp:paragraph -->\r\n<p>Les taxis volants \u00e9lectriques \u00e0 Londres permettent des d\u00e9placements proches d&#039;un point \u00e0 un autre \u00e0 des vitesses rapides qui d\u00e9passent de loin les limites de vitesse sur autoroute. Un VTOL prototype fonctionnant dans les meilleures limites de s\u00e9curit\u00e9 est capable de taux de mont\u00e9e sup\u00e9rieurs \u00e0 5 m\/s, d&#039;altitudes de croisi\u00e8re sup\u00e9rieures \u00e0 300 m et de vitesses de croisi\u00e8re sup\u00e9rieures \u00e0 250 km\/h. Cela pourrait permettre \u00e0 un navetteur de passer plus de quatre-vingt-trois pour cent de son temps de d\u00e9placement sur un trajet de cent kilom\u00e8tres.<\/p>\r\n<!-- wp:heading {\"level\":3} -->\r\n<h3 id=\"electric-flying-taxi-in-london-reduce-carbon-emission\" class=\"wp-block-heading\">Do electric flying taxi in London reduce carbon emission?<\/h3>\r\n<!-- wp:paragraph -->\r\n<p>VTOL a une r\u00e9duction de trente-cinq pour cent des \u00e9missions de GES correspondant au v\u00e9hicule \u00e0 moteur \u00e0 combustion interne, mais de 28 pour cent correspondant \u00e0 un v\u00e9hicule \u00e9lectrique \u00e0 batterie. Selon une r\u00e9cente enqu\u00eate nationale am\u00e9ricaine sur les transports, l&#039;occupation moyenne d&#039;un v\u00e9hicule sur la route est de 1,55 personne\/voiture. Il est peu probable que le point d&#039;entr\u00e9e sur le march\u00e9 des VTOL soit le transport individuel.<\/p>\r\n<h3><!-- \/wp:paragraph -->\u00a0Are autonomous electric air taxis in London more environment-friendly?<\/h3>\r\n<!-- wp:heading {\"level\":3} --><!-- \/wp:heading -->\r\n\r\n<!-- wp:paragraph -->\r\n<p>This is one of the shocking outcomes of this study &#8211; traveling hundred kilometers in a air vehicle with four occupants is more environmentally-friendly than the average electric vehicle on the road making the same trip. A distance-dependent analysis shows that electric VTOLs emit ore GHGs than ICEVs a trip length under thirty-five kilometers but fast become the greener choice at distances beyond that. Drone flying\u00a0taxis in London online booking have further promise as green substitute to short-range flight.<\/p>\r\n<h3>How do electric air taxis support sustainable urban mobility?<\/h3>\r\n<!-- wp:heading {\"level\":3} --><!-- \/wp:heading -->\r\n\r\n<!-- wp:paragraph -->\r\n<p>Ces r\u00e9sultats montrent que les VTOL sont un choix de transport durable potentiel pour les trajets \u00e0 occupation group\u00e9e de plus de trente-cinq kilom\u00e8tres, en particulier dans les centres urbains avec des embouteillages d\u00e9tourn\u00e9s et importants. La pleine durabilit\u00e9 d&#039;un VTOL \u00e9lectrique, tout comme un v\u00e9hicule \u00e9lectrique, augmenterait l&#039;\u00e9chelle avec la d\u00e9carbonisation croissante du r\u00e9seau \u00e9lectrique.<\/p>\r\n<!-- wp:paragraph -->\r\n<h3>Combien co\u00fbteront les taxis volants \u00e9lectriques \u00e0 Londres ?<\/h3>\r\n<p>Initialement, les taxis a\u00e9riens par drones \u00e0 Londres co\u00fbteront environ $5,73 par passager-mile. Le prix du taxi a\u00e9rien \u00e9lectrique \u00e0 Londres chutera ensuite \u00e0 $1,85 par passager-mile avant d&#039;atteindre finalement le tarif incroyable du client de $0,44 par mile. Vous pouvez facilement r\u00e9server des billets de vol en taxi a\u00e9rien via le taxi drone dans l&#039;application Londres.<\/p>\r\n<h3><!-- \/wp:paragraph -->\u00a0What are the advantages of best London air taxi booking app?<\/h3>\r\n<!-- wp:heading --><!-- \/wp:heading -->\r\n\r\n<!-- wp:paragraph -->\r\n<p>Parmi ses autres avantages, le taxi drone \u00e9lectrique \u00e0 Londres pourrait provoquer un boom \u00e9conomique en augmentant le nombre de personnes se dirigeant vers des lieux de loisirs et de tourisme \u00e9loign\u00e9s des grands a\u00e9roports.<\/p>\r\n<!-- wp:heading {\"level\":3} -->\r\n<h3 id=\"would-drone-air-taxi-in-london-online-booking-app-be-used-to-book-a-electric-air-taxi-flight\" class=\"wp-block-heading\">Can the air taxis in London online booking app be used to reserve electric air taxi flight tickets?<\/h3>\r\n<!-- \/wp:heading -->\r\n\r\n<!-- wp:paragraph -->\r\n<p>Oui, les clients peuvent utiliser en toute transparence l&#039;application de r\u00e9servation de taxi a\u00e9rien \u00e9lectrique de Londres en ligne pour trouver le meilleur itin\u00e9raire et r\u00e9server des billets d&#039;avion en taxi volant \u00e9lectrique \u00e0 Londres \u00e0 tout moment et n&#039;importe o\u00f9.<\/p>\r\n<!-- \/wp:paragraph --><!-- \/wp:post-content --><!-- \/wp:post-content --><!-- \/wp:heading -->\r\n<h2>Autres vols populaires en taxi a\u00e9rien<\/h2>\r\n<table border=\"0\" cellspacing=\"1\" cellpadding=\"1\">\r\n<tbody>\r\n<tr>\r\n<td>Bon march\u00e9 <a href=\"https:\/\/tiketi.com\/fr-fr\/flying\/air-taxi\/oxford\/\" target=\"_blank\" rel=\"noopener\">air taxi in Oxford<\/a><\/td>\r\n<td style=\"width: 30px;\">\u00a0<\/td>\r\n<td>Bon march\u00e9 <a href=\"https:\/\/tiketi.com\/fr-fr\/flying\/air-taxi\/birmingham\/\" target=\"_blank\" rel=\"noopener\">air taxi in Birmingham<\/a><\/td>\r\n<td style=\"width: 30px;\">\u00a0<\/td>\r\n<td>Bon march\u00e9 <a href=\"https:\/\/tiketi.com\/fr-fr\/flying\/air-taxi\/manchester\/\" target=\"_blank\" rel=\"noopener\">air taxi in Manchester<\/a><\/td>\r\n<\/tr>\r\n<tr>\r\n<td>Bon march\u00e9 <a href=\"https:\/\/tiketi.com\/fr-fr\/flying\/air-taxi\/liverpool\/\" target=\"_blank\" rel=\"noopener\">air taxi in Liverpool<\/a><\/td>\r\n<td style=\"width: 30px;\">\u00a0<\/td>\r\n<td>Bon march\u00e9 <a href=\"https:\/\/tiketi.com\/fr-fr\/flying\/air-taxi\/cambridge\/\" target=\"_blank\" rel=\"noopener\">air taxi in Cambridge<\/a><\/td>\r\n<td style=\"width: 30px;\">\u00a0<\/td>\r\n<td>Bon march\u00e9 <a href=\"https:\/\/tiketi.com\/fr-fr\/volants\/taxi-aerien\/paris\/\" target=\"_blank\" rel=\"noopener\">taxi a\u00e9rien \u00e0 Paris<\/a><\/td>\r\n<\/tr>\r\n<tr>\r\n<td>Bon march\u00e9 <a href=\"https:\/\/tiketi.com\/fr-fr\/volants\/taxi-aerien\/sydney\/\" target=\"_blank\" rel=\"noopener\">taxi a\u00e9rien \u00e0 Sydney<\/a><\/td>\r\n<td style=\"width: 30px;\">\u00a0<\/td>\r\n<td>Bon march\u00e9 <a href=\"https:\/\/tiketi.com\/fr-fr\/volants\/taxi-aerien\/dubai\/\" target=\"_blank\" rel=\"noopener\">taxi a\u00e9rien \u00e0 Duba\u00ef<\/a><\/td>\r\n<td style=\"width: 30px;\">\u00a0<\/td>\r\n<td>Bon march\u00e9 <a href=\"https:\/\/tiketi.com\/fr-fr\/volants\/taxi-aerien\/new-york-nyc\/\" target=\"_blank\" rel=\"noopener\">taxi a\u00e9rien \u00e0 New York<\/a><\/td>\r\n<\/tr>\r\n<\/tbody>\r\n<\/table>\r\n<p>&nbsp;<\/p>\r\n<p>&nbsp;<\/p>","protected":false},"excerpt":{"rendered":"<p>Book a Flying Taxi in London \u2013 Fast, Green, and Affordable Urban Travel The Cheap air taxi in London online booking app allows users to easily reserve helicopter and flying taxi flight tickets. Air taxis in London make it possible to travel quickly and affordably across the city.\u00a0 Air taxis in London makes possible to [&hellip;]<\/p>\n","protected":false},"author":1,"featured_media":14230,"parent":25621,"menu_order":0,"comment_status":"closed","ping_status":"closed","template":"template-home-modern.php","meta":{"footnotes":""},"class_list":["post-10738","page","type-page","status-publish","has-post-thumbnail","hentry"],"yoast_head":"<!-- This site is optimized with the Yoast SEO plugin v27.2 - https:\/\/yoast.com\/product\/yoast-seo-wordpress\/ -->\n<title>Book an Air Taxi in London Online | Cheap Flying Taxi Fares<\/title>\n<meta name=\"description\" content=\"Book an air taxi in London online with our app. Compare routes, fares, &amp; flight tickets for air taxis, &amp; find cheap eVTOL flying taxi options\" \/>\n<meta name=\"robots\" content=\"index, follow, max-snippet:-1, max-image-preview:large, max-video-preview:-1\" \/>\n<link rel=\"canonical\" href=\"https:\/\/tiketi.com\/fr-fr\/volants\/taxi-aerien\/london\/\" \/>\n<meta property=\"og:locale\" content=\"fr_FR\" \/>\n<meta property=\"og:type\" content=\"article\" \/>\n<meta property=\"og:title\" content=\"Book an Air Taxi in London Online | Cheap Flying Taxi Fares\" \/>\n<meta property=\"og:description\" content=\"Book an air taxi in London online with our app. Compare routes, fares, &amp; flight tickets for air taxis, &amp; find cheap eVTOL flying taxi options\" \/>\n<meta property=\"og:url\" content=\"https:\/\/tiketi.com\/fr-fr\/volants\/taxi-aerien\/london\/\" \/>\n<meta property=\"og:site_name\" content=\"Tiketi.com\" \/>\n<meta property=\"article:publisher\" content=\"https:\/\/www.facebook.com\/TiketiCom\/\" \/>\n<meta property=\"article:modified_time\" content=\"2025-10-16T16:05:39+00:00\" \/>\n<meta property=\"og:image\" content=\"https:\/\/tiketi.com\/wp-content\/uploads\/2022\/01\/london-2239726_1280.jpg\" \/>\n\t<meta property=\"og:image:width\" content=\"1200\" \/>\n\t<meta property=\"og:image:height\" content=\"200\" \/>\n\t<meta property=\"og:image:type\" content=\"image\/jpeg\" \/>\n<meta name=\"twitter:card\" content=\"summary_large_image\" \/>\n<meta name=\"twitter:label1\" content=\"Dur\u00e9e de lecture estim\u00e9e\" \/>\n\t<meta name=\"twitter:data1\" content=\"5 minutes\" \/>\n<script type=\"application\/ld+json\" class=\"yoast-schema-graph\">{\"@context\":\"https:\/\/schema.org\",\"@graph\":[{\"@type\":\"WebPage\",\"@id\":\"https:\/\/tiketi.com\/flying\/air-taxi\/london\/\",\"url\":\"https:\/\/tiketi.com\/flying\/air-taxi\/london\/\",\"name\":\"Book an Air Taxi in London Online | Cheap Flying Taxi Fares\",\"isPartOf\":{\"@id\":\"https:\/\/tiketi.com\/#website\"},\"primaryImageOfPage\":{\"@id\":\"https:\/\/tiketi.com\/flying\/air-taxi\/london\/#primaryimage\"},\"image\":{\"@id\":\"https:\/\/tiketi.com\/flying\/air-taxi\/london\/#primaryimage\"},\"thumbnailUrl\":\"https:\/\/tiketi.com\/wp-content\/uploads\/2022\/01\/london-2239726_1280.jpg\",\"datePublished\":\"2022-01-19T11:53:45+00:00\",\"dateModified\":\"2025-10-16T16:05:39+00:00\",\"description\":\"Book an air taxi in London online with our app. Compare routes, fares, & flight tickets for air taxis, & find cheap eVTOL flying taxi options\",\"breadcrumb\":{\"@id\":\"https:\/\/tiketi.com\/flying\/air-taxi\/london\/#breadcrumb\"},\"inLanguage\":\"fr-FR\",\"potentialAction\":[{\"@type\":\"ReadAction\",\"target\":[\"https:\/\/tiketi.com\/flying\/air-taxi\/london\/\"]}]},{\"@type\":\"ImageObject\",\"inLanguage\":\"fr-FR\",\"@id\":\"https:\/\/tiketi.com\/flying\/air-taxi\/london\/#primaryimage\",\"url\":\"https:\/\/tiketi.com\/wp-content\/uploads\/2022\/01\/london-2239726_1280.jpg\",\"contentUrl\":\"https:\/\/tiketi.com\/wp-content\/uploads\/2022\/01\/london-2239726_1280.jpg\",\"width\":1200,\"height\":200,\"caption\":\"Air Taxi in London\"},{\"@type\":\"BreadcrumbList\",\"@id\":\"https:\/\/tiketi.com\/flying\/air-taxi\/london\/#breadcrumb\",\"itemListElement\":[{\"@type\":\"ListItem\",\"position\":1,\"name\":\"Home\",\"item\":\"https:\/\/tiketi.com\/\"},{\"@type\":\"ListItem\",\"position\":2,\"name\":\"Flying\",\"item\":\"https:\/\/tiketi.com\/fr-fr\/volants\/\"},{\"@type\":\"ListItem\",\"position\":3,\"name\":\"Air Taxi\",\"item\":\"https:\/\/tiketi.com\/flying\/air-taxi\/\"},{\"@type\":\"ListItem\",\"position\":4,\"name\":\"Fly Over London\u2019s Roads \u2013 Easy Air Taxi London Online Bookings\"}]},{\"@type\":\"WebSite\",\"@id\":\"https:\/\/tiketi.com\/#website\",\"url\":\"https:\/\/tiketi.com\/\",\"name\":\"Flight & Bus Tickets, Tour Packages & Activitites - Tiketi.com\",\"description\":\"Flight &amp; Bus Tickets, Tours, Activitites\",\"publisher\":{\"@id\":\"https:\/\/tiketi.com\/#organization\"},\"potentialAction\":[{\"@type\":\"SearchAction\",\"target\":{\"@type\":\"EntryPoint\",\"urlTemplate\":\"https:\/\/tiketi.com\/?s={search_term_string}\"},\"query-input\":{\"@type\":\"PropertyValueSpecification\",\"valueRequired\":true,\"valueName\":\"search_term_string\"}}],\"inLanguage\":\"fr-FR\"},{\"@type\":\"Organization\",\"@id\":\"https:\/\/tiketi.com\/#organization\",\"name\":\"Tiketi.com\",\"alternateName\":\"Tiketi\",\"url\":\"https:\/\/tiketi.com\/\",\"logo\":{\"@type\":\"ImageObject\",\"inLanguage\":\"fr-FR\",\"@id\":\"https:\/\/tiketi.com\/#\/schema\/logo\/image\/\",\"url\":\"https:\/\/tiketi.com\/wp-content\/uploads\/2019\/05\/tiketi-logo-696.png\",\"contentUrl\":\"https:\/\/tiketi.com\/wp-content\/uploads\/2019\/05\/tiketi-logo-696.png\",\"width\":696,\"height\":696,\"caption\":\"Tiketi.com\"},\"image\":{\"@id\":\"https:\/\/tiketi.com\/#\/schema\/logo\/image\/\"},\"sameAs\":[\"https:\/\/www.facebook.com\/TiketiCom\/\"]}]}<\/script>\n<!-- \/ Yoast SEO plugin. -->","yoast_head_json":{"title":"R\u00e9servez un taxi a\u00e9rien \u00e0 Londres en ligne | Tarifs avantageux pour les taxis a\u00e9riens","description":"R\u00e9servez un taxi a\u00e9rien \u00e0 Londres en ligne avec notre application. Comparez les itin\u00e9raires, les tarifs et les billets d&#039;avion, et trouvez des taxis volants eVTOL \u00e0 prix avantageux.","robots":{"index":"index","follow":"follow","max-snippet":"max-snippet:-1","max-image-preview":"max-image-preview:large","max-video-preview":"max-video-preview:-1"},"canonical":"https:\/\/tiketi.com\/fr-fr\/volants\/taxi-aerien\/london\/","og_locale":"fr_FR","og_type":"article","og_title":"Book an Air Taxi in London Online | Cheap Flying Taxi Fares","og_description":"Book an air taxi in London online with our app. Compare routes, fares, & flight tickets for air taxis, & find cheap eVTOL flying taxi options","og_url":"https:\/\/tiketi.com\/fr-fr\/volants\/taxi-aerien\/london\/","og_site_name":"Tiketi.com","article_publisher":"https:\/\/www.facebook.com\/TiketiCom\/","article_modified_time":"2025-10-16T16:05:39+00:00","og_image":[{"width":1200,"height":200,"url":"https:\/\/tiketi.com\/wp-content\/uploads\/2022\/01\/london-2239726_1280.jpg","type":"image\/jpeg"}],"twitter_card":"summary_large_image","twitter_misc":{"Dur\u00e9e de lecture estim\u00e9e":"5 minutes"},"schema":{"@context":"https:\/\/schema.org","@graph":[{"@type":"WebPage","@id":"https:\/\/tiketi.com\/flying\/air-taxi\/london\/","url":"https:\/\/tiketi.com\/flying\/air-taxi\/london\/","name":"R\u00e9servez un taxi a\u00e9rien \u00e0 Londres en ligne | Tarifs avantageux pour les taxis a\u00e9riens","isPartOf":{"@id":"https:\/\/tiketi.com\/#website"},"primaryImageOfPage":{"@id":"https:\/\/tiketi.com\/flying\/air-taxi\/london\/#primaryimage"},"image":{"@id":"https:\/\/tiketi.com\/flying\/air-taxi\/london\/#primaryimage"},"thumbnailUrl":"https:\/\/tiketi.com\/wp-content\/uploads\/2022\/01\/london-2239726_1280.jpg","datePublished":"2022-01-19T11:53:45+00:00","dateModified":"2025-10-16T16:05:39+00:00","description":"R\u00e9servez un taxi a\u00e9rien \u00e0 Londres en ligne avec notre application. Comparez les itin\u00e9raires, les tarifs et les billets d&#039;avion, et trouvez des taxis volants eVTOL \u00e0 prix avantageux.","breadcrumb":{"@id":"https:\/\/tiketi.com\/flying\/air-taxi\/london\/#breadcrumb"},"inLanguage":"fr-FR","potentialAction":[{"@type":"ReadAction","target":["https:\/\/tiketi.com\/flying\/air-taxi\/london\/"]}]},{"@type":"ImageObject","inLanguage":"fr-FR","@id":"https:\/\/tiketi.com\/flying\/air-taxi\/london\/#primaryimage","url":"https:\/\/tiketi.com\/wp-content\/uploads\/2022\/01\/london-2239726_1280.jpg","contentUrl":"https:\/\/tiketi.com\/wp-content\/uploads\/2022\/01\/london-2239726_1280.jpg","width":1200,"height":200,"caption":"Air Taxi in London"},{"@type":"BreadcrumbList","@id":"https:\/\/tiketi.com\/flying\/air-taxi\/london\/#breadcrumb","itemListElement":[{"@type":"ListItem","position":1,"name":"Home","item":"https:\/\/tiketi.com\/"},{"@type":"ListItem","position":2,"name":"Flying","item":"https:\/\/tiketi.com\/fr-fr\/volants\/"},{"@type":"ListItem","position":3,"name":"Air Taxi","item":"https:\/\/tiketi.com\/flying\/air-taxi\/"},{"@type":"ListItem","position":4,"name":"Fly Over London\u2019s Roads \u2013 Easy Air Taxi London Online Bookings"}]},{"@type":"WebSite","@id":"https:\/\/tiketi.com\/#website","url":"https:\/\/tiketi.com\/","name":"Billets d&#039;avion et de bus, forfaits touristiques et activit\u00e9s - Tiketi.com","description":"Billets d&#039;avion et de bus, Tours, Activit\u00e9s","publisher":{"@id":"https:\/\/tiketi.com\/#organization"},"potentialAction":[{"@type":"SearchAction","target":{"@type":"EntryPoint","urlTemplate":"https:\/\/tiketi.com\/?s={search_term_string}"},"query-input":{"@type":"PropertyValueSpecification","valueRequired":true,"valueName":"search_term_string"}}],"inLanguage":"fr-FR"},{"@type":"Organization","@id":"https:\/\/tiketi.com\/#organization","name":"Tiketi.com","alternateName":"Tiketi","url":"https:\/\/tiketi.com\/","logo":{"@type":"ImageObject","inLanguage":"fr-FR","@id":"https:\/\/tiketi.com\/#\/schema\/logo\/image\/","url":"https:\/\/tiketi.com\/wp-content\/uploads\/2019\/05\/tiketi-logo-696.png","contentUrl":"https:\/\/tiketi.com\/wp-content\/uploads\/2019\/05\/tiketi-logo-696.png","width":696,"height":696,"caption":"Tiketi.com"},"image":{"@id":"https:\/\/tiketi.com\/#\/schema\/logo\/image\/"},"sameAs":["https:\/\/www.facebook.com\/TiketiCom\/"]}]}},"_links":{"self":[{"href":"https:\/\/tiketi.com\/fr-fr\/wp-json\/wp\/v2\/pages\/10738","targetHints":{"allow":["GET"]}}],"collection":[{"href":"https:\/\/tiketi.com\/fr-fr\/wp-json\/wp\/v2\/pages"}],"about":[{"href":"https:\/\/tiketi.com\/fr-fr\/wp-json\/wp\/v2\/types\/page"}],"author":[{"embeddable":true,"href":"https:\/\/tiketi.com\/fr-fr\/wp-json\/wp\/v2\/users\/1"}],"replies":[{"embeddable":true,"href":"https:\/\/tiketi.com\/fr-fr\/wp-json\/wp\/v2\/comments?post=10738"}],"version-history":[{"count":9,"href":"https:\/\/tiketi.com\/fr-fr\/wp-json\/wp\/v2\/pages\/10738\/revisions"}],"predecessor-version":[{"id":34542,"href":"https:\/\/tiketi.com\/fr-fr\/wp-json\/wp\/v2\/pages\/10738\/revisions\/34542"}],"up":[{"embeddable":true,"href":"https:\/\/tiketi.com\/fr-fr\/wp-json\/wp\/v2\/pages\/25621"}],"wp:featuredmedia":[{"embeddable":true,"href":"https:\/\/tiketi.com\/fr-fr\/wp-json\/wp\/v2\/media\/14230"}],"wp:attachment":[{"href":"https:\/\/tiketi.com\/fr-fr\/wp-json\/wp\/v2\/media?parent=10738"}],"curies":[{"name":"wp","href":"https:\/\/api.w.org\/{rel}","templated":true}]}}