{"id":10739,"date":"2022-01-19T12:53:45","date_gmt":"2022-01-19T11:53:45","guid":{"rendered":"https:\/\/new.tiketi.com\/johannesburg-air-taxi-booking-app-electric-flying-taxis\/"},"modified":"2025-07-21T11:59:26","modified_gmt":"2025-07-21T10:59:26","slug":"johannesburg","status":"publish","type":"page","link":"https:\/\/tiketi.com\/fr-fr\/volants\/taxi-aerien\/johannesburg\/","title":{"rendered":"Taxi a\u00e9rien \u00e0 Johannesburg Application de r\u00e9servation en ligne - Taxis volants \u00e9lectriques"},"content":{"rendered":"<h2 class=\"wp-block-heading\" id=\"electric-johannesburg-air-taxi-booking-app\">Application de r\u00e9servation de taxi a\u00e9rien \u00e9lectrique Johannesburg<\/h2>\r\n\r\n\r\n\r\n<p>Le service d&#039;application de r\u00e9servation de taxi a\u00e9rien \u00e9lectrique de Johannesburg permet aux utilisateurs de r\u00e9server un taxi volant \u00e9lectrique \u00e0 Johannesburg. Les taxis a\u00e9riens autonomes \u00e0 Johannesburg permettent de voyager \u00e0 bon march\u00e9 et rapidement \u00e0 Johannesburg. Le passager peut r\u00e9server un taxi a\u00e9rien via l&#039;application de taxi a\u00e9rien Johannesburg. Johannesburg est la plus grande ville d&#039;Afrique du Sud et la capitale \u00e9conomique et culturelle de l&#039;Afrique. G\u00e9n\u00e9ralement appel\u00e9 \u00ab\u00a0jozi\u00a0\u00bb ou \u00ab\u00a0Joburg\u00a0\u00bb, il attire tout le monde, des passionn\u00e9s d&#039;histoire aux passionn\u00e9s d&#039;histoire, en passant par les passionn\u00e9s d&#039;arbres. Faites une visite du Market Theatre, le c\u0153ur culturel de la ville o\u00f9 vous trouverez tous les articles, des th\u00e9\u00e2tres de rue aux march\u00e9s d&#039;artisanat nationaux. Sans cuisine sp\u00e9cifique \u00e0 la ville, elle propose une large gamme de cuisines servies dans diff\u00e9rents restaurants allant de l&#039;italien au fran\u00e7ais en passant par le portugais. Comme pour tant d&#039;autres choses, vous pourrez faire \u00e0 tout moment et n&#039;importe o\u00f9 un taxi a\u00e9rien drone \u00e0 Johannesburg r\u00e9servation en ligne pour votre vol en taxi a\u00e9rien \u00e9lectrique.<\/p>\r\n\r\n\r\n\r\n<h2 class=\"wp-block-heading\" id=\"here-are-some-of-the-advantages-of-electric-flying-taxi-in-johannesburg\">Voici quelques avantages des taxis volants \u00e9lectriques \u00e0 Johannesburg<\/h2>\r\n\r\n\r\n\r\n<h3 class=\"wp-block-heading\" id=\"how-quick-are-these-electric-flying-taxis-in-johannesburg\">Quelle est la vitesse de ces taxis volants \u00e9lectriques \u00e0 Johannesburg ?<\/h3>\r\n\r\n\r\n\r\n<p>Oui, les drones a\u00e9riens r\u00e9duiraient certainement la dur\u00e9e du voyage. On suppose que la vitesse de cent miles par heure pourrait \u00eatre atteinte par des voitures a\u00e9riennes gr\u00e2ce \u00e0 des taxis a\u00e9riens \u00e9lectriques \u00e0 Johannesburg. De plus, n&#039;oubliez pas que la distance diminuerait \u00e9galement consid\u00e9rablement car il n&#039;y aurait pas de limitations de routes.<\/p>\r\n\r\n\r\n\r\n<h3 class=\"wp-block-heading\" id=\"how-simple-are-autonomous-electric-air-taxis-in-johannesburg\">\u00c0 quel point les taxis a\u00e9riens \u00e9lectriques autonomes sont-ils simples \u00e0 Johannesburg\u00a0?<\/h3>\r\n\r\n\r\n\r\n<p>On devine que les taxis volants \u00e9lectriques dans les voitures de Johannesburg sont beaucoup plus simples que de conduire. C&#039;est parce que le conducteur aura plus d&#039;espace dans les airs. Aussi, le lecteur disposera d&#039;une zone 3D pour d\u00e9placer son v\u00e9hicule plut\u00f4t qu&#039;en 2D dans le cas des routes.<\/p>\r\n\r\n\r\n\r\n<h3 class=\"wp-block-heading\" id=\"how-will-an-vtol-electric-flying-taxi-in-johannesburg-ride-cost\">Combien co\u00fbte une course en taxi volant \u00e9lectrique VTOL \u00e0 Johannesburg\u00a0?<\/h3>\r\n\r\n\r\n\r\n<p>L&#039;id\u00e9e n&#039;est toujours pas mise en \u0153uvre, donc, rien ne peut \u00eatre dit sur le bon co\u00fbt. Mais un chose qui est s\u00fbre. Cela co\u00fbtera beaucoup d&#039;argent. Parce que les v\u00e9hicules a\u00e9riens seront d\u00e9sormais un luxe pour les utilisateurs.<\/p>\r\n\r\n\r\n\r\n<p>Selon la NASA, les trajets de r\u00e9servation en ligne des taxis a\u00e9riens \u00e9lectriques \u00e0 Johannesburg peuvent aller d&#039;environ $6 par mile passager pour un VTOL \u00e0 5 places \u00e0 $11 par mile passager pour un biplace. Le tarif des taxis volants \u00e9lectriques \u00e0 Johannesburg chutera ensuite \u00e0 $1,85 par mile passager avant d&#039;atteindre finalement le taux incroyable du client de $0,44 par mile.<\/p>\r\n\r\n\r\n\r\n<h2 class=\"wp-block-heading\" id=\"advantages-of-electric-johannesburg-air-taxi-booking-app\">Avantages de l&#039;application de r\u00e9servation de taxi a\u00e9rien \u00e9lectrique \u00e0 Johannesburg<\/h2>\r\n\r\n\r\n\r\n<p>Parmi ses autres avantages, les taxis volants \u00e9lectriques \u00e0 Johannesburg pourraient engendrer un essor \u00e9conomique en augmentant le nombre de personnes se rendant dans des lieux de loisirs et de tourisme \u00e9loign\u00e9s des grands a\u00e9roports.<\/p>\r\n\r\n\r\n\r\n<h3 class=\"wp-block-heading\" id=\"would-drone-air-taxi-in-johannesburg-online-booking-app-be-used-to-book-a-electric-air-taxi-flight\">L&#039;application de r\u00e9servation en ligne de taxis a\u00e9riens drones \u00e0 Johannesburg permettrait-elle de r\u00e9server un vol de taxi a\u00e9rien \u00e9lectrique\u00a0?<\/h3>\r\n\r\n\r\n\r\n<p>Oui, les clients peuvent utiliser en toute transparence l&#039;application de r\u00e9servation de taxi a\u00e9rien \u00e9lectrique de Johannesburg en ligne pour trouver le meilleur itin\u00e9raire et r\u00e9server un vol de taxi volant \u00e9lectrique \u00e0 Johannesburg \u00e0 tout moment et n&#039;importe o\u00f9.<\/p>","protected":false},"excerpt":{"rendered":"<p>Electric Johannesburg Air Taxi Booking App Electric Johannesburg air taxi booking app service enable users to book electric flying taxi in Johannesburg. Autonomous air taxis in Johannesburg makes possible to travel cheap and fast in Johannesburg. Passenger can book an air taxi through air taxi Johannesburg app. Johannesburg is South Africa largest city and the [&hellip;]<\/p>\n","protected":false},"author":1,"featured_media":17849,"parent":25621,"menu_order":0,"comment_status":"open","ping_status":"closed","template":"template-home-modern.php","meta":{"footnotes":""},"class_list":["post-10739","page","type-page","status-publish","has-post-thumbnail","hentry"],"yoast_head":"<!-- This site is optimized with the Yoast SEO plugin v27.2 - https:\/\/yoast.com\/product\/yoast-seo-wordpress\/ -->\n<title>Air Taxi in Johannesburg Online Booking - Electric Flying Taxis<\/title>\n<meta name=\"description\" content=\"Looking for drone air taxi in Johannesburg online booking app, route, schedule &amp; fare? Compare air taxis and book your cheap flying taxi in Johannesburg\" \/>\n<meta name=\"robots\" content=\"index, follow, max-snippet:-1, max-image-preview:large, max-video-preview:-1\" \/>\n<link rel=\"canonical\" href=\"https:\/\/tiketi.com\/fr-fr\/volants\/taxi-aerien\/johannesburg\/\" \/>\n<meta property=\"og:locale\" content=\"fr_FR\" \/>\n<meta property=\"og:type\" content=\"article\" \/>\n<meta property=\"og:title\" content=\"Air Taxi in Johannesburg Online Booking - Electric Flying Taxis\" \/>\n<meta property=\"og:description\" content=\"Looking for drone air taxi in Johannesburg online booking app, route, schedule &amp; fare? Compare air taxis and book your cheap flying taxi in Johannesburg\" \/>\n<meta property=\"og:url\" content=\"https:\/\/tiketi.com\/fr-fr\/volants\/taxi-aerien\/johannesburg\/\" \/>\n<meta property=\"og:site_name\" content=\"Tiketi.com\" \/>\n<meta property=\"article:publisher\" content=\"https:\/\/www.facebook.com\/TiketiCom\/\" \/>\n<meta property=\"article:modified_time\" content=\"2025-07-21T10:59:26+00:00\" \/>\n<meta property=\"og:image\" content=\"https:\/\/tiketi.com\/wp-content\/uploads\/2019\/05\/johannesburg-4322256_1280.jpg\" \/>\n\t<meta property=\"og:image:width\" content=\"1200\" \/>\n\t<meta property=\"og:image:height\" content=\"206\" \/>\n\t<meta property=\"og:image:type\" content=\"image\/jpeg\" \/>\n<meta name=\"twitter:card\" content=\"summary_large_image\" \/>\n<meta name=\"twitter:label1\" content=\"Dur\u00e9e de lecture estim\u00e9e\" \/>\n\t<meta name=\"twitter:data1\" content=\"3 minutes\" \/>\n<script type=\"application\/ld+json\" class=\"yoast-schema-graph\">{\"@context\":\"https:\/\/schema.org\",\"@graph\":[{\"@type\":\"WebPage\",\"@id\":\"https:\/\/tiketi.com\/flying\/air-taxi\/johannesburg\/\",\"url\":\"https:\/\/tiketi.com\/flying\/air-taxi\/johannesburg\/\",\"name\":\"Air Taxi in Johannesburg Online Booking - Electric Flying Taxis\",\"isPartOf\":{\"@id\":\"https:\/\/tiketi.com\/#website\"},\"primaryImageOfPage\":{\"@id\":\"https:\/\/tiketi.com\/flying\/air-taxi\/johannesburg\/#primaryimage\"},\"image\":{\"@id\":\"https:\/\/tiketi.com\/flying\/air-taxi\/johannesburg\/#primaryimage\"},\"thumbnailUrl\":\"https:\/\/tiketi.com\/wp-content\/uploads\/2019\/05\/johannesburg-4322256_1280.jpg\",\"datePublished\":\"2022-01-19T11:53:45+00:00\",\"dateModified\":\"2025-07-21T10:59:26+00:00\",\"description\":\"Looking for drone air taxi in Johannesburg online booking app, route, schedule & fare? Compare air taxis and book your cheap flying taxi in Johannesburg\",\"breadcrumb\":{\"@id\":\"https:\/\/tiketi.com\/flying\/air-taxi\/johannesburg\/#breadcrumb\"},\"inLanguage\":\"fr-FR\",\"potentialAction\":[{\"@type\":\"ReadAction\",\"target\":[\"https:\/\/tiketi.com\/flying\/air-taxi\/johannesburg\/\"]}]},{\"@type\":\"ImageObject\",\"inLanguage\":\"fr-FR\",\"@id\":\"https:\/\/tiketi.com\/flying\/air-taxi\/johannesburg\/#primaryimage\",\"url\":\"https:\/\/tiketi.com\/wp-content\/uploads\/2019\/05\/johannesburg-4322256_1280.jpg\",\"contentUrl\":\"https:\/\/tiketi.com\/wp-content\/uploads\/2019\/05\/johannesburg-4322256_1280.jpg\",\"width\":1200,\"height\":206,\"caption\":\"Cheap Flights from Cape Town to Johannesburg\"},{\"@type\":\"BreadcrumbList\",\"@id\":\"https:\/\/tiketi.com\/flying\/air-taxi\/johannesburg\/#breadcrumb\",\"itemListElement\":[{\"@type\":\"ListItem\",\"position\":1,\"name\":\"Home\",\"item\":\"https:\/\/tiketi.com\/\"},{\"@type\":\"ListItem\",\"position\":2,\"name\":\"Flying\",\"item\":\"https:\/\/tiketi.com\/fr-fr\/volants\/\"},{\"@type\":\"ListItem\",\"position\":3,\"name\":\"Air Taxi\",\"item\":\"https:\/\/tiketi.com\/flying\/air-taxi\/\"},{\"@type\":\"ListItem\",\"position\":4,\"name\":\"Air Taxi in Johannesburg Online Booking App &#8211; Electric Flying Taxis\"}]},{\"@type\":\"WebSite\",\"@id\":\"https:\/\/tiketi.com\/#website\",\"url\":\"https:\/\/tiketi.com\/\",\"name\":\"Flight & Bus Tickets, Tour Packages & Activitites - Tiketi.com\",\"description\":\"Flight &amp; Bus Tickets, Tours, Activitites\",\"publisher\":{\"@id\":\"https:\/\/tiketi.com\/#organization\"},\"potentialAction\":[{\"@type\":\"SearchAction\",\"target\":{\"@type\":\"EntryPoint\",\"urlTemplate\":\"https:\/\/tiketi.com\/?s={search_term_string}\"},\"query-input\":{\"@type\":\"PropertyValueSpecification\",\"valueRequired\":true,\"valueName\":\"search_term_string\"}}],\"inLanguage\":\"fr-FR\"},{\"@type\":\"Organization\",\"@id\":\"https:\/\/tiketi.com\/#organization\",\"name\":\"Tiketi.com\",\"alternateName\":\"Tiketi\",\"url\":\"https:\/\/tiketi.com\/\",\"logo\":{\"@type\":\"ImageObject\",\"inLanguage\":\"fr-FR\",\"@id\":\"https:\/\/tiketi.com\/#\/schema\/logo\/image\/\",\"url\":\"https:\/\/tiketi.com\/wp-content\/uploads\/2019\/05\/tiketi-logo-696.png\",\"contentUrl\":\"https:\/\/tiketi.com\/wp-content\/uploads\/2019\/05\/tiketi-logo-696.png\",\"width\":696,\"height\":696,\"caption\":\"Tiketi.com\"},\"image\":{\"@id\":\"https:\/\/tiketi.com\/#\/schema\/logo\/image\/\"},\"sameAs\":[\"https:\/\/www.facebook.com\/TiketiCom\/\"]}]}<\/script>\n<!-- \/ Yoast SEO plugin. -->","yoast_head_json":{"title":"Taxi a\u00e9rien \u00e0 Johannesburg R\u00e9servation en ligne - Taxis volants \u00e9lectriques","description":"Vous recherchez une application de r\u00e9servation en ligne de taxi a\u00e9rien drone \u00e0 Johannesburg, un itin\u00e9raire, un horaire et un tarif\u00a0? Comparez les taxis a\u00e9riens et r\u00e9servez votre taxi volant pas cher \u00e0 Johannesbourg","robots":{"index":"index","follow":"follow","max-snippet":"max-snippet:-1","max-image-preview":"max-image-preview:large","max-video-preview":"max-video-preview:-1"},"canonical":"https:\/\/tiketi.com\/fr-fr\/volants\/taxi-aerien\/johannesburg\/","og_locale":"fr_FR","og_type":"article","og_title":"Air Taxi in Johannesburg Online Booking - Electric Flying Taxis","og_description":"Looking for drone air taxi in Johannesburg online booking app, route, schedule & fare? Compare air taxis and book your cheap flying taxi in Johannesburg","og_url":"https:\/\/tiketi.com\/fr-fr\/volants\/taxi-aerien\/johannesburg\/","og_site_name":"Tiketi.com","article_publisher":"https:\/\/www.facebook.com\/TiketiCom\/","article_modified_time":"2025-07-21T10:59:26+00:00","og_image":[{"width":1200,"height":206,"url":"https:\/\/tiketi.com\/wp-content\/uploads\/2019\/05\/johannesburg-4322256_1280.jpg","type":"image\/jpeg"}],"twitter_card":"summary_large_image","twitter_misc":{"Dur\u00e9e de lecture estim\u00e9e":"3 minutes"},"schema":{"@context":"https:\/\/schema.org","@graph":[{"@type":"WebPage","@id":"https:\/\/tiketi.com\/flying\/air-taxi\/johannesburg\/","url":"https:\/\/tiketi.com\/flying\/air-taxi\/johannesburg\/","name":"Taxi a\u00e9rien \u00e0 Johannesburg R\u00e9servation en ligne - Taxis volants \u00e9lectriques","isPartOf":{"@id":"https:\/\/tiketi.com\/#website"},"primaryImageOfPage":{"@id":"https:\/\/tiketi.com\/flying\/air-taxi\/johannesburg\/#primaryimage"},"image":{"@id":"https:\/\/tiketi.com\/flying\/air-taxi\/johannesburg\/#primaryimage"},"thumbnailUrl":"https:\/\/tiketi.com\/wp-content\/uploads\/2019\/05\/johannesburg-4322256_1280.jpg","datePublished":"2022-01-19T11:53:45+00:00","dateModified":"2025-07-21T10:59:26+00:00","description":"Vous recherchez une application de r\u00e9servation en ligne de taxi a\u00e9rien drone \u00e0 Johannesburg, un itin\u00e9raire, un horaire et un tarif\u00a0? Comparez les taxis a\u00e9riens et r\u00e9servez votre taxi volant pas cher \u00e0 Johannesbourg","breadcrumb":{"@id":"https:\/\/tiketi.com\/flying\/air-taxi\/johannesburg\/#breadcrumb"},"inLanguage":"fr-FR","potentialAction":[{"@type":"ReadAction","target":["https:\/\/tiketi.com\/flying\/air-taxi\/johannesburg\/"]}]},{"@type":"ImageObject","inLanguage":"fr-FR","@id":"https:\/\/tiketi.com\/flying\/air-taxi\/johannesburg\/#primaryimage","url":"https:\/\/tiketi.com\/wp-content\/uploads\/2019\/05\/johannesburg-4322256_1280.jpg","contentUrl":"https:\/\/tiketi.com\/wp-content\/uploads\/2019\/05\/johannesburg-4322256_1280.jpg","width":1200,"height":206,"caption":"Cheap Flights from Cape Town to Johannesburg"},{"@type":"BreadcrumbList","@id":"https:\/\/tiketi.com\/flying\/air-taxi\/johannesburg\/#breadcrumb","itemListElement":[{"@type":"ListItem","position":1,"name":"Home","item":"https:\/\/tiketi.com\/"},{"@type":"ListItem","position":2,"name":"Flying","item":"https:\/\/tiketi.com\/fr-fr\/volants\/"},{"@type":"ListItem","position":3,"name":"Air Taxi","item":"https:\/\/tiketi.com\/flying\/air-taxi\/"},{"@type":"ListItem","position":4,"name":"Air Taxi in Johannesburg Online Booking App &#8211; Electric Flying Taxis"}]},{"@type":"WebSite","@id":"https:\/\/tiketi.com\/#website","url":"https:\/\/tiketi.com\/","name":"Billets d&#039;avion et de bus, forfaits touristiques et activit\u00e9s - Tiketi.com","description":"Billets d&#039;avion et de bus, Tours, Activit\u00e9s","publisher":{"@id":"https:\/\/tiketi.com\/#organization"},"potentialAction":[{"@type":"SearchAction","target":{"@type":"EntryPoint","urlTemplate":"https:\/\/tiketi.com\/?s={search_term_string}"},"query-input":{"@type":"PropertyValueSpecification","valueRequired":true,"valueName":"search_term_string"}}],"inLanguage":"fr-FR"},{"@type":"Organization","@id":"https:\/\/tiketi.com\/#organization","name":"Tiketi.com","alternateName":"Tiketi","url":"https:\/\/tiketi.com\/","logo":{"@type":"ImageObject","inLanguage":"fr-FR","@id":"https:\/\/tiketi.com\/#\/schema\/logo\/image\/","url":"https:\/\/tiketi.com\/wp-content\/uploads\/2019\/05\/tiketi-logo-696.png","contentUrl":"https:\/\/tiketi.com\/wp-content\/uploads\/2019\/05\/tiketi-logo-696.png","width":696,"height":696,"caption":"Tiketi.com"},"image":{"@id":"https:\/\/tiketi.com\/#\/schema\/logo\/image\/"},"sameAs":["https:\/\/www.facebook.com\/TiketiCom\/"]}]}},"_links":{"self":[{"href":"https:\/\/tiketi.com\/fr-fr\/wp-json\/wp\/v2\/pages\/10739","targetHints":{"allow":["GET"]}}],"collection":[{"href":"https:\/\/tiketi.com\/fr-fr\/wp-json\/wp\/v2\/pages"}],"about":[{"href":"https:\/\/tiketi.com\/fr-fr\/wp-json\/wp\/v2\/types\/page"}],"author":[{"embeddable":true,"href":"https:\/\/tiketi.com\/fr-fr\/wp-json\/wp\/v2\/users\/1"}],"replies":[{"embeddable":true,"href":"https:\/\/tiketi.com\/fr-fr\/wp-json\/wp\/v2\/comments?post=10739"}],"version-history":[{"count":1,"href":"https:\/\/tiketi.com\/fr-fr\/wp-json\/wp\/v2\/pages\/10739\/revisions"}],"predecessor-version":[{"id":32017,"href":"https:\/\/tiketi.com\/fr-fr\/wp-json\/wp\/v2\/pages\/10739\/revisions\/32017"}],"up":[{"embeddable":true,"href":"https:\/\/tiketi.com\/fr-fr\/wp-json\/wp\/v2\/pages\/25621"}],"wp:featuredmedia":[{"embeddable":true,"href":"https:\/\/tiketi.com\/fr-fr\/wp-json\/wp\/v2\/media\/17849"}],"wp:attachment":[{"href":"https:\/\/tiketi.com\/fr-fr\/wp-json\/wp\/v2\/media?parent=10739"}],"curies":[{"name":"wp","href":"https:\/\/api.w.org\/{rel}","templated":true}]}}