{"id":10740,"date":"2022-01-19T12:53:45","date_gmt":"2022-01-19T11:53:45","guid":{"rendered":"https:\/\/new.tiketi.com\/japan-air-taxi-booking-app-electric-flying-taxis\/"},"modified":"2022-10-14T12:40:39","modified_gmt":"2022-10-14T11:40:39","slug":"japan","status":"publish","type":"page","link":"https:\/\/tiketi.com\/fr-fr\/volants\/taxi-aerien\/japan\/","title":{"rendered":"Taxi a\u00e9rien au Japon Application de r\u00e9servation en ligne - Itin\u00e9raires, horaires et tarifs des taxis volants"},"content":{"rendered":"<h2 class=\"wp-block-heading\" id=\"electric-japan-air-taxi-booking-app\">Application de r\u00e9servation de taxi a\u00e9rien Electric Japan<\/h2>\r\n\r\n\r\n\r\n<p>Le service d&#039;application de r\u00e9servation en ligne de taxi a\u00e9rien \u00e9lectrique au Japon permettra aux utilisateurs de r\u00e9server des billets d&#039;avion de taxi volant \u00e9lectrique au Japon, qui sera bient\u00f4t lanc\u00e9 dans les grandes villes et les zones m\u00e9tropolitaines du Japon. Les taxis a\u00e9riens autonomes au Japon permettent de voyager pas cher et rapidement au Japon. Le Japon est l&#039;un des lieux de voyage les plus c\u00e9l\u00e8bres de la plan\u00e8te. C&#039;est un m\u00e9lange sp\u00e9cial de modernit\u00e9 et de tradition, avec de nombreux temples et b\u00e2timents du pass\u00e9 coexistant avec de nouvelles r\u00e9alisations en mati\u00e8re de technologie et d&#039;architecture. Les visiteurs peuvent \u00eatre immerg\u00e9s dans l&#039;histoire et la culture japonaises un jour et avoir un aper\u00e7u de l&#039;avenir gr\u00e2ce aux d\u00e9veloppements technologiques le lendemain. La quasi-totalit\u00e9 des lieux historiques sont encore utilis\u00e9s pour leur v\u00e9ritable objectif tout en restant ouverts au public. La beaut\u00e9 naturelle du Japon peut \u00eatre vue toute l&#039;ann\u00e9e. Comme pour tant d&#039;autres choses, vous pourrez cr\u00e9er \u00e0 tout moment et n&#039;importe o\u00f9 une application de r\u00e9servation de taxi a\u00e9rien au Japon par drone pour votre vol en taxi a\u00e9rien \u00e9lectrique.<\/p>\r\n\r\n\r\n\r\n<h2 class=\"wp-block-heading\" id=\"here-are-some-of-the-advantages-of-electric-flying-taxi-in-japan\">Voici quelques-uns des avantages du taxi volant \u00e9lectrique au Japon<\/h2>\r\n\r\n\r\n\r\n<h3 class=\"wp-block-heading\" id=\"what-are-electric-air-taxis-in-japan\">Que sont les taxis a\u00e9riens \u00e9lectriques au Japon ?<\/h3>\r\n\r\n\r\n\r\n<p>Les chariots \u00e0 air sont devenus un fantasme et un r\u00eave pour le grand public apr\u00e8s avoir vu les merveilles qu&#039;ils accomplissent dans certains films de science-fiction comme Retour vers le futur, Flubber, etc. Les voitures a\u00e9riennes ont \u00e9galement \u00e9t\u00e9 essentiellement popularis\u00e9es dans les sitcoms t\u00e9l\u00e9vis\u00e9es et romanesques, suscitant ainsi l&#039;int\u00e9r\u00eat des jeunes et des moins jeunes.<\/p>\r\n\r\n\r\n\r\n<h3 class=\"wp-block-heading\" id=\"how-does-electric-flying-taxi-in-japan-work\">Comment fonctionne le taxi volant \u00e9lectrique au Japon ?<\/h3>\r\n\r\n\r\n\r\n<p>Les taxis a\u00e9riens drones au Japon sont un petit avion commercial qui effectue des vols courts \u00e0 la demande. En 2001, les op\u00e9rations de taxi a\u00e9rien ont \u00e9t\u00e9 promues en Am\u00e9rique par une \u00e9tude de la NASA et de l&#039;industrie a\u00e9rospatiale sur le SATS et l&#039;essor de la fabrication d&#039;avions \u00e0 r\u00e9action l\u00e9gers.<\/p>\r\n\r\n\r\n\r\n<h3 class=\"wp-block-heading\" id=\"why-do-we-need-autonomous-air-taxis-in-japan\">Pourquoi avons-nous besoin de taxis a\u00e9riens autonomes au Japon ?<\/h3>\r\n\r\n\r\n\r\n<p>Moins de congestion dans les grands a\u00e9roports. Moins de congestion sur l&#039;autoroute. Une plus grande flexibilit\u00e9 dans les horaires de voyage.<\/p>\r\n\r\n\r\n\r\n<h3 class=\"wp-block-heading\" id=\"how-fast-do-electric-flying-taxis-in-japan-go\">\u00c0 quelle vitesse roulent les taxis volants \u00e9lectriques au Japon ?<\/h3>\r\n\r\n\r\n\r\n<p>Hyundai PAV, ou v\u00e9hicule a\u00e9rien de drone passager, peut aller jusqu&#039;\u00e0 soixante mph pour les voyages, mais peut atteindre une vitesse de croisi\u00e8re de 180 mph.<\/p>\r\n\r\n\r\n\r\n<h3 class=\"wp-block-heading\" id=\"how-much-does-it-cost-for-ride\">Combien \u00e7a co\u00fbte pour le trajet ?<\/h3>\r\n\r\n\r\n\r\n<p>Le co\u00fbt de la location d&#039;un jet taxi via les taxis a\u00e9riens au Japon est compris entre 1 900 et 2 400 yens de l&#039;heure hors taxes pour 4 \u00e0 6 passagers. (La TVA est de dix pour cent pour les vols int\u00e9rieurs, les vols \u00e0 l&#039;\u00e9tranger sont exon\u00e9r\u00e9s).<\/p>\r\n<h3>Combien co\u00fbtera un taxi volant \u00e9lectrique au Japon ?<\/h3>\r\n\r\n\r\n\r\n<p>Au d\u00e9part, les taxis volants avec drone au Japon co\u00fbteront environ $5,73 par passager-mile. Vous pouvez facilement r\u00e9server des billets d&#039;avion en taxi a\u00e9rien via des taxis volants \u00e9lectriques au Japon. Le tarif du taxi drone au Japon chutera ensuite \u00e0 $1,85 par mile passager avant d&#039;atteindre finalement le taux incroyable du client de $0,44 par mile.<\/p>\r\n\r\n\r\n\r\n<h2 class=\"wp-block-heading\" id=\"advantages-of-electric-japan-air-taxi-booking-app\">Avantages de l&#039;application de r\u00e9servation de taxi a\u00e9rien \u00e9lectrique au Japon<\/h2>\r\n\r\n\r\n\r\n<p>Parmi ses autres avantages, la r\u00e9servation en ligne de taxis drones au Japon pourrait entra\u00eener un boom \u00e9conomique en augmentant le nombre de personnes se dirigeant vers des lieux de loisirs et de tourisme \u00e9loign\u00e9s des grands a\u00e9roports.<\/p>\r\n\r\n\r\n\r\n<h3 class=\"wp-block-heading\" id=\"would-drone-air-taxi-in-japan-online-booking-app-be-used-to-book-a-electric-air-taxi-flight\">L&#039;application de r\u00e9servation en ligne de drone a\u00e9rien au Japon serait-elle utilis\u00e9e pour r\u00e9server des billets d&#039;avion en taxi a\u00e9rien \u00e9lectrique\u00a0?<\/h3>\r\n\r\n\r\n\r\n<p>Oui, les clients peuvent utiliser de mani\u00e8re transparente l&#039;application de r\u00e9servation de taxi a\u00e9rien \u00e9lectrique au Japon en ligne pour trouver le meilleur itin\u00e9raire et r\u00e9server un taxi \u00e9lectrique volant au Japon \u00e0 tout moment et n&#039;importe o\u00f9.<\/p>","protected":false},"excerpt":{"rendered":"<p>Electric Japan air taxi booking app Electric air taxi\u00a0in Japan online booking app service will enable users to book electric flying taxi in Japan flight tickets, launching in major cities and metropolitan areas in Japan soon. Autonomous air taxis in Japan makes possible to travel cheap and fast in Japan. Japan is one of the [&hellip;]<\/p>\n","protected":false},"author":1,"featured_media":14276,"parent":25621,"menu_order":0,"comment_status":"open","ping_status":"closed","template":"template-home-modern.php","meta":{"footnotes":""},"class_list":["post-10740","page","type-page","status-publish","has-post-thumbnail","hentry"],"yoast_head":"<!-- This site is optimized with the Yoast SEO plugin v27.4 - https:\/\/yoast.com\/product\/yoast-seo-wordpress\/ -->\n<title>Air Taxi in Japan Booking App - Flying Routes, Schedule &amp; Fares<\/title>\n<meta name=\"description\" content=\"Looking for drone air taxi in Japan online booking app, routes, schedule &amp; fares? Compare air taxis flight tickets and book cheap flying taxi in Japan\" \/>\n<meta name=\"robots\" content=\"index, follow, max-snippet:-1, max-image-preview:large, max-video-preview:-1\" \/>\n<link rel=\"canonical\" href=\"https:\/\/tiketi.com\/fr-fr\/volants\/taxi-aerien\/japan\/\" \/>\n<meta property=\"og:locale\" content=\"fr_FR\" \/>\n<meta property=\"og:type\" content=\"article\" \/>\n<meta property=\"og:title\" content=\"Air Taxi in Japan Booking App - Flying Routes, Schedule &amp; Fares\" \/>\n<meta property=\"og:description\" content=\"Looking for drone air taxi in Japan online booking app, routes, schedule &amp; fares? Compare air taxis flight tickets and book cheap flying taxi in Japan\" \/>\n<meta property=\"og:url\" content=\"https:\/\/tiketi.com\/fr-fr\/volants\/taxi-aerien\/japan\/\" \/>\n<meta property=\"og:site_name\" content=\"Tiketi.com\" \/>\n<meta property=\"article:publisher\" content=\"https:\/\/www.facebook.com\/TiketiCom\/\" \/>\n<meta property=\"article:modified_time\" content=\"2022-10-14T11:40:39+00:00\" \/>\n<meta property=\"og:image\" content=\"https:\/\/tiketi.com\/wp-content\/uploads\/2022\/01\/tokyo-4524260_1280.jpg\" \/>\n\t<meta property=\"og:image:width\" content=\"1200\" \/>\n\t<meta property=\"og:image:height\" content=\"202\" \/>\n\t<meta property=\"og:image:type\" content=\"image\/jpeg\" \/>\n<meta name=\"twitter:card\" content=\"summary_large_image\" \/>\n<meta name=\"twitter:label1\" content=\"Dur\u00e9e de lecture estim\u00e9e\" \/>\n\t<meta name=\"twitter:data1\" content=\"3 minutes\" \/>\n<script type=\"application\/ld+json\" class=\"yoast-schema-graph\">{\"@context\":\"https:\\\/\\\/schema.org\",\"@graph\":[{\"@type\":\"WebPage\",\"@id\":\"https:\\\/\\\/tiketi.com\\\/flying\\\/air-taxi\\\/japan\\\/\",\"url\":\"https:\\\/\\\/tiketi.com\\\/flying\\\/air-taxi\\\/japan\\\/\",\"name\":\"Air Taxi in Japan Booking App - Flying Routes, Schedule & Fares\",\"isPartOf\":{\"@id\":\"https:\\\/\\\/tiketi.com\\\/#website\"},\"primaryImageOfPage\":{\"@id\":\"https:\\\/\\\/tiketi.com\\\/flying\\\/air-taxi\\\/japan\\\/#primaryimage\"},\"image\":{\"@id\":\"https:\\\/\\\/tiketi.com\\\/flying\\\/air-taxi\\\/japan\\\/#primaryimage\"},\"thumbnailUrl\":\"https:\\\/\\\/tiketi.com\\\/wp-content\\\/uploads\\\/2022\\\/01\\\/tokyo-4524260_1280.jpg\",\"datePublished\":\"2022-01-19T11:53:45+00:00\",\"dateModified\":\"2022-10-14T11:40:39+00:00\",\"description\":\"Looking for drone air taxi in Japan online booking app, routes, schedule & fares? Compare air taxis flight tickets and book cheap flying taxi in Japan\",\"breadcrumb\":{\"@id\":\"https:\\\/\\\/tiketi.com\\\/flying\\\/air-taxi\\\/japan\\\/#breadcrumb\"},\"inLanguage\":\"fr-FR\",\"potentialAction\":[{\"@type\":\"ReadAction\",\"target\":[\"https:\\\/\\\/tiketi.com\\\/flying\\\/air-taxi\\\/japan\\\/\"]}]},{\"@type\":\"ImageObject\",\"inLanguage\":\"fr-FR\",\"@id\":\"https:\\\/\\\/tiketi.com\\\/flying\\\/air-taxi\\\/japan\\\/#primaryimage\",\"url\":\"https:\\\/\\\/tiketi.com\\\/wp-content\\\/uploads\\\/2022\\\/01\\\/tokyo-4524260_1280.jpg\",\"contentUrl\":\"https:\\\/\\\/tiketi.com\\\/wp-content\\\/uploads\\\/2022\\\/01\\\/tokyo-4524260_1280.jpg\",\"width\":1200,\"height\":202,\"caption\":\"Air Taxi in Tokyo City\"},{\"@type\":\"BreadcrumbList\",\"@id\":\"https:\\\/\\\/tiketi.com\\\/flying\\\/air-taxi\\\/japan\\\/#breadcrumb\",\"itemListElement\":[{\"@type\":\"ListItem\",\"position\":1,\"name\":\"Home\",\"item\":\"https:\\\/\\\/tiketi.com\\\/\"},{\"@type\":\"ListItem\",\"position\":2,\"name\":\"Flying\",\"item\":\"https:\\\/\\\/tiketi.com\\\/fr-fr\\\/volants\\\/\"},{\"@type\":\"ListItem\",\"position\":3,\"name\":\"Air Taxi\",\"item\":\"https:\\\/\\\/tiketi.com\\\/flying\\\/air-taxi\\\/\"},{\"@type\":\"ListItem\",\"position\":4,\"name\":\"Air Taxi in Japan Online Booking App &#8211; Flying Taxis Routes, Schedule &#038; Fares\"}]},{\"@type\":\"WebSite\",\"@id\":\"https:\\\/\\\/tiketi.com\\\/#website\",\"url\":\"https:\\\/\\\/tiketi.com\\\/\",\"name\":\"Flight & Bus Tickets, Tour Packages & Activitites - Tiketi.com\",\"description\":\"Flight &amp; Bus Tickets, Tours, Activitites\",\"publisher\":{\"@id\":\"https:\\\/\\\/tiketi.com\\\/#organization\"},\"potentialAction\":[{\"@type\":\"SearchAction\",\"target\":{\"@type\":\"EntryPoint\",\"urlTemplate\":\"https:\\\/\\\/tiketi.com\\\/?s={search_term_string}\"},\"query-input\":{\"@type\":\"PropertyValueSpecification\",\"valueRequired\":true,\"valueName\":\"search_term_string\"}}],\"inLanguage\":\"fr-FR\"},{\"@type\":\"Organization\",\"@id\":\"https:\\\/\\\/tiketi.com\\\/#organization\",\"name\":\"Tiketi.com\",\"alternateName\":\"Tiketi\",\"url\":\"https:\\\/\\\/tiketi.com\\\/\",\"logo\":{\"@type\":\"ImageObject\",\"inLanguage\":\"fr-FR\",\"@id\":\"https:\\\/\\\/tiketi.com\\\/#\\\/schema\\\/logo\\\/image\\\/\",\"url\":\"https:\\\/\\\/tiketi.com\\\/wp-content\\\/uploads\\\/2019\\\/05\\\/tiketi-logo-696.png\",\"contentUrl\":\"https:\\\/\\\/tiketi.com\\\/wp-content\\\/uploads\\\/2019\\\/05\\\/tiketi-logo-696.png\",\"width\":696,\"height\":696,\"caption\":\"Tiketi.com\"},\"image\":{\"@id\":\"https:\\\/\\\/tiketi.com\\\/#\\\/schema\\\/logo\\\/image\\\/\"},\"sameAs\":[\"https:\\\/\\\/www.facebook.com\\\/TiketiCom\\\/\"]}]}<\/script>\n<!-- \/ Yoast SEO plugin. -->","yoast_head_json":{"title":"Application de r\u00e9servation de taxi a\u00e9rien au Japon - Itin\u00e9raires de vol, horaires et tarifs","description":"Vous recherchez une application de r\u00e9servation en ligne, des itin\u00e9raires, des horaires et des tarifs de taxi a\u00e9rien drone au Japon? Comparez les billets d&#039;avion des taxis a\u00e9riens et r\u00e9servez un taxi volant pas cher au Japon","robots":{"index":"index","follow":"follow","max-snippet":"max-snippet:-1","max-image-preview":"max-image-preview:large","max-video-preview":"max-video-preview:-1"},"canonical":"https:\/\/tiketi.com\/fr-fr\/volants\/taxi-aerien\/japan\/","og_locale":"fr_FR","og_type":"article","og_title":"Air Taxi in Japan Booking App - Flying Routes, Schedule & Fares","og_description":"Looking for drone air taxi in Japan online booking app, routes, schedule & fares? Compare air taxis flight tickets and book cheap flying taxi in Japan","og_url":"https:\/\/tiketi.com\/fr-fr\/volants\/taxi-aerien\/japan\/","og_site_name":"Tiketi.com","article_publisher":"https:\/\/www.facebook.com\/TiketiCom\/","article_modified_time":"2022-10-14T11:40:39+00:00","og_image":[{"width":1200,"height":202,"url":"https:\/\/tiketi.com\/wp-content\/uploads\/2022\/01\/tokyo-4524260_1280.jpg","type":"image\/jpeg"}],"twitter_card":"summary_large_image","twitter_misc":{"Dur\u00e9e de lecture estim\u00e9e":"3 minutes"},"schema":{"@context":"https:\/\/schema.org","@graph":[{"@type":"WebPage","@id":"https:\/\/tiketi.com\/flying\/air-taxi\/japan\/","url":"https:\/\/tiketi.com\/flying\/air-taxi\/japan\/","name":"Application de r\u00e9servation de taxi a\u00e9rien au Japon - Itin\u00e9raires de vol, horaires et tarifs","isPartOf":{"@id":"https:\/\/tiketi.com\/#website"},"primaryImageOfPage":{"@id":"https:\/\/tiketi.com\/flying\/air-taxi\/japan\/#primaryimage"},"image":{"@id":"https:\/\/tiketi.com\/flying\/air-taxi\/japan\/#primaryimage"},"thumbnailUrl":"https:\/\/tiketi.com\/wp-content\/uploads\/2022\/01\/tokyo-4524260_1280.jpg","datePublished":"2022-01-19T11:53:45+00:00","dateModified":"2022-10-14T11:40:39+00:00","description":"Vous recherchez une application de r\u00e9servation en ligne, des itin\u00e9raires, des horaires et des tarifs de taxi a\u00e9rien drone au Japon? Comparez les billets d&#039;avion des taxis a\u00e9riens et r\u00e9servez un taxi volant pas cher au Japon","breadcrumb":{"@id":"https:\/\/tiketi.com\/flying\/air-taxi\/japan\/#breadcrumb"},"inLanguage":"fr-FR","potentialAction":[{"@type":"ReadAction","target":["https:\/\/tiketi.com\/flying\/air-taxi\/japan\/"]}]},{"@type":"ImageObject","inLanguage":"fr-FR","@id":"https:\/\/tiketi.com\/flying\/air-taxi\/japan\/#primaryimage","url":"https:\/\/tiketi.com\/wp-content\/uploads\/2022\/01\/tokyo-4524260_1280.jpg","contentUrl":"https:\/\/tiketi.com\/wp-content\/uploads\/2022\/01\/tokyo-4524260_1280.jpg","width":1200,"height":202,"caption":"Air Taxi in Tokyo City"},{"@type":"BreadcrumbList","@id":"https:\/\/tiketi.com\/flying\/air-taxi\/japan\/#breadcrumb","itemListElement":[{"@type":"ListItem","position":1,"name":"Home","item":"https:\/\/tiketi.com\/"},{"@type":"ListItem","position":2,"name":"Flying","item":"https:\/\/tiketi.com\/fr-fr\/volants\/"},{"@type":"ListItem","position":3,"name":"Air Taxi","item":"https:\/\/tiketi.com\/flying\/air-taxi\/"},{"@type":"ListItem","position":4,"name":"Air Taxi in Japan Online Booking App &#8211; Flying Taxis Routes, Schedule &#038; Fares"}]},{"@type":"WebSite","@id":"https:\/\/tiketi.com\/#website","url":"https:\/\/tiketi.com\/","name":"Billets d&#039;avion et de bus, forfaits touristiques et activit\u00e9s - Tiketi.com","description":"Billets d&#039;avion et de bus, Tours, Activit\u00e9s","publisher":{"@id":"https:\/\/tiketi.com\/#organization"},"potentialAction":[{"@type":"SearchAction","target":{"@type":"EntryPoint","urlTemplate":"https:\/\/tiketi.com\/?s={search_term_string}"},"query-input":{"@type":"PropertyValueSpecification","valueRequired":true,"valueName":"search_term_string"}}],"inLanguage":"fr-FR"},{"@type":"Organization","@id":"https:\/\/tiketi.com\/#organization","name":"Tiketi.com","alternateName":"Tiketi","url":"https:\/\/tiketi.com\/","logo":{"@type":"ImageObject","inLanguage":"fr-FR","@id":"https:\/\/tiketi.com\/#\/schema\/logo\/image\/","url":"https:\/\/tiketi.com\/wp-content\/uploads\/2019\/05\/tiketi-logo-696.png","contentUrl":"https:\/\/tiketi.com\/wp-content\/uploads\/2019\/05\/tiketi-logo-696.png","width":696,"height":696,"caption":"Tiketi.com"},"image":{"@id":"https:\/\/tiketi.com\/#\/schema\/logo\/image\/"},"sameAs":["https:\/\/www.facebook.com\/TiketiCom\/"]}]}},"_links":{"self":[{"href":"https:\/\/tiketi.com\/fr-fr\/wp-json\/wp\/v2\/pages\/10740","targetHints":{"allow":["GET"]}}],"collection":[{"href":"https:\/\/tiketi.com\/fr-fr\/wp-json\/wp\/v2\/pages"}],"about":[{"href":"https:\/\/tiketi.com\/fr-fr\/wp-json\/wp\/v2\/types\/page"}],"author":[{"embeddable":true,"href":"https:\/\/tiketi.com\/fr-fr\/wp-json\/wp\/v2\/users\/1"}],"replies":[{"embeddable":true,"href":"https:\/\/tiketi.com\/fr-fr\/wp-json\/wp\/v2\/comments?post=10740"}],"version-history":[{"count":0,"href":"https:\/\/tiketi.com\/fr-fr\/wp-json\/wp\/v2\/pages\/10740\/revisions"}],"up":[{"embeddable":true,"href":"https:\/\/tiketi.com\/fr-fr\/wp-json\/wp\/v2\/pages\/25621"}],"wp:featuredmedia":[{"embeddable":true,"href":"https:\/\/tiketi.com\/fr-fr\/wp-json\/wp\/v2\/media\/14276"}],"wp:attachment":[{"href":"https:\/\/tiketi.com\/fr-fr\/wp-json\/wp\/v2\/media?parent=10740"}],"curies":[{"name":"wp","href":"https:\/\/api.w.org\/{rel}","templated":true}]}}