{"id":10742,"date":"2022-01-19T12:53:45","date_gmt":"2022-01-19T11:53:45","guid":{"rendered":"https:\/\/new.tiketi.com\/indonesia-air-taxi-booking-app-electric-flying-taxis\/"},"modified":"2022-10-14T13:26:32","modified_gmt":"2022-10-14T12:26:32","slug":"indonesia","status":"publish","type":"page","link":"https:\/\/tiketi.com\/fr-fr\/volants\/taxi-aerien\/indonesia\/","title":{"rendered":"Taxi a\u00e9rien en Indon\u00e9sie R\u00e9servation en ligne - Itin\u00e9raires de vol, horaires et tarifs"},"content":{"rendered":"<h2 class=\"wp-block-heading\" id=\"electric-indonesia-air-taxi-booking-app\">Application de r\u00e9servation de taxi a\u00e9rien Electric Indonesia<\/h2>\r\n\r\n\r\n\r\n<p>Le service d&#039;application de r\u00e9servation en ligne de taxi a\u00e9rien \u00e9lectrique en Indon\u00e9sie permettra aux utilisateurs de r\u00e9server des billets d&#039;avion de taxi a\u00e9rien \u00e9lectrique en Indon\u00e9sie, qui sera bient\u00f4t lanc\u00e9 dans les grandes villes et les zones m\u00e9tropolitaines d&#039;Indon\u00e9sie. Les taxis a\u00e9riens autonomes en Indon\u00e9sie permettent de voyager pas cher et rapidement en Indon\u00e9sie. L&#039;Indon\u00e9sie est un grand pays, tant en superficie qu&#039;en population, avec une importante diversit\u00e9 g\u00e9ologique et culturelle. Avec 18 110 \u00eeles dont 6 000 habit\u00e9es, c&#039;est le plus grand archipel de la plan\u00e8te. La population d&#039;environ 240 millions de personnes est issue de trois cents groupes ethniques qui parlent plus de 250 langues diff\u00e9rentes. Alors que Bali est g\u00e9n\u00e9ralement l&#039;endroit le plus familier aux visiteurs \u00e9trangers. Comme pour tant d&#039;autres choses, vous pourrez faire \u00e0 tout moment et n&#039;importe o\u00f9 la r\u00e9servation d&#039;un taxi a\u00e9rien par drone en Indon\u00e9sie pour votre vol en taxi a\u00e9rien \u00e9lectrique.<\/p>\r\n\r\n\r\n\r\n<h2 class=\"wp-block-heading\" id=\"here-are-some-of-the-best-advantages-of-electric-flying-taxi-in-indonesia\">Voici quelques-uns des meilleurs avantages du taxi volant \u00e9lectrique en Indon\u00e9sie<\/h2>\r\n\r\n\r\n\r\n<h3 class=\"wp-block-heading\" id=\"what-are-electric-air-taxi-in-indonesia\">Que sont les taxis a\u00e9riens \u00e9lectriques en Indon\u00e9sie ?<\/h3>\r\n\r\n\r\n\r\n<p>L&#039;avion taxi dispose d&#039;un total de quatre si\u00e8ges dont un est d\u00e9di\u00e9 au piolet et les 3 autres aux passagers. Si vous pensez qu&#039;opter pour ce service vous co\u00fbtera trop cher, vous vous trompez.<\/p>\r\n\r\n\r\n\r\n<h3 class=\"wp-block-heading\" id=\"are-autonomous-air-taxis-in-indonesia-convenient\">Les taxis a\u00e9riens autonomes en Indon\u00e9sie sont-ils pratiques ?<\/h3>\r\n\r\n\r\n\r\n<p>L&#039;une des principales choses \u00e0 propos de ces taxis drones en Indon\u00e9sie est qu&#039;il d\u00e9collera \u00e0 l&#039;heure pr\u00e9vue m\u00eame si un seul passager a r\u00e9serv\u00e9 un si\u00e8ge et que les autres sont vacants. C&#039;est ce qui le rend parfait pour que les gens volent dedans.<\/p>\r\n\r\n\r\n\r\n<h3 class=\"wp-block-heading\" id=\"what-is-the-speed-of-electric-air-taxis-in-indonesia\">Quelle est la vitesse des taxis a\u00e9riens \u00e9lectriques en Indon\u00e9sie ?<\/h3>\r\n\r\n\r\n\r\n<p>Les taxis drones \u00e9lectriques en Indon\u00e9sie auront 5 places et une vitesse de croisi\u00e8re de 290 km\/h, et pourront voler \u00e0 une altitude de 1 000 \u00e0 2 000. Il est petit, ses rotors \u00e9lectriques le rendent moins bruyant qu&#039;un h\u00e9licopt\u00e8re \u00e0 moteur thermique, ce qui lui permettra de survoler sans probl\u00e8me des villes peu tol\u00e9rantes aux nuisances sonores.<\/p>\r\n\r\n\r\n\r\n<h3 class=\"wp-block-heading\" id=\"what-is-the-weight-of-electric-flying-taxi-in-indonesia\">Quel est le poids du taxi volant \u00e9lectrique en Indon\u00e9sie ?<\/h3>\r\n\r\n\r\n\r\n<p>Son poids \u00e0 vide de 760 kg en fait l&#039;un des bimoteurs les plus l\u00e9gers de la plan\u00e8te. Cette conception permet \u00e0 l&#039;avion de voler avec de l&#039;Avgas ou m\u00eame du p\u00e9trole standard \u00e0 indice d&#039;octane 92, au lieu d&#039;un ATF co\u00fbteux. Le P2006T appara\u00eet \u00e9galement avec un train d&#039;atterrissage r\u00e9tractable et des moteurs refroidis par liquide. L&#039;avion est \u00e9galement \u00e9tonnant puisque ses moteurs sont \u00e0 pistons et non \u00e0 r\u00e9action ou \u00e0 turbopropulseurs.<\/p>\r\n<h3>Combien co\u00fbtera un taxi volant \u00e9lectrique en Indon\u00e9sie ?<\/h3>\r\n\r\n\r\n\r\n<p>Au d\u00e9part, les taxis drones en Indon\u00e9sie co\u00fbteront environ $5,73 par passager-mile. Vous pouvez facilement r\u00e9server un taxi a\u00e9rien via des taxis a\u00e9riens \u00e9lectriques dans l&#039;application Indon\u00e9sie. Le prix des taxis volants en Indon\u00e9sie chutera alors \u00e0 $1,85 par mile passager avant d&#039;atteindre finalement le tarif incroyable du client de $0,44 par mile.<\/p>\r\n\r\n\r\n\r\n<h2 class=\"wp-block-heading\" id=\"advantages-of-electric-indonesia-air-taxi-booking-app\">Avantages de l&#039;application de r\u00e9servation de taxi a\u00e9rien \u00e9lectrique en Indon\u00e9sie<\/h2>\r\n\r\n\r\n\r\n<p>Parmi ses autres avantages, les taxis volants \u00e9lectriques en Indon\u00e9sie pourraient assurer un boom \u00e9conomique en augmentant le nombre de personnes se dirigeant vers des lieux de loisirs et de tourisme \u00e9loign\u00e9s des grands a\u00e9roports.<\/p>\r\n\r\n\r\n\r\n<h3 class=\"wp-block-heading\" id=\"would-drone-air-taxi-in-indonesia-online-booking-app-be-used-to-book-a-electric-air-taxi-flight\">L&#039;application de r\u00e9servation en ligne de drones volants en Indon\u00e9sie serait-elle utilis\u00e9e pour r\u00e9server des billets d&#039;avion en taxi a\u00e9rien \u00e9lectrique\u00a0?<\/h3>\r\n\r\n\r\n\r\n<p>Oui, les clients peuvent utiliser de mani\u00e8re transparente l&#039;application de r\u00e9servation de taxis a\u00e9riens \u00e9lectriques en Indon\u00e9sie pour trouver le meilleur itin\u00e9raire et r\u00e9server un taxi drone \u00e9lectrique avec des billets d&#039;avion en Indon\u00e9sie \u00e0 tout moment et n&#039;importe o\u00f9.<\/p>","protected":false},"excerpt":{"rendered":"<p>Electric Indonesia air taxi booking app Electric air taxi in Indonesia online booking app service will enable users to book electric flying taxi in Indonesia flight tickets, launching in major cities and metropolitan areas in Indonesia soon. Autonomous air taxis in Indonesia makes possible to travel cheap and fast in Indonesia. Indonesia is a big [&hellip;]<\/p>\n","protected":false},"author":1,"featured_media":14343,"parent":25621,"menu_order":0,"comment_status":"open","ping_status":"closed","template":"template-home-modern.php","meta":{"footnotes":""},"class_list":["post-10742","page","type-page","status-publish","has-post-thumbnail","hentry"],"yoast_head":"<!-- This site is optimized with the Yoast SEO plugin v27.3 - https:\/\/yoast.com\/product\/yoast-seo-wordpress\/ -->\n<title>Air Taxi in Indonesia Online Booking App - Electric Flying Taxis<\/title>\n<meta name=\"description\" content=\"Looking for drone air taxi in Indonesia online booking app, routes, schedule &amp; fares? Compare air taxis flight tickets and book cheap flying taxi in Indonesia\" \/>\n<meta name=\"robots\" content=\"index, follow, max-snippet:-1, max-image-preview:large, max-video-preview:-1\" \/>\n<link rel=\"canonical\" href=\"https:\/\/tiketi.com\/fr-fr\/volants\/taxi-aerien\/indonesia\/\" \/>\n<meta property=\"og:locale\" content=\"fr_FR\" \/>\n<meta property=\"og:type\" content=\"article\" \/>\n<meta property=\"og:title\" content=\"Air Taxi in Indonesia Online Booking App - Electric Flying Taxis\" \/>\n<meta property=\"og:description\" content=\"Looking for drone air taxi in Indonesia online booking app, routes, schedule &amp; fares? Compare air taxis flight tickets and book cheap flying taxi in Indonesia\" \/>\n<meta property=\"og:url\" content=\"https:\/\/tiketi.com\/fr-fr\/volants\/taxi-aerien\/indonesia\/\" \/>\n<meta property=\"og:site_name\" content=\"Tiketi.com\" \/>\n<meta property=\"article:publisher\" content=\"https:\/\/www.facebook.com\/TiketiCom\/\" \/>\n<meta property=\"article:modified_time\" content=\"2022-10-14T12:26:32+00:00\" \/>\n<meta property=\"og:image\" content=\"https:\/\/tiketi.com\/wp-content\/uploads\/2022\/01\/jakarta-indonesia-3465931_1.jpg\" \/>\n\t<meta property=\"og:image:width\" content=\"1200\" \/>\n\t<meta property=\"og:image:height\" content=\"200\" \/>\n\t<meta property=\"og:image:type\" content=\"image\/jpeg\" \/>\n<meta name=\"twitter:card\" content=\"summary_large_image\" \/>\n<meta name=\"twitter:label1\" content=\"Dur\u00e9e de lecture estim\u00e9e\" \/>\n\t<meta name=\"twitter:data1\" content=\"3 minutes\" \/>\n<script type=\"application\/ld+json\" class=\"yoast-schema-graph\">{\"@context\":\"https:\\\/\\\/schema.org\",\"@graph\":[{\"@type\":\"WebPage\",\"@id\":\"https:\\\/\\\/tiketi.com\\\/flying\\\/air-taxi\\\/indonesia\\\/\",\"url\":\"https:\\\/\\\/tiketi.com\\\/flying\\\/air-taxi\\\/indonesia\\\/\",\"name\":\"Air Taxi in Indonesia Online Booking App - Electric Flying Taxis\",\"isPartOf\":{\"@id\":\"https:\\\/\\\/tiketi.com\\\/#website\"},\"primaryImageOfPage\":{\"@id\":\"https:\\\/\\\/tiketi.com\\\/flying\\\/air-taxi\\\/indonesia\\\/#primaryimage\"},\"image\":{\"@id\":\"https:\\\/\\\/tiketi.com\\\/flying\\\/air-taxi\\\/indonesia\\\/#primaryimage\"},\"thumbnailUrl\":\"https:\\\/\\\/tiketi.com\\\/wp-content\\\/uploads\\\/2022\\\/01\\\/jakarta-indonesia-3465931_1.jpg\",\"datePublished\":\"2022-01-19T11:53:45+00:00\",\"dateModified\":\"2022-10-14T12:26:32+00:00\",\"description\":\"Looking for drone air taxi in Indonesia online booking app, routes, schedule & fares? Compare air taxis flight tickets and book cheap flying taxi in Indonesia\",\"breadcrumb\":{\"@id\":\"https:\\\/\\\/tiketi.com\\\/flying\\\/air-taxi\\\/indonesia\\\/#breadcrumb\"},\"inLanguage\":\"fr-FR\",\"potentialAction\":[{\"@type\":\"ReadAction\",\"target\":[\"https:\\\/\\\/tiketi.com\\\/flying\\\/air-taxi\\\/indonesia\\\/\"]}]},{\"@type\":\"ImageObject\",\"inLanguage\":\"fr-FR\",\"@id\":\"https:\\\/\\\/tiketi.com\\\/flying\\\/air-taxi\\\/indonesia\\\/#primaryimage\",\"url\":\"https:\\\/\\\/tiketi.com\\\/wp-content\\\/uploads\\\/2022\\\/01\\\/jakarta-indonesia-3465931_1.jpg\",\"contentUrl\":\"https:\\\/\\\/tiketi.com\\\/wp-content\\\/uploads\\\/2022\\\/01\\\/jakarta-indonesia-3465931_1.jpg\",\"width\":1200,\"height\":200,\"caption\":\"Air Taxi in Jakarta\"},{\"@type\":\"BreadcrumbList\",\"@id\":\"https:\\\/\\\/tiketi.com\\\/flying\\\/air-taxi\\\/indonesia\\\/#breadcrumb\",\"itemListElement\":[{\"@type\":\"ListItem\",\"position\":1,\"name\":\"Home\",\"item\":\"https:\\\/\\\/tiketi.com\\\/\"},{\"@type\":\"ListItem\",\"position\":2,\"name\":\"Flying\",\"item\":\"https:\\\/\\\/tiketi.com\\\/fr-fr\\\/volants\\\/\"},{\"@type\":\"ListItem\",\"position\":3,\"name\":\"Air Taxi\",\"item\":\"https:\\\/\\\/tiketi.com\\\/flying\\\/air-taxi\\\/\"},{\"@type\":\"ListItem\",\"position\":4,\"name\":\"Air Taxi in Indonesia Online Booking &#8211; Flying Routes, Schedule &#038; Fares\"}]},{\"@type\":\"WebSite\",\"@id\":\"https:\\\/\\\/tiketi.com\\\/#website\",\"url\":\"https:\\\/\\\/tiketi.com\\\/\",\"name\":\"Flight & Bus Tickets, Tour Packages & Activitites - Tiketi.com\",\"description\":\"Flight &amp; Bus Tickets, Tours, Activitites\",\"publisher\":{\"@id\":\"https:\\\/\\\/tiketi.com\\\/#organization\"},\"potentialAction\":[{\"@type\":\"SearchAction\",\"target\":{\"@type\":\"EntryPoint\",\"urlTemplate\":\"https:\\\/\\\/tiketi.com\\\/?s={search_term_string}\"},\"query-input\":{\"@type\":\"PropertyValueSpecification\",\"valueRequired\":true,\"valueName\":\"search_term_string\"}}],\"inLanguage\":\"fr-FR\"},{\"@type\":\"Organization\",\"@id\":\"https:\\\/\\\/tiketi.com\\\/#organization\",\"name\":\"Tiketi.com\",\"alternateName\":\"Tiketi\",\"url\":\"https:\\\/\\\/tiketi.com\\\/\",\"logo\":{\"@type\":\"ImageObject\",\"inLanguage\":\"fr-FR\",\"@id\":\"https:\\\/\\\/tiketi.com\\\/#\\\/schema\\\/logo\\\/image\\\/\",\"url\":\"https:\\\/\\\/tiketi.com\\\/wp-content\\\/uploads\\\/2019\\\/05\\\/tiketi-logo-696.png\",\"contentUrl\":\"https:\\\/\\\/tiketi.com\\\/wp-content\\\/uploads\\\/2019\\\/05\\\/tiketi-logo-696.png\",\"width\":696,\"height\":696,\"caption\":\"Tiketi.com\"},\"image\":{\"@id\":\"https:\\\/\\\/tiketi.com\\\/#\\\/schema\\\/logo\\\/image\\\/\"},\"sameAs\":[\"https:\\\/\\\/www.facebook.com\\\/TiketiCom\\\/\"]}]}<\/script>\n<!-- \/ Yoast SEO plugin. -->","yoast_head_json":{"title":"Taxi a\u00e9rien en Indon\u00e9sie Application de r\u00e9servation en ligne - Taxis volants \u00e9lectriques","description":"Vous recherchez une application de r\u00e9servation en ligne de taxi a\u00e9rien drone en Indon\u00e9sie, des itin\u00e9raires, des horaires et des tarifs\u00a0? Comparez les billets d&#039;avion des taxis a\u00e9riens et r\u00e9servez un taxi volant pas cher en Indon\u00e9sie","robots":{"index":"index","follow":"follow","max-snippet":"max-snippet:-1","max-image-preview":"max-image-preview:large","max-video-preview":"max-video-preview:-1"},"canonical":"https:\/\/tiketi.com\/fr-fr\/volants\/taxi-aerien\/indonesia\/","og_locale":"fr_FR","og_type":"article","og_title":"Air Taxi in Indonesia Online Booking App - Electric Flying Taxis","og_description":"Looking for drone air taxi in Indonesia online booking app, routes, schedule & fares? Compare air taxis flight tickets and book cheap flying taxi in Indonesia","og_url":"https:\/\/tiketi.com\/fr-fr\/volants\/taxi-aerien\/indonesia\/","og_site_name":"Tiketi.com","article_publisher":"https:\/\/www.facebook.com\/TiketiCom\/","article_modified_time":"2022-10-14T12:26:32+00:00","og_image":[{"width":1200,"height":200,"url":"https:\/\/tiketi.com\/wp-content\/uploads\/2022\/01\/jakarta-indonesia-3465931_1.jpg","type":"image\/jpeg"}],"twitter_card":"summary_large_image","twitter_misc":{"Dur\u00e9e de lecture estim\u00e9e":"3 minutes"},"schema":{"@context":"https:\/\/schema.org","@graph":[{"@type":"WebPage","@id":"https:\/\/tiketi.com\/flying\/air-taxi\/indonesia\/","url":"https:\/\/tiketi.com\/flying\/air-taxi\/indonesia\/","name":"Taxi a\u00e9rien en Indon\u00e9sie Application de r\u00e9servation en ligne - Taxis volants \u00e9lectriques","isPartOf":{"@id":"https:\/\/tiketi.com\/#website"},"primaryImageOfPage":{"@id":"https:\/\/tiketi.com\/flying\/air-taxi\/indonesia\/#primaryimage"},"image":{"@id":"https:\/\/tiketi.com\/flying\/air-taxi\/indonesia\/#primaryimage"},"thumbnailUrl":"https:\/\/tiketi.com\/wp-content\/uploads\/2022\/01\/jakarta-indonesia-3465931_1.jpg","datePublished":"2022-01-19T11:53:45+00:00","dateModified":"2022-10-14T12:26:32+00:00","description":"Vous recherchez une application de r\u00e9servation en ligne de taxi a\u00e9rien drone en Indon\u00e9sie, des itin\u00e9raires, des horaires et des tarifs\u00a0? Comparez les billets d&#039;avion des taxis a\u00e9riens et r\u00e9servez un taxi volant pas cher en Indon\u00e9sie","breadcrumb":{"@id":"https:\/\/tiketi.com\/flying\/air-taxi\/indonesia\/#breadcrumb"},"inLanguage":"fr-FR","potentialAction":[{"@type":"ReadAction","target":["https:\/\/tiketi.com\/flying\/air-taxi\/indonesia\/"]}]},{"@type":"ImageObject","inLanguage":"fr-FR","@id":"https:\/\/tiketi.com\/flying\/air-taxi\/indonesia\/#primaryimage","url":"https:\/\/tiketi.com\/wp-content\/uploads\/2022\/01\/jakarta-indonesia-3465931_1.jpg","contentUrl":"https:\/\/tiketi.com\/wp-content\/uploads\/2022\/01\/jakarta-indonesia-3465931_1.jpg","width":1200,"height":200,"caption":"Air Taxi in Jakarta"},{"@type":"BreadcrumbList","@id":"https:\/\/tiketi.com\/flying\/air-taxi\/indonesia\/#breadcrumb","itemListElement":[{"@type":"ListItem","position":1,"name":"Home","item":"https:\/\/tiketi.com\/"},{"@type":"ListItem","position":2,"name":"Flying","item":"https:\/\/tiketi.com\/fr-fr\/volants\/"},{"@type":"ListItem","position":3,"name":"Air Taxi","item":"https:\/\/tiketi.com\/flying\/air-taxi\/"},{"@type":"ListItem","position":4,"name":"Air Taxi in Indonesia Online Booking &#8211; Flying Routes, Schedule &#038; Fares"}]},{"@type":"WebSite","@id":"https:\/\/tiketi.com\/#website","url":"https:\/\/tiketi.com\/","name":"Billets d&#039;avion et de bus, forfaits touristiques et activit\u00e9s - Tiketi.com","description":"Billets d&#039;avion et de bus, Tours, Activit\u00e9s","publisher":{"@id":"https:\/\/tiketi.com\/#organization"},"potentialAction":[{"@type":"SearchAction","target":{"@type":"EntryPoint","urlTemplate":"https:\/\/tiketi.com\/?s={search_term_string}"},"query-input":{"@type":"PropertyValueSpecification","valueRequired":true,"valueName":"search_term_string"}}],"inLanguage":"fr-FR"},{"@type":"Organization","@id":"https:\/\/tiketi.com\/#organization","name":"Tiketi.com","alternateName":"Tiketi","url":"https:\/\/tiketi.com\/","logo":{"@type":"ImageObject","inLanguage":"fr-FR","@id":"https:\/\/tiketi.com\/#\/schema\/logo\/image\/","url":"https:\/\/tiketi.com\/wp-content\/uploads\/2019\/05\/tiketi-logo-696.png","contentUrl":"https:\/\/tiketi.com\/wp-content\/uploads\/2019\/05\/tiketi-logo-696.png","width":696,"height":696,"caption":"Tiketi.com"},"image":{"@id":"https:\/\/tiketi.com\/#\/schema\/logo\/image\/"},"sameAs":["https:\/\/www.facebook.com\/TiketiCom\/"]}]}},"_links":{"self":[{"href":"https:\/\/tiketi.com\/fr-fr\/wp-json\/wp\/v2\/pages\/10742","targetHints":{"allow":["GET"]}}],"collection":[{"href":"https:\/\/tiketi.com\/fr-fr\/wp-json\/wp\/v2\/pages"}],"about":[{"href":"https:\/\/tiketi.com\/fr-fr\/wp-json\/wp\/v2\/types\/page"}],"author":[{"embeddable":true,"href":"https:\/\/tiketi.com\/fr-fr\/wp-json\/wp\/v2\/users\/1"}],"replies":[{"embeddable":true,"href":"https:\/\/tiketi.com\/fr-fr\/wp-json\/wp\/v2\/comments?post=10742"}],"version-history":[{"count":0,"href":"https:\/\/tiketi.com\/fr-fr\/wp-json\/wp\/v2\/pages\/10742\/revisions"}],"up":[{"embeddable":true,"href":"https:\/\/tiketi.com\/fr-fr\/wp-json\/wp\/v2\/pages\/25621"}],"wp:featuredmedia":[{"embeddable":true,"href":"https:\/\/tiketi.com\/fr-fr\/wp-json\/wp\/v2\/media\/14343"}],"wp:attachment":[{"href":"https:\/\/tiketi.com\/fr-fr\/wp-json\/wp\/v2\/media?parent=10742"}],"curies":[{"name":"wp","href":"https:\/\/api.w.org\/{rel}","templated":true}]}}