{"id":10743,"date":"2022-01-19T12:53:45","date_gmt":"2022-01-19T11:53:45","guid":{"rendered":"https:\/\/new.tiketi.com\/india-air-taxi-booking-app-electric-flying-taxis\/"},"modified":"2025-07-09T21:08:20","modified_gmt":"2025-07-09T20:08:20","slug":"india","status":"publish","type":"page","link":"https:\/\/tiketi.com\/fr-fr\/volants\/taxi-aerien\/india\/","title":{"rendered":"Fly Over India\u2019s Roads \u2013 Easy Air Taxi India Online Bookings"},"content":{"rendered":"<h2 id=\"electric-india-air-taxi-booking-app\" class=\"wp-block-heading\">Book a Flying Taxi in India \u2013 Fast, Green, and Affordable Urban Travel<\/h2>\r\n\r\n\r\n\r\n<p><span style=\"font-size: revert; color: initial;\">The Cheap air taxi in India online booking app allows users to easily reserve helicopter and flying taxi flight tickets. Air taxis in India make it possible to travel quickly and affordably across the country. <\/span> With more than 30,000 years of history, India is the birthplace of many religions and cultures making it one of the most vital tourist places in the planet. Being ruled over many kingdoms and dynasties before being established as a public in the twenty century, India has more than 1,000 tourist attractions and many World Heritage sites. <span style=\"font-size: revert; color: initial;\"> Just like many other services, you&#8217;ll be able to make a India air taxi booking anytime, anywhere, through the app for your electric air taxi flight.<\/span><\/p>\r\n<h2>Why Choose a Flying Taxi in India?<\/h2>\r\n<ul>\r\n<li><strong>Gagnez du temps<\/strong> \u2013 Ce qui prenait 30 \u00e0 60 minutes en voiture peut d\u00e9sormais se faire en moins de 10 minutes par avion.<\/li>\r\n<li><strong>\u00c9cologique et silencieux<\/strong> \u2013 Nos avions \u00e9lectriques sont jusqu&#039;\u00e0 100 fois plus silencieux que les h\u00e9licopt\u00e8res traditionnels et ne produisent aucune \u00e9mission.<\/li>\r\n<li><strong>S\u00e9curit\u00e9 certifi\u00e9e<\/strong> \u2013 Nos avions sont pilot\u00e9s par des pilotes agr\u00e9\u00e9s et sont \u00e9quip\u00e9s de multiples syst\u00e8mes de s\u00e9curit\u00e9 redondants afin de garantir un voyage en toute s\u00e9curit\u00e9.<\/li>\r\n<li><strong>Comfortable Experience<\/strong> \u2013 D&#039;un simple clic, vous \u00eates parti \u2013 sans tracas, sans stress.<\/li>\r\n<li><strong>Effortless Booking<\/strong> \u2013 Book Your Flight in Just a Few Clicks \u2013 Anytime, Anywhere<\/li>\r\n<\/ul>\r\n<h2>How Our India Air Taxi Booking Service Works<\/h2>\r\n<p>R\u00e9server votre taxi a\u00e9rien est aussi simple que de r\u00e9server une course\u00a0:<\/p>\r\n<ol>\r\n<li><strong>Ouvrez le <a href=\"https:\/\/tiketi.com\/fr-fr\/download-tiketi-app\/\" target=\"_blank\" rel=\"noopener\">Application Tiketi<\/a> ou site Web<\/strong><\/li>\r\n<li><strong>Choisissez votre d\u00e9part<\/strong> from one of India\u2019s many helipads or upcoming vertiports (e.g., Downtown India, Delhi International Airport, Mumbai International Airport)<\/li>\r\n<li><strong>Choisissez votre avion<\/strong> \u2013 Choisissez un \u00e9l\u00e9gant taxi a\u00e9rien tout \u00e9lectrique \u00e0 2 ou 4 places<\/li>\r\n<li><strong>Confirmer et partir<\/strong> \u2013 Votre vol est r\u00e9serv\u00e9 en temps r\u00e9el et votre point d&#039;embarquement est pr\u00eat quand vous l&#039;\u00eates.<\/li>\r\n<\/ol>\r\n<p>In just a few minutes, you&#8217;re airborne\u2014gliding over India\u2019s iconic skyline and avoiding the gridlock below.<\/p>\r\n<h2>Flying Taxi Routes in India \u2013 Sky High in Minutes<\/h2>\r\n<p>India&#8217;s aerial transport network is rapidly taking shape, with several high-demand routes already under development:<\/p>\r\n<ul>\r\n<li><strong>Kempegowda International Airport \u2192 Whitefield<\/strong> \u2013 ~12 minutes (vs. 45\u201360 minutes by road)<\/li>\r\n<li><strong>Electronic City \u2192 Koramangala<\/strong> \u2013 7\u201310 minutes<\/li>\r\n<li><strong>Indira Gandhi International Airport to Connaught Place<\/strong> (~12 miles) = $65\u2013$130, comparable to high-end taxi services.<\/li>\r\n<li><strong>Dwarka \u2192 Indira Gandhi International Airport<\/strong> \u2013 8\u201312 minutes<\/li>\r\n<li><strong>Chhatrapati Shivaji Maharaj International Airport \u2192 Nariman Point<\/strong> \u2013 ~8 minutes (vs. 45-60 minutes by road)<\/li>\r\n<li><strong>Worli \u2192 Chhatrapati Shivaji Maharaj International Airport<\/strong> \u2013 10 \u00e0 12 minutes<\/li>\r\n<\/ul>\r\n<p><strong>Les itin\u00e9raires futurs comprennent\u00a0:<\/strong><\/p>\r\n<ul>\r\n<li><strong>Bangalore \u2192 Mysuru<\/strong> (~40 minutes)<\/li>\r\n<li><strong>Bangalore \u2192 Chennai<\/strong> (~60 minutes)<\/li>\r\n<li><strong>Mumbai \u2192 Navi Mumbai<\/strong> (~20 minutes)<\/li>\r\n<li><strong>Mumbai \u2192 Pune<\/strong> (~45 minutes)<\/li>\r\n<li><strong>Delhi \u2192 Noida<\/strong> (~20 minutes)<\/li>\r\n<li><strong>Delhi \u2192 Gurugram<\/strong> (~30 minutes)<\/li>\r\n<\/ul>\r\n<p>With strong support from Indian aviation authorities, these air taxi routes are set to take off in the near future, making India\u2019s airspace an efficient travel option.<\/p>\r\n<h2>Options de tarification et de r\u00e9servation des taxis volants<\/h2>\r\n<p>Our pricing is competitive and designed to offer maximum value, so you can skip the traffic and enjoy the skies:<\/p>\r\n<ul>\r\n<li><strong>Tarifs actuels\u00a0:<\/strong> \u20b9300\u2013\u20b9500 per passenger-km (prices are expected to decrease as demand rises)<\/li>\r\n<li><strong>Example: Kempegowda Airport to Whitefield<\/strong> (~30 km) = \u20b9900\u2013\u20b91500, which is comparable to premium taxi services but much faster.<\/li>\r\n<li><strong>Exemple:<\/strong> <strong>Chhatrapati Shivaji Maharaj International Airport to Nariman Point<\/strong> (~12 miles) = $65\u2013$130, comparable to high-end taxi services.<\/li>\r\n<li><strong>Exemple:<\/strong> <strong>Indira Gandhi International Airport to Connaught Place<\/strong> (~12 miles) = $65\u2013$130, comparable to high-end taxi services.<\/li>\r\n<\/ul>\r\n<p>\u00c0 venir:<\/p>\r\n<ul>\r\n<li><strong>Commuter plans for regular passengers<\/strong><\/li>\r\n<li><strong>Corporate and group travel packages<\/strong><\/li>\r\n<li><strong>Volume discounts for business and private clients<\/strong><\/li>\r\n<\/ul>\r\n<p>Book your flight easily through the app, website, or with our concierge service. Need ground transport or extra services? We\u2019ve got you covered.<\/p>\r\n<h2>Who&#8217;s Leading the Charge in India?<\/h2>\r\n<p>Meet the pioneers bringing urban air mobility to India:<\/p>\r\n<ul>\r\n<li><strong>Joby Aviation + IndiGo:<\/strong> Offering high-speed, electric air taxi services, aimed at delivering urban air mobility in India\u2019s airspace.<\/li>\r\n<li><strong>Urban Aeronautics:<\/strong> In partnership with Skyports, launching eVTOL air taxis to streamline city transport, with routes connecting key hubs like ITPL and Electronic City.<\/li>\r\n<li><strong>International Airports:<\/strong> Partnering with the government to expand aerial infrastructure, including skyports and charging hubs.<\/li>\r\n<li><strong>Government of India:<\/strong> Actively investing in advanced transportation networks, including urban air mobility, to alleviate India\u2019s growing traffic congestion.<\/li>\r\n<\/ul>\r\n<h2>Foire aux questions<\/h2>\r\n<h3>Is it safe to fly in an air taxi?<\/h3>\r\n<p>Yes. All flights are piloted by certified professionals and follow stringent safety standards, with multiple safety redundancies to ensure a smooth, secure flight.<\/p>\r\n<h3>Les vols peuvent-ils \u00eatre assur\u00e9s par mauvais temps\u00a0?<\/h3>\r\n<p>Your safety is our priority. In case of adverse weather conditions, we will notify you immediately and assist with rescheduling or a full refund if needed.<\/p>\r\n<h3>Puis-je apporter des bagages ?<\/h3>\r\n<p>Yes, carry-on luggage is welcome. For larger items, we\u2019ll arrange for ground transport to deliver them to your destination.<\/p>\r\n\r\n\r\n\r\n<h2 id=\"here-are-some-of-the-advantages-of-electric-flying-taxi-in-india\" class=\"wp-block-heading\">Voici quelques-uns des avantages du taxi volant \u00e9lectrique en Inde<\/h2>\r\n\r\n\r\n\r\n<h3 id=\"what-are-electric-air-taxis-in-india\" class=\"wp-block-heading\">Que sont les taxis a\u00e9riens \u00e9lectriques en Inde ?<\/h3>\r\n\r\n\r\n\r\n<p>The autonomous\u00a0aircraft intended for the air-based lift service is a 4 passenger electric vertical take-off and landing craft. These drones like vehicle are use 4 wing-mounted vertical propellers for horizontal take-off, landing and producing lift. A one horizontal propeller affixed in front of a tail fin offers the forward thrust. Early eVTOL lifts will be driven by human pilots.<\/p>\r\n\r\n\r\n\r\n<h3 id=\"how-many-seats-does-an-electric-flying-taxi-in-india-have\" class=\"wp-block-heading\">Combien de places compte un taxi volant \u00e9lectrique en Inde ?<\/h3>\r\n\r\n\r\n\r\n<p>Les taxis drones en Inde disposent de 4 si\u00e8ges, un pour le pilote et 3 pour les passagers, et la distance entre les lieux est parcourue en quarante-cinq minutes.<\/p>\r\n\r\n\r\n\r\n<h3 id=\"are-autonomous-air-taxis-in-india-safe\" class=\"wp-block-heading\">Les taxis a\u00e9riens autonomes en Inde sont-ils s\u00fbrs ?<\/h3>\r\n\r\n\r\n\r\n<p>So, it is safer to fly an air-taxi certified airplane? The little answer is, yes. Extra safety measures undergo and by the electric flying taxis in India\u00a0operators regulated under part 135 offer customer with more best and legal ways to hire private aircraft through electric air taxi India app.<\/p>\r\n<h3>How much will an electric flying\u00a0taxis in India cost?<\/h3>\r\n\r\n\r\n\r\n<p>Initialement, les taxis drones en Inde co\u00fbteront environ $5,73 par passager-mile. Vous pouvez facilement r\u00e9server un taxi a\u00e9rien gr\u00e2ce aux taxis volants \u00e9lectriques dans l&#039;application Inde. Le prix des taxis a\u00e9riens en Inde chutera ensuite \u00e0 $1,85 par passager-mile avant de finalement atteindre l&#039;incroyable tarif des taxis drones en Inde de $0,44 par mile.<\/p>\r\n\r\n\r\n\r\n<h2 id=\"advantages-of-electric-india-air-taxi-booking-app\" class=\"wp-block-heading\">Avantages de l&#039;application de r\u00e9servation de taxi a\u00e9rien \u00e9lectrique en Inde<\/h2>\r\n\r\n\r\n\r\n<p>Parmi ses autres avantages, les taxis drones en Inde pourraient fournir un boom \u00e9conomique en augmentant le nombre de personnes se dirigeant vers des lieux de loisirs et de tourisme qui ne sont pas \u00e0 proximit\u00e9 des grands a\u00e9roports.<\/p>\r\n\r\n\r\n\r\n<h3 id=\"would-drone-air-taxi-in-london-online-booking-app-be-used-to-book-a-electric-air-taxi-flight\" class=\"wp-block-heading\">Can the air taxis in India online booking app be used to reserve electric air taxi flight tickets?<\/h3>\r\n\r\n\r\n\r\n<p>Les passagers pourront trouver le meilleur itin\u00e9raire et r\u00e9server les jets \u00e9lectriques via l&#039;application de taxi volant en ligne en Inde \u00e0 tout moment, n&#039;importe o\u00f9.<\/p>\r\n\r\n\r\n\r\n<h3 id=\"how-can-i-book-electric-flying-taxis-in-india\" class=\"wp-block-heading\">Comment puis-je r\u00e9server des taxis volants \u00e9lectriques en Inde ?<\/h3>\r\n\r\n\r\n\r\n<p>India air taxi online booking app will help you book through internet anytime, anywhere. You can book also private aircraft but the charges will be different. The only objective of the electric India air taxi online booking service is provide air connectivity between metros and tier-2, tier-3 cities across the country. The services will be provided by electric drone taxis in India which received the scheduled commuter airline permit from the Indian aviation.<\/p>\r\n<h2>Autres vols populaires en taxi a\u00e9rien<\/h2>\r\n<table border=\"0\" cellspacing=\"1\" cellpadding=\"1\">\r\n<tbody>\r\n<tr>\r\n<td>Bon march\u00e9 <a href=\"https:\/\/tiketi.com\/fr-fr\/volants\/taxi-aerien\/mumbai\/\" target=\"_blank\" rel=\"noopener\">air taxi in Mumbai<\/a>\u00a0<\/td>\r\n<td style=\"width: 30px;\">\u00a0<\/td>\r\n<td>Bon march\u00e9 <a href=\"https:\/\/tiketi.com\/fr-fr\/volants\/taxi-aerien\/bangalore\/\" target=\"_blank\" rel=\"noopener\">air taxi in Bangalore<\/a><\/td>\r\n<td style=\"width: 30px;\">\u00a0<\/td>\r\n<td>Bon march\u00e9 <a href=\"https:\/\/tiketi.com\/fr-fr\/volants\/taxi-aerien\/delhi\/\" target=\"_blank\" rel=\"noopener\">air taxi in Delhi<\/a><\/td>\r\n<\/tr>\r\n<tr>\r\n<td>Bon march\u00e9 <a href=\"https:\/\/tiketi.com\/fr-fr\/volants\/taxi-aerien\/hyderabad\/\" target=\"_blank\" rel=\"noopener\">air taxi in Hyderabad<\/a><\/td>\r\n<td style=\"width: 30px;\">\u00a0<\/td>\r\n<td>Bon march\u00e9 <a href=\"https:\/\/tiketi.com\/fr-fr\/volants\/taxi-aerien\/chennai\/\" target=\"_blank\" rel=\"noopener\">air taxi in Chennai<\/a><\/td>\r\n<td style=\"width: 30px;\">\u00a0<\/td>\r\n<td>Bon march\u00e9 <a href=\"https:\/\/tiketi.com\/fr-fr\/volants\/taxi-aerien\/kolkata\/\" target=\"_blank\" rel=\"noopener\">air taxi in Kolkata<\/a><\/td>\r\n<\/tr>\r\n<tr>\r\n<td>Bon march\u00e9 <a href=\"https:\/\/tiketi.com\/fr-fr\/volants\/taxi-aerien\/singapore\/\" target=\"_blank\" rel=\"noopener\">taxi a\u00e9rien \u00e0 Singapour<\/a><\/td>\r\n<td style=\"width: 30px;\">\u00a0<\/td>\r\n<td>Bon march\u00e9 <a href=\"https:\/\/tiketi.com\/fr-fr\/volants\/taxi-aerien\/dubai\/\" target=\"_blank\" rel=\"noopener\">taxi a\u00e9rien \u00e0 Duba\u00ef<\/a><\/td>\r\n<td style=\"width: 30px;\">\u00a0<\/td>\r\n<td>Bon march\u00e9 <a href=\"https:\/\/tiketi.com\/fr-fr\/volants\/taxi-aerien\/new-york-nyc\/\" target=\"_blank\" rel=\"noopener\">taxi a\u00e9rien \u00e0 New York<\/a><\/td>\r\n<\/tr>\r\n<\/tbody>\r\n<\/table>\r\n<h2>\u00a0<\/h2>\r\n<p>&nbsp;<\/p>","protected":false},"excerpt":{"rendered":"<p>Book a Flying Taxi in India \u2013 Fast, Green, and Affordable Urban Travel The Cheap air taxi in India online booking app allows users to easily reserve helicopter and flying taxi flight tickets. Air taxis in India make it possible to travel quickly and affordably across the country. With more than 30,000 years of history, [&hellip;]<\/p>\n","protected":false},"author":1,"featured_media":16441,"parent":25621,"menu_order":0,"comment_status":"open","ping_status":"closed","template":"template-home-modern.php","meta":{"footnotes":""},"class_list":["post-10743","page","type-page","status-publish","has-post-thumbnail","hentry"],"yoast_head":"<!-- This site is optimized with the Yoast SEO plugin v27.4 - https:\/\/yoast.com\/product\/yoast-seo-wordpress\/ -->\n<title>Book an Air Taxi in India Online | Cheap Flying Taxi Fares<\/title>\n<meta name=\"description\" content=\"Book an air taxi in India online with our app. Compare routes, fares, &amp; flight tickets for air taxis, &amp; find affordable flying taxi options\" \/>\n<meta name=\"robots\" content=\"index, follow, max-snippet:-1, max-image-preview:large, max-video-preview:-1\" \/>\n<link rel=\"canonical\" href=\"https:\/\/tiketi.com\/fr-fr\/volants\/taxi-aerien\/india\/\" \/>\n<meta property=\"og:locale\" content=\"fr_FR\" \/>\n<meta property=\"og:type\" content=\"article\" \/>\n<meta property=\"og:title\" content=\"Book an Air Taxi in India Online | Cheap Flying Taxi Fares\" \/>\n<meta property=\"og:description\" content=\"Book an air taxi in India online with our app. Compare routes, fares, &amp; flight tickets for air taxis, &amp; find affordable flying taxi options\" \/>\n<meta property=\"og:url\" content=\"https:\/\/tiketi.com\/fr-fr\/volants\/taxi-aerien\/india\/\" \/>\n<meta property=\"og:site_name\" content=\"Tiketi.com\" \/>\n<meta property=\"article:publisher\" content=\"https:\/\/www.facebook.com\/TiketiCom\/\" \/>\n<meta property=\"article:modified_time\" content=\"2025-07-09T20:08:20+00:00\" \/>\n<meta property=\"og:image\" content=\"https:\/\/tiketi.com\/wp-content\/uploads\/2022\/02\/mumbai-390928_1280.jpg\" \/>\n\t<meta property=\"og:image:width\" content=\"1200\" \/>\n\t<meta property=\"og:image:height\" content=\"224\" \/>\n\t<meta property=\"og:image:type\" content=\"image\/jpeg\" \/>\n<meta name=\"twitter:card\" content=\"summary_large_image\" \/>\n<meta name=\"twitter:label1\" content=\"Dur\u00e9e de lecture estim\u00e9e\" \/>\n\t<meta name=\"twitter:data1\" content=\"6 minutes\" \/>\n<script type=\"application\/ld+json\" class=\"yoast-schema-graph\">{\"@context\":\"https:\\\/\\\/schema.org\",\"@graph\":[{\"@type\":\"WebPage\",\"@id\":\"https:\\\/\\\/tiketi.com\\\/flying\\\/air-taxi\\\/india\\\/\",\"url\":\"https:\\\/\\\/tiketi.com\\\/flying\\\/air-taxi\\\/india\\\/\",\"name\":\"Book an Air Taxi in India Online | Cheap Flying Taxi Fares\",\"isPartOf\":{\"@id\":\"https:\\\/\\\/tiketi.com\\\/#website\"},\"primaryImageOfPage\":{\"@id\":\"https:\\\/\\\/tiketi.com\\\/flying\\\/air-taxi\\\/india\\\/#primaryimage\"},\"image\":{\"@id\":\"https:\\\/\\\/tiketi.com\\\/flying\\\/air-taxi\\\/india\\\/#primaryimage\"},\"thumbnailUrl\":\"https:\\\/\\\/tiketi.com\\\/wp-content\\\/uploads\\\/2022\\\/02\\\/mumbai-390928_1280.jpg\",\"datePublished\":\"2022-01-19T11:53:45+00:00\",\"dateModified\":\"2025-07-09T20:08:20+00:00\",\"description\":\"Book an air taxi in India online with our app. Compare routes, fares, & flight tickets for air taxis, & find affordable flying taxi options\",\"breadcrumb\":{\"@id\":\"https:\\\/\\\/tiketi.com\\\/flying\\\/air-taxi\\\/india\\\/#breadcrumb\"},\"inLanguage\":\"fr-FR\",\"potentialAction\":[{\"@type\":\"ReadAction\",\"target\":[\"https:\\\/\\\/tiketi.com\\\/flying\\\/air-taxi\\\/india\\\/\"]}]},{\"@type\":\"ImageObject\",\"inLanguage\":\"fr-FR\",\"@id\":\"https:\\\/\\\/tiketi.com\\\/flying\\\/air-taxi\\\/india\\\/#primaryimage\",\"url\":\"https:\\\/\\\/tiketi.com\\\/wp-content\\\/uploads\\\/2022\\\/02\\\/mumbai-390928_1280.jpg\",\"contentUrl\":\"https:\\\/\\\/tiketi.com\\\/wp-content\\\/uploads\\\/2022\\\/02\\\/mumbai-390928_1280.jpg\",\"width\":1200,\"height\":224,\"caption\":\"Air Taxi in Mumbai\"},{\"@type\":\"BreadcrumbList\",\"@id\":\"https:\\\/\\\/tiketi.com\\\/flying\\\/air-taxi\\\/india\\\/#breadcrumb\",\"itemListElement\":[{\"@type\":\"ListItem\",\"position\":1,\"name\":\"Home\",\"item\":\"https:\\\/\\\/tiketi.com\\\/\"},{\"@type\":\"ListItem\",\"position\":2,\"name\":\"Flying\",\"item\":\"https:\\\/\\\/tiketi.com\\\/fr-fr\\\/volants\\\/\"},{\"@type\":\"ListItem\",\"position\":3,\"name\":\"Air Taxi\",\"item\":\"https:\\\/\\\/tiketi.com\\\/flying\\\/air-taxi\\\/\"},{\"@type\":\"ListItem\",\"position\":4,\"name\":\"Fly Over India\u2019s Roads \u2013 Easy Air Taxi India Online Bookings\"}]},{\"@type\":\"WebSite\",\"@id\":\"https:\\\/\\\/tiketi.com\\\/#website\",\"url\":\"https:\\\/\\\/tiketi.com\\\/\",\"name\":\"Flight & Bus Tickets, Tour Packages & Activitites - Tiketi.com\",\"description\":\"Flight &amp; Bus Tickets, Tours, Activitites\",\"publisher\":{\"@id\":\"https:\\\/\\\/tiketi.com\\\/#organization\"},\"potentialAction\":[{\"@type\":\"SearchAction\",\"target\":{\"@type\":\"EntryPoint\",\"urlTemplate\":\"https:\\\/\\\/tiketi.com\\\/?s={search_term_string}\"},\"query-input\":{\"@type\":\"PropertyValueSpecification\",\"valueRequired\":true,\"valueName\":\"search_term_string\"}}],\"inLanguage\":\"fr-FR\"},{\"@type\":\"Organization\",\"@id\":\"https:\\\/\\\/tiketi.com\\\/#organization\",\"name\":\"Tiketi.com\",\"alternateName\":\"Tiketi\",\"url\":\"https:\\\/\\\/tiketi.com\\\/\",\"logo\":{\"@type\":\"ImageObject\",\"inLanguage\":\"fr-FR\",\"@id\":\"https:\\\/\\\/tiketi.com\\\/#\\\/schema\\\/logo\\\/image\\\/\",\"url\":\"https:\\\/\\\/tiketi.com\\\/wp-content\\\/uploads\\\/2019\\\/05\\\/tiketi-logo-696.png\",\"contentUrl\":\"https:\\\/\\\/tiketi.com\\\/wp-content\\\/uploads\\\/2019\\\/05\\\/tiketi-logo-696.png\",\"width\":696,\"height\":696,\"caption\":\"Tiketi.com\"},\"image\":{\"@id\":\"https:\\\/\\\/tiketi.com\\\/#\\\/schema\\\/logo\\\/image\\\/\"},\"sameAs\":[\"https:\\\/\\\/www.facebook.com\\\/TiketiCom\\\/\"]}]}<\/script>\n<!-- \/ Yoast SEO plugin. -->","yoast_head_json":{"title":"Book an Air Taxi in India Online | Cheap Flying Taxi Fares","description":"Book an air taxi in India online with our app. Compare routes, fares, & flight tickets for air taxis, & find affordable flying taxi options","robots":{"index":"index","follow":"follow","max-snippet":"max-snippet:-1","max-image-preview":"max-image-preview:large","max-video-preview":"max-video-preview:-1"},"canonical":"https:\/\/tiketi.com\/fr-fr\/volants\/taxi-aerien\/india\/","og_locale":"fr_FR","og_type":"article","og_title":"Book an Air Taxi in India Online | Cheap Flying Taxi Fares","og_description":"Book an air taxi in India online with our app. Compare routes, fares, & flight tickets for air taxis, & find affordable flying taxi options","og_url":"https:\/\/tiketi.com\/fr-fr\/volants\/taxi-aerien\/india\/","og_site_name":"Tiketi.com","article_publisher":"https:\/\/www.facebook.com\/TiketiCom\/","article_modified_time":"2025-07-09T20:08:20+00:00","og_image":[{"width":1200,"height":224,"url":"https:\/\/tiketi.com\/wp-content\/uploads\/2022\/02\/mumbai-390928_1280.jpg","type":"image\/jpeg"}],"twitter_card":"summary_large_image","twitter_misc":{"Dur\u00e9e de lecture estim\u00e9e":"6 minutes"},"schema":{"@context":"https:\/\/schema.org","@graph":[{"@type":"WebPage","@id":"https:\/\/tiketi.com\/flying\/air-taxi\/india\/","url":"https:\/\/tiketi.com\/flying\/air-taxi\/india\/","name":"Book an Air Taxi in India Online | Cheap Flying Taxi Fares","isPartOf":{"@id":"https:\/\/tiketi.com\/#website"},"primaryImageOfPage":{"@id":"https:\/\/tiketi.com\/flying\/air-taxi\/india\/#primaryimage"},"image":{"@id":"https:\/\/tiketi.com\/flying\/air-taxi\/india\/#primaryimage"},"thumbnailUrl":"https:\/\/tiketi.com\/wp-content\/uploads\/2022\/02\/mumbai-390928_1280.jpg","datePublished":"2022-01-19T11:53:45+00:00","dateModified":"2025-07-09T20:08:20+00:00","description":"Book an air taxi in India online with our app. Compare routes, fares, & flight tickets for air taxis, & find affordable flying taxi options","breadcrumb":{"@id":"https:\/\/tiketi.com\/flying\/air-taxi\/india\/#breadcrumb"},"inLanguage":"fr-FR","potentialAction":[{"@type":"ReadAction","target":["https:\/\/tiketi.com\/flying\/air-taxi\/india\/"]}]},{"@type":"ImageObject","inLanguage":"fr-FR","@id":"https:\/\/tiketi.com\/flying\/air-taxi\/india\/#primaryimage","url":"https:\/\/tiketi.com\/wp-content\/uploads\/2022\/02\/mumbai-390928_1280.jpg","contentUrl":"https:\/\/tiketi.com\/wp-content\/uploads\/2022\/02\/mumbai-390928_1280.jpg","width":1200,"height":224,"caption":"Air Taxi in Mumbai"},{"@type":"BreadcrumbList","@id":"https:\/\/tiketi.com\/flying\/air-taxi\/india\/#breadcrumb","itemListElement":[{"@type":"ListItem","position":1,"name":"Home","item":"https:\/\/tiketi.com\/"},{"@type":"ListItem","position":2,"name":"Flying","item":"https:\/\/tiketi.com\/fr-fr\/volants\/"},{"@type":"ListItem","position":3,"name":"Air Taxi","item":"https:\/\/tiketi.com\/flying\/air-taxi\/"},{"@type":"ListItem","position":4,"name":"Fly Over India\u2019s Roads \u2013 Easy Air Taxi India Online Bookings"}]},{"@type":"WebSite","@id":"https:\/\/tiketi.com\/#website","url":"https:\/\/tiketi.com\/","name":"Billets d&#039;avion et de bus, forfaits touristiques et activit\u00e9s - Tiketi.com","description":"Billets d&#039;avion et de bus, Tours, Activit\u00e9s","publisher":{"@id":"https:\/\/tiketi.com\/#organization"},"potentialAction":[{"@type":"SearchAction","target":{"@type":"EntryPoint","urlTemplate":"https:\/\/tiketi.com\/?s={search_term_string}"},"query-input":{"@type":"PropertyValueSpecification","valueRequired":true,"valueName":"search_term_string"}}],"inLanguage":"fr-FR"},{"@type":"Organization","@id":"https:\/\/tiketi.com\/#organization","name":"Tiketi.com","alternateName":"Tiketi","url":"https:\/\/tiketi.com\/","logo":{"@type":"ImageObject","inLanguage":"fr-FR","@id":"https:\/\/tiketi.com\/#\/schema\/logo\/image\/","url":"https:\/\/tiketi.com\/wp-content\/uploads\/2019\/05\/tiketi-logo-696.png","contentUrl":"https:\/\/tiketi.com\/wp-content\/uploads\/2019\/05\/tiketi-logo-696.png","width":696,"height":696,"caption":"Tiketi.com"},"image":{"@id":"https:\/\/tiketi.com\/#\/schema\/logo\/image\/"},"sameAs":["https:\/\/www.facebook.com\/TiketiCom\/"]}]}},"_links":{"self":[{"href":"https:\/\/tiketi.com\/fr-fr\/wp-json\/wp\/v2\/pages\/10743","targetHints":{"allow":["GET"]}}],"collection":[{"href":"https:\/\/tiketi.com\/fr-fr\/wp-json\/wp\/v2\/pages"}],"about":[{"href":"https:\/\/tiketi.com\/fr-fr\/wp-json\/wp\/v2\/types\/page"}],"author":[{"embeddable":true,"href":"https:\/\/tiketi.com\/fr-fr\/wp-json\/wp\/v2\/users\/1"}],"replies":[{"embeddable":true,"href":"https:\/\/tiketi.com\/fr-fr\/wp-json\/wp\/v2\/comments?post=10743"}],"version-history":[{"count":8,"href":"https:\/\/tiketi.com\/fr-fr\/wp-json\/wp\/v2\/pages\/10743\/revisions"}],"predecessor-version":[{"id":31856,"href":"https:\/\/tiketi.com\/fr-fr\/wp-json\/wp\/v2\/pages\/10743\/revisions\/31856"}],"up":[{"embeddable":true,"href":"https:\/\/tiketi.com\/fr-fr\/wp-json\/wp\/v2\/pages\/25621"}],"wp:featuredmedia":[{"embeddable":true,"href":"https:\/\/tiketi.com\/fr-fr\/wp-json\/wp\/v2\/media\/16441"}],"wp:attachment":[{"href":"https:\/\/tiketi.com\/fr-fr\/wp-json\/wp\/v2\/media?parent=10743"}],"curies":[{"name":"wp","href":"https:\/\/api.w.org\/{rel}","templated":true}]}}