{"id":10744,"date":"2022-01-19T12:53:45","date_gmt":"2022-01-19T11:53:45","guid":{"rendered":"https:\/\/new.tiketi.com\/florida-air-taxi-booking-app-electric-flying-taxis\/"},"modified":"2025-07-22T10:07:19","modified_gmt":"2025-07-22T09:07:19","slug":"florida","status":"publish","type":"page","link":"https:\/\/tiketi.com\/fr-fr\/volants\/taxi-aerien\/florida\/","title":{"rendered":"Fly Over Florida\u2019s Roads \u2013 Easy Air Taxi Florida Online Bookings"},"content":{"rendered":"<h2 id=\"electric-dubai-air-taxi-booking-app\" class=\"wp-block-heading\">Book a Flying Taxi in Florida \u2013 Fast, Green, and Affordable Urban Travel<\/h2>\r\n<p>The Cheap air taxi in Florida online booking app allows users to easily reserve helicopter and flying taxi flight tickets. Air taxis in Florida make it possible to travel quickly and affordably across the city. Known as &#8220;The Sunshine State&#8221;, Florida is largely targeted on the visitor trade. The beaches are one of the most famous tourist attractions Florida, along with some of the globe top known theme parks, including Universal Studios, Disney World, and SeaWorld. Anyway, some of the state top secrets are in secluded places away from visitor areas and well value viewing. Regardless of preference Florida has something to offer for any type of visitors. As with so many other things you will be able to make anytime and anywhere drone air taxi in Florida online booking for your electric air taxi flight.Just like many other services, you&#8217;ll be able to make a Florida air taxi booking anytime, anywhere, through the app for your electric air taxi flight.<\/p>\r\n<h2>Pourquoi choisir un taxi volant ?<\/h2>\r\n<ul>\r\n<li>S<strong>ave Time<\/strong> \u2013 Cut hour-long drives to under 10 minutes<\/li>\r\n<li><strong>\u00c9cologique et silencieux<\/strong> \u2013 Fully electric aircraft with minimal noise and zero emissions<\/li>\r\n<li><strong>S\u00e9curit\u00e9 certifi\u00e9e<\/strong> \u2013 All flights operated by licensed pilots using FAA-approved equipment<\/li>\r\n<li><strong>Seamless Convenience<\/strong> \u2013 Book on the go and arrive stress-free<\/li>\r\n<\/ul>\r\n<h2>Comment fonctionne notre service de taxi a\u00e9rien ?<\/h2>\r\n<p>R\u00e9server votre taxi a\u00e9rien est aussi simple que de r\u00e9server une course\u00a0:<\/p>\r\n<ol>\r\n<li><strong>Ouvrez le <a href=\"https:\/\/tiketi.com\/fr-fr\/download-tiketi-app\/\" target=\"_blank\" rel=\"noopener\">Application Tiketi<\/a> ou site Web<\/strong><\/li>\r\n<li><strong>Choisissez votre d\u00e9part<\/strong> from one of Florida\u2019s many helipads or upcoming vertiports (e.g., Downtown Florida, Florida International Airport, Florida Marina)<\/li>\r\n<li><strong>Choisissez votre avion<\/strong> \u2013 Choisissez un \u00e9l\u00e9gant taxi a\u00e9rien tout \u00e9lectrique \u00e0 2 ou 4 places<\/li>\r\n<li><strong>Confirmer et partir<\/strong> \u2013 Votre vol est r\u00e9serv\u00e9 en temps r\u00e9el et votre point d&#039;embarquement est pr\u00eat quand vous l&#039;\u00eates.<\/li>\r\n<\/ol>\r\n<p>You&#8217;ll fly high above traffic jams, gridlock, and construction zones while enjoying aerial views of Florida\u2019s iconic scenery\u2014from Biscayne Bay to the Everglades to the Gulf Coast.<\/p>\r\n<h2>Flying Taxi Routes in Florida &#8211; High-Flying Connections<\/h2>\r\n<p>Florida\u2019s eVTOL network is already taking shape with key city-to-city and intra-city connections:<\/p>\r\n<h3>South Florida<\/h3>\r\n<ul>\r\n<li><strong>Miami International Airport \u2192 Downtown\/Brickell<\/strong> \u2013 ~6 minutes (vs. 30\u201345 mins by car)<\/li>\r\n<li><strong>Downtown Miami \u2192 Fort Lauderdale Airport<\/strong> \u2013 environ 12 minutes<\/li>\r\n<li><strong>Miami \u2192 West Palm Beach<\/strong> \u2013 ~25\u201330 minutes<\/li>\r\n<\/ul>\r\n<h3>Central Florida<\/h3>\r\n<ul>\r\n<li><strong>Orlando International Airport<\/strong> \u2192 Downtown Orlando \u2013 ~7 minutes<\/li>\r\n<li><strong>Orlando \u2192 Disney World Area<\/strong> \u2013 ~9 minutes<\/li>\r\n<li><strong>Orlando \u2192 Tampa<\/strong> \u2013 ~30\u201335 minutes (vs. 90+ minutes on I-4)<\/li>\r\n<\/ul>\r\n<h3>West Coast<\/h3>\r\n<ul>\r\n<li><strong>Tampa \u2192 St. Petersburg<\/strong> \u2013 ~10 minutes over the bay (vs. 30\u201360 minutes by car)<\/li>\r\n<li><strong>Tampa Airport \u2192 Clearwater<\/strong> \u2013 environ 12 minutes<\/li>\r\n<\/ul>\r\n<p>More routes are on the way, connecting key business, tourism, and commuter corridors across the state.<\/p>\r\n<h2>Options de tarification et de r\u00e9servation des taxis volants<\/h2>\r\n<p>We\u2019re making air travel accessible\u2014not just exclusive:<\/p>\r\n<ul>\r\n<li><strong>Tarifs actuels\u00a0:<\/strong> ~$6.00 per passenger-mile (dropping to ~$2.50 as scale grows)<\/li>\r\n<li><strong>Exemple:<\/strong> <strong>Downtown Miami to Fort Lauderdale<\/strong> (~20 miles) = $50\u2013$120 per passenger. Similar to premium car services, but 3\u20134x faster<\/li>\r\n<\/ul>\r\n<p>\u00c0 venir:<\/p>\r\n<ul>\r\n<li><strong>Commuter packages<\/strong><\/li>\r\n<li><strong>Tourist bundles (e.g., cruise ship terminals \u2192 airports)<\/strong><\/li>\r\n<li><strong>Group &amp; corporate discounts<\/strong><\/li>\r\n<\/ul>\r\n<h2>Who\u2019s Making It Happen?<\/h2>\r\n<p>Florida is at the forefront of the aerial mobility revolution thanks to public and private partnerships:<\/p>\r\n<ul>\r\n<li><strong>Joby Aviation + Delta Air Lines<\/strong> \u2013 Launching premium eVTOL services from Miami and Orlando airports by 2026<\/li>\r\n<li><strong>Lilium (Orlando-based)<\/strong> \u2013 Building its first U.S. vertiport at Lake Nona, near Orlando International Airport<\/li>\r\n<li><strong>Archer Aviation<\/strong> \u2013 Partnering with United Airlines to launch routes connecting South Florida\u2019s major hubs<\/li>\r\n<li><strong>Skyports + FAA + Florida DOT<\/strong> \u2013 Developing a statewide vertiport network and integrating with public transit systems<\/li>\r\n<\/ul>\r\n<h3>Ready to Take Off?<\/h3>\r\n<p>Whether you\u2019re a busy executive, a theme park traveler, or a daily commuter tired of the gridlock, Florida\u2019s new eVTOL air taxis are here to change how you move. Skip the traffic. Fly the future.<\/p>\r\n<h2><span style=\"font-size: 16px;\">\r\n\r\n<\/span><\/h2>\r\n<h2>Foire aux questions<\/h2>\r\n<h3>Pourquoi prendre un taxi a\u00e9rien ?<\/h3>\r\n<p>From Miami to Orlando to Tampa Bay, Florida is a state full of sunshine, world-class beaches, theme parks, and vibrant nightlife. But there\u2019s a darker side to the Sunshine State\u2014traffic congestion that just won\u2019t quit. Whether it\u2019s I-95 in Miami, I-4 in Orlando, or I-275 in Tampa, Floridians spend countless hours stuck in cars, watching the minutes (and their patience) slip away.<br \/>So why waste your time on the road when you could fly over it? With the launch of eVTOL (electric vertical takeoff and landing) air taxis, getting around Florida\u2019s busiest metro areas is about to become faster, quieter, and greener.<\/p>\r\n<h3>Est-ce s\u00fbr?<\/h3>\r\n<p>Oui. Tous les vols sont pilot\u00e9s par des professionnels certifi\u00e9s et respectent les normes de s\u00e9curit\u00e9 les plus strictes, avec de multiples syst\u00e8mes de s\u00e9curit\u00e9 redondants int\u00e9gr\u00e9s.<\/p>\r\n<h3>Les vols peuvent-ils \u00eatre assur\u00e9s par mauvais temps\u00a0?<\/h3>\r\n<p>Votre s\u00e9curit\u00e9 est notre priorit\u00e9 absolue. En cas d&#039;intemp\u00e9ries, nous vous en informerons imm\u00e9diatement et vous aiderons \u00e0 reporter votre r\u00e9servation ou \u00e0 obtenir un remboursement int\u00e9gral.<\/p>\r\n<h3>Puis-je apporter des bagages ?<\/h3>\r\n<p>Les bagages \u00e0 main sont les bienvenus. Pour les objets plus volumineux, nous organiserons leur transport terrestre jusqu&#039;\u00e0 votre destination.<\/p>\r\n\r\n\r\n\r\n<h2 class=\"wp-block-heading\" id=\"here-are-some-of-the-best-advantages-of-electric-flying-taxi-in-florida\">Voici quelques-uns des meilleurs avantages du taxi volant \u00e9lectrique en Floride<\/h2>\r\n\r\n\r\n\r\n<h3 class=\"wp-block-heading\" id=\"electric-air-taxis-in-florida-is-new-type-of-mobility\">What makes electric air taxis in Florida a new era of mobility?<\/h3>\r\n\r\n\r\n\r\n<p>Les drones passagers offriront une nouvelle fa\u00e7on de parcourir de petites distances gr\u00e2ce \u00e0 la r\u00e9servation en ligne de taxi drone en Floride. Imaginez si nous pouvons voyager comme les Jetson. Bien que les capacit\u00e9s des drones passagers restent incertaines, cela r\u00e9duira certainement de moiti\u00e9 le temps de trajet et sera c\u00e9l\u00e8bre parmi les personnes qui veulent rejeter le trafic \u00e9lev\u00e9. Moins cher que les jets priv\u00e9s.<\/p>\r\n\r\n\r\n\r\n<p>Il n&#039;y a aucun moyen de le dire avec certitude au d\u00e9part, mais \u00e0 mesure que la technologie gagne du terrain, elle remplacera les jets priv\u00e9s.<\/p>\r\n\r\n\r\n\r\n<h3 class=\"wp-block-heading\" id=\"sell-electric-air-taxis-in-florida-premium-packages\">Why should I choose a premium package for electric air taxis in Florida?<\/h3>\r\n\r\n\r\n\r\n<p>Les compagnies a\u00e9riennes peuvent \u00e9galement y voir une chance de vendre des forfaits contenant le transport de passagers par drone, comme un transfert rapide vers et depuis l&#039;a\u00e9roport. L&#039;avenir, lorsque la technologie deviendra plus courante, les passagers autonomes des taxis volants \u00e9lectriques dans les drones de Floride peuvent \u00eatre un service \u00e9conomique de navette.<\/p>\r\n\r\n\r\n\r\n<p>Les taxis volants \u00e9lectriques en Floride pourraient \u00e9galement \u00eatre ajout\u00e9s au programme de fid\u00e9lit\u00e9 des compagnies a\u00e9riennes o\u00f9 les passagers peuvent accumuler des miles ou des points similaires \u00e0 leurs voyages en avion.<\/p>\r\n\r\n\r\n\r\n<h3 class=\"wp-block-heading\" id=\"electric-flying-taxi-in-florida-are-eco-friendly\">\u00a0Are electric flying taxis in Florida eco-friendly?<\/h3>\r\n\r\n\r\n\r\n<p>Alors que les h\u00e9licopt\u00e8res, les jets et les avions utilisent du carburant pour voler, presque tous les drones actuellement en cours de d\u00e9veloppement utilisent l&#039;\u00e9lectricit\u00e9, ce qui les rend sans \u00e9missions et respectueux de l&#039;environnement. C&#039;est un meilleur choix dans une soci\u00e9t\u00e9 qui se tourne vers les technologies vertes.<\/p>\r\n\r\n\r\n\r\n<p>Quoi qu&#039;il en soit, l&#039;id\u00e9e de navettes de drones amenant les visiteurs d&#039;un point A \u00e0 un point B n&#039;est plus le fruit de notre imagination gr\u00e2ce \u00e0 l&#039;application de taxi volant \u00e9lectrique en Floride.<\/p>\r\n<h3>Combien co\u00fbtera un taxi volant \u00e9lectrique en Floride ?<\/h3>\r\n\r\n\r\n\r\n<p>Au d\u00e9part, les drones taxis \u00e9lectriques en Floride co\u00fbteront environ $5,73 par passager-mile. Vous pouvez facilement r\u00e9server des billets d&#039;avion en taxi a\u00e9rien pour drone via l&#039;application de taxi a\u00e9rien \u00e9lectrique. Le prix des taxis volants en Floride chutera alors \u00e0 $1,85 par mile passager avant d&#039;atteindre finalement le tarif incroyable du client de $0,44 par mile.<\/p>\r\n\r\n\r\n\r\n<h3 class=\"wp-block-heading\" id=\"advantages-of-electric-florida-air-taxi-booking-app\">What are the advantages of using the electric Florida air taxi booking app?<\/h3>\r\n\r\n\r\n\r\n<p>Parmi ses autres avantages, le taxi volant \u00e9lectrique en Floride pourrait fournir un boom \u00e9conomique en augmentant le nombre de personnes se dirigeant vers des lieux de loisirs et de tourisme \u00e9loign\u00e9s des grands a\u00e9roports.<\/p>\r\n\r\n\r\n\r\n<h3 id=\"would-drone-air-taxi-in-dubai-online-booking-app-be-used-to-book-a-electric-air-taxi-flight\" class=\"wp-block-heading\">Can the air taxis in Florida online booking app be used to reserve electric air taxi flight tickets?<\/h3>\r\n\r\n\r\n\r\n<p>Oui, les clients peuvent utiliser de mani\u00e8re transparente l&#039;application de r\u00e9servation de taxis a\u00e9riens \u00e9lectriques en Floride pour trouver le meilleur itin\u00e9raire et r\u00e9server des billets d&#039;avion de taxis a\u00e9riens \u00e9lectriques en Floride \u00e0 tout moment et n&#039;importe o\u00f9.<\/p>\r\n<h2>Autres vols populaires en taxi a\u00e9rien<\/h2>\r\n<table border=\"0\" cellspacing=\"1\" cellpadding=\"1\">\r\n<tbody>\r\n<tr>\r\n<td>Bon march\u00e9 <a href=\"https:\/\/tiketi.com\/fr-fr\/volants\/taxi-aerien\/new-york-nyc\/\" target=\"_blank\" rel=\"noopener\">taxi a\u00e9rien \u00e0 New York<\/a><\/td>\r\n<td style=\"width: 30px;\">\u00a0<\/td>\r\n<td>Bon march\u00e9 <a href=\"https:\/\/tiketi.com\/fr-fr\/volants\/taxi-aerien\/miami\/\" target=\"_blank\" rel=\"noopener\">taxi a\u00e9rien \u00e0 Miami<\/a><\/td>\r\n<td style=\"width: 30px;\">\u00a0<\/td>\r\n<td>Bon march\u00e9 <a href=\"https:\/\/tiketi.com\/fr-fr\/volants\/taxi-aerien\/los-angeles\/\" target=\"_blank\" rel=\"noopener\">taxi a\u00e9rien \u00e0 Los Angeles<\/a><\/td>\r\n<\/tr>\r\n<tr>\r\n<td>Bon march\u00e9 <a href=\"https:\/\/tiketi.com\/fr-fr\/volants\/taxi-aerien\/san-francisco\/\" target=\"_blank\" rel=\"noopener\">taxi a\u00e9rien \u00e0 San Francisco<\/a><\/td>\r\n<td style=\"width: 30px;\">\u00a0<\/td>\r\n<td>Bon march\u00e9 <a href=\"https:\/\/tiketi.com\/fr-fr\/volants\/taxi-aerien\/philadelphia\/\" target=\"_blank\" rel=\"noopener\">taxi a\u00e9rien \u00e0 Philadelphie<\/a><\/td>\r\n<td style=\"width: 30px;\">\u00a0<\/td>\r\n<td>Bon march\u00e9 <a href=\"https:\/\/tiketi.com\/fr-fr\/volants\/taxi-aerien\/washington-dc\/\" target=\"_blank\" rel=\"noopener\">taxi a\u00e9rien \u00e0 Washington DC<\/a><\/td>\r\n<\/tr>\r\n<tr>\r\n<td>Bon march\u00e9 <a href=\"https:\/\/tiketi.com\/fr-fr\/volants\/taxi-aerien\/orlando\/\" target=\"_blank\" rel=\"noopener\">air taxi in Orlando<\/a><\/td>\r\n<td style=\"width: 30px;\">\u00a0<\/td>\r\n<td>Bon march\u00e9 <a href=\"https:\/\/tiketi.com\/fr-fr\/volants\/taxi-aerien\/chicago\/\" target=\"_blank\" rel=\"noopener\">taxi a\u00e9rien \u00e0 Chicago<\/a><\/td>\r\n<td style=\"width: 30px;\">\u00a0<\/td>\r\n<td>Bon march\u00e9 <a href=\"https:\/\/tiketi.com\/fr-fr\/volants\/taxi-aerien\/california\/\" target=\"_blank\" rel=\"noopener\">taxi a\u00e9rien en Californie<\/a><\/td>\r\n<\/tr>\r\n<\/tbody>\r\n<\/table>\r\n<p><\/p>\r\n<p>&nbsp;<\/p>\r\n<p>&nbsp;<\/p>","protected":false},"excerpt":{"rendered":"<p>Book a Flying Taxi in Florida \u2013 Fast, Green, and Affordable Urban Travel The Cheap air taxi in Florida online booking app allows users to easily reserve helicopter and flying taxi flight tickets. Air taxis in Florida make it possible to travel quickly and affordably across the city. Known as &#8220;The Sunshine State&#8221;, Florida is [&hellip;]<\/p>\n","protected":false},"author":1,"featured_media":16816,"parent":25621,"menu_order":0,"comment_status":"open","ping_status":"closed","template":"template-home-modern.php","meta":{"footnotes":""},"class_list":["post-10744","page","type-page","status-publish","has-post-thumbnail","hentry"],"yoast_head":"<!-- This site is optimized with the Yoast SEO plugin v27.2 - https:\/\/yoast.com\/product\/yoast-seo-wordpress\/ -->\n<title>Book an Air Taxi in Florida Online | Cheap Flying Taxi Fares<\/title>\n<meta name=\"description\" content=\"Book an air taxi in Florida online with our app. Compare routes, fares, &amp; flight tickets for air taxis, &amp; find affordable flying taxi options\" \/>\n<meta name=\"robots\" content=\"index, follow, max-snippet:-1, max-image-preview:large, max-video-preview:-1\" \/>\n<link rel=\"canonical\" href=\"https:\/\/tiketi.com\/fr-fr\/volants\/taxi-aerien\/florida\/\" \/>\n<meta property=\"og:locale\" content=\"fr_FR\" \/>\n<meta property=\"og:type\" content=\"article\" \/>\n<meta property=\"og:title\" content=\"Book an Air Taxi in Florida Online | Cheap Flying Taxi Fares\" \/>\n<meta property=\"og:description\" content=\"Book an air taxi in Florida online with our app. Compare routes, fares, &amp; flight tickets for air taxis, &amp; find affordable flying taxi options\" \/>\n<meta property=\"og:url\" content=\"https:\/\/tiketi.com\/fr-fr\/volants\/taxi-aerien\/florida\/\" \/>\n<meta property=\"og:site_name\" content=\"Tiketi.com\" \/>\n<meta property=\"article:publisher\" content=\"https:\/\/www.facebook.com\/TiketiCom\/\" \/>\n<meta property=\"article:modified_time\" content=\"2025-07-22T09:07:19+00:00\" \/>\n<meta property=\"og:image\" content=\"https:\/\/tiketi.com\/wp-content\/uploads\/2022\/02\/miami-panorama-2117310_1280.jpg\" \/>\n\t<meta property=\"og:image:width\" content=\"1200\" \/>\n\t<meta property=\"og:image:height\" content=\"201\" \/>\n\t<meta property=\"og:image:type\" content=\"image\/jpeg\" \/>\n<meta name=\"twitter:card\" content=\"summary_large_image\" \/>\n<meta name=\"twitter:label1\" content=\"Dur\u00e9e de lecture estim\u00e9e\" \/>\n\t<meta name=\"twitter:data1\" content=\"6 minutes\" \/>\n<script type=\"application\/ld+json\" class=\"yoast-schema-graph\">{\"@context\":\"https:\/\/schema.org\",\"@graph\":[{\"@type\":\"WebPage\",\"@id\":\"https:\/\/tiketi.com\/flying\/air-taxi\/florida\/\",\"url\":\"https:\/\/tiketi.com\/flying\/air-taxi\/florida\/\",\"name\":\"Book an Air Taxi in Florida Online | Cheap Flying Taxi Fares\",\"isPartOf\":{\"@id\":\"https:\/\/tiketi.com\/#website\"},\"primaryImageOfPage\":{\"@id\":\"https:\/\/tiketi.com\/flying\/air-taxi\/florida\/#primaryimage\"},\"image\":{\"@id\":\"https:\/\/tiketi.com\/flying\/air-taxi\/florida\/#primaryimage\"},\"thumbnailUrl\":\"https:\/\/tiketi.com\/wp-content\/uploads\/2022\/02\/miami-panorama-2117310_1280.jpg\",\"datePublished\":\"2022-01-19T11:53:45+00:00\",\"dateModified\":\"2025-07-22T09:07:19+00:00\",\"description\":\"Book an air taxi in Florida online with our app. Compare routes, fares, & flight tickets for air taxis, & find affordable flying taxi options\",\"breadcrumb\":{\"@id\":\"https:\/\/tiketi.com\/flying\/air-taxi\/florida\/#breadcrumb\"},\"inLanguage\":\"fr-FR\",\"potentialAction\":[{\"@type\":\"ReadAction\",\"target\":[\"https:\/\/tiketi.com\/flying\/air-taxi\/florida\/\"]}]},{\"@type\":\"ImageObject\",\"inLanguage\":\"fr-FR\",\"@id\":\"https:\/\/tiketi.com\/flying\/air-taxi\/florida\/#primaryimage\",\"url\":\"https:\/\/tiketi.com\/wp-content\/uploads\/2022\/02\/miami-panorama-2117310_1280.jpg\",\"contentUrl\":\"https:\/\/tiketi.com\/wp-content\/uploads\/2022\/02\/miami-panorama-2117310_1280.jpg\",\"width\":1200,\"height\":201,\"caption\":\"Taxi in Miami\"},{\"@type\":\"BreadcrumbList\",\"@id\":\"https:\/\/tiketi.com\/flying\/air-taxi\/florida\/#breadcrumb\",\"itemListElement\":[{\"@type\":\"ListItem\",\"position\":1,\"name\":\"Home\",\"item\":\"https:\/\/tiketi.com\/\"},{\"@type\":\"ListItem\",\"position\":2,\"name\":\"Flying\",\"item\":\"https:\/\/tiketi.com\/fr-fr\/volants\/\"},{\"@type\":\"ListItem\",\"position\":3,\"name\":\"Air Taxi\",\"item\":\"https:\/\/tiketi.com\/flying\/air-taxi\/\"},{\"@type\":\"ListItem\",\"position\":4,\"name\":\"Fly Over Florida\u2019s Roads \u2013 Easy Air Taxi Florida Online Bookings\"}]},{\"@type\":\"WebSite\",\"@id\":\"https:\/\/tiketi.com\/#website\",\"url\":\"https:\/\/tiketi.com\/\",\"name\":\"Flight & Bus Tickets, Tour Packages & Activitites - Tiketi.com\",\"description\":\"Flight &amp; Bus Tickets, Tours, Activitites\",\"publisher\":{\"@id\":\"https:\/\/tiketi.com\/#organization\"},\"potentialAction\":[{\"@type\":\"SearchAction\",\"target\":{\"@type\":\"EntryPoint\",\"urlTemplate\":\"https:\/\/tiketi.com\/?s={search_term_string}\"},\"query-input\":{\"@type\":\"PropertyValueSpecification\",\"valueRequired\":true,\"valueName\":\"search_term_string\"}}],\"inLanguage\":\"fr-FR\"},{\"@type\":\"Organization\",\"@id\":\"https:\/\/tiketi.com\/#organization\",\"name\":\"Tiketi.com\",\"alternateName\":\"Tiketi\",\"url\":\"https:\/\/tiketi.com\/\",\"logo\":{\"@type\":\"ImageObject\",\"inLanguage\":\"fr-FR\",\"@id\":\"https:\/\/tiketi.com\/#\/schema\/logo\/image\/\",\"url\":\"https:\/\/tiketi.com\/wp-content\/uploads\/2019\/05\/tiketi-logo-696.png\",\"contentUrl\":\"https:\/\/tiketi.com\/wp-content\/uploads\/2019\/05\/tiketi-logo-696.png\",\"width\":696,\"height\":696,\"caption\":\"Tiketi.com\"},\"image\":{\"@id\":\"https:\/\/tiketi.com\/#\/schema\/logo\/image\/\"},\"sameAs\":[\"https:\/\/www.facebook.com\/TiketiCom\/\"]}]}<\/script>\n<!-- \/ Yoast SEO plugin. -->","yoast_head_json":{"title":"Book an Air Taxi in Florida Online | Cheap Flying Taxi Fares","description":"Book an air taxi in Florida online with our app. Compare routes, fares, & flight tickets for air taxis, & find affordable flying taxi options","robots":{"index":"index","follow":"follow","max-snippet":"max-snippet:-1","max-image-preview":"max-image-preview:large","max-video-preview":"max-video-preview:-1"},"canonical":"https:\/\/tiketi.com\/fr-fr\/volants\/taxi-aerien\/florida\/","og_locale":"fr_FR","og_type":"article","og_title":"Book an Air Taxi in Florida Online | Cheap Flying Taxi Fares","og_description":"Book an air taxi in Florida online with our app. Compare routes, fares, & flight tickets for air taxis, & find affordable flying taxi options","og_url":"https:\/\/tiketi.com\/fr-fr\/volants\/taxi-aerien\/florida\/","og_site_name":"Tiketi.com","article_publisher":"https:\/\/www.facebook.com\/TiketiCom\/","article_modified_time":"2025-07-22T09:07:19+00:00","og_image":[{"width":1200,"height":201,"url":"https:\/\/tiketi.com\/wp-content\/uploads\/2022\/02\/miami-panorama-2117310_1280.jpg","type":"image\/jpeg"}],"twitter_card":"summary_large_image","twitter_misc":{"Dur\u00e9e de lecture estim\u00e9e":"6 minutes"},"schema":{"@context":"https:\/\/schema.org","@graph":[{"@type":"WebPage","@id":"https:\/\/tiketi.com\/flying\/air-taxi\/florida\/","url":"https:\/\/tiketi.com\/flying\/air-taxi\/florida\/","name":"Book an Air Taxi in Florida Online | Cheap Flying Taxi Fares","isPartOf":{"@id":"https:\/\/tiketi.com\/#website"},"primaryImageOfPage":{"@id":"https:\/\/tiketi.com\/flying\/air-taxi\/florida\/#primaryimage"},"image":{"@id":"https:\/\/tiketi.com\/flying\/air-taxi\/florida\/#primaryimage"},"thumbnailUrl":"https:\/\/tiketi.com\/wp-content\/uploads\/2022\/02\/miami-panorama-2117310_1280.jpg","datePublished":"2022-01-19T11:53:45+00:00","dateModified":"2025-07-22T09:07:19+00:00","description":"Book an air taxi in Florida online with our app. Compare routes, fares, & flight tickets for air taxis, & find affordable flying taxi options","breadcrumb":{"@id":"https:\/\/tiketi.com\/flying\/air-taxi\/florida\/#breadcrumb"},"inLanguage":"fr-FR","potentialAction":[{"@type":"ReadAction","target":["https:\/\/tiketi.com\/flying\/air-taxi\/florida\/"]}]},{"@type":"ImageObject","inLanguage":"fr-FR","@id":"https:\/\/tiketi.com\/flying\/air-taxi\/florida\/#primaryimage","url":"https:\/\/tiketi.com\/wp-content\/uploads\/2022\/02\/miami-panorama-2117310_1280.jpg","contentUrl":"https:\/\/tiketi.com\/wp-content\/uploads\/2022\/02\/miami-panorama-2117310_1280.jpg","width":1200,"height":201,"caption":"Taxi in Miami"},{"@type":"BreadcrumbList","@id":"https:\/\/tiketi.com\/flying\/air-taxi\/florida\/#breadcrumb","itemListElement":[{"@type":"ListItem","position":1,"name":"Home","item":"https:\/\/tiketi.com\/"},{"@type":"ListItem","position":2,"name":"Flying","item":"https:\/\/tiketi.com\/fr-fr\/volants\/"},{"@type":"ListItem","position":3,"name":"Air Taxi","item":"https:\/\/tiketi.com\/flying\/air-taxi\/"},{"@type":"ListItem","position":4,"name":"Fly Over Florida\u2019s Roads \u2013 Easy Air Taxi Florida Online Bookings"}]},{"@type":"WebSite","@id":"https:\/\/tiketi.com\/#website","url":"https:\/\/tiketi.com\/","name":"Billets d&#039;avion et de bus, forfaits touristiques et activit\u00e9s - Tiketi.com","description":"Billets d&#039;avion et de bus, Tours, Activit\u00e9s","publisher":{"@id":"https:\/\/tiketi.com\/#organization"},"potentialAction":[{"@type":"SearchAction","target":{"@type":"EntryPoint","urlTemplate":"https:\/\/tiketi.com\/?s={search_term_string}"},"query-input":{"@type":"PropertyValueSpecification","valueRequired":true,"valueName":"search_term_string"}}],"inLanguage":"fr-FR"},{"@type":"Organization","@id":"https:\/\/tiketi.com\/#organization","name":"Tiketi.com","alternateName":"Tiketi","url":"https:\/\/tiketi.com\/","logo":{"@type":"ImageObject","inLanguage":"fr-FR","@id":"https:\/\/tiketi.com\/#\/schema\/logo\/image\/","url":"https:\/\/tiketi.com\/wp-content\/uploads\/2019\/05\/tiketi-logo-696.png","contentUrl":"https:\/\/tiketi.com\/wp-content\/uploads\/2019\/05\/tiketi-logo-696.png","width":696,"height":696,"caption":"Tiketi.com"},"image":{"@id":"https:\/\/tiketi.com\/#\/schema\/logo\/image\/"},"sameAs":["https:\/\/www.facebook.com\/TiketiCom\/"]}]}},"_links":{"self":[{"href":"https:\/\/tiketi.com\/fr-fr\/wp-json\/wp\/v2\/pages\/10744","targetHints":{"allow":["GET"]}}],"collection":[{"href":"https:\/\/tiketi.com\/fr-fr\/wp-json\/wp\/v2\/pages"}],"about":[{"href":"https:\/\/tiketi.com\/fr-fr\/wp-json\/wp\/v2\/types\/page"}],"author":[{"embeddable":true,"href":"https:\/\/tiketi.com\/fr-fr\/wp-json\/wp\/v2\/users\/1"}],"replies":[{"embeddable":true,"href":"https:\/\/tiketi.com\/fr-fr\/wp-json\/wp\/v2\/comments?post=10744"}],"version-history":[{"count":5,"href":"https:\/\/tiketi.com\/fr-fr\/wp-json\/wp\/v2\/pages\/10744\/revisions"}],"predecessor-version":[{"id":32070,"href":"https:\/\/tiketi.com\/fr-fr\/wp-json\/wp\/v2\/pages\/10744\/revisions\/32070"}],"up":[{"embeddable":true,"href":"https:\/\/tiketi.com\/fr-fr\/wp-json\/wp\/v2\/pages\/25621"}],"wp:featuredmedia":[{"embeddable":true,"href":"https:\/\/tiketi.com\/fr-fr\/wp-json\/wp\/v2\/media\/16816"}],"wp:attachment":[{"href":"https:\/\/tiketi.com\/fr-fr\/wp-json\/wp\/v2\/media?parent=10744"}],"curies":[{"name":"wp","href":"https:\/\/api.w.org\/{rel}","templated":true}]}}