{"id":10745,"date":"2022-01-19T12:53:45","date_gmt":"2022-01-19T11:53:45","guid":{"rendered":"https:\/\/new.tiketi.com\/hong-kong-air-taxi-booking-app-electric-flying-taxis\/"},"modified":"2025-07-09T20:50:59","modified_gmt":"2025-07-09T19:50:59","slug":"hong-kong","status":"publish","type":"page","link":"https:\/\/tiketi.com\/fr-fr\/volants\/taxi-aerien\/hong-kong\/","title":{"rendered":"Fly Over Hong Kong\u2019s Roads \u2013 Easy Air Taxi Hong Kong Online Bookings"},"content":{"rendered":"<h2 id=\"electric-india-air-taxi-booking-app\" class=\"wp-block-heading\">Book a Flying Taxi in Hong Kong \u2013 Fast, Green, and Affordable Urban Travel<\/h2>\r\n\r\n\r\n\r\n<p>The Cheap air taxi in Hong Kong online booking app allows users to easily reserve helicopter and flying taxi flight tickets. Air taxis in Hong Kong make it possible to travel quickly and affordably across the city. Autonomous air taxis in Hong Kong makes possible to travel cheap and fast in Hong Kong. Famed for its towering skyline that looks out Victoria Harbor, the Hong Kong city is a wonderful location to visit, combining culture, history, and entertainment in one amazing package. Once a British colony, Hong Kong was returned to China in 1977. As such, it developed an area identity that is different from that of the mainland. A fun place to visit, there are loads of amazing bars, restaurants, and fun choices accessible to visitors &#8211; such as Ocean Park and Disney land. Just like many other services, you\u2019ll be able to make a Hong Kong air taxi booking anytime, anywhere, through the app for your electric air taxi flight.<\/p>\r\n<h2>Why Choose Air Taxi in Hong Kong?<\/h2>\r\n<ul>\r\n<li><strong>Gagnez du temps<\/strong><br \/>Skip the Traffic \u2013 Travel Across Hong Kong in Minutes<br \/>Example: Hong Kong International Airport to Kowloon (~35 km) in just 12-15 minutes, compared to 30-60 minutes by car.<\/li>\r\n<li><strong>\u00c9cologique et silencieux<\/strong><br \/>Fly Green with Electric Air Taxis<br \/>Zero Emissions and Reduced Noise \u2013 A Sustainable Solution for Hong Kong<\/li>\r\n<li><strong>Safe &amp; Reliable<\/strong><br \/>Fly with Certified Pilots and Advanced Aircraft<\/li>\r\n<li><strong>Effortless Booking<\/strong><br \/>Book Your Flight in Just a Few Clicks \u2013 Anytime, Anywhere<\/li>\r\n<li><strong>Comfortable Experience<\/strong><br \/>Experience 2- and 4-Seater Aircraft for Your Comfort<\/li>\r\n<\/ul>\r\n\r\n\r\n\r\n<h2 class=\"wp-block-heading\">Affordable Air Taxi Prices in Hong Kong<\/h2>\r\n<h3>Tarifs actuels\u00a0:<\/h3>\r\n<p><strong>Exemple:<\/strong><\/p>\r\n<ul>\r\n<li><strong>Hong Kong International Airport \u2192 Kowloon<\/strong> (~35 km) = HKD 900<\/li>\r\n<li><strong>Central \u2192 Victoria Peak<\/strong> (~7 km) = HKD 450<\/li>\r\n<li><strong>Wan Chai \u2192 Tsim Sha Tsui<\/strong> (~3 km) = HKD 250<\/li>\r\n<\/ul>\r\n<h3>Future Pricing:<\/h3>\r\n<p>As demand increases, fares are expected to reduce, with shorter routes available from HKD 250.<\/p>\r\n<h2>How Our Hong Kong Air Taxi Booking Service Works<\/h2>\r\n<h3>Explore Convenient Air Taxi Routes Across Hong Kong<\/h3>\r\n<ul>\r\n<li><strong>Route 1: Hong Kong International Airport \u2192 Kowloon<\/strong><br \/>Time: ~12-15 minutes (vs. 30-60 minutes by car)<br \/>Price: HKD 900<\/li>\r\n<li><strong>Route 2: Central \u2192 Victoria Peak<\/strong><br \/>Time: ~5 minutes<br \/>Price: HKD 450<\/li>\r\n<li><strong>Route 3: Wan Chai \u2192 Tsim Sha Tsui<\/strong><br \/>Time: ~5 minutes<br \/>Price: HKD 250<\/li>\r\n<li><strong>Route 4: Future Routes (Coming Soon)<\/strong><\/li>\r\n<\/ul>\r\n<p>\u00a0 \u00a0 \u00a0 \u00a0 \u00a0 Hong Kong International \u2192 Discovery Bay (~10 minutes)<br \/>\u00a0 \u00a0 \u00a0 \u00a0 \u00a0 Central \u2192 Hong Kong Disneyland (~20 minutes)<\/p>\r\n<h2>Your Safety is Our Priority<\/h2>\r\n<p>Our electric air taxis are flown by certified pilots and adhere to the strictest safety standards in Hong Kong. With advanced navigation systems, redundant safety mechanisms, and thorough maintenance checks, we ensure a secure and comfortable journey.<\/p>\r\n<h2>Foire aux questions<\/h2>\r\n<h3>How much does an air taxi in Hong Kong cost?<\/h3>\r\n<p>The cost varies based on the route. For example, Hong Kong International to Kowloon costs HKD 900, while a short flight like Wan Chai to Tsim Sha Tsui costs around HKD 250.<\/p>\r\n<h3>How safe are air taxis?<\/h3>\r\n<p>All our flights are piloted by certified professionals, and our aircraft meet the highest safety standards to ensure your journey is secure.<\/p>\r\n<h3>How do I book an air taxi?<\/h3>\r\n<p>You can easily book your air taxi through our website or mobile app by selecting your departure and destination, picking a flight time, and confirming your booking.<\/p>\r\n<h3>Puis-je apporter des bagages ?<\/h3>\r\n<p>Yes, carry-on luggage is allowed. For larger items, we will arrange ground transportation to your destination.<\/p>\r\n<h2 id=\"here-are-some-of-the-best-advantages-of-electric-flying-taxi-in-hong-kong\" class=\"wp-block-heading\">Voici quelques-uns des meilleurs avantages du taxi volant \u00e9lectrique \u00e0 Hong Kong<\/h2>\r\n\r\n\r\n\r\n<h3 id=\"lower-cost-electric-flying-taxi-in-hong-kong-infrastructure\" class=\"wp-block-heading\">Taxi volant \u00e9lectrique \u00e0 moindre co\u00fbt dans les infrastructures de Hong Kong<\/h3>\r\n\r\n\r\n\r\n<p>Les taxis volants par drone \u00e0 Hong Kong repr\u00e9sentent le co\u00fbt d&#039;infrastructure le plus bas requis pour cr\u00e9er le syst\u00e8me. Les autoroutes ou les lignes ferroviaires \u00e0 grande vitesse repr\u00e9sentent de gros investissements qui peuvent prendre une d\u00e9cennie ou plus \u00e0 r\u00e9aliser, et ne fournissent ensuite qu&#039;une liaison rapide le long d&#039;itin\u00e9raires restreints.<\/p>\r\n\r\n\r\n\r\n<h3 id=\"electric-air-taxis-in-hong-kong-are-high-speed-public-transport\" class=\"wp-block-heading\">Les taxis a\u00e9riens \u00e9lectriques \u00e0 Hong Kong sont des transports publics \u00e0 grande vitesse<\/h3>\r\n\r\n\r\n\r\n<p>The best benefit of flying taxis in Hong Kong is its high speed. It is the quickest mode of transport in future and thus it is the most perfect mean where time is a vital factor. An all-electric Hong Kong air taxi vehicle with cruising speed of 150-200 miles per hour, a cruising altitude of 1,000 &#8211; 2,000 feet, and capable to make trips of up to sixty miles on a one charge. Electric air taxis in\u00a0Hong Kong convenience and mobility<\/p>\r\n<p>\r\n\r\n<\/p>\r\n<p>Electric electric flying taxi in Hong Kong hubs will be linked to other mobility choices &#8211; such as public transportation, ride-hailing services, scooters and transportation &#8211; to get passengers to their end destination. The broader aim of the service is to make a network that is perfect enough for people to use every day. How much will an electric flying\u00a0taxis in Hong Kong cost?<\/p>\r\n<p>\r\n\r\n<\/p>\r\n<h3 class=\"wp-block-heading\">Combien co\u00fbtera un taxi volant \u00e9lectrique \u00e0 Hong Kong ?<\/h3>\r\n<p>\r\n\r\n<\/p>\r\n<p>Initially, drone air taxis in Hong Kong will cost approximately $5.73 per passenger mile. The air taxi in Hong Kong price will then plummet to $1.85 per passenger mile before finally hitting the customer amazing fare rate of $0.44 per mile. You can easily book air taxi flight tickets through electric flying taxis in Hong Kong app.<\/p>\r\n<p>\r\n\r\n<\/p>\r\n<h2 id=\"advantages-of-electric-hong-kong-air-taxi-booking-app\" class=\"wp-block-heading\">Avantages du taxi a\u00e9rien \u00e9lectrique dans l&#039;application de r\u00e9servation de Hong Kong<\/h2>\r\n<p>\r\n\r\n<\/p>\r\n<p>Parmi ses autres avantages, la r\u00e9servation en ligne de taxis drones \u00e0 Hong Kong pourrait fournir un boom \u00e9conomique en augmentant le nombre de personnes se dirigeant vers des lieux de loisirs et de tourisme qui ne sont pas \u00e0 proximit\u00e9 des grands a\u00e9roports.<\/p>\r\n<p>\r\n\r\n<\/p>\r\n<h3 id=\"would-drone-air-taxi-in-hong-kong-online-booking-app-be-used-to-book-a-electric-air-taxi-flight\" class=\"wp-block-heading\">Can the air taxis in Hong Kong online booking app be used to reserve electric air taxi flight tickets?<\/h3>\r\n<p>\r\n\r\n<\/p>\r\n<p>Yes, customers can seamlessly use online electric Hong Kong air taxi booking app to find the best route and book electric\u00a0air taxis in Hong Kong flight tickets anytime and anywhere.<\/p>\r\n<h2>Autres vols populaires en taxi a\u00e9rien<\/h2>\r\n<table border=\"0\" cellspacing=\"1\" cellpadding=\"1\">\r\n<tbody>\r\n<tr>\r\n<td>Bon march\u00e9 <a href=\"https:\/\/tiketi.com\/fr-fr\/volants\/taxi-aerien\/shanghai\/\" target=\"_blank\" rel=\"noopener\">air taxi in Shanghai<\/a><\/td>\r\n<td style=\"width: 30px;\">\u00a0<\/td>\r\n<td>Bon march\u00e9 <a href=\"https:\/\/tiketi.com\/fr-fr\/volants\/taxi-aerien\/china\/\" target=\"_blank\" rel=\"noopener\">air taxi in China<\/a><\/td>\r\n<td style=\"width: 30px;\">\u00a0<\/td>\r\n<td>Bon march\u00e9 <a href=\"https:\/\/tiketi.com\/fr-fr\/volants\/taxi-aerien\/shenzhen\/\" target=\"_blank\" rel=\"noopener\">air taxi in Shenzhen<\/a><\/td>\r\n<\/tr>\r\n<tr>\r\n<td>Bon march\u00e9 <a href=\"https:\/\/tiketi.com\/fr-fr\/volants\/taxi-aerien\/chongqing\/\" target=\"_blank\" rel=\"noopener\">air taxi in Chongqing<\/a><\/td>\r\n<td style=\"width: 30px;\">\u00a0<\/td>\r\n<td>Bon march\u00e9 <a href=\"https:\/\/tiketi.com\/fr-fr\/volants\/taxi-aerien\/macau\/\" target=\"_blank\" rel=\"noopener\">air taxi in Macau<\/a><\/td>\r\n<td style=\"width: 30px;\">\u00a0<\/td>\r\n<td>Bon march\u00e9 <a href=\"https:\/\/tiketi.com\/fr-fr\/volants\/taxi-aerien\/beijing\/\" target=\"_blank\" rel=\"noopener\">air taxi in Beijing<\/a><\/td>\r\n<\/tr>\r\n<tr>\r\n<td>Bon march\u00e9 <a href=\"https:\/\/tiketi.com\/fr-fr\/volants\/taxi-aerien\/quanzhou\/\" target=\"_blank\" rel=\"noopener\">air taxi in Quanzhou<\/a><\/td>\r\n<td style=\"width: 30px;\">\u00a0<\/td>\r\n<td>Bon march\u00e9 <a href=\"https:\/\/tiketi.com\/fr-fr\/volants\/taxi-aerien\/chengdu\/\" target=\"_blank\" rel=\"noopener\">air taxi in Chengdu<\/a><\/td>\r\n<td style=\"width: 30px;\">\u00a0<\/td>\r\n<td>Bon march\u00e9 <a href=\"https:\/\/tiketi.com\/fr-fr\/volants\/taxi-aerien\/singapore\/\" target=\"_blank\" rel=\"noopener\">taxi a\u00e9rien \u00e0 Singapour<\/a><\/td>\r\n<\/tr>\r\n<\/tbody>\r\n<\/table>\r\n<p><\/p>","protected":false},"excerpt":{"rendered":"<p>Book a Flying Taxi in Hong Kong \u2013 Fast, Green, and Affordable Urban Travel The Cheap air taxi in Hong Kong online booking app allows users to easily reserve helicopter and flying taxi flight tickets. Air taxis in Hong Kong make it possible to travel quickly and affordably across the city. Autonomous air taxis in [&hellip;]<\/p>\n","protected":false},"author":1,"featured_media":14244,"parent":25621,"menu_order":0,"comment_status":"open","ping_status":"closed","template":"template-home-modern.php","meta":{"footnotes":""},"class_list":["post-10745","page","type-page","status-publish","has-post-thumbnail","hentry"],"yoast_head":"<!-- This site is optimized with the Yoast SEO plugin v27.2 - https:\/\/yoast.com\/product\/yoast-seo-wordpress\/ -->\n<title>Book an Air Taxi in Hong Kong | Cheap Flying Taxi Fares<\/title>\n<meta name=\"description\" content=\"Book an air taxi in Hong Kong online with our app. Compare routes, fares, &amp; flight tickets for air taxis, &amp; find affordable flying taxi options\" \/>\n<meta name=\"robots\" content=\"index, follow, max-snippet:-1, max-image-preview:large, max-video-preview:-1\" \/>\n<link rel=\"canonical\" href=\"https:\/\/tiketi.com\/fr-fr\/volants\/taxi-aerien\/hong-kong\/\" \/>\n<meta property=\"og:locale\" content=\"fr_FR\" \/>\n<meta property=\"og:type\" content=\"article\" \/>\n<meta property=\"og:title\" content=\"Book an Air Taxi in Hong Kong | Cheap Flying Taxi Fares\" \/>\n<meta property=\"og:description\" content=\"Book an air taxi in Hong Kong online with our app. Compare routes, fares, &amp; flight tickets for air taxis, &amp; find affordable flying taxi options\" \/>\n<meta property=\"og:url\" content=\"https:\/\/tiketi.com\/fr-fr\/volants\/taxi-aerien\/hong-kong\/\" \/>\n<meta property=\"og:site_name\" content=\"Tiketi.com\" \/>\n<meta property=\"article:publisher\" content=\"https:\/\/www.facebook.com\/TiketiCom\/\" \/>\n<meta property=\"article:modified_time\" content=\"2025-07-09T19:50:59+00:00\" \/>\n<meta property=\"og:image\" content=\"https:\/\/tiketi.com\/wp-content\/uploads\/2022\/01\/hong-kong-4370342_1280.jpg\" \/>\n\t<meta property=\"og:image:width\" content=\"1200\" \/>\n\t<meta property=\"og:image:height\" content=\"264\" \/>\n\t<meta property=\"og:image:type\" content=\"image\/jpeg\" \/>\n<meta name=\"twitter:card\" content=\"summary_large_image\" \/>\n<meta name=\"twitter:label1\" content=\"Dur\u00e9e de lecture estim\u00e9e\" \/>\n\t<meta name=\"twitter:data1\" content=\"5 minutes\" \/>\n<script type=\"application\/ld+json\" class=\"yoast-schema-graph\">{\"@context\":\"https:\/\/schema.org\",\"@graph\":[{\"@type\":\"WebPage\",\"@id\":\"https:\/\/tiketi.com\/flying\/air-taxi\/hong-kong\/\",\"url\":\"https:\/\/tiketi.com\/flying\/air-taxi\/hong-kong\/\",\"name\":\"Book an Air Taxi in Hong Kong | Cheap Flying Taxi Fares\",\"isPartOf\":{\"@id\":\"https:\/\/tiketi.com\/#website\"},\"primaryImageOfPage\":{\"@id\":\"https:\/\/tiketi.com\/flying\/air-taxi\/hong-kong\/#primaryimage\"},\"image\":{\"@id\":\"https:\/\/tiketi.com\/flying\/air-taxi\/hong-kong\/#primaryimage\"},\"thumbnailUrl\":\"https:\/\/tiketi.com\/wp-content\/uploads\/2022\/01\/hong-kong-4370342_1280.jpg\",\"datePublished\":\"2022-01-19T11:53:45+00:00\",\"dateModified\":\"2025-07-09T19:50:59+00:00\",\"description\":\"Book an air taxi in Hong Kong online with our app. Compare routes, fares, & flight tickets for air taxis, & find affordable flying taxi options\",\"breadcrumb\":{\"@id\":\"https:\/\/tiketi.com\/flying\/air-taxi\/hong-kong\/#breadcrumb\"},\"inLanguage\":\"fr-FR\",\"potentialAction\":[{\"@type\":\"ReadAction\",\"target\":[\"https:\/\/tiketi.com\/flying\/air-taxi\/hong-kong\/\"]}]},{\"@type\":\"ImageObject\",\"inLanguage\":\"fr-FR\",\"@id\":\"https:\/\/tiketi.com\/flying\/air-taxi\/hong-kong\/#primaryimage\",\"url\":\"https:\/\/tiketi.com\/wp-content\/uploads\/2022\/01\/hong-kong-4370342_1280.jpg\",\"contentUrl\":\"https:\/\/tiketi.com\/wp-content\/uploads\/2022\/01\/hong-kong-4370342_1280.jpg\",\"width\":1200,\"height\":264,\"caption\":\"Air Taxi in Hong Kong\"},{\"@type\":\"BreadcrumbList\",\"@id\":\"https:\/\/tiketi.com\/flying\/air-taxi\/hong-kong\/#breadcrumb\",\"itemListElement\":[{\"@type\":\"ListItem\",\"position\":1,\"name\":\"Home\",\"item\":\"https:\/\/tiketi.com\/\"},{\"@type\":\"ListItem\",\"position\":2,\"name\":\"Flying\",\"item\":\"https:\/\/tiketi.com\/fr-fr\/volants\/\"},{\"@type\":\"ListItem\",\"position\":3,\"name\":\"Air Taxi\",\"item\":\"https:\/\/tiketi.com\/flying\/air-taxi\/\"},{\"@type\":\"ListItem\",\"position\":4,\"name\":\"Fly Over Hong Kong\u2019s Roads \u2013 Easy Air Taxi Hong Kong Online Bookings\"}]},{\"@type\":\"WebSite\",\"@id\":\"https:\/\/tiketi.com\/#website\",\"url\":\"https:\/\/tiketi.com\/\",\"name\":\"Flight & Bus Tickets, Tour Packages & Activitites - Tiketi.com\",\"description\":\"Flight &amp; Bus Tickets, Tours, Activitites\",\"publisher\":{\"@id\":\"https:\/\/tiketi.com\/#organization\"},\"potentialAction\":[{\"@type\":\"SearchAction\",\"target\":{\"@type\":\"EntryPoint\",\"urlTemplate\":\"https:\/\/tiketi.com\/?s={search_term_string}\"},\"query-input\":{\"@type\":\"PropertyValueSpecification\",\"valueRequired\":true,\"valueName\":\"search_term_string\"}}],\"inLanguage\":\"fr-FR\"},{\"@type\":\"Organization\",\"@id\":\"https:\/\/tiketi.com\/#organization\",\"name\":\"Tiketi.com\",\"alternateName\":\"Tiketi\",\"url\":\"https:\/\/tiketi.com\/\",\"logo\":{\"@type\":\"ImageObject\",\"inLanguage\":\"fr-FR\",\"@id\":\"https:\/\/tiketi.com\/#\/schema\/logo\/image\/\",\"url\":\"https:\/\/tiketi.com\/wp-content\/uploads\/2019\/05\/tiketi-logo-696.png\",\"contentUrl\":\"https:\/\/tiketi.com\/wp-content\/uploads\/2019\/05\/tiketi-logo-696.png\",\"width\":696,\"height\":696,\"caption\":\"Tiketi.com\"},\"image\":{\"@id\":\"https:\/\/tiketi.com\/#\/schema\/logo\/image\/\"},\"sameAs\":[\"https:\/\/www.facebook.com\/TiketiCom\/\"]}]}<\/script>\n<!-- \/ Yoast SEO plugin. -->","yoast_head_json":{"title":"Book an Air Taxi in Hong Kong | Cheap Flying Taxi Fares","description":"Book an air taxi in Hong Kong online with our app. Compare routes, fares, & flight tickets for air taxis, & find affordable flying taxi options","robots":{"index":"index","follow":"follow","max-snippet":"max-snippet:-1","max-image-preview":"max-image-preview:large","max-video-preview":"max-video-preview:-1"},"canonical":"https:\/\/tiketi.com\/fr-fr\/volants\/taxi-aerien\/hong-kong\/","og_locale":"fr_FR","og_type":"article","og_title":"Book an Air Taxi in Hong Kong | Cheap Flying Taxi Fares","og_description":"Book an air taxi in Hong Kong online with our app. Compare routes, fares, & flight tickets for air taxis, & find affordable flying taxi options","og_url":"https:\/\/tiketi.com\/fr-fr\/volants\/taxi-aerien\/hong-kong\/","og_site_name":"Tiketi.com","article_publisher":"https:\/\/www.facebook.com\/TiketiCom\/","article_modified_time":"2025-07-09T19:50:59+00:00","og_image":[{"width":1200,"height":264,"url":"https:\/\/tiketi.com\/wp-content\/uploads\/2022\/01\/hong-kong-4370342_1280.jpg","type":"image\/jpeg"}],"twitter_card":"summary_large_image","twitter_misc":{"Dur\u00e9e de lecture estim\u00e9e":"5 minutes"},"schema":{"@context":"https:\/\/schema.org","@graph":[{"@type":"WebPage","@id":"https:\/\/tiketi.com\/flying\/air-taxi\/hong-kong\/","url":"https:\/\/tiketi.com\/flying\/air-taxi\/hong-kong\/","name":"Book an Air Taxi in Hong Kong | Cheap Flying Taxi Fares","isPartOf":{"@id":"https:\/\/tiketi.com\/#website"},"primaryImageOfPage":{"@id":"https:\/\/tiketi.com\/flying\/air-taxi\/hong-kong\/#primaryimage"},"image":{"@id":"https:\/\/tiketi.com\/flying\/air-taxi\/hong-kong\/#primaryimage"},"thumbnailUrl":"https:\/\/tiketi.com\/wp-content\/uploads\/2022\/01\/hong-kong-4370342_1280.jpg","datePublished":"2022-01-19T11:53:45+00:00","dateModified":"2025-07-09T19:50:59+00:00","description":"Book an air taxi in Hong Kong online with our app. Compare routes, fares, & flight tickets for air taxis, & find affordable flying taxi options","breadcrumb":{"@id":"https:\/\/tiketi.com\/flying\/air-taxi\/hong-kong\/#breadcrumb"},"inLanguage":"fr-FR","potentialAction":[{"@type":"ReadAction","target":["https:\/\/tiketi.com\/flying\/air-taxi\/hong-kong\/"]}]},{"@type":"ImageObject","inLanguage":"fr-FR","@id":"https:\/\/tiketi.com\/flying\/air-taxi\/hong-kong\/#primaryimage","url":"https:\/\/tiketi.com\/wp-content\/uploads\/2022\/01\/hong-kong-4370342_1280.jpg","contentUrl":"https:\/\/tiketi.com\/wp-content\/uploads\/2022\/01\/hong-kong-4370342_1280.jpg","width":1200,"height":264,"caption":"Air Taxi in Hong Kong"},{"@type":"BreadcrumbList","@id":"https:\/\/tiketi.com\/flying\/air-taxi\/hong-kong\/#breadcrumb","itemListElement":[{"@type":"ListItem","position":1,"name":"Home","item":"https:\/\/tiketi.com\/"},{"@type":"ListItem","position":2,"name":"Flying","item":"https:\/\/tiketi.com\/fr-fr\/volants\/"},{"@type":"ListItem","position":3,"name":"Air Taxi","item":"https:\/\/tiketi.com\/flying\/air-taxi\/"},{"@type":"ListItem","position":4,"name":"Fly Over Hong Kong\u2019s Roads \u2013 Easy Air Taxi Hong Kong Online Bookings"}]},{"@type":"WebSite","@id":"https:\/\/tiketi.com\/#website","url":"https:\/\/tiketi.com\/","name":"Billets d&#039;avion et de bus, forfaits touristiques et activit\u00e9s - Tiketi.com","description":"Billets d&#039;avion et de bus, Tours, Activit\u00e9s","publisher":{"@id":"https:\/\/tiketi.com\/#organization"},"potentialAction":[{"@type":"SearchAction","target":{"@type":"EntryPoint","urlTemplate":"https:\/\/tiketi.com\/?s={search_term_string}"},"query-input":{"@type":"PropertyValueSpecification","valueRequired":true,"valueName":"search_term_string"}}],"inLanguage":"fr-FR"},{"@type":"Organization","@id":"https:\/\/tiketi.com\/#organization","name":"Tiketi.com","alternateName":"Tiketi","url":"https:\/\/tiketi.com\/","logo":{"@type":"ImageObject","inLanguage":"fr-FR","@id":"https:\/\/tiketi.com\/#\/schema\/logo\/image\/","url":"https:\/\/tiketi.com\/wp-content\/uploads\/2019\/05\/tiketi-logo-696.png","contentUrl":"https:\/\/tiketi.com\/wp-content\/uploads\/2019\/05\/tiketi-logo-696.png","width":696,"height":696,"caption":"Tiketi.com"},"image":{"@id":"https:\/\/tiketi.com\/#\/schema\/logo\/image\/"},"sameAs":["https:\/\/www.facebook.com\/TiketiCom\/"]}]}},"_links":{"self":[{"href":"https:\/\/tiketi.com\/fr-fr\/wp-json\/wp\/v2\/pages\/10745","targetHints":{"allow":["GET"]}}],"collection":[{"href":"https:\/\/tiketi.com\/fr-fr\/wp-json\/wp\/v2\/pages"}],"about":[{"href":"https:\/\/tiketi.com\/fr-fr\/wp-json\/wp\/v2\/types\/page"}],"author":[{"embeddable":true,"href":"https:\/\/tiketi.com\/fr-fr\/wp-json\/wp\/v2\/users\/1"}],"replies":[{"embeddable":true,"href":"https:\/\/tiketi.com\/fr-fr\/wp-json\/wp\/v2\/comments?post=10745"}],"version-history":[{"count":4,"href":"https:\/\/tiketi.com\/fr-fr\/wp-json\/wp\/v2\/pages\/10745\/revisions"}],"predecessor-version":[{"id":31884,"href":"https:\/\/tiketi.com\/fr-fr\/wp-json\/wp\/v2\/pages\/10745\/revisions\/31884"}],"up":[{"embeddable":true,"href":"https:\/\/tiketi.com\/fr-fr\/wp-json\/wp\/v2\/pages\/25621"}],"wp:featuredmedia":[{"embeddable":true,"href":"https:\/\/tiketi.com\/fr-fr\/wp-json\/wp\/v2\/media\/14244"}],"wp:attachment":[{"href":"https:\/\/tiketi.com\/fr-fr\/wp-json\/wp\/v2\/media?parent=10745"}],"curies":[{"name":"wp","href":"https:\/\/api.w.org\/{rel}","templated":true}]}}