{"id":10748,"date":"2022-01-19T12:53:45","date_gmt":"2022-01-19T11:53:45","guid":{"rendered":"https:\/\/new.tiketi.com\/dubai-air-taxi-booking-app-electric-flying-taxis\/"},"modified":"2025-10-16T10:45:57","modified_gmt":"2025-10-16T08:45:57","slug":"dubai","status":"publish","type":"page","link":"https:\/\/tiketi.com\/fr-fr\/volants\/taxi-aerien\/dubai\/","title":{"rendered":"Fly Over Dubai\u2019s Roads \u2013 Easy Air Taxi Dubai Online Bookings"},"content":{"rendered":"<h2 class=\"wp-block-heading\">Book a Flying Taxi in Dubai \u2013 Safe, Fast, Eco-Friendly, and Affordable Urban Travel<\/h2>\r\n\r\n\r\n\r\n<p>The Cheap air taxi in Dubai online booking app allows users to easily reserve helicopter and flying taxi flight tickets. Air taxis in Dubai make it possible to travel quickly and affordably across the city. Dubai is the 4th most visited location in the planet and is popular for its high-rising architectural wonders and amazing collection of spas and resorts. It is a place that was once the talk of the town for its big tower Burj Al Arab, only to be changed by the Burj Khalifa and Palm Jumeirah. Definitely, it is a holiday experience taken to another level, where there exist world&#8217;s biggest gardens and markets, an entertaining venue packed with cultural shows, inside aquatic world and lots more. Just like many other services, you&#8217;ll be able to make a Dubai air taxi booking anytime, anywhere, through the app for your electric air taxi flight.<\/p>\r\n<h2>What are the benefits of flying taxis in Dubai?<\/h2>\r\n<ul>\r\n<li><strong>Gagnez du temps<\/strong> \u2013 Ce qui prenait 30 \u00e0 60 minutes en voiture peut d\u00e9sormais se faire en moins de 10 minutes par avion.<\/li>\r\n<li><strong>\u00c9cologique et silencieux<\/strong> \u2013 Nos avions \u00e9lectriques sont jusqu&#039;\u00e0 100 fois plus silencieux que les h\u00e9licopt\u00e8res traditionnels et ne produisent aucune \u00e9mission.<\/li>\r\n<li><strong>S\u00e9curit\u00e9 certifi\u00e9e<\/strong> \u2013 Nos avions sont pilot\u00e9s par des pilotes agr\u00e9\u00e9s et sont \u00e9quip\u00e9s de multiples syst\u00e8mes de s\u00e9curit\u00e9 redondants afin de garantir un voyage en toute s\u00e9curit\u00e9.<\/li>\r\n<li><strong>Comfortable Experience<\/strong> \u2013 D&#039;un simple clic, vous \u00eates parti \u2013 sans tracas, sans stress.<\/li>\r\n<li><strong>Effortless Booking<\/strong> \u2013 Book Your Flight in Just a Few Clicks \u2013 Anytime, Anywhere<\/li>\r\n<\/ul>\r\n<h2>Comment fonctionne notre service de taxi a\u00e9rien ?<\/h2>\r\n<p>R\u00e9server votre taxi a\u00e9rien est aussi simple que de r\u00e9server une course\u00a0:<\/p>\r\n<ol>\r\n<li><strong>Ouvrez le <a href=\"https:\/\/tiketi.com\/fr-fr\/download-tiketi-app\/\" target=\"_blank\" rel=\"noopener\">Application Tiketi<\/a> ou site Web<\/strong><\/li>\r\n<li><strong>Choisissez votre d\u00e9part<\/strong> from one of Dubai\u2019s many helipads or upcoming vertiports (e.g., Downtown Dubai, Dubai International Airport, Dubai Marina)<\/li>\r\n<li><strong>Choisissez votre avion<\/strong> \u2013 Choisissez un \u00e9l\u00e9gant taxi a\u00e9rien tout \u00e9lectrique \u00e0 2 ou 4 places<\/li>\r\n<li><strong>Confirmer et partir<\/strong> \u2013 Votre vol est r\u00e9serv\u00e9 en temps r\u00e9el et votre point d&#039;embarquement est pr\u00eat quand vous l&#039;\u00eates.<\/li>\r\n<\/ol>\r\n<p>In just a few minutes, you&#8217;re airborne\u2014gliding over Dubai\u2019s iconic skyline and avoiding the gridlock below.<\/p>\r\n<h2>Flying Taxi Routes in Dubai &#8211; High-Flying Connections<\/h2>\r\n<p>Dubai\u2019s aerial transport network is rapidly taking shape, with several major routes already under development:<\/p>\r\n<ul>\r\n<li><strong>A\u00e9roport international de Duba\u00ef<\/strong> \u2192 <strong>Marina de Duba\u00ef<\/strong> \u2013 ~8 minutes (vs. 30-45 minutes by road)<\/li>\r\n<li><strong>Downtown Dubai<\/strong> \u2192 <strong>A\u00e9roport international de Duba\u00ef<\/strong> \u2013 8\u201310 minutes<\/li>\r\n<li><strong>Future routes<\/strong> include <strong>Dubai \u2194 Abu Dhabi<\/strong> (~20 minutes)<\/li>\r\n<\/ul>\r\n<p>With strong backing from Dubai\u2019s aviation authorities, we expect these flying taxi routes to be operational within the next few years.<\/p>\r\n<h2>Options de tarification et de r\u00e9servation des taxis volants<\/h2>\r\n<p>Nos prix sont comp\u00e9titifs et con\u00e7us pour offrir un rapport qualit\u00e9-prix maximal\u00a0:<\/p>\r\n<ul>\r\n<li><strong>Introductory fares<\/strong> for inner-city routes (e.g., <strong>DXB \u2194 Palm Jumeirah<\/strong>) are expected to start around <strong>AED\u202f300\u2013350 (~USD 80\u201395)<\/strong>, with some estimates even suggesting promotional fares near <strong>AED\u202f150 (~USD\u202f40)<\/strong> for early luxury commutes.<\/li>\r\n<li>The fare from <strong>Dubai International to Dubai Marina<\/strong> (~20 miles) ranges from <strong>$115 to $230 (AED 420 to AED 850)<\/strong>, which is comparable to high-end taxi services.<\/li>\r\n<li><strong>Long-haul flights<\/strong> across emirates (like <strong>DXB \u2192 Abu Dhabi<\/strong>) may range from <strong>AED\u202f800\u20131,500 (~USD 218\u2013408)<\/strong>.<\/li>\r\n<\/ul>\r\n<p>Joby Aviation\u2019s long-term aim: eventually price competitively with limo services, potentially reaching ground-transport parity<\/p>\r\n<p>\u00c0 venir:<\/p>\r\n<ul>\r\n<li><strong>Plans de transport en commun<\/strong><\/li>\r\n<li><strong>forfaits de groupe et d&#039;entreprise<\/strong><\/li>\r\n<li><strong>Remises sur volume<\/strong><\/li>\r\n<\/ul>\r\n<p>R\u00e9servez votre vol facilement via l&#039;application, en ligne ou avec notre service de conciergerie. Besoin de services suppl\u00e9mentaires comme un si\u00e8ge enfant ou un transfert\u00a0? Nous nous occupons de tout.<\/p>\r\n<h2>Qui est \u00e0 l&#039;avant-garde ?<\/h2>\r\n<p>Meet the pioneers bringing aerial mobility to Dubai:<\/p>\r\n<ul>\r\n<li><strong>Joby Aviation:<\/strong> Launching 200\u202fmph eVTOL flights from Dubai\u2019s airports, priced similarly to premium car services.<\/li>\r\n<li><strong>Skyports :<\/strong> Developing vertiports and charging hubs across Dubai and the wider UAE.<\/li>\r\n<li><strong>Dubai Government:<\/strong> Investing heavily in the UAE\u2019s aerial mobility infrastructure, paving the way for sustainable, high-tech air travel.<\/li>\r\n<\/ul>\r\n<h2>Frequently Asked Questions &#8211; FAQs<\/h2>\r\n<h3>Pourquoi prendre un taxi a\u00e9rien ?<\/h3>\r\n<p>In a city known for its towering skyscrapers and rapid pace, traffic can often feel like a never-ending battle. Long commutes, jam-packed roads, and frustrating delays are the norm. But why sit in traffic when you can fly? Our eVTOL (electric vertical takeoff and landing) air taxis offer a faster, more efficient way to navigate Dubai\u2014whisking you from one side of the city to the other in under 10 minutes. It\u2019s not just about getting there faster; it\u2019s about reclaiming your time.<\/p>\r\n<h3>Est-ce s\u00fbr?<\/h3>\r\n<p>Oui. Tous les vols sont pilot\u00e9s par des professionnels certifi\u00e9s et respectent les normes de s\u00e9curit\u00e9 les plus strictes, avec de multiples syst\u00e8mes de s\u00e9curit\u00e9 redondants int\u00e9gr\u00e9s.<\/p>\r\n<h3>Les vols peuvent-ils \u00eatre assur\u00e9s par mauvais temps\u00a0?<\/h3>\r\n<p>Votre s\u00e9curit\u00e9 est notre priorit\u00e9 absolue. En cas d&#039;intemp\u00e9ries, nous vous en informerons imm\u00e9diatement et vous aiderons \u00e0 reporter votre r\u00e9servation ou \u00e0 obtenir un remboursement int\u00e9gral.<\/p>\r\n<h3>Puis-je apporter des bagages ?<\/h3>\r\n<p>Les bagages \u00e0 main sont les bienvenus. Pour les objets plus volumineux, nous organiserons leur transport terrestre jusqu&#039;\u00e0 votre destination.<\/p>\r\n\r\n\r\n\r\n<h2 id=\"here-are-some-of-the-advantages-of-electric-flying-taxi-in-dubai-united-arab-emirates\" class=\"wp-block-heading\">Voici quelques-uns des avantages du taxi volant \u00e9lectrique \u00e0 Duba\u00ef, Emirats Arabes Unis<\/h2>\r\n\r\n\r\n\r\n<h3 id=\"does-dubai-have-electric-flying-taxi-in-dubai\" class=\"wp-block-heading\">Is there an electric flying taxi in Dubai?<\/h3>\r\n\r\n\r\n\r\n<p>Duba\u00ef a l&#039;un des premiers grands projets pour faire des drones taxis \u00e9lectriques \u00e0 Duba\u00ef une r\u00e9alit\u00e9. Les taxis volants autonomes de Duba\u00ef sont un drone taxi \u00e0 dix-huit rotors qui a pris son envol r\u00e9cemment. L&#039;AAT est un partenariat entre la soci\u00e9t\u00e9 allemande Volocopter et Duba\u00ef. L&#039;entreprise pr\u00e9tend \u00eatre le premier service de taxi a\u00e9rien autonome au monde.<\/p>\r\n\r\n\r\n\r\n<h3 id=\"what-is-the-future-of-autonomous-air-taxis-in-dubai\" class=\"wp-block-heading\">Quel est l&#039;avenir des taxis a\u00e9riens autonomes \u00e0 Duba\u00ef ?<\/h3>\r\n\r\n\r\n\r\n<p>D\u00e9placez-vous sur les taxis r\u00e9guliers! Duba\u00ef a donn\u00e9 vie \u00e0 l&#039;avenir du transport avec la c\u00e9l\u00e8bre voiture a\u00e9rienne. La premi\u00e8re voiture a\u00e9rienne au monde a \u00e9t\u00e9 d\u00e9voil\u00e9e par Ueber et Hyundai. La nouvelle id\u00e9e a \u00e9t\u00e9 lanc\u00e9e au pavillon Etisalat le jour de l&#039;ouverture de la semaine Gitex Tech.<\/p>\r\n\r\n\r\n\r\n<h3 id=\"what-is-the-speed-and-latest-technology-of-electric-air-taxis-in-dubai\" class=\"wp-block-heading\">Quelle est la vitesse et la derni\u00e8re technologie des taxis a\u00e9riens \u00e9lectriques \u00e0 Duba\u00ef ?<\/h3>\r\n\r\n\r\n\r\n<p>Le taxi volant \u00e9lectrique de Duba\u00ef pourrait devenir le meilleur mode de transport urbain \u00e0 l&#039;avenir, en retirant les voitures de la route, en gardant le temps et en effa\u00e7ant les fronti\u00e8res urbaines. Les nouveaux taxis volants \u00e9lectriques du v\u00e9hicule de Duba\u00ef arborant l&#039;apparence d&#039;un drone hybride h\u00e9licopt\u00e8re navigueront principalement \u00e0 une vitesse de 180 mph, avec la capacit\u00e9 d&#039;accueillir quelques passagers, y compris un pilote. Il serait n\u00e9cessaire avec plusieurs rotors, une s\u00e9curit\u00e9 accrue en cas de panne d&#039;un rotor individuel et un syst\u00e8me de parachute en cas d&#039;urgence.<\/p>\r\n<h3>How much will electric flying taxis in Dubai cost?<\/h3>\r\n\r\n\r\n\r\n<p>Initialement, les taxis a\u00e9riens par drones \u00e0 Duba\u00ef co\u00fbteront environ $5,73 par passager-mile. Vous pouvez facilement r\u00e9server des billets d&#039;avion en taxi a\u00e9rien via les taxis volants \u00e9lectriques dans l&#039;application de Duba\u00ef. Le prix du taxi a\u00e9rien \u00e0 Duba\u00ef chutera ensuite \u00e0 $1,85 par passager-mile avant de finalement atteindre le tarif incroyable de $0,44 par mile pour le client.<\/p>\r\n\r\n\r\n\r\n<h3 id=\"advantages-of-electric-dubai-air-taxi-booking-app\" class=\"wp-block-heading\">What are the advantages of electric Dubai air taxi booking app?<\/h3>\r\n\r\n\r\n\r\n<p>Parmi ses autres avantages, la r\u00e9servation en ligne de taxi drone \u00e0 Duba\u00ef pourrait fournir un boom \u00e9conomique en augmentant le nombre de personnes se dirigeant vers des lieux de loisirs et de tourisme qui ne sont pas \u00e0 proximit\u00e9 des grands a\u00e9roports.<\/p>\r\n\r\n\r\n\r\n<h3 id=\"would-drone-air-taxi-in-dubai-online-booking-app-be-used-to-book-a-electric-air-taxi-flight\" class=\"wp-block-heading\">Can the air taxis in Dubai online booking app be used to reserve electric air taxi flight tickets?<\/h3>\r\n\r\n\r\n\r\n<p>Oui, les clients peuvent utiliser de mani\u00e8re transparente l&#039;application de r\u00e9servation de taxi a\u00e9rien \u00e9lectrique de Duba\u00ef en ligne pour trouver le meilleur itin\u00e9raire et r\u00e9server des billets d&#039;avion de taxi volant \u00e9lectrique \u00e0 Duba\u00ef \u00e0 tout moment et n&#039;importe o\u00f9.<\/p>\r\n<h2>Autres vols populaires en taxi a\u00e9rien<\/h2>\r\n<table border=\"0\" cellspacing=\"1\" cellpadding=\"1\">\r\n<tbody>\r\n<tr>\r\n<td>Bon march\u00e9 <a href=\"https:\/\/tiketi.com\/fr-fr\/volants\/taxi-aerien\/abu-dhabi\/\" target=\"_blank\" rel=\"noopener\">taxi a\u00e9rien \u00e0 Abu Dhabi<\/a>\u00a0<\/td>\r\n<td style=\"width: 30px;\">\u00a0<\/td>\r\n<td>Bon march\u00e9 <a href=\"https:\/\/tiketi.com\/fr-fr\/volants\/taxi-aerien\/uae-united-arab-emirates\/\" target=\"_blank\" rel=\"noopener\">taxi a\u00e9rien aux \u00c9mirats arabes unis<\/a><\/td>\r\n<td style=\"width: 30px;\">\u00a0<\/td>\r\n<td>Bon march\u00e9 <a href=\"https:\/\/tiketi.com\/fr-fr\/volants\/taxi-aerien\/london\/\" target=\"_blank\" rel=\"noopener\">taxi a\u00e9rien \u00e0 Londres<\/a><\/td>\r\n<\/tr>\r\n<tr>\r\n<td>Bon march\u00e9 <a href=\"https:\/\/tiketi.com\/fr-fr\/volants\/taxi-aerien\/singapore\/\" target=\"_blank\" rel=\"noopener\">taxi a\u00e9rien \u00e0 Singapour<\/a><\/td>\r\n<td style=\"width: 30px;\">\u00a0<\/td>\r\n<td>Bon march\u00e9 <a href=\"https:\/\/tiketi.com\/fr-fr\/volants\/taxi-aerien\/new-york-nyc\/\" target=\"_blank\" rel=\"noopener\">taxi a\u00e9rien \u00e0 New York<\/a><\/td>\r\n<td style=\"width: 30px;\">\u00a0<\/td>\r\n<td>Bon march\u00e9 <a href=\"https:\/\/tiketi.com\/fr-fr\/volants\/taxi-aerien\/paris\/\" target=\"_blank\" rel=\"noopener\">taxi a\u00e9rien \u00e0 Paris<\/a><\/td>\r\n<\/tr>\r\n<tr>\r\n<td>Bon march\u00e9 <a href=\"https:\/\/tiketi.com\/fr-fr\/volants\/taxi-aerien\/sydney\/\" target=\"_blank\" rel=\"noopener\">taxi a\u00e9rien \u00e0 Sydney<\/a><\/td>\r\n<td style=\"width: 30px;\">\u00a0<\/td>\r\n<td>Bon march\u00e9 <a href=\"https:\/\/tiketi.com\/fr-fr\/volants\/taxi-aerien\/berlin\/\" target=\"_blank\" rel=\"noopener\">taxi a\u00e9rien \u00e0 Berlin<\/a><\/td>\r\n<td style=\"width: 30px;\">\u00a0<\/td>\r\n<td>Bon march\u00e9 <a href=\"https:\/\/tiketi.com\/fr-fr\/volants\/taxi-aerien\/hong-kong\/\" target=\"_blank\" rel=\"noopener\">taxi a\u00e9rien \u00e0 Hong Kong<\/a><\/td>\r\n<\/tr>\r\n<\/tbody>\r\n<\/table>\r\n<h2>\u00a0<\/h2>","protected":false},"excerpt":{"rendered":"<p>Book a Flying Taxi in Dubai \u2013 Safe, Fast, Eco-Friendly, and Affordable Urban Travel The Cheap air taxi in Dubai online booking app allows users to easily reserve helicopter and flying taxi flight tickets. Air taxis in Dubai make it possible to travel quickly and affordably across the city. Dubai is the 4th most visited [&hellip;]<\/p>\n","protected":false},"author":1,"featured_media":16474,"parent":25621,"menu_order":0,"comment_status":"closed","ping_status":"closed","template":"template-home-modern.php","meta":{"footnotes":""},"class_list":["post-10748","page","type-page","status-publish","has-post-thumbnail","hentry"],"yoast_head":"<!-- This site is optimized with the Yoast SEO plugin v27.2 - https:\/\/yoast.com\/product\/yoast-seo-wordpress\/ -->\n<title>Book an Air Taxi in Dubai Online | Cheap Flying Taxi Fares<\/title>\n<meta name=\"description\" content=\"Book an air taxi in Dubai online with our app. Compare routes, fares, &amp; flight tickets for air taxis, &amp; find cheap eVTOL flying taxi options\" \/>\n<meta name=\"robots\" content=\"index, follow, max-snippet:-1, max-image-preview:large, max-video-preview:-1\" \/>\n<link rel=\"canonical\" href=\"https:\/\/tiketi.com\/fr-fr\/volants\/taxi-aerien\/dubai\/\" \/>\n<meta property=\"og:locale\" content=\"fr_FR\" \/>\n<meta property=\"og:type\" content=\"article\" \/>\n<meta property=\"og:title\" content=\"Book an Air Taxi in Dubai Online | Cheap Flying Taxi Fares\" \/>\n<meta property=\"og:description\" content=\"Book an air taxi in Dubai online with our app. Compare routes, fares, &amp; flight tickets for air taxis, &amp; find cheap eVTOL flying taxi options\" \/>\n<meta property=\"og:url\" content=\"https:\/\/tiketi.com\/fr-fr\/volants\/taxi-aerien\/dubai\/\" \/>\n<meta property=\"og:site_name\" content=\"Tiketi.com\" \/>\n<meta property=\"article:publisher\" content=\"https:\/\/www.facebook.com\/TiketiCom\/\" \/>\n<meta property=\"article:modified_time\" content=\"2025-10-16T08:45:57+00:00\" \/>\n<meta property=\"og:image\" content=\"https:\/\/tiketi.com\/wp-content\/uploads\/2022\/02\/dubai-skyline-buildings-183.jpg\" \/>\n\t<meta property=\"og:image:width\" content=\"1200\" \/>\n\t<meta property=\"og:image:height\" content=\"202\" \/>\n\t<meta property=\"og:image:type\" content=\"image\/jpeg\" \/>\n<meta name=\"twitter:card\" content=\"summary_large_image\" \/>\n<meta name=\"twitter:label1\" content=\"Dur\u00e9e de lecture estim\u00e9e\" \/>\n\t<meta name=\"twitter:data1\" content=\"6 minutes\" \/>\n<script type=\"application\/ld+json\" class=\"yoast-schema-graph\">{\"@context\":\"https:\/\/schema.org\",\"@graph\":[{\"@type\":\"WebPage\",\"@id\":\"https:\/\/tiketi.com\/flying\/air-taxi\/dubai\/\",\"url\":\"https:\/\/tiketi.com\/flying\/air-taxi\/dubai\/\",\"name\":\"Book an Air Taxi in Dubai Online | Cheap Flying Taxi Fares\",\"isPartOf\":{\"@id\":\"https:\/\/tiketi.com\/#website\"},\"primaryImageOfPage\":{\"@id\":\"https:\/\/tiketi.com\/flying\/air-taxi\/dubai\/#primaryimage\"},\"image\":{\"@id\":\"https:\/\/tiketi.com\/flying\/air-taxi\/dubai\/#primaryimage\"},\"thumbnailUrl\":\"https:\/\/tiketi.com\/wp-content\/uploads\/2022\/02\/dubai-skyline-buildings-183.jpg\",\"datePublished\":\"2022-01-19T11:53:45+00:00\",\"dateModified\":\"2025-10-16T08:45:57+00:00\",\"description\":\"Book an air taxi in Dubai online with our app. Compare routes, fares, & flight tickets for air taxis, & find cheap eVTOL flying taxi options\",\"breadcrumb\":{\"@id\":\"https:\/\/tiketi.com\/flying\/air-taxi\/dubai\/#breadcrumb\"},\"inLanguage\":\"fr-FR\",\"potentialAction\":[{\"@type\":\"ReadAction\",\"target\":[\"https:\/\/tiketi.com\/flying\/air-taxi\/dubai\/\"]}]},{\"@type\":\"ImageObject\",\"inLanguage\":\"fr-FR\",\"@id\":\"https:\/\/tiketi.com\/flying\/air-taxi\/dubai\/#primaryimage\",\"url\":\"https:\/\/tiketi.com\/wp-content\/uploads\/2022\/02\/dubai-skyline-buildings-183.jpg\",\"contentUrl\":\"https:\/\/tiketi.com\/wp-content\/uploads\/2022\/02\/dubai-skyline-buildings-183.jpg\",\"width\":1200,\"height\":202,\"caption\":\"Air Taxi in Dubai\"},{\"@type\":\"BreadcrumbList\",\"@id\":\"https:\/\/tiketi.com\/flying\/air-taxi\/dubai\/#breadcrumb\",\"itemListElement\":[{\"@type\":\"ListItem\",\"position\":1,\"name\":\"Home\",\"item\":\"https:\/\/tiketi.com\/\"},{\"@type\":\"ListItem\",\"position\":2,\"name\":\"Flying\",\"item\":\"https:\/\/tiketi.com\/fr-fr\/volants\/\"},{\"@type\":\"ListItem\",\"position\":3,\"name\":\"Air Taxi\",\"item\":\"https:\/\/tiketi.com\/flying\/air-taxi\/\"},{\"@type\":\"ListItem\",\"position\":4,\"name\":\"Fly Over Dubai\u2019s Roads \u2013 Easy Air Taxi Dubai Online Bookings\"}]},{\"@type\":\"WebSite\",\"@id\":\"https:\/\/tiketi.com\/#website\",\"url\":\"https:\/\/tiketi.com\/\",\"name\":\"Flight & Bus Tickets, Tour Packages & Activitites - Tiketi.com\",\"description\":\"Flight &amp; Bus Tickets, Tours, Activitites\",\"publisher\":{\"@id\":\"https:\/\/tiketi.com\/#organization\"},\"potentialAction\":[{\"@type\":\"SearchAction\",\"target\":{\"@type\":\"EntryPoint\",\"urlTemplate\":\"https:\/\/tiketi.com\/?s={search_term_string}\"},\"query-input\":{\"@type\":\"PropertyValueSpecification\",\"valueRequired\":true,\"valueName\":\"search_term_string\"}}],\"inLanguage\":\"fr-FR\"},{\"@type\":\"Organization\",\"@id\":\"https:\/\/tiketi.com\/#organization\",\"name\":\"Tiketi.com\",\"alternateName\":\"Tiketi\",\"url\":\"https:\/\/tiketi.com\/\",\"logo\":{\"@type\":\"ImageObject\",\"inLanguage\":\"fr-FR\",\"@id\":\"https:\/\/tiketi.com\/#\/schema\/logo\/image\/\",\"url\":\"https:\/\/tiketi.com\/wp-content\/uploads\/2019\/05\/tiketi-logo-696.png\",\"contentUrl\":\"https:\/\/tiketi.com\/wp-content\/uploads\/2019\/05\/tiketi-logo-696.png\",\"width\":696,\"height\":696,\"caption\":\"Tiketi.com\"},\"image\":{\"@id\":\"https:\/\/tiketi.com\/#\/schema\/logo\/image\/\"},\"sameAs\":[\"https:\/\/www.facebook.com\/TiketiCom\/\"]}]}<\/script>\n<!-- \/ Yoast SEO plugin. -->","yoast_head_json":{"title":"Book an Air Taxi in Dubai Online | Cheap Flying Taxi Fares","description":"Book an air taxi in Dubai online with our app. Compare routes, fares, & flight tickets for air taxis, & find cheap eVTOL flying taxi options","robots":{"index":"index","follow":"follow","max-snippet":"max-snippet:-1","max-image-preview":"max-image-preview:large","max-video-preview":"max-video-preview:-1"},"canonical":"https:\/\/tiketi.com\/fr-fr\/volants\/taxi-aerien\/dubai\/","og_locale":"fr_FR","og_type":"article","og_title":"Book an Air Taxi in Dubai Online | Cheap Flying Taxi Fares","og_description":"Book an air taxi in Dubai online with our app. Compare routes, fares, & flight tickets for air taxis, & find cheap eVTOL flying taxi options","og_url":"https:\/\/tiketi.com\/fr-fr\/volants\/taxi-aerien\/dubai\/","og_site_name":"Tiketi.com","article_publisher":"https:\/\/www.facebook.com\/TiketiCom\/","article_modified_time":"2025-10-16T08:45:57+00:00","og_image":[{"width":1200,"height":202,"url":"https:\/\/tiketi.com\/wp-content\/uploads\/2022\/02\/dubai-skyline-buildings-183.jpg","type":"image\/jpeg"}],"twitter_card":"summary_large_image","twitter_misc":{"Dur\u00e9e de lecture estim\u00e9e":"6 minutes"},"schema":{"@context":"https:\/\/schema.org","@graph":[{"@type":"WebPage","@id":"https:\/\/tiketi.com\/flying\/air-taxi\/dubai\/","url":"https:\/\/tiketi.com\/flying\/air-taxi\/dubai\/","name":"Book an Air Taxi in Dubai Online | Cheap Flying Taxi Fares","isPartOf":{"@id":"https:\/\/tiketi.com\/#website"},"primaryImageOfPage":{"@id":"https:\/\/tiketi.com\/flying\/air-taxi\/dubai\/#primaryimage"},"image":{"@id":"https:\/\/tiketi.com\/flying\/air-taxi\/dubai\/#primaryimage"},"thumbnailUrl":"https:\/\/tiketi.com\/wp-content\/uploads\/2022\/02\/dubai-skyline-buildings-183.jpg","datePublished":"2022-01-19T11:53:45+00:00","dateModified":"2025-10-16T08:45:57+00:00","description":"Book an air taxi in Dubai online with our app. Compare routes, fares, & flight tickets for air taxis, & find cheap eVTOL flying taxi options","breadcrumb":{"@id":"https:\/\/tiketi.com\/flying\/air-taxi\/dubai\/#breadcrumb"},"inLanguage":"fr-FR","potentialAction":[{"@type":"ReadAction","target":["https:\/\/tiketi.com\/flying\/air-taxi\/dubai\/"]}]},{"@type":"ImageObject","inLanguage":"fr-FR","@id":"https:\/\/tiketi.com\/flying\/air-taxi\/dubai\/#primaryimage","url":"https:\/\/tiketi.com\/wp-content\/uploads\/2022\/02\/dubai-skyline-buildings-183.jpg","contentUrl":"https:\/\/tiketi.com\/wp-content\/uploads\/2022\/02\/dubai-skyline-buildings-183.jpg","width":1200,"height":202,"caption":"Air Taxi in Dubai"},{"@type":"BreadcrumbList","@id":"https:\/\/tiketi.com\/flying\/air-taxi\/dubai\/#breadcrumb","itemListElement":[{"@type":"ListItem","position":1,"name":"Home","item":"https:\/\/tiketi.com\/"},{"@type":"ListItem","position":2,"name":"Flying","item":"https:\/\/tiketi.com\/fr-fr\/volants\/"},{"@type":"ListItem","position":3,"name":"Air Taxi","item":"https:\/\/tiketi.com\/flying\/air-taxi\/"},{"@type":"ListItem","position":4,"name":"Fly Over Dubai\u2019s Roads \u2013 Easy Air Taxi Dubai Online Bookings"}]},{"@type":"WebSite","@id":"https:\/\/tiketi.com\/#website","url":"https:\/\/tiketi.com\/","name":"Billets d&#039;avion et de bus, forfaits touristiques et activit\u00e9s - Tiketi.com","description":"Billets d&#039;avion et de bus, Tours, Activit\u00e9s","publisher":{"@id":"https:\/\/tiketi.com\/#organization"},"potentialAction":[{"@type":"SearchAction","target":{"@type":"EntryPoint","urlTemplate":"https:\/\/tiketi.com\/?s={search_term_string}"},"query-input":{"@type":"PropertyValueSpecification","valueRequired":true,"valueName":"search_term_string"}}],"inLanguage":"fr-FR"},{"@type":"Organization","@id":"https:\/\/tiketi.com\/#organization","name":"Tiketi.com","alternateName":"Tiketi","url":"https:\/\/tiketi.com\/","logo":{"@type":"ImageObject","inLanguage":"fr-FR","@id":"https:\/\/tiketi.com\/#\/schema\/logo\/image\/","url":"https:\/\/tiketi.com\/wp-content\/uploads\/2019\/05\/tiketi-logo-696.png","contentUrl":"https:\/\/tiketi.com\/wp-content\/uploads\/2019\/05\/tiketi-logo-696.png","width":696,"height":696,"caption":"Tiketi.com"},"image":{"@id":"https:\/\/tiketi.com\/#\/schema\/logo\/image\/"},"sameAs":["https:\/\/www.facebook.com\/TiketiCom\/"]}]}},"_links":{"self":[{"href":"https:\/\/tiketi.com\/fr-fr\/wp-json\/wp\/v2\/pages\/10748","targetHints":{"allow":["GET"]}}],"collection":[{"href":"https:\/\/tiketi.com\/fr-fr\/wp-json\/wp\/v2\/pages"}],"about":[{"href":"https:\/\/tiketi.com\/fr-fr\/wp-json\/wp\/v2\/types\/page"}],"author":[{"embeddable":true,"href":"https:\/\/tiketi.com\/fr-fr\/wp-json\/wp\/v2\/users\/1"}],"replies":[{"embeddable":true,"href":"https:\/\/tiketi.com\/fr-fr\/wp-json\/wp\/v2\/comments?post=10748"}],"version-history":[{"count":9,"href":"https:\/\/tiketi.com\/fr-fr\/wp-json\/wp\/v2\/pages\/10748\/revisions"}],"predecessor-version":[{"id":34485,"href":"https:\/\/tiketi.com\/fr-fr\/wp-json\/wp\/v2\/pages\/10748\/revisions\/34485"}],"up":[{"embeddable":true,"href":"https:\/\/tiketi.com\/fr-fr\/wp-json\/wp\/v2\/pages\/25621"}],"wp:featuredmedia":[{"embeddable":true,"href":"https:\/\/tiketi.com\/fr-fr\/wp-json\/wp\/v2\/media\/16474"}],"wp:attachment":[{"href":"https:\/\/tiketi.com\/fr-fr\/wp-json\/wp\/v2\/media?parent=10748"}],"curies":[{"name":"wp","href":"https:\/\/api.w.org\/{rel}","templated":true}]}}