{"id":10749,"date":"2022-01-19T12:53:47","date_gmt":"2022-01-19T11:53:47","guid":{"rendered":"https:\/\/new.tiketi.com\/china-air-taxi-booking-app-electric-flying-taxis\/"},"modified":"2025-07-21T12:45:29","modified_gmt":"2025-07-21T11:45:29","slug":"china","status":"publish","type":"page","link":"https:\/\/tiketi.com\/fr-fr\/volants\/taxi-aerien\/china\/","title":{"rendered":"Fly Over China\u2019s Roads \u2013 Easy Air Taxi China Online Bookings"},"content":{"rendered":"<h2 id=\"electric-india-air-taxi-booking-app\" class=\"wp-block-heading\">Book a Flying Taxi in China \u2013 Fast, Green, and Affordable Urban Travel<\/h2>\r\n\r\n\r\n\r\n<p>The Cheap air taxi in China online booking app allows users to easily reserve helicopter and flying taxi flight tickets. Air taxis in China make it possible to travel quickly and affordably across the city. While most people go to China, they just want to view the Great Wall and Forbidden City in Beijing, walk along the bund at Shanghai or take in the Terracotta Warriors at Xian. Maybe they will throw in a visit to China or take a Yangtze River Cruise. But there is much more to China than just these popular places. Just like many other services, you&#8217;ll be able to make a China air taxi booking anytime, anywhere, through the app for your electric air taxi flight.<\/p>\r\n<h2>Why Choose a Flying Taxi in China?<\/h2>\r\n<ul>\r\n<li><strong>Gagnez du temps<\/strong> \u2013 Ce qui prenait 30 \u00e0 60 minutes en voiture peut d\u00e9sormais se faire en moins de 10 minutes par avion.<\/li>\r\n<li><strong>\u00c9cologique et silencieux<\/strong> \u2013 Nos avions \u00e9lectriques sont jusqu&#039;\u00e0 100 fois plus silencieux que les h\u00e9licopt\u00e8res traditionnels et ne produisent aucune \u00e9mission.<\/li>\r\n<li><strong>S\u00e9curit\u00e9 certifi\u00e9e<\/strong> \u2013 Nos avions sont pilot\u00e9s par des pilotes agr\u00e9\u00e9s et sont \u00e9quip\u00e9s de multiples syst\u00e8mes de s\u00e9curit\u00e9 redondants afin de garantir un voyage en toute s\u00e9curit\u00e9.<\/li>\r\n<li><strong>Comfortable Experience<\/strong> \u2013 D&#039;un simple clic, vous \u00eates parti \u2013 sans tracas, sans stress.<\/li>\r\n<li><strong>Effortless Booking<\/strong> \u2013 Book Your Flight in Just a Few Clicks \u2013 Anytime, Anywhere<\/li>\r\n<\/ul>\r\n<h2>How Our China Air Taxi Booking Service Works<\/h2>\r\n<p>R\u00e9server votre taxi a\u00e9rien est aussi simple que de r\u00e9server une course\u00a0:<\/p>\r\n<ol>\r\n<li><strong>Ouvrez le <a href=\"https:\/\/tiketi.com\/fr-fr\/download-tiketi-app\/\" target=\"_blank\" rel=\"noopener\">Application Tiketi<\/a> ou site Web<\/strong><\/li>\r\n<li><strong>Choisissez votre d\u00e9part<\/strong> from one of China\u2019s many helipads or upcoming vertiports (e.g., Downtown China, China International Airport)<\/li>\r\n<li><strong>Choisissez votre avion<\/strong> \u2013 Choisissez un \u00e9l\u00e9gant taxi a\u00e9rien tout \u00e9lectrique \u00e0 2 ou 4 places<\/li>\r\n<li><strong>Confirmer et partir<\/strong> \u2013 Votre vol est r\u00e9serv\u00e9 en temps r\u00e9el et votre point d&#039;embarquement est pr\u00eat quand vous l&#039;\u00eates.<\/li>\r\n<\/ol>\r\n<p>In just a few minutes, you&#8217;re airborne\u2014gliding over China\u2019s iconic skyline and avoiding the gridlock below.<\/p>\r\n<h2>Qui est \u00e0 l&#039;avant-garde ?<\/h2>\r\n<p>Meet the pioneers bringing aerial mobility to Shanghai:<\/p>\r\n<ul>\r\n<li><strong>Joby Aviation + China Eastern Airlines:<\/strong> Launching 200 mph eVTOL flights from China\u2019s airports, priced similarly to premium car services.<\/li>\r\n<li><strong>Vertical Aerospace (China):<\/strong> Certifying its VX4 aircraft for 2028 flights\u2014projected fares as low as CNY 700.<\/li>\r\n<li><strong>Skyports :<\/strong> Developing vertiports and charging hubs across China and the surrounding Greater Bay Area (GBA) region.<\/li>\r\n<li><strong>Chinese Government:<\/strong> Investing heavily in China\u2019s aerial mobility infrastructure, paving the way for sustainable, high-tech air travel.<\/li>\r\n<\/ul>\r\n<h2>Foire aux questions<\/h2>\r\n<h3>Est-ce s\u00fbr?<\/h3>\r\n<p>Oui. Tous les vols sont pilot\u00e9s par des professionnels certifi\u00e9s et respectent les normes de s\u00e9curit\u00e9 les plus strictes, avec de multiples syst\u00e8mes de s\u00e9curit\u00e9 redondants int\u00e9gr\u00e9s.<\/p>\r\n<h3>Les vols peuvent-ils \u00eatre assur\u00e9s par mauvais temps\u00a0?<\/h3>\r\n<p>Votre s\u00e9curit\u00e9 est notre priorit\u00e9 absolue. En cas d&#039;intemp\u00e9ries, nous vous en informerons imm\u00e9diatement et vous aiderons \u00e0 reporter votre r\u00e9servation ou \u00e0 obtenir un remboursement int\u00e9gral.<\/p>\r\n<h3>Puis-je apporter des bagages ?<\/h3>\r\n<p>Les bagages \u00e0 main sont les bienvenus. Pour les objets plus volumineux, nous organiserons leur transport terrestre jusqu&#039;\u00e0 votre destination.<\/p>\r\n\r\n\r\n\r\n<h2 class=\"wp-block-heading\" id=\"here-are-some-of-the-advantages-of-electric-flying-taxi-in-china\">Voici quelques-uns des avantages du taxi volant \u00e9lectrique en Chine<\/h2>\r\n\r\n\r\n\r\n<h3 class=\"wp-block-heading\" id=\"electric-air-taxis-in-china-managed-fleet\">Taxis a\u00e9riens \u00e9lectriques dans la flotte g\u00e9r\u00e9e en Chine<\/h3>\r\n\r\n\r\n\r\n<p>Je pense que toute vision cr\u00e9dible des v\u00e9hicules a\u00e9riens est celle des taxis volants autonomes en Chine, et cela ouvre la voie \u00e0 une flotte tr\u00e8s g\u00e9r\u00e9e de v\u00e9hicules a\u00e9riens. Lib\u00e9r\u00e9 des al\u00e9as inutiles de la navigation humaine, de l&#039;impr\u00e9cision et de l&#039;ind\u00e9cision, le transit a\u00e9rien devrait \u00eatre aussi efficace que le transport a\u00e9rien commercial, qui optimise chaque kilom\u00e8tre, chaque n\u0153ud de vitesse et chaque goutte de carburant.<\/p>\r\n\r\n\r\n\r\n<h3 class=\"wp-block-heading\" id=\"electric-flying-taxis-in-china-are-fast-affordable-environmentally-friendly\">Les taxis volants \u00e9lectriques en Chine sont rapides, abordables et respectueux de l&#039;environnement<\/h3>\r\n\r\n\r\n\r\n<p>Retirer les voitures des rues signifie que nous pouvons les remettre \u00e0 neuf pour les personnes et non pour les machines. Une grande partie de la raison pour laquelle nos villes ressemblent et fonctionnent comme elles le font, c&#039;est parce que cela fonctionne pour les camions et les voitures. D\u00e9placer une grande partie de cette fonctionnalit\u00e9 dans les airs pourrait remplacer la nature et l&#039;\u00e9chelle de ce qui se trouve au sol.<\/p>\r\n\r\n\r\n\r\n<h3 class=\"wp-block-heading\" id=\"autonomous-electric-air-taxis-in-china-can-reduce-on-road-congestion\">Les taxis a\u00e9riens \u00e9lectriques autonomes en Chine peuvent r\u00e9duire la congestion routi\u00e8re<\/h3>\r\n\r\n\r\n\r\n<p>C&#039;est le m\u00e9ta-gain de tout ce qui d\u00e9place le transport en commun hors de la rue, nous avons v\u00e9rifi\u00e9 que nous ne pouvons pas le d\u00e9boucher et simplement le lever et l&#039;\u00e9carter. Le transport en commun est excellent gr\u00e2ce \u00e0 la r\u00e9servation en ligne de drones taxis en Chine, mais le r\u00f4le central du transport personnel, des points A \u00e0 B, ne reculera pas de notre vivant.<\/p>\r\n\r\n\r\n\r\n<h3 class=\"wp-block-heading\" id=\"shorter-electric-flying-taxi-in-china-trips\">Des trajets en taxi volant \u00e9lectrique plus courts en Chine<\/h3>\r\n\r\n\r\n\r\n<p>Les historiens admirent g\u00e9n\u00e9ralement comment des villes comme P\u00e9kin ont \u00e9merg\u00e9 autour de petites grilles, mais une s\u00e9rie de coins est \u00e0 peu pr\u00e8s le chemin le plus long pour aller d&#039;ici \u00e0 l\u00e0. les itin\u00e9raires de voiture a\u00e9rienne seront beaucoup plus une affaire en ligne droite, r\u00e9duiront le nombre de d\u00e9placements pour se rendre quelque part gr\u00e2ce \u00e0 un drone volant en taxi dans l&#039;application chinoise.<\/p>\r\n<h3>Combien co\u00fbtera un taxi volant \u00e9lectrique en Chine ?<\/h3>\r\n\r\n\r\n\r\n<p>Au d\u00e9part, les taxis drones en Chine co\u00fbteront environ $5,73 par passager-mile. Vous pouvez facilement r\u00e9server des billets d&#039;avion en taxi a\u00e9rien via des taxis volants \u00e9lectriques dans l&#039;application Chine. Le prix des taxis a\u00e9riens en Chine chutera alors \u00e0 $1,85 par mile passager avant d&#039;atteindre finalement le tarif incroyable du client de $0,44 par mile.<\/p>\r\n\r\n\r\n\r\n<h2 class=\"wp-block-heading\" id=\"advantages-of-electric-china-air-taxi-booking-app\">Avantages de l&#039;application de r\u00e9servation de taxi a\u00e9rien \u00e9lectrique en Chine<\/h2>\r\n\r\n\r\n\r\n<p>Parmi ses autres avantages, la r\u00e9servation en ligne de taxi \u00e9lectrique par drone en Chine pourrait fournir un boom \u00e9conomique en augmentant le nombre de personnes se dirigeant vers des lieux de loisirs et de tourisme qui ne sont pas \u00e0 proximit\u00e9 des grands a\u00e9roports.<\/p>\r\n\r\n\r\n\r\n<h3 class=\"wp-block-heading\" id=\"would-drone-air-taxi-in-china-online-booking-app-be-used-to-book-a-electric-air-taxi-flight\">L&#039;application de r\u00e9servation en ligne de taxi a\u00e9rien par drone en Chine serait-elle utilis\u00e9e pour r\u00e9server des billets d&#039;avion de taxi a\u00e9rien \u00e9lectrique?<\/h3>\r\n\r\n\r\n\r\n<p>Oui, les clients peuvent utiliser de mani\u00e8re transparente l&#039;application de r\u00e9servation de taxis a\u00e9riens \u00e9lectriques en Chine pour trouver le meilleur itin\u00e9raire et r\u00e9server un taxi drone \u00e9lectrique dans les billets d&#039;avion en Chine \u00e0 tout moment et n&#039;importe o\u00f9.<\/p>\r\n<h2>Autres vols populaires en taxi a\u00e9rien<\/h2>\r\n<table border=\"0\" cellspacing=\"1\" cellpadding=\"1\">\r\n<tbody>\r\n<tr>\r\n<td>Bon march\u00e9 <a href=\"https:\/\/tiketi.com\/fr-fr\/volants\/taxi-aerien\/hong-kong\/\" target=\"_blank\" rel=\"noopener\">taxi a\u00e9rien \u00e0 Hong Kong<\/a>\u00a0<\/td>\r\n<td style=\"width: 30px;\">\u00a0<\/td>\r\n<td>Bon march\u00e9 <a href=\"https:\/\/tiketi.com\/fr-fr\/volants\/taxi-aerien\/shanghai\/\" target=\"_blank\" rel=\"noopener\">air taxi in Shanghai<\/a><\/td>\r\n<td style=\"width: 30px;\">\u00a0<\/td>\r\n<td>Bon march\u00e9 <a href=\"https:\/\/tiketi.com\/fr-fr\/volants\/taxi-aerien\/shenzhen\/\" target=\"_blank\" rel=\"noopener\">air taxi in Shenzhen<\/a><\/td>\r\n<\/tr>\r\n<tr>\r\n<td>Bon march\u00e9 <a href=\"https:\/\/tiketi.com\/fr-fr\/volants\/taxi-aerien\/chongqing\/\" target=\"_blank\" rel=\"noopener\">air taxi in Chongqing<\/a><\/td>\r\n<td style=\"width: 30px;\">\u00a0<\/td>\r\n<td>Bon march\u00e9 <a href=\"https:\/\/tiketi.com\/fr-fr\/volants\/taxi-aerien\/macau\/\" target=\"_blank\" rel=\"noopener\">air taxi in Macau<\/a><\/td>\r\n<td style=\"width: 30px;\">\u00a0<\/td>\r\n<td>Bon march\u00e9 <a href=\"https:\/\/tiketi.com\/fr-fr\/volants\/taxi-aerien\/beijing\/\" target=\"_blank\" rel=\"noopener\">air taxi in Beijing<\/a><\/td>\r\n<\/tr>\r\n<tr>\r\n<td>Bon march\u00e9 <a href=\"https:\/\/tiketi.com\/fr-fr\/volants\/taxi-aerien\/chengdu\/\" target=\"_blank\" rel=\"noopener\">air taxi in Chengdu<\/a><\/td>\r\n<td style=\"width: 30px;\">\u00a0<\/td>\r\n<td>Bon march\u00e9 <a href=\"https:\/\/tiketi.com\/fr-fr\/volants\/taxi-aerien\/guangzhou\/\" target=\"_blank\" rel=\"noopener\">air taxi in Guangzhou<\/a><\/td>\r\n<td style=\"width: 30px;\">\u00a0<\/td>\r\n<td>Bon march\u00e9 <a href=\"https:\/\/tiketi.com\/fr-fr\/volants\/taxi-aerien\/singapore\/\" target=\"_blank\" rel=\"noopener\">taxi a\u00e9rien \u00e0 Singapour<\/a><\/td>\r\n<\/tr>\r\n<\/tbody>\r\n<\/table>\r\n<p><\/p>\r\n<p>&nbsp;<\/p>\r\n<p>&nbsp;<\/p>","protected":false},"excerpt":{"rendered":"<p>Book a Flying Taxi in China \u2013 Fast, Green, and Affordable Urban Travel The Cheap air taxi in China online booking app allows users to easily reserve helicopter and flying taxi flight tickets. Air taxis in China make it possible to travel quickly and affordably across the city. While most people go to China, they [&hellip;]<\/p>\n","protected":false},"author":1,"featured_media":14572,"parent":25621,"menu_order":0,"comment_status":"open","ping_status":"closed","template":"template-home-modern.php","meta":{"footnotes":""},"class_list":["post-10749","page","type-page","status-publish","has-post-thumbnail","hentry"],"yoast_head":"<!-- This site is optimized with the Yoast SEO plugin v27.2 - https:\/\/yoast.com\/product\/yoast-seo-wordpress\/ -->\n<title>Air Taxi in China Booking - Flying Routes, Schedule &amp; Fares<\/title>\n<meta name=\"description\" content=\"Looking for drone air taxi in China online booking app, routes, schedule &amp; fares? Compare air taxis flight tickets and book cheap flying taxi in Guangzhou\" \/>\n<meta name=\"robots\" content=\"index, follow, max-snippet:-1, max-image-preview:large, max-video-preview:-1\" \/>\n<link rel=\"canonical\" href=\"https:\/\/tiketi.com\/fr-fr\/volants\/taxi-aerien\/china\/\" \/>\n<meta property=\"og:locale\" content=\"fr_FR\" \/>\n<meta property=\"og:type\" content=\"article\" \/>\n<meta property=\"og:title\" content=\"Air Taxi in China Booking - Flying Routes, Schedule &amp; Fares\" \/>\n<meta property=\"og:description\" content=\"Looking for drone air taxi in China online booking app, routes, schedule &amp; fares? Compare air taxis flight tickets and book cheap flying taxi in Guangzhou\" \/>\n<meta property=\"og:url\" content=\"https:\/\/tiketi.com\/fr-fr\/volants\/taxi-aerien\/china\/\" \/>\n<meta property=\"og:site_name\" content=\"Tiketi.com\" \/>\n<meta property=\"article:publisher\" content=\"https:\/\/www.facebook.com\/TiketiCom\/\" \/>\n<meta property=\"article:modified_time\" content=\"2025-07-21T11:45:29+00:00\" \/>\n<meta property=\"og:image\" content=\"https:\/\/tiketi.com\/wp-content\/uploads\/2022\/01\/beijing-henry-chen-OF8MM3_Glrc-unsp.jpg\" \/>\n\t<meta property=\"og:image:width\" content=\"1200\" \/>\n\t<meta property=\"og:image:height\" content=\"236\" \/>\n\t<meta property=\"og:image:type\" content=\"image\/jpeg\" \/>\n<meta name=\"twitter:card\" content=\"summary_large_image\" \/>\n<meta name=\"twitter:label1\" content=\"Dur\u00e9e de lecture estim\u00e9e\" \/>\n\t<meta name=\"twitter:data1\" content=\"5 minutes\" \/>\n<script type=\"application\/ld+json\" class=\"yoast-schema-graph\">{\"@context\":\"https:\/\/schema.org\",\"@graph\":[{\"@type\":\"WebPage\",\"@id\":\"https:\/\/tiketi.com\/flying\/air-taxi\/china\/\",\"url\":\"https:\/\/tiketi.com\/flying\/air-taxi\/china\/\",\"name\":\"Air Taxi in China Booking - Flying Routes, Schedule & Fares\",\"isPartOf\":{\"@id\":\"https:\/\/tiketi.com\/#website\"},\"primaryImageOfPage\":{\"@id\":\"https:\/\/tiketi.com\/flying\/air-taxi\/china\/#primaryimage\"},\"image\":{\"@id\":\"https:\/\/tiketi.com\/flying\/air-taxi\/china\/#primaryimage\"},\"thumbnailUrl\":\"https:\/\/tiketi.com\/wp-content\/uploads\/2022\/01\/beijing-henry-chen-OF8MM3_Glrc-unsp.jpg\",\"datePublished\":\"2022-01-19T11:53:47+00:00\",\"dateModified\":\"2025-07-21T11:45:29+00:00\",\"description\":\"Looking for drone air taxi in China online booking app, routes, schedule & fares? Compare air taxis flight tickets and book cheap flying taxi in Guangzhou\",\"breadcrumb\":{\"@id\":\"https:\/\/tiketi.com\/flying\/air-taxi\/china\/#breadcrumb\"},\"inLanguage\":\"fr-FR\",\"potentialAction\":[{\"@type\":\"ReadAction\",\"target\":[\"https:\/\/tiketi.com\/flying\/air-taxi\/china\/\"]}]},{\"@type\":\"ImageObject\",\"inLanguage\":\"fr-FR\",\"@id\":\"https:\/\/tiketi.com\/flying\/air-taxi\/china\/#primaryimage\",\"url\":\"https:\/\/tiketi.com\/wp-content\/uploads\/2022\/01\/beijing-henry-chen-OF8MM3_Glrc-unsp.jpg\",\"contentUrl\":\"https:\/\/tiketi.com\/wp-content\/uploads\/2022\/01\/beijing-henry-chen-OF8MM3_Glrc-unsp.jpg\",\"width\":1200,\"height\":236,\"caption\":\"Air Taxi in Beijing\"},{\"@type\":\"BreadcrumbList\",\"@id\":\"https:\/\/tiketi.com\/flying\/air-taxi\/china\/#breadcrumb\",\"itemListElement\":[{\"@type\":\"ListItem\",\"position\":1,\"name\":\"Home\",\"item\":\"https:\/\/tiketi.com\/\"},{\"@type\":\"ListItem\",\"position\":2,\"name\":\"Flying\",\"item\":\"https:\/\/tiketi.com\/fr-fr\/volants\/\"},{\"@type\":\"ListItem\",\"position\":3,\"name\":\"Air Taxi\",\"item\":\"https:\/\/tiketi.com\/flying\/air-taxi\/\"},{\"@type\":\"ListItem\",\"position\":4,\"name\":\"Fly Over China\u2019s Roads \u2013 Easy Air Taxi China Online Bookings\"}]},{\"@type\":\"WebSite\",\"@id\":\"https:\/\/tiketi.com\/#website\",\"url\":\"https:\/\/tiketi.com\/\",\"name\":\"Flight & Bus Tickets, Tour Packages & Activitites - Tiketi.com\",\"description\":\"Flight &amp; Bus Tickets, Tours, Activitites\",\"publisher\":{\"@id\":\"https:\/\/tiketi.com\/#organization\"},\"potentialAction\":[{\"@type\":\"SearchAction\",\"target\":{\"@type\":\"EntryPoint\",\"urlTemplate\":\"https:\/\/tiketi.com\/?s={search_term_string}\"},\"query-input\":{\"@type\":\"PropertyValueSpecification\",\"valueRequired\":true,\"valueName\":\"search_term_string\"}}],\"inLanguage\":\"fr-FR\"},{\"@type\":\"Organization\",\"@id\":\"https:\/\/tiketi.com\/#organization\",\"name\":\"Tiketi.com\",\"alternateName\":\"Tiketi\",\"url\":\"https:\/\/tiketi.com\/\",\"logo\":{\"@type\":\"ImageObject\",\"inLanguage\":\"fr-FR\",\"@id\":\"https:\/\/tiketi.com\/#\/schema\/logo\/image\/\",\"url\":\"https:\/\/tiketi.com\/wp-content\/uploads\/2019\/05\/tiketi-logo-696.png\",\"contentUrl\":\"https:\/\/tiketi.com\/wp-content\/uploads\/2019\/05\/tiketi-logo-696.png\",\"width\":696,\"height\":696,\"caption\":\"Tiketi.com\"},\"image\":{\"@id\":\"https:\/\/tiketi.com\/#\/schema\/logo\/image\/\"},\"sameAs\":[\"https:\/\/www.facebook.com\/TiketiCom\/\"]}]}<\/script>\n<!-- \/ Yoast SEO plugin. -->","yoast_head_json":{"title":"Taxi a\u00e9rien en Chine R\u00e9servation - Itin\u00e9raires de vol, horaires et tarifs","description":"Vous cherchez une application de r\u00e9servation en ligne pour un taxi a\u00e9rien drone en Chine\u00a0? Consultez les itin\u00e9raires, les horaires et les tarifs. Comparez les billets de taxi a\u00e9rien et r\u00e9servez un taxi a\u00e9rien pas cher \u00e0 Guangzhou.","robots":{"index":"index","follow":"follow","max-snippet":"max-snippet:-1","max-image-preview":"max-image-preview:large","max-video-preview":"max-video-preview:-1"},"canonical":"https:\/\/tiketi.com\/fr-fr\/volants\/taxi-aerien\/china\/","og_locale":"fr_FR","og_type":"article","og_title":"Air Taxi in China Booking - Flying Routes, Schedule & Fares","og_description":"Looking for drone air taxi in China online booking app, routes, schedule & fares? Compare air taxis flight tickets and book cheap flying taxi in Guangzhou","og_url":"https:\/\/tiketi.com\/fr-fr\/volants\/taxi-aerien\/china\/","og_site_name":"Tiketi.com","article_publisher":"https:\/\/www.facebook.com\/TiketiCom\/","article_modified_time":"2025-07-21T11:45:29+00:00","og_image":[{"width":1200,"height":236,"url":"https:\/\/tiketi.com\/wp-content\/uploads\/2022\/01\/beijing-henry-chen-OF8MM3_Glrc-unsp.jpg","type":"image\/jpeg"}],"twitter_card":"summary_large_image","twitter_misc":{"Dur\u00e9e de lecture estim\u00e9e":"5 minutes"},"schema":{"@context":"https:\/\/schema.org","@graph":[{"@type":"WebPage","@id":"https:\/\/tiketi.com\/flying\/air-taxi\/china\/","url":"https:\/\/tiketi.com\/flying\/air-taxi\/china\/","name":"Taxi a\u00e9rien en Chine R\u00e9servation - Itin\u00e9raires de vol, horaires et tarifs","isPartOf":{"@id":"https:\/\/tiketi.com\/#website"},"primaryImageOfPage":{"@id":"https:\/\/tiketi.com\/flying\/air-taxi\/china\/#primaryimage"},"image":{"@id":"https:\/\/tiketi.com\/flying\/air-taxi\/china\/#primaryimage"},"thumbnailUrl":"https:\/\/tiketi.com\/wp-content\/uploads\/2022\/01\/beijing-henry-chen-OF8MM3_Glrc-unsp.jpg","datePublished":"2022-01-19T11:53:47+00:00","dateModified":"2025-07-21T11:45:29+00:00","description":"Vous cherchez une application de r\u00e9servation en ligne pour un taxi a\u00e9rien drone en Chine\u00a0? Consultez les itin\u00e9raires, les horaires et les tarifs. Comparez les billets de taxi a\u00e9rien et r\u00e9servez un taxi a\u00e9rien pas cher \u00e0 Guangzhou.","breadcrumb":{"@id":"https:\/\/tiketi.com\/flying\/air-taxi\/china\/#breadcrumb"},"inLanguage":"fr-FR","potentialAction":[{"@type":"ReadAction","target":["https:\/\/tiketi.com\/flying\/air-taxi\/china\/"]}]},{"@type":"ImageObject","inLanguage":"fr-FR","@id":"https:\/\/tiketi.com\/flying\/air-taxi\/china\/#primaryimage","url":"https:\/\/tiketi.com\/wp-content\/uploads\/2022\/01\/beijing-henry-chen-OF8MM3_Glrc-unsp.jpg","contentUrl":"https:\/\/tiketi.com\/wp-content\/uploads\/2022\/01\/beijing-henry-chen-OF8MM3_Glrc-unsp.jpg","width":1200,"height":236,"caption":"Air Taxi in Beijing"},{"@type":"BreadcrumbList","@id":"https:\/\/tiketi.com\/flying\/air-taxi\/china\/#breadcrumb","itemListElement":[{"@type":"ListItem","position":1,"name":"Home","item":"https:\/\/tiketi.com\/"},{"@type":"ListItem","position":2,"name":"Flying","item":"https:\/\/tiketi.com\/fr-fr\/volants\/"},{"@type":"ListItem","position":3,"name":"Air Taxi","item":"https:\/\/tiketi.com\/flying\/air-taxi\/"},{"@type":"ListItem","position":4,"name":"Fly Over China\u2019s Roads \u2013 Easy Air Taxi China Online Bookings"}]},{"@type":"WebSite","@id":"https:\/\/tiketi.com\/#website","url":"https:\/\/tiketi.com\/","name":"Billets d&#039;avion et de bus, forfaits touristiques et activit\u00e9s - Tiketi.com","description":"Billets d&#039;avion et de bus, Tours, Activit\u00e9s","publisher":{"@id":"https:\/\/tiketi.com\/#organization"},"potentialAction":[{"@type":"SearchAction","target":{"@type":"EntryPoint","urlTemplate":"https:\/\/tiketi.com\/?s={search_term_string}"},"query-input":{"@type":"PropertyValueSpecification","valueRequired":true,"valueName":"search_term_string"}}],"inLanguage":"fr-FR"},{"@type":"Organization","@id":"https:\/\/tiketi.com\/#organization","name":"Tiketi.com","alternateName":"Tiketi","url":"https:\/\/tiketi.com\/","logo":{"@type":"ImageObject","inLanguage":"fr-FR","@id":"https:\/\/tiketi.com\/#\/schema\/logo\/image\/","url":"https:\/\/tiketi.com\/wp-content\/uploads\/2019\/05\/tiketi-logo-696.png","contentUrl":"https:\/\/tiketi.com\/wp-content\/uploads\/2019\/05\/tiketi-logo-696.png","width":696,"height":696,"caption":"Tiketi.com"},"image":{"@id":"https:\/\/tiketi.com\/#\/schema\/logo\/image\/"},"sameAs":["https:\/\/www.facebook.com\/TiketiCom\/"]}]}},"_links":{"self":[{"href":"https:\/\/tiketi.com\/fr-fr\/wp-json\/wp\/v2\/pages\/10749","targetHints":{"allow":["GET"]}}],"collection":[{"href":"https:\/\/tiketi.com\/fr-fr\/wp-json\/wp\/v2\/pages"}],"about":[{"href":"https:\/\/tiketi.com\/fr-fr\/wp-json\/wp\/v2\/types\/page"}],"author":[{"embeddable":true,"href":"https:\/\/tiketi.com\/fr-fr\/wp-json\/wp\/v2\/users\/1"}],"replies":[{"embeddable":true,"href":"https:\/\/tiketi.com\/fr-fr\/wp-json\/wp\/v2\/comments?post=10749"}],"version-history":[{"count":5,"href":"https:\/\/tiketi.com\/fr-fr\/wp-json\/wp\/v2\/pages\/10749\/revisions"}],"predecessor-version":[{"id":32024,"href":"https:\/\/tiketi.com\/fr-fr\/wp-json\/wp\/v2\/pages\/10749\/revisions\/32024"}],"up":[{"embeddable":true,"href":"https:\/\/tiketi.com\/fr-fr\/wp-json\/wp\/v2\/pages\/25621"}],"wp:featuredmedia":[{"embeddable":true,"href":"https:\/\/tiketi.com\/fr-fr\/wp-json\/wp\/v2\/media\/14572"}],"wp:attachment":[{"href":"https:\/\/tiketi.com\/fr-fr\/wp-json\/wp\/v2\/media?parent=10749"}],"curies":[{"name":"wp","href":"https:\/\/api.w.org\/{rel}","templated":true}]}}