{"id":10750,"date":"2022-01-19T12:53:47","date_gmt":"2022-01-19T11:53:47","guid":{"rendered":"https:\/\/new.tiketi.com\/chicago-air-taxi-booking-app-electric-flying-taxis\/"},"modified":"2025-10-15T16:37:34","modified_gmt":"2025-10-15T14:37:34","slug":"chicago","status":"publish","type":"page","link":"https:\/\/tiketi.com\/fr-fr\/volants\/taxi-aerien\/chicago\/","title":{"rendered":"Fly Over Chicago\u2019s Roads \u2013 Easy Air Taxi Chicago Online Bookings"},"content":{"rendered":"<h2 id=\"electric-dubai-air-taxi-booking-app\" class=\"wp-block-heading\">Book a Flying Taxi in Chicago \u2013 Safe, Fast, Eco-Friendly, and Affordable Urban Travel<\/h2>\r\n\r\n<p>The Cheap air taxi in Chicago online booking app allows users to easily reserve helicopter and flying taxi flight tickets. Air taxis in Chicago make it possible to travel quickly and affordably across the city. With an abundance of museums, art galleries, zoos, high-rises, parks and more. Chicago is a cultural hub that provides amazing attractions in Illinois. The city is famously called as the birthplace of the skyscraper and is home to the world&#8217;s biggest dinosaur, as well as botanical conservatory brimming with 1,000 of plants. Whether you are a visitor or a residential looking for ideas on what to do in the Windy City. Just like many other services, book Chicago air taxi service anytime, anywhere, through the app for your electric air taxi flight.<\/p>\r\n<h2>What are the benefits of flying taxis in Miami?<\/h2>\r\n<ul>\r\n<li><strong>Gagnez du temps<\/strong>\u00a0\u2013 What would take 20\u201330 minutes by car can now be done in under 10 minutes by air.<\/li>\r\n<li><strong>\u00c9cologique et silencieux<\/strong>\u00a0\u2013 Nos avions \u00e9lectriques sont jusqu&#039;\u00e0 100 fois plus silencieux que les h\u00e9licopt\u00e8res traditionnels et ne produisent aucune \u00e9mission.<\/li>\r\n<li><strong>S\u00e9curit\u00e9 certifi\u00e9e<\/strong>\u00a0\u2013 Nos avions sont pilot\u00e9s par des pilotes agr\u00e9\u00e9s et sont \u00e9quip\u00e9s de multiples syst\u00e8mes de s\u00e9curit\u00e9 redondants afin de garantir un voyage en toute s\u00e9curit\u00e9.<\/li>\r\n<li><strong>Comfort &amp; Convenience<\/strong> \u2013 D&#039;un simple clic, vous \u00eates parti \u2013 sans tracas, sans stress.<\/li>\r\n<\/ul>\r\n<h2>Comment fonctionne notre service de taxi a\u00e9rien ?<\/h2>\r\n<p>R\u00e9server votre taxi a\u00e9rien est aussi simple que de r\u00e9server une course\u00a0:<\/p>\r\n<ol>\r\n<li><strong>Ouvrez le <a href=\"https:\/\/tiketi.com\/fr-fr\/download-tiketi-app\/\" target=\"_blank\" rel=\"noopener\">Application Tiketi<\/a>\u00a0<\/strong><\/li>\r\n<li><strong>Choisissez votre d\u00e9part<\/strong> from one of Chicago\u2019s many vertiports (e.g., Downtown Chicago, O&#8217;Hare International Airport, Navy Pier)<\/li>\r\n<li><strong>Choisissez votre avion<\/strong> \u2013 Choisissez un \u00e9l\u00e9gant taxi a\u00e9rien tout \u00e9lectrique \u00e0 2 ou 4 places<\/li>\r\n<li><strong>Confirmer et partir<\/strong> \u2013 Votre vol est r\u00e9serv\u00e9 en temps r\u00e9el et votre point d&#039;embarquement est pr\u00eat quand vous l&#039;\u00eates.<\/li>\r\n<\/ol>\r\n<p>In just a few minutes, you\u2019ll be airborne\u2014gliding over Chicago\u2019s iconic skyline and Lake Michigan, bypassing the traffic below.<\/p>\r\n<h2>Flying Taxi Routes in Chicago \u2013 Sky High in Minutes<\/h2>\r\n<p>Chicago\u2019s aerial transport network is quickly taking shape, with several major routes already in development:<\/p>\r\n<p>\u2022 <strong>O&#8217;Hare International Airport<\/strong> \u2192 Downtown Chicago \u2013 ~10 minutes (vs. 40-60 minutes by road)<br \/>\u2022 <strong>Downtown Chicago<\/strong> \u2192 O&#8217;Hare International Airport \u2013 12\u201315 minutes<\/p>\r\n<p>Les itin\u00e9raires futurs comprennent\u00a0:<\/p>\r\n<ul>\r\n<li><strong>Navy Pier \u2192 Lincoln Park<\/strong> (~7 minutes)<\/li>\r\n<li><strong>Chicago \u2192 Milwaukee<\/strong> (~20 minutes)<\/li>\r\n<\/ul>\r\n<p>With strong backing from Chicago\u2019s aviation authorities, we expect these flying taxi routes to be operational within the next few years.<\/p>\r\n<h2>Options de tarification et de r\u00e9servation des taxis volants<\/h2>\r\n<p>Nos prix sont comp\u00e9titifs et con\u00e7us pour offrir un rapport qualit\u00e9-prix maximal\u00a0:<\/p>\r\n<ul>\r\n<li><strong>Tarifs actuels\u00a0:<\/strong> ~$6.50 per passenger-mile (with prices expected to drop to ~$2.00 as demand increases)<\/li>\r\n<li><strong>Exemple:<\/strong> O&#8217;Hare International Airport to Downtown Chicago (~17 miles) = $115\u2013$230, comparable to high-end taxi services.<\/li>\r\n<\/ul>\r\n<p><strong>\u00c0 venir:<\/strong><\/p>\r\n<ul>\r\n<li><strong>Plans de transport en commun<\/strong><\/li>\r\n<li><strong>forfaits de groupe et d&#039;entreprise<\/strong><\/li>\r\n<li><strong>Remises sur volume<\/strong><\/li>\r\n<\/ul>\r\n<p>R\u00e9servez votre vol facilement via l&#039;application, en ligne ou avec notre service de conciergerie. Besoin de services suppl\u00e9mentaires comme un si\u00e8ge enfant ou un transfert\u00a0? Nous nous occupons de tout.<\/p>\r\n<h2>Qui est \u00e0 l&#039;avant-garde ?<\/h2>\r\n<p>Meet the pioneers bringing aerial mobility to Chicago:<\/p>\r\n<ul>\r\n<li><strong>Joby Aviation + United Airlines :<\/strong> Launching 200 mph eVTOL flights from Chicago\u2019s airports, priced similarly to premium car services.<\/li>\r\n<li><strong>Vertical Aerospace (\u00c9tats-Unis) :<\/strong> Certification de son avion VX4 pour les vols de 2028 \u2014 tarifs projet\u00e9s \u00e0 partir de $150.<\/li>\r\n<li><strong>Skyports :<\/strong> Developing vertiports and charging hubs across Chicago and the wider Midwest region.<\/li>\r\n<li><strong>Chicago Government:<\/strong> Investir massivement dans l&#039;infrastructure de mobilit\u00e9 a\u00e9rienne de la ville ouvre la voie \u00e0 un transport a\u00e9rien durable et de haute technologie.<\/li>\r\n<\/ul>\r\n<h2>Foire aux questions<\/h2>\r\n<h3>Pourquoi prendre un taxi a\u00e9rien ?<\/h3>\r\n<p>In a city famous for its architectural marvels, lakefront views, and bustling downtown, Chicago&#8217;s traffic congestion is notorious. The long, tedious commutes, crowded streets, and delayed public transport can turn a simple journey into a time-consuming hassle. But why sit in traffic when you could fly? Our eVTOL (electric vertical takeoff and landing) air taxis offer a faster, more efficient way to navigate Chicago\u2014whisking you from one part of the city to another in under 10 minutes. It\u2019s not just about getting there faster; it\u2019s about freeing up your time and avoiding the headaches of city traffic.<\/p>\r\n<h3>Est-ce s\u00fbr?<\/h3>\r\n<p>Oui. Tous les vols sont pilot\u00e9s par des professionnels certifi\u00e9s et respectent les normes de s\u00e9curit\u00e9 les plus strictes, avec de multiples syst\u00e8mes de s\u00e9curit\u00e9 redondants int\u00e9gr\u00e9s.<\/p>\r\n<h3>Les vols peuvent-ils \u00eatre assur\u00e9s par mauvais temps\u00a0?<\/h3>\r\n<p>Votre s\u00e9curit\u00e9 est notre priorit\u00e9 absolue. En cas d&#039;intemp\u00e9ries, nous vous en informerons imm\u00e9diatement et vous aiderons \u00e0 reporter votre r\u00e9servation ou \u00e0 obtenir un remboursement int\u00e9gral.<\/p>\r\n<h3>Puis-je apporter des bagages ?<\/h3>\r\n<p>Les bagages \u00e0 main sont les bienvenus. Pour les objets plus volumineux, nous organiserons leur transport terrestre jusqu&#039;\u00e0 votre destination.<\/p>\r\n\r\n\r\n\r\n<h2 id=\"here-are-some-of-the-best-advantages-of-electric-flying-taxi-in-chicago\" class=\"wp-block-heading\">Voici quelques-uns des meilleurs avantages du taxi volant \u00e9lectrique \u00e0 Chicago, Illinois<\/h2>\r\n\r\n\r\n\r\n<h3 id=\"what-are-evlto-electric-flying-taxis-in-chicago\" class=\"wp-block-heading\">Que sont les taxis volants \u00e9lectriques eVLTO \u00e0 Chicago ?<\/h3>\r\n\r\n\r\n\r\n<p>Les drones taxis de l&#039;avion de Chicago, appel\u00e9s eVTOL (d\u00e9collage et atterrissage verticaux \u00e9lectriques), ont \u00e9t\u00e9 con\u00e7us pour transporter des personnes dans l&#039;atmosph\u00e8re urbaine et citadine.<\/p>\r\n\r\n\r\n\r\n<p>L&#039;avion fonctionne sur batteries \u00e9lectriques et peut transporter un pilote et jusqu&#039;\u00e0 5 personnes, selon la s\u00e9rie de mod\u00e8les.<\/p>\r\n\r\n\r\n\r\n<p>Il aura une port\u00e9e allant jusqu&#039;\u00e0 300 miles et une vitesse maximale de 200 mph.<\/p>\r\n\r\n\r\n\r\n<h3 id=\"who-are-the-people-developing-electric-flying-taxi-in-chicago\" class=\"wp-block-heading\">Qui sont les personnes qui d\u00e9veloppent un taxi volant \u00e9lectrique \u00e0 Chicago ?<\/h3>\r\n\r\n\r\n\r\n<p>Sur cette base de v\u00e9hicules a\u00e9riens, chaque constructeur utilise ses secrets. Ensuite, les ing\u00e9nieurs font de leur mieux pour optimiser l&#039;avion en termes d&#039;autonomie, de vitesse et de nombre de passagers.<\/p>\r\n\r\n\r\n\r\n<p>Among all the start-ups that stand out, 6 of them caught our focus. The German firms Volocopter and Lilium, the Chinese Ehang and the American Joby Aviation, Wisk Air and Archer Aviation and more.<\/p>\r\n\r\n\r\n\r\n<h3 id=\"what-is-the-speed-of-autonomous-air-taxis-in-chicago\" class=\"wp-block-heading\">Quelle est la vitesse des taxis a\u00e9riens autonomes \u00e0 Chicago ?<\/h3>\r\n\r\n\r\n\r\n<p>Il ressemble un peu \u00e0 un h\u00e9licopt\u00e8re, sauf en lieu et place d&#039;1 grosse h\u00e9lice au-dessus de la cabine. Les taxis drones \u00e0 Chicago ont plus d&#039;h\u00e9lices qui jaillissent de chacune de ses 2 ailes. L&#039;avion enti\u00e8rement \u00e9lectrique \u00e0 z\u00e9ro \u00e9mission peut parcourir jusqu&#039;\u00e0 80 miles avec une seule charge et peut voyager \u00e0 des vitesses allant jusqu&#039;\u00e0 150 miles par heure.<\/p>\r\n\r\n\r\n\r\n<h3 id=\"are-these-electric-air-taxis-in-chicago-a-realistic-solution\" class=\"wp-block-heading\">Ces taxis a\u00e9riens \u00e9lectriques \u00e0 Chicago sont-ils une solution r\u00e9aliste ?<\/h3>\r\n\r\n<p>Le d\u00e9voilement \u00e0 Chicago est un signe parfait que les pens\u00e9es de r\u00e9servation en ligne de taxis volants \u00e9lectriques \u00e0 Chicago ne font plus r\u00eaver. Il y a une r\u00e9alit\u00e9 palpable dans les travaux, bien que le prototype fonctionnel soit toujours une \u00e9dition t\u00e9l\u00e9command\u00e9e \u00e0 petite \u00e9chelle sans capacit\u00e9 de transport de passagers.<\/p>\r\n<h3>Combien co\u00fbtera un taxi volant \u00e9lectrique \u00e0 Chicago ?<\/h3>\r\n\r\n<p>Initially, air taxis in Chicago will cost approximately $5.73 per passenger mile. The air taxi in Chicago price will then plummet to $1.85 per passenger mile before finally hitting the customer amazing fare rate of $0.44 per mile. You can easily book air flight tickets through electric flying\u00a0taxis in Chicago app.\u00a0<\/p>\r\n\r\n\r\n\r\n<h2 id=\"advantages-of-electric-chicago-air-taxi-booking-app\" class=\"wp-block-heading\">Advantages of electric air taxi\u00a0in\u00a0Chicago online booking app<\/h2>\r\n\r\n\r\n\r\n<p>Parmi ses autres avantages, les taxis drones \u00e0 Chicago pourraient fournir un boom \u00e9conomique en augmentant le nombre de personnes se dirigeant vers des lieux de loisirs et de tourisme qui ne sont pas \u00e0 proximit\u00e9 des grands a\u00e9roports.<\/p>\r\n\r\n\r\n\r\n<h3 id=\"would-drone-air-taxi-in-london-online-booking-app-be-used-to-book-a-electric-air-taxi-flight\" class=\"wp-block-heading\">Can the air taxis in Chicago online booking app be used to reserve electric air taxi flight tickets?<\/h3>\r\n\r\n\r\n\r\n<p>Yes, customers can seamlessly use online electric Chicago air taxi booking app to find the best route and book electric flying taxi in Chicago flight tickets anytime and anywhere.<\/p>\r\n<h2>Autres vols populaires en taxi a\u00e9rien<\/h2>\r\n<table border=\"0\" cellspacing=\"1\" cellpadding=\"1\">\r\n<tbody>\r\n<tr>\r\n<td>Bon march\u00e9 <a href=\"https:\/\/tiketi.com\/fr-fr\/volants\/taxi-aerien\/new-york-nyc\/\" target=\"_blank\" rel=\"noopener\">taxi a\u00e9rien \u00e0 New York<\/a><\/td>\r\n<td style=\"width: 30px;\">\u00a0<\/td>\r\n<td>Bon march\u00e9 <a href=\"https:\/\/tiketi.com\/fr-fr\/volants\/taxi-aerien\/miami\/\" target=\"_blank\" rel=\"noopener\">taxi a\u00e9rien \u00e0 Miami<\/a><\/td>\r\n<td style=\"width: 30px;\">\u00a0<\/td>\r\n<td>Bon march\u00e9 <a href=\"https:\/\/tiketi.com\/fr-fr\/volants\/taxi-aerien\/los-angeles\/\" target=\"_blank\" rel=\"noopener\">taxi a\u00e9rien \u00e0 Los Angeles<\/a><\/td>\r\n<\/tr>\r\n<tr>\r\n<td>Bon march\u00e9 <a href=\"https:\/\/tiketi.com\/fr-fr\/volants\/taxi-aerien\/san-francisco\/\" target=\"_blank\" rel=\"noopener\">taxi a\u00e9rien \u00e0 San Francisco<\/a><\/td>\r\n<td style=\"width: 30px;\">\u00a0<\/td>\r\n<td>Bon march\u00e9 <a href=\"https:\/\/tiketi.com\/fr-fr\/volants\/taxi-aerien\/philadelphia\/\" target=\"_blank\" rel=\"noopener\">taxi a\u00e9rien \u00e0 Philadelphie<\/a><\/td>\r\n<td style=\"width: 30px;\">\u00a0<\/td>\r\n<td>Bon march\u00e9 <a href=\"https:\/\/tiketi.com\/fr-fr\/volants\/taxi-aerien\/washington-dc\/\" target=\"_blank\" rel=\"noopener\">taxi a\u00e9rien \u00e0 Washington DC<\/a><\/td>\r\n<\/tr>\r\n<tr>\r\n<td>Bon march\u00e9 <a href=\"https:\/\/tiketi.com\/fr-fr\/volants\/taxi-aerien\/phoenix\/\" target=\"_blank\" rel=\"noopener\">taxi a\u00e9rien \u00e0 Phoenix<\/a><\/td>\r\n<td style=\"width: 30px;\">\u00a0<\/td>\r\n<td>Bon march\u00e9 <a href=\"https:\/\/tiketi.com\/fr-fr\/volants\/taxi-aerien\/california\/\" target=\"_blank\" rel=\"noopener\">taxi a\u00e9rien en Californie<\/a><\/td>\r\n<td style=\"width: 30px;\">\u00a0<\/td>\r\n<td>Bon march\u00e9 <a href=\"https:\/\/tiketi.com\/fr-fr\/volants\/taxi-aerien\/florida\/\" target=\"_blank\" rel=\"noopener\">taxi a\u00e9rien en Floride<\/a><\/td>\r\n<\/tr>\r\n<\/tbody>\r\n<\/table>\r\n<p><\/p>\r\n<p>&nbsp;<\/p>\r\n<p>&nbsp;<\/p>\r\n<p>&nbsp;<\/p>\r\n<!-- \/wp:post-content -->","protected":false},"excerpt":{"rendered":"<p>Book a Flying Taxi in Chicago \u2013 Safe, Fast, Eco-Friendly, and Affordable Urban Travel The Cheap air taxi in Chicago online booking app allows users to easily reserve helicopter and flying taxi flight tickets. Air taxis in Chicago make it possible to travel quickly and affordably across the city. With an abundance of museums, art [&hellip;]<\/p>\n","protected":false},"author":1,"featured_media":16505,"parent":25621,"menu_order":0,"comment_status":"open","ping_status":"closed","template":"template-home-modern.php","meta":{"footnotes":""},"class_list":["post-10750","page","type-page","status-publish","has-post-thumbnail","hentry"],"yoast_head":"<!-- This site is optimized with the Yoast SEO plugin v27.4 - https:\/\/yoast.com\/product\/yoast-seo-wordpress\/ -->\n<title>Book an Air Taxi in Chicago Online | Cheap Flying Taxi Fares<\/title>\n<meta name=\"description\" content=\"Book an air taxi in Chicago online with our app. Compare routes, fares, &amp; flight tickets for air taxis, &amp; find affordable flying taxi options\" \/>\n<meta name=\"robots\" content=\"index, follow, max-snippet:-1, max-image-preview:large, max-video-preview:-1\" \/>\n<link rel=\"canonical\" href=\"https:\/\/tiketi.com\/fr-fr\/volants\/taxi-aerien\/chicago\/\" \/>\n<meta property=\"og:locale\" content=\"fr_FR\" \/>\n<meta property=\"og:type\" content=\"article\" \/>\n<meta property=\"og:title\" content=\"Book an Air Taxi in Chicago Online | Cheap Flying Taxi Fares\" \/>\n<meta property=\"og:description\" content=\"Book an air taxi in Chicago online with our app. Compare routes, fares, &amp; flight tickets for air taxis, &amp; find affordable flying taxi options\" \/>\n<meta property=\"og:url\" content=\"https:\/\/tiketi.com\/fr-fr\/volants\/taxi-aerien\/chicago\/\" \/>\n<meta property=\"og:site_name\" content=\"Tiketi.com\" \/>\n<meta property=\"article:publisher\" content=\"https:\/\/www.facebook.com\/TiketiCom\/\" \/>\n<meta property=\"article:modified_time\" content=\"2025-10-15T14:37:34+00:00\" \/>\n<meta property=\"og:image\" content=\"https:\/\/tiketi.com\/wp-content\/uploads\/2022\/02\/chicago-6921285_1280.jpg\" \/>\n\t<meta property=\"og:image:width\" content=\"1200\" \/>\n\t<meta property=\"og:image:height\" content=\"205\" \/>\n\t<meta property=\"og:image:type\" content=\"image\/jpeg\" \/>\n<meta name=\"twitter:card\" content=\"summary_large_image\" \/>\n<meta name=\"twitter:label1\" content=\"Dur\u00e9e de lecture estim\u00e9e\" \/>\n\t<meta name=\"twitter:data1\" content=\"6 minutes\" \/>\n<script type=\"application\/ld+json\" class=\"yoast-schema-graph\">{\"@context\":\"https:\\\/\\\/schema.org\",\"@graph\":[{\"@type\":\"WebPage\",\"@id\":\"https:\\\/\\\/tiketi.com\\\/flying\\\/air-taxi\\\/chicago\\\/\",\"url\":\"https:\\\/\\\/tiketi.com\\\/flying\\\/air-taxi\\\/chicago\\\/\",\"name\":\"Book an Air Taxi in Chicago Online | Cheap Flying Taxi Fares\",\"isPartOf\":{\"@id\":\"https:\\\/\\\/tiketi.com\\\/#website\"},\"primaryImageOfPage\":{\"@id\":\"https:\\\/\\\/tiketi.com\\\/flying\\\/air-taxi\\\/chicago\\\/#primaryimage\"},\"image\":{\"@id\":\"https:\\\/\\\/tiketi.com\\\/flying\\\/air-taxi\\\/chicago\\\/#primaryimage\"},\"thumbnailUrl\":\"https:\\\/\\\/tiketi.com\\\/wp-content\\\/uploads\\\/2022\\\/02\\\/chicago-6921285_1280.jpg\",\"datePublished\":\"2022-01-19T11:53:47+00:00\",\"dateModified\":\"2025-10-15T14:37:34+00:00\",\"description\":\"Book an air taxi in Chicago online with our app. Compare routes, fares, & flight tickets for air taxis, & find affordable flying taxi options\",\"breadcrumb\":{\"@id\":\"https:\\\/\\\/tiketi.com\\\/flying\\\/air-taxi\\\/chicago\\\/#breadcrumb\"},\"inLanguage\":\"fr-FR\",\"potentialAction\":[{\"@type\":\"ReadAction\",\"target\":[\"https:\\\/\\\/tiketi.com\\\/flying\\\/air-taxi\\\/chicago\\\/\"]}]},{\"@type\":\"ImageObject\",\"inLanguage\":\"fr-FR\",\"@id\":\"https:\\\/\\\/tiketi.com\\\/flying\\\/air-taxi\\\/chicago\\\/#primaryimage\",\"url\":\"https:\\\/\\\/tiketi.com\\\/wp-content\\\/uploads\\\/2022\\\/02\\\/chicago-6921285_1280.jpg\",\"contentUrl\":\"https:\\\/\\\/tiketi.com\\\/wp-content\\\/uploads\\\/2022\\\/02\\\/chicago-6921285_1280.jpg\",\"width\":1200,\"height\":205,\"caption\":\"Air Taxi in Chicago\"},{\"@type\":\"BreadcrumbList\",\"@id\":\"https:\\\/\\\/tiketi.com\\\/flying\\\/air-taxi\\\/chicago\\\/#breadcrumb\",\"itemListElement\":[{\"@type\":\"ListItem\",\"position\":1,\"name\":\"Home\",\"item\":\"https:\\\/\\\/tiketi.com\\\/\"},{\"@type\":\"ListItem\",\"position\":2,\"name\":\"Flying\",\"item\":\"https:\\\/\\\/tiketi.com\\\/fr-fr\\\/volants\\\/\"},{\"@type\":\"ListItem\",\"position\":3,\"name\":\"Air Taxi\",\"item\":\"https:\\\/\\\/tiketi.com\\\/flying\\\/air-taxi\\\/\"},{\"@type\":\"ListItem\",\"position\":4,\"name\":\"Fly Over Chicago\u2019s Roads \u2013 Easy Air Taxi Chicago Online Bookings\"}]},{\"@type\":\"WebSite\",\"@id\":\"https:\\\/\\\/tiketi.com\\\/#website\",\"url\":\"https:\\\/\\\/tiketi.com\\\/\",\"name\":\"Flight & Bus Tickets, Tour Packages & Activitites - Tiketi.com\",\"description\":\"Flight &amp; Bus Tickets, Tours, Activitites\",\"publisher\":{\"@id\":\"https:\\\/\\\/tiketi.com\\\/#organization\"},\"potentialAction\":[{\"@type\":\"SearchAction\",\"target\":{\"@type\":\"EntryPoint\",\"urlTemplate\":\"https:\\\/\\\/tiketi.com\\\/?s={search_term_string}\"},\"query-input\":{\"@type\":\"PropertyValueSpecification\",\"valueRequired\":true,\"valueName\":\"search_term_string\"}}],\"inLanguage\":\"fr-FR\"},{\"@type\":\"Organization\",\"@id\":\"https:\\\/\\\/tiketi.com\\\/#organization\",\"name\":\"Tiketi.com\",\"alternateName\":\"Tiketi\",\"url\":\"https:\\\/\\\/tiketi.com\\\/\",\"logo\":{\"@type\":\"ImageObject\",\"inLanguage\":\"fr-FR\",\"@id\":\"https:\\\/\\\/tiketi.com\\\/#\\\/schema\\\/logo\\\/image\\\/\",\"url\":\"https:\\\/\\\/tiketi.com\\\/wp-content\\\/uploads\\\/2019\\\/05\\\/tiketi-logo-696.png\",\"contentUrl\":\"https:\\\/\\\/tiketi.com\\\/wp-content\\\/uploads\\\/2019\\\/05\\\/tiketi-logo-696.png\",\"width\":696,\"height\":696,\"caption\":\"Tiketi.com\"},\"image\":{\"@id\":\"https:\\\/\\\/tiketi.com\\\/#\\\/schema\\\/logo\\\/image\\\/\"},\"sameAs\":[\"https:\\\/\\\/www.facebook.com\\\/TiketiCom\\\/\"]}]}<\/script>\n<!-- \/ Yoast SEO plugin. -->","yoast_head_json":{"title":"R\u00e9servez un taxi a\u00e9rien \u00e0 Chicago en ligne | Tarifs avantageux pour les taxis a\u00e9riens","description":"Book an air taxi in Chicago online with our app. Compare routes, fares, & flight tickets for air taxis, & find affordable flying taxi options","robots":{"index":"index","follow":"follow","max-snippet":"max-snippet:-1","max-image-preview":"max-image-preview:large","max-video-preview":"max-video-preview:-1"},"canonical":"https:\/\/tiketi.com\/fr-fr\/volants\/taxi-aerien\/chicago\/","og_locale":"fr_FR","og_type":"article","og_title":"Book an Air Taxi in Chicago Online | Cheap Flying Taxi Fares","og_description":"Book an air taxi in Chicago online with our app. Compare routes, fares, & flight tickets for air taxis, & find affordable flying taxi options","og_url":"https:\/\/tiketi.com\/fr-fr\/volants\/taxi-aerien\/chicago\/","og_site_name":"Tiketi.com","article_publisher":"https:\/\/www.facebook.com\/TiketiCom\/","article_modified_time":"2025-10-15T14:37:34+00:00","og_image":[{"width":1200,"height":205,"url":"https:\/\/tiketi.com\/wp-content\/uploads\/2022\/02\/chicago-6921285_1280.jpg","type":"image\/jpeg"}],"twitter_card":"summary_large_image","twitter_misc":{"Dur\u00e9e de lecture estim\u00e9e":"6 minutes"},"schema":{"@context":"https:\/\/schema.org","@graph":[{"@type":"WebPage","@id":"https:\/\/tiketi.com\/flying\/air-taxi\/chicago\/","url":"https:\/\/tiketi.com\/flying\/air-taxi\/chicago\/","name":"R\u00e9servez un taxi a\u00e9rien \u00e0 Chicago en ligne | Tarifs avantageux pour les taxis a\u00e9riens","isPartOf":{"@id":"https:\/\/tiketi.com\/#website"},"primaryImageOfPage":{"@id":"https:\/\/tiketi.com\/flying\/air-taxi\/chicago\/#primaryimage"},"image":{"@id":"https:\/\/tiketi.com\/flying\/air-taxi\/chicago\/#primaryimage"},"thumbnailUrl":"https:\/\/tiketi.com\/wp-content\/uploads\/2022\/02\/chicago-6921285_1280.jpg","datePublished":"2022-01-19T11:53:47+00:00","dateModified":"2025-10-15T14:37:34+00:00","description":"Book an air taxi in Chicago online with our app. Compare routes, fares, & flight tickets for air taxis, & find affordable flying taxi options","breadcrumb":{"@id":"https:\/\/tiketi.com\/flying\/air-taxi\/chicago\/#breadcrumb"},"inLanguage":"fr-FR","potentialAction":[{"@type":"ReadAction","target":["https:\/\/tiketi.com\/flying\/air-taxi\/chicago\/"]}]},{"@type":"ImageObject","inLanguage":"fr-FR","@id":"https:\/\/tiketi.com\/flying\/air-taxi\/chicago\/#primaryimage","url":"https:\/\/tiketi.com\/wp-content\/uploads\/2022\/02\/chicago-6921285_1280.jpg","contentUrl":"https:\/\/tiketi.com\/wp-content\/uploads\/2022\/02\/chicago-6921285_1280.jpg","width":1200,"height":205,"caption":"Air Taxi in Chicago"},{"@type":"BreadcrumbList","@id":"https:\/\/tiketi.com\/flying\/air-taxi\/chicago\/#breadcrumb","itemListElement":[{"@type":"ListItem","position":1,"name":"Home","item":"https:\/\/tiketi.com\/"},{"@type":"ListItem","position":2,"name":"Flying","item":"https:\/\/tiketi.com\/fr-fr\/volants\/"},{"@type":"ListItem","position":3,"name":"Air Taxi","item":"https:\/\/tiketi.com\/flying\/air-taxi\/"},{"@type":"ListItem","position":4,"name":"Fly Over Chicago\u2019s Roads \u2013 Easy Air Taxi Chicago Online Bookings"}]},{"@type":"WebSite","@id":"https:\/\/tiketi.com\/#website","url":"https:\/\/tiketi.com\/","name":"Billets d&#039;avion et de bus, forfaits touristiques et activit\u00e9s - Tiketi.com","description":"Billets d&#039;avion et de bus, Tours, Activit\u00e9s","publisher":{"@id":"https:\/\/tiketi.com\/#organization"},"potentialAction":[{"@type":"SearchAction","target":{"@type":"EntryPoint","urlTemplate":"https:\/\/tiketi.com\/?s={search_term_string}"},"query-input":{"@type":"PropertyValueSpecification","valueRequired":true,"valueName":"search_term_string"}}],"inLanguage":"fr-FR"},{"@type":"Organization","@id":"https:\/\/tiketi.com\/#organization","name":"Tiketi.com","alternateName":"Tiketi","url":"https:\/\/tiketi.com\/","logo":{"@type":"ImageObject","inLanguage":"fr-FR","@id":"https:\/\/tiketi.com\/#\/schema\/logo\/image\/","url":"https:\/\/tiketi.com\/wp-content\/uploads\/2019\/05\/tiketi-logo-696.png","contentUrl":"https:\/\/tiketi.com\/wp-content\/uploads\/2019\/05\/tiketi-logo-696.png","width":696,"height":696,"caption":"Tiketi.com"},"image":{"@id":"https:\/\/tiketi.com\/#\/schema\/logo\/image\/"},"sameAs":["https:\/\/www.facebook.com\/TiketiCom\/"]}]}},"_links":{"self":[{"href":"https:\/\/tiketi.com\/fr-fr\/wp-json\/wp\/v2\/pages\/10750","targetHints":{"allow":["GET"]}}],"collection":[{"href":"https:\/\/tiketi.com\/fr-fr\/wp-json\/wp\/v2\/pages"}],"about":[{"href":"https:\/\/tiketi.com\/fr-fr\/wp-json\/wp\/v2\/types\/page"}],"author":[{"embeddable":true,"href":"https:\/\/tiketi.com\/fr-fr\/wp-json\/wp\/v2\/users\/1"}],"replies":[{"embeddable":true,"href":"https:\/\/tiketi.com\/fr-fr\/wp-json\/wp\/v2\/comments?post=10750"}],"version-history":[{"count":8,"href":"https:\/\/tiketi.com\/fr-fr\/wp-json\/wp\/v2\/pages\/10750\/revisions"}],"predecessor-version":[{"id":34456,"href":"https:\/\/tiketi.com\/fr-fr\/wp-json\/wp\/v2\/pages\/10750\/revisions\/34456"}],"up":[{"embeddable":true,"href":"https:\/\/tiketi.com\/fr-fr\/wp-json\/wp\/v2\/pages\/25621"}],"wp:featuredmedia":[{"embeddable":true,"href":"https:\/\/tiketi.com\/fr-fr\/wp-json\/wp\/v2\/media\/16505"}],"wp:attachment":[{"href":"https:\/\/tiketi.com\/fr-fr\/wp-json\/wp\/v2\/media?parent=10750"}],"curies":[{"name":"wp","href":"https:\/\/api.w.org\/{rel}","templated":true}]}}