{"id":10751,"date":"2022-01-19T12:53:47","date_gmt":"2022-01-19T11:53:47","guid":{"rendered":"https:\/\/new.tiketi.com\/canada-air-taxi-booking-app-electric-flying-taxis\/"},"modified":"2023-09-12T17:08:32","modified_gmt":"2023-09-12T16:08:32","slug":"canada","status":"publish","type":"page","link":"https:\/\/tiketi.com\/fr-fr\/volants\/taxi-aerien\/canada\/","title":{"rendered":"Taxi a\u00e9rien au Canada R\u00e9servation en ligne - Itin\u00e9raires de vol, horaires et tarifs"},"content":{"rendered":"<h2 class=\"wp-block-heading\" id=\"electric-canada-air-taxi-booking-app\">Application de r\u00e9servation de taxi a\u00e9rien d&#039;Electric Canada<\/h2>\n\n\n\n<p>Electric air taxi in Canada online booking app service enable users to book drone flying taxi in Canada flight tickets major cities and metropolitan areas in Canada anytime &#8211; we are making Canada air taxi booking simple, affordable and accessible for everyone. Autonomous electric air taxis in Canada makes possible to travel cheap and fast in Canada. Canada is a country that has much to provide visitors, from island sights to wonderful waterfalls and mountain. Stretching from the Atlantic to the Pacific coasts, this former British and French colony has a rich heritage from the North Coast Indians of British Columbia to the French explorers of Quebec. Since both English and French are the national language, a visit to Canada is like visiting 2 nations. As with so many other things you will be able to make anytime and anywhere drone taxi&nbsp;in Canada online booking for your air taxi flight.<\/p>\n\n\n\n<h2 class=\"wp-block-heading\" id=\"here-are-some-of-the-best-advantages-of-electric-flying-taxi-in-canada\">Voici quelques-uns des meilleurs avantages du taxi volant \u00e9lectrique au Canada<\/h2>\n\n\n\n<h3 class=\"wp-block-heading\" id=\"what-is-the-electric-air-taxis-in-canada\">Qu&#039;est-ce que les taxis a\u00e9riens \u00e9lectriques au Canada?<\/h3>\n\n\n\n<p>Un taxi a\u00e9rien drone est une chose dont seuls les r\u00eaves sont faits. Jusqu&#039;\u00e0 ce que certains r\u00eaveurs commencent \u00e0 penser que les progr\u00e8s des batteries, des moteurs \u00e9lectriques, des mat\u00e9riaux l\u00e9gers et de l&#039;IA pourraient faire du taxi a\u00e9rien plus qu&#039;une chim\u00e8re.<\/p>\n\n\n\n<h3 class=\"wp-block-heading\" id=\"what-is-the-flight-time-of-autonomous-air-taxis-in-canada\">Quel est le temps de vol des taxis a\u00e9riens autonomes au Canada ?<\/h3>\n\n\n\n<p>Les drones des petits taxis volants \u00e9lectriques au Canada peuvent voler 20 ou 30 minutes avant de devoir recharger leurs batteries, et vous pouvez effectuer une bonne quantit\u00e9 de travail pendant ce temps. D&#039;un autre c\u00f4t\u00e9, les taxis drones au Canada doivent couvrir une distance suffisante pour qu&#039;ils valorisent l&#039;air au lieu de conduire. Aujourd&#039;hui, les eVTOL peuvent remplacer des vols de 10 ou 20 minutes, certains approchant une demi-heure. Guinn ne pense pas que ce soit suffisant.<\/p>\n\n\n\n<h3 class=\"wp-block-heading\" id=\"is-electric-flying-taxi-in-canada-reliable-and-safe\">Le taxi volant \u00e9lectrique au Canada est-il fiable et s\u00e9curitaire?<\/h3>\n\n\n\n<p>Partout sur la plan\u00e8te, de nombreux prototypes eVTOL sont en cours de d\u00e9veloppement en tant que v\u00e9hicule id\u00e9al pour les d\u00e9placements urbains, r\u00e9solvant les principaux probl\u00e8mes de bruit, de performances, d&#039;efficacit\u00e9 op\u00e9rationnelle, de s\u00e9curit\u00e9, de fiabilit\u00e9 et d&#039;abordabilit\u00e9 de diff\u00e9rentes mani\u00e8res. Uber, qui a invit\u00e9 5 constructeurs d&#039;avions - vol Boeing Aurora, Bell, Karem, Embraer et Pipistrel - \u00e0 soumettre des propositions en utilisant les sp\u00e9cifications d&#039;Ubers, pr\u00e9voit de commencer par des avions pilot\u00e9s et de passer \u00e0 l&#039;autonomie, tandis que d&#039;autres comme Airbus et Kitty Hawak pr\u00f4nent l&#039;autonomie de le commencement.<\/p>\n\n\n\n<h3 class=\"wp-block-heading\" id=\"how-much-will-electric-flying-taxis-in-canada-cost\">Combien co\u00fbteront les taxis volants \u00e9lectriques au Canada?<\/h3>\n\n\n\n<p>Initially, air taxis in Canada will cost approximately $5.73 per passenger mile. You can easily book drone air taxi flight tickets through electric flying\u00a0taxis in Canada app.\u00a0The air taxi in Canada price will then plummet to $1.85 per passenger mile before finally hitting the customer amazing rate of $0.44 per mile.<\/p>\n\n\n\n<h2 class=\"wp-block-heading\" id=\"advantages-of-electric-canada-air-taxi-booking-app\">Advantages of electric air taxi in Canada booking app<\/h2>\n\n\n\n<p>Parmi ses autres avantages, la r\u00e9servation en ligne de taxi drone au Canada pourrait fournir un boom \u00e9conomique en augmentant le nombre de personnes se dirigeant vers des lieux de loisirs et de tourisme qui ne sont pas \u00e0 proximit\u00e9 des grands a\u00e9roports.<\/p>\n\n\n\n<h3 class=\"wp-block-heading\" id=\"would-drone-air-taxi-in-canada-online-booking-app-be-used-to-book-a-electric-air-taxi-flight\">Would drone Canada air taxi online booking app be used to book a electric air taxi flight tickets?<\/h3>\n\n\n\n<p>Les passagers seront en mesure de trouver le meilleur itin\u00e9raire et de r\u00e9server les jets \u00e9lectriques via l&#039;application de r\u00e9servation de taxi drone en ligne au Canada \u00e0 tout moment, n&#039;importe o\u00f9.<\/p>\n\n\n\n<h3 class=\"wp-block-heading\" id=\"how-can-i-book-an-drone-taxi-in-canada-ride\">Comment puis-je r\u00e9server un taxi drone au Canada?<\/h3>\n\n\n\n<p>Les passagers pourront r\u00e9server les jets \u00e9lectriques via l&#039;application de r\u00e9servation de taxis a\u00e9riens du Canada.<\/p>\n\n\n\n<p>Le syst\u00e8me ciblera \u00e9galement les zones rurales, o\u00f9 la construction d&#039;autoroutes ou de trains \u00e0 grande vitesse n&#039;aurait pas de sens financi\u00e8rement. En France, par exemple, une petite ville des Pyr\u00e9n\u00e9es peut \u00eatre \u00e0 2 heures en v\u00e9hicule d&#039;une ville comme Toulouse, dont une heure sur une grande autoroute puis une autre heure sur de petites routes rurales. En th\u00e9orie, un taxi volant \u00e9lectrique \u00e9lectrique au Canada pourrait r\u00e9duire ce trajet \u00e0 trente minutes.<\/p>","protected":false},"excerpt":{"rendered":"<p>Electric Canada Air Taxi Booking App Electric air taxi in Canada online booking app service enable users to book drone flying taxi in Canada flight tickets major cities and metropolitan areas in Canada anytime &#8211; we are making Canada air taxi booking simple, affordable and accessible for everyone. Autonomous electric air taxis in Canada makes [&hellip;]<\/p>\n","protected":false},"author":1,"featured_media":16144,"parent":25621,"menu_order":0,"comment_status":"open","ping_status":"closed","template":"template-home-modern.php","meta":{"footnotes":""},"class_list":["post-10751","page","type-page","status-publish","has-post-thumbnail","hentry"],"yoast_head":"<!-- This site is optimized with the Yoast SEO plugin v27.2 - https:\/\/yoast.com\/product\/yoast-seo-wordpress\/ -->\n<title>Air Taxi in Canada Online Booking - Electric Flying Taxis<\/title>\n<meta name=\"description\" content=\"Looking for drone air taxi in Canada online booking app, routes, schedule and fares? Compare Canada air taxis flight tickets and book cheap flying taxi in Canada\" \/>\n<meta name=\"robots\" content=\"index, follow, max-snippet:-1, max-image-preview:large, max-video-preview:-1\" \/>\n<link rel=\"canonical\" href=\"https:\/\/tiketi.com\/fr-fr\/volants\/taxi-aerien\/canada\/\" \/>\n<meta property=\"og:locale\" content=\"fr_FR\" \/>\n<meta property=\"og:type\" content=\"article\" \/>\n<meta property=\"og:title\" content=\"Air Taxi in Canada Online Booking - Electric Flying Taxis\" \/>\n<meta property=\"og:description\" content=\"Looking for drone air taxi in Canada online booking app, routes, schedule and fares? Compare Canada air taxis flight tickets and book cheap flying taxi in Canada\" \/>\n<meta property=\"og:url\" content=\"https:\/\/tiketi.com\/fr-fr\/volants\/taxi-aerien\/canada\/\" \/>\n<meta property=\"og:site_name\" content=\"Tiketi.com\" \/>\n<meta property=\"article:publisher\" content=\"https:\/\/www.facebook.com\/TiketiCom\/\" \/>\n<meta property=\"article:modified_time\" content=\"2023-09-12T16:08:32+00:00\" \/>\n<meta property=\"og:image\" content=\"https:\/\/tiketi.com\/wp-content\/uploads\/2022\/02\/toronto-73508_1280.jpg\" \/>\n\t<meta property=\"og:image:width\" content=\"1280\" \/>\n\t<meta property=\"og:image:height\" content=\"203\" \/>\n\t<meta property=\"og:image:type\" content=\"image\/jpeg\" \/>\n<meta name=\"twitter:card\" content=\"summary_large_image\" \/>\n<meta name=\"twitter:label1\" content=\"Dur\u00e9e de lecture estim\u00e9e\" \/>\n\t<meta name=\"twitter:data1\" content=\"3 minutes\" \/>\n<script type=\"application\/ld+json\" class=\"yoast-schema-graph\">{\"@context\":\"https:\/\/schema.org\",\"@graph\":[{\"@type\":\"WebPage\",\"@id\":\"https:\/\/tiketi.com\/flying\/air-taxi\/canada\/\",\"url\":\"https:\/\/tiketi.com\/flying\/air-taxi\/canada\/\",\"name\":\"Air Taxi in Canada Online Booking - Electric Flying Taxis\",\"isPartOf\":{\"@id\":\"https:\/\/tiketi.com\/#website\"},\"primaryImageOfPage\":{\"@id\":\"https:\/\/tiketi.com\/flying\/air-taxi\/canada\/#primaryimage\"},\"image\":{\"@id\":\"https:\/\/tiketi.com\/flying\/air-taxi\/canada\/#primaryimage\"},\"thumbnailUrl\":\"https:\/\/tiketi.com\/wp-content\/uploads\/2022\/02\/toronto-73508_1280.jpg\",\"datePublished\":\"2022-01-19T11:53:47+00:00\",\"dateModified\":\"2023-09-12T16:08:32+00:00\",\"description\":\"Looking for drone air taxi in Canada online booking app, routes, schedule and fares? Compare Canada air taxis flight tickets and book cheap flying taxi in Canada\",\"breadcrumb\":{\"@id\":\"https:\/\/tiketi.com\/flying\/air-taxi\/canada\/#breadcrumb\"},\"inLanguage\":\"fr-FR\",\"potentialAction\":[{\"@type\":\"ReadAction\",\"target\":[\"https:\/\/tiketi.com\/flying\/air-taxi\/canada\/\"]}]},{\"@type\":\"ImageObject\",\"inLanguage\":\"fr-FR\",\"@id\":\"https:\/\/tiketi.com\/flying\/air-taxi\/canada\/#primaryimage\",\"url\":\"https:\/\/tiketi.com\/wp-content\/uploads\/2022\/02\/toronto-73508_1280.jpg\",\"contentUrl\":\"https:\/\/tiketi.com\/wp-content\/uploads\/2022\/02\/toronto-73508_1280.jpg\",\"width\":1280,\"height\":203,\"caption\":\"Air Taxi in Canada\"},{\"@type\":\"BreadcrumbList\",\"@id\":\"https:\/\/tiketi.com\/flying\/air-taxi\/canada\/#breadcrumb\",\"itemListElement\":[{\"@type\":\"ListItem\",\"position\":1,\"name\":\"Home\",\"item\":\"https:\/\/tiketi.com\/\"},{\"@type\":\"ListItem\",\"position\":2,\"name\":\"Flying\",\"item\":\"https:\/\/tiketi.com\/fr-fr\/volants\/\"},{\"@type\":\"ListItem\",\"position\":3,\"name\":\"Air Taxi\",\"item\":\"https:\/\/tiketi.com\/flying\/air-taxi\/\"},{\"@type\":\"ListItem\",\"position\":4,\"name\":\"Air Taxi in Canada Online Booking &#8211; Flying Routes, Schedule &#038; Fares\"}]},{\"@type\":\"WebSite\",\"@id\":\"https:\/\/tiketi.com\/#website\",\"url\":\"https:\/\/tiketi.com\/\",\"name\":\"Flight & Bus Tickets, Tour Packages & Activitites - Tiketi.com\",\"description\":\"Flight &amp; Bus Tickets, Tours, Activitites\",\"publisher\":{\"@id\":\"https:\/\/tiketi.com\/#organization\"},\"potentialAction\":[{\"@type\":\"SearchAction\",\"target\":{\"@type\":\"EntryPoint\",\"urlTemplate\":\"https:\/\/tiketi.com\/?s={search_term_string}\"},\"query-input\":{\"@type\":\"PropertyValueSpecification\",\"valueRequired\":true,\"valueName\":\"search_term_string\"}}],\"inLanguage\":\"fr-FR\"},{\"@type\":\"Organization\",\"@id\":\"https:\/\/tiketi.com\/#organization\",\"name\":\"Tiketi.com\",\"alternateName\":\"Tiketi\",\"url\":\"https:\/\/tiketi.com\/\",\"logo\":{\"@type\":\"ImageObject\",\"inLanguage\":\"fr-FR\",\"@id\":\"https:\/\/tiketi.com\/#\/schema\/logo\/image\/\",\"url\":\"https:\/\/tiketi.com\/wp-content\/uploads\/2019\/05\/tiketi-logo-696.png\",\"contentUrl\":\"https:\/\/tiketi.com\/wp-content\/uploads\/2019\/05\/tiketi-logo-696.png\",\"width\":696,\"height\":696,\"caption\":\"Tiketi.com\"},\"image\":{\"@id\":\"https:\/\/tiketi.com\/#\/schema\/logo\/image\/\"},\"sameAs\":[\"https:\/\/www.facebook.com\/TiketiCom\/\"]}]}<\/script>\n<!-- \/ Yoast SEO plugin. -->","yoast_head_json":{"title":"Taxi a\u00e9rien au Canada R\u00e9servation en ligne - Taxis volants \u00e9lectriques","description":"Vous recherchez une application de r\u00e9servation en ligne, des itin\u00e9raires, des horaires et des tarifs de taxi a\u00e9rien drone au Canada? Comparez les billets d&#039;avion des taxis a\u00e9riens du Canada et r\u00e9servez un taxi volant pas cher au Canada","robots":{"index":"index","follow":"follow","max-snippet":"max-snippet:-1","max-image-preview":"max-image-preview:large","max-video-preview":"max-video-preview:-1"},"canonical":"https:\/\/tiketi.com\/fr-fr\/volants\/taxi-aerien\/canada\/","og_locale":"fr_FR","og_type":"article","og_title":"Air Taxi in Canada Online Booking - Electric Flying Taxis","og_description":"Looking for drone air taxi in Canada online booking app, routes, schedule and fares? Compare Canada air taxis flight tickets and book cheap flying taxi in Canada","og_url":"https:\/\/tiketi.com\/fr-fr\/volants\/taxi-aerien\/canada\/","og_site_name":"Tiketi.com","article_publisher":"https:\/\/www.facebook.com\/TiketiCom\/","article_modified_time":"2023-09-12T16:08:32+00:00","og_image":[{"width":1280,"height":203,"url":"https:\/\/tiketi.com\/wp-content\/uploads\/2022\/02\/toronto-73508_1280.jpg","type":"image\/jpeg"}],"twitter_card":"summary_large_image","twitter_misc":{"Dur\u00e9e de lecture estim\u00e9e":"3 minutes"},"schema":{"@context":"https:\/\/schema.org","@graph":[{"@type":"WebPage","@id":"https:\/\/tiketi.com\/flying\/air-taxi\/canada\/","url":"https:\/\/tiketi.com\/flying\/air-taxi\/canada\/","name":"Taxi a\u00e9rien au Canada R\u00e9servation en ligne - Taxis volants \u00e9lectriques","isPartOf":{"@id":"https:\/\/tiketi.com\/#website"},"primaryImageOfPage":{"@id":"https:\/\/tiketi.com\/flying\/air-taxi\/canada\/#primaryimage"},"image":{"@id":"https:\/\/tiketi.com\/flying\/air-taxi\/canada\/#primaryimage"},"thumbnailUrl":"https:\/\/tiketi.com\/wp-content\/uploads\/2022\/02\/toronto-73508_1280.jpg","datePublished":"2022-01-19T11:53:47+00:00","dateModified":"2023-09-12T16:08:32+00:00","description":"Vous recherchez une application de r\u00e9servation en ligne, des itin\u00e9raires, des horaires et des tarifs de taxi a\u00e9rien drone au Canada? Comparez les billets d&#039;avion des taxis a\u00e9riens du Canada et r\u00e9servez un taxi volant pas cher au Canada","breadcrumb":{"@id":"https:\/\/tiketi.com\/flying\/air-taxi\/canada\/#breadcrumb"},"inLanguage":"fr-FR","potentialAction":[{"@type":"ReadAction","target":["https:\/\/tiketi.com\/flying\/air-taxi\/canada\/"]}]},{"@type":"ImageObject","inLanguage":"fr-FR","@id":"https:\/\/tiketi.com\/flying\/air-taxi\/canada\/#primaryimage","url":"https:\/\/tiketi.com\/wp-content\/uploads\/2022\/02\/toronto-73508_1280.jpg","contentUrl":"https:\/\/tiketi.com\/wp-content\/uploads\/2022\/02\/toronto-73508_1280.jpg","width":1280,"height":203,"caption":"Air Taxi in Canada"},{"@type":"BreadcrumbList","@id":"https:\/\/tiketi.com\/flying\/air-taxi\/canada\/#breadcrumb","itemListElement":[{"@type":"ListItem","position":1,"name":"Home","item":"https:\/\/tiketi.com\/"},{"@type":"ListItem","position":2,"name":"Flying","item":"https:\/\/tiketi.com\/fr-fr\/volants\/"},{"@type":"ListItem","position":3,"name":"Air Taxi","item":"https:\/\/tiketi.com\/flying\/air-taxi\/"},{"@type":"ListItem","position":4,"name":"Air Taxi in Canada Online Booking &#8211; Flying Routes, Schedule &#038; Fares"}]},{"@type":"WebSite","@id":"https:\/\/tiketi.com\/#website","url":"https:\/\/tiketi.com\/","name":"Billets d&#039;avion et de bus, forfaits touristiques et activit\u00e9s - Tiketi.com","description":"Billets d&#039;avion et de bus, Tours, Activit\u00e9s","publisher":{"@id":"https:\/\/tiketi.com\/#organization"},"potentialAction":[{"@type":"SearchAction","target":{"@type":"EntryPoint","urlTemplate":"https:\/\/tiketi.com\/?s={search_term_string}"},"query-input":{"@type":"PropertyValueSpecification","valueRequired":true,"valueName":"search_term_string"}}],"inLanguage":"fr-FR"},{"@type":"Organization","@id":"https:\/\/tiketi.com\/#organization","name":"Tiketi.com","alternateName":"Tiketi","url":"https:\/\/tiketi.com\/","logo":{"@type":"ImageObject","inLanguage":"fr-FR","@id":"https:\/\/tiketi.com\/#\/schema\/logo\/image\/","url":"https:\/\/tiketi.com\/wp-content\/uploads\/2019\/05\/tiketi-logo-696.png","contentUrl":"https:\/\/tiketi.com\/wp-content\/uploads\/2019\/05\/tiketi-logo-696.png","width":696,"height":696,"caption":"Tiketi.com"},"image":{"@id":"https:\/\/tiketi.com\/#\/schema\/logo\/image\/"},"sameAs":["https:\/\/www.facebook.com\/TiketiCom\/"]}]}},"_links":{"self":[{"href":"https:\/\/tiketi.com\/fr-fr\/wp-json\/wp\/v2\/pages\/10751","targetHints":{"allow":["GET"]}}],"collection":[{"href":"https:\/\/tiketi.com\/fr-fr\/wp-json\/wp\/v2\/pages"}],"about":[{"href":"https:\/\/tiketi.com\/fr-fr\/wp-json\/wp\/v2\/types\/page"}],"author":[{"embeddable":true,"href":"https:\/\/tiketi.com\/fr-fr\/wp-json\/wp\/v2\/users\/1"}],"replies":[{"embeddable":true,"href":"https:\/\/tiketi.com\/fr-fr\/wp-json\/wp\/v2\/comments?post=10751"}],"version-history":[{"count":0,"href":"https:\/\/tiketi.com\/fr-fr\/wp-json\/wp\/v2\/pages\/10751\/revisions"}],"up":[{"embeddable":true,"href":"https:\/\/tiketi.com\/fr-fr\/wp-json\/wp\/v2\/pages\/25621"}],"wp:featuredmedia":[{"embeddable":true,"href":"https:\/\/tiketi.com\/fr-fr\/wp-json\/wp\/v2\/media\/16144"}],"wp:attachment":[{"href":"https:\/\/tiketi.com\/fr-fr\/wp-json\/wp\/v2\/media?parent=10751"}],"curies":[{"name":"wp","href":"https:\/\/api.w.org\/{rel}","templated":true}]}}