{"id":10753,"date":"2022-01-19T12:53:47","date_gmt":"2022-01-19T11:53:47","guid":{"rendered":"https:\/\/new.tiketi.com\/brazil-air-taxi-booking-app-electric-flying-taxis\/"},"modified":"2022-10-14T13:08:50","modified_gmt":"2022-10-14T12:08:50","slug":"brazil","status":"publish","type":"page","link":"https:\/\/tiketi.com\/fr-fr\/volants\/taxi-aerien\/brazil\/","title":{"rendered":"Taxi a\u00e9rien au Br\u00e9sil R\u00e9servation en ligne - Itin\u00e9raires de vol, horaires et tarifs"},"content":{"rendered":"<h2 class=\"wp-block-heading\" id=\"electric-brazil-air-taxi-booking-app\">Application de r\u00e9servation de taxi a\u00e9rien \u00e9lectrique au Br\u00e9sil<\/h2>\r\n\r\n\r\n\r\n<p>Le service d&#039;application de r\u00e9servation en ligne de taxi a\u00e9rien \u00e9lectrique au Br\u00e9sil permet aux utilisateurs de r\u00e9server des billets d&#039;avion en taxi a\u00e9rien au Br\u00e9sil \u00e0 tout moment - nous rendons la r\u00e9servation de taxi a\u00e9rien au Br\u00e9sil simple, abordable et accessible \u00e0 tous. Les taxis a\u00e9riens \u00e9lectriques autonomes au Br\u00e9sil permettent de voyager pas cher et rapidement au Br\u00e9sil. Des plages de sable blanc, des m\u00e9tropoles musicales, des \u00eeles tropicales et de merveilleuses villes coloniales pars\u00e8ment son littoral de 7 500 km de long. \u00c0 l&#039;int\u00e9rieur des terres, les attractions touristiques du Br\u00e9sil consistent en d&#039;imposantes cascades, des zones humides remplies d&#039;animaux sauvages et la nature sauvage intacte de la for\u00eat amazonienne o\u00f9 de nombreuses tribus isol\u00e9es vivent encore sans aucun contact avec le reste de la plan\u00e8te. Comme pour tant d&#039;autres choses, vous pourrez r\u00e9server en ligne \u00e0 tout moment et n&#039;importe o\u00f9 un taxi drone au Br\u00e9sil pour votre vol en taxi a\u00e9rien \u00e9lectrique.<\/p>\r\n\r\n\r\n\r\n<h2 class=\"wp-block-heading\" id=\"here-are-some-of-the-best-advantages-of-electric-flying-taxi-in-brazil\">Voici quelques-uns des meilleurs avantages du taxi volant \u00e9lectrique au Br\u00e9sil<\/h2>\r\n\r\n\r\n\r\n<h3 class=\"wp-block-heading\" id=\"are-electric-flying-taxi-in-brazil-eco-friendly\">Les taxis volants \u00e9lectriques au Br\u00e9sil sont-ils \u00e9cologiques ?<\/h3>\r\n\r\n\r\n\r\n<p>L&#039;utilisation de piles \u00e0 combustible, qui g\u00e9n\u00e8rent de l&#039;\u00e9lectricit\u00e9 \u00e0 l&#039;aide d&#039;hydrog\u00e8ne, pourrait potentiellement \u00e9tendre la capacit\u00e9 des drones taxis au Br\u00e9sil tout en maintenant de faibles \u00e9missions. Bien qu&#039;il y ait des probl\u00e8mes \u00e0 r\u00e9soudre autour de la production d&#039;hydrog\u00e8ne vert et d&#039;hydrog\u00e8ne bleu, les avions eVTOL \u00e0 pile \u00e0 combustible pourraient \u00eatre une chance pour les entreprises et les pays qui investissent massivement dans le d\u00e9veloppement d&#039;infrastructures d&#039;hydrog\u00e8ne.<\/p>\r\n\r\n\r\n\r\n<h3 class=\"wp-block-heading\" id=\"what-is-the-future-of-autonomous-air-taxis-in-brazil\">Quel est l&#039;avenir des taxis a\u00e9riens autonomes au Br\u00e9sil ?<\/h3>\r\n\r\n\r\n\r\n<p>Nous esp\u00e9rons que la premi\u00e8re r\u00e9servation en ligne de taxi drone au Br\u00e9sil qui entrera en service dans les 3 \u00e0 5 prochaines ann\u00e9es offrira des moments surprenants aux passagers novices. Le premier de ces v\u00e9hicules a\u00e9riens circulera sur de courts trajets intra-urbains avec une dizaine de minutes de temps de vol, emmenant les passagers d&#039;un endroit \u00e0 l&#039;autre via le peu d&#039;itin\u00e9raire possible.<\/p>\r\n\r\n\r\n\r\n<h3 class=\"wp-block-heading\" id=\"what-is-the-speed-of-electric-air-taxis-in-brazil\">Quelle est la vitesse des taxis a\u00e9riens \u00e9lectriques au Br\u00e9sil ?<\/h3>\r\n\r\n\r\n\r\n<p>Le v\u00e9hicule pour 5 personnes aura une vitesse de croisi\u00e8re de 180 mph et une altitude de croisi\u00e8re d&#039;environ 1 000 \u00e0 2 000 pieds au-dessus du sol. Les taxis volants par drone au Br\u00e9sil g\u00e9n\u00e9reront moins de bruit qu&#039;un h\u00e9licopt\u00e8re \u00e0 moteur \u00e0 combustion, ce qui est important pour les villes pr\u00e9occup\u00e9es par la pollution sonore.<\/p>\r\n\r\n\r\n\r\n<p>Fonctionnement \u00e9lectrique, bruit minimal et fonctions de d\u00e9collage et d&#039;atterrissage verticaux - ainsi qu&#039;une entreprise capable d&#039;adapter la production pour construire des dizaines de milliers de v\u00e9hicules afin de r\u00e9pondre \u00e0 la demande de service \u00e0 la demande.<\/p>\r\n<h3>Combien co\u00fbtera un taxi volant \u00e9lectrique au Br\u00e9sil ?<\/h3>\r\n\r\n\r\n\r\n<p>Au d\u00e9part, les taxis a\u00e9riens au Br\u00e9sil co\u00fbteront environ $5,73 par passager-mile. Vous pouvez facilement r\u00e9server des billets d&#039;avion en taxi a\u00e9rien via des taxis volants \u00e9lectriques dans l&#039;application Br\u00e9sil. Le tarif des taxis drones au Br\u00e9sil chutera ensuite \u00e0 $1,85 par mile passager avant de finalement atteindre le taux incroyable du client de $0,44 par mile.<\/p>\r\n\r\n\r\n\r\n<h2 class=\"wp-block-heading\" id=\"advantages-of-electric-brazil-air-taxi-booking-app\">Avantages de l&#039;application de r\u00e9servation de taxi a\u00e9rien \u00e9lectrique au Br\u00e9sil<\/h2>\r\n\r\n\r\n\r\n<p>Parmi ses autres avantages, la r\u00e9servation de taxis a\u00e9riens par drone au Br\u00e9sil pourrait fournir un boom \u00e9conomique en augmentant le nombre de personnes se dirigeant vers des lieux de loisirs et de tourisme qui ne sont pas \u00e0 proximit\u00e9 des grands a\u00e9roports.<\/p>\r\n\r\n\r\n\r\n<h3 class=\"wp-block-heading\" id=\"would-drone-air-taxi-in-brazil-online-booking-app-be-used-to-book-a-electric-air-taxi-flight\">L&#039;application de r\u00e9servation en ligne de drone a\u00e9rien au Br\u00e9sil serait-elle utilis\u00e9e pour r\u00e9server des billets d&#039;avion en taxi a\u00e9rien \u00e9lectrique?<\/h3>\r\n\r\n\r\n\r\n<p>Oui, les clients peuvent utiliser de mani\u00e8re transparente l&#039;application de r\u00e9servation en ligne de taxis drones au Br\u00e9sil pour trouver le meilleur itin\u00e9raire et r\u00e9server des billets d&#039;avion de taxi volant \u00e9lectrique au Br\u00e9sil \u00e0 tout moment et n&#039;importe o\u00f9.<\/p>","protected":false},"excerpt":{"rendered":"<p>Electric Brazil Air Taxi Booking App Electric air taxi in Brazil online booking app service enable users to book drone flying taxi in Brazil flight tickets anytime &#8211; we are making Brazil air taxi booking simple, affordable and accessible for everyone. Autonomous electric air taxis in Brazil makes possible to travel cheap and fast in [&hellip;]<\/p>\n","protected":false},"author":1,"featured_media":14634,"parent":25621,"menu_order":0,"comment_status":"open","ping_status":"closed","template":"template-home-modern.php","meta":{"footnotes":""},"class_list":["post-10753","page","type-page","status-publish","has-post-thumbnail","hentry"],"yoast_head":"<!-- This site is optimized with the Yoast SEO plugin v27.4 - https:\/\/yoast.com\/product\/yoast-seo-wordpress\/ -->\n<title>Air Taxi in Brazil Booking - Flying Routes, Schedule &amp; Fares<\/title>\n<meta name=\"description\" content=\"Looking for drone air taxi in Brazil online booking app, routes, schedule and fares? Compare Brazil air taxis flight tickets and book cheap flying taxi in Brazil\" \/>\n<meta name=\"robots\" content=\"index, follow, max-snippet:-1, max-image-preview:large, max-video-preview:-1\" \/>\n<link rel=\"canonical\" href=\"https:\/\/tiketi.com\/fr-fr\/volants\/taxi-aerien\/brazil\/\" \/>\n<meta property=\"og:locale\" content=\"fr_FR\" \/>\n<meta property=\"og:type\" content=\"article\" \/>\n<meta property=\"og:title\" content=\"Air Taxi in Brazil Booking - Flying Routes, Schedule &amp; Fares\" \/>\n<meta property=\"og:description\" content=\"Looking for drone air taxi in Brazil online booking app, routes, schedule and fares? Compare Brazil air taxis flight tickets and book cheap flying taxi in Brazil\" \/>\n<meta property=\"og:url\" content=\"https:\/\/tiketi.com\/fr-fr\/volants\/taxi-aerien\/brazil\/\" \/>\n<meta property=\"og:site_name\" content=\"Tiketi.com\" \/>\n<meta property=\"article:publisher\" content=\"https:\/\/www.facebook.com\/TiketiCom\/\" \/>\n<meta property=\"article:modified_time\" content=\"2022-10-14T12:08:50+00:00\" \/>\n<meta property=\"og:image\" content=\"https:\/\/tiketi.com\/wp-content\/uploads\/2022\/01\/rio-de-janeiro-1963744_1280.jpg\" \/>\n\t<meta property=\"og:image:width\" content=\"1200\" \/>\n\t<meta property=\"og:image:height\" content=\"210\" \/>\n\t<meta property=\"og:image:type\" content=\"image\/jpeg\" \/>\n<meta name=\"twitter:card\" content=\"summary_large_image\" \/>\n<meta name=\"twitter:label1\" content=\"Dur\u00e9e de lecture estim\u00e9e\" \/>\n\t<meta name=\"twitter:data1\" content=\"3 minutes\" \/>\n<script type=\"application\/ld+json\" class=\"yoast-schema-graph\">{\"@context\":\"https:\\\/\\\/schema.org\",\"@graph\":[{\"@type\":\"WebPage\",\"@id\":\"https:\\\/\\\/tiketi.com\\\/flying\\\/air-taxi\\\/brazil\\\/\",\"url\":\"https:\\\/\\\/tiketi.com\\\/flying\\\/air-taxi\\\/brazil\\\/\",\"name\":\"Air Taxi in Brazil Booking - Flying Routes, Schedule & Fares\",\"isPartOf\":{\"@id\":\"https:\\\/\\\/tiketi.com\\\/#website\"},\"primaryImageOfPage\":{\"@id\":\"https:\\\/\\\/tiketi.com\\\/flying\\\/air-taxi\\\/brazil\\\/#primaryimage\"},\"image\":{\"@id\":\"https:\\\/\\\/tiketi.com\\\/flying\\\/air-taxi\\\/brazil\\\/#primaryimage\"},\"thumbnailUrl\":\"https:\\\/\\\/tiketi.com\\\/wp-content\\\/uploads\\\/2022\\\/01\\\/rio-de-janeiro-1963744_1280.jpg\",\"datePublished\":\"2022-01-19T11:53:47+00:00\",\"dateModified\":\"2022-10-14T12:08:50+00:00\",\"description\":\"Looking for drone air taxi in Brazil online booking app, routes, schedule and fares? Compare Brazil air taxis flight tickets and book cheap flying taxi in Brazil\",\"breadcrumb\":{\"@id\":\"https:\\\/\\\/tiketi.com\\\/flying\\\/air-taxi\\\/brazil\\\/#breadcrumb\"},\"inLanguage\":\"fr-FR\",\"potentialAction\":[{\"@type\":\"ReadAction\",\"target\":[\"https:\\\/\\\/tiketi.com\\\/flying\\\/air-taxi\\\/brazil\\\/\"]}]},{\"@type\":\"ImageObject\",\"inLanguage\":\"fr-FR\",\"@id\":\"https:\\\/\\\/tiketi.com\\\/flying\\\/air-taxi\\\/brazil\\\/#primaryimage\",\"url\":\"https:\\\/\\\/tiketi.com\\\/wp-content\\\/uploads\\\/2022\\\/01\\\/rio-de-janeiro-1963744_1280.jpg\",\"contentUrl\":\"https:\\\/\\\/tiketi.com\\\/wp-content\\\/uploads\\\/2022\\\/01\\\/rio-de-janeiro-1963744_1280.jpg\",\"width\":1200,\"height\":210,\"caption\":\"Air Taxi in Brazil\"},{\"@type\":\"BreadcrumbList\",\"@id\":\"https:\\\/\\\/tiketi.com\\\/flying\\\/air-taxi\\\/brazil\\\/#breadcrumb\",\"itemListElement\":[{\"@type\":\"ListItem\",\"position\":1,\"name\":\"Home\",\"item\":\"https:\\\/\\\/tiketi.com\\\/\"},{\"@type\":\"ListItem\",\"position\":2,\"name\":\"Flying\",\"item\":\"https:\\\/\\\/tiketi.com\\\/fr-fr\\\/volants\\\/\"},{\"@type\":\"ListItem\",\"position\":3,\"name\":\"Air Taxi\",\"item\":\"https:\\\/\\\/tiketi.com\\\/flying\\\/air-taxi\\\/\"},{\"@type\":\"ListItem\",\"position\":4,\"name\":\"Air Taxi in Brazil Online Booking &#8211; Flying Routes, Schedule &#038; Fares\"}]},{\"@type\":\"WebSite\",\"@id\":\"https:\\\/\\\/tiketi.com\\\/#website\",\"url\":\"https:\\\/\\\/tiketi.com\\\/\",\"name\":\"Flight & Bus Tickets, Tour Packages & Activitites - Tiketi.com\",\"description\":\"Flight &amp; Bus Tickets, Tours, Activitites\",\"publisher\":{\"@id\":\"https:\\\/\\\/tiketi.com\\\/#organization\"},\"potentialAction\":[{\"@type\":\"SearchAction\",\"target\":{\"@type\":\"EntryPoint\",\"urlTemplate\":\"https:\\\/\\\/tiketi.com\\\/?s={search_term_string}\"},\"query-input\":{\"@type\":\"PropertyValueSpecification\",\"valueRequired\":true,\"valueName\":\"search_term_string\"}}],\"inLanguage\":\"fr-FR\"},{\"@type\":\"Organization\",\"@id\":\"https:\\\/\\\/tiketi.com\\\/#organization\",\"name\":\"Tiketi.com\",\"alternateName\":\"Tiketi\",\"url\":\"https:\\\/\\\/tiketi.com\\\/\",\"logo\":{\"@type\":\"ImageObject\",\"inLanguage\":\"fr-FR\",\"@id\":\"https:\\\/\\\/tiketi.com\\\/#\\\/schema\\\/logo\\\/image\\\/\",\"url\":\"https:\\\/\\\/tiketi.com\\\/wp-content\\\/uploads\\\/2019\\\/05\\\/tiketi-logo-696.png\",\"contentUrl\":\"https:\\\/\\\/tiketi.com\\\/wp-content\\\/uploads\\\/2019\\\/05\\\/tiketi-logo-696.png\",\"width\":696,\"height\":696,\"caption\":\"Tiketi.com\"},\"image\":{\"@id\":\"https:\\\/\\\/tiketi.com\\\/#\\\/schema\\\/logo\\\/image\\\/\"},\"sameAs\":[\"https:\\\/\\\/www.facebook.com\\\/TiketiCom\\\/\"]}]}<\/script>\n<!-- \/ Yoast SEO plugin. -->","yoast_head_json":{"title":"R\u00e9servation de taxi a\u00e9rien au Br\u00e9sil - Itin\u00e9raires de vol, horaires et tarifs","description":"Vous recherchez une application de r\u00e9servation en ligne de taxi a\u00e9rien drone au Br\u00e9sil, des itin\u00e9raires, des horaires et des tarifs? Comparez les billets d&#039;avion des taxis a\u00e9riens Br\u00e9sil et r\u00e9servez un taxi volant pas cher au Br\u00e9sil","robots":{"index":"index","follow":"follow","max-snippet":"max-snippet:-1","max-image-preview":"max-image-preview:large","max-video-preview":"max-video-preview:-1"},"canonical":"https:\/\/tiketi.com\/fr-fr\/volants\/taxi-aerien\/brazil\/","og_locale":"fr_FR","og_type":"article","og_title":"Air Taxi in Brazil Booking - Flying Routes, Schedule & Fares","og_description":"Looking for drone air taxi in Brazil online booking app, routes, schedule and fares? Compare Brazil air taxis flight tickets and book cheap flying taxi in Brazil","og_url":"https:\/\/tiketi.com\/fr-fr\/volants\/taxi-aerien\/brazil\/","og_site_name":"Tiketi.com","article_publisher":"https:\/\/www.facebook.com\/TiketiCom\/","article_modified_time":"2022-10-14T12:08:50+00:00","og_image":[{"width":1200,"height":210,"url":"https:\/\/tiketi.com\/wp-content\/uploads\/2022\/01\/rio-de-janeiro-1963744_1280.jpg","type":"image\/jpeg"}],"twitter_card":"summary_large_image","twitter_misc":{"Dur\u00e9e de lecture estim\u00e9e":"3 minutes"},"schema":{"@context":"https:\/\/schema.org","@graph":[{"@type":"WebPage","@id":"https:\/\/tiketi.com\/flying\/air-taxi\/brazil\/","url":"https:\/\/tiketi.com\/flying\/air-taxi\/brazil\/","name":"R\u00e9servation de taxi a\u00e9rien au Br\u00e9sil - Itin\u00e9raires de vol, horaires et tarifs","isPartOf":{"@id":"https:\/\/tiketi.com\/#website"},"primaryImageOfPage":{"@id":"https:\/\/tiketi.com\/flying\/air-taxi\/brazil\/#primaryimage"},"image":{"@id":"https:\/\/tiketi.com\/flying\/air-taxi\/brazil\/#primaryimage"},"thumbnailUrl":"https:\/\/tiketi.com\/wp-content\/uploads\/2022\/01\/rio-de-janeiro-1963744_1280.jpg","datePublished":"2022-01-19T11:53:47+00:00","dateModified":"2022-10-14T12:08:50+00:00","description":"Vous recherchez une application de r\u00e9servation en ligne de taxi a\u00e9rien drone au Br\u00e9sil, des itin\u00e9raires, des horaires et des tarifs? Comparez les billets d&#039;avion des taxis a\u00e9riens Br\u00e9sil et r\u00e9servez un taxi volant pas cher au Br\u00e9sil","breadcrumb":{"@id":"https:\/\/tiketi.com\/flying\/air-taxi\/brazil\/#breadcrumb"},"inLanguage":"fr-FR","potentialAction":[{"@type":"ReadAction","target":["https:\/\/tiketi.com\/flying\/air-taxi\/brazil\/"]}]},{"@type":"ImageObject","inLanguage":"fr-FR","@id":"https:\/\/tiketi.com\/flying\/air-taxi\/brazil\/#primaryimage","url":"https:\/\/tiketi.com\/wp-content\/uploads\/2022\/01\/rio-de-janeiro-1963744_1280.jpg","contentUrl":"https:\/\/tiketi.com\/wp-content\/uploads\/2022\/01\/rio-de-janeiro-1963744_1280.jpg","width":1200,"height":210,"caption":"Air Taxi in Brazil"},{"@type":"BreadcrumbList","@id":"https:\/\/tiketi.com\/flying\/air-taxi\/brazil\/#breadcrumb","itemListElement":[{"@type":"ListItem","position":1,"name":"Home","item":"https:\/\/tiketi.com\/"},{"@type":"ListItem","position":2,"name":"Flying","item":"https:\/\/tiketi.com\/fr-fr\/volants\/"},{"@type":"ListItem","position":3,"name":"Air Taxi","item":"https:\/\/tiketi.com\/flying\/air-taxi\/"},{"@type":"ListItem","position":4,"name":"Air Taxi in Brazil Online Booking &#8211; Flying Routes, Schedule &#038; Fares"}]},{"@type":"WebSite","@id":"https:\/\/tiketi.com\/#website","url":"https:\/\/tiketi.com\/","name":"Billets d&#039;avion et de bus, forfaits touristiques et activit\u00e9s - Tiketi.com","description":"Billets d&#039;avion et de bus, Tours, Activit\u00e9s","publisher":{"@id":"https:\/\/tiketi.com\/#organization"},"potentialAction":[{"@type":"SearchAction","target":{"@type":"EntryPoint","urlTemplate":"https:\/\/tiketi.com\/?s={search_term_string}"},"query-input":{"@type":"PropertyValueSpecification","valueRequired":true,"valueName":"search_term_string"}}],"inLanguage":"fr-FR"},{"@type":"Organization","@id":"https:\/\/tiketi.com\/#organization","name":"Tiketi.com","alternateName":"Tiketi","url":"https:\/\/tiketi.com\/","logo":{"@type":"ImageObject","inLanguage":"fr-FR","@id":"https:\/\/tiketi.com\/#\/schema\/logo\/image\/","url":"https:\/\/tiketi.com\/wp-content\/uploads\/2019\/05\/tiketi-logo-696.png","contentUrl":"https:\/\/tiketi.com\/wp-content\/uploads\/2019\/05\/tiketi-logo-696.png","width":696,"height":696,"caption":"Tiketi.com"},"image":{"@id":"https:\/\/tiketi.com\/#\/schema\/logo\/image\/"},"sameAs":["https:\/\/www.facebook.com\/TiketiCom\/"]}]}},"_links":{"self":[{"href":"https:\/\/tiketi.com\/fr-fr\/wp-json\/wp\/v2\/pages\/10753","targetHints":{"allow":["GET"]}}],"collection":[{"href":"https:\/\/tiketi.com\/fr-fr\/wp-json\/wp\/v2\/pages"}],"about":[{"href":"https:\/\/tiketi.com\/fr-fr\/wp-json\/wp\/v2\/types\/page"}],"author":[{"embeddable":true,"href":"https:\/\/tiketi.com\/fr-fr\/wp-json\/wp\/v2\/users\/1"}],"replies":[{"embeddable":true,"href":"https:\/\/tiketi.com\/fr-fr\/wp-json\/wp\/v2\/comments?post=10753"}],"version-history":[{"count":0,"href":"https:\/\/tiketi.com\/fr-fr\/wp-json\/wp\/v2\/pages\/10753\/revisions"}],"up":[{"embeddable":true,"href":"https:\/\/tiketi.com\/fr-fr\/wp-json\/wp\/v2\/pages\/25621"}],"wp:featuredmedia":[{"embeddable":true,"href":"https:\/\/tiketi.com\/fr-fr\/wp-json\/wp\/v2\/media\/14634"}],"wp:attachment":[{"href":"https:\/\/tiketi.com\/fr-fr\/wp-json\/wp\/v2\/media?parent=10753"}],"curies":[{"name":"wp","href":"https:\/\/api.w.org\/{rel}","templated":true}]}}