{"id":10754,"date":"2022-01-19T12:53:47","date_gmt":"2022-01-19T11:53:47","guid":{"rendered":"https:\/\/new.tiketi.com\/berlin-air-taxi-booking-app-electric-flying-taxis\/"},"modified":"2025-08-05T16:38:28","modified_gmt":"2025-08-05T15:38:28","slug":"berlin","status":"publish","type":"page","link":"https:\/\/tiketi.com\/fr-fr\/volants\/taxi-aerien\/berlin\/","title":{"rendered":"Fly Over Berlin\u2019s Roads \u2013 Easy Air Taxi Berlin Online Bookings"},"content":{"rendered":"<h2 id=\"electric-dubai-air-taxi-booking-app\" class=\"wp-block-heading\">Book a Flying Taxi in Berlin \u2013 Fast, Green, and Affordable Urban Travel<\/h2>\r\n\r\n\r\n\r\n<p>The Cheap air taxi in Berlin online booking app allows users to easily reserve helicopter and flying taxi flight tickets. Air taxis in Berlin make it possible to travel quickly and affordably across the city. Autonomous electric air taxis in Berlin makes possible to travel cheap and fast in Berlin. The capital of Germany, Berlin is a center of tourist activities. It provides something for every person, whether you are looking for culture and history or you want to experience the amazing music, art, and nightlife. Berlin is a mixture of charming architecture from different eras and the city is remarkable with life. Berlin has a stunning history. It is packed with places of significance from its many conflicts and wars. Even though a lot of it was damaged during the war, the city was rebuilt with the intention to presence its history. Just like many other services, you&#8217;ll be able to make a Berlin air taxi booking anytime, anywhere, through the app for your electric air taxi flight.<\/p>\r\n<h2>Why Choose a Flying Taxi in Berlin?<\/h2>\r\n<ul>\r\n<li><strong>Gagnez du temps<\/strong> \u2013 Ce qui prenait 30 \u00e0 60 minutes en voiture peut d\u00e9sormais se faire en moins de 10 minutes par avion.<\/li>\r\n<li><strong>\u00c9cologique et silencieux<\/strong> \u2013 Nos avions \u00e9lectriques sont jusqu&#039;\u00e0 100 fois plus silencieux que les h\u00e9licopt\u00e8res traditionnels et ne produisent aucune \u00e9mission.<\/li>\r\n<li><strong>S\u00e9curit\u00e9 certifi\u00e9e<\/strong> \u2013 Nos avions sont pilot\u00e9s par des pilotes agr\u00e9\u00e9s et sont \u00e9quip\u00e9s de multiples syst\u00e8mes de s\u00e9curit\u00e9 redondants afin de garantir un voyage en toute s\u00e9curit\u00e9.<\/li>\r\n<li><strong>Comfortable Experience<\/strong> \u2013 D&#039;un simple clic, vous \u00eates parti \u2013 sans tracas, sans stress.<\/li>\r\n<li><strong>Effortless Booking<\/strong> \u2013 Book Your Flight in Just a Few Clicks \u2013 Anytime, Anywhere<\/li>\r\n<\/ul>\r\n<h2>How Our Berlin Air Taxi Booking Service Works<\/h2>\r\n<p>R\u00e9server votre taxi a\u00e9rien est aussi simple que de r\u00e9server une course\u00a0:<\/p>\r\n<ol>\r\n<li><strong>Ouvrez le <a href=\"https:\/\/tiketi.com\/fr-fr\/download-tiketi-app\/\" target=\"_blank\" rel=\"noopener\">Application Tiketi<\/a> ou site Web<\/strong><\/li>\r\n<li><strong>Choisissez votre d\u00e9part<\/strong> from one of Berlin\u2019s many helipads or upcoming vertiports (e.g, Berlin Brandenburg Airport, Potsdamer Platz, Alexanderplatz)<\/li>\r\n<li><strong>Choisissez votre avion<\/strong> \u2013 Choisissez un \u00e9l\u00e9gant taxi a\u00e9rien tout \u00e9lectrique \u00e0 2 ou 4 places<\/li>\r\n<li><strong>Confirmer et partir<\/strong> \u2013 Votre vol est r\u00e9serv\u00e9 en temps r\u00e9el et votre point d&#039;embarquement est pr\u00eat quand vous l&#039;\u00eates.<\/li>\r\n<\/ol>\r\n<p>In just a few minutes, you&#8217;re airborne\u2014gliding over Berlin\u2019s iconic skyline and avoiding the gridlock below.<\/p>\r\n<h2>Flying Taxi Routes in Berlin \u2013 Sky High in Minutes<\/h2>\r\n<p>Berlin\u2019s aerial transport network is rapidly taking shape, with several major routes already under development:<\/p>\r\n<p>\u2022 <strong>Berlin Brandenburg Airport \u2192 Potsdamer Platz<\/strong> \u2013 ~8 minutes (vs. 30-45 minutes by road)<br \/>\u2022 <strong>Alexanderplatz \u2192 Berlin Brandenburg Airport<\/strong> \u2013 10 \u00e0 12 minutes<\/p>\r\n<p><strong>Les itin\u00e9raires futurs comprennent\u00a0:<\/strong><\/p>\r\n<ul>\r\n<li><strong>Berlin \u2192 Potsdam<\/strong> (~15 minutes)<\/li>\r\n<li><strong>Berlin \u2192 Leipzig<\/strong> (~45 minutes)<\/li>\r\n<\/ul>\r\n<p>With strong backing from Berlin\u2019s aviation authorities, we expect these flying taxi routes to be operational within the next few years.<\/p>\r\n<h2>Options de tarification et de r\u00e9servation des taxis volants<\/h2>\r\n<p>Nos prix sont comp\u00e9titifs et con\u00e7us pour offrir un rapport qualit\u00e9-prix maximal\u00a0:<\/p>\r\n<ul>\r\n<li><strong>Tarifs actuels\u00a0:<\/strong> ~$5.50 per passenger-mile (with prices expected to drop to ~$2.00 as demand increases)<\/li>\r\n<li><strong>Example: Berlin Brandenburg Airport to Potsdamer Platz<\/strong> (~12 miles) = $65\u2013$130, comparable to high-end taxi services.<\/li>\r\n<\/ul>\r\n<p><strong>\u00c0 venir:<\/strong><\/p>\r\n<ul>\r\n<li>\u2022 Commuter plans<br \/>\u2022 Group &amp; corporate packages<br \/>\u2022 Volume discounts<\/li>\r\n<\/ul>\r\n<p>R\u00e9servez votre vol facilement via l&#039;application, en ligne ou avec notre service de conciergerie. Besoin de services suppl\u00e9mentaires comme un si\u00e8ge enfant ou un transfert\u00a0? Nous nous occupons de tout.<\/p>\r\n<h2>Qui est \u00e0 l&#039;avant-garde ?<\/h2>\r\n<p>Meet the pioneers bringing aerial mobility to Berlin:<\/p>\r\n<ul>\r\n<li><strong>Joby Aviation + Lufthansa:<\/strong> Launching 200 mph eVTOL flights from Berlin\u2019s airports, priced similarly to premium car services.<\/li>\r\n<li><strong>Vertical Aerospace (Germany):<\/strong> Certifying its VX4 aircraft for 2028 flights\u2014projected fares as low as \u20ac130.<\/li>\r\n<li><strong>Skyports :<\/strong> Developing vertiports and charging hubs across Berlin and the wider Brandenburg region.<\/li>\r\n<li><strong>Berlin Government:<\/strong> Investir massivement dans l&#039;infrastructure de mobilit\u00e9 a\u00e9rienne de la ville ouvre la voie \u00e0 un transport a\u00e9rien durable et de haute technologie.<\/li>\r\n<\/ul>\r\n<h2>Foire aux questions<\/h2>\r\n<h3>Pourquoi prendre un taxi a\u00e9rien ?<\/h3>\r\n<p>Berlin, a city known for its vibrant arts scene, rich history, and modern architecture, is facing growing traffic congestion. With long commutes, frequent delays, and crowded streets, getting around the city has become increasingly frustrating. But why sit in traffic when you could fly? Our eVTOL (electric vertical takeoff and landing) air taxis offer a faster, more efficient way to navigate Berlin\u2014whisking you from one part of the city to another in under 10 minutes. It\u2019s not just about getting there faster; it\u2019s about reclaiming your time and enjoying a smooth, stress-free journey above the city.<\/p>\r\n<h3>Est-ce s\u00fbr?<\/h3>\r\n<p>Oui. Tous les vols sont pilot\u00e9s par des professionnels certifi\u00e9s et respectent les normes de s\u00e9curit\u00e9 les plus strictes, avec de multiples syst\u00e8mes de s\u00e9curit\u00e9 redondants int\u00e9gr\u00e9s.<\/p>\r\n<h3>Les vols peuvent-ils \u00eatre assur\u00e9s par mauvais temps\u00a0?<\/h3>\r\n<p>Votre s\u00e9curit\u00e9 est notre priorit\u00e9 absolue. En cas d&#039;intemp\u00e9ries, nous vous en informerons imm\u00e9diatement et vous aiderons \u00e0 reporter votre r\u00e9servation ou \u00e0 obtenir un remboursement int\u00e9gral.<\/p>\r\n<h3>Puis-je apporter des bagages ?<\/h3>\r\n<p>Les bagages \u00e0 main sont les bienvenus. Pour les objets plus volumineux, nous organiserons leur transport terrestre jusqu&#039;\u00e0 votre destination.<\/p>\r\n\r\n\r\n\r\n<h2 id=\"here-are-some-of-the-advantages-of-electric-flying-taxi-in-berlin\" class=\"wp-block-heading\">Voici quelques-uns des avantages du taxi volant \u00e9lectrique \u00e0 Berlin<\/h2>\r\n\r\n\r\n\r\n<h3 id=\"what-are-electric-air-taxis-in-berlin\" class=\"wp-block-heading\">Que sont les taxis a\u00e9riens \u00e9lectriques \u00e0 Berlin ?<\/h3>\r\n\r\n\r\n\r\n<p>Taxis volants \u00e9lectriques \u00e0 Berlin, ou plus g\u00e9n\u00e9ralement, un avion \u00e0 d\u00e9collage et atterrissage verticaux, avec 4 moteurs ou plus de taille modeste qui entra\u00eenent des rotors. De nombreuses configurations de cellule g\u00e9r\u00e9es par le DEP sont en cours de d\u00e9veloppement, y compris la NASA GL-10.<\/p>\r\n\r\n\r\n\r\n<h3 id=\"what-are-the-specs-of-electric-flying-taxi-in-berlin\" class=\"wp-block-heading\">Quelles sont les caract\u00e9ristiques du taxi volant \u00e9lectrique \u00e0 Berlin ?<\/h3>\r\n\r\n\r\n\r\n<p>One benefit that drone taxi\u00a0in\u00a0Berlin online booking have over vehicles is the capability to travel directly from point to point. Cars use road networks. In cities and towns, routs are seldom direct or free of traffic. Another factor is duration of tour. The longer a Berlin flying taxi VTOL trip, the little the fraction of time, a VTOLs spends on power-intensive, climbing and hovering. More specific factors contain wind speed, the number of passenger, the carbon intensity of the local gird, and the mass and specific power of batteries.<\/p>\r\n\r\n\r\n\r\n<h3 id=\"are-autonomous-air-taxis-in-berlin-environment-friendly\" class=\"wp-block-heading\">Les taxis a\u00e9riens autonomes \u00e0 Berlin sont-ils respectueux de l&#039;environnement ?<\/h3>\r\n\r\n\r\n\r\n<p>Un VTOL \u00e9met vingt-huit pour cent plus de gaz \u00e0 effet de serre qu&#039;un v\u00e9hicule \u00e9lectrique et trente-cinq pour cent moins de gaz \u00e0 effet de serre qu&#039;un v\u00e9hicule \u00e0 essence. Pour des trajets longue distance d&#039;une centaine de kilom\u00e8tres ou plus, un drone taxi a\u00e9rien \u00e0 Berlin avec 1 pilote et 3 passagers \u00e9mettrait moins de gaz \u00e0 effet de serre par passager-mile qu&#039;un v\u00e9hicule avec une moyenne nationale de 1,54 occupants.<\/p>\r\n\r\n\r\n\r\n<h3 id=\"how-much-will-an-electric-flying-taxis-in-berlin-cost\" class=\"wp-block-heading\">How much will electric flying\u00a0taxis in Berlin cost?<\/h3>\r\n\r\n\r\n\r\n<p>Initially, drone taxis in Berlin will cost approximately $5.73 per passenger mile. The air taxi in Berlin price will then plummet to $1.85 per passenger mile before finally hitting the customer amazing fare of $0.44 per mile. You can easily book air taxi flight tickets through electric flying taxis in Berlin app.<\/p>\r\n\r\n\r\n\r\n<h3 id=\"advantages-of-electric-dubai-air-taxi-booking-app\" class=\"wp-block-heading\">What are the advantages of electric Berlin air taxi booking app?<\/h3>\r\n\r\n\r\n\r\n<p>Parmi ses autres avantages, les taxis volants \u00e9lectriques \u00e0 Berlin pourraient assurer un boom \u00e9conomique en augmentant le nombre de personnes se dirigeant vers des lieux de loisirs et de tourisme \u00e9loign\u00e9s des grands a\u00e9roports.<\/p>\r\n\r\n\r\n\r\n<h3 id=\"would-drone-air-taxi-in-london-online-booking-app-be-used-to-book-a-electric-air-taxi-flight\" class=\"wp-block-heading\">Can the air taxis in Berlin online booking app be used to reserve electric air taxi flight tickets?<\/h3>\r\n\r\n\r\n\r\n<p>Yes, customers can seamlessly use electric drone Berlin air taxi booking app to find the best route and book electric flying taxi in Berlin flight anytime and anywhere.<\/p>\r\n<h2>Autres vols populaires en taxi a\u00e9rien<\/h2>\r\n<table border=\"0\" cellspacing=\"1\" cellpadding=\"1\">\r\n<tbody>\r\n<tr>\r\n<td>Bon march\u00e9 <a href=\"https:\/\/tiketi.com\/fr-fr\/volants\/taxi-aerien\/london\/\" target=\"_blank\" rel=\"noopener\">taxi a\u00e9rien \u00e0 Londres<\/a><\/td>\r\n<td style=\"width: 30px;\">\u00a0<\/td>\r\n<td>Bon march\u00e9 <a href=\"https:\/\/tiketi.com\/fr-fr\/volants\/taxi-aerien\/rome\/\" target=\"_blank\" rel=\"noopener\">taxi a\u00e9rien \u00e0 Rome<\/a><\/td>\r\n<td style=\"width: 30px;\">\u00a0<\/td>\r\n<td>Bon march\u00e9 <a href=\"https:\/\/tiketi.com\/fr-fr\/volants\/taxi-aerien\/dubai\/\" target=\"_blank\" rel=\"noopener\">taxi a\u00e9rien \u00e0 Duba\u00ef<\/a><\/td>\r\n<\/tr>\r\n<tr>\r\n<td>Bon march\u00e9 <a href=\"https:\/\/tiketi.com\/fr-fr\/volants\/taxi-aerien\/singapore\/\" target=\"_blank\" rel=\"noopener\">taxi a\u00e9rien \u00e0 Singapour<\/a><\/td>\r\n<td style=\"width: 30px;\">\u00a0<\/td>\r\n<td>Bon march\u00e9 <a href=\"https:\/\/tiketi.com\/fr-fr\/volants\/taxi-aerien\/new-york-nyc\/\" target=\"_blank\" rel=\"noopener\">taxi a\u00e9rien \u00e0 New York<\/a><\/td>\r\n<td style=\"width: 30px;\">\u00a0<\/td>\r\n<td>Bon march\u00e9 <a href=\"https:\/\/tiketi.com\/fr-fr\/volants\/taxi-aerien\/paris\/\" target=\"_blank\" rel=\"noopener\">taxi a\u00e9rien \u00e0 Paris<\/a><\/td>\r\n<\/tr>\r\n<tr>\r\n<td>Bon march\u00e9 <a href=\"https:\/\/tiketi.com\/fr-fr\/volants\/taxi-aerien\/sydney\/\" target=\"_blank\" rel=\"noopener\">taxi a\u00e9rien \u00e0 Sydney<\/a><\/td>\r\n<td style=\"width: 30px;\">\u00a0<\/td>\r\n<td>Bon march\u00e9 <a href=\"https:\/\/tiketi.com\/fr-fr\/volants\/taxi-aerien\/barcelona\/\" target=\"_blank\" rel=\"noopener\">air taxi in Barcelona<\/a><\/td>\r\n<td style=\"width: 30px;\">\u00a0<\/td>\r\n<td>Bon march\u00e9 <a href=\"https:\/\/tiketi.com\/fr-fr\/volants\/taxi-aerien\/hong-kong\/\" target=\"_blank\" rel=\"noopener\">taxi a\u00e9rien \u00e0 Hong Kong<\/a><\/td>\r\n<\/tr>\r\n<\/tbody>\r\n<\/table>\r\n<p>&nbsp;<\/p>","protected":false},"excerpt":{"rendered":"<p>Book a Flying Taxi in Berlin \u2013 Fast, Green, and Affordable Urban Travel The Cheap air taxi in Berlin online booking app allows users to easily reserve helicopter and flying taxi flight tickets. Air taxis in Berlin make it possible to travel quickly and affordably across the city. Autonomous electric air taxis in Berlin makes [&hellip;]<\/p>\n","protected":false},"author":1,"featured_media":14603,"parent":25621,"menu_order":0,"comment_status":"closed","ping_status":"closed","template":"template-home-modern.php","meta":{"footnotes":""},"class_list":["post-10754","page","type-page","status-publish","has-post-thumbnail","hentry"],"yoast_head":"<!-- This site is optimized with the Yoast SEO plugin v27.2 - https:\/\/yoast.com\/product\/yoast-seo-wordpress\/ -->\n<title>Book an Air Taxi in Berlin Online | Cheap Flying Taxi Fares<\/title>\n<meta name=\"description\" content=\"Book an air taxi in Berlin online with our app. Compare routes, fares, &amp; flight tickets for air taxis, &amp; find affordable flying taxi options\" \/>\n<meta name=\"robots\" content=\"index, follow, max-snippet:-1, max-image-preview:large, max-video-preview:-1\" \/>\n<link rel=\"canonical\" href=\"https:\/\/tiketi.com\/fr-fr\/volants\/taxi-aerien\/berlin\/\" \/>\n<meta property=\"og:locale\" content=\"fr_FR\" \/>\n<meta property=\"og:type\" content=\"article\" \/>\n<meta property=\"og:title\" content=\"Book an Air Taxi in Berlin Online | Cheap Flying Taxi Fares\" \/>\n<meta property=\"og:description\" content=\"Book an air taxi in Berlin online with our app. Compare routes, fares, &amp; flight tickets for air taxis, &amp; find affordable flying taxi options\" \/>\n<meta property=\"og:url\" content=\"https:\/\/tiketi.com\/fr-fr\/volants\/taxi-aerien\/berlin\/\" \/>\n<meta property=\"og:site_name\" content=\"Tiketi.com\" \/>\n<meta property=\"article:publisher\" content=\"https:\/\/www.facebook.com\/TiketiCom\/\" \/>\n<meta property=\"article:modified_time\" content=\"2025-08-05T15:38:28+00:00\" \/>\n<meta property=\"og:image\" content=\"https:\/\/tiketi.com\/wp-content\/uploads\/2022\/01\/berlin-4096342_1280.jpg\" \/>\n\t<meta property=\"og:image:width\" content=\"1200\" \/>\n\t<meta property=\"og:image:height\" content=\"240\" \/>\n\t<meta property=\"og:image:type\" content=\"image\/jpeg\" \/>\n<meta name=\"twitter:card\" content=\"summary_large_image\" \/>\n<meta name=\"twitter:label1\" content=\"Dur\u00e9e de lecture estim\u00e9e\" \/>\n\t<meta name=\"twitter:data1\" content=\"6 minutes\" \/>\n<script type=\"application\/ld+json\" class=\"yoast-schema-graph\">{\"@context\":\"https:\/\/schema.org\",\"@graph\":[{\"@type\":\"WebPage\",\"@id\":\"https:\/\/tiketi.com\/flying\/air-taxi\/berlin\/\",\"url\":\"https:\/\/tiketi.com\/flying\/air-taxi\/berlin\/\",\"name\":\"Book an Air Taxi in Berlin Online | Cheap Flying Taxi Fares\",\"isPartOf\":{\"@id\":\"https:\/\/tiketi.com\/#website\"},\"primaryImageOfPage\":{\"@id\":\"https:\/\/tiketi.com\/flying\/air-taxi\/berlin\/#primaryimage\"},\"image\":{\"@id\":\"https:\/\/tiketi.com\/flying\/air-taxi\/berlin\/#primaryimage\"},\"thumbnailUrl\":\"https:\/\/tiketi.com\/wp-content\/uploads\/2022\/01\/berlin-4096342_1280.jpg\",\"datePublished\":\"2022-01-19T11:53:47+00:00\",\"dateModified\":\"2025-08-05T15:38:28+00:00\",\"description\":\"Book an air taxi in Berlin online with our app. Compare routes, fares, & flight tickets for air taxis, & find affordable flying taxi options\",\"breadcrumb\":{\"@id\":\"https:\/\/tiketi.com\/flying\/air-taxi\/berlin\/#breadcrumb\"},\"inLanguage\":\"fr-FR\",\"potentialAction\":[{\"@type\":\"ReadAction\",\"target\":[\"https:\/\/tiketi.com\/flying\/air-taxi\/berlin\/\"]}]},{\"@type\":\"ImageObject\",\"inLanguage\":\"fr-FR\",\"@id\":\"https:\/\/tiketi.com\/flying\/air-taxi\/berlin\/#primaryimage\",\"url\":\"https:\/\/tiketi.com\/wp-content\/uploads\/2022\/01\/berlin-4096342_1280.jpg\",\"contentUrl\":\"https:\/\/tiketi.com\/wp-content\/uploads\/2022\/01\/berlin-4096342_1280.jpg\",\"width\":1200,\"height\":240,\"caption\":\"air taxi in Berlin\"},{\"@type\":\"BreadcrumbList\",\"@id\":\"https:\/\/tiketi.com\/flying\/air-taxi\/berlin\/#breadcrumb\",\"itemListElement\":[{\"@type\":\"ListItem\",\"position\":1,\"name\":\"Home\",\"item\":\"https:\/\/tiketi.com\/\"},{\"@type\":\"ListItem\",\"position\":2,\"name\":\"Flying\",\"item\":\"https:\/\/tiketi.com\/fr-fr\/volants\/\"},{\"@type\":\"ListItem\",\"position\":3,\"name\":\"Air Taxi\",\"item\":\"https:\/\/tiketi.com\/flying\/air-taxi\/\"},{\"@type\":\"ListItem\",\"position\":4,\"name\":\"Fly Over Berlin\u2019s Roads \u2013 Easy Air Taxi Berlin Online Bookings\"}]},{\"@type\":\"WebSite\",\"@id\":\"https:\/\/tiketi.com\/#website\",\"url\":\"https:\/\/tiketi.com\/\",\"name\":\"Flight & Bus Tickets, Tour Packages & Activitites - Tiketi.com\",\"description\":\"Flight &amp; Bus Tickets, Tours, Activitites\",\"publisher\":{\"@id\":\"https:\/\/tiketi.com\/#organization\"},\"potentialAction\":[{\"@type\":\"SearchAction\",\"target\":{\"@type\":\"EntryPoint\",\"urlTemplate\":\"https:\/\/tiketi.com\/?s={search_term_string}\"},\"query-input\":{\"@type\":\"PropertyValueSpecification\",\"valueRequired\":true,\"valueName\":\"search_term_string\"}}],\"inLanguage\":\"fr-FR\"},{\"@type\":\"Organization\",\"@id\":\"https:\/\/tiketi.com\/#organization\",\"name\":\"Tiketi.com\",\"alternateName\":\"Tiketi\",\"url\":\"https:\/\/tiketi.com\/\",\"logo\":{\"@type\":\"ImageObject\",\"inLanguage\":\"fr-FR\",\"@id\":\"https:\/\/tiketi.com\/#\/schema\/logo\/image\/\",\"url\":\"https:\/\/tiketi.com\/wp-content\/uploads\/2019\/05\/tiketi-logo-696.png\",\"contentUrl\":\"https:\/\/tiketi.com\/wp-content\/uploads\/2019\/05\/tiketi-logo-696.png\",\"width\":696,\"height\":696,\"caption\":\"Tiketi.com\"},\"image\":{\"@id\":\"https:\/\/tiketi.com\/#\/schema\/logo\/image\/\"},\"sameAs\":[\"https:\/\/www.facebook.com\/TiketiCom\/\"]}]}<\/script>\n<!-- \/ Yoast SEO plugin. -->","yoast_head_json":{"title":"R\u00e9servez un taxi a\u00e9rien \u00e0 Berlin en ligne | Tarifs avantageux pour les taxis a\u00e9riens","description":"Book an air taxi in Berlin online with our app. Compare routes, fares, & flight tickets for air taxis, & find affordable flying taxi options","robots":{"index":"index","follow":"follow","max-snippet":"max-snippet:-1","max-image-preview":"max-image-preview:large","max-video-preview":"max-video-preview:-1"},"canonical":"https:\/\/tiketi.com\/fr-fr\/volants\/taxi-aerien\/berlin\/","og_locale":"fr_FR","og_type":"article","og_title":"Book an Air Taxi in Berlin Online | Cheap Flying Taxi Fares","og_description":"Book an air taxi in Berlin online with our app. Compare routes, fares, & flight tickets for air taxis, & find affordable flying taxi options","og_url":"https:\/\/tiketi.com\/fr-fr\/volants\/taxi-aerien\/berlin\/","og_site_name":"Tiketi.com","article_publisher":"https:\/\/www.facebook.com\/TiketiCom\/","article_modified_time":"2025-08-05T15:38:28+00:00","og_image":[{"width":1200,"height":240,"url":"https:\/\/tiketi.com\/wp-content\/uploads\/2022\/01\/berlin-4096342_1280.jpg","type":"image\/jpeg"}],"twitter_card":"summary_large_image","twitter_misc":{"Dur\u00e9e de lecture estim\u00e9e":"6 minutes"},"schema":{"@context":"https:\/\/schema.org","@graph":[{"@type":"WebPage","@id":"https:\/\/tiketi.com\/flying\/air-taxi\/berlin\/","url":"https:\/\/tiketi.com\/flying\/air-taxi\/berlin\/","name":"R\u00e9servez un taxi a\u00e9rien \u00e0 Berlin en ligne | Tarifs avantageux pour les taxis a\u00e9riens","isPartOf":{"@id":"https:\/\/tiketi.com\/#website"},"primaryImageOfPage":{"@id":"https:\/\/tiketi.com\/flying\/air-taxi\/berlin\/#primaryimage"},"image":{"@id":"https:\/\/tiketi.com\/flying\/air-taxi\/berlin\/#primaryimage"},"thumbnailUrl":"https:\/\/tiketi.com\/wp-content\/uploads\/2022\/01\/berlin-4096342_1280.jpg","datePublished":"2022-01-19T11:53:47+00:00","dateModified":"2025-08-05T15:38:28+00:00","description":"Book an air taxi in Berlin online with our app. Compare routes, fares, & flight tickets for air taxis, & find affordable flying taxi options","breadcrumb":{"@id":"https:\/\/tiketi.com\/flying\/air-taxi\/berlin\/#breadcrumb"},"inLanguage":"fr-FR","potentialAction":[{"@type":"ReadAction","target":["https:\/\/tiketi.com\/flying\/air-taxi\/berlin\/"]}]},{"@type":"ImageObject","inLanguage":"fr-FR","@id":"https:\/\/tiketi.com\/flying\/air-taxi\/berlin\/#primaryimage","url":"https:\/\/tiketi.com\/wp-content\/uploads\/2022\/01\/berlin-4096342_1280.jpg","contentUrl":"https:\/\/tiketi.com\/wp-content\/uploads\/2022\/01\/berlin-4096342_1280.jpg","width":1200,"height":240,"caption":"air taxi in Berlin"},{"@type":"BreadcrumbList","@id":"https:\/\/tiketi.com\/flying\/air-taxi\/berlin\/#breadcrumb","itemListElement":[{"@type":"ListItem","position":1,"name":"Home","item":"https:\/\/tiketi.com\/"},{"@type":"ListItem","position":2,"name":"Flying","item":"https:\/\/tiketi.com\/fr-fr\/volants\/"},{"@type":"ListItem","position":3,"name":"Air Taxi","item":"https:\/\/tiketi.com\/flying\/air-taxi\/"},{"@type":"ListItem","position":4,"name":"Fly Over Berlin\u2019s Roads \u2013 Easy Air Taxi Berlin Online Bookings"}]},{"@type":"WebSite","@id":"https:\/\/tiketi.com\/#website","url":"https:\/\/tiketi.com\/","name":"Billets d&#039;avion et de bus, forfaits touristiques et activit\u00e9s - Tiketi.com","description":"Billets d&#039;avion et de bus, Tours, Activit\u00e9s","publisher":{"@id":"https:\/\/tiketi.com\/#organization"},"potentialAction":[{"@type":"SearchAction","target":{"@type":"EntryPoint","urlTemplate":"https:\/\/tiketi.com\/?s={search_term_string}"},"query-input":{"@type":"PropertyValueSpecification","valueRequired":true,"valueName":"search_term_string"}}],"inLanguage":"fr-FR"},{"@type":"Organization","@id":"https:\/\/tiketi.com\/#organization","name":"Tiketi.com","alternateName":"Tiketi","url":"https:\/\/tiketi.com\/","logo":{"@type":"ImageObject","inLanguage":"fr-FR","@id":"https:\/\/tiketi.com\/#\/schema\/logo\/image\/","url":"https:\/\/tiketi.com\/wp-content\/uploads\/2019\/05\/tiketi-logo-696.png","contentUrl":"https:\/\/tiketi.com\/wp-content\/uploads\/2019\/05\/tiketi-logo-696.png","width":696,"height":696,"caption":"Tiketi.com"},"image":{"@id":"https:\/\/tiketi.com\/#\/schema\/logo\/image\/"},"sameAs":["https:\/\/www.facebook.com\/TiketiCom\/"]}]}},"_links":{"self":[{"href":"https:\/\/tiketi.com\/fr-fr\/wp-json\/wp\/v2\/pages\/10754","targetHints":{"allow":["GET"]}}],"collection":[{"href":"https:\/\/tiketi.com\/fr-fr\/wp-json\/wp\/v2\/pages"}],"about":[{"href":"https:\/\/tiketi.com\/fr-fr\/wp-json\/wp\/v2\/types\/page"}],"author":[{"embeddable":true,"href":"https:\/\/tiketi.com\/fr-fr\/wp-json\/wp\/v2\/users\/1"}],"replies":[{"embeddable":true,"href":"https:\/\/tiketi.com\/fr-fr\/wp-json\/wp\/v2\/comments?post=10754"}],"version-history":[{"count":6,"href":"https:\/\/tiketi.com\/fr-fr\/wp-json\/wp\/v2\/pages\/10754\/revisions"}],"predecessor-version":[{"id":32369,"href":"https:\/\/tiketi.com\/fr-fr\/wp-json\/wp\/v2\/pages\/10754\/revisions\/32369"}],"up":[{"embeddable":true,"href":"https:\/\/tiketi.com\/fr-fr\/wp-json\/wp\/v2\/pages\/25621"}],"wp:featuredmedia":[{"embeddable":true,"href":"https:\/\/tiketi.com\/fr-fr\/wp-json\/wp\/v2\/media\/14603"}],"wp:attachment":[{"href":"https:\/\/tiketi.com\/fr-fr\/wp-json\/wp\/v2\/media?parent=10754"}],"curies":[{"name":"wp","href":"https:\/\/api.w.org\/{rel}","templated":true}]}}