{"id":10761,"date":"2022-01-19T12:53:47","date_gmt":"2022-01-19T11:53:47","guid":{"rendered":"https:\/\/new.tiketi.com\/bus-from-nairobi-to-lamu-bus-tickets-fare-schedule-route\/"},"modified":"2022-10-28T10:33:37","modified_gmt":"2022-10-28T09:33:37","slug":"tickets-nairobi-to-lamu","status":"publish","type":"page","link":"https:\/\/tiketi.com\/fr-fr\/routes\/bus\/tickets-nairobi-to-lamu\/","title":{"rendered":"Bus de Nairobi \u00e0 Lamu Billets de bus, tarif, horaires et itin\u00e9raire"},"content":{"rendered":"<h2>Billets de bus pas chers de Nairobi \u00e0 Lamu R\u00e9servation en ligne<\/h2>\n<h3>D\u00e9couvrez votre itin\u00e9raire sur le web, le mobile ou l&#039;application et r\u00e9servez en ligne maintenant un billet de bus pas cher de Nairobi \u00e0 Lamu.<\/h3>\n<p>Comparez et r\u00e9servez en ligne des billets de bus de Nairobi \u00e0 Lamu pas chers et voyagez de Nairobi \u00e0 Lamu par la route. L&#039;\u00eele de Lamu n&#039;est qu&#039;une petite ville du Kenya situ\u00e9e sur l&#039;\u00eele de Lamu. C&#039;est l&#039;une des plus anciennes villes du Kenya encore en vie, qui est \u00e9galement la v\u00e9ritable patrie du peuple swahili. Voici quelques-unes des meilleures id\u00e9es pour r\u00e9server des billets de bus de Nairobi \u00e0 l&#039;\u00eele de Lamu\u00a0:<\/p>\n<h2>Bus de Nairobi \u00e0 Lamu R\u00e9servation de billets de bus, itin\u00e9raires, horaires et tarifs FAQ<\/h2>\n<h3>Est-ce que le bus Nairobi-Lamu est le moyen le moins cher pour se rendre de Nairobi \u00e0 l&#039;\u00eele de Lamu ?<\/h3>\n<p>Le moyen le plus \u00e9conomique de se rendre de Nairobi \u00e0 \u00cele de Lamu en bus co\u00fbte $19 \u2013 $35 et prend 12h 55m.<\/p>\n<h3>Quel est le moyen le plus rapide pour se rendre de Nairobi \u00e0 \u00cele de Lamu ?<\/h3>\n<p>Le moyen le plus rapide pour se rendre de Nairobi \u00e0 \u00cele de Lamu est de <u><a href=\"https:\/\/tiketi.com\/fr-fr\/flightst\/\" target=\"_blank\" rel=\"noopener\">voler<\/a><\/u> qui co\u00fbte $65 \u2013 $300 et dure 2h 30m.<\/p>\n<h3>Quelle est la distance du voyage entre Nairobi et l&#039;\u00eele de Lamu?<\/h3>\n<p>La distance entre les bus de Nairobi \u00e0 \u00cele de Lamu est de 463 km.<\/p>\n<h3>Comment voyager de Nairobi \u00e0 \u00cele de Lamu sans v\u00e9hicule personnel ?<\/h3>\n<p>Le meilleur moyen pour se rendre de Nairobi \u00e0 \u00cele de Lamu sans v\u00e9hicule personnel est de bus et train, ce qui dure 12h 50m et co\u00fbte $80 \u2013 $130.<\/p>\n<h3>Avion ou bus Nairobi jusqu&#039;\u00e0 \u00cele de Lamu ?<\/h3>\n<p>Le meilleur moyen de se rendre de Nairobi \u00e0 \u00cele de Lamu est en avion, dure 2h 30m et co\u00fbte $65 - $300. Sinon, vous pouvez bus, ce qui co\u00fbte $19 \u2013 $36 et dure 12h 50m.<\/p>\n<h2>Billets de bus de Nairobi \u00e0 Lamu Tips<\/h2>\n<p>Les lieux touristiques c\u00e9l\u00e8bres de l&#039;\u00eele contiennent une architecture swahili et depuis cette tr\u00e8s vieille ville est officiellement r\u00e9pertori\u00e9e comme ayant la colonie swahili la mieux pr\u00e9serv\u00e9e de toute l&#039;Afrique de l&#039;Est.<\/p>\n<p>Les rues sont \u00e9troites donc les automobiles ne sont pas autoris\u00e9es. Les visiteurs peuvent explorer la ville \u00e0 v\u00e9lo, \u00e0 pied ou m\u00eame avec un favori domestique - l&#039;\u00e2ne.<\/p>\n<p>Les visiteurs visitant l&#039;\u00eele de Lamu sont pri\u00e9s de ne pas porter de v\u00eatements ou de bikinis extr\u00eamement courts car la majorit\u00e9 des insulaires de Lamu sont musulmans.<\/p>","protected":false},"excerpt":{"rendered":"<p>Cheap Bus Tickets from Nairobi to Lamu Online Booking Discover your travel route on web, mobile or app and book cheap bus ticket from Nairobi to Lamu online now. Compare and do cheap bus from Nairobi to Lamu bus tickets booking online and\u00a0travel Nairobi to Lamu\u00a0by road. Lamu Island is just but a little town [&hellip;]<\/p>\n","protected":false},"author":1,"featured_media":13999,"parent":25566,"menu_order":0,"comment_status":"open","ping_status":"closed","template":"template-home-modern.php","meta":{"footnotes":""},"class_list":["post-10761","page","type-page","status-publish","has-post-thumbnail","hentry"],"yoast_head":"<!-- This site is optimized with the Yoast SEO plugin v27.3 - https:\/\/yoast.com\/product\/yoast-seo-wordpress\/ -->\n<title>Bus from Nairobi to Lamu Bus Tickets, Fare, Schedule &amp; Route<\/title>\n<meta name=\"description\" content=\"Looking for bus from Nairobi to Lamu bus tickets booking, routes, schedules &amp; fares? Book cheap bus tickets from Nairobi to Lamu Island online now\" \/>\n<meta name=\"robots\" content=\"index, follow, max-snippet:-1, max-image-preview:large, max-video-preview:-1\" \/>\n<link rel=\"canonical\" href=\"https:\/\/tiketi.com\/fr-fr\/routes\/bus\/tickets-nairobi-to-lamu\/\" \/>\n<meta property=\"og:locale\" content=\"fr_FR\" \/>\n<meta property=\"og:type\" content=\"article\" \/>\n<meta property=\"og:title\" content=\"Bus from Nairobi to Lamu Bus Tickets, Fare, Schedule &amp; Route\" \/>\n<meta property=\"og:description\" content=\"Looking for bus from Nairobi to Lamu bus tickets booking, routes, schedules &amp; fares? Book cheap bus tickets from Nairobi to Lamu Island online now\" \/>\n<meta property=\"og:url\" content=\"https:\/\/tiketi.com\/fr-fr\/routes\/bus\/tickets-nairobi-to-lamu\/\" \/>\n<meta property=\"og:site_name\" content=\"Tiketi.com\" \/>\n<meta property=\"article:publisher\" content=\"https:\/\/www.facebook.com\/TiketiCom\/\" \/>\n<meta property=\"article:modified_time\" content=\"2022-10-28T09:33:37+00:00\" \/>\n<meta property=\"og:image\" content=\"https:\/\/tiketi.com\/wp-content\/uploads\/2022\/01\/bus-ticket-online-booking.jpg\" \/>\n\t<meta property=\"og:image:width\" content=\"1200\" \/>\n\t<meta property=\"og:image:height\" content=\"206\" \/>\n\t<meta property=\"og:image:type\" content=\"image\/jpeg\" \/>\n<meta name=\"twitter:card\" content=\"summary_large_image\" \/>\n<meta name=\"twitter:label1\" content=\"Dur\u00e9e de lecture estim\u00e9e\" \/>\n\t<meta name=\"twitter:data1\" content=\"2 minutes\" \/>\n<script type=\"application\/ld+json\" class=\"yoast-schema-graph\">{\"@context\":\"https:\\\/\\\/schema.org\",\"@graph\":[{\"@type\":\"WebPage\",\"@id\":\"https:\\\/\\\/tiketi.com\\\/routes\\\/bus\\\/tickets-nairobi-to-lamu\\\/\",\"url\":\"https:\\\/\\\/tiketi.com\\\/routes\\\/bus\\\/tickets-nairobi-to-lamu\\\/\",\"name\":\"Bus from Nairobi to Lamu Bus Tickets, Fare, Schedule & Route\",\"isPartOf\":{\"@id\":\"https:\\\/\\\/tiketi.com\\\/#website\"},\"primaryImageOfPage\":{\"@id\":\"https:\\\/\\\/tiketi.com\\\/routes\\\/bus\\\/tickets-nairobi-to-lamu\\\/#primaryimage\"},\"image\":{\"@id\":\"https:\\\/\\\/tiketi.com\\\/routes\\\/bus\\\/tickets-nairobi-to-lamu\\\/#primaryimage\"},\"thumbnailUrl\":\"https:\\\/\\\/tiketi.com\\\/wp-content\\\/uploads\\\/2022\\\/01\\\/bus-ticket-online-booking.jpg\",\"datePublished\":\"2022-01-19T11:53:47+00:00\",\"dateModified\":\"2022-10-28T09:33:37+00:00\",\"description\":\"Looking for bus from Nairobi to Lamu bus tickets booking, routes, schedules & fares? Book cheap bus tickets from Nairobi to Lamu Island online now\",\"breadcrumb\":{\"@id\":\"https:\\\/\\\/tiketi.com\\\/routes\\\/bus\\\/tickets-nairobi-to-lamu\\\/#breadcrumb\"},\"inLanguage\":\"fr-FR\",\"potentialAction\":[{\"@type\":\"ReadAction\",\"target\":[\"https:\\\/\\\/tiketi.com\\\/routes\\\/bus\\\/tickets-nairobi-to-lamu\\\/\"]}]},{\"@type\":\"ImageObject\",\"inLanguage\":\"fr-FR\",\"@id\":\"https:\\\/\\\/tiketi.com\\\/routes\\\/bus\\\/tickets-nairobi-to-lamu\\\/#primaryimage\",\"url\":\"https:\\\/\\\/tiketi.com\\\/wp-content\\\/uploads\\\/2022\\\/01\\\/bus-ticket-online-booking.jpg\",\"contentUrl\":\"https:\\\/\\\/tiketi.com\\\/wp-content\\\/uploads\\\/2022\\\/01\\\/bus-ticket-online-booking.jpg\",\"width\":1200,\"height\":206,\"caption\":\"Online Bus Ticket Booking\"},{\"@type\":\"BreadcrumbList\",\"@id\":\"https:\\\/\\\/tiketi.com\\\/routes\\\/bus\\\/tickets-nairobi-to-lamu\\\/#breadcrumb\",\"itemListElement\":[{\"@type\":\"ListItem\",\"position\":1,\"name\":\"Home\",\"item\":\"https:\\\/\\\/tiketi.com\\\/\"},{\"@type\":\"ListItem\",\"position\":2,\"name\":\"Routes\",\"item\":\"https:\\\/\\\/tiketi.com\\\/routes\\\/\"},{\"@type\":\"ListItem\",\"position\":3,\"name\":\"Bus\",\"item\":\"https:\\\/\\\/tiketi.com\\\/routes\\\/bus\\\/\"},{\"@type\":\"ListItem\",\"position\":4,\"name\":\"Bus from Nairobi to Lamu Bus Tickets, Fare, Schedule &#038; Route\"}]},{\"@type\":\"WebSite\",\"@id\":\"https:\\\/\\\/tiketi.com\\\/#website\",\"url\":\"https:\\\/\\\/tiketi.com\\\/\",\"name\":\"Flight & Bus Tickets, Tour Packages & Activitites - Tiketi.com\",\"description\":\"Flight &amp; Bus Tickets, Tours, Activitites\",\"publisher\":{\"@id\":\"https:\\\/\\\/tiketi.com\\\/#organization\"},\"potentialAction\":[{\"@type\":\"SearchAction\",\"target\":{\"@type\":\"EntryPoint\",\"urlTemplate\":\"https:\\\/\\\/tiketi.com\\\/?s={search_term_string}\"},\"query-input\":{\"@type\":\"PropertyValueSpecification\",\"valueRequired\":true,\"valueName\":\"search_term_string\"}}],\"inLanguage\":\"fr-FR\"},{\"@type\":\"Organization\",\"@id\":\"https:\\\/\\\/tiketi.com\\\/#organization\",\"name\":\"Tiketi.com\",\"alternateName\":\"Tiketi\",\"url\":\"https:\\\/\\\/tiketi.com\\\/\",\"logo\":{\"@type\":\"ImageObject\",\"inLanguage\":\"fr-FR\",\"@id\":\"https:\\\/\\\/tiketi.com\\\/#\\\/schema\\\/logo\\\/image\\\/\",\"url\":\"https:\\\/\\\/tiketi.com\\\/wp-content\\\/uploads\\\/2019\\\/05\\\/tiketi-logo-696.png\",\"contentUrl\":\"https:\\\/\\\/tiketi.com\\\/wp-content\\\/uploads\\\/2019\\\/05\\\/tiketi-logo-696.png\",\"width\":696,\"height\":696,\"caption\":\"Tiketi.com\"},\"image\":{\"@id\":\"https:\\\/\\\/tiketi.com\\\/#\\\/schema\\\/logo\\\/image\\\/\"},\"sameAs\":[\"https:\\\/\\\/www.facebook.com\\\/TiketiCom\\\/\"]}]}<\/script>\n<!-- \/ Yoast SEO plugin. -->","yoast_head_json":{"title":"Bus de Nairobi \u00e0 Lamu Billets de bus, tarif, horaires et itin\u00e9raire","description":"\u00c0 la recherche de billets de bus de Nairobi \u00e0 Lamu, r\u00e9servations d&#039;itin\u00e9raires, horaires et tarifs ? R\u00e9servez en ligne maintenant des billets de bus \u00e0 bas prix de Nairobi \u00e0 \u00cele de Lamu","robots":{"index":"index","follow":"follow","max-snippet":"max-snippet:-1","max-image-preview":"max-image-preview:large","max-video-preview":"max-video-preview:-1"},"canonical":"https:\/\/tiketi.com\/fr-fr\/routes\/bus\/tickets-nairobi-to-lamu\/","og_locale":"fr_FR","og_type":"article","og_title":"Bus from Nairobi to Lamu Bus Tickets, Fare, Schedule & Route","og_description":"Looking for bus from Nairobi to Lamu bus tickets booking, routes, schedules & fares? Book cheap bus tickets from Nairobi to Lamu Island online now","og_url":"https:\/\/tiketi.com\/fr-fr\/routes\/bus\/tickets-nairobi-to-lamu\/","og_site_name":"Tiketi.com","article_publisher":"https:\/\/www.facebook.com\/TiketiCom\/","article_modified_time":"2022-10-28T09:33:37+00:00","og_image":[{"width":1200,"height":206,"url":"https:\/\/tiketi.com\/wp-content\/uploads\/2022\/01\/bus-ticket-online-booking.jpg","type":"image\/jpeg"}],"twitter_card":"summary_large_image","twitter_misc":{"Dur\u00e9e de lecture estim\u00e9e":"2 minutes"},"schema":{"@context":"https:\/\/schema.org","@graph":[{"@type":"WebPage","@id":"https:\/\/tiketi.com\/routes\/bus\/tickets-nairobi-to-lamu\/","url":"https:\/\/tiketi.com\/routes\/bus\/tickets-nairobi-to-lamu\/","name":"Bus de Nairobi \u00e0 Lamu Billets de bus, tarif, horaires et itin\u00e9raire","isPartOf":{"@id":"https:\/\/tiketi.com\/#website"},"primaryImageOfPage":{"@id":"https:\/\/tiketi.com\/routes\/bus\/tickets-nairobi-to-lamu\/#primaryimage"},"image":{"@id":"https:\/\/tiketi.com\/routes\/bus\/tickets-nairobi-to-lamu\/#primaryimage"},"thumbnailUrl":"https:\/\/tiketi.com\/wp-content\/uploads\/2022\/01\/bus-ticket-online-booking.jpg","datePublished":"2022-01-19T11:53:47+00:00","dateModified":"2022-10-28T09:33:37+00:00","description":"\u00c0 la recherche de billets de bus de Nairobi \u00e0 Lamu, r\u00e9servations d&#039;itin\u00e9raires, horaires et tarifs ? R\u00e9servez en ligne maintenant des billets de bus \u00e0 bas prix de Nairobi \u00e0 \u00cele de Lamu","breadcrumb":{"@id":"https:\/\/tiketi.com\/routes\/bus\/tickets-nairobi-to-lamu\/#breadcrumb"},"inLanguage":"fr-FR","potentialAction":[{"@type":"ReadAction","target":["https:\/\/tiketi.com\/routes\/bus\/tickets-nairobi-to-lamu\/"]}]},{"@type":"ImageObject","inLanguage":"fr-FR","@id":"https:\/\/tiketi.com\/routes\/bus\/tickets-nairobi-to-lamu\/#primaryimage","url":"https:\/\/tiketi.com\/wp-content\/uploads\/2022\/01\/bus-ticket-online-booking.jpg","contentUrl":"https:\/\/tiketi.com\/wp-content\/uploads\/2022\/01\/bus-ticket-online-booking.jpg","width":1200,"height":206,"caption":"Online Bus Ticket Booking"},{"@type":"BreadcrumbList","@id":"https:\/\/tiketi.com\/routes\/bus\/tickets-nairobi-to-lamu\/#breadcrumb","itemListElement":[{"@type":"ListItem","position":1,"name":"Home","item":"https:\/\/tiketi.com\/"},{"@type":"ListItem","position":2,"name":"Routes","item":"https:\/\/tiketi.com\/routes\/"},{"@type":"ListItem","position":3,"name":"Bus","item":"https:\/\/tiketi.com\/routes\/bus\/"},{"@type":"ListItem","position":4,"name":"Bus from Nairobi to Lamu Bus Tickets, Fare, Schedule &#038; Route"}]},{"@type":"WebSite","@id":"https:\/\/tiketi.com\/#website","url":"https:\/\/tiketi.com\/","name":"Billets d&#039;avion et de bus, forfaits touristiques et activit\u00e9s - Tiketi.com","description":"Billets d&#039;avion et de bus, Tours, Activit\u00e9s","publisher":{"@id":"https:\/\/tiketi.com\/#organization"},"potentialAction":[{"@type":"SearchAction","target":{"@type":"EntryPoint","urlTemplate":"https:\/\/tiketi.com\/?s={search_term_string}"},"query-input":{"@type":"PropertyValueSpecification","valueRequired":true,"valueName":"search_term_string"}}],"inLanguage":"fr-FR"},{"@type":"Organization","@id":"https:\/\/tiketi.com\/#organization","name":"Tiketi.com","alternateName":"Tiketi","url":"https:\/\/tiketi.com\/","logo":{"@type":"ImageObject","inLanguage":"fr-FR","@id":"https:\/\/tiketi.com\/#\/schema\/logo\/image\/","url":"https:\/\/tiketi.com\/wp-content\/uploads\/2019\/05\/tiketi-logo-696.png","contentUrl":"https:\/\/tiketi.com\/wp-content\/uploads\/2019\/05\/tiketi-logo-696.png","width":696,"height":696,"caption":"Tiketi.com"},"image":{"@id":"https:\/\/tiketi.com\/#\/schema\/logo\/image\/"},"sameAs":["https:\/\/www.facebook.com\/TiketiCom\/"]}]}},"_links":{"self":[{"href":"https:\/\/tiketi.com\/fr-fr\/wp-json\/wp\/v2\/pages\/10761","targetHints":{"allow":["GET"]}}],"collection":[{"href":"https:\/\/tiketi.com\/fr-fr\/wp-json\/wp\/v2\/pages"}],"about":[{"href":"https:\/\/tiketi.com\/fr-fr\/wp-json\/wp\/v2\/types\/page"}],"author":[{"embeddable":true,"href":"https:\/\/tiketi.com\/fr-fr\/wp-json\/wp\/v2\/users\/1"}],"replies":[{"embeddable":true,"href":"https:\/\/tiketi.com\/fr-fr\/wp-json\/wp\/v2\/comments?post=10761"}],"version-history":[{"count":0,"href":"https:\/\/tiketi.com\/fr-fr\/wp-json\/wp\/v2\/pages\/10761\/revisions"}],"up":[{"embeddable":true,"href":"https:\/\/tiketi.com\/fr-fr\/wp-json\/wp\/v2\/pages\/25566"}],"wp:featuredmedia":[{"embeddable":true,"href":"https:\/\/tiketi.com\/fr-fr\/wp-json\/wp\/v2\/media\/13999"}],"wp:attachment":[{"href":"https:\/\/tiketi.com\/fr-fr\/wp-json\/wp\/v2\/media?parent=10761"}],"curies":[{"name":"wp","href":"https:\/\/api.w.org\/{rel}","templated":true}]}}