{"id":10762,"date":"2022-01-19T12:53:47","date_gmt":"2022-01-19T11:53:47","guid":{"rendered":"https:\/\/new.tiketi.com\/bus-from-mwanza-to-mbeya-bus-tickets-fare-schedule-route\/"},"modified":"2023-07-04T12:36:17","modified_gmt":"2023-07-04T11:36:17","slug":"mwanza-to-mbeya","status":"publish","type":"page","link":"https:\/\/tiketi.com\/fr-fr\/routes\/bus\/mwanza-to-mbeya\/","title":{"rendered":"Bus de Mwanza \u00e0 Mbeya Billets de bus, tarif, horaires et itin\u00e9raire"},"content":{"rendered":"<h2>Billets de bus pas chers de Mwanza \u00e0 Mbeya R\u00e9servation en ligne<\/h2>\n<h3>D\u00e9couvrez votre itin\u00e9raire de voyage sur le web, le mobile ou l&#039;application et r\u00e9servez en ligne maintenant un billet de bus pas cher de Lagos \u00e0 Ghana.<\/h3>\n<p>Comparez et r\u00e9servez en ligne des billets de bus de Mwanza \u00e0 Mbeya pas chers et voyagez de Mwanza \u00e0 Mbeya en bus. La r\u00e9gion de Mbeya est l&#039;une des 30 r\u00e9gions administratives de la Tanzanie. Il est plac\u00e9 dans le sud-ouest du pays. La capitale r\u00e9gionale est la ville de Mbeya. Voici l&#039;id\u00e9e sur la fa\u00e7on de r\u00e9server des billets de bus de Mwanza \u00e0 Mbeya :<\/p>\n<h2>Bus de Mwanza \u00e0 Mbeya R\u00e9servation de billets de bus, itin\u00e9raires, horaires et tarifs FAQs<\/h2>\n<h3>Est-ce que Mwanza \u00e0 Mbeya en bus est le moyen abordable d&#039;aller de Mwanza \u00e0 Mbeya ?<\/h3>\n<p>Mwanza \u00e0 Mbeya en bus est le moyen le plus abordable pour se rendre de Mwanza \u00e0 Mbeya. Les billets de bus de Mwanza \u00e0 Mbeya co\u00fbtent $40 et dure 3h 30m.<\/p>\n<h3>Quel est le moyen le plus rapide pour se rendre de Mwanza \u00e0 Mbeya ?<\/h3>\n<p>Le moyen le plus rapide pour se rendre de Mwanza \u00e0 Mbeya est de prendre un avion ce qui co\u00fbte $170 \u2013 $400 et prend 8h 10m.<\/p>\n<h3>Y a-t-il un bus direct de Mwanza \u00e0 Mbeya ?<\/h3>\n<p>Non, il n&#039;y a pas de bus direct Mwanza jusqu&#039;\u00e0 Mbeya. Quoi qu&#039;il en soit, il y a des services au d\u00e9part de Mwanza. Le trajet, y compris les transferts, dure environ 34h 30m.<\/p>\n<h3>Comment voyager de Mwanza \u00e0 Mbeya sans v\u00e9hicule personnel ?<\/h3>\n<p>L&#039;excellent moyen pour se rendre de Mwanza \u00e0 Mbeya sans v\u00e9hicule personnel est de bus, ce qui dure 34h 30m et co\u00fbte $40.<\/p>\n<h2>Billets de bus de Mwanza \u00e0 Mbeya Tips<\/h2>\n<p>Un voyage \u00e0 Mbeya pourrait \u00eatre remarquable lorsque vous rencontrez diff\u00e9rentes situations m\u00e9t\u00e9orologiques, allant de la m\u00e9t\u00e9o c\u00f4ti\u00e8re dans la r\u00e9gion de Morogoro et Dar es Salaam, \u00e0 la m\u00e9t\u00e9o \u00e0 haute altitude et \u00e0 la m\u00e9t\u00e9o \u00e0 basse latitude \u00e0 certains endroits avant d&#039;atteindre la r\u00e9gion de Mbeya, \u00e0 environ 822 kilom\u00e8tres de Dar es Salaam. .<\/p>\n<p>La r\u00e9gion de Mbeya a \u00e9t\u00e9 dot\u00e9e de nombreuses attractions touristiques mais pas compl\u00e8tement exploit\u00e9es. Ces attractions contiennent celles trouv\u00e9es pr\u00e8s de la ville telles que les pics Loleza et Mbeya et le point de vue Utengule.<br \/>\nLa rivi\u00e8re Kiwira est un lieu magique par ses contes et ses mythes. Situ\u00e9e \u00e0 une soixantaine de kilom\u00e8tres de la ville de Mbeya pr\u00e8s de la ville de Tukuyu, la rivi\u00e8re est une attraction touristique par ses miracles que les habitants racontent \u00e0 chaque visiteur \u00e9tranger au bord de la rivi\u00e8re.<\/p>","protected":false},"excerpt":{"rendered":"<p>Cheap Bus Tickets from Mwanza to Mbeya Online Booking Discover your travel route on web, mobile or app and book cheap bus ticket from Lagos to Ghana online now. Compare and do cheap bus from Mwanza to Mbeya bus tickets booking online and travel Mwanza to Mbeya by bus. Mbeya area is one of Tanzania [&hellip;]<\/p>\n","protected":false},"author":1,"featured_media":13999,"parent":25566,"menu_order":0,"comment_status":"open","ping_status":"closed","template":"template-home-modern.php","meta":{"footnotes":""},"class_list":["post-10762","page","type-page","status-publish","has-post-thumbnail","hentry"],"yoast_head":"<!-- This site is optimized with the Yoast SEO plugin v27.3 - https:\/\/yoast.com\/product\/yoast-seo-wordpress\/ -->\n<title>Bus from Mwanza to Mbeya Bus Tickets, Fare, Schedule &amp; Route<\/title>\n<meta name=\"description\" content=\"Looking for bus from Mwanza to Mbeya bus tickets booking app, routes, schedules &amp; fares? Book cheap bus tickets from Mwanza to Mbeya online\" \/>\n<meta name=\"robots\" content=\"index, follow, max-snippet:-1, max-image-preview:large, max-video-preview:-1\" \/>\n<link rel=\"canonical\" href=\"https:\/\/tiketi.com\/fr-fr\/njia\/nauli-mabasi\/mwanza-to-mbeya\/\" \/>\n<meta property=\"og:locale\" content=\"fr_FR\" \/>\n<meta property=\"og:type\" content=\"article\" \/>\n<meta property=\"og:title\" content=\"Bus from Mwanza to Mbeya Bus Tickets, Fare, Schedule &amp; Route\" \/>\n<meta property=\"og:description\" content=\"Looking for bus from Mwanza to Mbeya bus tickets booking app, routes, schedules &amp; fares? Book cheap bus tickets from Mwanza to Mbeya online\" \/>\n<meta property=\"og:url\" content=\"https:\/\/tiketi.com\/fr-fr\/njia\/nauli-mabasi\/mwanza-to-mbeya\/\" \/>\n<meta property=\"og:site_name\" content=\"Tiketi.com\" \/>\n<meta property=\"article:publisher\" content=\"https:\/\/www.facebook.com\/TiketiCom\/\" \/>\n<meta property=\"article:modified_time\" content=\"2023-07-04T11:36:17+00:00\" \/>\n<meta property=\"og:image\" content=\"https:\/\/tiketi.com\/wp-content\/uploads\/2022\/01\/bus-ticket-online-booking.jpg\" \/>\n\t<meta property=\"og:image:width\" content=\"1200\" \/>\n\t<meta property=\"og:image:height\" content=\"206\" \/>\n\t<meta property=\"og:image:type\" content=\"image\/jpeg\" \/>\n<meta name=\"twitter:card\" content=\"summary_large_image\" \/>\n<meta name=\"twitter:label1\" content=\"Dur\u00e9e de lecture estim\u00e9e\" \/>\n\t<meta name=\"twitter:data1\" content=\"2 minutes\" \/>\n<script type=\"application\/ld+json\" class=\"yoast-schema-graph\">{\"@context\":\"https:\\\/\\\/schema.org\",\"@graph\":[{\"@type\":\"WebPage\",\"@id\":\"https:\\\/\\\/tiketi.com\\\/sw\\\/njia\\\/nauli-mabasi\\\/mwanza-to-mbeya\\\/\",\"url\":\"https:\\\/\\\/tiketi.com\\\/sw\\\/njia\\\/nauli-mabasi\\\/mwanza-to-mbeya\\\/\",\"name\":\"Bus from Mwanza to Mbeya Bus Tickets, Fare, Schedule & Route\",\"isPartOf\":{\"@id\":\"https:\\\/\\\/tiketi.com\\\/#website\"},\"primaryImageOfPage\":{\"@id\":\"https:\\\/\\\/tiketi.com\\\/sw\\\/njia\\\/nauli-mabasi\\\/mwanza-to-mbeya\\\/#primaryimage\"},\"image\":{\"@id\":\"https:\\\/\\\/tiketi.com\\\/sw\\\/njia\\\/nauli-mabasi\\\/mwanza-to-mbeya\\\/#primaryimage\"},\"thumbnailUrl\":\"https:\\\/\\\/tiketi.com\\\/wp-content\\\/uploads\\\/2022\\\/01\\\/bus-ticket-online-booking.jpg\",\"datePublished\":\"2022-01-19T11:53:47+00:00\",\"dateModified\":\"2023-07-04T11:36:17+00:00\",\"description\":\"Looking for bus from Mwanza to Mbeya bus tickets booking app, routes, schedules & fares? Book cheap bus tickets from Mwanza to Mbeya online\",\"breadcrumb\":{\"@id\":\"https:\\\/\\\/tiketi.com\\\/sw\\\/njia\\\/nauli-mabasi\\\/mwanza-to-mbeya\\\/#breadcrumb\"},\"inLanguage\":\"fr-FR\",\"potentialAction\":[{\"@type\":\"ReadAction\",\"target\":[\"https:\\\/\\\/tiketi.com\\\/sw\\\/njia\\\/nauli-mabasi\\\/mwanza-to-mbeya\\\/\"]}]},{\"@type\":\"ImageObject\",\"inLanguage\":\"fr-FR\",\"@id\":\"https:\\\/\\\/tiketi.com\\\/sw\\\/njia\\\/nauli-mabasi\\\/mwanza-to-mbeya\\\/#primaryimage\",\"url\":\"https:\\\/\\\/tiketi.com\\\/wp-content\\\/uploads\\\/2022\\\/01\\\/bus-ticket-online-booking.jpg\",\"contentUrl\":\"https:\\\/\\\/tiketi.com\\\/wp-content\\\/uploads\\\/2022\\\/01\\\/bus-ticket-online-booking.jpg\",\"width\":1200,\"height\":206,\"caption\":\"Online Bus Ticket Booking\"},{\"@type\":\"BreadcrumbList\",\"@id\":\"https:\\\/\\\/tiketi.com\\\/sw\\\/njia\\\/nauli-mabasi\\\/mwanza-to-mbeya\\\/#breadcrumb\",\"itemListElement\":[{\"@type\":\"ListItem\",\"position\":1,\"name\":\"Home\",\"item\":\"https:\\\/\\\/tiketi.com\\\/\"},{\"@type\":\"ListItem\",\"position\":2,\"name\":\"Routes\",\"item\":\"https:\\\/\\\/tiketi.com\\\/routes\\\/\"},{\"@type\":\"ListItem\",\"position\":3,\"name\":\"Bus\",\"item\":\"https:\\\/\\\/tiketi.com\\\/routes\\\/bus\\\/\"},{\"@type\":\"ListItem\",\"position\":4,\"name\":\"Bus from Mwanza to Mbeya Bus Tickets, Fare, Schedule &#038; Route\"}]},{\"@type\":\"WebSite\",\"@id\":\"https:\\\/\\\/tiketi.com\\\/#website\",\"url\":\"https:\\\/\\\/tiketi.com\\\/\",\"name\":\"Flight & Bus Tickets, Tour Packages & Activitites - Tiketi.com\",\"description\":\"Flight &amp; Bus Tickets, Tours, Activitites\",\"publisher\":{\"@id\":\"https:\\\/\\\/tiketi.com\\\/#organization\"},\"potentialAction\":[{\"@type\":\"SearchAction\",\"target\":{\"@type\":\"EntryPoint\",\"urlTemplate\":\"https:\\\/\\\/tiketi.com\\\/?s={search_term_string}\"},\"query-input\":{\"@type\":\"PropertyValueSpecification\",\"valueRequired\":true,\"valueName\":\"search_term_string\"}}],\"inLanguage\":\"fr-FR\"},{\"@type\":\"Organization\",\"@id\":\"https:\\\/\\\/tiketi.com\\\/#organization\",\"name\":\"Tiketi.com\",\"alternateName\":\"Tiketi\",\"url\":\"https:\\\/\\\/tiketi.com\\\/\",\"logo\":{\"@type\":\"ImageObject\",\"inLanguage\":\"fr-FR\",\"@id\":\"https:\\\/\\\/tiketi.com\\\/#\\\/schema\\\/logo\\\/image\\\/\",\"url\":\"https:\\\/\\\/tiketi.com\\\/wp-content\\\/uploads\\\/2019\\\/05\\\/tiketi-logo-696.png\",\"contentUrl\":\"https:\\\/\\\/tiketi.com\\\/wp-content\\\/uploads\\\/2019\\\/05\\\/tiketi-logo-696.png\",\"width\":696,\"height\":696,\"caption\":\"Tiketi.com\"},\"image\":{\"@id\":\"https:\\\/\\\/tiketi.com\\\/#\\\/schema\\\/logo\\\/image\\\/\"},\"sameAs\":[\"https:\\\/\\\/www.facebook.com\\\/TiketiCom\\\/\"]}]}<\/script>\n<!-- \/ Yoast SEO plugin. -->","yoast_head_json":{"title":"Bus de Mwanza \u00e0 Mbeya Billets de bus, tarif, horaires et itin\u00e9raire","description":"Vous recherchez une application de r\u00e9servation de billets de bus de Mwanza \u00e0 Mbeya, des itin\u00e9raires, des horaires et des tarifs\u00a0? R\u00e9servez en ligne des billets de bus \u00e0 bas prix de Mwanza \u00e0 Mbeya","robots":{"index":"index","follow":"follow","max-snippet":"max-snippet:-1","max-image-preview":"max-image-preview:large","max-video-preview":"max-video-preview:-1"},"canonical":"https:\/\/tiketi.com\/fr-fr\/njia\/nauli-mabasi\/mwanza-to-mbeya\/","og_locale":"fr_FR","og_type":"article","og_title":"Bus from Mwanza to Mbeya Bus Tickets, Fare, Schedule & Route","og_description":"Looking for bus from Mwanza to Mbeya bus tickets booking app, routes, schedules & fares? Book cheap bus tickets from Mwanza to Mbeya online","og_url":"https:\/\/tiketi.com\/fr-fr\/njia\/nauli-mabasi\/mwanza-to-mbeya\/","og_site_name":"Tiketi.com","article_publisher":"https:\/\/www.facebook.com\/TiketiCom\/","article_modified_time":"2023-07-04T11:36:17+00:00","og_image":[{"width":1200,"height":206,"url":"https:\/\/tiketi.com\/wp-content\/uploads\/2022\/01\/bus-ticket-online-booking.jpg","type":"image\/jpeg"}],"twitter_card":"summary_large_image","twitter_misc":{"Dur\u00e9e de lecture estim\u00e9e":"2 minutes"},"schema":{"@context":"https:\/\/schema.org","@graph":[{"@type":"WebPage","@id":"https:\/\/tiketi.com\/sw\/njia\/nauli-mabasi\/mwanza-to-mbeya\/","url":"https:\/\/tiketi.com\/sw\/njia\/nauli-mabasi\/mwanza-to-mbeya\/","name":"Bus de Mwanza \u00e0 Mbeya Billets de bus, tarif, horaires et itin\u00e9raire","isPartOf":{"@id":"https:\/\/tiketi.com\/#website"},"primaryImageOfPage":{"@id":"https:\/\/tiketi.com\/sw\/njia\/nauli-mabasi\/mwanza-to-mbeya\/#primaryimage"},"image":{"@id":"https:\/\/tiketi.com\/sw\/njia\/nauli-mabasi\/mwanza-to-mbeya\/#primaryimage"},"thumbnailUrl":"https:\/\/tiketi.com\/wp-content\/uploads\/2022\/01\/bus-ticket-online-booking.jpg","datePublished":"2022-01-19T11:53:47+00:00","dateModified":"2023-07-04T11:36:17+00:00","description":"Vous recherchez une application de r\u00e9servation de billets de bus de Mwanza \u00e0 Mbeya, des itin\u00e9raires, des horaires et des tarifs\u00a0? R\u00e9servez en ligne des billets de bus \u00e0 bas prix de Mwanza \u00e0 Mbeya","breadcrumb":{"@id":"https:\/\/tiketi.com\/sw\/njia\/nauli-mabasi\/mwanza-to-mbeya\/#breadcrumb"},"inLanguage":"fr-FR","potentialAction":[{"@type":"ReadAction","target":["https:\/\/tiketi.com\/sw\/njia\/nauli-mabasi\/mwanza-to-mbeya\/"]}]},{"@type":"ImageObject","inLanguage":"fr-FR","@id":"https:\/\/tiketi.com\/sw\/njia\/nauli-mabasi\/mwanza-to-mbeya\/#primaryimage","url":"https:\/\/tiketi.com\/wp-content\/uploads\/2022\/01\/bus-ticket-online-booking.jpg","contentUrl":"https:\/\/tiketi.com\/wp-content\/uploads\/2022\/01\/bus-ticket-online-booking.jpg","width":1200,"height":206,"caption":"Online Bus Ticket Booking"},{"@type":"BreadcrumbList","@id":"https:\/\/tiketi.com\/sw\/njia\/nauli-mabasi\/mwanza-to-mbeya\/#breadcrumb","itemListElement":[{"@type":"ListItem","position":1,"name":"Home","item":"https:\/\/tiketi.com\/"},{"@type":"ListItem","position":2,"name":"Routes","item":"https:\/\/tiketi.com\/routes\/"},{"@type":"ListItem","position":3,"name":"Bus","item":"https:\/\/tiketi.com\/routes\/bus\/"},{"@type":"ListItem","position":4,"name":"Bus from Mwanza to Mbeya Bus Tickets, Fare, Schedule &#038; Route"}]},{"@type":"WebSite","@id":"https:\/\/tiketi.com\/#website","url":"https:\/\/tiketi.com\/","name":"Billets d&#039;avion et de bus, forfaits touristiques et activit\u00e9s - Tiketi.com","description":"Billets d&#039;avion et de bus, Tours, Activit\u00e9s","publisher":{"@id":"https:\/\/tiketi.com\/#organization"},"potentialAction":[{"@type":"SearchAction","target":{"@type":"EntryPoint","urlTemplate":"https:\/\/tiketi.com\/?s={search_term_string}"},"query-input":{"@type":"PropertyValueSpecification","valueRequired":true,"valueName":"search_term_string"}}],"inLanguage":"fr-FR"},{"@type":"Organization","@id":"https:\/\/tiketi.com\/#organization","name":"Tiketi.com","alternateName":"Tiketi","url":"https:\/\/tiketi.com\/","logo":{"@type":"ImageObject","inLanguage":"fr-FR","@id":"https:\/\/tiketi.com\/#\/schema\/logo\/image\/","url":"https:\/\/tiketi.com\/wp-content\/uploads\/2019\/05\/tiketi-logo-696.png","contentUrl":"https:\/\/tiketi.com\/wp-content\/uploads\/2019\/05\/tiketi-logo-696.png","width":696,"height":696,"caption":"Tiketi.com"},"image":{"@id":"https:\/\/tiketi.com\/#\/schema\/logo\/image\/"},"sameAs":["https:\/\/www.facebook.com\/TiketiCom\/"]}]}},"_links":{"self":[{"href":"https:\/\/tiketi.com\/fr-fr\/wp-json\/wp\/v2\/pages\/10762","targetHints":{"allow":["GET"]}}],"collection":[{"href":"https:\/\/tiketi.com\/fr-fr\/wp-json\/wp\/v2\/pages"}],"about":[{"href":"https:\/\/tiketi.com\/fr-fr\/wp-json\/wp\/v2\/types\/page"}],"author":[{"embeddable":true,"href":"https:\/\/tiketi.com\/fr-fr\/wp-json\/wp\/v2\/users\/1"}],"replies":[{"embeddable":true,"href":"https:\/\/tiketi.com\/fr-fr\/wp-json\/wp\/v2\/comments?post=10762"}],"version-history":[{"count":0,"href":"https:\/\/tiketi.com\/fr-fr\/wp-json\/wp\/v2\/pages\/10762\/revisions"}],"up":[{"embeddable":true,"href":"https:\/\/tiketi.com\/fr-fr\/wp-json\/wp\/v2\/pages\/25566"}],"wp:featuredmedia":[{"embeddable":true,"href":"https:\/\/tiketi.com\/fr-fr\/wp-json\/wp\/v2\/media\/13999"}],"wp:attachment":[{"href":"https:\/\/tiketi.com\/fr-fr\/wp-json\/wp\/v2\/media?parent=10762"}],"curies":[{"name":"wp","href":"https:\/\/api.w.org\/{rel}","templated":true}]}}