{"id":10767,"date":"2022-01-19T12:53:47","date_gmt":"2022-01-19T11:53:47","guid":{"rendered":"https:\/\/new.tiketi.com\/bus-from-moshi-to-dodoma-bus-tickets-fare-schedule-route\/"},"modified":"2023-06-19T18:05:53","modified_gmt":"2023-06-19T17:05:53","slug":"moshi-to-dodoma","status":"publish","type":"page","link":"https:\/\/tiketi.com\/fr-fr\/routes\/bus\/moshi-to-dodoma\/","title":{"rendered":"Bus de Moshi \u00e0 Dodoma Billets de bus, tarif, horaires et itin\u00e9raire"},"content":{"rendered":"<h2>Billets de bus pas chers de Moshi \u00e0 Dodoma R\u00e9servation en ligne<\/h2>\n<h3>D\u00e9couvrez votre itin\u00e9raire sur le web, le mobile ou l&#039;application et r\u00e9servez en ligne maintenant un billet de bus pas cher de Moshi \u00e0 Dodoma.<\/h3>\n<p>Comparez et r\u00e9servez en ligne des billets de bus de Moshi \u00e0 Dodoma pas chers et voyagez de Moshi \u00e0 Dodoma en bus. Situ\u00e9e au c\u0153ur de la Tanzanie, Dodoma est la capitale politique officielle du pays et le si\u00e8ge du gouvernement du pays. Comparativement, il est beaucoup plus petit et moins d\u00e9velopp\u00e9 que le centre commercial du pays, Dar es Salaam. Voici le guide sur la fa\u00e7on de r\u00e9server des billets de bus de Moshi \u00e0 Dodoma :<\/p>\n<h2>Bus de Moshi \u00e0 Dodoma R\u00e9servation de billets de bus, itin\u00e9raires, horaires et tarifs FAQ<\/h2>\n<h3>Est-ce que le bus de Moshi \u00e0 Dodoma est le moyen le moins cher pour se rendre de Moshi \u00e0 Dodoma ?<\/h3>\n<p>Le moyen abordable de se rendre de Moshi \u00e0 Dodoma est de prendre le bus. Les billets de bus de Moshi \u00e0 Dodoma co\u00fbtent $40 \u2013 $60 et dure 9h 10m.<\/p>\n<h3>Est-ce que le bus Moshi to Dodoma est le moyen le plus rapide pour se rendre de Moshi \u00e0 Dodoma ?<\/h3>\n<p>Le moyen le plus rapide pour se rendre de Moshi \u00e0 Dodoma est de <u><a href=\"https:\/\/tiketi.com\/fr-fr\/flightst\/\" target=\"_blank\" rel=\"noopener\">voler<\/a><\/u> qui co\u00fbte $120 \u2013 $320 et dure 7h 50m.<\/p>\n<h3>Y a-t-il un bus entre Dodoma et Moshi ?<\/h3>\n<p>Non, il n&#039;y a pas de bus direct Moshi jusqu&#039;\u00e0 Dodoma. Quoi qu&#039;il en soit, il y a des services au d\u00e9part de Moshi. Le trajet, y compris les transferts, dure environ 18h 10m.<\/p>\n<h3>Quelle est la distance entre Moshi et Dodoma?<\/h3>\n<p>La distance entre Dodoma et Moshi est de 360 km.<\/p>\n<h3>O\u00f9 prendre le bus depuis Moshi pour Dodoma ?<\/h3>\n<p>Les services de bus, g\u00e9r\u00e9s par Kidia One Express, partent de la gare de Moshi.<\/p>\n<h2>Billets de bus de Moshi \u00e0 Dodoma Tips<\/h2>\n<p>Dodoma reste un centre pour la politique nationale. Situ\u00e9e \u00e0 l&#039;extr\u00e9mit\u00e9 orientale des hautes terres du sud, la ville de Dodoma est entour\u00e9e d&#039;une riche zone agricole et de paysages amusants. Dodoma a beaucoup d&#039;endroits et d&#039;\u00e9l\u00e9ments d&#039;int\u00e9r\u00eat \u00e0 conseiller au visiteur de passage. C&#039;est le c\u0153ur de l&#039;industrie viticole en pleine croissance en Tanzanie.<\/p>\n<p>Dans des articles r\u00e9cents, la base \u00e9conomique de la ville a tourn\u00e9 en faveur de la ville c\u00f4ti\u00e8re, mais au d\u00e9but de l&#039;ind\u00e9pendance de la Tanzanie, il y avait une motion politique c\u00e9l\u00e8bre pour d\u00e9placer le gouvernement complet dans la ville des hautes terres du sud.<\/p>","protected":false},"excerpt":{"rendered":"<p>Cheap Bus Tickets from Moshi to Dodoma Online Booking Discover your travel route on web, mobile or app and book cheap bus ticket from Moshi to Dodoma online now. Compare and do cheap bus from Moshi to Dodoma bus tickets booking online and travel Moshi to Dodoma by bus. Placed in the heartland of Tanzania, [&hellip;]<\/p>\n","protected":false},"author":1,"featured_media":13999,"parent":25566,"menu_order":0,"comment_status":"open","ping_status":"closed","template":"template-home-modern.php","meta":{"footnotes":""},"class_list":["post-10767","page","type-page","status-publish","has-post-thumbnail","hentry"],"yoast_head":"<!-- This site is optimized with the Yoast SEO plugin v27.3 - https:\/\/yoast.com\/product\/yoast-seo-wordpress\/ -->\n<title>Bus from Moshi to Dodoma Bus Tickets, Fare, Schedule &amp; Route<\/title>\n<meta name=\"description\" content=\"Looking for bus from Moshi to Dodoma bus tickets booking app, schedules &amp; fares? Book cheap bus tickets from Moshi to Dodoma online now\" \/>\n<meta name=\"robots\" content=\"index, follow, max-snippet:-1, max-image-preview:large, max-video-preview:-1\" \/>\n<link rel=\"canonical\" href=\"https:\/\/tiketi.com\/fr-fr\/njia\/nauli-mabasi\/moshi-kwenda-dodoma\/\" \/>\n<meta property=\"og:locale\" content=\"fr_FR\" \/>\n<meta property=\"og:type\" content=\"article\" \/>\n<meta property=\"og:title\" content=\"Bus from Moshi to Dodoma Bus Tickets, Fare, Schedule &amp; Route\" \/>\n<meta property=\"og:description\" content=\"Looking for bus from Moshi to Dodoma bus tickets booking app, schedules &amp; fares? Book cheap bus tickets from Moshi to Dodoma online now\" \/>\n<meta property=\"og:url\" content=\"https:\/\/tiketi.com\/fr-fr\/njia\/nauli-mabasi\/moshi-kwenda-dodoma\/\" \/>\n<meta property=\"og:site_name\" content=\"Tiketi.com\" \/>\n<meta property=\"article:publisher\" content=\"https:\/\/www.facebook.com\/TiketiCom\/\" \/>\n<meta property=\"article:modified_time\" content=\"2023-06-19T17:05:53+00:00\" \/>\n<meta property=\"og:image\" content=\"https:\/\/tiketi.com\/wp-content\/uploads\/2022\/01\/bus-ticket-online-booking.jpg\" \/>\n\t<meta property=\"og:image:width\" content=\"1200\" \/>\n\t<meta property=\"og:image:height\" content=\"206\" \/>\n\t<meta property=\"og:image:type\" content=\"image\/jpeg\" \/>\n<meta name=\"twitter:card\" content=\"summary_large_image\" \/>\n<meta name=\"twitter:label1\" content=\"Dur\u00e9e de lecture estim\u00e9e\" \/>\n\t<meta name=\"twitter:data1\" content=\"2 minutes\" \/>\n<script type=\"application\/ld+json\" class=\"yoast-schema-graph\">{\"@context\":\"https:\\\/\\\/schema.org\",\"@graph\":[{\"@type\":\"WebPage\",\"@id\":\"https:\\\/\\\/tiketi.com\\\/sw\\\/njia\\\/nauli-mabasi\\\/moshi-kwenda-dodoma\\\/\",\"url\":\"https:\\\/\\\/tiketi.com\\\/sw\\\/njia\\\/nauli-mabasi\\\/moshi-kwenda-dodoma\\\/\",\"name\":\"Bus from Moshi to Dodoma Bus Tickets, Fare, Schedule & Route\",\"isPartOf\":{\"@id\":\"https:\\\/\\\/tiketi.com\\\/#website\"},\"primaryImageOfPage\":{\"@id\":\"https:\\\/\\\/tiketi.com\\\/sw\\\/njia\\\/nauli-mabasi\\\/moshi-kwenda-dodoma\\\/#primaryimage\"},\"image\":{\"@id\":\"https:\\\/\\\/tiketi.com\\\/sw\\\/njia\\\/nauli-mabasi\\\/moshi-kwenda-dodoma\\\/#primaryimage\"},\"thumbnailUrl\":\"https:\\\/\\\/tiketi.com\\\/wp-content\\\/uploads\\\/2022\\\/01\\\/bus-ticket-online-booking.jpg\",\"datePublished\":\"2022-01-19T11:53:47+00:00\",\"dateModified\":\"2023-06-19T17:05:53+00:00\",\"description\":\"Looking for bus from Moshi to Dodoma bus tickets booking app, schedules & fares? Book cheap bus tickets from Moshi to Dodoma online now\",\"breadcrumb\":{\"@id\":\"https:\\\/\\\/tiketi.com\\\/sw\\\/njia\\\/nauli-mabasi\\\/moshi-kwenda-dodoma\\\/#breadcrumb\"},\"inLanguage\":\"fr-FR\",\"potentialAction\":[{\"@type\":\"ReadAction\",\"target\":[\"https:\\\/\\\/tiketi.com\\\/sw\\\/njia\\\/nauli-mabasi\\\/moshi-kwenda-dodoma\\\/\"]}]},{\"@type\":\"ImageObject\",\"inLanguage\":\"fr-FR\",\"@id\":\"https:\\\/\\\/tiketi.com\\\/sw\\\/njia\\\/nauli-mabasi\\\/moshi-kwenda-dodoma\\\/#primaryimage\",\"url\":\"https:\\\/\\\/tiketi.com\\\/wp-content\\\/uploads\\\/2022\\\/01\\\/bus-ticket-online-booking.jpg\",\"contentUrl\":\"https:\\\/\\\/tiketi.com\\\/wp-content\\\/uploads\\\/2022\\\/01\\\/bus-ticket-online-booking.jpg\",\"width\":1200,\"height\":206,\"caption\":\"Online Bus Ticket Booking\"},{\"@type\":\"BreadcrumbList\",\"@id\":\"https:\\\/\\\/tiketi.com\\\/sw\\\/njia\\\/nauli-mabasi\\\/moshi-kwenda-dodoma\\\/#breadcrumb\",\"itemListElement\":[{\"@type\":\"ListItem\",\"position\":1,\"name\":\"Home\",\"item\":\"https:\\\/\\\/tiketi.com\\\/\"},{\"@type\":\"ListItem\",\"position\":2,\"name\":\"Routes\",\"item\":\"https:\\\/\\\/tiketi.com\\\/routes\\\/\"},{\"@type\":\"ListItem\",\"position\":3,\"name\":\"Bus\",\"item\":\"https:\\\/\\\/tiketi.com\\\/routes\\\/bus\\\/\"},{\"@type\":\"ListItem\",\"position\":4,\"name\":\"Bus from Moshi to Dodoma Bus Tickets, Fare, Schedule &#038; Route\"}]},{\"@type\":\"WebSite\",\"@id\":\"https:\\\/\\\/tiketi.com\\\/#website\",\"url\":\"https:\\\/\\\/tiketi.com\\\/\",\"name\":\"Flight & Bus Tickets, Tour Packages & Activitites - Tiketi.com\",\"description\":\"Flight &amp; Bus Tickets, Tours, Activitites\",\"publisher\":{\"@id\":\"https:\\\/\\\/tiketi.com\\\/#organization\"},\"potentialAction\":[{\"@type\":\"SearchAction\",\"target\":{\"@type\":\"EntryPoint\",\"urlTemplate\":\"https:\\\/\\\/tiketi.com\\\/?s={search_term_string}\"},\"query-input\":{\"@type\":\"PropertyValueSpecification\",\"valueRequired\":true,\"valueName\":\"search_term_string\"}}],\"inLanguage\":\"fr-FR\"},{\"@type\":\"Organization\",\"@id\":\"https:\\\/\\\/tiketi.com\\\/#organization\",\"name\":\"Tiketi.com\",\"alternateName\":\"Tiketi\",\"url\":\"https:\\\/\\\/tiketi.com\\\/\",\"logo\":{\"@type\":\"ImageObject\",\"inLanguage\":\"fr-FR\",\"@id\":\"https:\\\/\\\/tiketi.com\\\/#\\\/schema\\\/logo\\\/image\\\/\",\"url\":\"https:\\\/\\\/tiketi.com\\\/wp-content\\\/uploads\\\/2019\\\/05\\\/tiketi-logo-696.png\",\"contentUrl\":\"https:\\\/\\\/tiketi.com\\\/wp-content\\\/uploads\\\/2019\\\/05\\\/tiketi-logo-696.png\",\"width\":696,\"height\":696,\"caption\":\"Tiketi.com\"},\"image\":{\"@id\":\"https:\\\/\\\/tiketi.com\\\/#\\\/schema\\\/logo\\\/image\\\/\"},\"sameAs\":[\"https:\\\/\\\/www.facebook.com\\\/TiketiCom\\\/\"]}]}<\/script>\n<!-- \/ Yoast SEO plugin. -->","yoast_head_json":{"title":"Bus de Moshi \u00e0 Dodoma Billets de bus, tarif, horaires et itin\u00e9raire","description":"\u00c0 la recherche d&#039;une application de r\u00e9servation de billets de bus de Moshi \u00e0 Dodoma, des horaires et des tarifs\u00a0? R\u00e9servez en ligne maintenant des billets de bus \u00e0 bas prix de Moshi \u00e0 Dodoma","robots":{"index":"index","follow":"follow","max-snippet":"max-snippet:-1","max-image-preview":"max-image-preview:large","max-video-preview":"max-video-preview:-1"},"canonical":"https:\/\/tiketi.com\/fr-fr\/njia\/nauli-mabasi\/moshi-kwenda-dodoma\/","og_locale":"fr_FR","og_type":"article","og_title":"Bus from Moshi to Dodoma Bus Tickets, Fare, Schedule & Route","og_description":"Looking for bus from Moshi to Dodoma bus tickets booking app, schedules & fares? Book cheap bus tickets from Moshi to Dodoma online now","og_url":"https:\/\/tiketi.com\/fr-fr\/njia\/nauli-mabasi\/moshi-kwenda-dodoma\/","og_site_name":"Tiketi.com","article_publisher":"https:\/\/www.facebook.com\/TiketiCom\/","article_modified_time":"2023-06-19T17:05:53+00:00","og_image":[{"width":1200,"height":206,"url":"https:\/\/tiketi.com\/wp-content\/uploads\/2022\/01\/bus-ticket-online-booking.jpg","type":"image\/jpeg"}],"twitter_card":"summary_large_image","twitter_misc":{"Dur\u00e9e de lecture estim\u00e9e":"2 minutes"},"schema":{"@context":"https:\/\/schema.org","@graph":[{"@type":"WebPage","@id":"https:\/\/tiketi.com\/sw\/njia\/nauli-mabasi\/moshi-kwenda-dodoma\/","url":"https:\/\/tiketi.com\/sw\/njia\/nauli-mabasi\/moshi-kwenda-dodoma\/","name":"Bus de Moshi \u00e0 Dodoma Billets de bus, tarif, horaires et itin\u00e9raire","isPartOf":{"@id":"https:\/\/tiketi.com\/#website"},"primaryImageOfPage":{"@id":"https:\/\/tiketi.com\/sw\/njia\/nauli-mabasi\/moshi-kwenda-dodoma\/#primaryimage"},"image":{"@id":"https:\/\/tiketi.com\/sw\/njia\/nauli-mabasi\/moshi-kwenda-dodoma\/#primaryimage"},"thumbnailUrl":"https:\/\/tiketi.com\/wp-content\/uploads\/2022\/01\/bus-ticket-online-booking.jpg","datePublished":"2022-01-19T11:53:47+00:00","dateModified":"2023-06-19T17:05:53+00:00","description":"\u00c0 la recherche d&#039;une application de r\u00e9servation de billets de bus de Moshi \u00e0 Dodoma, des horaires et des tarifs\u00a0? R\u00e9servez en ligne maintenant des billets de bus \u00e0 bas prix de Moshi \u00e0 Dodoma","breadcrumb":{"@id":"https:\/\/tiketi.com\/sw\/njia\/nauli-mabasi\/moshi-kwenda-dodoma\/#breadcrumb"},"inLanguage":"fr-FR","potentialAction":[{"@type":"ReadAction","target":["https:\/\/tiketi.com\/sw\/njia\/nauli-mabasi\/moshi-kwenda-dodoma\/"]}]},{"@type":"ImageObject","inLanguage":"fr-FR","@id":"https:\/\/tiketi.com\/sw\/njia\/nauli-mabasi\/moshi-kwenda-dodoma\/#primaryimage","url":"https:\/\/tiketi.com\/wp-content\/uploads\/2022\/01\/bus-ticket-online-booking.jpg","contentUrl":"https:\/\/tiketi.com\/wp-content\/uploads\/2022\/01\/bus-ticket-online-booking.jpg","width":1200,"height":206,"caption":"Online Bus Ticket Booking"},{"@type":"BreadcrumbList","@id":"https:\/\/tiketi.com\/sw\/njia\/nauli-mabasi\/moshi-kwenda-dodoma\/#breadcrumb","itemListElement":[{"@type":"ListItem","position":1,"name":"Home","item":"https:\/\/tiketi.com\/"},{"@type":"ListItem","position":2,"name":"Routes","item":"https:\/\/tiketi.com\/routes\/"},{"@type":"ListItem","position":3,"name":"Bus","item":"https:\/\/tiketi.com\/routes\/bus\/"},{"@type":"ListItem","position":4,"name":"Bus from Moshi to Dodoma Bus Tickets, Fare, Schedule &#038; Route"}]},{"@type":"WebSite","@id":"https:\/\/tiketi.com\/#website","url":"https:\/\/tiketi.com\/","name":"Billets d&#039;avion et de bus, forfaits touristiques et activit\u00e9s - Tiketi.com","description":"Billets d&#039;avion et de bus, Tours, Activit\u00e9s","publisher":{"@id":"https:\/\/tiketi.com\/#organization"},"potentialAction":[{"@type":"SearchAction","target":{"@type":"EntryPoint","urlTemplate":"https:\/\/tiketi.com\/?s={search_term_string}"},"query-input":{"@type":"PropertyValueSpecification","valueRequired":true,"valueName":"search_term_string"}}],"inLanguage":"fr-FR"},{"@type":"Organization","@id":"https:\/\/tiketi.com\/#organization","name":"Tiketi.com","alternateName":"Tiketi","url":"https:\/\/tiketi.com\/","logo":{"@type":"ImageObject","inLanguage":"fr-FR","@id":"https:\/\/tiketi.com\/#\/schema\/logo\/image\/","url":"https:\/\/tiketi.com\/wp-content\/uploads\/2019\/05\/tiketi-logo-696.png","contentUrl":"https:\/\/tiketi.com\/wp-content\/uploads\/2019\/05\/tiketi-logo-696.png","width":696,"height":696,"caption":"Tiketi.com"},"image":{"@id":"https:\/\/tiketi.com\/#\/schema\/logo\/image\/"},"sameAs":["https:\/\/www.facebook.com\/TiketiCom\/"]}]}},"_links":{"self":[{"href":"https:\/\/tiketi.com\/fr-fr\/wp-json\/wp\/v2\/pages\/10767","targetHints":{"allow":["GET"]}}],"collection":[{"href":"https:\/\/tiketi.com\/fr-fr\/wp-json\/wp\/v2\/pages"}],"about":[{"href":"https:\/\/tiketi.com\/fr-fr\/wp-json\/wp\/v2\/types\/page"}],"author":[{"embeddable":true,"href":"https:\/\/tiketi.com\/fr-fr\/wp-json\/wp\/v2\/users\/1"}],"replies":[{"embeddable":true,"href":"https:\/\/tiketi.com\/fr-fr\/wp-json\/wp\/v2\/comments?post=10767"}],"version-history":[{"count":0,"href":"https:\/\/tiketi.com\/fr-fr\/wp-json\/wp\/v2\/pages\/10767\/revisions"}],"up":[{"embeddable":true,"href":"https:\/\/tiketi.com\/fr-fr\/wp-json\/wp\/v2\/pages\/25566"}],"wp:featuredmedia":[{"embeddable":true,"href":"https:\/\/tiketi.com\/fr-fr\/wp-json\/wp\/v2\/media\/13999"}],"wp:attachment":[{"href":"https:\/\/tiketi.com\/fr-fr\/wp-json\/wp\/v2\/media?parent=10767"}],"curies":[{"name":"wp","href":"https:\/\/api.w.org\/{rel}","templated":true}]}}