{"id":10769,"date":"2022-01-19T12:53:48","date_gmt":"2022-01-19T11:53:48","guid":{"rendered":"https:\/\/new.tiketi.com\/bus-from-moshi-to-dar-es-salaam-bus-tickets-fare-schedule-route\/"},"modified":"2023-07-26T17:28:41","modified_gmt":"2023-07-26T16:28:41","slug":"moshi-to-dar-es-salaam","status":"publish","type":"page","link":"https:\/\/tiketi.com\/fr-fr\/routes\/bus\/moshi-to-dar-es-salaam\/","title":{"rendered":"Bus de Moshi \u00e0 Dar es Salaam Billets de bus, tarif, horaires et itin\u00e9raire"},"content":{"rendered":"<h2>Billets de bus pas chers de Moshi \u00e0 Dar es Salaam R\u00e9servation en ligne<\/h2>\n<h3>D\u00e9couvrez votre itin\u00e9raire sur le web, le mobile ou l&#039;application et r\u00e9servez en ligne maintenant un billet de bus pas cher de Moshi \u00e0 Dar es Salam.<\/h3>\n<p>Comparez et faites les meilleurs bus ordinaires ou de luxe pas chers de Moshi \u00e0 Dar es Salam en r\u00e9servant en ligne des billets de bus et voyagez de Moshi \u00e0 Dar es Salam en bus. Fond\u00e9e au milieu du XIXe si\u00e8cle, Dar es Salaam, la plus grande ville de Tanzanie, a perdu le statut de capitale officielle mais reste le centre financier et commercial du pays. Voici quelques id\u00e9es sur la fa\u00e7on de r\u00e9server les meilleurs billets de navette de Moshi \u00e0 Dar es Salaam et de voyager par la route\u00a0:<\/p>\n<h2>Meilleur bus de Moshi \u00e0 Dar es Salaam FAQ sur les tarifs de bus, les itin\u00e9raires et les horaires<\/h2>\n<h3>Quel est le moyen abordable pour se rendre de Moshi \u00e0 Dar es Salam ?<\/h3>\n<p>Oui, le bus ordinaire ou de luxe Moshi \u00e0 Dar es Salaam est le moyen abordable de se rendre \u00e0 Dar es Salaam depuis Moshi. Un billet de bus pas cher de Moshi \u00e0 Dar es Salam co\u00fbte $7 \u2013 $20 et dure 10h 50m.<\/p>\n<h3>Quel est le moyen le plus rapide pour se rendre de Moshi \u00e0 Dar es Salam ?<\/h3>\n<p>Le moyen le plus rapide pour se rendre de Moshi \u00e0 Dar es Salam est de prendre <u><a href=\"https:\/\/tiketi.com\/fr-fr\/flightst\/\" target=\"_blank\" rel=\"noopener\">voler<\/a><\/u> qui dure 1h 50m et co\u00fbte $75 \u2013 $150.<\/p>\n<h3>Y a-t-il un bus ordinaire ou de luxe direct de Moshi \u00e0 Dar es Salaam ?<\/h3>\n<p>Non, il n&#039;y a pas de bus ordinaire ou de luxe direct depuis Moshi jusqu&#039;\u00e0 Dar es Salam. Quoi qu&#039;il en soit, il y a des services au d\u00e9part de Moshi et arrivant \u00e0 Urafiki. Le trajet de transfert de la navette Moshi \u00e0 Dar es Salam, y compris les transferts, prend environ 10h 30m.<\/p>\n<h3>Quelle est la distance du voyage entre Moshi et Dar es Salam?<\/h3>\n<p>La distance entre Dar es Salam et Moshi est de 442 km.<\/p>\n<h3>Comment voyager de Moshi \u00e0 Dar es Salam sans v\u00e9hicule personnel ?<\/h3>\n<p>Le meilleur moyen pour se rendre de Moshi \u00e0 Dar es Salam sans v\u00e9hicule personnel est de bus, ce qui dure 10h 30m et co\u00fbte.<\/p>\n<h3>O\u00f9 prendre le bus ordinaire ou de luxe Moshi pour Dar es Salaam ?<\/h3>\n<p>Les meilleurs services de bus ordinaires ou de luxe de Moshi \u00e0 Dar es Salaam, g\u00e9r\u00e9s par Kidia One Express, partent de la gare de Moshi.<\/p>\n<h2>Billets de bus de Moshi \u00e0 Dar es Salaam<\/h2>\n<p>L&#039;\u00e9tonnante m\u00e9tropole poss\u00e8de un a\u00e9roport international cl\u00e9 en Tanzanie et un port remarquable, ce qui en fait un point de d\u00e9part id\u00e9al pour explorer les parcs nationaux et autres attractions de la r\u00e9gion. Les gratte-ciels imposants et les penthouses en bord de mer se m\u00ealent aux quartiers r\u00e9sidentiels calmes et aux bidonvilles d\u00e9labr\u00e9s de Dar es Salaam, qui abrite de nombreux mus\u00e9es et des march\u00e9s dynamiques.<\/p>","protected":false},"excerpt":{"rendered":"<p>Cheap Bus Tickets from Moshi to Dar es Salaam Online Booking Discover your travel route on web, mobile or app and book cheap bus ticket from Moshi to Dar es Salaam online now. Compare and do best and cheap ordinary or luxury bus from Moshi to Dar es Salaam bus tickets booking online and travel [&hellip;]<\/p>\n","protected":false},"author":1,"featured_media":13999,"parent":25566,"menu_order":0,"comment_status":"open","ping_status":"closed","template":"template-home-modern.php","meta":{"footnotes":""},"class_list":["post-10769","page","type-page","status-publish","has-post-thumbnail","hentry"],"yoast_head":"<!-- This site is optimized with the Yoast SEO plugin v27.3 - https:\/\/yoast.com\/product\/yoast-seo-wordpress\/ -->\n<title>Bus from Moshi to Dar es Salaam Bus Tickets, Fare, Schedule &amp; Route<\/title>\n<meta name=\"description\" content=\"Looking for best ordinary or luxury bus from Moshi to Dar es Salaam bus tickets booking app, schedule &amp; fares? Book cheap shuttle bus tickets from Moshi to Dar es Salaam transfer online\" \/>\n<meta name=\"robots\" content=\"index, follow, max-snippet:-1, max-image-preview:large, max-video-preview:-1\" \/>\n<link rel=\"canonical\" href=\"https:\/\/tiketi.com\/fr-fr\/routes\/bus\/moshi-to-dar-es-salaam\/\" \/>\n<meta property=\"og:locale\" content=\"fr_FR\" \/>\n<meta property=\"og:type\" content=\"article\" \/>\n<meta property=\"og:title\" content=\"Bus from Moshi to Dar es Salaam Bus Tickets, Fare, Schedule &amp; Route\" \/>\n<meta property=\"og:description\" content=\"Looking for best ordinary or luxury bus from Moshi to Dar es Salaam bus tickets booking app, schedule &amp; fares? Book cheap shuttle bus tickets from Moshi to Dar es Salaam transfer online\" \/>\n<meta property=\"og:url\" content=\"https:\/\/tiketi.com\/fr-fr\/routes\/bus\/moshi-to-dar-es-salaam\/\" \/>\n<meta property=\"og:site_name\" content=\"Tiketi.com\" \/>\n<meta property=\"article:publisher\" content=\"https:\/\/www.facebook.com\/TiketiCom\/\" \/>\n<meta property=\"article:modified_time\" content=\"2023-07-26T16:28:41+00:00\" \/>\n<meta property=\"og:image\" content=\"https:\/\/tiketi.com\/wp-content\/uploads\/2022\/01\/bus-ticket-online-booking.jpg\" \/>\n\t<meta property=\"og:image:width\" content=\"1200\" \/>\n\t<meta property=\"og:image:height\" content=\"206\" \/>\n\t<meta property=\"og:image:type\" content=\"image\/jpeg\" \/>\n<meta name=\"twitter:card\" content=\"summary_large_image\" \/>\n<meta name=\"twitter:label1\" content=\"Dur\u00e9e de lecture estim\u00e9e\" \/>\n\t<meta name=\"twitter:data1\" content=\"2 minutes\" \/>\n<script type=\"application\/ld+json\" class=\"yoast-schema-graph\">{\"@context\":\"https:\\\/\\\/schema.org\",\"@graph\":[{\"@type\":\"WebPage\",\"@id\":\"https:\\\/\\\/tiketi.com\\\/routes\\\/bus\\\/moshi-to-dar-es-salaam\\\/\",\"url\":\"https:\\\/\\\/tiketi.com\\\/routes\\\/bus\\\/moshi-to-dar-es-salaam\\\/\",\"name\":\"Bus from Moshi to Dar es Salaam Bus Tickets, Fare, Schedule & Route\",\"isPartOf\":{\"@id\":\"https:\\\/\\\/tiketi.com\\\/#website\"},\"primaryImageOfPage\":{\"@id\":\"https:\\\/\\\/tiketi.com\\\/routes\\\/bus\\\/moshi-to-dar-es-salaam\\\/#primaryimage\"},\"image\":{\"@id\":\"https:\\\/\\\/tiketi.com\\\/routes\\\/bus\\\/moshi-to-dar-es-salaam\\\/#primaryimage\"},\"thumbnailUrl\":\"https:\\\/\\\/tiketi.com\\\/wp-content\\\/uploads\\\/2022\\\/01\\\/bus-ticket-online-booking.jpg\",\"datePublished\":\"2022-01-19T11:53:48+00:00\",\"dateModified\":\"2023-07-26T16:28:41+00:00\",\"description\":\"Looking for best ordinary or luxury bus from Moshi to Dar es Salaam bus tickets booking app, schedule & fares? Book cheap shuttle bus tickets from Moshi to Dar es Salaam transfer online\",\"breadcrumb\":{\"@id\":\"https:\\\/\\\/tiketi.com\\\/routes\\\/bus\\\/moshi-to-dar-es-salaam\\\/#breadcrumb\"},\"inLanguage\":\"fr-FR\",\"potentialAction\":[{\"@type\":\"ReadAction\",\"target\":[\"https:\\\/\\\/tiketi.com\\\/routes\\\/bus\\\/moshi-to-dar-es-salaam\\\/\"]}]},{\"@type\":\"ImageObject\",\"inLanguage\":\"fr-FR\",\"@id\":\"https:\\\/\\\/tiketi.com\\\/routes\\\/bus\\\/moshi-to-dar-es-salaam\\\/#primaryimage\",\"url\":\"https:\\\/\\\/tiketi.com\\\/wp-content\\\/uploads\\\/2022\\\/01\\\/bus-ticket-online-booking.jpg\",\"contentUrl\":\"https:\\\/\\\/tiketi.com\\\/wp-content\\\/uploads\\\/2022\\\/01\\\/bus-ticket-online-booking.jpg\",\"width\":1200,\"height\":206,\"caption\":\"Online Bus Ticket Booking\"},{\"@type\":\"BreadcrumbList\",\"@id\":\"https:\\\/\\\/tiketi.com\\\/routes\\\/bus\\\/moshi-to-dar-es-salaam\\\/#breadcrumb\",\"itemListElement\":[{\"@type\":\"ListItem\",\"position\":1,\"name\":\"Home\",\"item\":\"https:\\\/\\\/tiketi.com\\\/\"},{\"@type\":\"ListItem\",\"position\":2,\"name\":\"Routes\",\"item\":\"https:\\\/\\\/tiketi.com\\\/routes\\\/\"},{\"@type\":\"ListItem\",\"position\":3,\"name\":\"Bus\",\"item\":\"https:\\\/\\\/tiketi.com\\\/routes\\\/bus\\\/\"},{\"@type\":\"ListItem\",\"position\":4,\"name\":\"Bus from Moshi to Dar es Salaam Bus Tickets, Fare, Schedule &#038; Route\"}]},{\"@type\":\"WebSite\",\"@id\":\"https:\\\/\\\/tiketi.com\\\/#website\",\"url\":\"https:\\\/\\\/tiketi.com\\\/\",\"name\":\"Flight & Bus Tickets, Tour Packages & Activitites - Tiketi.com\",\"description\":\"Flight &amp; Bus Tickets, Tours, Activitites\",\"publisher\":{\"@id\":\"https:\\\/\\\/tiketi.com\\\/#organization\"},\"potentialAction\":[{\"@type\":\"SearchAction\",\"target\":{\"@type\":\"EntryPoint\",\"urlTemplate\":\"https:\\\/\\\/tiketi.com\\\/?s={search_term_string}\"},\"query-input\":{\"@type\":\"PropertyValueSpecification\",\"valueRequired\":true,\"valueName\":\"search_term_string\"}}],\"inLanguage\":\"fr-FR\"},{\"@type\":\"Organization\",\"@id\":\"https:\\\/\\\/tiketi.com\\\/#organization\",\"name\":\"Tiketi.com\",\"alternateName\":\"Tiketi\",\"url\":\"https:\\\/\\\/tiketi.com\\\/\",\"logo\":{\"@type\":\"ImageObject\",\"inLanguage\":\"fr-FR\",\"@id\":\"https:\\\/\\\/tiketi.com\\\/#\\\/schema\\\/logo\\\/image\\\/\",\"url\":\"https:\\\/\\\/tiketi.com\\\/wp-content\\\/uploads\\\/2019\\\/05\\\/tiketi-logo-696.png\",\"contentUrl\":\"https:\\\/\\\/tiketi.com\\\/wp-content\\\/uploads\\\/2019\\\/05\\\/tiketi-logo-696.png\",\"width\":696,\"height\":696,\"caption\":\"Tiketi.com\"},\"image\":{\"@id\":\"https:\\\/\\\/tiketi.com\\\/#\\\/schema\\\/logo\\\/image\\\/\"},\"sameAs\":[\"https:\\\/\\\/www.facebook.com\\\/TiketiCom\\\/\"]}]}<\/script>\n<!-- \/ Yoast SEO plugin. -->","yoast_head_json":{"title":"Bus de Moshi \u00e0 Dar es Salaam Billets de bus, tarif, horaires et itin\u00e9raire","description":"Vous recherchez la meilleure application de r\u00e9servation de billets de bus ordinaire ou de luxe de Moshi \u00e0 Dar es Salaam, les horaires et les tarifs\u00a0? R\u00e9servez en ligne des billets de bus de navette de Moshi \u00e0 Dar es Salaam \u00e0 bas prix","robots":{"index":"index","follow":"follow","max-snippet":"max-snippet:-1","max-image-preview":"max-image-preview:large","max-video-preview":"max-video-preview:-1"},"canonical":"https:\/\/tiketi.com\/fr-fr\/routes\/bus\/moshi-to-dar-es-salaam\/","og_locale":"fr_FR","og_type":"article","og_title":"Bus from Moshi to Dar es Salaam Bus Tickets, Fare, Schedule & Route","og_description":"Looking for best ordinary or luxury bus from Moshi to Dar es Salaam bus tickets booking app, schedule & fares? Book cheap shuttle bus tickets from Moshi to Dar es Salaam transfer online","og_url":"https:\/\/tiketi.com\/fr-fr\/routes\/bus\/moshi-to-dar-es-salaam\/","og_site_name":"Tiketi.com","article_publisher":"https:\/\/www.facebook.com\/TiketiCom\/","article_modified_time":"2023-07-26T16:28:41+00:00","og_image":[{"width":1200,"height":206,"url":"https:\/\/tiketi.com\/wp-content\/uploads\/2022\/01\/bus-ticket-online-booking.jpg","type":"image\/jpeg"}],"twitter_card":"summary_large_image","twitter_misc":{"Dur\u00e9e de lecture estim\u00e9e":"2 minutes"},"schema":{"@context":"https:\/\/schema.org","@graph":[{"@type":"WebPage","@id":"https:\/\/tiketi.com\/routes\/bus\/moshi-to-dar-es-salaam\/","url":"https:\/\/tiketi.com\/routes\/bus\/moshi-to-dar-es-salaam\/","name":"Bus de Moshi \u00e0 Dar es Salaam Billets de bus, tarif, horaires et itin\u00e9raire","isPartOf":{"@id":"https:\/\/tiketi.com\/#website"},"primaryImageOfPage":{"@id":"https:\/\/tiketi.com\/routes\/bus\/moshi-to-dar-es-salaam\/#primaryimage"},"image":{"@id":"https:\/\/tiketi.com\/routes\/bus\/moshi-to-dar-es-salaam\/#primaryimage"},"thumbnailUrl":"https:\/\/tiketi.com\/wp-content\/uploads\/2022\/01\/bus-ticket-online-booking.jpg","datePublished":"2022-01-19T11:53:48+00:00","dateModified":"2023-07-26T16:28:41+00:00","description":"Vous recherchez la meilleure application de r\u00e9servation de billets de bus ordinaire ou de luxe de Moshi \u00e0 Dar es Salaam, les horaires et les tarifs\u00a0? R\u00e9servez en ligne des billets de bus de navette de Moshi \u00e0 Dar es Salaam \u00e0 bas prix","breadcrumb":{"@id":"https:\/\/tiketi.com\/routes\/bus\/moshi-to-dar-es-salaam\/#breadcrumb"},"inLanguage":"fr-FR","potentialAction":[{"@type":"ReadAction","target":["https:\/\/tiketi.com\/routes\/bus\/moshi-to-dar-es-salaam\/"]}]},{"@type":"ImageObject","inLanguage":"fr-FR","@id":"https:\/\/tiketi.com\/routes\/bus\/moshi-to-dar-es-salaam\/#primaryimage","url":"https:\/\/tiketi.com\/wp-content\/uploads\/2022\/01\/bus-ticket-online-booking.jpg","contentUrl":"https:\/\/tiketi.com\/wp-content\/uploads\/2022\/01\/bus-ticket-online-booking.jpg","width":1200,"height":206,"caption":"Online Bus Ticket Booking"},{"@type":"BreadcrumbList","@id":"https:\/\/tiketi.com\/routes\/bus\/moshi-to-dar-es-salaam\/#breadcrumb","itemListElement":[{"@type":"ListItem","position":1,"name":"Home","item":"https:\/\/tiketi.com\/"},{"@type":"ListItem","position":2,"name":"Routes","item":"https:\/\/tiketi.com\/routes\/"},{"@type":"ListItem","position":3,"name":"Bus","item":"https:\/\/tiketi.com\/routes\/bus\/"},{"@type":"ListItem","position":4,"name":"Bus from Moshi to Dar es Salaam Bus Tickets, Fare, Schedule &#038; Route"}]},{"@type":"WebSite","@id":"https:\/\/tiketi.com\/#website","url":"https:\/\/tiketi.com\/","name":"Billets d&#039;avion et de bus, forfaits touristiques et activit\u00e9s - Tiketi.com","description":"Billets d&#039;avion et de bus, Tours, Activit\u00e9s","publisher":{"@id":"https:\/\/tiketi.com\/#organization"},"potentialAction":[{"@type":"SearchAction","target":{"@type":"EntryPoint","urlTemplate":"https:\/\/tiketi.com\/?s={search_term_string}"},"query-input":{"@type":"PropertyValueSpecification","valueRequired":true,"valueName":"search_term_string"}}],"inLanguage":"fr-FR"},{"@type":"Organization","@id":"https:\/\/tiketi.com\/#organization","name":"Tiketi.com","alternateName":"Tiketi","url":"https:\/\/tiketi.com\/","logo":{"@type":"ImageObject","inLanguage":"fr-FR","@id":"https:\/\/tiketi.com\/#\/schema\/logo\/image\/","url":"https:\/\/tiketi.com\/wp-content\/uploads\/2019\/05\/tiketi-logo-696.png","contentUrl":"https:\/\/tiketi.com\/wp-content\/uploads\/2019\/05\/tiketi-logo-696.png","width":696,"height":696,"caption":"Tiketi.com"},"image":{"@id":"https:\/\/tiketi.com\/#\/schema\/logo\/image\/"},"sameAs":["https:\/\/www.facebook.com\/TiketiCom\/"]}]}},"_links":{"self":[{"href":"https:\/\/tiketi.com\/fr-fr\/wp-json\/wp\/v2\/pages\/10769","targetHints":{"allow":["GET"]}}],"collection":[{"href":"https:\/\/tiketi.com\/fr-fr\/wp-json\/wp\/v2\/pages"}],"about":[{"href":"https:\/\/tiketi.com\/fr-fr\/wp-json\/wp\/v2\/types\/page"}],"author":[{"embeddable":true,"href":"https:\/\/tiketi.com\/fr-fr\/wp-json\/wp\/v2\/users\/1"}],"replies":[{"embeddable":true,"href":"https:\/\/tiketi.com\/fr-fr\/wp-json\/wp\/v2\/comments?post=10769"}],"version-history":[{"count":0,"href":"https:\/\/tiketi.com\/fr-fr\/wp-json\/wp\/v2\/pages\/10769\/revisions"}],"up":[{"embeddable":true,"href":"https:\/\/tiketi.com\/fr-fr\/wp-json\/wp\/v2\/pages\/25566"}],"wp:featuredmedia":[{"embeddable":true,"href":"https:\/\/tiketi.com\/fr-fr\/wp-json\/wp\/v2\/media\/13999"}],"wp:attachment":[{"href":"https:\/\/tiketi.com\/fr-fr\/wp-json\/wp\/v2\/media?parent=10769"}],"curies":[{"name":"wp","href":"https:\/\/api.w.org\/{rel}","templated":true}]}}