{"id":10771,"date":"2022-01-19T12:53:48","date_gmt":"2022-01-19T11:53:48","guid":{"rendered":"https:\/\/new.tiketi.com\/bus-from-lagos-to-senegal-bus-tickets-fare-schedule-route\/"},"modified":"2022-01-30T16:38:30","modified_gmt":"2022-01-30T15:38:30","slug":"bus-tickets-from-lagos-to-senegal","status":"publish","type":"page","link":"https:\/\/tiketi.com\/fr-fr\/bus-tickets-from-lagos-to-senegal\/","title":{"rendered":"Bus de Lagos \u00e0 S\u00e9n\u00e9gal Billets de bus, tarifs, horaires et itin\u00e9raire"},"content":{"rendered":"<h2>Billets de bus pas chers de Lagos au S\u00e9n\u00e9gal R\u00e9servation en ligne<\/h2>\n<h3>D\u00e9couvrez votre itin\u00e9raire de voyage sur le web, le mobile ou l&#039;application et r\u00e9servez en ligne maintenant un billet de bus pas cher de Lagos \u00e0 S\u00e9n\u00e9gal.<\/h3>\n<p>Comparez et r\u00e9servez en ligne des billets de bus pas chers de Lagos \u00e0 S\u00e9n\u00e9gal et voyagez de Lagos \u00e0 S\u00e9n\u00e9gal par la route. Le S\u00e9n\u00e9gal est une nation situ\u00e9e en Afrique. Il a commenc\u00e9 son voyage dans l&#039;industrie du tourisme dans les ann\u00e9es 1970 lorsque la station baln\u00e9aire principale a \u00e9t\u00e9 construite. L&#039;industrie s&#039;est d\u00e9velopp\u00e9e pour devenir la principale source de revenus \u00e9trangers du pays et a cr\u00e9\u00e9 beaucoup d&#039;emplois pour les habitants. Voici quelques-unes des meilleures id\u00e9es pour r\u00e9server des billets de bus de Lagos au S\u00e9n\u00e9gal\u00a0:<\/p>\n<h2>Bus de Lagos au S\u00e9n\u00e9gal R\u00e9servation de billets de bus, itin\u00e9raires, horaires et tarifs FAQ<\/h2>\n<h3>Quel est le moyen abordable pour se rendre de Lagos au S\u00e9n\u00e9gal ?<\/h3>\n<p>Le moyen abordable de se rendre de Lagos \u00e0 S\u00e9n\u00e9gal bus co\u00fbte $110 \u2013 $150 et prend 2 jours 9h.<\/p>\n<h3>Quel est le moyen le plus rapide pour se rendre de Lagos \u00e0 S\u00e9n\u00e9gal ?<\/h3>\n<p>Le moyen le plus rapide pour se rendre de Lagos au S\u00e9n\u00e9gal est de <u><a href=\"https:\/\/tiketi.com\/fr-fr\/flightst\/\" target=\"_blank\" rel=\"noopener\">voler<\/a><\/u> qui co\u00fbte $400 \u2013 $670 et dure 4h 10m.<\/p>\n<h3>Quelle est la distance entre Lagos et S\u00e9n\u00e9gal?<\/h3>\n<p>La distance entre les bus de Lagos \u00e0 S\u00e9n\u00e9gal est de 2144 km.<\/p>\n<h3>Comment voyager de Lagos au S\u00e9n\u00e9gal sans v\u00e9hicule personnel ?<\/h3>\n<p>L&#039;excellent moyen pour se rendre de Lagos au S\u00e9n\u00e9gal sans v\u00e9hicule personnel est de prendre un bus via Lagos, ce qui dure 2 jours 7h et co\u00fbte $115 \u2013 $140.<\/p>\n<h3>Avion ou bus Lagos jusqu&#039;au S\u00e9n\u00e9gal ?<\/h3>\n<p>Le meilleur moyen de se rendre de Lagos \u00e0 S\u00e9n\u00e9gal est en avion, dure 4h 10m et co\u00fbte $400 \u2013 $660. Sinon, vous pouvez prendre le bus via Lagos, ce qui co\u00fbte $110 \u2013 $150 et dure 2 jours 7h.<\/p>\n<h2>Billets de bus de Lagos \u00e0 S\u00e9n\u00e9gal<\/h2>\n<p>Les sites d&#039;attraction du S\u00e9n\u00e9gal contiennent la capitale Daka, les Mourides un centre sacr\u00e9 de Touba, Saint Louis - une ville coloniale parfaite et l&#039;\u00eele de Gor\u00e9e. Cet endroit attire beaucoup de visiteurs et c&#039;\u00e9tait la plaque tournante de la traite des esclaves en Afrique de l&#039;Ouest. C&#039;est maintenant un lieu du patrimoine mondial de l&#039;UNESCO. Il existe de nombreuses stations baln\u00e9aires dans des villes comme Sally et Petite-C\u00f4te, au sud de Dakar. Ici, les visiteurs se voient proposer des visites de gibier et de nature dans des endroits populaires comme le Sine-Saloum, le lac Rose et le delta du fleuve S\u00e9n\u00e9gal o\u00f9 il y a une vue panoramique remarquable sur les paysages.<\/p>","protected":false},"excerpt":{"rendered":"<p>Cheap Bus Tickets from Lagos to Senegal Online Booking Discover your travel route on web, mobile or app and book cheap bus ticket from Lagos to Senegal online now. Compare and do cheap bus from Lagos to Senegal bus tickets booking online and\u00a0travel Lagos to Senegal\u00a0by road.\u00a0Senegal is a nation found in Africa. It started [&hellip;]<\/p>\n","protected":false},"author":1,"featured_media":13999,"parent":0,"menu_order":0,"comment_status":"open","ping_status":"closed","template":"template-home-modern.php","meta":{"footnotes":""},"class_list":["post-10771","page","type-page","status-publish","has-post-thumbnail","hentry"],"yoast_head":"<!-- This site is optimized with the Yoast SEO plugin v27.3 - https:\/\/yoast.com\/product\/yoast-seo-wordpress\/ -->\n<title>Bus from Lagos to Senegal Bus Tickets, Fare, Schedule &amp; Route<\/title>\n<meta name=\"description\" content=\"Looking for bus from Lagos to Senegal bus tickets booking app, routes, schedules &amp; fares? Book cheap bus tickets from Lagos to Senegal online\" \/>\n<meta name=\"robots\" content=\"index, follow, max-snippet:-1, max-image-preview:large, max-video-preview:-1\" \/>\n<link rel=\"canonical\" href=\"https:\/\/tiketi.com\/fr-fr\/bus-tickets-from-lagos-to-senegal\/\" \/>\n<meta property=\"og:locale\" content=\"fr_FR\" \/>\n<meta property=\"og:type\" content=\"article\" \/>\n<meta property=\"og:title\" content=\"Bus from Lagos to Senegal Bus Tickets, Fare, Schedule &amp; Route\" \/>\n<meta property=\"og:description\" content=\"Looking for bus from Lagos to Senegal bus tickets booking app, routes, schedules &amp; fares? Book cheap bus tickets from Lagos to Senegal online\" \/>\n<meta property=\"og:url\" content=\"https:\/\/tiketi.com\/fr-fr\/bus-tickets-from-lagos-to-senegal\/\" \/>\n<meta property=\"og:site_name\" content=\"Tiketi.com\" \/>\n<meta property=\"article:publisher\" content=\"https:\/\/www.facebook.com\/TiketiCom\/\" \/>\n<meta property=\"article:modified_time\" content=\"2022-01-30T15:38:30+00:00\" \/>\n<meta property=\"og:image\" content=\"https:\/\/tiketi.com\/wp-content\/uploads\/2022\/01\/bus-ticket-online-booking.jpg\" \/>\n\t<meta property=\"og:image:width\" content=\"1200\" \/>\n\t<meta property=\"og:image:height\" content=\"206\" \/>\n\t<meta property=\"og:image:type\" content=\"image\/jpeg\" \/>\n<meta name=\"twitter:card\" content=\"summary_large_image\" \/>\n<meta name=\"twitter:label1\" content=\"Dur\u00e9e de lecture estim\u00e9e\" \/>\n\t<meta name=\"twitter:data1\" content=\"2 minutes\" \/>\n<script type=\"application\/ld+json\" class=\"yoast-schema-graph\">{\"@context\":\"https:\\\/\\\/schema.org\",\"@graph\":[{\"@type\":\"WebPage\",\"@id\":\"https:\\\/\\\/tiketi.com\\\/bus-tickets-from-lagos-to-senegal\\\/\",\"url\":\"https:\\\/\\\/tiketi.com\\\/bus-tickets-from-lagos-to-senegal\\\/\",\"name\":\"Bus from Lagos to Senegal Bus Tickets, Fare, Schedule & Route\",\"isPartOf\":{\"@id\":\"https:\\\/\\\/tiketi.com\\\/#website\"},\"primaryImageOfPage\":{\"@id\":\"https:\\\/\\\/tiketi.com\\\/bus-tickets-from-lagos-to-senegal\\\/#primaryimage\"},\"image\":{\"@id\":\"https:\\\/\\\/tiketi.com\\\/bus-tickets-from-lagos-to-senegal\\\/#primaryimage\"},\"thumbnailUrl\":\"https:\\\/\\\/tiketi.com\\\/wp-content\\\/uploads\\\/2022\\\/01\\\/bus-ticket-online-booking.jpg\",\"datePublished\":\"2022-01-19T11:53:48+00:00\",\"dateModified\":\"2022-01-30T15:38:30+00:00\",\"description\":\"Looking for bus from Lagos to Senegal bus tickets booking app, routes, schedules & fares? Book cheap bus tickets from Lagos to Senegal online\",\"breadcrumb\":{\"@id\":\"https:\\\/\\\/tiketi.com\\\/bus-tickets-from-lagos-to-senegal\\\/#breadcrumb\"},\"inLanguage\":\"fr-FR\",\"potentialAction\":[{\"@type\":\"ReadAction\",\"target\":[\"https:\\\/\\\/tiketi.com\\\/bus-tickets-from-lagos-to-senegal\\\/\"]}]},{\"@type\":\"ImageObject\",\"inLanguage\":\"fr-FR\",\"@id\":\"https:\\\/\\\/tiketi.com\\\/bus-tickets-from-lagos-to-senegal\\\/#primaryimage\",\"url\":\"https:\\\/\\\/tiketi.com\\\/wp-content\\\/uploads\\\/2022\\\/01\\\/bus-ticket-online-booking.jpg\",\"contentUrl\":\"https:\\\/\\\/tiketi.com\\\/wp-content\\\/uploads\\\/2022\\\/01\\\/bus-ticket-online-booking.jpg\",\"width\":1200,\"height\":206,\"caption\":\"Online Bus Ticket Booking\"},{\"@type\":\"BreadcrumbList\",\"@id\":\"https:\\\/\\\/tiketi.com\\\/bus-tickets-from-lagos-to-senegal\\\/#breadcrumb\",\"itemListElement\":[{\"@type\":\"ListItem\",\"position\":1,\"name\":\"Home\",\"item\":\"https:\\\/\\\/tiketi.com\\\/\"},{\"@type\":\"ListItem\",\"position\":2,\"name\":\"Bus from Lagos to Senegal Bus Tickets, Fare, Schedule &#038; Route\"}]},{\"@type\":\"WebSite\",\"@id\":\"https:\\\/\\\/tiketi.com\\\/#website\",\"url\":\"https:\\\/\\\/tiketi.com\\\/\",\"name\":\"Flight & Bus Tickets, Tour Packages & Activitites - Tiketi.com\",\"description\":\"Flight &amp; Bus Tickets, Tours, Activitites\",\"publisher\":{\"@id\":\"https:\\\/\\\/tiketi.com\\\/#organization\"},\"potentialAction\":[{\"@type\":\"SearchAction\",\"target\":{\"@type\":\"EntryPoint\",\"urlTemplate\":\"https:\\\/\\\/tiketi.com\\\/?s={search_term_string}\"},\"query-input\":{\"@type\":\"PropertyValueSpecification\",\"valueRequired\":true,\"valueName\":\"search_term_string\"}}],\"inLanguage\":\"fr-FR\"},{\"@type\":\"Organization\",\"@id\":\"https:\\\/\\\/tiketi.com\\\/#organization\",\"name\":\"Tiketi.com\",\"alternateName\":\"Tiketi\",\"url\":\"https:\\\/\\\/tiketi.com\\\/\",\"logo\":{\"@type\":\"ImageObject\",\"inLanguage\":\"fr-FR\",\"@id\":\"https:\\\/\\\/tiketi.com\\\/#\\\/schema\\\/logo\\\/image\\\/\",\"url\":\"https:\\\/\\\/tiketi.com\\\/wp-content\\\/uploads\\\/2019\\\/05\\\/tiketi-logo-696.png\",\"contentUrl\":\"https:\\\/\\\/tiketi.com\\\/wp-content\\\/uploads\\\/2019\\\/05\\\/tiketi-logo-696.png\",\"width\":696,\"height\":696,\"caption\":\"Tiketi.com\"},\"image\":{\"@id\":\"https:\\\/\\\/tiketi.com\\\/#\\\/schema\\\/logo\\\/image\\\/\"},\"sameAs\":[\"https:\\\/\\\/www.facebook.com\\\/TiketiCom\\\/\"]}]}<\/script>\n<!-- \/ Yoast SEO plugin. -->","yoast_head_json":{"title":"Bus de Lagos \u00e0 S\u00e9n\u00e9gal Billets de bus, tarifs, horaires et itin\u00e9raire","description":"Vous recherchez une application de r\u00e9servation de bus de Lagos \u00e0 S\u00e9n\u00e9gal pour les billets de bus, les itin\u00e9raires, les horaires et les tarifs\u00a0? R\u00e9servez en ligne des billets de bus \u00e0 bas prix de Lagos \u00e0 S\u00e9n\u00e9gal","robots":{"index":"index","follow":"follow","max-snippet":"max-snippet:-1","max-image-preview":"max-image-preview:large","max-video-preview":"max-video-preview:-1"},"canonical":"https:\/\/tiketi.com\/fr-fr\/bus-tickets-from-lagos-to-senegal\/","og_locale":"fr_FR","og_type":"article","og_title":"Bus from Lagos to Senegal Bus Tickets, Fare, Schedule & Route","og_description":"Looking for bus from Lagos to Senegal bus tickets booking app, routes, schedules & fares? Book cheap bus tickets from Lagos to Senegal online","og_url":"https:\/\/tiketi.com\/fr-fr\/bus-tickets-from-lagos-to-senegal\/","og_site_name":"Tiketi.com","article_publisher":"https:\/\/www.facebook.com\/TiketiCom\/","article_modified_time":"2022-01-30T15:38:30+00:00","og_image":[{"width":1200,"height":206,"url":"https:\/\/tiketi.com\/wp-content\/uploads\/2022\/01\/bus-ticket-online-booking.jpg","type":"image\/jpeg"}],"twitter_card":"summary_large_image","twitter_misc":{"Dur\u00e9e de lecture estim\u00e9e":"2 minutes"},"schema":{"@context":"https:\/\/schema.org","@graph":[{"@type":"WebPage","@id":"https:\/\/tiketi.com\/bus-tickets-from-lagos-to-senegal\/","url":"https:\/\/tiketi.com\/bus-tickets-from-lagos-to-senegal\/","name":"Bus de Lagos \u00e0 S\u00e9n\u00e9gal Billets de bus, tarifs, horaires et itin\u00e9raire","isPartOf":{"@id":"https:\/\/tiketi.com\/#website"},"primaryImageOfPage":{"@id":"https:\/\/tiketi.com\/bus-tickets-from-lagos-to-senegal\/#primaryimage"},"image":{"@id":"https:\/\/tiketi.com\/bus-tickets-from-lagos-to-senegal\/#primaryimage"},"thumbnailUrl":"https:\/\/tiketi.com\/wp-content\/uploads\/2022\/01\/bus-ticket-online-booking.jpg","datePublished":"2022-01-19T11:53:48+00:00","dateModified":"2022-01-30T15:38:30+00:00","description":"Vous recherchez une application de r\u00e9servation de bus de Lagos \u00e0 S\u00e9n\u00e9gal pour les billets de bus, les itin\u00e9raires, les horaires et les tarifs\u00a0? R\u00e9servez en ligne des billets de bus \u00e0 bas prix de Lagos \u00e0 S\u00e9n\u00e9gal","breadcrumb":{"@id":"https:\/\/tiketi.com\/bus-tickets-from-lagos-to-senegal\/#breadcrumb"},"inLanguage":"fr-FR","potentialAction":[{"@type":"ReadAction","target":["https:\/\/tiketi.com\/bus-tickets-from-lagos-to-senegal\/"]}]},{"@type":"ImageObject","inLanguage":"fr-FR","@id":"https:\/\/tiketi.com\/bus-tickets-from-lagos-to-senegal\/#primaryimage","url":"https:\/\/tiketi.com\/wp-content\/uploads\/2022\/01\/bus-ticket-online-booking.jpg","contentUrl":"https:\/\/tiketi.com\/wp-content\/uploads\/2022\/01\/bus-ticket-online-booking.jpg","width":1200,"height":206,"caption":"Online Bus Ticket Booking"},{"@type":"BreadcrumbList","@id":"https:\/\/tiketi.com\/bus-tickets-from-lagos-to-senegal\/#breadcrumb","itemListElement":[{"@type":"ListItem","position":1,"name":"Home","item":"https:\/\/tiketi.com\/"},{"@type":"ListItem","position":2,"name":"Bus from Lagos to Senegal Bus Tickets, Fare, Schedule &#038; Route"}]},{"@type":"WebSite","@id":"https:\/\/tiketi.com\/#website","url":"https:\/\/tiketi.com\/","name":"Billets d&#039;avion et de bus, forfaits touristiques et activit\u00e9s - Tiketi.com","description":"Billets d&#039;avion et de bus, Tours, Activit\u00e9s","publisher":{"@id":"https:\/\/tiketi.com\/#organization"},"potentialAction":[{"@type":"SearchAction","target":{"@type":"EntryPoint","urlTemplate":"https:\/\/tiketi.com\/?s={search_term_string}"},"query-input":{"@type":"PropertyValueSpecification","valueRequired":true,"valueName":"search_term_string"}}],"inLanguage":"fr-FR"},{"@type":"Organization","@id":"https:\/\/tiketi.com\/#organization","name":"Tiketi.com","alternateName":"Tiketi","url":"https:\/\/tiketi.com\/","logo":{"@type":"ImageObject","inLanguage":"fr-FR","@id":"https:\/\/tiketi.com\/#\/schema\/logo\/image\/","url":"https:\/\/tiketi.com\/wp-content\/uploads\/2019\/05\/tiketi-logo-696.png","contentUrl":"https:\/\/tiketi.com\/wp-content\/uploads\/2019\/05\/tiketi-logo-696.png","width":696,"height":696,"caption":"Tiketi.com"},"image":{"@id":"https:\/\/tiketi.com\/#\/schema\/logo\/image\/"},"sameAs":["https:\/\/www.facebook.com\/TiketiCom\/"]}]}},"_links":{"self":[{"href":"https:\/\/tiketi.com\/fr-fr\/wp-json\/wp\/v2\/pages\/10771","targetHints":{"allow":["GET"]}}],"collection":[{"href":"https:\/\/tiketi.com\/fr-fr\/wp-json\/wp\/v2\/pages"}],"about":[{"href":"https:\/\/tiketi.com\/fr-fr\/wp-json\/wp\/v2\/types\/page"}],"author":[{"embeddable":true,"href":"https:\/\/tiketi.com\/fr-fr\/wp-json\/wp\/v2\/users\/1"}],"replies":[{"embeddable":true,"href":"https:\/\/tiketi.com\/fr-fr\/wp-json\/wp\/v2\/comments?post=10771"}],"version-history":[{"count":0,"href":"https:\/\/tiketi.com\/fr-fr\/wp-json\/wp\/v2\/pages\/10771\/revisions"}],"wp:featuredmedia":[{"embeddable":true,"href":"https:\/\/tiketi.com\/fr-fr\/wp-json\/wp\/v2\/media\/13999"}],"wp:attachment":[{"href":"https:\/\/tiketi.com\/fr-fr\/wp-json\/wp\/v2\/media?parent=10771"}],"curies":[{"name":"wp","href":"https:\/\/api.w.org\/{rel}","templated":true}]}}