{"id":10773,"date":"2022-01-19T12:53:48","date_gmt":"2022-01-19T11:53:48","guid":{"rendered":"https:\/\/new.tiketi.com\/bus-from-mwanza-to-morogoro-bus-tickets-fare-schedule-route\/"},"modified":"2023-07-04T09:54:10","modified_gmt":"2023-07-04T08:54:10","slug":"mwanza-to-morogoro","status":"publish","type":"page","link":"https:\/\/tiketi.com\/fr-fr\/routes\/bus\/mwanza-to-morogoro\/","title":{"rendered":"Bus de Mwanza \u00e0 Morogoro Billets de bus, tarif, horaires et itin\u00e9raire"},"content":{"rendered":"<h2>Billets de bus pas chers de Mwanza \u00e0 Morogoro R\u00e9servation en ligne<\/h2>\n<h3>D\u00e9couvrez votre itin\u00e9raire sur le web, le mobile ou l&#039;application et r\u00e9servez en ligne maintenant un billet de bus pas cher de Mwanza \u00e0 Morogoro.<\/h3>\n<p>Comparez et r\u00e9servez en ligne des billets de bus de Mwanza \u00e0 Morogoro pas chers et voyagez de Mwanza \u00e0 Morogoro en bus. Morogoro est la ville centrale de la Tanzanie. L&#039;emplacement sert de capitale administrative de toute la r\u00e9gion de la Tanzanie et n&#039;est situ\u00e9 qu&#039;\u00e0 2,5 heures de route de Dar es Salaam au bout d&#039;un nouveau chemin goudronn\u00e9. Vous trouverez de vieux b\u00e2timents allemands partout dans la ville, ainsi que d&#039;autres quartiers historiques qui t\u00e9moignent de son histoire. Voici le guide sur la fa\u00e7on de r\u00e9server des billets de bus de Mwanza \u00e0 Morogoro :<\/p>\n<h2>Bus de Mwanza \u00e0 Morogoro R\u00e9servation de billets de bus, itin\u00e9raires, horaires et tarifs FAQs<\/h2>\n<h3>Est-ce que Mwanza \u00e0 Morogoro en bus est le moyen le moins cher pour se rendre de Mwanza \u00e0 Morogoro ?<\/h3>\n<p>Mwanza \u00e0 Morogoro en bus est le moyen abordable de se rendre de Mwanza \u00e0 Morogoro qui co\u00fbte $175 - $130 et prend 13h 50m.<\/p>\n<h3>Est-ce que le bus Mwanza to Morogoro est le moyen le plus rapide pour se rendre de Mwanza \u00e0 Morogoro ?<\/h3>\n<p>Le moyen le plus rapide pour se rendre de Mwanza \u00e0 Morogoro est de prendre un bus ce qui co\u00fbte $75 \u2013 $120 et prend 13h 40m.<\/p>\n<h3>Quelle est la distance de Mwanza \u00e0 Morogoro en bus ?<\/h3>\n<p>La distance entre Morogoro et Mwanza est de 712 km.<\/p>\n<h3>Comment voyager de Mwanza \u00e0 Morogoro sans v\u00e9hicule personnel ?<\/h3>\n<p>Le meilleur moyen pour se rendre de Mwanza \u00e0 Morogoro sans v\u00e9hicule personnel est de <u><a href=\"https:\/\/tiketi.com\/fr-fr\/tanzania-train-tickets-trc-tazara-ticket-booking\/\" target=\"_blank\" rel=\"noopener\">former<\/a><\/u> et bus qui met 13h 40m.<\/p>\n<h3>Puis-je conduire de Mwanza \u00e0 Morogoro ?<\/h3>\n<p>Oui, la distance entre Morogoro et Mwanza est de 965 km. Il faut environ 13h 40m pour conduire de Mwanza \u00e0 Morogoro. Bon march\u00e9 <a href=\"https:\/\/tiketi.com\/fr-fr\/car-rentals\/\" target=\"_blank\" rel=\"noopener\">location de voiture en Tanzanie<\/a>.<\/p>\n<h2>Billets de bus de Mwanza \u00e0 Morogoro<\/h2>\n<p>Au pied des monts Ulughuru se trouve la ville aventur\u00e9e par les amateurs de randonn\u00e9e et de camping. Les voyageurs trouveront des tonnes de choses \u00e0 faire \u00e0 Morogoro. L&#039;emplacement abrite \u00e9galement de nombreuses organisations non gouvernementales qui am\u00e8nent des volontaires venant ici de toute la plan\u00e8te. Pour vous rendre en ville, vous pouvez vous rendre \u00e0 son a\u00e9roport domestique desservi par Auric Air, qui est le service le plus parfait pour cette r\u00e9gion de la Tanzanie.<\/p>","protected":false},"excerpt":{"rendered":"<p>Cheap Bus Tickets from Mwanza to Morogoro Online Booking Discover your travel route on web, mobile or app and book cheap bus ticket from Mwanza to Morogoro online now. Compare and do cheap bus from Mwanza to Morogoro bus tickets booking online and travel Mwanza to Morogoro by bus. Morogoro is the central city of [&hellip;]<\/p>\n","protected":false},"author":1,"featured_media":13999,"parent":25566,"menu_order":0,"comment_status":"open","ping_status":"closed","template":"template-home-modern.php","meta":{"footnotes":""},"class_list":["post-10773","page","type-page","status-publish","has-post-thumbnail","hentry"],"yoast_head":"<!-- This site is optimized with the Yoast SEO plugin v27.3 - https:\/\/yoast.com\/product\/yoast-seo-wordpress\/ -->\n<title>Bus from Mwanza to Morogoro Bus Tickets, Fare, Schedule &amp; Route<\/title>\n<meta name=\"description\" content=\"Looking for bus from Mwanza to Morogoro bus tickets booking app, schedules &amp; fares? Book cheap bus tickets from Mwanza to Morogoro online\" \/>\n<meta name=\"robots\" content=\"index, follow, max-snippet:-1, max-image-preview:large, max-video-preview:-1\" \/>\n<link rel=\"canonical\" href=\"https:\/\/tiketi.com\/fr-fr\/routes\/bus\/mwanza-to-morogoro\/\" \/>\n<meta property=\"og:locale\" content=\"fr_FR\" \/>\n<meta property=\"og:type\" content=\"article\" \/>\n<meta property=\"og:title\" content=\"Bus from Mwanza to Morogoro Bus Tickets, Fare, Schedule &amp; Route\" \/>\n<meta property=\"og:description\" content=\"Looking for bus from Mwanza to Morogoro bus tickets booking app, schedules &amp; fares? Book cheap bus tickets from Mwanza to Morogoro online\" \/>\n<meta property=\"og:url\" content=\"https:\/\/tiketi.com\/fr-fr\/routes\/bus\/mwanza-to-morogoro\/\" \/>\n<meta property=\"og:site_name\" content=\"Tiketi.com\" \/>\n<meta property=\"article:publisher\" content=\"https:\/\/www.facebook.com\/TiketiCom\/\" \/>\n<meta property=\"article:modified_time\" content=\"2023-07-04T08:54:10+00:00\" \/>\n<meta property=\"og:image\" content=\"https:\/\/tiketi.com\/wp-content\/uploads\/2022\/01\/bus-ticket-online-booking.jpg\" \/>\n\t<meta property=\"og:image:width\" content=\"1200\" \/>\n\t<meta property=\"og:image:height\" content=\"206\" \/>\n\t<meta property=\"og:image:type\" content=\"image\/jpeg\" \/>\n<meta name=\"twitter:card\" content=\"summary_large_image\" \/>\n<meta name=\"twitter:label1\" content=\"Dur\u00e9e de lecture estim\u00e9e\" \/>\n\t<meta name=\"twitter:data1\" content=\"2 minutes\" \/>\n<script type=\"application\/ld+json\" class=\"yoast-schema-graph\">{\"@context\":\"https:\\\/\\\/schema.org\",\"@graph\":[{\"@type\":\"WebPage\",\"@id\":\"https:\\\/\\\/tiketi.com\\\/en-gb\\\/routes\\\/bus\\\/mwanza-to-morogoro\\\/\",\"url\":\"https:\\\/\\\/tiketi.com\\\/en-gb\\\/routes\\\/bus\\\/mwanza-to-morogoro\\\/\",\"name\":\"Bus from Mwanza to Morogoro Bus Tickets, Fare, Schedule & Route\",\"isPartOf\":{\"@id\":\"https:\\\/\\\/tiketi.com\\\/#website\"},\"primaryImageOfPage\":{\"@id\":\"https:\\\/\\\/tiketi.com\\\/en-gb\\\/routes\\\/bus\\\/mwanza-to-morogoro\\\/#primaryimage\"},\"image\":{\"@id\":\"https:\\\/\\\/tiketi.com\\\/en-gb\\\/routes\\\/bus\\\/mwanza-to-morogoro\\\/#primaryimage\"},\"thumbnailUrl\":\"https:\\\/\\\/tiketi.com\\\/wp-content\\\/uploads\\\/2022\\\/01\\\/bus-ticket-online-booking.jpg\",\"datePublished\":\"2022-01-19T11:53:48+00:00\",\"dateModified\":\"2023-07-04T08:54:10+00:00\",\"description\":\"Looking for bus from Mwanza to Morogoro bus tickets booking app, schedules & fares? Book cheap bus tickets from Mwanza to Morogoro online\",\"breadcrumb\":{\"@id\":\"https:\\\/\\\/tiketi.com\\\/en-gb\\\/routes\\\/bus\\\/mwanza-to-morogoro\\\/#breadcrumb\"},\"inLanguage\":\"fr-FR\",\"potentialAction\":[{\"@type\":\"ReadAction\",\"target\":[\"https:\\\/\\\/tiketi.com\\\/en-gb\\\/routes\\\/bus\\\/mwanza-to-morogoro\\\/\"]}]},{\"@type\":\"ImageObject\",\"inLanguage\":\"fr-FR\",\"@id\":\"https:\\\/\\\/tiketi.com\\\/en-gb\\\/routes\\\/bus\\\/mwanza-to-morogoro\\\/#primaryimage\",\"url\":\"https:\\\/\\\/tiketi.com\\\/wp-content\\\/uploads\\\/2022\\\/01\\\/bus-ticket-online-booking.jpg\",\"contentUrl\":\"https:\\\/\\\/tiketi.com\\\/wp-content\\\/uploads\\\/2022\\\/01\\\/bus-ticket-online-booking.jpg\",\"width\":1200,\"height\":206,\"caption\":\"Online Bus Ticket Booking\"},{\"@type\":\"BreadcrumbList\",\"@id\":\"https:\\\/\\\/tiketi.com\\\/en-gb\\\/routes\\\/bus\\\/mwanza-to-morogoro\\\/#breadcrumb\",\"itemListElement\":[{\"@type\":\"ListItem\",\"position\":1,\"name\":\"Home\",\"item\":\"https:\\\/\\\/tiketi.com\\\/\"},{\"@type\":\"ListItem\",\"position\":2,\"name\":\"Routes\",\"item\":\"https:\\\/\\\/tiketi.com\\\/routes\\\/\"},{\"@type\":\"ListItem\",\"position\":3,\"name\":\"Bus\",\"item\":\"https:\\\/\\\/tiketi.com\\\/routes\\\/bus\\\/\"},{\"@type\":\"ListItem\",\"position\":4,\"name\":\"Bus from Mwanza to Morogoro Bus Tickets, Fare, Schedule &#038; Route\"}]},{\"@type\":\"WebSite\",\"@id\":\"https:\\\/\\\/tiketi.com\\\/#website\",\"url\":\"https:\\\/\\\/tiketi.com\\\/\",\"name\":\"Flight & Bus Tickets, Tour Packages & Activitites - Tiketi.com\",\"description\":\"Flight &amp; Bus Tickets, Tours, Activitites\",\"publisher\":{\"@id\":\"https:\\\/\\\/tiketi.com\\\/#organization\"},\"potentialAction\":[{\"@type\":\"SearchAction\",\"target\":{\"@type\":\"EntryPoint\",\"urlTemplate\":\"https:\\\/\\\/tiketi.com\\\/?s={search_term_string}\"},\"query-input\":{\"@type\":\"PropertyValueSpecification\",\"valueRequired\":true,\"valueName\":\"search_term_string\"}}],\"inLanguage\":\"fr-FR\"},{\"@type\":\"Organization\",\"@id\":\"https:\\\/\\\/tiketi.com\\\/#organization\",\"name\":\"Tiketi.com\",\"alternateName\":\"Tiketi\",\"url\":\"https:\\\/\\\/tiketi.com\\\/\",\"logo\":{\"@type\":\"ImageObject\",\"inLanguage\":\"fr-FR\",\"@id\":\"https:\\\/\\\/tiketi.com\\\/#\\\/schema\\\/logo\\\/image\\\/\",\"url\":\"https:\\\/\\\/tiketi.com\\\/wp-content\\\/uploads\\\/2019\\\/05\\\/tiketi-logo-696.png\",\"contentUrl\":\"https:\\\/\\\/tiketi.com\\\/wp-content\\\/uploads\\\/2019\\\/05\\\/tiketi-logo-696.png\",\"width\":696,\"height\":696,\"caption\":\"Tiketi.com\"},\"image\":{\"@id\":\"https:\\\/\\\/tiketi.com\\\/#\\\/schema\\\/logo\\\/image\\\/\"},\"sameAs\":[\"https:\\\/\\\/www.facebook.com\\\/TiketiCom\\\/\"]}]}<\/script>\n<!-- \/ Yoast SEO plugin. -->","yoast_head_json":{"title":"Bus de Mwanza \u00e0 Morogoro Billets de bus, tarif, horaires et itin\u00e9raire","description":"\u00c0 la recherche d&#039;une application de r\u00e9servation de billets de bus de Mwanza \u00e0 Morogoro, des horaires et des tarifs\u00a0? R\u00e9servez en ligne des billets de bus de Mwanza \u00e0 Morogoro","robots":{"index":"index","follow":"follow","max-snippet":"max-snippet:-1","max-image-preview":"max-image-preview:large","max-video-preview":"max-video-preview:-1"},"canonical":"https:\/\/tiketi.com\/fr-fr\/routes\/bus\/mwanza-to-morogoro\/","og_locale":"fr_FR","og_type":"article","og_title":"Bus from Mwanza to Morogoro Bus Tickets, Fare, Schedule & Route","og_description":"Looking for bus from Mwanza to Morogoro bus tickets booking app, schedules & fares? Book cheap bus tickets from Mwanza to Morogoro online","og_url":"https:\/\/tiketi.com\/fr-fr\/routes\/bus\/mwanza-to-morogoro\/","og_site_name":"Tiketi.com","article_publisher":"https:\/\/www.facebook.com\/TiketiCom\/","article_modified_time":"2023-07-04T08:54:10+00:00","og_image":[{"width":1200,"height":206,"url":"https:\/\/tiketi.com\/wp-content\/uploads\/2022\/01\/bus-ticket-online-booking.jpg","type":"image\/jpeg"}],"twitter_card":"summary_large_image","twitter_misc":{"Dur\u00e9e de lecture estim\u00e9e":"2 minutes"},"schema":{"@context":"https:\/\/schema.org","@graph":[{"@type":"WebPage","@id":"https:\/\/tiketi.com\/en-gb\/routes\/bus\/mwanza-to-morogoro\/","url":"https:\/\/tiketi.com\/en-gb\/routes\/bus\/mwanza-to-morogoro\/","name":"Bus de Mwanza \u00e0 Morogoro Billets de bus, tarif, horaires et itin\u00e9raire","isPartOf":{"@id":"https:\/\/tiketi.com\/#website"},"primaryImageOfPage":{"@id":"https:\/\/tiketi.com\/en-gb\/routes\/bus\/mwanza-to-morogoro\/#primaryimage"},"image":{"@id":"https:\/\/tiketi.com\/en-gb\/routes\/bus\/mwanza-to-morogoro\/#primaryimage"},"thumbnailUrl":"https:\/\/tiketi.com\/wp-content\/uploads\/2022\/01\/bus-ticket-online-booking.jpg","datePublished":"2022-01-19T11:53:48+00:00","dateModified":"2023-07-04T08:54:10+00:00","description":"\u00c0 la recherche d&#039;une application de r\u00e9servation de billets de bus de Mwanza \u00e0 Morogoro, des horaires et des tarifs\u00a0? R\u00e9servez en ligne des billets de bus de Mwanza \u00e0 Morogoro","breadcrumb":{"@id":"https:\/\/tiketi.com\/en-gb\/routes\/bus\/mwanza-to-morogoro\/#breadcrumb"},"inLanguage":"fr-FR","potentialAction":[{"@type":"ReadAction","target":["https:\/\/tiketi.com\/en-gb\/routes\/bus\/mwanza-to-morogoro\/"]}]},{"@type":"ImageObject","inLanguage":"fr-FR","@id":"https:\/\/tiketi.com\/en-gb\/routes\/bus\/mwanza-to-morogoro\/#primaryimage","url":"https:\/\/tiketi.com\/wp-content\/uploads\/2022\/01\/bus-ticket-online-booking.jpg","contentUrl":"https:\/\/tiketi.com\/wp-content\/uploads\/2022\/01\/bus-ticket-online-booking.jpg","width":1200,"height":206,"caption":"Online Bus Ticket Booking"},{"@type":"BreadcrumbList","@id":"https:\/\/tiketi.com\/en-gb\/routes\/bus\/mwanza-to-morogoro\/#breadcrumb","itemListElement":[{"@type":"ListItem","position":1,"name":"Home","item":"https:\/\/tiketi.com\/"},{"@type":"ListItem","position":2,"name":"Routes","item":"https:\/\/tiketi.com\/routes\/"},{"@type":"ListItem","position":3,"name":"Bus","item":"https:\/\/tiketi.com\/routes\/bus\/"},{"@type":"ListItem","position":4,"name":"Bus from Mwanza to Morogoro Bus Tickets, Fare, Schedule &#038; Route"}]},{"@type":"WebSite","@id":"https:\/\/tiketi.com\/#website","url":"https:\/\/tiketi.com\/","name":"Billets d&#039;avion et de bus, forfaits touristiques et activit\u00e9s - Tiketi.com","description":"Billets d&#039;avion et de bus, Tours, Activit\u00e9s","publisher":{"@id":"https:\/\/tiketi.com\/#organization"},"potentialAction":[{"@type":"SearchAction","target":{"@type":"EntryPoint","urlTemplate":"https:\/\/tiketi.com\/?s={search_term_string}"},"query-input":{"@type":"PropertyValueSpecification","valueRequired":true,"valueName":"search_term_string"}}],"inLanguage":"fr-FR"},{"@type":"Organization","@id":"https:\/\/tiketi.com\/#organization","name":"Tiketi.com","alternateName":"Tiketi","url":"https:\/\/tiketi.com\/","logo":{"@type":"ImageObject","inLanguage":"fr-FR","@id":"https:\/\/tiketi.com\/#\/schema\/logo\/image\/","url":"https:\/\/tiketi.com\/wp-content\/uploads\/2019\/05\/tiketi-logo-696.png","contentUrl":"https:\/\/tiketi.com\/wp-content\/uploads\/2019\/05\/tiketi-logo-696.png","width":696,"height":696,"caption":"Tiketi.com"},"image":{"@id":"https:\/\/tiketi.com\/#\/schema\/logo\/image\/"},"sameAs":["https:\/\/www.facebook.com\/TiketiCom\/"]}]}},"_links":{"self":[{"href":"https:\/\/tiketi.com\/fr-fr\/wp-json\/wp\/v2\/pages\/10773","targetHints":{"allow":["GET"]}}],"collection":[{"href":"https:\/\/tiketi.com\/fr-fr\/wp-json\/wp\/v2\/pages"}],"about":[{"href":"https:\/\/tiketi.com\/fr-fr\/wp-json\/wp\/v2\/types\/page"}],"author":[{"embeddable":true,"href":"https:\/\/tiketi.com\/fr-fr\/wp-json\/wp\/v2\/users\/1"}],"replies":[{"embeddable":true,"href":"https:\/\/tiketi.com\/fr-fr\/wp-json\/wp\/v2\/comments?post=10773"}],"version-history":[{"count":0,"href":"https:\/\/tiketi.com\/fr-fr\/wp-json\/wp\/v2\/pages\/10773\/revisions"}],"up":[{"embeddable":true,"href":"https:\/\/tiketi.com\/fr-fr\/wp-json\/wp\/v2\/pages\/25566"}],"wp:featuredmedia":[{"embeddable":true,"href":"https:\/\/tiketi.com\/fr-fr\/wp-json\/wp\/v2\/media\/13999"}],"wp:attachment":[{"href":"https:\/\/tiketi.com\/fr-fr\/wp-json\/wp\/v2\/media?parent=10773"}],"curies":[{"name":"wp","href":"https:\/\/api.w.org\/{rel}","templated":true}]}}