{"id":10776,"date":"2022-01-19T12:53:48","date_gmt":"2022-01-19T11:53:48","guid":{"rendered":"https:\/\/new.tiketi.com\/bus-from-arusha-to-morogoro-bus-tickets-fare-schedule-route\/"},"modified":"2023-07-06T13:50:13","modified_gmt":"2023-07-06T12:50:13","slug":"arusha-to-morogoro","status":"publish","type":"page","link":"https:\/\/tiketi.com\/fr-fr\/routes\/bus\/arusha-to-morogoro\/","title":{"rendered":"Bus de Arusha \u00e0 Morogoro Billets de bus, tarif, horaires et itin\u00e9raire"},"content":{"rendered":"<h2>Billets de bus pas chers d&#039;Arusha \u00e0 Morogoro R\u00e9servation en ligne<\/h2>\n<h3>D\u00e9couvrez votre itin\u00e9raire sur le web, le mobile ou l&#039;application et r\u00e9servez en ligne maintenant un billet de bus pas cher de Arusha \u00e0 Morogoro.<\/h3>\n<p>Comparez et r\u00e9servez en ligne des billets de bus de Arusha \u00e0 Morogoro pas chers et voyagez de Arusha \u00e0 Morogoro en bus. Nich\u00e9e au pied des monts Uluguru, la r\u00e9gion de Morogoro invite les visiteurs \u00e0 observer les beaut\u00e9s rurales du paysage domestique et de l&#039;histoire agricole. L&#039;influence coloniale allemande reste tangible dans les attractions de la r\u00e9gion de Morogoro, principalement dans l&#039;architecture, ainsi que dans les mus\u00e9es et les montagnes. Les vacanciers actifs peuvent prendre les montagnes, avec des guides embauch\u00e9s et un camping accessible. Voici le guide sur la fa\u00e7on de r\u00e9server des billets de bus d&#039;Arusha \u00e0 Morogoro :<\/p>\n<h2>Bus d&#039;Arusha \u00e0 Morogoro R\u00e9servation de billets de bus, itin\u00e9raires, horaires et tarifs FAQ<\/h2>\n<h3>Est-ce que le bus d&#039;Arusha \u00e0 Morogoro est le moyen le moins cher d&#039;aller d&#039;Arusha \u00e0 Morogoro ?<\/h3>\n<p>Le moyen abordable de se rendre de Arusha \u00e0 Morogoro est en bus qui co\u00fbte $50 - $70 et prend 9h 20m.<\/p>\n<h3>Comment aller d&#039;Arusha \u00e0 Morogor le plus rapidement ?<\/h3>\n<p>Le moyen le plus rapide pour se rendre d&#039;Arusha \u00e0 Morogoro est de prendre la voiture. Prendre ce choix co\u00fbtera $50 \u2013 $100 et prendra 9h 20m. Bon march\u00e9 <a href=\"https:\/\/tiketi.com\/fr-fr\/cheap-flights\/\" target=\"_blank\" rel=\"noopener\">vols<\/a>.<\/p>\n<h3>Quelle est la distance entre Arusha et Morogoro en bus ?<\/h3>\n<p>La distance entre Arusha et Morogoro en bus est de 399 km.<\/p>\n<h3>Comment voyager de Arusha \u00e0 Morogoro sans v\u00e9hicule personnel ?<\/h3>\n<p>L&#039;excellent moyen de se rendre d&#039;Arusha \u00e0 Morogoro sans v\u00e9hicule personnel est de <u><a href=\"https:\/\/tiketi.com\/fr-fr\/tanzania-train-tickets-trc-tazara-ticket-booking\/\" target=\"_blank\" rel=\"noopener\">former<\/a><\/u> et bus qui prend $50 \u2013 $100 et dure 9h 20m.<\/p>\n<h3>Puis-je conduire de Arusha \u00e0 Morogoro ?<\/h3>\n<p>Oui, la distance entre Morogoro et Arusha est de 615 km. Il faut environ 9h 20m pour conduire de Arusha \u00e0 Morogoro. Bon march\u00e9 <a href=\"https:\/\/tiketi.com\/fr-fr\/car-rentals\/\" target=\"_blank\" rel=\"noopener\">location de voitures<\/a>.<\/p>\n<h2>Billets de bus de Arusha \u00e0 Morogoro<\/h2>\n<p>Les principales attractions \u00e0 visiter \u00e0 Morogoro sont :<\/p>\n<p>\u2022 R\u00e9serve de gibier de Selous<br \/>\n\u2022 Cascade de Kinol\u00e9<br \/>\n\u2022 Montagnes d&#039;Uluguru<br \/>\n\u2022 Safaris au y\u00e9tu<br \/>\n\u2022 Partenaires Safaris<\/p>\n<p>Morogoro est c\u00e9l\u00e8bre dans la litt\u00e9rature du XIXe si\u00e8cle comme la porte d&#039;entr\u00e9e par laquelle les commer\u00e7ants de Zanzibar passaient sur l&#039;\u00eele pour collecter des esclaves, de l&#039;ivoire et du copal de gomme. Selon Stanley, qui est pass\u00e9 par Morogoro dans sa recherche de la pierre de David Living, l&#039;un des sultans de Zanzibar a cr\u00e9\u00e9 une forteresse ici, juste pour qu&#039;elle soit emport\u00e9e par les inondations. En 1885, cette r\u00e9gion est devenue une partie de l&#039;Afrique orientale allemande.<\/p>","protected":false},"excerpt":{"rendered":"<p>Cheap Bus Tickets from Arusha to Morogoro Online Booking Discover your travel route on web, mobile or app and book cheap bus ticket from Arusha to Morogoro online now. Compare and do cheap bus from Arusha to Morogoro bus tickets booking online and travel Arusha to Morogoro by bus. Nestled at the base of Uluguru [&hellip;]<\/p>\n","protected":false},"author":1,"featured_media":13999,"parent":25566,"menu_order":0,"comment_status":"open","ping_status":"closed","template":"template-home-modern.php","meta":{"footnotes":""},"class_list":["post-10776","page","type-page","status-publish","has-post-thumbnail","hentry"],"yoast_head":"<!-- This site is optimized with the Yoast SEO plugin v27.3 - https:\/\/yoast.com\/product\/yoast-seo-wordpress\/ -->\n<title>Bus from Arusha to Morogoro Bus Tickets, Fare, Schedule &amp; Route<\/title>\n<meta name=\"description\" content=\"Looking for bus from Arusha to Morogoro bus ticket booking app, route, schedule &amp; fare? Book cheap bus tickets from Arusha to Morogoro online\" \/>\n<meta name=\"robots\" content=\"index, follow, max-snippet:-1, max-image-preview:large, max-video-preview:-1\" \/>\n<link rel=\"canonical\" href=\"https:\/\/tiketi.com\/fr-fr\/routes\/bus\/arusha-to-morogoro\/\" \/>\n<meta property=\"og:locale\" content=\"fr_FR\" \/>\n<meta property=\"og:type\" content=\"article\" \/>\n<meta property=\"og:title\" content=\"Bus from Arusha to Morogoro Bus Tickets, Fare, Schedule &amp; Route\" \/>\n<meta property=\"og:description\" content=\"Looking for bus from Arusha to Morogoro bus ticket booking app, route, schedule &amp; fare? Book cheap bus tickets from Arusha to Morogoro online\" \/>\n<meta property=\"og:url\" content=\"https:\/\/tiketi.com\/fr-fr\/routes\/bus\/arusha-to-morogoro\/\" \/>\n<meta property=\"og:site_name\" content=\"Tiketi.com\" \/>\n<meta property=\"article:publisher\" content=\"https:\/\/www.facebook.com\/TiketiCom\/\" \/>\n<meta property=\"article:modified_time\" content=\"2023-07-06T12:50:13+00:00\" \/>\n<meta property=\"og:image\" content=\"https:\/\/tiketi.com\/wp-content\/uploads\/2022\/01\/bus-ticket-online-booking.jpg\" \/>\n\t<meta property=\"og:image:width\" content=\"1200\" \/>\n\t<meta property=\"og:image:height\" content=\"206\" \/>\n\t<meta property=\"og:image:type\" content=\"image\/jpeg\" \/>\n<meta name=\"twitter:card\" content=\"summary_large_image\" \/>\n<meta name=\"twitter:label1\" content=\"Dur\u00e9e de lecture estim\u00e9e\" \/>\n\t<meta name=\"twitter:data1\" content=\"2 minutes\" \/>\n<script type=\"application\/ld+json\" class=\"yoast-schema-graph\">{\"@context\":\"https:\\\/\\\/schema.org\",\"@graph\":[{\"@type\":\"WebPage\",\"@id\":\"https:\\\/\\\/tiketi.com\\\/routes\\\/bus\\\/arusha-to-morogoro\\\/\",\"url\":\"https:\\\/\\\/tiketi.com\\\/routes\\\/bus\\\/arusha-to-morogoro\\\/\",\"name\":\"Bus from Arusha to Morogoro Bus Tickets, Fare, Schedule & Route\",\"isPartOf\":{\"@id\":\"https:\\\/\\\/tiketi.com\\\/#website\"},\"primaryImageOfPage\":{\"@id\":\"https:\\\/\\\/tiketi.com\\\/routes\\\/bus\\\/arusha-to-morogoro\\\/#primaryimage\"},\"image\":{\"@id\":\"https:\\\/\\\/tiketi.com\\\/routes\\\/bus\\\/arusha-to-morogoro\\\/#primaryimage\"},\"thumbnailUrl\":\"https:\\\/\\\/tiketi.com\\\/wp-content\\\/uploads\\\/2022\\\/01\\\/bus-ticket-online-booking.jpg\",\"datePublished\":\"2022-01-19T11:53:48+00:00\",\"dateModified\":\"2023-07-06T12:50:13+00:00\",\"description\":\"Looking for bus from Arusha to Morogoro bus ticket booking app, route, schedule & fare? Book cheap bus tickets from Arusha to Morogoro online\",\"breadcrumb\":{\"@id\":\"https:\\\/\\\/tiketi.com\\\/routes\\\/bus\\\/arusha-to-morogoro\\\/#breadcrumb\"},\"inLanguage\":\"fr-FR\",\"potentialAction\":[{\"@type\":\"ReadAction\",\"target\":[\"https:\\\/\\\/tiketi.com\\\/routes\\\/bus\\\/arusha-to-morogoro\\\/\"]}]},{\"@type\":\"ImageObject\",\"inLanguage\":\"fr-FR\",\"@id\":\"https:\\\/\\\/tiketi.com\\\/routes\\\/bus\\\/arusha-to-morogoro\\\/#primaryimage\",\"url\":\"https:\\\/\\\/tiketi.com\\\/wp-content\\\/uploads\\\/2022\\\/01\\\/bus-ticket-online-booking.jpg\",\"contentUrl\":\"https:\\\/\\\/tiketi.com\\\/wp-content\\\/uploads\\\/2022\\\/01\\\/bus-ticket-online-booking.jpg\",\"width\":1200,\"height\":206,\"caption\":\"Online Bus Ticket Booking\"},{\"@type\":\"BreadcrumbList\",\"@id\":\"https:\\\/\\\/tiketi.com\\\/routes\\\/bus\\\/arusha-to-morogoro\\\/#breadcrumb\",\"itemListElement\":[{\"@type\":\"ListItem\",\"position\":1,\"name\":\"Home\",\"item\":\"https:\\\/\\\/tiketi.com\\\/\"},{\"@type\":\"ListItem\",\"position\":2,\"name\":\"Routes\",\"item\":\"https:\\\/\\\/tiketi.com\\\/routes\\\/\"},{\"@type\":\"ListItem\",\"position\":3,\"name\":\"Bus\",\"item\":\"https:\\\/\\\/tiketi.com\\\/routes\\\/bus\\\/\"},{\"@type\":\"ListItem\",\"position\":4,\"name\":\"Bus from Arusha to Morogoro Bus Tickets, Fare, Schedule &#038; Route\"}]},{\"@type\":\"WebSite\",\"@id\":\"https:\\\/\\\/tiketi.com\\\/#website\",\"url\":\"https:\\\/\\\/tiketi.com\\\/\",\"name\":\"Flight & Bus Tickets, Tour Packages & Activitites - Tiketi.com\",\"description\":\"Flight &amp; Bus Tickets, Tours, Activitites\",\"publisher\":{\"@id\":\"https:\\\/\\\/tiketi.com\\\/#organization\"},\"potentialAction\":[{\"@type\":\"SearchAction\",\"target\":{\"@type\":\"EntryPoint\",\"urlTemplate\":\"https:\\\/\\\/tiketi.com\\\/?s={search_term_string}\"},\"query-input\":{\"@type\":\"PropertyValueSpecification\",\"valueRequired\":true,\"valueName\":\"search_term_string\"}}],\"inLanguage\":\"fr-FR\"},{\"@type\":\"Organization\",\"@id\":\"https:\\\/\\\/tiketi.com\\\/#organization\",\"name\":\"Tiketi.com\",\"alternateName\":\"Tiketi\",\"url\":\"https:\\\/\\\/tiketi.com\\\/\",\"logo\":{\"@type\":\"ImageObject\",\"inLanguage\":\"fr-FR\",\"@id\":\"https:\\\/\\\/tiketi.com\\\/#\\\/schema\\\/logo\\\/image\\\/\",\"url\":\"https:\\\/\\\/tiketi.com\\\/wp-content\\\/uploads\\\/2019\\\/05\\\/tiketi-logo-696.png\",\"contentUrl\":\"https:\\\/\\\/tiketi.com\\\/wp-content\\\/uploads\\\/2019\\\/05\\\/tiketi-logo-696.png\",\"width\":696,\"height\":696,\"caption\":\"Tiketi.com\"},\"image\":{\"@id\":\"https:\\\/\\\/tiketi.com\\\/#\\\/schema\\\/logo\\\/image\\\/\"},\"sameAs\":[\"https:\\\/\\\/www.facebook.com\\\/TiketiCom\\\/\"]}]}<\/script>\n<!-- \/ Yoast SEO plugin. -->","yoast_head_json":{"title":"Bus de Arusha \u00e0 Morogoro Billets de bus, tarif, horaires et itin\u00e9raire","description":"\u00c0 la recherche d&#039;une application de r\u00e9servation de billets de bus de Arusha \u00e0 Morogoro, d&#039;un itin\u00e9raire, d&#039;un horaire et d&#039;un tarif\u00a0? R\u00e9servez en ligne des billets de bus de Arusha \u00e0 Morogoro","robots":{"index":"index","follow":"follow","max-snippet":"max-snippet:-1","max-image-preview":"max-image-preview:large","max-video-preview":"max-video-preview:-1"},"canonical":"https:\/\/tiketi.com\/fr-fr\/routes\/bus\/arusha-to-morogoro\/","og_locale":"fr_FR","og_type":"article","og_title":"Bus from Arusha to Morogoro Bus Tickets, Fare, Schedule & Route","og_description":"Looking for bus from Arusha to Morogoro bus ticket booking app, route, schedule & fare? Book cheap bus tickets from Arusha to Morogoro online","og_url":"https:\/\/tiketi.com\/fr-fr\/routes\/bus\/arusha-to-morogoro\/","og_site_name":"Tiketi.com","article_publisher":"https:\/\/www.facebook.com\/TiketiCom\/","article_modified_time":"2023-07-06T12:50:13+00:00","og_image":[{"width":1200,"height":206,"url":"https:\/\/tiketi.com\/wp-content\/uploads\/2022\/01\/bus-ticket-online-booking.jpg","type":"image\/jpeg"}],"twitter_card":"summary_large_image","twitter_misc":{"Dur\u00e9e de lecture estim\u00e9e":"2 minutes"},"schema":{"@context":"https:\/\/schema.org","@graph":[{"@type":"WebPage","@id":"https:\/\/tiketi.com\/routes\/bus\/arusha-to-morogoro\/","url":"https:\/\/tiketi.com\/routes\/bus\/arusha-to-morogoro\/","name":"Bus de Arusha \u00e0 Morogoro Billets de bus, tarif, horaires et itin\u00e9raire","isPartOf":{"@id":"https:\/\/tiketi.com\/#website"},"primaryImageOfPage":{"@id":"https:\/\/tiketi.com\/routes\/bus\/arusha-to-morogoro\/#primaryimage"},"image":{"@id":"https:\/\/tiketi.com\/routes\/bus\/arusha-to-morogoro\/#primaryimage"},"thumbnailUrl":"https:\/\/tiketi.com\/wp-content\/uploads\/2022\/01\/bus-ticket-online-booking.jpg","datePublished":"2022-01-19T11:53:48+00:00","dateModified":"2023-07-06T12:50:13+00:00","description":"\u00c0 la recherche d&#039;une application de r\u00e9servation de billets de bus de Arusha \u00e0 Morogoro, d&#039;un itin\u00e9raire, d&#039;un horaire et d&#039;un tarif\u00a0? R\u00e9servez en ligne des billets de bus de Arusha \u00e0 Morogoro","breadcrumb":{"@id":"https:\/\/tiketi.com\/routes\/bus\/arusha-to-morogoro\/#breadcrumb"},"inLanguage":"fr-FR","potentialAction":[{"@type":"ReadAction","target":["https:\/\/tiketi.com\/routes\/bus\/arusha-to-morogoro\/"]}]},{"@type":"ImageObject","inLanguage":"fr-FR","@id":"https:\/\/tiketi.com\/routes\/bus\/arusha-to-morogoro\/#primaryimage","url":"https:\/\/tiketi.com\/wp-content\/uploads\/2022\/01\/bus-ticket-online-booking.jpg","contentUrl":"https:\/\/tiketi.com\/wp-content\/uploads\/2022\/01\/bus-ticket-online-booking.jpg","width":1200,"height":206,"caption":"Online Bus Ticket Booking"},{"@type":"BreadcrumbList","@id":"https:\/\/tiketi.com\/routes\/bus\/arusha-to-morogoro\/#breadcrumb","itemListElement":[{"@type":"ListItem","position":1,"name":"Home","item":"https:\/\/tiketi.com\/"},{"@type":"ListItem","position":2,"name":"Routes","item":"https:\/\/tiketi.com\/routes\/"},{"@type":"ListItem","position":3,"name":"Bus","item":"https:\/\/tiketi.com\/routes\/bus\/"},{"@type":"ListItem","position":4,"name":"Bus from Arusha to Morogoro Bus Tickets, Fare, Schedule &#038; Route"}]},{"@type":"WebSite","@id":"https:\/\/tiketi.com\/#website","url":"https:\/\/tiketi.com\/","name":"Billets d&#039;avion et de bus, forfaits touristiques et activit\u00e9s - Tiketi.com","description":"Billets d&#039;avion et de bus, Tours, Activit\u00e9s","publisher":{"@id":"https:\/\/tiketi.com\/#organization"},"potentialAction":[{"@type":"SearchAction","target":{"@type":"EntryPoint","urlTemplate":"https:\/\/tiketi.com\/?s={search_term_string}"},"query-input":{"@type":"PropertyValueSpecification","valueRequired":true,"valueName":"search_term_string"}}],"inLanguage":"fr-FR"},{"@type":"Organization","@id":"https:\/\/tiketi.com\/#organization","name":"Tiketi.com","alternateName":"Tiketi","url":"https:\/\/tiketi.com\/","logo":{"@type":"ImageObject","inLanguage":"fr-FR","@id":"https:\/\/tiketi.com\/#\/schema\/logo\/image\/","url":"https:\/\/tiketi.com\/wp-content\/uploads\/2019\/05\/tiketi-logo-696.png","contentUrl":"https:\/\/tiketi.com\/wp-content\/uploads\/2019\/05\/tiketi-logo-696.png","width":696,"height":696,"caption":"Tiketi.com"},"image":{"@id":"https:\/\/tiketi.com\/#\/schema\/logo\/image\/"},"sameAs":["https:\/\/www.facebook.com\/TiketiCom\/"]}]}},"_links":{"self":[{"href":"https:\/\/tiketi.com\/fr-fr\/wp-json\/wp\/v2\/pages\/10776","targetHints":{"allow":["GET"]}}],"collection":[{"href":"https:\/\/tiketi.com\/fr-fr\/wp-json\/wp\/v2\/pages"}],"about":[{"href":"https:\/\/tiketi.com\/fr-fr\/wp-json\/wp\/v2\/types\/page"}],"author":[{"embeddable":true,"href":"https:\/\/tiketi.com\/fr-fr\/wp-json\/wp\/v2\/users\/1"}],"replies":[{"embeddable":true,"href":"https:\/\/tiketi.com\/fr-fr\/wp-json\/wp\/v2\/comments?post=10776"}],"version-history":[{"count":0,"href":"https:\/\/tiketi.com\/fr-fr\/wp-json\/wp\/v2\/pages\/10776\/revisions"}],"up":[{"embeddable":true,"href":"https:\/\/tiketi.com\/fr-fr\/wp-json\/wp\/v2\/pages\/25566"}],"wp:featuredmedia":[{"embeddable":true,"href":"https:\/\/tiketi.com\/fr-fr\/wp-json\/wp\/v2\/media\/13999"}],"wp:attachment":[{"href":"https:\/\/tiketi.com\/fr-fr\/wp-json\/wp\/v2\/media?parent=10776"}],"curies":[{"name":"wp","href":"https:\/\/api.w.org\/{rel}","templated":true}]}}