{"id":10777,"date":"2022-01-19T12:53:48","date_gmt":"2022-01-19T11:53:48","guid":{"rendered":"https:\/\/new.tiketi.com\/bus-from-arusha-to-mombasa-bus-tickets-fare-schedule-route\/"},"modified":"2023-07-06T13:50:09","modified_gmt":"2023-07-06T12:50:09","slug":"arusha-to-mombasa","status":"publish","type":"page","link":"https:\/\/tiketi.com\/fr-fr\/routes\/bus\/arusha-to-mombasa\/","title":{"rendered":"Bus de Arusha \u00e0 Mombasa Billets de bus, tarif, horaires et itin\u00e9raire"},"content":{"rendered":"<h2>Billets de bus pas chers d&#039;Arusha \u00e0 Mombasa R\u00e9servation en ligne<\/h2>\n<h3>D\u00e9couvrez votre itin\u00e9raire sur le web, le mobile ou l&#039;application et r\u00e9servez en ligne maintenant un billet de bus pas cher de Arusha \u00e0 Mombasa.<\/h3>\n<p>Comparez et r\u00e9servez en ligne des billets de bus de Arusha \u00e0 Mombasa pas chers et voyagez de Arusha \u00e0 Mombasa en bus. Mombasa est situ\u00e9e dans la partie sud-est du Kenya et occupe une place remarquable car elle borde l&#039;oc\u00e9an Indien. Mombasa est une ville dynamique, riche d&#039;histoire et de culture et est construite sur une \u00eele rattach\u00e9e au continent par 2 ports plus profonds. Voici le guide sur la fa\u00e7on de r\u00e9server des billets de bus d&#039;Arusha \u00e0 Mombasa :<\/p>\n<h2>Bus d&#039;Arusha \u00e0 Mombasa R\u00e9servation de billets de bus, itin\u00e9raires, horaires et tarifs FAQs<\/h2>\n<h3>Est-ce que le bus d&#039;Arusha \u00e0 Mombasa est le moyen le plus \u00e9conomique pour se rendre d&#039;Arusha \u00e0 Mombasa ?<\/h3>\n<p>Arusha \u00e0 Mombasa en bus est le moyen le plus \u00e9conomique de se rendre de Arusha \u00e0 Mombasa, ce qui co\u00fbte $ 30 \u2013 50 et dure 15h 30m.<\/p>\n<h3>Quel est le moyen le plus rapide pour se rendre de Arusha \u00e0 Mombasa ?<\/h3>\n<p>Le moyen le plus rapide pour se rendre d&#039;Arusha \u00e0 Mombasa est de <u><a href=\"https:\/\/tiketi.com\/fr-fr\/cheap-flights\/\" target=\"_blank\" rel=\"noopener\">voler<\/a><\/u> et conduire qui co\u00fbte $270 \u2013 $410 et prend 5h 10m.<\/p>\n<h3>Quelle est la distance entre Arusha et Mombasa en bus ?<\/h3>\n<p>La distance de conduite entre Arusha et Mombasa est d&#039;environ 385 km.<\/p>\n<h3>Comment voyager d&#039;Arusha \u00e0 Mombasa sans v\u00e9hicule personnel ?<\/h3>\n<p>Le meilleur moyen d&#039;aller d&#039;Arusha \u00e0 Mombasa sans v\u00e9hicule personnel est de <u><a href=\"https:\/\/tiketi.com\/fr-fr\/trains\/tanzania\/\" target=\"_blank\" rel=\"noopener\">former<\/a><\/u> et bus qui dure 12h 10m et co\u00fbte $85 \u2013 $130.<\/p>\n<h3>Puis-je conduire de Arusha \u00e0 Mombasa ?<\/h3>\n<p>Oui, la distance entre Mombasa et Arusha est de 385 km. Il faut environ 5h 30m pour conduire de Arusha \u00e0 Mombasa. Bon march\u00e9 <a href=\"https:\/\/tiketi.com\/fr-fr\/car-rentals\/\" target=\"_blank\" rel=\"noopener\">location de voitures<\/a>.<\/p>\n<h2>Billets de bus de Arusha \u00e0 Mombasa<\/h2>\n<p>Mombasa abrite le plus grand port d&#039;Afrique de l&#039;Est et est populaire pour ses plages de sable blanc et ses incroyables r\u00e9cifs coralliens dans les eaux voisines et vous pouvez profiter du meilleur temps tout au long de l&#039;ann\u00e9e. La plupart des h\u00f4tels de plage de Mombasa sont situ\u00e9s au sud et au nord de la ville. Certains des meilleurs h\u00f4tels se trouvent dans le sud sur la c\u00e9l\u00e8bre plage de Diani, ainsi que Malindi et Watamu situ\u00e9s sur la c\u00f4te nord de Mombasa et sont populaires pour leurs plages de sable blanc. Les h\u00f4tels de Mombasa sp\u00e9cifient chacun leur propre th\u00e8me.<\/p>","protected":false},"excerpt":{"rendered":"<p>Cheap Bus Tickets from Arusha to Mombasa Online Booking Discover your travel route on web, mobile or app and book cheap bus ticket from Arusha to Mombasa online now. Compare and do cheap bus from Arusha to Mombasa bus tickets booking online and travel Arusha to Mombasa by bus. Mombasa is placed in the South-Eastern [&hellip;]<\/p>\n","protected":false},"author":1,"featured_media":13999,"parent":25566,"menu_order":0,"comment_status":"open","ping_status":"closed","template":"template-home-modern.php","meta":{"footnotes":""},"class_list":["post-10777","page","type-page","status-publish","has-post-thumbnail","hentry"],"yoast_head":"<!-- This site is optimized with the Yoast SEO plugin v27.3 - https:\/\/yoast.com\/product\/yoast-seo-wordpress\/ -->\n<title>Bus from Arusha to Mombasa Bus Tickets, Fare, Schedule &amp; Route<\/title>\n<meta name=\"description\" content=\"Looking for bus from Arusha to Mombasa bus tickets booking app, route, schedule &amp; fare? Book cheap bus tickets from Arusha to Mombasa online\" \/>\n<meta name=\"robots\" content=\"index, follow, max-snippet:-1, max-image-preview:large, max-video-preview:-1\" \/>\n<link rel=\"canonical\" href=\"https:\/\/tiketi.com\/fr-fr\/routes\/bus\/arusha-to-mombasa\/\" \/>\n<meta property=\"og:locale\" content=\"fr_FR\" \/>\n<meta property=\"og:type\" content=\"article\" \/>\n<meta property=\"og:title\" content=\"Bus from Arusha to Mombasa Bus Tickets, Fare, Schedule &amp; Route\" \/>\n<meta property=\"og:description\" content=\"Looking for bus from Arusha to Mombasa bus tickets booking app, route, schedule &amp; fare? Book cheap bus tickets from Arusha to Mombasa online\" \/>\n<meta property=\"og:url\" content=\"https:\/\/tiketi.com\/fr-fr\/routes\/bus\/arusha-to-mombasa\/\" \/>\n<meta property=\"og:site_name\" content=\"Tiketi.com\" \/>\n<meta property=\"article:publisher\" content=\"https:\/\/www.facebook.com\/TiketiCom\/\" \/>\n<meta property=\"article:modified_time\" content=\"2023-07-06T12:50:09+00:00\" \/>\n<meta property=\"og:image\" content=\"https:\/\/tiketi.com\/wp-content\/uploads\/2022\/01\/bus-ticket-online-booking.jpg\" \/>\n\t<meta property=\"og:image:width\" content=\"1200\" \/>\n\t<meta property=\"og:image:height\" content=\"206\" \/>\n\t<meta property=\"og:image:type\" content=\"image\/jpeg\" \/>\n<meta name=\"twitter:card\" content=\"summary_large_image\" \/>\n<meta name=\"twitter:label1\" content=\"Dur\u00e9e de lecture estim\u00e9e\" \/>\n\t<meta name=\"twitter:data1\" content=\"2 minutes\" \/>\n<script type=\"application\/ld+json\" class=\"yoast-schema-graph\">{\"@context\":\"https:\\\/\\\/schema.org\",\"@graph\":[{\"@type\":\"WebPage\",\"@id\":\"https:\\\/\\\/tiketi.com\\\/en-gb\\\/routes\\\/bus\\\/arusha-to-mombasa\\\/\",\"url\":\"https:\\\/\\\/tiketi.com\\\/en-gb\\\/routes\\\/bus\\\/arusha-to-mombasa\\\/\",\"name\":\"Bus from Arusha to Mombasa Bus Tickets, Fare, Schedule & Route\",\"isPartOf\":{\"@id\":\"https:\\\/\\\/tiketi.com\\\/#website\"},\"primaryImageOfPage\":{\"@id\":\"https:\\\/\\\/tiketi.com\\\/en-gb\\\/routes\\\/bus\\\/arusha-to-mombasa\\\/#primaryimage\"},\"image\":{\"@id\":\"https:\\\/\\\/tiketi.com\\\/en-gb\\\/routes\\\/bus\\\/arusha-to-mombasa\\\/#primaryimage\"},\"thumbnailUrl\":\"https:\\\/\\\/tiketi.com\\\/wp-content\\\/uploads\\\/2022\\\/01\\\/bus-ticket-online-booking.jpg\",\"datePublished\":\"2022-01-19T11:53:48+00:00\",\"dateModified\":\"2023-07-06T12:50:09+00:00\",\"description\":\"Looking for bus from Arusha to Mombasa bus tickets booking app, route, schedule & fare? Book cheap bus tickets from Arusha to Mombasa online\",\"breadcrumb\":{\"@id\":\"https:\\\/\\\/tiketi.com\\\/en-gb\\\/routes\\\/bus\\\/arusha-to-mombasa\\\/#breadcrumb\"},\"inLanguage\":\"fr-FR\",\"potentialAction\":[{\"@type\":\"ReadAction\",\"target\":[\"https:\\\/\\\/tiketi.com\\\/en-gb\\\/routes\\\/bus\\\/arusha-to-mombasa\\\/\"]}]},{\"@type\":\"ImageObject\",\"inLanguage\":\"fr-FR\",\"@id\":\"https:\\\/\\\/tiketi.com\\\/en-gb\\\/routes\\\/bus\\\/arusha-to-mombasa\\\/#primaryimage\",\"url\":\"https:\\\/\\\/tiketi.com\\\/wp-content\\\/uploads\\\/2022\\\/01\\\/bus-ticket-online-booking.jpg\",\"contentUrl\":\"https:\\\/\\\/tiketi.com\\\/wp-content\\\/uploads\\\/2022\\\/01\\\/bus-ticket-online-booking.jpg\",\"width\":1200,\"height\":206,\"caption\":\"Online Bus Ticket Booking\"},{\"@type\":\"BreadcrumbList\",\"@id\":\"https:\\\/\\\/tiketi.com\\\/en-gb\\\/routes\\\/bus\\\/arusha-to-mombasa\\\/#breadcrumb\",\"itemListElement\":[{\"@type\":\"ListItem\",\"position\":1,\"name\":\"Home\",\"item\":\"https:\\\/\\\/tiketi.com\\\/\"},{\"@type\":\"ListItem\",\"position\":2,\"name\":\"Routes\",\"item\":\"https:\\\/\\\/tiketi.com\\\/routes\\\/\"},{\"@type\":\"ListItem\",\"position\":3,\"name\":\"Bus\",\"item\":\"https:\\\/\\\/tiketi.com\\\/routes\\\/bus\\\/\"},{\"@type\":\"ListItem\",\"position\":4,\"name\":\"Bus from Arusha to Mombasa Bus Tickets, Fare, Schedule &#038; Route\"}]},{\"@type\":\"WebSite\",\"@id\":\"https:\\\/\\\/tiketi.com\\\/#website\",\"url\":\"https:\\\/\\\/tiketi.com\\\/\",\"name\":\"Flight & Bus Tickets, Tour Packages & Activitites - Tiketi.com\",\"description\":\"Flight &amp; Bus Tickets, Tours, Activitites\",\"publisher\":{\"@id\":\"https:\\\/\\\/tiketi.com\\\/#organization\"},\"potentialAction\":[{\"@type\":\"SearchAction\",\"target\":{\"@type\":\"EntryPoint\",\"urlTemplate\":\"https:\\\/\\\/tiketi.com\\\/?s={search_term_string}\"},\"query-input\":{\"@type\":\"PropertyValueSpecification\",\"valueRequired\":true,\"valueName\":\"search_term_string\"}}],\"inLanguage\":\"fr-FR\"},{\"@type\":\"Organization\",\"@id\":\"https:\\\/\\\/tiketi.com\\\/#organization\",\"name\":\"Tiketi.com\",\"alternateName\":\"Tiketi\",\"url\":\"https:\\\/\\\/tiketi.com\\\/\",\"logo\":{\"@type\":\"ImageObject\",\"inLanguage\":\"fr-FR\",\"@id\":\"https:\\\/\\\/tiketi.com\\\/#\\\/schema\\\/logo\\\/image\\\/\",\"url\":\"https:\\\/\\\/tiketi.com\\\/wp-content\\\/uploads\\\/2019\\\/05\\\/tiketi-logo-696.png\",\"contentUrl\":\"https:\\\/\\\/tiketi.com\\\/wp-content\\\/uploads\\\/2019\\\/05\\\/tiketi-logo-696.png\",\"width\":696,\"height\":696,\"caption\":\"Tiketi.com\"},\"image\":{\"@id\":\"https:\\\/\\\/tiketi.com\\\/#\\\/schema\\\/logo\\\/image\\\/\"},\"sameAs\":[\"https:\\\/\\\/www.facebook.com\\\/TiketiCom\\\/\"]}]}<\/script>\n<!-- \/ Yoast SEO plugin. -->","yoast_head_json":{"title":"Bus de Arusha \u00e0 Mombasa Billets de bus, tarif, horaires et itin\u00e9raire","description":"\u00c0 la recherche d&#039;une application de r\u00e9servation de billets de bus de Arusha \u00e0 Mombasa, d&#039;un itin\u00e9raire, d&#039;un horaire et d&#039;un tarif\u00a0? R\u00e9servez en ligne des billets de bus de Arusha \u00e0 Mombasa","robots":{"index":"index","follow":"follow","max-snippet":"max-snippet:-1","max-image-preview":"max-image-preview:large","max-video-preview":"max-video-preview:-1"},"canonical":"https:\/\/tiketi.com\/fr-fr\/routes\/bus\/arusha-to-mombasa\/","og_locale":"fr_FR","og_type":"article","og_title":"Bus from Arusha to Mombasa Bus Tickets, Fare, Schedule & Route","og_description":"Looking for bus from Arusha to Mombasa bus tickets booking app, route, schedule & fare? Book cheap bus tickets from Arusha to Mombasa online","og_url":"https:\/\/tiketi.com\/fr-fr\/routes\/bus\/arusha-to-mombasa\/","og_site_name":"Tiketi.com","article_publisher":"https:\/\/www.facebook.com\/TiketiCom\/","article_modified_time":"2023-07-06T12:50:09+00:00","og_image":[{"width":1200,"height":206,"url":"https:\/\/tiketi.com\/wp-content\/uploads\/2022\/01\/bus-ticket-online-booking.jpg","type":"image\/jpeg"}],"twitter_card":"summary_large_image","twitter_misc":{"Dur\u00e9e de lecture estim\u00e9e":"2 minutes"},"schema":{"@context":"https:\/\/schema.org","@graph":[{"@type":"WebPage","@id":"https:\/\/tiketi.com\/en-gb\/routes\/bus\/arusha-to-mombasa\/","url":"https:\/\/tiketi.com\/en-gb\/routes\/bus\/arusha-to-mombasa\/","name":"Bus de Arusha \u00e0 Mombasa Billets de bus, tarif, horaires et itin\u00e9raire","isPartOf":{"@id":"https:\/\/tiketi.com\/#website"},"primaryImageOfPage":{"@id":"https:\/\/tiketi.com\/en-gb\/routes\/bus\/arusha-to-mombasa\/#primaryimage"},"image":{"@id":"https:\/\/tiketi.com\/en-gb\/routes\/bus\/arusha-to-mombasa\/#primaryimage"},"thumbnailUrl":"https:\/\/tiketi.com\/wp-content\/uploads\/2022\/01\/bus-ticket-online-booking.jpg","datePublished":"2022-01-19T11:53:48+00:00","dateModified":"2023-07-06T12:50:09+00:00","description":"\u00c0 la recherche d&#039;une application de r\u00e9servation de billets de bus de Arusha \u00e0 Mombasa, d&#039;un itin\u00e9raire, d&#039;un horaire et d&#039;un tarif\u00a0? R\u00e9servez en ligne des billets de bus de Arusha \u00e0 Mombasa","breadcrumb":{"@id":"https:\/\/tiketi.com\/en-gb\/routes\/bus\/arusha-to-mombasa\/#breadcrumb"},"inLanguage":"fr-FR","potentialAction":[{"@type":"ReadAction","target":["https:\/\/tiketi.com\/en-gb\/routes\/bus\/arusha-to-mombasa\/"]}]},{"@type":"ImageObject","inLanguage":"fr-FR","@id":"https:\/\/tiketi.com\/en-gb\/routes\/bus\/arusha-to-mombasa\/#primaryimage","url":"https:\/\/tiketi.com\/wp-content\/uploads\/2022\/01\/bus-ticket-online-booking.jpg","contentUrl":"https:\/\/tiketi.com\/wp-content\/uploads\/2022\/01\/bus-ticket-online-booking.jpg","width":1200,"height":206,"caption":"Online Bus Ticket Booking"},{"@type":"BreadcrumbList","@id":"https:\/\/tiketi.com\/en-gb\/routes\/bus\/arusha-to-mombasa\/#breadcrumb","itemListElement":[{"@type":"ListItem","position":1,"name":"Home","item":"https:\/\/tiketi.com\/"},{"@type":"ListItem","position":2,"name":"Routes","item":"https:\/\/tiketi.com\/routes\/"},{"@type":"ListItem","position":3,"name":"Bus","item":"https:\/\/tiketi.com\/routes\/bus\/"},{"@type":"ListItem","position":4,"name":"Bus from Arusha to Mombasa Bus Tickets, Fare, Schedule &#038; Route"}]},{"@type":"WebSite","@id":"https:\/\/tiketi.com\/#website","url":"https:\/\/tiketi.com\/","name":"Billets d&#039;avion et de bus, forfaits touristiques et activit\u00e9s - Tiketi.com","description":"Billets d&#039;avion et de bus, Tours, Activit\u00e9s","publisher":{"@id":"https:\/\/tiketi.com\/#organization"},"potentialAction":[{"@type":"SearchAction","target":{"@type":"EntryPoint","urlTemplate":"https:\/\/tiketi.com\/?s={search_term_string}"},"query-input":{"@type":"PropertyValueSpecification","valueRequired":true,"valueName":"search_term_string"}}],"inLanguage":"fr-FR"},{"@type":"Organization","@id":"https:\/\/tiketi.com\/#organization","name":"Tiketi.com","alternateName":"Tiketi","url":"https:\/\/tiketi.com\/","logo":{"@type":"ImageObject","inLanguage":"fr-FR","@id":"https:\/\/tiketi.com\/#\/schema\/logo\/image\/","url":"https:\/\/tiketi.com\/wp-content\/uploads\/2019\/05\/tiketi-logo-696.png","contentUrl":"https:\/\/tiketi.com\/wp-content\/uploads\/2019\/05\/tiketi-logo-696.png","width":696,"height":696,"caption":"Tiketi.com"},"image":{"@id":"https:\/\/tiketi.com\/#\/schema\/logo\/image\/"},"sameAs":["https:\/\/www.facebook.com\/TiketiCom\/"]}]}},"_links":{"self":[{"href":"https:\/\/tiketi.com\/fr-fr\/wp-json\/wp\/v2\/pages\/10777","targetHints":{"allow":["GET"]}}],"collection":[{"href":"https:\/\/tiketi.com\/fr-fr\/wp-json\/wp\/v2\/pages"}],"about":[{"href":"https:\/\/tiketi.com\/fr-fr\/wp-json\/wp\/v2\/types\/page"}],"author":[{"embeddable":true,"href":"https:\/\/tiketi.com\/fr-fr\/wp-json\/wp\/v2\/users\/1"}],"replies":[{"embeddable":true,"href":"https:\/\/tiketi.com\/fr-fr\/wp-json\/wp\/v2\/comments?post=10777"}],"version-history":[{"count":0,"href":"https:\/\/tiketi.com\/fr-fr\/wp-json\/wp\/v2\/pages\/10777\/revisions"}],"up":[{"embeddable":true,"href":"https:\/\/tiketi.com\/fr-fr\/wp-json\/wp\/v2\/pages\/25566"}],"wp:featuredmedia":[{"embeddable":true,"href":"https:\/\/tiketi.com\/fr-fr\/wp-json\/wp\/v2\/media\/13999"}],"wp:attachment":[{"href":"https:\/\/tiketi.com\/fr-fr\/wp-json\/wp\/v2\/media?parent=10777"}],"curies":[{"name":"wp","href":"https:\/\/api.w.org\/{rel}","templated":true}]}}