{"id":10778,"date":"2022-01-19T12:53:48","date_gmt":"2022-01-19T11:53:48","guid":{"rendered":"https:\/\/new.tiketi.com\/bus-from-arusha-to-mbeya-bus-tickets-fare-schedule-route\/"},"modified":"2023-07-06T13:50:06","modified_gmt":"2023-07-06T12:50:06","slug":"arusha-to-mbeya","status":"publish","type":"page","link":"https:\/\/tiketi.com\/fr-fr\/routes\/bus\/arusha-to-mbeya\/","title":{"rendered":"Bus de Arusha \u00e0 Mbeya Billets de bus, tarif, horaires et itin\u00e9raire"},"content":{"rendered":"<h2>Billets de bus pas chers d&#039;Arusha \u00e0 Mbeya R\u00e9servation en ligne<\/h2>\n<h3>D\u00e9couvrez votre itin\u00e9raire sur le web, le mobile ou l&#039;application et r\u00e9servez en ligne maintenant un billet de bus pas cher de Arusha \u00e0 Mbeya.<\/h3>\n<p>Comparez et r\u00e9servez en ligne des billets de bus de Arusha \u00e0 Mbeya pas chers et voyagez de Arusha \u00e0 Mbeya en bus. Les r\u00e9gions montagneuses du sud de Mbeya et d&#039;Iringa poss\u00e8dent des attractions touristiques sp\u00e9ciales, il y a des caract\u00e9ristiques panoramiques, y compris des cascades, des ponts naturels, l&#039;escarpement de la vall\u00e9e du Rift et de nombreuses caract\u00e9ristiques volcaniques. Ces r\u00e9gions poss\u00e8dent \u00e9galement des esp\u00e8ces rares d&#039;oiseaux et de plantes, des paysages \u00e9tonnants et une culture locale dynamique. Voici le guide sur la fa\u00e7on de r\u00e9server des billets de bus d&#039;Arusha \u00e0 Mbeya :<\/p>\n<h2>Bus d&#039;Arusha \u00e0 Mbeya R\u00e9servation de billets de bus, itin\u00e9raires, horaires et tarifs FAQs<\/h2>\n<h3>Est-ce qu&#039;Arusha \u00e0 Mbeya en bus est le moyen abordable d&#039;aller d&#039;Arusha \u00e0 Mbeya ?<\/h3>\n<p>Arusha \u00e0 Mbeya en bus est un moyen abordable d&#039;aller de Arusha \u00e0 Mbeya, les billets de bus depuis Arusha co\u00fbtent $25 \u2013 $50 et dure 42h 10m.<\/p>\n<h3>Quel est le moyen le plus rapide pour se rendre de Arusha \u00e0 Mbeya ?<\/h3>\n<p>Le moyen le plus rapide pour se rendre d&#039;Arusha \u00e0 Mbeya est de <u><a href=\"https:\/\/tiketi.com\/fr-fr\/flightst\/\" target=\"_blank\" rel=\"noopener\">voler<\/a><\/u> et taxi qui co\u00fbte $200 \u2013 $480 et dure 7h 10m.<\/p>\n<h3>Puis-je voyager directement d&#039;Arusha \u00e0 Mbeya en bus ?<\/h3>\n<p>Non, il n&#039;y a pas de bus direct Arusha jusqu&#039;\u00e0 Mbeya. Quoi qu&#039;il en soit, il existe des services au d\u00e9part d&#039;Arusha.<\/p>\n<h3>O\u00f9 prendre le bus depuis Arusha pour Mbeya ?<\/h3>\n<p>Les services de bus d&#039;Arusha \u00e0 Mbeya, g\u00e9r\u00e9s par Kidia One Express, partent de la gare d&#039;Arusha.<\/p>\n<h3>Avion, train ou bus Arusha jusqu&#039;\u00e0 Mbeya ?<\/h3>\n<p>Le meilleur moyen de se rendre de Arusha \u00e0 Mbeya est en avion, dure 17h 20m et co\u00fbte $190 \u2013 $500. Alternativement, vous pouvez prendre le bus, qui co\u00fbte et dure 42h 10m, vous pouvez \u00e9galement <u><a href=\"https:\/\/tiketi.com\/fr-fr\/tanzania-train-tickets-trc-tazara-ticket-booking\/\" target=\"_blank\" rel=\"noopener\">former<\/a><\/u>, qui co\u00fbte $50 et prend 42h 10m.<\/p>\n<h2>Billets de bus de Arusha \u00e0 Mbeya Tips<\/h2>\n<p>La plage de Matema, \u00e0 l&#039;extr\u00e9mit\u00e9 nord du lac, dans la r\u00e9gion de Keyla, r\u00e9gion de Mbeya, est parfaite pour bronzer avec son sable doux et est c\u00e9l\u00e8bre pour la poterie traditionnelle de la communaut\u00e9 Wakisi. Les cha\u00eenes de montagnes Uporoto, Livingstone et Kipengere et la vall\u00e9e du Rift sont d&#039;autres attractions de la r\u00e9gion de Mbeya. La m\u00e9t\u00e9orite de nickel-fer de vingt tonnes dans la r\u00e9gion de Mbozi et les chutes de Kalambo pr\u00e8s de la fronti\u00e8re entre la Zambie et la Tanzanie sont une source d&#039;attractions touristiques. La r\u00e9serve de gibier de la vall\u00e9e d&#039;Usangu est c\u00e9l\u00e8bre pour sa faune et a \u00e9t\u00e9 l&#039;une des meilleures zones de safaris de chasse en Tanzanie.<\/p>","protected":false},"excerpt":{"rendered":"<p>Cheap Bus Tickets from Arusha to Mbeya Online Booking Discover your travel route on web, mobile or app and book cheap bus ticket from Arusha to Mbeya online now. Compare and do cheap bus from Arusha to Mbeya bus tickets online booking and travel Arusha to Mbeya by bus. The Southern highland areas of Mbeya [&hellip;]<\/p>\n","protected":false},"author":1,"featured_media":13999,"parent":25566,"menu_order":0,"comment_status":"open","ping_status":"closed","template":"template-home-modern.php","meta":{"footnotes":""},"class_list":["post-10778","page","type-page","status-publish","has-post-thumbnail","hentry"],"yoast_head":"<!-- This site is optimized with the Yoast SEO plugin v27.3 - https:\/\/yoast.com\/product\/yoast-seo-wordpress\/ -->\n<title>Bus from Arusha to Mbeya Bus Tickets, Fare, Schedule &amp; Route<\/title>\n<meta name=\"description\" content=\"Looking for bus from Arusha to Mbeya bus tickets booking, routes, schedules &amp; fares? Book cheap bus tickets from Arusha to Mbeya online now\" \/>\n<meta name=\"robots\" content=\"index, follow, max-snippet:-1, max-image-preview:large, max-video-preview:-1\" \/>\n<link rel=\"canonical\" href=\"https:\/\/tiketi.com\/fr-fr\/njia\/nauli-mabasi\/arusha-kwenda-mbeya-2\/\" \/>\n<meta property=\"og:locale\" content=\"fr_FR\" \/>\n<meta property=\"og:type\" content=\"article\" \/>\n<meta property=\"og:title\" content=\"Bus from Arusha to Mbeya Bus Tickets, Fare, Schedule &amp; Route\" \/>\n<meta property=\"og:description\" content=\"Looking for bus from Arusha to Mbeya bus tickets booking, routes, schedules &amp; fares? Book cheap bus tickets from Arusha to Mbeya online now\" \/>\n<meta property=\"og:url\" content=\"https:\/\/tiketi.com\/fr-fr\/njia\/nauli-mabasi\/arusha-kwenda-mbeya-2\/\" \/>\n<meta property=\"og:site_name\" content=\"Tiketi.com\" \/>\n<meta property=\"article:publisher\" content=\"https:\/\/www.facebook.com\/TiketiCom\/\" \/>\n<meta property=\"article:modified_time\" content=\"2023-07-06T12:50:06+00:00\" \/>\n<meta property=\"og:image\" content=\"https:\/\/tiketi.com\/wp-content\/uploads\/2022\/01\/bus-ticket-online-booking.jpg\" \/>\n\t<meta property=\"og:image:width\" content=\"1200\" \/>\n\t<meta property=\"og:image:height\" content=\"206\" \/>\n\t<meta property=\"og:image:type\" content=\"image\/jpeg\" \/>\n<meta name=\"twitter:card\" content=\"summary_large_image\" \/>\n<meta name=\"twitter:label1\" content=\"Dur\u00e9e de lecture estim\u00e9e\" \/>\n\t<meta name=\"twitter:data1\" content=\"2 minutes\" \/>\n<script type=\"application\/ld+json\" class=\"yoast-schema-graph\">{\"@context\":\"https:\\\/\\\/schema.org\",\"@graph\":[{\"@type\":\"WebPage\",\"@id\":\"https:\\\/\\\/tiketi.com\\\/sw\\\/njia\\\/nauli-mabasi\\\/arusha-kwenda-mbeya-2\\\/\",\"url\":\"https:\\\/\\\/tiketi.com\\\/sw\\\/njia\\\/nauli-mabasi\\\/arusha-kwenda-mbeya-2\\\/\",\"name\":\"Bus from Arusha to Mbeya Bus Tickets, Fare, Schedule & Route\",\"isPartOf\":{\"@id\":\"https:\\\/\\\/tiketi.com\\\/#website\"},\"primaryImageOfPage\":{\"@id\":\"https:\\\/\\\/tiketi.com\\\/sw\\\/njia\\\/nauli-mabasi\\\/arusha-kwenda-mbeya-2\\\/#primaryimage\"},\"image\":{\"@id\":\"https:\\\/\\\/tiketi.com\\\/sw\\\/njia\\\/nauli-mabasi\\\/arusha-kwenda-mbeya-2\\\/#primaryimage\"},\"thumbnailUrl\":\"https:\\\/\\\/tiketi.com\\\/wp-content\\\/uploads\\\/2022\\\/01\\\/bus-ticket-online-booking.jpg\",\"datePublished\":\"2022-01-19T11:53:48+00:00\",\"dateModified\":\"2023-07-06T12:50:06+00:00\",\"description\":\"Looking for bus from Arusha to Mbeya bus tickets booking, routes, schedules & fares? Book cheap bus tickets from Arusha to Mbeya online now\",\"breadcrumb\":{\"@id\":\"https:\\\/\\\/tiketi.com\\\/sw\\\/njia\\\/nauli-mabasi\\\/arusha-kwenda-mbeya-2\\\/#breadcrumb\"},\"inLanguage\":\"fr-FR\",\"potentialAction\":[{\"@type\":\"ReadAction\",\"target\":[\"https:\\\/\\\/tiketi.com\\\/sw\\\/njia\\\/nauli-mabasi\\\/arusha-kwenda-mbeya-2\\\/\"]}]},{\"@type\":\"ImageObject\",\"inLanguage\":\"fr-FR\",\"@id\":\"https:\\\/\\\/tiketi.com\\\/sw\\\/njia\\\/nauli-mabasi\\\/arusha-kwenda-mbeya-2\\\/#primaryimage\",\"url\":\"https:\\\/\\\/tiketi.com\\\/wp-content\\\/uploads\\\/2022\\\/01\\\/bus-ticket-online-booking.jpg\",\"contentUrl\":\"https:\\\/\\\/tiketi.com\\\/wp-content\\\/uploads\\\/2022\\\/01\\\/bus-ticket-online-booking.jpg\",\"width\":1200,\"height\":206,\"caption\":\"Online Bus Ticket Booking\"},{\"@type\":\"BreadcrumbList\",\"@id\":\"https:\\\/\\\/tiketi.com\\\/sw\\\/njia\\\/nauli-mabasi\\\/arusha-kwenda-mbeya-2\\\/#breadcrumb\",\"itemListElement\":[{\"@type\":\"ListItem\",\"position\":1,\"name\":\"Home\",\"item\":\"https:\\\/\\\/tiketi.com\\\/\"},{\"@type\":\"ListItem\",\"position\":2,\"name\":\"Routes\",\"item\":\"https:\\\/\\\/tiketi.com\\\/routes\\\/\"},{\"@type\":\"ListItem\",\"position\":3,\"name\":\"Bus\",\"item\":\"https:\\\/\\\/tiketi.com\\\/routes\\\/bus\\\/\"},{\"@type\":\"ListItem\",\"position\":4,\"name\":\"Bus from Arusha to Mbeya Bus Tickets, Fare, Schedule &#038; Route\"}]},{\"@type\":\"WebSite\",\"@id\":\"https:\\\/\\\/tiketi.com\\\/#website\",\"url\":\"https:\\\/\\\/tiketi.com\\\/\",\"name\":\"Flight & Bus Tickets, Tour Packages & Activitites - Tiketi.com\",\"description\":\"Flight &amp; Bus Tickets, Tours, Activitites\",\"publisher\":{\"@id\":\"https:\\\/\\\/tiketi.com\\\/#organization\"},\"potentialAction\":[{\"@type\":\"SearchAction\",\"target\":{\"@type\":\"EntryPoint\",\"urlTemplate\":\"https:\\\/\\\/tiketi.com\\\/?s={search_term_string}\"},\"query-input\":{\"@type\":\"PropertyValueSpecification\",\"valueRequired\":true,\"valueName\":\"search_term_string\"}}],\"inLanguage\":\"fr-FR\"},{\"@type\":\"Organization\",\"@id\":\"https:\\\/\\\/tiketi.com\\\/#organization\",\"name\":\"Tiketi.com\",\"alternateName\":\"Tiketi\",\"url\":\"https:\\\/\\\/tiketi.com\\\/\",\"logo\":{\"@type\":\"ImageObject\",\"inLanguage\":\"fr-FR\",\"@id\":\"https:\\\/\\\/tiketi.com\\\/#\\\/schema\\\/logo\\\/image\\\/\",\"url\":\"https:\\\/\\\/tiketi.com\\\/wp-content\\\/uploads\\\/2019\\\/05\\\/tiketi-logo-696.png\",\"contentUrl\":\"https:\\\/\\\/tiketi.com\\\/wp-content\\\/uploads\\\/2019\\\/05\\\/tiketi-logo-696.png\",\"width\":696,\"height\":696,\"caption\":\"Tiketi.com\"},\"image\":{\"@id\":\"https:\\\/\\\/tiketi.com\\\/#\\\/schema\\\/logo\\\/image\\\/\"},\"sameAs\":[\"https:\\\/\\\/www.facebook.com\\\/TiketiCom\\\/\"]}]}<\/script>\n<!-- \/ Yoast SEO plugin. -->","yoast_head_json":{"title":"Bus de Arusha \u00e0 Mbeya Billets de bus, tarif, horaires et itin\u00e9raire","description":"Vous recherchez des billets de bus de Arusha \u00e0 Mbeya, des itin\u00e9raires, des horaires et des tarifs de bus ? R\u00e9servez en ligne maintenant des billets de bus \u00e0 bas prix de Arusha \u00e0 Mbeya","robots":{"index":"index","follow":"follow","max-snippet":"max-snippet:-1","max-image-preview":"max-image-preview:large","max-video-preview":"max-video-preview:-1"},"canonical":"https:\/\/tiketi.com\/fr-fr\/njia\/nauli-mabasi\/arusha-kwenda-mbeya-2\/","og_locale":"fr_FR","og_type":"article","og_title":"Bus from Arusha to Mbeya Bus Tickets, Fare, Schedule & Route","og_description":"Looking for bus from Arusha to Mbeya bus tickets booking, routes, schedules & fares? Book cheap bus tickets from Arusha to Mbeya online now","og_url":"https:\/\/tiketi.com\/fr-fr\/njia\/nauli-mabasi\/arusha-kwenda-mbeya-2\/","og_site_name":"Tiketi.com","article_publisher":"https:\/\/www.facebook.com\/TiketiCom\/","article_modified_time":"2023-07-06T12:50:06+00:00","og_image":[{"width":1200,"height":206,"url":"https:\/\/tiketi.com\/wp-content\/uploads\/2022\/01\/bus-ticket-online-booking.jpg","type":"image\/jpeg"}],"twitter_card":"summary_large_image","twitter_misc":{"Dur\u00e9e de lecture estim\u00e9e":"2 minutes"},"schema":{"@context":"https:\/\/schema.org","@graph":[{"@type":"WebPage","@id":"https:\/\/tiketi.com\/sw\/njia\/nauli-mabasi\/arusha-kwenda-mbeya-2\/","url":"https:\/\/tiketi.com\/sw\/njia\/nauli-mabasi\/arusha-kwenda-mbeya-2\/","name":"Bus de Arusha \u00e0 Mbeya Billets de bus, tarif, horaires et itin\u00e9raire","isPartOf":{"@id":"https:\/\/tiketi.com\/#website"},"primaryImageOfPage":{"@id":"https:\/\/tiketi.com\/sw\/njia\/nauli-mabasi\/arusha-kwenda-mbeya-2\/#primaryimage"},"image":{"@id":"https:\/\/tiketi.com\/sw\/njia\/nauli-mabasi\/arusha-kwenda-mbeya-2\/#primaryimage"},"thumbnailUrl":"https:\/\/tiketi.com\/wp-content\/uploads\/2022\/01\/bus-ticket-online-booking.jpg","datePublished":"2022-01-19T11:53:48+00:00","dateModified":"2023-07-06T12:50:06+00:00","description":"Vous recherchez des billets de bus de Arusha \u00e0 Mbeya, des itin\u00e9raires, des horaires et des tarifs de bus ? R\u00e9servez en ligne maintenant des billets de bus \u00e0 bas prix de Arusha \u00e0 Mbeya","breadcrumb":{"@id":"https:\/\/tiketi.com\/sw\/njia\/nauli-mabasi\/arusha-kwenda-mbeya-2\/#breadcrumb"},"inLanguage":"fr-FR","potentialAction":[{"@type":"ReadAction","target":["https:\/\/tiketi.com\/sw\/njia\/nauli-mabasi\/arusha-kwenda-mbeya-2\/"]}]},{"@type":"ImageObject","inLanguage":"fr-FR","@id":"https:\/\/tiketi.com\/sw\/njia\/nauli-mabasi\/arusha-kwenda-mbeya-2\/#primaryimage","url":"https:\/\/tiketi.com\/wp-content\/uploads\/2022\/01\/bus-ticket-online-booking.jpg","contentUrl":"https:\/\/tiketi.com\/wp-content\/uploads\/2022\/01\/bus-ticket-online-booking.jpg","width":1200,"height":206,"caption":"Online Bus Ticket Booking"},{"@type":"BreadcrumbList","@id":"https:\/\/tiketi.com\/sw\/njia\/nauli-mabasi\/arusha-kwenda-mbeya-2\/#breadcrumb","itemListElement":[{"@type":"ListItem","position":1,"name":"Home","item":"https:\/\/tiketi.com\/"},{"@type":"ListItem","position":2,"name":"Routes","item":"https:\/\/tiketi.com\/routes\/"},{"@type":"ListItem","position":3,"name":"Bus","item":"https:\/\/tiketi.com\/routes\/bus\/"},{"@type":"ListItem","position":4,"name":"Bus from Arusha to Mbeya Bus Tickets, Fare, Schedule &#038; Route"}]},{"@type":"WebSite","@id":"https:\/\/tiketi.com\/#website","url":"https:\/\/tiketi.com\/","name":"Billets d&#039;avion et de bus, forfaits touristiques et activit\u00e9s - Tiketi.com","description":"Billets d&#039;avion et de bus, Tours, Activit\u00e9s","publisher":{"@id":"https:\/\/tiketi.com\/#organization"},"potentialAction":[{"@type":"SearchAction","target":{"@type":"EntryPoint","urlTemplate":"https:\/\/tiketi.com\/?s={search_term_string}"},"query-input":{"@type":"PropertyValueSpecification","valueRequired":true,"valueName":"search_term_string"}}],"inLanguage":"fr-FR"},{"@type":"Organization","@id":"https:\/\/tiketi.com\/#organization","name":"Tiketi.com","alternateName":"Tiketi","url":"https:\/\/tiketi.com\/","logo":{"@type":"ImageObject","inLanguage":"fr-FR","@id":"https:\/\/tiketi.com\/#\/schema\/logo\/image\/","url":"https:\/\/tiketi.com\/wp-content\/uploads\/2019\/05\/tiketi-logo-696.png","contentUrl":"https:\/\/tiketi.com\/wp-content\/uploads\/2019\/05\/tiketi-logo-696.png","width":696,"height":696,"caption":"Tiketi.com"},"image":{"@id":"https:\/\/tiketi.com\/#\/schema\/logo\/image\/"},"sameAs":["https:\/\/www.facebook.com\/TiketiCom\/"]}]}},"_links":{"self":[{"href":"https:\/\/tiketi.com\/fr-fr\/wp-json\/wp\/v2\/pages\/10778","targetHints":{"allow":["GET"]}}],"collection":[{"href":"https:\/\/tiketi.com\/fr-fr\/wp-json\/wp\/v2\/pages"}],"about":[{"href":"https:\/\/tiketi.com\/fr-fr\/wp-json\/wp\/v2\/types\/page"}],"author":[{"embeddable":true,"href":"https:\/\/tiketi.com\/fr-fr\/wp-json\/wp\/v2\/users\/1"}],"replies":[{"embeddable":true,"href":"https:\/\/tiketi.com\/fr-fr\/wp-json\/wp\/v2\/comments?post=10778"}],"version-history":[{"count":0,"href":"https:\/\/tiketi.com\/fr-fr\/wp-json\/wp\/v2\/pages\/10778\/revisions"}],"up":[{"embeddable":true,"href":"https:\/\/tiketi.com\/fr-fr\/wp-json\/wp\/v2\/pages\/25566"}],"wp:featuredmedia":[{"embeddable":true,"href":"https:\/\/tiketi.com\/fr-fr\/wp-json\/wp\/v2\/media\/13999"}],"wp:attachment":[{"href":"https:\/\/tiketi.com\/fr-fr\/wp-json\/wp\/v2\/media?parent=10778"}],"curies":[{"name":"wp","href":"https:\/\/api.w.org\/{rel}","templated":true}]}}