{"id":10782,"date":"2022-01-19T12:53:48","date_gmt":"2022-01-19T11:53:48","guid":{"rendered":"https:\/\/new.tiketi.com\/bus-from-mwanza-to-tabora-bus-tickets-fare-schedule-route\/"},"modified":"2023-07-04T13:29:27","modified_gmt":"2023-07-04T12:29:27","slug":"mwanza-to-tabora","status":"publish","type":"page","link":"https:\/\/tiketi.com\/fr-fr\/routes\/bus\/mwanza-to-tabora\/","title":{"rendered":"Bus de Mwanza \u00e0 Tabora Billets de bus, tarif, horaires et itin\u00e9raire"},"content":{"rendered":"<h2>Billets de bus pas chers de Mwanza \u00e0 Tabora R\u00e9servation en ligne<\/h2>\n<h3>D\u00e9couvrez votre itin\u00e9raire sur le web, le mobile ou l&#039;application et r\u00e9servez en ligne maintenant un billet de bus pas cher de Mwanza \u00e0 Tabora.<\/h3>\n<p>Comparez et r\u00e9servez en ligne des billets de bus de Mwanza \u00e0 Tabora pas chers et voyagez de Mwanza \u00e0 Tabora en bus. Tabora est la r\u00e9gion de Tabora, la capitale de la Tanzanie, et est class\u00e9e comme municipalit\u00e9 par l&#039;administration tanzanienne. C&#039;est aussi le si\u00e8ge administratif de la zone urbaine de Tabora. Voici le guide sur la fa\u00e7on de r\u00e9server des billets de bus de Mwanza \u00e0 Tabora :<\/p>\n<h2>Bus de Mwanza \u00e0 Tabora R\u00e9servation de billets de bus, itin\u00e9raires, horaires et tarifs FAQs<\/h2>\n<h3>Est-ce que Mwanza \u00e0 Tabora en bus est le moyen abordable de se rendre \u00e0 Tabora depuis Mwanza ?<\/h3>\n<p>Le moyen abordable de se rendre de Mwanza \u00e0 Tabora est en bus, les billets de bus de Mwanza \u00e0 Tabora co\u00fbtent $30 et prennent 5h 10m.<\/p>\n<h3>Est-ce que le bus de Mwanza \u00e0 Tabora est le moyen le plus rapide pour se rendre \u00e0 Tabora depuis Mwanza ?<\/h3>\n<p>Le moyen le plus rapide pour se rendre de Mwanza \u00e0 Tabora est en <a href=\"https:\/\/tiketi.com\/fr-fr\/cheap-flights\/\" target=\"_blank\" rel=\"noopener\">air<\/a> ou pour <a href=\"https:\/\/tiketi.com\/fr-fr\/\">Taxi<\/a> qui co\u00fbte $35 et dure 3h 10m.<\/p>\n<h3>Quelle est la distance entre Mwanza et Tabora en bus ?<\/h3>\n<p>La distance entre Mwanza et Tabora en bus est de 278 km.<\/p>\n<h3>Comment voyager de Mwanza \u00e0 Tabora sans v\u00e9hicule personnel ?<\/h3>\n<p>Le meilleur moyen pour se rendre de Mwanza \u00e0 Tabora sans v\u00e9hicule personnel est de bus, ce qui dure 5h 10m et co\u00fbte $30.<\/p>\n<h3>Puis-je conduire de Mwanza \u00e0 Tabora ?<\/h3>\n<p>Oui, la distance entre Tabora et Mwanza est de 360 km. il faut environ 5h 10m pour conduire de Mwanza \u00e0 Tabora. Bon march\u00e9 <a href=\"https:\/\/tiketi.com\/fr-fr\/car-rentals\/\" target=\"_blank\" rel=\"noopener\">location de voiture en Tanzanie<\/a>.<\/p>\n<h3>Comment voyager de Mwanza \u00e0 Tabora sans v\u00e9hicule personnel ?<\/h3>\n<p>Le meilleur moyen pour se rendre de Mwanza \u00e0 Tabora sans v\u00e9hicule personnel est de bus, ce qui dure 5h 10m.<\/p>\n<h2>Billets de bus de Mwanza \u00e0 Tabora<\/h2>\n<p>Tabora et ses habitants d\u00e9pendent largement des activit\u00e9s agricoles en tant que petits producteurs de tabac et agriculteurs de subsistance. Tabora abrite \u00e9galement une carri\u00e8re de ballast.<\/p>\n<p>L&#039;approvisionnement en eau est g\u00e9r\u00e9 par l&#039;Autorit\u00e9 d&#039;assainissement et l&#039;approvisionnement en eau de Tabora Urban, provenant des barrages de Kazima et d&#039;Igombe. La rivi\u00e8re Igombe est un affluent de la rivi\u00e8re Malagarasi et des zones humides de Malagarasi-Muyovozi.<\/p>\n<p>Les rues de Tabora sont bord\u00e9es de manguiers centenaires. Tabora est c\u00e9l\u00e8bre comme la capitale des fruits de l&#039;ouest de la Tanzanie, et les march\u00e9s regorgent de produits locaux.<\/p>","protected":false},"excerpt":{"rendered":"<p>Cheap Bus Tickets from Mwanza to Tabora Online Booking Discover your travel route on web, mobile or app and book cheap bus ticket from Mwanza to Tabora online now. Compare and do cheap bus from Mwanza to Tabora bus tickets booking online and travel Mwanza to Tabora by bus. Tabora is the Tanzania capital Tabora [&hellip;]<\/p>\n","protected":false},"author":1,"featured_media":13999,"parent":25566,"menu_order":0,"comment_status":"open","ping_status":"closed","template":"template-home-modern.php","meta":{"footnotes":""},"class_list":["post-10782","page","type-page","status-publish","has-post-thumbnail","hentry"],"yoast_head":"<!-- This site is optimized with the Yoast SEO plugin v27.3 - https:\/\/yoast.com\/product\/yoast-seo-wordpress\/ -->\n<title>Bus from Mwanza to Tabora Bus Tickets, Fare, Schedule &amp; Route<\/title>\n<meta name=\"description\" content=\"Looking for bus from Mwanza to Tabora bus tickets booking app, routes, schedules &amp; fares? Book cheap bus tickets from Mwanza to Tabora online\" \/>\n<meta name=\"robots\" content=\"index, follow, max-snippet:-1, max-image-preview:large, max-video-preview:-1\" \/>\n<link rel=\"canonical\" href=\"https:\/\/tiketi.com\/fr-fr\/njia\/nauli-mabasi\/mwanza-kwenda-tabora\/\" \/>\n<meta property=\"og:locale\" content=\"fr_FR\" \/>\n<meta property=\"og:type\" content=\"article\" \/>\n<meta property=\"og:title\" content=\"Bus from Mwanza to Tabora Bus Tickets, Fare, Schedule &amp; Route\" \/>\n<meta property=\"og:description\" content=\"Looking for bus from Mwanza to Tabora bus tickets booking app, routes, schedules &amp; fares? Book cheap bus tickets from Mwanza to Tabora online\" \/>\n<meta property=\"og:url\" content=\"https:\/\/tiketi.com\/fr-fr\/njia\/nauli-mabasi\/mwanza-kwenda-tabora\/\" \/>\n<meta property=\"og:site_name\" content=\"Tiketi.com\" \/>\n<meta property=\"article:publisher\" content=\"https:\/\/www.facebook.com\/TiketiCom\/\" \/>\n<meta property=\"article:modified_time\" content=\"2023-07-04T12:29:27+00:00\" \/>\n<meta property=\"og:image\" content=\"https:\/\/tiketi.com\/wp-content\/uploads\/2022\/01\/bus-ticket-online-booking.jpg\" \/>\n\t<meta property=\"og:image:width\" content=\"1200\" \/>\n\t<meta property=\"og:image:height\" content=\"206\" \/>\n\t<meta property=\"og:image:type\" content=\"image\/jpeg\" \/>\n<meta name=\"twitter:card\" content=\"summary_large_image\" \/>\n<meta name=\"twitter:label1\" content=\"Dur\u00e9e de lecture estim\u00e9e\" \/>\n\t<meta name=\"twitter:data1\" content=\"2 minutes\" \/>\n<script type=\"application\/ld+json\" class=\"yoast-schema-graph\">{\"@context\":\"https:\\\/\\\/schema.org\",\"@graph\":[{\"@type\":\"WebPage\",\"@id\":\"https:\\\/\\\/tiketi.com\\\/sw\\\/njia\\\/nauli-mabasi\\\/mwanza-kwenda-tabora\\\/\",\"url\":\"https:\\\/\\\/tiketi.com\\\/sw\\\/njia\\\/nauli-mabasi\\\/mwanza-kwenda-tabora\\\/\",\"name\":\"Bus from Mwanza to Tabora Bus Tickets, Fare, Schedule & Route\",\"isPartOf\":{\"@id\":\"https:\\\/\\\/tiketi.com\\\/#website\"},\"primaryImageOfPage\":{\"@id\":\"https:\\\/\\\/tiketi.com\\\/sw\\\/njia\\\/nauli-mabasi\\\/mwanza-kwenda-tabora\\\/#primaryimage\"},\"image\":{\"@id\":\"https:\\\/\\\/tiketi.com\\\/sw\\\/njia\\\/nauli-mabasi\\\/mwanza-kwenda-tabora\\\/#primaryimage\"},\"thumbnailUrl\":\"https:\\\/\\\/tiketi.com\\\/wp-content\\\/uploads\\\/2022\\\/01\\\/bus-ticket-online-booking.jpg\",\"datePublished\":\"2022-01-19T11:53:48+00:00\",\"dateModified\":\"2023-07-04T12:29:27+00:00\",\"description\":\"Looking for bus from Mwanza to Tabora bus tickets booking app, routes, schedules & fares? Book cheap bus tickets from Mwanza to Tabora online\",\"breadcrumb\":{\"@id\":\"https:\\\/\\\/tiketi.com\\\/sw\\\/njia\\\/nauli-mabasi\\\/mwanza-kwenda-tabora\\\/#breadcrumb\"},\"inLanguage\":\"fr-FR\",\"potentialAction\":[{\"@type\":\"ReadAction\",\"target\":[\"https:\\\/\\\/tiketi.com\\\/sw\\\/njia\\\/nauli-mabasi\\\/mwanza-kwenda-tabora\\\/\"]}]},{\"@type\":\"ImageObject\",\"inLanguage\":\"fr-FR\",\"@id\":\"https:\\\/\\\/tiketi.com\\\/sw\\\/njia\\\/nauli-mabasi\\\/mwanza-kwenda-tabora\\\/#primaryimage\",\"url\":\"https:\\\/\\\/tiketi.com\\\/wp-content\\\/uploads\\\/2022\\\/01\\\/bus-ticket-online-booking.jpg\",\"contentUrl\":\"https:\\\/\\\/tiketi.com\\\/wp-content\\\/uploads\\\/2022\\\/01\\\/bus-ticket-online-booking.jpg\",\"width\":1200,\"height\":206,\"caption\":\"Online Bus Ticket Booking\"},{\"@type\":\"BreadcrumbList\",\"@id\":\"https:\\\/\\\/tiketi.com\\\/sw\\\/njia\\\/nauli-mabasi\\\/mwanza-kwenda-tabora\\\/#breadcrumb\",\"itemListElement\":[{\"@type\":\"ListItem\",\"position\":1,\"name\":\"Home\",\"item\":\"https:\\\/\\\/tiketi.com\\\/\"},{\"@type\":\"ListItem\",\"position\":2,\"name\":\"Routes\",\"item\":\"https:\\\/\\\/tiketi.com\\\/routes\\\/\"},{\"@type\":\"ListItem\",\"position\":3,\"name\":\"Bus\",\"item\":\"https:\\\/\\\/tiketi.com\\\/routes\\\/bus\\\/\"},{\"@type\":\"ListItem\",\"position\":4,\"name\":\"Bus from Mwanza to Tabora Bus Tickets, Fare, Schedule &#038; Route\"}]},{\"@type\":\"WebSite\",\"@id\":\"https:\\\/\\\/tiketi.com\\\/#website\",\"url\":\"https:\\\/\\\/tiketi.com\\\/\",\"name\":\"Flight & Bus Tickets, Tour Packages & Activitites - Tiketi.com\",\"description\":\"Flight &amp; Bus Tickets, Tours, Activitites\",\"publisher\":{\"@id\":\"https:\\\/\\\/tiketi.com\\\/#organization\"},\"potentialAction\":[{\"@type\":\"SearchAction\",\"target\":{\"@type\":\"EntryPoint\",\"urlTemplate\":\"https:\\\/\\\/tiketi.com\\\/?s={search_term_string}\"},\"query-input\":{\"@type\":\"PropertyValueSpecification\",\"valueRequired\":true,\"valueName\":\"search_term_string\"}}],\"inLanguage\":\"fr-FR\"},{\"@type\":\"Organization\",\"@id\":\"https:\\\/\\\/tiketi.com\\\/#organization\",\"name\":\"Tiketi.com\",\"alternateName\":\"Tiketi\",\"url\":\"https:\\\/\\\/tiketi.com\\\/\",\"logo\":{\"@type\":\"ImageObject\",\"inLanguage\":\"fr-FR\",\"@id\":\"https:\\\/\\\/tiketi.com\\\/#\\\/schema\\\/logo\\\/image\\\/\",\"url\":\"https:\\\/\\\/tiketi.com\\\/wp-content\\\/uploads\\\/2019\\\/05\\\/tiketi-logo-696.png\",\"contentUrl\":\"https:\\\/\\\/tiketi.com\\\/wp-content\\\/uploads\\\/2019\\\/05\\\/tiketi-logo-696.png\",\"width\":696,\"height\":696,\"caption\":\"Tiketi.com\"},\"image\":{\"@id\":\"https:\\\/\\\/tiketi.com\\\/#\\\/schema\\\/logo\\\/image\\\/\"},\"sameAs\":[\"https:\\\/\\\/www.facebook.com\\\/TiketiCom\\\/\"]}]}<\/script>\n<!-- \/ Yoast SEO plugin. -->","yoast_head_json":{"title":"Bus de Mwanza \u00e0 Tabora Billets de bus, tarif, horaires et itin\u00e9raire","description":"Vous recherchez une application de r\u00e9servation de billets de bus de Mwanza \u00e0 Tabora, des itin\u00e9raires, des horaires et des tarifs\u00a0? R\u00e9servez en ligne des billets de bus \u00e0 bas prix de Mwanza \u00e0 Tabora","robots":{"index":"index","follow":"follow","max-snippet":"max-snippet:-1","max-image-preview":"max-image-preview:large","max-video-preview":"max-video-preview:-1"},"canonical":"https:\/\/tiketi.com\/fr-fr\/njia\/nauli-mabasi\/mwanza-kwenda-tabora\/","og_locale":"fr_FR","og_type":"article","og_title":"Bus from Mwanza to Tabora Bus Tickets, Fare, Schedule & Route","og_description":"Looking for bus from Mwanza to Tabora bus tickets booking app, routes, schedules & fares? Book cheap bus tickets from Mwanza to Tabora online","og_url":"https:\/\/tiketi.com\/fr-fr\/njia\/nauli-mabasi\/mwanza-kwenda-tabora\/","og_site_name":"Tiketi.com","article_publisher":"https:\/\/www.facebook.com\/TiketiCom\/","article_modified_time":"2023-07-04T12:29:27+00:00","og_image":[{"width":1200,"height":206,"url":"https:\/\/tiketi.com\/wp-content\/uploads\/2022\/01\/bus-ticket-online-booking.jpg","type":"image\/jpeg"}],"twitter_card":"summary_large_image","twitter_misc":{"Dur\u00e9e de lecture estim\u00e9e":"2 minutes"},"schema":{"@context":"https:\/\/schema.org","@graph":[{"@type":"WebPage","@id":"https:\/\/tiketi.com\/sw\/njia\/nauli-mabasi\/mwanza-kwenda-tabora\/","url":"https:\/\/tiketi.com\/sw\/njia\/nauli-mabasi\/mwanza-kwenda-tabora\/","name":"Bus de Mwanza \u00e0 Tabora Billets de bus, tarif, horaires et itin\u00e9raire","isPartOf":{"@id":"https:\/\/tiketi.com\/#website"},"primaryImageOfPage":{"@id":"https:\/\/tiketi.com\/sw\/njia\/nauli-mabasi\/mwanza-kwenda-tabora\/#primaryimage"},"image":{"@id":"https:\/\/tiketi.com\/sw\/njia\/nauli-mabasi\/mwanza-kwenda-tabora\/#primaryimage"},"thumbnailUrl":"https:\/\/tiketi.com\/wp-content\/uploads\/2022\/01\/bus-ticket-online-booking.jpg","datePublished":"2022-01-19T11:53:48+00:00","dateModified":"2023-07-04T12:29:27+00:00","description":"Vous recherchez une application de r\u00e9servation de billets de bus de Mwanza \u00e0 Tabora, des itin\u00e9raires, des horaires et des tarifs\u00a0? R\u00e9servez en ligne des billets de bus \u00e0 bas prix de Mwanza \u00e0 Tabora","breadcrumb":{"@id":"https:\/\/tiketi.com\/sw\/njia\/nauli-mabasi\/mwanza-kwenda-tabora\/#breadcrumb"},"inLanguage":"fr-FR","potentialAction":[{"@type":"ReadAction","target":["https:\/\/tiketi.com\/sw\/njia\/nauli-mabasi\/mwanza-kwenda-tabora\/"]}]},{"@type":"ImageObject","inLanguage":"fr-FR","@id":"https:\/\/tiketi.com\/sw\/njia\/nauli-mabasi\/mwanza-kwenda-tabora\/#primaryimage","url":"https:\/\/tiketi.com\/wp-content\/uploads\/2022\/01\/bus-ticket-online-booking.jpg","contentUrl":"https:\/\/tiketi.com\/wp-content\/uploads\/2022\/01\/bus-ticket-online-booking.jpg","width":1200,"height":206,"caption":"Online Bus Ticket Booking"},{"@type":"BreadcrumbList","@id":"https:\/\/tiketi.com\/sw\/njia\/nauli-mabasi\/mwanza-kwenda-tabora\/#breadcrumb","itemListElement":[{"@type":"ListItem","position":1,"name":"Home","item":"https:\/\/tiketi.com\/"},{"@type":"ListItem","position":2,"name":"Routes","item":"https:\/\/tiketi.com\/routes\/"},{"@type":"ListItem","position":3,"name":"Bus","item":"https:\/\/tiketi.com\/routes\/bus\/"},{"@type":"ListItem","position":4,"name":"Bus from Mwanza to Tabora Bus Tickets, Fare, Schedule &#038; Route"}]},{"@type":"WebSite","@id":"https:\/\/tiketi.com\/#website","url":"https:\/\/tiketi.com\/","name":"Billets d&#039;avion et de bus, forfaits touristiques et activit\u00e9s - Tiketi.com","description":"Billets d&#039;avion et de bus, Tours, Activit\u00e9s","publisher":{"@id":"https:\/\/tiketi.com\/#organization"},"potentialAction":[{"@type":"SearchAction","target":{"@type":"EntryPoint","urlTemplate":"https:\/\/tiketi.com\/?s={search_term_string}"},"query-input":{"@type":"PropertyValueSpecification","valueRequired":true,"valueName":"search_term_string"}}],"inLanguage":"fr-FR"},{"@type":"Organization","@id":"https:\/\/tiketi.com\/#organization","name":"Tiketi.com","alternateName":"Tiketi","url":"https:\/\/tiketi.com\/","logo":{"@type":"ImageObject","inLanguage":"fr-FR","@id":"https:\/\/tiketi.com\/#\/schema\/logo\/image\/","url":"https:\/\/tiketi.com\/wp-content\/uploads\/2019\/05\/tiketi-logo-696.png","contentUrl":"https:\/\/tiketi.com\/wp-content\/uploads\/2019\/05\/tiketi-logo-696.png","width":696,"height":696,"caption":"Tiketi.com"},"image":{"@id":"https:\/\/tiketi.com\/#\/schema\/logo\/image\/"},"sameAs":["https:\/\/www.facebook.com\/TiketiCom\/"]}]}},"_links":{"self":[{"href":"https:\/\/tiketi.com\/fr-fr\/wp-json\/wp\/v2\/pages\/10782","targetHints":{"allow":["GET"]}}],"collection":[{"href":"https:\/\/tiketi.com\/fr-fr\/wp-json\/wp\/v2\/pages"}],"about":[{"href":"https:\/\/tiketi.com\/fr-fr\/wp-json\/wp\/v2\/types\/page"}],"author":[{"embeddable":true,"href":"https:\/\/tiketi.com\/fr-fr\/wp-json\/wp\/v2\/users\/1"}],"replies":[{"embeddable":true,"href":"https:\/\/tiketi.com\/fr-fr\/wp-json\/wp\/v2\/comments?post=10782"}],"version-history":[{"count":0,"href":"https:\/\/tiketi.com\/fr-fr\/wp-json\/wp\/v2\/pages\/10782\/revisions"}],"up":[{"embeddable":true,"href":"https:\/\/tiketi.com\/fr-fr\/wp-json\/wp\/v2\/pages\/25566"}],"wp:featuredmedia":[{"embeddable":true,"href":"https:\/\/tiketi.com\/fr-fr\/wp-json\/wp\/v2\/media\/13999"}],"wp:attachment":[{"href":"https:\/\/tiketi.com\/fr-fr\/wp-json\/wp\/v2\/media?parent=10782"}],"curies":[{"name":"wp","href":"https:\/\/api.w.org\/{rel}","templated":true}]}}