{"id":10787,"date":"2022-01-19T12:53:48","date_gmt":"2022-01-19T11:53:48","guid":{"rendered":"https:\/\/new.tiketi.com\/bus-from-nakuru-to-kampala-bus-tickets-fare-schedule-route\/"},"modified":"2022-01-31T13:14:32","modified_gmt":"2022-01-31T12:14:32","slug":"bus-tickets-from-nakuru-to-kampala","status":"publish","type":"page","link":"https:\/\/tiketi.com\/fr-fr\/bus-tickets-from-nakuru-to-kampala\/","title":{"rendered":"Bus de Nakuru \u00e0 Kampala Billets de bus, tarif, horaires et itin\u00e9raire"},"content":{"rendered":"<p>[wbtm-bus-search]<\/p>\n<h2>Cheap Bus Tickets from Nakuru to Kampala Online Booking<\/h2>\n<h3>Discover your travel route on web, mobile or app and book cheap bus ticket from Nakuru to Kampala online now.<\/h3>\n<p>Compare and do cheap bus from Nakuru to Kampala bus tickets booking online and\u00a0travel Nakuru to Kampala\u00a0by road. Kampala city is the commercial center and capital of Uganda. It is placed in the central area of Uganda, a few miles off the shores of Lake Victoria and 37Kms away from the Entebbe airport (the key gateway to Uganda). Here is the idea how to book bus tickets from Nakuru to Kampala:<\/p>\n<h2>Bus from Nakuru to Kampala Bus Tickets Booking, Routes, Schedules &amp; Fares FAQs<\/h2>\n<h3>Is the Nakuru to Kampala bus the affordable way to get to Kampala from Nakuru?<\/h3>\n<p>The affordable way to get from Nakuru to Kapmapa by bus costs $16 &#8211; $24 and takes 11h 25m.<\/p>\n<h3>What is the quickest way to get from Nakuru to Kampala?<\/h3>\n<p>The fastest ways to get from Nakuru to Kampala is by bus and fly which costs $270 &#8211; $400 and takes 6h 30m.<\/p>\n<h3>Is there a direct bus between Kampala and Nakuru?<\/h3>\n<p>Yes, there is a direct bus from Nakuru. Services depart daily, and run every day. The journey takes about 11h 30m.<\/p>\n<h3>What is the travel distance of Nakuru to Kampala?<\/h3>\n<p>The travel distance of Nakuru to Kampala is 400km.<\/p>\n<h3>Where do I get the bus Nakuru to Kampala from?<\/h3>\n<p>Bus tickets from Nakuru to Kampala, run by East Coach, depart from Nakuru station.<\/p>\n<h3>Can I drive between Kampala and Nakuru?<\/h3>\n<p>Yes, the driving distance between Kampala and Nakuru is 500 km. it takes about 7h 20m to drive from Nakuru to Kampala.<\/p>\n<h2>Bus Tickets from Nakuru to Kampala Tips<\/h2>\n<p>Kampala is made up of seven key hills &#8211; Kibuli, Mengo, Kololo, Mulago, Old Kampala, Makerere, and Rubaga. It was first known as &#8220;Kasozi Ka Impala&#8221; by the Buganda people because it was a natural sanctuary for impalas. The title was later replaced by Kampala by the British colonialists for simple pronunciation. Before, after and during the colonial rule, a lot happened in Kampala that shaped its future.<\/p>\n","protected":false},"excerpt":{"rendered":"<p>[wbtm-bus-search] Cheap Bus Tickets from Nakuru to Kampala Online Booking Discover your travel route on web, mobile or app and book cheap bus ticket from Nakuru to Kampala online now. Compare and do cheap bus from Nakuru to Kampala bus tickets booking online and\u00a0travel Nakuru to Kampala\u00a0by road. Kampala city is the commercial center and [&hellip;]<\/p>\n","protected":false},"author":1,"featured_media":13999,"parent":0,"menu_order":0,"comment_status":"open","ping_status":"closed","template":"template-home-modern.php","meta":{"footnotes":""},"class_list":["post-10787","page","type-page","status-publish","has-post-thumbnail","hentry"],"yoast_head":"<!-- This site is optimized with the Yoast SEO plugin v27.3 - https:\/\/yoast.com\/product\/yoast-seo-wordpress\/ -->\n<title>Bus from Nakuru to Kampala Bus Tickets, Fare, Schedule &amp; Route<\/title>\n<meta name=\"description\" content=\"Looking for bus from Nakuru to Kampala bus tickets booking app, schedules &amp; fares? Book cheap bus tickets from Nakuru to Kampala online\" \/>\n<meta name=\"robots\" content=\"index, follow, max-snippet:-1, max-image-preview:large, max-video-preview:-1\" \/>\n<link rel=\"canonical\" href=\"https:\/\/tiketi.com\/fr-fr\/bus-tickets-from-nakuru-to-kampala\/\" \/>\n<meta property=\"og:locale\" content=\"fr_FR\" \/>\n<meta property=\"og:type\" content=\"article\" \/>\n<meta property=\"og:title\" content=\"Bus from Nakuru to Kampala Bus Tickets, Fare, Schedule &amp; Route\" \/>\n<meta property=\"og:description\" content=\"Looking for bus from Nakuru to Kampala bus tickets booking app, schedules &amp; fares? Book cheap bus tickets from Nakuru to Kampala online\" \/>\n<meta property=\"og:url\" content=\"https:\/\/tiketi.com\/fr-fr\/bus-tickets-from-nakuru-to-kampala\/\" \/>\n<meta property=\"og:site_name\" content=\"Tiketi.com\" \/>\n<meta property=\"article:publisher\" content=\"https:\/\/www.facebook.com\/TiketiCom\/\" \/>\n<meta property=\"article:modified_time\" content=\"2022-01-31T12:14:32+00:00\" \/>\n<meta property=\"og:image\" content=\"https:\/\/tiketi.com\/wp-content\/uploads\/2022\/01\/bus-ticket-online-booking.jpg\" \/>\n\t<meta property=\"og:image:width\" content=\"1200\" \/>\n\t<meta property=\"og:image:height\" content=\"206\" \/>\n\t<meta property=\"og:image:type\" content=\"image\/jpeg\" \/>\n<meta name=\"twitter:card\" content=\"summary_large_image\" \/>\n<meta name=\"twitter:label1\" content=\"Dur\u00e9e de lecture estim\u00e9e\" \/>\n\t<meta name=\"twitter:data1\" content=\"2 minutes\" \/>\n<script type=\"application\/ld+json\" class=\"yoast-schema-graph\">{\"@context\":\"https:\\\/\\\/schema.org\",\"@graph\":[{\"@type\":\"WebPage\",\"@id\":\"https:\\\/\\\/tiketi.com\\\/bus-tickets-from-nakuru-to-kampala\\\/\",\"url\":\"https:\\\/\\\/tiketi.com\\\/bus-tickets-from-nakuru-to-kampala\\\/\",\"name\":\"Bus from Nakuru to Kampala Bus Tickets, Fare, Schedule & Route\",\"isPartOf\":{\"@id\":\"https:\\\/\\\/tiketi.com\\\/#website\"},\"primaryImageOfPage\":{\"@id\":\"https:\\\/\\\/tiketi.com\\\/bus-tickets-from-nakuru-to-kampala\\\/#primaryimage\"},\"image\":{\"@id\":\"https:\\\/\\\/tiketi.com\\\/bus-tickets-from-nakuru-to-kampala\\\/#primaryimage\"},\"thumbnailUrl\":\"https:\\\/\\\/tiketi.com\\\/wp-content\\\/uploads\\\/2022\\\/01\\\/bus-ticket-online-booking.jpg\",\"datePublished\":\"2022-01-19T11:53:48+00:00\",\"dateModified\":\"2022-01-31T12:14:32+00:00\",\"description\":\"Looking for bus from Nakuru to Kampala bus tickets booking app, schedules & fares? Book cheap bus tickets from Nakuru to Kampala online\",\"breadcrumb\":{\"@id\":\"https:\\\/\\\/tiketi.com\\\/bus-tickets-from-nakuru-to-kampala\\\/#breadcrumb\"},\"inLanguage\":\"fr-FR\",\"potentialAction\":[{\"@type\":\"ReadAction\",\"target\":[\"https:\\\/\\\/tiketi.com\\\/bus-tickets-from-nakuru-to-kampala\\\/\"]}]},{\"@type\":\"ImageObject\",\"inLanguage\":\"fr-FR\",\"@id\":\"https:\\\/\\\/tiketi.com\\\/bus-tickets-from-nakuru-to-kampala\\\/#primaryimage\",\"url\":\"https:\\\/\\\/tiketi.com\\\/wp-content\\\/uploads\\\/2022\\\/01\\\/bus-ticket-online-booking.jpg\",\"contentUrl\":\"https:\\\/\\\/tiketi.com\\\/wp-content\\\/uploads\\\/2022\\\/01\\\/bus-ticket-online-booking.jpg\",\"width\":1200,\"height\":206,\"caption\":\"Online Bus Ticket Booking\"},{\"@type\":\"BreadcrumbList\",\"@id\":\"https:\\\/\\\/tiketi.com\\\/bus-tickets-from-nakuru-to-kampala\\\/#breadcrumb\",\"itemListElement\":[{\"@type\":\"ListItem\",\"position\":1,\"name\":\"Home\",\"item\":\"https:\\\/\\\/tiketi.com\\\/\"},{\"@type\":\"ListItem\",\"position\":2,\"name\":\"Bus from Nakuru to Kampala Bus Tickets, Fare, Schedule &#038; Route\"}]},{\"@type\":\"WebSite\",\"@id\":\"https:\\\/\\\/tiketi.com\\\/#website\",\"url\":\"https:\\\/\\\/tiketi.com\\\/\",\"name\":\"Flight & Bus Tickets, Tour Packages & Activitites - Tiketi.com\",\"description\":\"Flight &amp; Bus Tickets, Tours, Activitites\",\"publisher\":{\"@id\":\"https:\\\/\\\/tiketi.com\\\/#organization\"},\"potentialAction\":[{\"@type\":\"SearchAction\",\"target\":{\"@type\":\"EntryPoint\",\"urlTemplate\":\"https:\\\/\\\/tiketi.com\\\/?s={search_term_string}\"},\"query-input\":{\"@type\":\"PropertyValueSpecification\",\"valueRequired\":true,\"valueName\":\"search_term_string\"}}],\"inLanguage\":\"fr-FR\"},{\"@type\":\"Organization\",\"@id\":\"https:\\\/\\\/tiketi.com\\\/#organization\",\"name\":\"Tiketi.com\",\"alternateName\":\"Tiketi\",\"url\":\"https:\\\/\\\/tiketi.com\\\/\",\"logo\":{\"@type\":\"ImageObject\",\"inLanguage\":\"fr-FR\",\"@id\":\"https:\\\/\\\/tiketi.com\\\/#\\\/schema\\\/logo\\\/image\\\/\",\"url\":\"https:\\\/\\\/tiketi.com\\\/wp-content\\\/uploads\\\/2019\\\/05\\\/tiketi-logo-696.png\",\"contentUrl\":\"https:\\\/\\\/tiketi.com\\\/wp-content\\\/uploads\\\/2019\\\/05\\\/tiketi-logo-696.png\",\"width\":696,\"height\":696,\"caption\":\"Tiketi.com\"},\"image\":{\"@id\":\"https:\\\/\\\/tiketi.com\\\/#\\\/schema\\\/logo\\\/image\\\/\"},\"sameAs\":[\"https:\\\/\\\/www.facebook.com\\\/TiketiCom\\\/\"]}]}<\/script>\n<!-- \/ Yoast SEO plugin. -->","yoast_head_json":{"title":"Bus de Nakuru \u00e0 Kampala Billets de bus, tarif, horaires et itin\u00e9raire","description":"\u00c0 la recherche d&#039;une application de r\u00e9servation de billets de bus de Nakuru \u00e0 Kampala, des horaires et des tarifs\u00a0? R\u00e9servez en ligne des billets de bus de Nakuru \u00e0 Kampala \u00e0 petits prix","robots":{"index":"index","follow":"follow","max-snippet":"max-snippet:-1","max-image-preview":"max-image-preview:large","max-video-preview":"max-video-preview:-1"},"canonical":"https:\/\/tiketi.com\/fr-fr\/bus-tickets-from-nakuru-to-kampala\/","og_locale":"fr_FR","og_type":"article","og_title":"Bus from Nakuru to Kampala Bus Tickets, Fare, Schedule & Route","og_description":"Looking for bus from Nakuru to Kampala bus tickets booking app, schedules & fares? Book cheap bus tickets from Nakuru to Kampala online","og_url":"https:\/\/tiketi.com\/fr-fr\/bus-tickets-from-nakuru-to-kampala\/","og_site_name":"Tiketi.com","article_publisher":"https:\/\/www.facebook.com\/TiketiCom\/","article_modified_time":"2022-01-31T12:14:32+00:00","og_image":[{"width":1200,"height":206,"url":"https:\/\/tiketi.com\/wp-content\/uploads\/2022\/01\/bus-ticket-online-booking.jpg","type":"image\/jpeg"}],"twitter_card":"summary_large_image","twitter_misc":{"Dur\u00e9e de lecture estim\u00e9e":"2 minutes"},"schema":{"@context":"https:\/\/schema.org","@graph":[{"@type":"WebPage","@id":"https:\/\/tiketi.com\/bus-tickets-from-nakuru-to-kampala\/","url":"https:\/\/tiketi.com\/bus-tickets-from-nakuru-to-kampala\/","name":"Bus de Nakuru \u00e0 Kampala Billets de bus, tarif, horaires et itin\u00e9raire","isPartOf":{"@id":"https:\/\/tiketi.com\/#website"},"primaryImageOfPage":{"@id":"https:\/\/tiketi.com\/bus-tickets-from-nakuru-to-kampala\/#primaryimage"},"image":{"@id":"https:\/\/tiketi.com\/bus-tickets-from-nakuru-to-kampala\/#primaryimage"},"thumbnailUrl":"https:\/\/tiketi.com\/wp-content\/uploads\/2022\/01\/bus-ticket-online-booking.jpg","datePublished":"2022-01-19T11:53:48+00:00","dateModified":"2022-01-31T12:14:32+00:00","description":"\u00c0 la recherche d&#039;une application de r\u00e9servation de billets de bus de Nakuru \u00e0 Kampala, des horaires et des tarifs\u00a0? R\u00e9servez en ligne des billets de bus de Nakuru \u00e0 Kampala \u00e0 petits prix","breadcrumb":{"@id":"https:\/\/tiketi.com\/bus-tickets-from-nakuru-to-kampala\/#breadcrumb"},"inLanguage":"fr-FR","potentialAction":[{"@type":"ReadAction","target":["https:\/\/tiketi.com\/bus-tickets-from-nakuru-to-kampala\/"]}]},{"@type":"ImageObject","inLanguage":"fr-FR","@id":"https:\/\/tiketi.com\/bus-tickets-from-nakuru-to-kampala\/#primaryimage","url":"https:\/\/tiketi.com\/wp-content\/uploads\/2022\/01\/bus-ticket-online-booking.jpg","contentUrl":"https:\/\/tiketi.com\/wp-content\/uploads\/2022\/01\/bus-ticket-online-booking.jpg","width":1200,"height":206,"caption":"Online Bus Ticket Booking"},{"@type":"BreadcrumbList","@id":"https:\/\/tiketi.com\/bus-tickets-from-nakuru-to-kampala\/#breadcrumb","itemListElement":[{"@type":"ListItem","position":1,"name":"Home","item":"https:\/\/tiketi.com\/"},{"@type":"ListItem","position":2,"name":"Bus from Nakuru to Kampala Bus Tickets, Fare, Schedule &#038; Route"}]},{"@type":"WebSite","@id":"https:\/\/tiketi.com\/#website","url":"https:\/\/tiketi.com\/","name":"Billets d&#039;avion et de bus, forfaits touristiques et activit\u00e9s - Tiketi.com","description":"Billets d&#039;avion et de bus, Tours, Activit\u00e9s","publisher":{"@id":"https:\/\/tiketi.com\/#organization"},"potentialAction":[{"@type":"SearchAction","target":{"@type":"EntryPoint","urlTemplate":"https:\/\/tiketi.com\/?s={search_term_string}"},"query-input":{"@type":"PropertyValueSpecification","valueRequired":true,"valueName":"search_term_string"}}],"inLanguage":"fr-FR"},{"@type":"Organization","@id":"https:\/\/tiketi.com\/#organization","name":"Tiketi.com","alternateName":"Tiketi","url":"https:\/\/tiketi.com\/","logo":{"@type":"ImageObject","inLanguage":"fr-FR","@id":"https:\/\/tiketi.com\/#\/schema\/logo\/image\/","url":"https:\/\/tiketi.com\/wp-content\/uploads\/2019\/05\/tiketi-logo-696.png","contentUrl":"https:\/\/tiketi.com\/wp-content\/uploads\/2019\/05\/tiketi-logo-696.png","width":696,"height":696,"caption":"Tiketi.com"},"image":{"@id":"https:\/\/tiketi.com\/#\/schema\/logo\/image\/"},"sameAs":["https:\/\/www.facebook.com\/TiketiCom\/"]}]}},"_links":{"self":[{"href":"https:\/\/tiketi.com\/fr-fr\/wp-json\/wp\/v2\/pages\/10787","targetHints":{"allow":["GET"]}}],"collection":[{"href":"https:\/\/tiketi.com\/fr-fr\/wp-json\/wp\/v2\/pages"}],"about":[{"href":"https:\/\/tiketi.com\/fr-fr\/wp-json\/wp\/v2\/types\/page"}],"author":[{"embeddable":true,"href":"https:\/\/tiketi.com\/fr-fr\/wp-json\/wp\/v2\/users\/1"}],"replies":[{"embeddable":true,"href":"https:\/\/tiketi.com\/fr-fr\/wp-json\/wp\/v2\/comments?post=10787"}],"version-history":[{"count":0,"href":"https:\/\/tiketi.com\/fr-fr\/wp-json\/wp\/v2\/pages\/10787\/revisions"}],"wp:featuredmedia":[{"embeddable":true,"href":"https:\/\/tiketi.com\/fr-fr\/wp-json\/wp\/v2\/media\/13999"}],"wp:attachment":[{"href":"https:\/\/tiketi.com\/fr-fr\/wp-json\/wp\/v2\/media?parent=10787"}],"curies":[{"name":"wp","href":"https:\/\/api.w.org\/{rel}","templated":true}]}}