{"id":10788,"date":"2022-01-19T12:53:48","date_gmt":"2022-01-19T11:53:48","guid":{"rendered":"https:\/\/new.tiketi.com\/bus-from-nakuru-to-kakamega-bus-tickets-fare-schedule-route\/"},"modified":"2022-01-31T13:15:16","modified_gmt":"2022-01-31T12:15:16","slug":"bus-tickets-from-nakuru-kakamega","status":"publish","type":"page","link":"https:\/\/tiketi.com\/fr-fr\/bus-tickets-from-nakuru-kakamega\/","title":{"rendered":"Bus de Nakuru \u00e0 Kakamega Billets de bus, tarif, horaires et itin\u00e9raire"},"content":{"rendered":"<p>[wbtm-bus-search]<\/p>\n<h2>Cheap Bus Tickets from Nakuru to Kakamega Online Booking<\/h2>\n<h3>Discover your travel route on web, mobile or app and book cheap bus ticket from Nakuru to Kakamega online now.<\/h3>\n<p>Compare and do cheap bus from Nakuru to Kakamega bus tickets booking online and\u00a0travel Nakuru to Kakamega\u00a0by road.\u00a0Here is the best idea of how to book bus tickets from Nakuru to Kakamega:<\/p>\n<h2>Bus from Nakuru to Kakamega Bus Tickets Booking, Routes, Schedules &amp; Fares FAQs<\/h2>\n<h3>Is the Nakuru to Kakamega bus the affordable way to get to Kakamega from Nakuru?<\/h3>\n<p>The affordable way to get from Nakuru to Kakamega by bus tickets from Nakuru to Kakamega costs $7 &#8211; $11 and takes 4h 25m.<\/p>\n<h3>Is the bus Nakuru to Kakamega the quickest way to get to Kakamega from Nakuru?<\/h3>\n<p>The quickest way to get from Nakuru to Kakamega is to drive which takes 3h 30m and costs $19 &#8211; $30.<\/p>\n<h3>Is there a direct bus between Kakamega and Nakuru?<\/h3>\n<p>Yes, there is a direct bus from Nakuru. Service departs twice daily, and run every day. The journey takes about 4h 30m.<\/p>\n<h3>What is the travel distance between Kakamega and Nakuru?<\/h3>\n<p>The travel distance between Kakamega and Nakuru is 161 km.<\/p>\n<h3>How do I travel from Nakuru to Kakamega without a personal vehicle?<\/h3>\n<p>The top way to get from Nakuru to Kakamega without a personal vehicle is to bus which takes 4h 35m and costs $7 &#8211; $11.<\/p>\n<h2>Bus Tickets from Nakuru to Kakamega Tips<\/h2>\n<p>Kakamega Forest reserve is one of the secret gems of Kenya, far removed from the drama of the Big Five with an intimacy all of its own.<\/p>\n<p>The Kakamega Forest reserve is division of the Kakamega forest Kenya system, and thought to be the only Guinea-Congolian tropical rainforest left in the country, from what once stretched across East and Centarl Africa.<\/p>\n<p>The forest is house to more than three-hundred bird species and an overwhelming four-hundred species of butterfly and these can be appreciated on picnics and walks in the reserve. Mammal&#8217;s species in the Kakamega forest reserve contain Aardvarks, Bush bucks, squirrels, Giant Forest Hogs and Porcupines. Primates are also ample in the forest.<\/p>\n<p>Other attractions contain amazing waterfalls and big trees. There is a Fig Tree that is thought to be over seven-hundred years old in the Forest.<\/p>\n","protected":false},"excerpt":{"rendered":"<p>[wbtm-bus-search] Cheap Bus Tickets from Nakuru to Kakamega Online Booking Discover your travel route on web, mobile or app and book cheap bus ticket from Nakuru to Kakamega online now. Compare and do cheap bus from Nakuru to Kakamega bus tickets booking online and\u00a0travel Nakuru to Kakamega\u00a0by road.\u00a0Here is the best idea of how to [&hellip;]<\/p>\n","protected":false},"author":1,"featured_media":13999,"parent":0,"menu_order":0,"comment_status":"open","ping_status":"closed","template":"template-home-modern.php","meta":{"footnotes":""},"class_list":["post-10788","page","type-page","status-publish","has-post-thumbnail","hentry"],"yoast_head":"<!-- This site is optimized with the Yoast SEO plugin v27.3 - https:\/\/yoast.com\/product\/yoast-seo-wordpress\/ -->\n<title>Bus from Nakuru to Kakamega Bus Tickets, Fare, Schedule &amp; Route<\/title>\n<meta name=\"description\" content=\"Looking for bus from Nakuru to Kakamega bus tickets booking app, schedule &amp; fare? Book cheap bus tickets from Nakuru to Kakamega online\" \/>\n<meta name=\"robots\" content=\"index, follow, max-snippet:-1, max-image-preview:large, max-video-preview:-1\" \/>\n<link rel=\"canonical\" href=\"https:\/\/tiketi.com\/fr-fr\/bus-tickets-from-nakuru-kakamega\/\" \/>\n<meta property=\"og:locale\" content=\"fr_FR\" \/>\n<meta property=\"og:type\" content=\"article\" \/>\n<meta property=\"og:title\" content=\"Bus from Nakuru to Kakamega Bus Tickets, Fare, Schedule &amp; Route\" \/>\n<meta property=\"og:description\" content=\"Looking for bus from Nakuru to Kakamega bus tickets booking app, schedule &amp; fare? Book cheap bus tickets from Nakuru to Kakamega online\" \/>\n<meta property=\"og:url\" content=\"https:\/\/tiketi.com\/fr-fr\/bus-tickets-from-nakuru-kakamega\/\" \/>\n<meta property=\"og:site_name\" content=\"Tiketi.com\" \/>\n<meta property=\"article:publisher\" content=\"https:\/\/www.facebook.com\/TiketiCom\/\" \/>\n<meta property=\"article:modified_time\" content=\"2022-01-31T12:15:16+00:00\" \/>\n<meta property=\"og:image\" content=\"https:\/\/tiketi.com\/wp-content\/uploads\/2022\/01\/bus-ticket-online-booking.jpg\" \/>\n\t<meta property=\"og:image:width\" content=\"1200\" \/>\n\t<meta property=\"og:image:height\" content=\"206\" \/>\n\t<meta property=\"og:image:type\" content=\"image\/jpeg\" \/>\n<meta name=\"twitter:card\" content=\"summary_large_image\" \/>\n<meta name=\"twitter:label1\" content=\"Dur\u00e9e de lecture estim\u00e9e\" \/>\n\t<meta name=\"twitter:data1\" content=\"2 minutes\" \/>\n<script type=\"application\/ld+json\" class=\"yoast-schema-graph\">{\"@context\":\"https:\\\/\\\/schema.org\",\"@graph\":[{\"@type\":\"WebPage\",\"@id\":\"https:\\\/\\\/tiketi.com\\\/bus-tickets-from-nakuru-kakamega\\\/\",\"url\":\"https:\\\/\\\/tiketi.com\\\/bus-tickets-from-nakuru-kakamega\\\/\",\"name\":\"Bus from Nakuru to Kakamega Bus Tickets, Fare, Schedule & Route\",\"isPartOf\":{\"@id\":\"https:\\\/\\\/tiketi.com\\\/#website\"},\"primaryImageOfPage\":{\"@id\":\"https:\\\/\\\/tiketi.com\\\/bus-tickets-from-nakuru-kakamega\\\/#primaryimage\"},\"image\":{\"@id\":\"https:\\\/\\\/tiketi.com\\\/bus-tickets-from-nakuru-kakamega\\\/#primaryimage\"},\"thumbnailUrl\":\"https:\\\/\\\/tiketi.com\\\/wp-content\\\/uploads\\\/2022\\\/01\\\/bus-ticket-online-booking.jpg\",\"datePublished\":\"2022-01-19T11:53:48+00:00\",\"dateModified\":\"2022-01-31T12:15:16+00:00\",\"description\":\"Looking for bus from Nakuru to Kakamega bus tickets booking app, schedule & fare? Book cheap bus tickets from Nakuru to Kakamega online\",\"breadcrumb\":{\"@id\":\"https:\\\/\\\/tiketi.com\\\/bus-tickets-from-nakuru-kakamega\\\/#breadcrumb\"},\"inLanguage\":\"fr-FR\",\"potentialAction\":[{\"@type\":\"ReadAction\",\"target\":[\"https:\\\/\\\/tiketi.com\\\/bus-tickets-from-nakuru-kakamega\\\/\"]}]},{\"@type\":\"ImageObject\",\"inLanguage\":\"fr-FR\",\"@id\":\"https:\\\/\\\/tiketi.com\\\/bus-tickets-from-nakuru-kakamega\\\/#primaryimage\",\"url\":\"https:\\\/\\\/tiketi.com\\\/wp-content\\\/uploads\\\/2022\\\/01\\\/bus-ticket-online-booking.jpg\",\"contentUrl\":\"https:\\\/\\\/tiketi.com\\\/wp-content\\\/uploads\\\/2022\\\/01\\\/bus-ticket-online-booking.jpg\",\"width\":1200,\"height\":206,\"caption\":\"Online Bus Ticket Booking\"},{\"@type\":\"BreadcrumbList\",\"@id\":\"https:\\\/\\\/tiketi.com\\\/bus-tickets-from-nakuru-kakamega\\\/#breadcrumb\",\"itemListElement\":[{\"@type\":\"ListItem\",\"position\":1,\"name\":\"Home\",\"item\":\"https:\\\/\\\/tiketi.com\\\/\"},{\"@type\":\"ListItem\",\"position\":2,\"name\":\"Bus from Nakuru to Kakamega Bus Tickets, Fare, Schedule &#038; Route\"}]},{\"@type\":\"WebSite\",\"@id\":\"https:\\\/\\\/tiketi.com\\\/#website\",\"url\":\"https:\\\/\\\/tiketi.com\\\/\",\"name\":\"Flight & Bus Tickets, Tour Packages & Activitites - Tiketi.com\",\"description\":\"Flight &amp; Bus Tickets, Tours, Activitites\",\"publisher\":{\"@id\":\"https:\\\/\\\/tiketi.com\\\/#organization\"},\"potentialAction\":[{\"@type\":\"SearchAction\",\"target\":{\"@type\":\"EntryPoint\",\"urlTemplate\":\"https:\\\/\\\/tiketi.com\\\/?s={search_term_string}\"},\"query-input\":{\"@type\":\"PropertyValueSpecification\",\"valueRequired\":true,\"valueName\":\"search_term_string\"}}],\"inLanguage\":\"fr-FR\"},{\"@type\":\"Organization\",\"@id\":\"https:\\\/\\\/tiketi.com\\\/#organization\",\"name\":\"Tiketi.com\",\"alternateName\":\"Tiketi\",\"url\":\"https:\\\/\\\/tiketi.com\\\/\",\"logo\":{\"@type\":\"ImageObject\",\"inLanguage\":\"fr-FR\",\"@id\":\"https:\\\/\\\/tiketi.com\\\/#\\\/schema\\\/logo\\\/image\\\/\",\"url\":\"https:\\\/\\\/tiketi.com\\\/wp-content\\\/uploads\\\/2019\\\/05\\\/tiketi-logo-696.png\",\"contentUrl\":\"https:\\\/\\\/tiketi.com\\\/wp-content\\\/uploads\\\/2019\\\/05\\\/tiketi-logo-696.png\",\"width\":696,\"height\":696,\"caption\":\"Tiketi.com\"},\"image\":{\"@id\":\"https:\\\/\\\/tiketi.com\\\/#\\\/schema\\\/logo\\\/image\\\/\"},\"sameAs\":[\"https:\\\/\\\/www.facebook.com\\\/TiketiCom\\\/\"]}]}<\/script>\n<!-- \/ Yoast SEO plugin. -->","yoast_head_json":{"title":"Bus de Nakuru \u00e0 Kakamega Billets de bus, tarif, horaires et itin\u00e9raire","description":"Vous recherchez une application de r\u00e9servation de billets de bus de Nakuru \u00e0 Kakamega, les horaires et les tarifs\u00a0? R\u00e9servez en ligne des billets de bus \u00e0 petits prix de Nakuru \u00e0 Kakamega","robots":{"index":"index","follow":"follow","max-snippet":"max-snippet:-1","max-image-preview":"max-image-preview:large","max-video-preview":"max-video-preview:-1"},"canonical":"https:\/\/tiketi.com\/fr-fr\/bus-tickets-from-nakuru-kakamega\/","og_locale":"fr_FR","og_type":"article","og_title":"Bus from Nakuru to Kakamega Bus Tickets, Fare, Schedule & Route","og_description":"Looking for bus from Nakuru to Kakamega bus tickets booking app, schedule & fare? Book cheap bus tickets from Nakuru to Kakamega online","og_url":"https:\/\/tiketi.com\/fr-fr\/bus-tickets-from-nakuru-kakamega\/","og_site_name":"Tiketi.com","article_publisher":"https:\/\/www.facebook.com\/TiketiCom\/","article_modified_time":"2022-01-31T12:15:16+00:00","og_image":[{"width":1200,"height":206,"url":"https:\/\/tiketi.com\/wp-content\/uploads\/2022\/01\/bus-ticket-online-booking.jpg","type":"image\/jpeg"}],"twitter_card":"summary_large_image","twitter_misc":{"Dur\u00e9e de lecture estim\u00e9e":"2 minutes"},"schema":{"@context":"https:\/\/schema.org","@graph":[{"@type":"WebPage","@id":"https:\/\/tiketi.com\/bus-tickets-from-nakuru-kakamega\/","url":"https:\/\/tiketi.com\/bus-tickets-from-nakuru-kakamega\/","name":"Bus de Nakuru \u00e0 Kakamega Billets de bus, tarif, horaires et itin\u00e9raire","isPartOf":{"@id":"https:\/\/tiketi.com\/#website"},"primaryImageOfPage":{"@id":"https:\/\/tiketi.com\/bus-tickets-from-nakuru-kakamega\/#primaryimage"},"image":{"@id":"https:\/\/tiketi.com\/bus-tickets-from-nakuru-kakamega\/#primaryimage"},"thumbnailUrl":"https:\/\/tiketi.com\/wp-content\/uploads\/2022\/01\/bus-ticket-online-booking.jpg","datePublished":"2022-01-19T11:53:48+00:00","dateModified":"2022-01-31T12:15:16+00:00","description":"Vous recherchez une application de r\u00e9servation de billets de bus de Nakuru \u00e0 Kakamega, les horaires et les tarifs\u00a0? R\u00e9servez en ligne des billets de bus \u00e0 petits prix de Nakuru \u00e0 Kakamega","breadcrumb":{"@id":"https:\/\/tiketi.com\/bus-tickets-from-nakuru-kakamega\/#breadcrumb"},"inLanguage":"fr-FR","potentialAction":[{"@type":"ReadAction","target":["https:\/\/tiketi.com\/bus-tickets-from-nakuru-kakamega\/"]}]},{"@type":"ImageObject","inLanguage":"fr-FR","@id":"https:\/\/tiketi.com\/bus-tickets-from-nakuru-kakamega\/#primaryimage","url":"https:\/\/tiketi.com\/wp-content\/uploads\/2022\/01\/bus-ticket-online-booking.jpg","contentUrl":"https:\/\/tiketi.com\/wp-content\/uploads\/2022\/01\/bus-ticket-online-booking.jpg","width":1200,"height":206,"caption":"Online Bus Ticket Booking"},{"@type":"BreadcrumbList","@id":"https:\/\/tiketi.com\/bus-tickets-from-nakuru-kakamega\/#breadcrumb","itemListElement":[{"@type":"ListItem","position":1,"name":"Home","item":"https:\/\/tiketi.com\/"},{"@type":"ListItem","position":2,"name":"Bus from Nakuru to Kakamega Bus Tickets, Fare, Schedule &#038; Route"}]},{"@type":"WebSite","@id":"https:\/\/tiketi.com\/#website","url":"https:\/\/tiketi.com\/","name":"Billets d&#039;avion et de bus, forfaits touristiques et activit\u00e9s - Tiketi.com","description":"Billets d&#039;avion et de bus, Tours, Activit\u00e9s","publisher":{"@id":"https:\/\/tiketi.com\/#organization"},"potentialAction":[{"@type":"SearchAction","target":{"@type":"EntryPoint","urlTemplate":"https:\/\/tiketi.com\/?s={search_term_string}"},"query-input":{"@type":"PropertyValueSpecification","valueRequired":true,"valueName":"search_term_string"}}],"inLanguage":"fr-FR"},{"@type":"Organization","@id":"https:\/\/tiketi.com\/#organization","name":"Tiketi.com","alternateName":"Tiketi","url":"https:\/\/tiketi.com\/","logo":{"@type":"ImageObject","inLanguage":"fr-FR","@id":"https:\/\/tiketi.com\/#\/schema\/logo\/image\/","url":"https:\/\/tiketi.com\/wp-content\/uploads\/2019\/05\/tiketi-logo-696.png","contentUrl":"https:\/\/tiketi.com\/wp-content\/uploads\/2019\/05\/tiketi-logo-696.png","width":696,"height":696,"caption":"Tiketi.com"},"image":{"@id":"https:\/\/tiketi.com\/#\/schema\/logo\/image\/"},"sameAs":["https:\/\/www.facebook.com\/TiketiCom\/"]}]}},"_links":{"self":[{"href":"https:\/\/tiketi.com\/fr-fr\/wp-json\/wp\/v2\/pages\/10788","targetHints":{"allow":["GET"]}}],"collection":[{"href":"https:\/\/tiketi.com\/fr-fr\/wp-json\/wp\/v2\/pages"}],"about":[{"href":"https:\/\/tiketi.com\/fr-fr\/wp-json\/wp\/v2\/types\/page"}],"author":[{"embeddable":true,"href":"https:\/\/tiketi.com\/fr-fr\/wp-json\/wp\/v2\/users\/1"}],"replies":[{"embeddable":true,"href":"https:\/\/tiketi.com\/fr-fr\/wp-json\/wp\/v2\/comments?post=10788"}],"version-history":[{"count":0,"href":"https:\/\/tiketi.com\/fr-fr\/wp-json\/wp\/v2\/pages\/10788\/revisions"}],"wp:featuredmedia":[{"embeddable":true,"href":"https:\/\/tiketi.com\/fr-fr\/wp-json\/wp\/v2\/media\/13999"}],"wp:attachment":[{"href":"https:\/\/tiketi.com\/fr-fr\/wp-json\/wp\/v2\/media?parent=10788"}],"curies":[{"name":"wp","href":"https:\/\/api.w.org\/{rel}","templated":true}]}}