{"id":10789,"date":"2022-01-19T12:53:49","date_gmt":"2022-01-19T11:53:49","guid":{"rendered":"https:\/\/new.tiketi.com\/bus-from-dodoma-to-tabora-bus-tickets-fare-schedule-route\/"},"modified":"2023-06-19T17:48:48","modified_gmt":"2023-06-19T16:48:48","slug":"dodoma-to-tabora","status":"publish","type":"page","link":"https:\/\/tiketi.com\/fr-fr\/routes\/bus\/dodoma-to-tabora\/","title":{"rendered":"Bus de Dodoma \u00e0 Tabora Billets de bus, tarifs et horaires"},"content":{"rendered":"<h2>Billets de bus pas chers de Dodoma \u00e0 Tabora R\u00e9servation en ligne<\/h2>\n<h3>D\u00e9couvrez votre itin\u00e9raire sur le web, le mobile ou l&#039;application et r\u00e9servez en ligne maintenant un billet de bus pas cher de Dodoma \u00e0 Tabora.<\/h3>\n<p>Comparez et r\u00e9servez en ligne des billets de bus de Dodoma \u00e0 Tabora pas chers et voyagez de Dodoma \u00e0 Tabora en bus. Historiquement, Tabora \u00e9tait autrefois un grand point de commerce et une escale pour les caravanes qui reliaient le lac Tanganyika et l&#039;Afrique centrale \u00e0 la ville c\u00f4ti\u00e8re de Bagamoyo au nord-est. Voici l&#039;id\u00e9e sur la fa\u00e7on de r\u00e9server des billets de bus de Dodoma \u00e0 Tabora :<\/p>\n<h2>Bus de Dodoma \u00e0 Tabora R\u00e9servation de billets de bus, itin\u00e9raires, horaires et tarifs FAQ<\/h2>\n<h3>Est-ce que Dodoma \u00e0 Tabora en bus est le moyen le plus \u00e9conomique pour se rendre de Dodoma \u00e0 Tabora ?<\/h3>\n<p>Dodoma \u00e0 Tabora en bus est le moyen abordable de se rendre \u00e0 Tabora depuis Dodoma. Le trajet en bus de Dodoma \u00e0 Tabora est de $45 \u2013 $70 et dure 8h 10m.<\/p>\n<h3>Quel est le moyen le plus rapide pour se rendre de Dodoma \u00e0 Tabora ?<\/h3>\n<p>Le moyen le plus rapide pour se rendre de Dodoma \u00e0 Tabora est de prendre un voiture ce qui co\u00fbtera $30 et prend 6h 10m.<\/p>\n<h3>Y a-t-il un bus entre Tabora et Dodoma ?<\/h3>\n<p>Oui, il y a un bus direct entre Dodoma et Tabora. Les services partent un par jour, et circulent chaque jour. Le trajet dure environ 6h 20m.<\/p>\n<h3>Quelle est la distance entre Dodoma et Tabora?<\/h3>\n<p>La distance entre Dodoma et Tabora est de 345 km.<\/p>\n<h3>O\u00f9 prendre le bus depuis Dodoma pour Tabora ?<\/h3>\n<p>Les services de bus Dodoma \u00e0 Tabora, g\u00e9r\u00e9s par Kidia One Express, partent de la gare de Dodoma tous les jours.<\/p>\n<h3>Train ou bus Dodoma jusqu&#039;\u00e0 Tabora?<\/h3>\n<p>Dodoma \u00e0 Tabora en bus est l&#039;un des moyens les moins chers de se rendre de Dodoma \u00e0 Tabora qui co\u00fbte et prend 6h 20m. Sinon, vous pouvez vous entra\u00eener, ce qui co\u00fbte et dure 12h 50m.<\/p>\n<h2>Billets de bus de Dodoma \u00e0 Tabora<\/h2>\n<p>L&#039;ancienne importance de Tabora est illustr\u00e9e par le fait que le tristement c\u00e9l\u00e8bre commer\u00e7ant Tippu Tip, qui a v\u00e9cu au XIXe si\u00e8cle, a fait de Tabora le centre de son grand empire commercial d&#039;ivoire et d&#039;esclaves. La ville \u00e9tait \u00e9galement une station missionnaire vitale au d\u00e9but de l&#039;exploration occidentale de la Tanzanie. Living Stone et Stanley se sont arr\u00eat\u00e9s ici lors de leurs voyages. Pendant l&#039;occupation allemande, Tabora \u00e9tait l&#039;une des villes les plus prosp\u00e8res et les plus peupl\u00e9es de toute l&#039;Afrique de l&#039;Est.<\/p>","protected":false},"excerpt":{"rendered":"<p>Cheap Bus Tickets from Dodoma to Tabora Online Booking Discover your travel route on web, mobile or app and book cheap bus ticket from Dodoma to Tabora online now. Compare and do cheap bus from Dodoma to Tabora bus tickets booking online and travel Dodoma to Tabora by bus. Historically, Tabora was once a big [&hellip;]<\/p>\n","protected":false},"author":1,"featured_media":13999,"parent":25566,"menu_order":0,"comment_status":"open","ping_status":"closed","template":"template-home-modern.php","meta":{"footnotes":""},"class_list":["post-10789","page","type-page","status-publish","has-post-thumbnail","hentry"],"yoast_head":"<!-- This site is optimized with the Yoast SEO plugin v27.3 - https:\/\/yoast.com\/product\/yoast-seo-wordpress\/ -->\n<title>Bus from Dodoma to Tabora Bus Tickets, Fare, Schedule &amp; Route<\/title>\n<meta name=\"description\" content=\"Looking for bus from Dodoma to Tabora bus tickets booking app, routes, schedules &amp; fares? Book cheap bus tickets from Dodoma to Tabora online\" \/>\n<meta name=\"robots\" content=\"index, follow, max-snippet:-1, max-image-preview:large, max-video-preview:-1\" \/>\n<link rel=\"canonical\" href=\"https:\/\/tiketi.com\/fr-fr\/njia\/nauli-mabasi\/dodoma-kwenda-tabora\/\" \/>\n<meta property=\"og:locale\" content=\"fr_FR\" \/>\n<meta property=\"og:type\" content=\"article\" \/>\n<meta property=\"og:title\" content=\"Bus from Dodoma to Tabora Bus Tickets, Fare, Schedule &amp; Route\" \/>\n<meta property=\"og:description\" content=\"Looking for bus from Dodoma to Tabora bus tickets booking app, routes, schedules &amp; fares? Book cheap bus tickets from Dodoma to Tabora online\" \/>\n<meta property=\"og:url\" content=\"https:\/\/tiketi.com\/fr-fr\/njia\/nauli-mabasi\/dodoma-kwenda-tabora\/\" \/>\n<meta property=\"og:site_name\" content=\"Tiketi.com\" \/>\n<meta property=\"article:publisher\" content=\"https:\/\/www.facebook.com\/TiketiCom\/\" \/>\n<meta property=\"article:modified_time\" content=\"2023-06-19T16:48:48+00:00\" \/>\n<meta property=\"og:image\" content=\"https:\/\/tiketi.com\/wp-content\/uploads\/2022\/01\/bus-ticket-online-booking.jpg\" \/>\n\t<meta property=\"og:image:width\" content=\"1200\" \/>\n\t<meta property=\"og:image:height\" content=\"206\" \/>\n\t<meta property=\"og:image:type\" content=\"image\/jpeg\" \/>\n<meta name=\"twitter:card\" content=\"summary_large_image\" \/>\n<meta name=\"twitter:label1\" content=\"Dur\u00e9e de lecture estim\u00e9e\" \/>\n\t<meta name=\"twitter:data1\" content=\"2 minutes\" \/>\n<script type=\"application\/ld+json\" class=\"yoast-schema-graph\">{\"@context\":\"https:\\\/\\\/schema.org\",\"@graph\":[{\"@type\":\"WebPage\",\"@id\":\"https:\\\/\\\/tiketi.com\\\/sw\\\/njia\\\/nauli-mabasi\\\/dodoma-kwenda-tabora\\\/\",\"url\":\"https:\\\/\\\/tiketi.com\\\/sw\\\/njia\\\/nauli-mabasi\\\/dodoma-kwenda-tabora\\\/\",\"name\":\"Bus from Dodoma to Tabora Bus Tickets, Fare, Schedule & Route\",\"isPartOf\":{\"@id\":\"https:\\\/\\\/tiketi.com\\\/#website\"},\"primaryImageOfPage\":{\"@id\":\"https:\\\/\\\/tiketi.com\\\/sw\\\/njia\\\/nauli-mabasi\\\/dodoma-kwenda-tabora\\\/#primaryimage\"},\"image\":{\"@id\":\"https:\\\/\\\/tiketi.com\\\/sw\\\/njia\\\/nauli-mabasi\\\/dodoma-kwenda-tabora\\\/#primaryimage\"},\"thumbnailUrl\":\"https:\\\/\\\/tiketi.com\\\/wp-content\\\/uploads\\\/2022\\\/01\\\/bus-ticket-online-booking.jpg\",\"datePublished\":\"2022-01-19T11:53:49+00:00\",\"dateModified\":\"2023-06-19T16:48:48+00:00\",\"description\":\"Looking for bus from Dodoma to Tabora bus tickets booking app, routes, schedules & fares? Book cheap bus tickets from Dodoma to Tabora online\",\"breadcrumb\":{\"@id\":\"https:\\\/\\\/tiketi.com\\\/sw\\\/njia\\\/nauli-mabasi\\\/dodoma-kwenda-tabora\\\/#breadcrumb\"},\"inLanguage\":\"fr-FR\",\"potentialAction\":[{\"@type\":\"ReadAction\",\"target\":[\"https:\\\/\\\/tiketi.com\\\/sw\\\/njia\\\/nauli-mabasi\\\/dodoma-kwenda-tabora\\\/\"]}]},{\"@type\":\"ImageObject\",\"inLanguage\":\"fr-FR\",\"@id\":\"https:\\\/\\\/tiketi.com\\\/sw\\\/njia\\\/nauli-mabasi\\\/dodoma-kwenda-tabora\\\/#primaryimage\",\"url\":\"https:\\\/\\\/tiketi.com\\\/wp-content\\\/uploads\\\/2022\\\/01\\\/bus-ticket-online-booking.jpg\",\"contentUrl\":\"https:\\\/\\\/tiketi.com\\\/wp-content\\\/uploads\\\/2022\\\/01\\\/bus-ticket-online-booking.jpg\",\"width\":1200,\"height\":206,\"caption\":\"Online Bus Ticket Booking\"},{\"@type\":\"BreadcrumbList\",\"@id\":\"https:\\\/\\\/tiketi.com\\\/sw\\\/njia\\\/nauli-mabasi\\\/dodoma-kwenda-tabora\\\/#breadcrumb\",\"itemListElement\":[{\"@type\":\"ListItem\",\"position\":1,\"name\":\"Home\",\"item\":\"https:\\\/\\\/tiketi.com\\\/\"},{\"@type\":\"ListItem\",\"position\":2,\"name\":\"Routes\",\"item\":\"https:\\\/\\\/tiketi.com\\\/routes\\\/\"},{\"@type\":\"ListItem\",\"position\":3,\"name\":\"Bus\",\"item\":\"https:\\\/\\\/tiketi.com\\\/routes\\\/bus\\\/\"},{\"@type\":\"ListItem\",\"position\":4,\"name\":\"Bus from Dodoma to Tabora Bus Tickets, Fares &#038; Schedules\"}]},{\"@type\":\"WebSite\",\"@id\":\"https:\\\/\\\/tiketi.com\\\/#website\",\"url\":\"https:\\\/\\\/tiketi.com\\\/\",\"name\":\"Flight & Bus Tickets, Tour Packages & Activitites - Tiketi.com\",\"description\":\"Flight &amp; Bus Tickets, Tours, Activitites\",\"publisher\":{\"@id\":\"https:\\\/\\\/tiketi.com\\\/#organization\"},\"potentialAction\":[{\"@type\":\"SearchAction\",\"target\":{\"@type\":\"EntryPoint\",\"urlTemplate\":\"https:\\\/\\\/tiketi.com\\\/?s={search_term_string}\"},\"query-input\":{\"@type\":\"PropertyValueSpecification\",\"valueRequired\":true,\"valueName\":\"search_term_string\"}}],\"inLanguage\":\"fr-FR\"},{\"@type\":\"Organization\",\"@id\":\"https:\\\/\\\/tiketi.com\\\/#organization\",\"name\":\"Tiketi.com\",\"alternateName\":\"Tiketi\",\"url\":\"https:\\\/\\\/tiketi.com\\\/\",\"logo\":{\"@type\":\"ImageObject\",\"inLanguage\":\"fr-FR\",\"@id\":\"https:\\\/\\\/tiketi.com\\\/#\\\/schema\\\/logo\\\/image\\\/\",\"url\":\"https:\\\/\\\/tiketi.com\\\/wp-content\\\/uploads\\\/2019\\\/05\\\/tiketi-logo-696.png\",\"contentUrl\":\"https:\\\/\\\/tiketi.com\\\/wp-content\\\/uploads\\\/2019\\\/05\\\/tiketi-logo-696.png\",\"width\":696,\"height\":696,\"caption\":\"Tiketi.com\"},\"image\":{\"@id\":\"https:\\\/\\\/tiketi.com\\\/#\\\/schema\\\/logo\\\/image\\\/\"},\"sameAs\":[\"https:\\\/\\\/www.facebook.com\\\/TiketiCom\\\/\"]}]}<\/script>\n<!-- \/ Yoast SEO plugin. -->","yoast_head_json":{"title":"Bus de Dodoma \u00e0 Tabora Billets de bus, tarif, horaires et itin\u00e9raire","description":"Vous recherchez une application de r\u00e9servation de billets de bus de Dodoma \u00e0 Tabora, des itin\u00e9raires, des horaires et des tarifs\u00a0? R\u00e9servez en ligne des billets de bus \u00e0 petits prix de Dodoma \u00e0 Tabora","robots":{"index":"index","follow":"follow","max-snippet":"max-snippet:-1","max-image-preview":"max-image-preview:large","max-video-preview":"max-video-preview:-1"},"canonical":"https:\/\/tiketi.com\/fr-fr\/njia\/nauli-mabasi\/dodoma-kwenda-tabora\/","og_locale":"fr_FR","og_type":"article","og_title":"Bus from Dodoma to Tabora Bus Tickets, Fare, Schedule & Route","og_description":"Looking for bus from Dodoma to Tabora bus tickets booking app, routes, schedules & fares? Book cheap bus tickets from Dodoma to Tabora online","og_url":"https:\/\/tiketi.com\/fr-fr\/njia\/nauli-mabasi\/dodoma-kwenda-tabora\/","og_site_name":"Tiketi.com","article_publisher":"https:\/\/www.facebook.com\/TiketiCom\/","article_modified_time":"2023-06-19T16:48:48+00:00","og_image":[{"width":1200,"height":206,"url":"https:\/\/tiketi.com\/wp-content\/uploads\/2022\/01\/bus-ticket-online-booking.jpg","type":"image\/jpeg"}],"twitter_card":"summary_large_image","twitter_misc":{"Dur\u00e9e de lecture estim\u00e9e":"2 minutes"},"schema":{"@context":"https:\/\/schema.org","@graph":[{"@type":"WebPage","@id":"https:\/\/tiketi.com\/sw\/njia\/nauli-mabasi\/dodoma-kwenda-tabora\/","url":"https:\/\/tiketi.com\/sw\/njia\/nauli-mabasi\/dodoma-kwenda-tabora\/","name":"Bus de Dodoma \u00e0 Tabora Billets de bus, tarif, horaires et itin\u00e9raire","isPartOf":{"@id":"https:\/\/tiketi.com\/#website"},"primaryImageOfPage":{"@id":"https:\/\/tiketi.com\/sw\/njia\/nauli-mabasi\/dodoma-kwenda-tabora\/#primaryimage"},"image":{"@id":"https:\/\/tiketi.com\/sw\/njia\/nauli-mabasi\/dodoma-kwenda-tabora\/#primaryimage"},"thumbnailUrl":"https:\/\/tiketi.com\/wp-content\/uploads\/2022\/01\/bus-ticket-online-booking.jpg","datePublished":"2022-01-19T11:53:49+00:00","dateModified":"2023-06-19T16:48:48+00:00","description":"Vous recherchez une application de r\u00e9servation de billets de bus de Dodoma \u00e0 Tabora, des itin\u00e9raires, des horaires et des tarifs\u00a0? R\u00e9servez en ligne des billets de bus \u00e0 petits prix de Dodoma \u00e0 Tabora","breadcrumb":{"@id":"https:\/\/tiketi.com\/sw\/njia\/nauli-mabasi\/dodoma-kwenda-tabora\/#breadcrumb"},"inLanguage":"fr-FR","potentialAction":[{"@type":"ReadAction","target":["https:\/\/tiketi.com\/sw\/njia\/nauli-mabasi\/dodoma-kwenda-tabora\/"]}]},{"@type":"ImageObject","inLanguage":"fr-FR","@id":"https:\/\/tiketi.com\/sw\/njia\/nauli-mabasi\/dodoma-kwenda-tabora\/#primaryimage","url":"https:\/\/tiketi.com\/wp-content\/uploads\/2022\/01\/bus-ticket-online-booking.jpg","contentUrl":"https:\/\/tiketi.com\/wp-content\/uploads\/2022\/01\/bus-ticket-online-booking.jpg","width":1200,"height":206,"caption":"Online Bus Ticket Booking"},{"@type":"BreadcrumbList","@id":"https:\/\/tiketi.com\/sw\/njia\/nauli-mabasi\/dodoma-kwenda-tabora\/#breadcrumb","itemListElement":[{"@type":"ListItem","position":1,"name":"Home","item":"https:\/\/tiketi.com\/"},{"@type":"ListItem","position":2,"name":"Routes","item":"https:\/\/tiketi.com\/routes\/"},{"@type":"ListItem","position":3,"name":"Bus","item":"https:\/\/tiketi.com\/routes\/bus\/"},{"@type":"ListItem","position":4,"name":"Bus from Dodoma to Tabora Bus Tickets, Fares &#038; Schedules"}]},{"@type":"WebSite","@id":"https:\/\/tiketi.com\/#website","url":"https:\/\/tiketi.com\/","name":"Billets d&#039;avion et de bus, forfaits touristiques et activit\u00e9s - Tiketi.com","description":"Billets d&#039;avion et de bus, Tours, Activit\u00e9s","publisher":{"@id":"https:\/\/tiketi.com\/#organization"},"potentialAction":[{"@type":"SearchAction","target":{"@type":"EntryPoint","urlTemplate":"https:\/\/tiketi.com\/?s={search_term_string}"},"query-input":{"@type":"PropertyValueSpecification","valueRequired":true,"valueName":"search_term_string"}}],"inLanguage":"fr-FR"},{"@type":"Organization","@id":"https:\/\/tiketi.com\/#organization","name":"Tiketi.com","alternateName":"Tiketi","url":"https:\/\/tiketi.com\/","logo":{"@type":"ImageObject","inLanguage":"fr-FR","@id":"https:\/\/tiketi.com\/#\/schema\/logo\/image\/","url":"https:\/\/tiketi.com\/wp-content\/uploads\/2019\/05\/tiketi-logo-696.png","contentUrl":"https:\/\/tiketi.com\/wp-content\/uploads\/2019\/05\/tiketi-logo-696.png","width":696,"height":696,"caption":"Tiketi.com"},"image":{"@id":"https:\/\/tiketi.com\/#\/schema\/logo\/image\/"},"sameAs":["https:\/\/www.facebook.com\/TiketiCom\/"]}]}},"_links":{"self":[{"href":"https:\/\/tiketi.com\/fr-fr\/wp-json\/wp\/v2\/pages\/10789","targetHints":{"allow":["GET"]}}],"collection":[{"href":"https:\/\/tiketi.com\/fr-fr\/wp-json\/wp\/v2\/pages"}],"about":[{"href":"https:\/\/tiketi.com\/fr-fr\/wp-json\/wp\/v2\/types\/page"}],"author":[{"embeddable":true,"href":"https:\/\/tiketi.com\/fr-fr\/wp-json\/wp\/v2\/users\/1"}],"replies":[{"embeddable":true,"href":"https:\/\/tiketi.com\/fr-fr\/wp-json\/wp\/v2\/comments?post=10789"}],"version-history":[{"count":0,"href":"https:\/\/tiketi.com\/fr-fr\/wp-json\/wp\/v2\/pages\/10789\/revisions"}],"up":[{"embeddable":true,"href":"https:\/\/tiketi.com\/fr-fr\/wp-json\/wp\/v2\/pages\/25566"}],"wp:featuredmedia":[{"embeddable":true,"href":"https:\/\/tiketi.com\/fr-fr\/wp-json\/wp\/v2\/media\/13999"}],"wp:attachment":[{"href":"https:\/\/tiketi.com\/fr-fr\/wp-json\/wp\/v2\/media?parent=10789"}],"curies":[{"name":"wp","href":"https:\/\/api.w.org\/{rel}","templated":true}]}}