{"id":10793,"date":"2022-01-19T12:53:49","date_gmt":"2022-01-19T11:53:49","guid":{"rendered":"https:\/\/new.tiketi.com\/bus-from-mombasa-to-malindi-bus-tickets-fare-schedule-route\/"},"modified":"2022-01-31T09:28:06","modified_gmt":"2022-01-31T08:28:06","slug":"bus-tickets-from-mombasa-to-malindi","status":"publish","type":"page","link":"https:\/\/tiketi.com\/fr-fr\/bus-tickets-from-mombasa-to-malindi\/","title":{"rendered":"Bus de Mombasa \u00e0 Malindi Billets de bus, tarif, horaires et itin\u00e9raire"},"content":{"rendered":"<p>[wbtm-bus-search]<\/p>\n<h2>Cheap Bus Tickets from Mombasa to Malindi Online Booking<\/h2>\n<h3>Discover your travel route on web, mobile or app and book cheap bus ticket from Mombasa to Malindi online now.<\/h3>\n<p>Compare and do cheap bus from Mombasa to Malindi bus tickets booking online and\u00a0travel Mombasa to Malindi\u00a0by road. About 120KM North-East of Mombasa, Malindi is one of the most famous holiday places on the Kenyan coast. Not only does it enjoy the wonderful hot weather and clear blue skies that the full region provides but it is also riddled with some of the whitest sandy beaches you ever saw. Here are some of the best ideas how to book bus tickets from Mombasa to Malindi:<\/p>\n<h2>Bus\u00a0from Mombasa to Malindi Bus Tickets Booking, Routes, Schedules &amp; Fares FAQs<\/h2>\n<h3>Is the Mombasa to Malindi bus the affordable way to get to Malindi from Mombasa?<\/h3>\n<p>The most affordable way to get from Mombasa to Malindi is by bus,\u00a0bus tickets from Mombasa to Malindi costs $10 &#8211; $16 and takes 3h 5m.<\/p>\n<h3>Is there a direct bus between Malindi and Mombasa?<\/h3>\n<p>Yes, there is a direct bus departing from Mombasa. Services depart every 4 hours, and run every day. The journey takes about 3h 5m.<\/p>\n<h3>How do I travel from Mombasa to Malindi without a personal vehicle?<\/h3>\n<p>The top way to get from Mombasa to Malindi without a personal vehicle is to bus which takes 3h 5m and costs.<\/p>\n<h3>Where I get the bus\u00a0from Mombasa to Malindi from?<\/h3>\n<p>Mombasa to Malindi bus services, run by Tawakal coach, departs from Mombasa station.<\/p>\n<h3>Can I drive from Mombasa to Malindi?<\/h3>\n<p>Yes, the driving distance between Malindi and Mombasa is 120 km. it takes about 1h 50m to drive from Mombasa to Malindi.<\/p>\n<h3>What is the quickest way to get from Mombasa to Malindi?<\/h3>\n<p>The fastest way to get from Mombasa to Malindi is to drive which costs $10 &#8211; $17 and takes 1h 50m.<\/p>\n<h3>What is the distance between Malindi and Mombasa?<\/h3>\n<p>The distance between Malindi and Mombasa is 105 km.<\/p>\n<h2>Bus Tickets from Mombasa to Malindi Tips<\/h2>\n<p>From marine national park to ruins and forests of very old civilizations, there is more to do in Malindi than just sunbathe and drink refreshing cocktails by the poolside.<\/p>\n","protected":false},"excerpt":{"rendered":"<p>[wbtm-bus-search] Cheap Bus Tickets from Mombasa to Malindi Online Booking Discover your travel route on web, mobile or app and book cheap bus ticket from Mombasa to Malindi online now. Compare and do cheap bus from Mombasa to Malindi bus tickets booking online and\u00a0travel Mombasa to Malindi\u00a0by road. About 120KM North-East of Mombasa, Malindi is [&hellip;]<\/p>\n","protected":false},"author":1,"featured_media":13999,"parent":0,"menu_order":0,"comment_status":"open","ping_status":"closed","template":"template-home-modern.php","meta":{"footnotes":""},"class_list":["post-10793","page","type-page","status-publish","has-post-thumbnail","hentry"],"yoast_head":"<!-- This site is optimized with the Yoast SEO plugin v27.3 - https:\/\/yoast.com\/product\/yoast-seo-wordpress\/ -->\n<title>Bus from Mombasa to Malindi Bus Tickets, Fare, Schedule &amp; Route<\/title>\n<meta name=\"description\" content=\"Looking for bus from\u00a0Mombasa to Malindi bus tickets booking app, schedules &amp; fares? Book cheap bus tickets from Mombasa to Malindi online now\" \/>\n<meta name=\"robots\" content=\"index, follow, max-snippet:-1, max-image-preview:large, max-video-preview:-1\" \/>\n<link rel=\"canonical\" href=\"https:\/\/tiketi.com\/fr-fr\/bus-tickets-from-mombasa-to-malindi\/\" \/>\n<meta property=\"og:locale\" content=\"fr_FR\" \/>\n<meta property=\"og:type\" content=\"article\" \/>\n<meta property=\"og:title\" content=\"Bus from Mombasa to Malindi Bus Tickets, Fare, Schedule &amp; Route\" \/>\n<meta property=\"og:description\" content=\"Looking for bus from\u00a0Mombasa to Malindi bus tickets booking app, schedules &amp; fares? Book cheap bus tickets from Mombasa to Malindi online now\" \/>\n<meta property=\"og:url\" content=\"https:\/\/tiketi.com\/fr-fr\/bus-tickets-from-mombasa-to-malindi\/\" \/>\n<meta property=\"og:site_name\" content=\"Tiketi.com\" \/>\n<meta property=\"article:publisher\" content=\"https:\/\/www.facebook.com\/TiketiCom\/\" \/>\n<meta property=\"article:modified_time\" content=\"2022-01-31T08:28:06+00:00\" \/>\n<meta property=\"og:image\" content=\"https:\/\/tiketi.com\/wp-content\/uploads\/2022\/01\/bus-ticket-online-booking.jpg\" \/>\n\t<meta property=\"og:image:width\" content=\"1200\" \/>\n\t<meta property=\"og:image:height\" content=\"206\" \/>\n\t<meta property=\"og:image:type\" content=\"image\/jpeg\" \/>\n<meta name=\"twitter:card\" content=\"summary_large_image\" \/>\n<meta name=\"twitter:label1\" content=\"Dur\u00e9e de lecture estim\u00e9e\" \/>\n\t<meta name=\"twitter:data1\" content=\"2 minutes\" \/>\n<script type=\"application\/ld+json\" class=\"yoast-schema-graph\">{\"@context\":\"https:\\\/\\\/schema.org\",\"@graph\":[{\"@type\":\"WebPage\",\"@id\":\"https:\\\/\\\/tiketi.com\\\/bus-tickets-from-mombasa-to-malindi\\\/\",\"url\":\"https:\\\/\\\/tiketi.com\\\/bus-tickets-from-mombasa-to-malindi\\\/\",\"name\":\"Bus from Mombasa to Malindi Bus Tickets, Fare, Schedule & Route\",\"isPartOf\":{\"@id\":\"https:\\\/\\\/tiketi.com\\\/#website\"},\"primaryImageOfPage\":{\"@id\":\"https:\\\/\\\/tiketi.com\\\/bus-tickets-from-mombasa-to-malindi\\\/#primaryimage\"},\"image\":{\"@id\":\"https:\\\/\\\/tiketi.com\\\/bus-tickets-from-mombasa-to-malindi\\\/#primaryimage\"},\"thumbnailUrl\":\"https:\\\/\\\/tiketi.com\\\/wp-content\\\/uploads\\\/2022\\\/01\\\/bus-ticket-online-booking.jpg\",\"datePublished\":\"2022-01-19T11:53:49+00:00\",\"dateModified\":\"2022-01-31T08:28:06+00:00\",\"description\":\"Looking for bus from\u00a0Mombasa to Malindi bus tickets booking app, schedules & fares? Book cheap bus tickets from Mombasa to Malindi online now\",\"breadcrumb\":{\"@id\":\"https:\\\/\\\/tiketi.com\\\/bus-tickets-from-mombasa-to-malindi\\\/#breadcrumb\"},\"inLanguage\":\"fr-FR\",\"potentialAction\":[{\"@type\":\"ReadAction\",\"target\":[\"https:\\\/\\\/tiketi.com\\\/bus-tickets-from-mombasa-to-malindi\\\/\"]}]},{\"@type\":\"ImageObject\",\"inLanguage\":\"fr-FR\",\"@id\":\"https:\\\/\\\/tiketi.com\\\/bus-tickets-from-mombasa-to-malindi\\\/#primaryimage\",\"url\":\"https:\\\/\\\/tiketi.com\\\/wp-content\\\/uploads\\\/2022\\\/01\\\/bus-ticket-online-booking.jpg\",\"contentUrl\":\"https:\\\/\\\/tiketi.com\\\/wp-content\\\/uploads\\\/2022\\\/01\\\/bus-ticket-online-booking.jpg\",\"width\":1200,\"height\":206,\"caption\":\"Online Bus Ticket Booking\"},{\"@type\":\"BreadcrumbList\",\"@id\":\"https:\\\/\\\/tiketi.com\\\/bus-tickets-from-mombasa-to-malindi\\\/#breadcrumb\",\"itemListElement\":[{\"@type\":\"ListItem\",\"position\":1,\"name\":\"Home\",\"item\":\"https:\\\/\\\/tiketi.com\\\/\"},{\"@type\":\"ListItem\",\"position\":2,\"name\":\"Bus from Mombasa to Malindi Bus Tickets, Fare, Schedule &#038; Route\"}]},{\"@type\":\"WebSite\",\"@id\":\"https:\\\/\\\/tiketi.com\\\/#website\",\"url\":\"https:\\\/\\\/tiketi.com\\\/\",\"name\":\"Flight & Bus Tickets, Tour Packages & Activitites - Tiketi.com\",\"description\":\"Flight &amp; Bus Tickets, Tours, Activitites\",\"publisher\":{\"@id\":\"https:\\\/\\\/tiketi.com\\\/#organization\"},\"potentialAction\":[{\"@type\":\"SearchAction\",\"target\":{\"@type\":\"EntryPoint\",\"urlTemplate\":\"https:\\\/\\\/tiketi.com\\\/?s={search_term_string}\"},\"query-input\":{\"@type\":\"PropertyValueSpecification\",\"valueRequired\":true,\"valueName\":\"search_term_string\"}}],\"inLanguage\":\"fr-FR\"},{\"@type\":\"Organization\",\"@id\":\"https:\\\/\\\/tiketi.com\\\/#organization\",\"name\":\"Tiketi.com\",\"alternateName\":\"Tiketi\",\"url\":\"https:\\\/\\\/tiketi.com\\\/\",\"logo\":{\"@type\":\"ImageObject\",\"inLanguage\":\"fr-FR\",\"@id\":\"https:\\\/\\\/tiketi.com\\\/#\\\/schema\\\/logo\\\/image\\\/\",\"url\":\"https:\\\/\\\/tiketi.com\\\/wp-content\\\/uploads\\\/2019\\\/05\\\/tiketi-logo-696.png\",\"contentUrl\":\"https:\\\/\\\/tiketi.com\\\/wp-content\\\/uploads\\\/2019\\\/05\\\/tiketi-logo-696.png\",\"width\":696,\"height\":696,\"caption\":\"Tiketi.com\"},\"image\":{\"@id\":\"https:\\\/\\\/tiketi.com\\\/#\\\/schema\\\/logo\\\/image\\\/\"},\"sameAs\":[\"https:\\\/\\\/www.facebook.com\\\/TiketiCom\\\/\"]}]}<\/script>\n<!-- \/ Yoast SEO plugin. -->","yoast_head_json":{"title":"Bus de Mombasa \u00e0 Malindi Billets de bus, tarif, horaires et itin\u00e9raire","description":"\u00c0 la recherche d&#039;une application de r\u00e9servation de billets de bus de Mombasa \u00e0 Malindi, des horaires et des tarifs\u00a0? R\u00e9servez en ligne maintenant des billets de bus \u00e0 bas prix de Mombasa \u00e0 Malindi","robots":{"index":"index","follow":"follow","max-snippet":"max-snippet:-1","max-image-preview":"max-image-preview:large","max-video-preview":"max-video-preview:-1"},"canonical":"https:\/\/tiketi.com\/fr-fr\/bus-tickets-from-mombasa-to-malindi\/","og_locale":"fr_FR","og_type":"article","og_title":"Bus from Mombasa to Malindi Bus Tickets, Fare, Schedule & Route","og_description":"Looking for bus from\u00a0Mombasa to Malindi bus tickets booking app, schedules & fares? Book cheap bus tickets from Mombasa to Malindi online now","og_url":"https:\/\/tiketi.com\/fr-fr\/bus-tickets-from-mombasa-to-malindi\/","og_site_name":"Tiketi.com","article_publisher":"https:\/\/www.facebook.com\/TiketiCom\/","article_modified_time":"2022-01-31T08:28:06+00:00","og_image":[{"width":1200,"height":206,"url":"https:\/\/tiketi.com\/wp-content\/uploads\/2022\/01\/bus-ticket-online-booking.jpg","type":"image\/jpeg"}],"twitter_card":"summary_large_image","twitter_misc":{"Dur\u00e9e de lecture estim\u00e9e":"2 minutes"},"schema":{"@context":"https:\/\/schema.org","@graph":[{"@type":"WebPage","@id":"https:\/\/tiketi.com\/bus-tickets-from-mombasa-to-malindi\/","url":"https:\/\/tiketi.com\/bus-tickets-from-mombasa-to-malindi\/","name":"Bus de Mombasa \u00e0 Malindi Billets de bus, tarif, horaires et itin\u00e9raire","isPartOf":{"@id":"https:\/\/tiketi.com\/#website"},"primaryImageOfPage":{"@id":"https:\/\/tiketi.com\/bus-tickets-from-mombasa-to-malindi\/#primaryimage"},"image":{"@id":"https:\/\/tiketi.com\/bus-tickets-from-mombasa-to-malindi\/#primaryimage"},"thumbnailUrl":"https:\/\/tiketi.com\/wp-content\/uploads\/2022\/01\/bus-ticket-online-booking.jpg","datePublished":"2022-01-19T11:53:49+00:00","dateModified":"2022-01-31T08:28:06+00:00","description":"\u00c0 la recherche d&#039;une application de r\u00e9servation de billets de bus de Mombasa \u00e0 Malindi, des horaires et des tarifs\u00a0? R\u00e9servez en ligne maintenant des billets de bus \u00e0 bas prix de Mombasa \u00e0 Malindi","breadcrumb":{"@id":"https:\/\/tiketi.com\/bus-tickets-from-mombasa-to-malindi\/#breadcrumb"},"inLanguage":"fr-FR","potentialAction":[{"@type":"ReadAction","target":["https:\/\/tiketi.com\/bus-tickets-from-mombasa-to-malindi\/"]}]},{"@type":"ImageObject","inLanguage":"fr-FR","@id":"https:\/\/tiketi.com\/bus-tickets-from-mombasa-to-malindi\/#primaryimage","url":"https:\/\/tiketi.com\/wp-content\/uploads\/2022\/01\/bus-ticket-online-booking.jpg","contentUrl":"https:\/\/tiketi.com\/wp-content\/uploads\/2022\/01\/bus-ticket-online-booking.jpg","width":1200,"height":206,"caption":"Online Bus Ticket Booking"},{"@type":"BreadcrumbList","@id":"https:\/\/tiketi.com\/bus-tickets-from-mombasa-to-malindi\/#breadcrumb","itemListElement":[{"@type":"ListItem","position":1,"name":"Home","item":"https:\/\/tiketi.com\/"},{"@type":"ListItem","position":2,"name":"Bus from Mombasa to Malindi Bus Tickets, Fare, Schedule &#038; Route"}]},{"@type":"WebSite","@id":"https:\/\/tiketi.com\/#website","url":"https:\/\/tiketi.com\/","name":"Billets d&#039;avion et de bus, forfaits touristiques et activit\u00e9s - Tiketi.com","description":"Billets d&#039;avion et de bus, Tours, Activit\u00e9s","publisher":{"@id":"https:\/\/tiketi.com\/#organization"},"potentialAction":[{"@type":"SearchAction","target":{"@type":"EntryPoint","urlTemplate":"https:\/\/tiketi.com\/?s={search_term_string}"},"query-input":{"@type":"PropertyValueSpecification","valueRequired":true,"valueName":"search_term_string"}}],"inLanguage":"fr-FR"},{"@type":"Organization","@id":"https:\/\/tiketi.com\/#organization","name":"Tiketi.com","alternateName":"Tiketi","url":"https:\/\/tiketi.com\/","logo":{"@type":"ImageObject","inLanguage":"fr-FR","@id":"https:\/\/tiketi.com\/#\/schema\/logo\/image\/","url":"https:\/\/tiketi.com\/wp-content\/uploads\/2019\/05\/tiketi-logo-696.png","contentUrl":"https:\/\/tiketi.com\/wp-content\/uploads\/2019\/05\/tiketi-logo-696.png","width":696,"height":696,"caption":"Tiketi.com"},"image":{"@id":"https:\/\/tiketi.com\/#\/schema\/logo\/image\/"},"sameAs":["https:\/\/www.facebook.com\/TiketiCom\/"]}]}},"_links":{"self":[{"href":"https:\/\/tiketi.com\/fr-fr\/wp-json\/wp\/v2\/pages\/10793","targetHints":{"allow":["GET"]}}],"collection":[{"href":"https:\/\/tiketi.com\/fr-fr\/wp-json\/wp\/v2\/pages"}],"about":[{"href":"https:\/\/tiketi.com\/fr-fr\/wp-json\/wp\/v2\/types\/page"}],"author":[{"embeddable":true,"href":"https:\/\/tiketi.com\/fr-fr\/wp-json\/wp\/v2\/users\/1"}],"replies":[{"embeddable":true,"href":"https:\/\/tiketi.com\/fr-fr\/wp-json\/wp\/v2\/comments?post=10793"}],"version-history":[{"count":0,"href":"https:\/\/tiketi.com\/fr-fr\/wp-json\/wp\/v2\/pages\/10793\/revisions"}],"wp:featuredmedia":[{"embeddable":true,"href":"https:\/\/tiketi.com\/fr-fr\/wp-json\/wp\/v2\/media\/13999"}],"wp:attachment":[{"href":"https:\/\/tiketi.com\/fr-fr\/wp-json\/wp\/v2\/media?parent=10793"}],"curies":[{"name":"wp","href":"https:\/\/api.w.org\/{rel}","templated":true}]}}