{"id":10797,"date":"2022-01-19T12:53:49","date_gmt":"2022-01-19T11:53:49","guid":{"rendered":"https:\/\/new.tiketi.com\/bus-from-kisumu-to-nairobi-bus-tickets-fare-schedule-route\/"},"modified":"2022-01-29T18:59:40","modified_gmt":"2022-01-29T17:59:40","slug":"bus-tickets-from-kisumu-to-nairobi","status":"publish","type":"page","link":"https:\/\/tiketi.com\/fr-fr\/bus-tickets-from-kisumu-to-nairobi\/","title":{"rendered":"Bus de Kisumu \u00e0 Nairobi Billets de bus, tarifs, horaires et itin\u00e9raire"},"content":{"rendered":"<h2>Billets de bus pas chers de Kisumu \u00e0 Nairobi R\u00e9servation en ligne<\/h2>\n<h3>D\u00e9couvrez votre itin\u00e9raire de voyage sur le Web, votre mobile ou votre application et r\u00e9servez d\u00e8s maintenant en ligne un billet de bus pas cher de Kisumu \u00e0 Nairobi.<\/h3>\n<p>Comparez et r\u00e9servez des billets de bus pas chers de Kisumu \u00e0 Nairobi en ligne et voyagez Kisumu \u00e0 Nairobi par la route. Nairobi est la capitale du Kenya et l&#039;une des villes les plus c\u00e9l\u00e8bres d&#039;Afrique de l&#039;Est, offrant un abri \u00e0 3,6 millions de personnes. Situ\u00e9e \u00e0 une altitude d&#039;environ 1 660 km dans les hauts plateaux de la partie sud du pays, c&#039;est le principal centre \u00e9conomique, culturel et administratif du pays et aujourd&#039;hui l&#039;une des villes les plus grandes et \u00e0 la croissance la plus rapide d&#039;Afrique. Voici l\u2019id\u00e9e pour r\u00e9server des billets de bus de Kisumu \u00e0 Nairobi\u00a0:<\/p>\n<h2>Bus de Kisumu \u00e0 Nairobi R\u00e9servation de billets de bus, itin\u00e9raires, horaires et tarifs FAQ<\/h2>\n<h3>Le bus de Kisumu \u00e0 Nairobi est-il le moyen abordable pour se rendre \u00e0 Nairobi depuis Kisumu ?<\/h3>\n<p>Le moyen le moins cher de se rendre de Kisumu \u00e0 Nairobi est en bus, les billets de bus de Kisumu \u00e0 Nairobi co\u00fbte $5 \u2013 $17 et prend 7h 35m.<\/p>\n<h3>Le bus Kisumu-Nairobi est-il le moyen le plus rapide pour se rendre \u00e0 Nairobi depuis Kisumu ?<\/h3>\n<p>Le moyen le plus rapide pour se rendre de Kisumu \u00e0 Nairobi est de prendre un <u><a href=\"https:\/\/tiketi.com\/fr-fr\/flightst\/\" target=\"_blank\" rel=\"noopener\">voler<\/a><\/u>. Faire ce choix co\u00fbtera $100 \u2013 $150 et dure 1h 20m.<\/p>\n<h3>Y a-t-il un bus entre Nairobi et Kisumu ?<\/h3>\n<p>Oui, il y a un bus direct, qui part de Kisumu. Les services partent 4 fois par jour et circulent tous les jours. Le trajet dure environ 7h 30min.<\/p>\n<h3>Quelle est la distance entre Kisumu et Nairobi?<\/h3>\n<p>La distance de voyage entre Kisumu et Nairobi bus est de 265 km.<\/p>\n<h3>Comment voyager de Kisumu \u00e0 Nairobi sans v\u00e9hicule personnel ?<\/h3>\n<p>Le meilleur moyen pour se rendre de Kisumu \u00e0 Nairobi sans v\u00e9hicule personnel est de bus, ce qui dure 7h 40m et co\u00fbte $5 \u2013 $20.<\/p>\n<h2>Conseils pour les billets de bus de Kisumu \u00e0 Nairobi<\/h2>\n<p>La Nairobi moderne est toujours la capitale africaine du safari, o\u00f9 sont bas\u00e9es la majorit\u00e9 des soci\u00e9t\u00e9s de safari au Kenya.<br \/>\nLa beaut\u00e9 de Nairobi exerce d\u00e9finitivement un charme magique sur ses visiteurs. La ville enti\u00e8re poss\u00e8de des \u00e9nergies \u00e9tonnantes et c\u2019est un endroit prosp\u00e8re o\u00f9 se trouve toute la vie humaine. C&#039;est un endroit remarquable o\u00f9 travailler, vivre ou visiter et offre un grand contraste o\u00f9 la tribu, la race et l&#039;origine sont toutes des facettes du caract\u00e8re particulier de Nairobi.<\/p>","protected":false},"excerpt":{"rendered":"<p>Cheap Bus Tickets from Kisumu to Nairobi Online Booking Discover your travel route on web, mobile or app and book cheap bus ticket from Kisumu to Nairobi online now. Compare and do cheap bus from Kisumu to Nairobi bus tickets booking online and&nbsp;travel Kisumu to Nairobi&nbsp;by road. Nairobi is the Kenya capital city and one [&hellip;]<\/p>\n","protected":false},"author":1,"featured_media":13999,"parent":0,"menu_order":0,"comment_status":"open","ping_status":"closed","template":"template-home-modern.php","meta":{"footnotes":""},"class_list":["post-10797","page","type-page","status-publish","has-post-thumbnail","hentry"],"yoast_head":"<!-- This site is optimized with the Yoast SEO plugin v27.3 - https:\/\/yoast.com\/product\/yoast-seo-wordpress\/ -->\n<title>Bus from Kisumu to Nairobi Bus Tickets, Fare, Schedule &amp; Route<\/title>\n<meta name=\"description\" content=\"Looking for bus from\u00a0Kisumu to Nairobi bus tickets booking app, route, schedule &amp; fare? Book cheap bus tickets from Kisumu to Nairobi online\" \/>\n<meta name=\"robots\" content=\"index, follow, max-snippet:-1, max-image-preview:large, max-video-preview:-1\" \/>\n<link rel=\"canonical\" href=\"https:\/\/tiketi.com\/fr-fr\/bus-tickets-from-kisumu-to-nairobi\/\" \/>\n<meta property=\"og:locale\" content=\"fr_FR\" \/>\n<meta property=\"og:type\" content=\"article\" \/>\n<meta property=\"og:title\" content=\"Bus from Kisumu to Nairobi Bus Tickets, Fare, Schedule &amp; Route\" \/>\n<meta property=\"og:description\" content=\"Looking for bus from\u00a0Kisumu to Nairobi bus tickets booking app, route, schedule &amp; fare? Book cheap bus tickets from Kisumu to Nairobi online\" \/>\n<meta property=\"og:url\" content=\"https:\/\/tiketi.com\/fr-fr\/bus-tickets-from-kisumu-to-nairobi\/\" \/>\n<meta property=\"og:site_name\" content=\"Tiketi.com\" \/>\n<meta property=\"article:publisher\" content=\"https:\/\/www.facebook.com\/TiketiCom\/\" \/>\n<meta property=\"article:modified_time\" content=\"2022-01-29T17:59:40+00:00\" \/>\n<meta property=\"og:image\" content=\"https:\/\/tiketi.com\/wp-content\/uploads\/2022\/01\/bus-ticket-online-booking.jpg\" \/>\n\t<meta property=\"og:image:width\" content=\"1200\" \/>\n\t<meta property=\"og:image:height\" content=\"206\" \/>\n\t<meta property=\"og:image:type\" content=\"image\/jpeg\" \/>\n<meta name=\"twitter:card\" content=\"summary_large_image\" \/>\n<meta name=\"twitter:label1\" content=\"Dur\u00e9e de lecture estim\u00e9e\" \/>\n\t<meta name=\"twitter:data1\" content=\"2 minutes\" \/>\n<script type=\"application\/ld+json\" class=\"yoast-schema-graph\">{\"@context\":\"https:\\\/\\\/schema.org\",\"@graph\":[{\"@type\":\"WebPage\",\"@id\":\"https:\\\/\\\/tiketi.com\\\/bus-tickets-from-kisumu-to-nairobi\\\/\",\"url\":\"https:\\\/\\\/tiketi.com\\\/bus-tickets-from-kisumu-to-nairobi\\\/\",\"name\":\"Bus from Kisumu to Nairobi Bus Tickets, Fare, Schedule & Route\",\"isPartOf\":{\"@id\":\"https:\\\/\\\/tiketi.com\\\/#website\"},\"primaryImageOfPage\":{\"@id\":\"https:\\\/\\\/tiketi.com\\\/bus-tickets-from-kisumu-to-nairobi\\\/#primaryimage\"},\"image\":{\"@id\":\"https:\\\/\\\/tiketi.com\\\/bus-tickets-from-kisumu-to-nairobi\\\/#primaryimage\"},\"thumbnailUrl\":\"https:\\\/\\\/tiketi.com\\\/wp-content\\\/uploads\\\/2022\\\/01\\\/bus-ticket-online-booking.jpg\",\"datePublished\":\"2022-01-19T11:53:49+00:00\",\"dateModified\":\"2022-01-29T17:59:40+00:00\",\"description\":\"Looking for bus from\u00a0Kisumu to Nairobi bus tickets booking app, route, schedule & fare? Book cheap bus tickets from Kisumu to Nairobi online\",\"breadcrumb\":{\"@id\":\"https:\\\/\\\/tiketi.com\\\/bus-tickets-from-kisumu-to-nairobi\\\/#breadcrumb\"},\"inLanguage\":\"fr-FR\",\"potentialAction\":[{\"@type\":\"ReadAction\",\"target\":[\"https:\\\/\\\/tiketi.com\\\/bus-tickets-from-kisumu-to-nairobi\\\/\"]}]},{\"@type\":\"ImageObject\",\"inLanguage\":\"fr-FR\",\"@id\":\"https:\\\/\\\/tiketi.com\\\/bus-tickets-from-kisumu-to-nairobi\\\/#primaryimage\",\"url\":\"https:\\\/\\\/tiketi.com\\\/wp-content\\\/uploads\\\/2022\\\/01\\\/bus-ticket-online-booking.jpg\",\"contentUrl\":\"https:\\\/\\\/tiketi.com\\\/wp-content\\\/uploads\\\/2022\\\/01\\\/bus-ticket-online-booking.jpg\",\"width\":1200,\"height\":206,\"caption\":\"Online Bus Ticket Booking\"},{\"@type\":\"BreadcrumbList\",\"@id\":\"https:\\\/\\\/tiketi.com\\\/bus-tickets-from-kisumu-to-nairobi\\\/#breadcrumb\",\"itemListElement\":[{\"@type\":\"ListItem\",\"position\":1,\"name\":\"Home\",\"item\":\"https:\\\/\\\/tiketi.com\\\/\"},{\"@type\":\"ListItem\",\"position\":2,\"name\":\"Bus from Kisumu to Nairobi Bus Tickets, Fare, Schedule &#038; Route\"}]},{\"@type\":\"WebSite\",\"@id\":\"https:\\\/\\\/tiketi.com\\\/#website\",\"url\":\"https:\\\/\\\/tiketi.com\\\/\",\"name\":\"Flight & Bus Tickets, Tour Packages & Activitites - Tiketi.com\",\"description\":\"Flight &amp; Bus Tickets, Tours, Activitites\",\"publisher\":{\"@id\":\"https:\\\/\\\/tiketi.com\\\/#organization\"},\"potentialAction\":[{\"@type\":\"SearchAction\",\"target\":{\"@type\":\"EntryPoint\",\"urlTemplate\":\"https:\\\/\\\/tiketi.com\\\/?s={search_term_string}\"},\"query-input\":{\"@type\":\"PropertyValueSpecification\",\"valueRequired\":true,\"valueName\":\"search_term_string\"}}],\"inLanguage\":\"fr-FR\"},{\"@type\":\"Organization\",\"@id\":\"https:\\\/\\\/tiketi.com\\\/#organization\",\"name\":\"Tiketi.com\",\"alternateName\":\"Tiketi\",\"url\":\"https:\\\/\\\/tiketi.com\\\/\",\"logo\":{\"@type\":\"ImageObject\",\"inLanguage\":\"fr-FR\",\"@id\":\"https:\\\/\\\/tiketi.com\\\/#\\\/schema\\\/logo\\\/image\\\/\",\"url\":\"https:\\\/\\\/tiketi.com\\\/wp-content\\\/uploads\\\/2019\\\/05\\\/tiketi-logo-696.png\",\"contentUrl\":\"https:\\\/\\\/tiketi.com\\\/wp-content\\\/uploads\\\/2019\\\/05\\\/tiketi-logo-696.png\",\"width\":696,\"height\":696,\"caption\":\"Tiketi.com\"},\"image\":{\"@id\":\"https:\\\/\\\/tiketi.com\\\/#\\\/schema\\\/logo\\\/image\\\/\"},\"sameAs\":[\"https:\\\/\\\/www.facebook.com\\\/TiketiCom\\\/\"]}]}<\/script>\n<!-- \/ Yoast SEO plugin. -->","yoast_head_json":{"title":"Bus de Kisumu \u00e0 Nairobi Billets de bus, tarifs, horaires et itin\u00e9raire","description":"Vous recherchez une application de r\u00e9servation de billets de bus de Kisumu \u00e0 Nairobi, un itin\u00e9raire, des horaires et des tarifs ? R\u00e9servez vos billets de bus pas chers de Kisumu \u00e0 Nairobi en ligne","robots":{"index":"index","follow":"follow","max-snippet":"max-snippet:-1","max-image-preview":"max-image-preview:large","max-video-preview":"max-video-preview:-1"},"canonical":"https:\/\/tiketi.com\/fr-fr\/bus-tickets-from-kisumu-to-nairobi\/","og_locale":"fr_FR","og_type":"article","og_title":"Bus from Kisumu to Nairobi Bus Tickets, Fare, Schedule & Route","og_description":"Looking for bus from\u00a0Kisumu to Nairobi bus tickets booking app, route, schedule & fare? Book cheap bus tickets from Kisumu to Nairobi online","og_url":"https:\/\/tiketi.com\/fr-fr\/bus-tickets-from-kisumu-to-nairobi\/","og_site_name":"Tiketi.com","article_publisher":"https:\/\/www.facebook.com\/TiketiCom\/","article_modified_time":"2022-01-29T17:59:40+00:00","og_image":[{"width":1200,"height":206,"url":"https:\/\/tiketi.com\/wp-content\/uploads\/2022\/01\/bus-ticket-online-booking.jpg","type":"image\/jpeg"}],"twitter_card":"summary_large_image","twitter_misc":{"Dur\u00e9e de lecture estim\u00e9e":"2 minutes"},"schema":{"@context":"https:\/\/schema.org","@graph":[{"@type":"WebPage","@id":"https:\/\/tiketi.com\/bus-tickets-from-kisumu-to-nairobi\/","url":"https:\/\/tiketi.com\/bus-tickets-from-kisumu-to-nairobi\/","name":"Bus de Kisumu \u00e0 Nairobi Billets de bus, tarifs, horaires et itin\u00e9raire","isPartOf":{"@id":"https:\/\/tiketi.com\/#website"},"primaryImageOfPage":{"@id":"https:\/\/tiketi.com\/bus-tickets-from-kisumu-to-nairobi\/#primaryimage"},"image":{"@id":"https:\/\/tiketi.com\/bus-tickets-from-kisumu-to-nairobi\/#primaryimage"},"thumbnailUrl":"https:\/\/tiketi.com\/wp-content\/uploads\/2022\/01\/bus-ticket-online-booking.jpg","datePublished":"2022-01-19T11:53:49+00:00","dateModified":"2022-01-29T17:59:40+00:00","description":"Vous recherchez une application de r\u00e9servation de billets de bus de Kisumu \u00e0 Nairobi, un itin\u00e9raire, des horaires et des tarifs ? R\u00e9servez vos billets de bus pas chers de Kisumu \u00e0 Nairobi en ligne","breadcrumb":{"@id":"https:\/\/tiketi.com\/bus-tickets-from-kisumu-to-nairobi\/#breadcrumb"},"inLanguage":"fr-FR","potentialAction":[{"@type":"ReadAction","target":["https:\/\/tiketi.com\/bus-tickets-from-kisumu-to-nairobi\/"]}]},{"@type":"ImageObject","inLanguage":"fr-FR","@id":"https:\/\/tiketi.com\/bus-tickets-from-kisumu-to-nairobi\/#primaryimage","url":"https:\/\/tiketi.com\/wp-content\/uploads\/2022\/01\/bus-ticket-online-booking.jpg","contentUrl":"https:\/\/tiketi.com\/wp-content\/uploads\/2022\/01\/bus-ticket-online-booking.jpg","width":1200,"height":206,"caption":"Online Bus Ticket Booking"},{"@type":"BreadcrumbList","@id":"https:\/\/tiketi.com\/bus-tickets-from-kisumu-to-nairobi\/#breadcrumb","itemListElement":[{"@type":"ListItem","position":1,"name":"Home","item":"https:\/\/tiketi.com\/"},{"@type":"ListItem","position":2,"name":"Bus from Kisumu to Nairobi Bus Tickets, Fare, Schedule &#038; Route"}]},{"@type":"WebSite","@id":"https:\/\/tiketi.com\/#website","url":"https:\/\/tiketi.com\/","name":"Billets d&#039;avion et de bus, forfaits touristiques et activit\u00e9s - Tiketi.com","description":"Billets d&#039;avion et de bus, Tours, Activit\u00e9s","publisher":{"@id":"https:\/\/tiketi.com\/#organization"},"potentialAction":[{"@type":"SearchAction","target":{"@type":"EntryPoint","urlTemplate":"https:\/\/tiketi.com\/?s={search_term_string}"},"query-input":{"@type":"PropertyValueSpecification","valueRequired":true,"valueName":"search_term_string"}}],"inLanguage":"fr-FR"},{"@type":"Organization","@id":"https:\/\/tiketi.com\/#organization","name":"Tiketi.com","alternateName":"Tiketi","url":"https:\/\/tiketi.com\/","logo":{"@type":"ImageObject","inLanguage":"fr-FR","@id":"https:\/\/tiketi.com\/#\/schema\/logo\/image\/","url":"https:\/\/tiketi.com\/wp-content\/uploads\/2019\/05\/tiketi-logo-696.png","contentUrl":"https:\/\/tiketi.com\/wp-content\/uploads\/2019\/05\/tiketi-logo-696.png","width":696,"height":696,"caption":"Tiketi.com"},"image":{"@id":"https:\/\/tiketi.com\/#\/schema\/logo\/image\/"},"sameAs":["https:\/\/www.facebook.com\/TiketiCom\/"]}]}},"_links":{"self":[{"href":"https:\/\/tiketi.com\/fr-fr\/wp-json\/wp\/v2\/pages\/10797","targetHints":{"allow":["GET"]}}],"collection":[{"href":"https:\/\/tiketi.com\/fr-fr\/wp-json\/wp\/v2\/pages"}],"about":[{"href":"https:\/\/tiketi.com\/fr-fr\/wp-json\/wp\/v2\/types\/page"}],"author":[{"embeddable":true,"href":"https:\/\/tiketi.com\/fr-fr\/wp-json\/wp\/v2\/users\/1"}],"replies":[{"embeddable":true,"href":"https:\/\/tiketi.com\/fr-fr\/wp-json\/wp\/v2\/comments?post=10797"}],"version-history":[{"count":0,"href":"https:\/\/tiketi.com\/fr-fr\/wp-json\/wp\/v2\/pages\/10797\/revisions"}],"wp:featuredmedia":[{"embeddable":true,"href":"https:\/\/tiketi.com\/fr-fr\/wp-json\/wp\/v2\/media\/13999"}],"wp:attachment":[{"href":"https:\/\/tiketi.com\/fr-fr\/wp-json\/wp\/v2\/media?parent=10797"}],"curies":[{"name":"wp","href":"https:\/\/api.w.org\/{rel}","templated":true}]}}