{"id":10798,"date":"2022-01-19T12:53:49","date_gmt":"2022-01-19T11:53:49","guid":{"rendered":"https:\/\/new.tiketi.com\/bus-from-kisumu-to-mombasa-bus-tickets-fare-schedule-route\/"},"modified":"2022-01-29T19:02:47","modified_gmt":"2022-01-29T18:02:47","slug":"bus-tickets-from-kisumu-to-mombasa","status":"publish","type":"page","link":"https:\/\/tiketi.com\/fr-fr\/bus-tickets-from-kisumu-to-mombasa\/","title":{"rendered":"Bus de Kisumu \u00e0 Mombasa Billets de bus, tarifs, horaires et itin\u00e9raire"},"content":{"rendered":"<h2>Billets de bus pas chers de Kisumu \u00e0 Mombasa R\u00e9servation en ligne<\/h2>\n<h3>D\u00e9couvrez votre itin\u00e9raire sur le web, le mobile ou l&#039;application et r\u00e9servez en ligne maintenant un billet de bus pas cher de Kisumu \u00e0 Mombasa.<\/h3>\n<p>Comparez et r\u00e9servez en ligne des billets de bus de Kisumu \u00e0 Mombasa pas chers et voyagez de Kisumu \u00e0 Mombasa par la route. Mombasa est le lieu touristique cl\u00e9 du Kenya. Il est plac\u00e9 sur la c\u00f4te orientale du Kenya bordant l&#039;oc\u00e9an Indien, ce qui en a fait un lieu c\u00e9l\u00e8bre pour ses plages. Mombasa offre une vie marine, des h\u00f4tels haut de gamme et une atmosph\u00e8re conviviale. Il y a un climat tropical toute l&#039;ann\u00e9e, c&#039;est un endroit remarquable rempli d&#039;activit\u00e9s pour tous les \u00e2ges. Voici la meilleure id\u00e9e pour r\u00e9server des billets de bus de Kisumu \u00e0 Mombasa\u00a0:<\/p>\n<h2>Bus de Kisumu \u00e0 Mombasa R\u00e9servation de billets de bus, itin\u00e9raires, horaires et tarifs FAQ<\/h2>\n<h3>Quel est le moyen abordable pour se rendre de Kisumu \u00e0 Mombasa ?<\/h3>\n<p>Le moyen abordable de se rendre de Kisumu \u00e0 Mombasa iy en bus, les billets de bus de Kisumu \u00e0 Mombasa co\u00fbte $15 \u2013 $35 et prend 10h 50m.<\/p>\n<h3>Quel est le moyen le plus rapide pour se rendre de Kisumu \u00e0 Mombasa ?<\/h3>\n<p>Le moyen le plus rapide pour se rendre de Kisumu \u00e0 Mombasa est de prendre un avion, ce qui dure 1h 30m et co\u00fbte $150 \u2013 $250.<\/p>\n<h3>Y a-t-il un bus entre Mombasa et Kisumu ?<\/h3>\n<p>Oui, il y a un bus direct qui part. Les services partent tous les jours 4 heures, et circulent tous les jours. Le trajet dure environ 10h 50m.<\/p>\n<h3>Comment voyager de Kisumu \u00e0 Mombasa sans v\u00e9hicule personnel ?<\/h3>\n<p>Le meilleur moyen pour se rendre de Kisumu \u00e0 Mombasa sans v\u00e9hicule personnel est de bus, ce qui dure 10 50m et co\u00fbte $15 \u2013 $35.<\/p>\n<h3>Avion ou bus Kisumu jusqu&#039;\u00e0 Mombasa ?<\/h3>\n<p>Le meilleur moyen de se rendre de Kisumu \u00e0 Mombasa est de <u><a href=\"https:\/\/tiketi.com\/fr-fr\/flightst\/\" target=\"_blank\" rel=\"noopener\">voler<\/a><\/u> qui prend 1h 50m et co\u00fbte $150 \u2013 $250. Alternativement, vous pouvez prendre le bus, les billets de bus de Kisumu \u00e0<\/p>\n<p>Mombasa $15 \u2013 $35 et dure 10h 50m.<\/p>\n<h3>Quelle est la distance entre Mombasa et Kisumu?<\/h3>\n<p>La distance parcourue entre Mombasa et Kisumu est de 700 km.<\/p>\n<h2>Billets de bus de Kisumu \u00e0 Mombasa<\/h2>\n<p>Mombasa est une ville fond\u00e9e et gouvern\u00e9e par les Swahili. Elle a \u00e9t\u00e9 fond\u00e9e entre le premier et le cinqui\u00e8me si\u00e8cle. \u00c0 certains moments, il a \u00e9t\u00e9 occup\u00e9 par des Arabes, des Portugais et des Britanniques et remonte au XVIe si\u00e8cle.<\/p>","protected":false},"excerpt":{"rendered":"<p>Cheap Bus Tickets from Kisumu to Mombasa Online Booking Discover your travel route on web, mobile or app and book cheap bus ticket from Kisumu to Mombasa online now. Compare and do cheap bus from Kisumu to Mombasa bus tickets booking online and\u00a0travel Kisumu to Mombasa\u00a0by road. Mombasa is Kenya key tourist place. It is [&hellip;]<\/p>\n","protected":false},"author":1,"featured_media":13999,"parent":0,"menu_order":0,"comment_status":"open","ping_status":"closed","template":"template-home-modern.php","meta":{"footnotes":""},"class_list":["post-10798","page","type-page","status-publish","has-post-thumbnail","hentry"],"yoast_head":"<!-- This site is optimized with the Yoast SEO plugin v27.5 - https:\/\/yoast.com\/product\/yoast-seo-wordpress\/ -->\n<title>Bus from Kisumu to Mombasa Bus Tickets, Fare, Schedule &amp; Route<\/title>\n<meta name=\"description\" content=\"Looking for bus from\u00a0Kisumu to Mombasa bus ticket booking app, routes, schedule &amp; fare? Book cheap bus tickets from Kisumu to Mombasa online\" \/>\n<meta name=\"robots\" content=\"index, follow, max-snippet:-1, max-image-preview:large, max-video-preview:-1\" \/>\n<link rel=\"canonical\" href=\"https:\/\/tiketi.com\/fr-fr\/bus-tickets-from-kisumu-to-mombasa\/\" \/>\n<meta property=\"og:locale\" content=\"fr_FR\" \/>\n<meta property=\"og:type\" content=\"article\" \/>\n<meta property=\"og:title\" content=\"Bus from Kisumu to Mombasa Bus Tickets, Fare, Schedule &amp; Route\" \/>\n<meta property=\"og:description\" content=\"Looking for bus from\u00a0Kisumu to Mombasa bus ticket booking app, routes, schedule &amp; fare? Book cheap bus tickets from Kisumu to Mombasa online\" \/>\n<meta property=\"og:url\" content=\"https:\/\/tiketi.com\/fr-fr\/bus-tickets-from-kisumu-to-mombasa\/\" \/>\n<meta property=\"og:site_name\" content=\"Tiketi.com\" \/>\n<meta property=\"article:publisher\" content=\"https:\/\/www.facebook.com\/TiketiCom\/\" \/>\n<meta property=\"article:modified_time\" content=\"2022-01-29T18:02:47+00:00\" \/>\n<meta property=\"og:image\" content=\"https:\/\/tiketi.com\/wp-content\/uploads\/2022\/01\/bus-ticket-online-booking.jpg\" \/>\n\t<meta property=\"og:image:width\" content=\"1200\" \/>\n\t<meta property=\"og:image:height\" content=\"206\" \/>\n\t<meta property=\"og:image:type\" content=\"image\/jpeg\" \/>\n<meta name=\"twitter:card\" content=\"summary_large_image\" \/>\n<meta name=\"twitter:label1\" content=\"Dur\u00e9e de lecture estim\u00e9e\" \/>\n\t<meta name=\"twitter:data1\" content=\"2 minutes\" \/>\n<script type=\"application\/ld+json\" class=\"yoast-schema-graph\">{\"@context\":\"https:\\\/\\\/schema.org\",\"@graph\":[{\"@type\":\"WebPage\",\"@id\":\"https:\\\/\\\/tiketi.com\\\/bus-tickets-from-kisumu-to-mombasa\\\/\",\"url\":\"https:\\\/\\\/tiketi.com\\\/bus-tickets-from-kisumu-to-mombasa\\\/\",\"name\":\"Bus from Kisumu to Mombasa Bus Tickets, Fare, Schedule & Route\",\"isPartOf\":{\"@id\":\"https:\\\/\\\/tiketi.com\\\/#website\"},\"primaryImageOfPage\":{\"@id\":\"https:\\\/\\\/tiketi.com\\\/bus-tickets-from-kisumu-to-mombasa\\\/#primaryimage\"},\"image\":{\"@id\":\"https:\\\/\\\/tiketi.com\\\/bus-tickets-from-kisumu-to-mombasa\\\/#primaryimage\"},\"thumbnailUrl\":\"https:\\\/\\\/tiketi.com\\\/wp-content\\\/uploads\\\/2022\\\/01\\\/bus-ticket-online-booking.jpg\",\"datePublished\":\"2022-01-19T11:53:49+00:00\",\"dateModified\":\"2022-01-29T18:02:47+00:00\",\"description\":\"Looking for bus from\u00a0Kisumu to Mombasa bus ticket booking app, routes, schedule & fare? Book cheap bus tickets from Kisumu to Mombasa online\",\"breadcrumb\":{\"@id\":\"https:\\\/\\\/tiketi.com\\\/bus-tickets-from-kisumu-to-mombasa\\\/#breadcrumb\"},\"inLanguage\":\"fr-FR\",\"potentialAction\":[{\"@type\":\"ReadAction\",\"target\":[\"https:\\\/\\\/tiketi.com\\\/bus-tickets-from-kisumu-to-mombasa\\\/\"]}]},{\"@type\":\"ImageObject\",\"inLanguage\":\"fr-FR\",\"@id\":\"https:\\\/\\\/tiketi.com\\\/bus-tickets-from-kisumu-to-mombasa\\\/#primaryimage\",\"url\":\"https:\\\/\\\/tiketi.com\\\/wp-content\\\/uploads\\\/2022\\\/01\\\/bus-ticket-online-booking.jpg\",\"contentUrl\":\"https:\\\/\\\/tiketi.com\\\/wp-content\\\/uploads\\\/2022\\\/01\\\/bus-ticket-online-booking.jpg\",\"width\":1200,\"height\":206,\"caption\":\"Online Bus Ticket Booking\"},{\"@type\":\"BreadcrumbList\",\"@id\":\"https:\\\/\\\/tiketi.com\\\/bus-tickets-from-kisumu-to-mombasa\\\/#breadcrumb\",\"itemListElement\":[{\"@type\":\"ListItem\",\"position\":1,\"name\":\"Home\",\"item\":\"https:\\\/\\\/tiketi.com\\\/\"},{\"@type\":\"ListItem\",\"position\":2,\"name\":\"Bus from Kisumu to Mombasa Bus Tickets, Fare, Schedule &#038; Route\"}]},{\"@type\":\"WebSite\",\"@id\":\"https:\\\/\\\/tiketi.com\\\/#website\",\"url\":\"https:\\\/\\\/tiketi.com\\\/\",\"name\":\"Flight & Bus Tickets, Tour Packages & Activitites - Tiketi.com\",\"description\":\"Flight &amp; Bus Tickets, Tours, Activitites\",\"publisher\":{\"@id\":\"https:\\\/\\\/tiketi.com\\\/#organization\"},\"potentialAction\":[{\"@type\":\"SearchAction\",\"target\":{\"@type\":\"EntryPoint\",\"urlTemplate\":\"https:\\\/\\\/tiketi.com\\\/?s={search_term_string}\"},\"query-input\":{\"@type\":\"PropertyValueSpecification\",\"valueRequired\":true,\"valueName\":\"search_term_string\"}}],\"inLanguage\":\"fr-FR\"},{\"@type\":\"Organization\",\"@id\":\"https:\\\/\\\/tiketi.com\\\/#organization\",\"name\":\"Tiketi.com\",\"alternateName\":\"Tiketi\",\"url\":\"https:\\\/\\\/tiketi.com\\\/\",\"logo\":{\"@type\":\"ImageObject\",\"inLanguage\":\"fr-FR\",\"@id\":\"https:\\\/\\\/tiketi.com\\\/#\\\/schema\\\/logo\\\/image\\\/\",\"url\":\"https:\\\/\\\/tiketi.com\\\/wp-content\\\/uploads\\\/2019\\\/05\\\/tiketi-logo-696.png\",\"contentUrl\":\"https:\\\/\\\/tiketi.com\\\/wp-content\\\/uploads\\\/2019\\\/05\\\/tiketi-logo-696.png\",\"width\":696,\"height\":696,\"caption\":\"Tiketi.com\"},\"image\":{\"@id\":\"https:\\\/\\\/tiketi.com\\\/#\\\/schema\\\/logo\\\/image\\\/\"},\"sameAs\":[\"https:\\\/\\\/www.facebook.com\\\/TiketiCom\\\/\"]}]}<\/script>\n<!-- \/ Yoast SEO plugin. -->","yoast_head_json":{"title":"Bus de Kisumu \u00e0 Mombasa Billets de bus, tarifs, horaires et itin\u00e9raire","description":"Vous recherchez une application de r\u00e9servation de billets de bus de Kisumu \u00e0 Mombasa, des itin\u00e9raires, des horaires et des tarifs de bus\u00a0? R\u00e9servez en ligne des billets de bus \u00e0 petits prix de Kisumu \u00e0 Mombasa","robots":{"index":"index","follow":"follow","max-snippet":"max-snippet:-1","max-image-preview":"max-image-preview:large","max-video-preview":"max-video-preview:-1"},"canonical":"https:\/\/tiketi.com\/fr-fr\/bus-tickets-from-kisumu-to-mombasa\/","og_locale":"fr_FR","og_type":"article","og_title":"Bus from Kisumu to Mombasa Bus Tickets, Fare, Schedule & Route","og_description":"Looking for bus from\u00a0Kisumu to Mombasa bus ticket booking app, routes, schedule & fare? Book cheap bus tickets from Kisumu to Mombasa online","og_url":"https:\/\/tiketi.com\/fr-fr\/bus-tickets-from-kisumu-to-mombasa\/","og_site_name":"Tiketi.com","article_publisher":"https:\/\/www.facebook.com\/TiketiCom\/","article_modified_time":"2022-01-29T18:02:47+00:00","og_image":[{"width":1200,"height":206,"url":"https:\/\/tiketi.com\/wp-content\/uploads\/2022\/01\/bus-ticket-online-booking.jpg","type":"image\/jpeg"}],"twitter_card":"summary_large_image","twitter_misc":{"Dur\u00e9e de lecture estim\u00e9e":"2 minutes"},"schema":{"@context":"https:\/\/schema.org","@graph":[{"@type":"WebPage","@id":"https:\/\/tiketi.com\/bus-tickets-from-kisumu-to-mombasa\/","url":"https:\/\/tiketi.com\/bus-tickets-from-kisumu-to-mombasa\/","name":"Bus de Kisumu \u00e0 Mombasa Billets de bus, tarifs, horaires et itin\u00e9raire","isPartOf":{"@id":"https:\/\/tiketi.com\/#website"},"primaryImageOfPage":{"@id":"https:\/\/tiketi.com\/bus-tickets-from-kisumu-to-mombasa\/#primaryimage"},"image":{"@id":"https:\/\/tiketi.com\/bus-tickets-from-kisumu-to-mombasa\/#primaryimage"},"thumbnailUrl":"https:\/\/tiketi.com\/wp-content\/uploads\/2022\/01\/bus-ticket-online-booking.jpg","datePublished":"2022-01-19T11:53:49+00:00","dateModified":"2022-01-29T18:02:47+00:00","description":"Vous recherchez une application de r\u00e9servation de billets de bus de Kisumu \u00e0 Mombasa, des itin\u00e9raires, des horaires et des tarifs de bus\u00a0? R\u00e9servez en ligne des billets de bus \u00e0 petits prix de Kisumu \u00e0 Mombasa","breadcrumb":{"@id":"https:\/\/tiketi.com\/bus-tickets-from-kisumu-to-mombasa\/#breadcrumb"},"inLanguage":"fr-FR","potentialAction":[{"@type":"ReadAction","target":["https:\/\/tiketi.com\/bus-tickets-from-kisumu-to-mombasa\/"]}]},{"@type":"ImageObject","inLanguage":"fr-FR","@id":"https:\/\/tiketi.com\/bus-tickets-from-kisumu-to-mombasa\/#primaryimage","url":"https:\/\/tiketi.com\/wp-content\/uploads\/2022\/01\/bus-ticket-online-booking.jpg","contentUrl":"https:\/\/tiketi.com\/wp-content\/uploads\/2022\/01\/bus-ticket-online-booking.jpg","width":1200,"height":206,"caption":"Online Bus Ticket Booking"},{"@type":"BreadcrumbList","@id":"https:\/\/tiketi.com\/bus-tickets-from-kisumu-to-mombasa\/#breadcrumb","itemListElement":[{"@type":"ListItem","position":1,"name":"Home","item":"https:\/\/tiketi.com\/"},{"@type":"ListItem","position":2,"name":"Bus from Kisumu to Mombasa Bus Tickets, Fare, Schedule &#038; Route"}]},{"@type":"WebSite","@id":"https:\/\/tiketi.com\/#website","url":"https:\/\/tiketi.com\/","name":"Billets d&#039;avion et de bus, forfaits touristiques et activit\u00e9s - Tiketi.com","description":"Billets d&#039;avion et de bus, Tours, Activit\u00e9s","publisher":{"@id":"https:\/\/tiketi.com\/#organization"},"potentialAction":[{"@type":"SearchAction","target":{"@type":"EntryPoint","urlTemplate":"https:\/\/tiketi.com\/?s={search_term_string}"},"query-input":{"@type":"PropertyValueSpecification","valueRequired":true,"valueName":"search_term_string"}}],"inLanguage":"fr-FR"},{"@type":"Organization","@id":"https:\/\/tiketi.com\/#organization","name":"Tiketi.com","alternateName":"Tiketi","url":"https:\/\/tiketi.com\/","logo":{"@type":"ImageObject","inLanguage":"fr-FR","@id":"https:\/\/tiketi.com\/#\/schema\/logo\/image\/","url":"https:\/\/tiketi.com\/wp-content\/uploads\/2019\/05\/tiketi-logo-696.png","contentUrl":"https:\/\/tiketi.com\/wp-content\/uploads\/2019\/05\/tiketi-logo-696.png","width":696,"height":696,"caption":"Tiketi.com"},"image":{"@id":"https:\/\/tiketi.com\/#\/schema\/logo\/image\/"},"sameAs":["https:\/\/www.facebook.com\/TiketiCom\/"]}]}},"_links":{"self":[{"href":"https:\/\/tiketi.com\/fr-fr\/wp-json\/wp\/v2\/pages\/10798","targetHints":{"allow":["GET"]}}],"collection":[{"href":"https:\/\/tiketi.com\/fr-fr\/wp-json\/wp\/v2\/pages"}],"about":[{"href":"https:\/\/tiketi.com\/fr-fr\/wp-json\/wp\/v2\/types\/page"}],"author":[{"embeddable":true,"href":"https:\/\/tiketi.com\/fr-fr\/wp-json\/wp\/v2\/users\/1"}],"replies":[{"embeddable":true,"href":"https:\/\/tiketi.com\/fr-fr\/wp-json\/wp\/v2\/comments?post=10798"}],"version-history":[{"count":0,"href":"https:\/\/tiketi.com\/fr-fr\/wp-json\/wp\/v2\/pages\/10798\/revisions"}],"wp:featuredmedia":[{"embeddable":true,"href":"https:\/\/tiketi.com\/fr-fr\/wp-json\/wp\/v2\/media\/13999"}],"wp:attachment":[{"href":"https:\/\/tiketi.com\/fr-fr\/wp-json\/wp\/v2\/media?parent=10798"}],"curies":[{"name":"wp","href":"https:\/\/api.w.org\/{rel}","templated":true}]}}