{"id":10801,"date":"2022-01-19T12:53:49","date_gmt":"2022-01-19T11:53:49","guid":{"rendered":"https:\/\/new.tiketi.com\/bus-from-kisumu-to-kisii-bus-tickets-fare-schedule-route\/"},"modified":"2022-01-29T18:53:04","modified_gmt":"2022-01-29T17:53:04","slug":"bus-tickets-from-kisumu-to-kisii","status":"publish","type":"page","link":"https:\/\/tiketi.com\/fr-fr\/bus-tickets-from-kisumu-to-kisii\/","title":{"rendered":"Bus de Kisumu \u00e0 Kisii Billets de bus, tarifs, horaires et itin\u00e9raire"},"content":{"rendered":"<h2>Billets de bus pas chers de Kisumu \u00e0 Kisii : r\u00e9servation en ligne<\/h2>\n<h3>D\u00e9couvrez votre itin\u00e9raire de voyage sur le Web, votre mobile ou votre application et r\u00e9servez d\u00e8s maintenant en ligne un billet de bus pas cher de Kisumu \u00e0 Kisii.<\/h3>\n<p>Comparez et r\u00e9servez des billets de bus pas chers de Kisumu \u00e0 Kisii en ligne et voyagez Kisumu \u00e0 Kisii par la route. Kisii est une municipalit\u00e9 et un grand centre urbain du sud-ouest du Kenya. C&#039;est la capitale du comt\u00e9 de Kisii qui compte 1\u00a0265\u00a0870 habitants selon le recensement du Kenya de 2019. La ville de Kissi sert \u00e9galement de centre commercial et urbain cl\u00e9 dans les hauts plateaux de Gusii et dans la r\u00e9gion du sud de Nyanza et de la deuxi\u00e8me plus grande ville du grand Nyanza. apr\u00e8s la ville de Kisumu. Voici l\u2019id\u00e9e pour r\u00e9server des billets de bus de Kisumu \u00e0 Kisii :<\/p>\n<h2>Bus de Kisumu \u00e0 Kisii R\u00e9servation de billets de bus, itin\u00e9raires, horaires et tarifs FAQ<\/h2>\n<h3>Le bus de Kisumu \u00e0 Kisii est-il le moyen abordable de se rendre \u00e0 Kisii depuis Kisumu ?<\/h3>\n<p>Le moyen le moins cher de se rendre de Kisumu \u00e0 Kisii en bus, les billets de bus pas chers de Kisumu \u00e0 Kisii co\u00fbtent $10 \u2013 $15 et prend 1h 50m.<\/p>\n<h3>Quel est le moyen le plus rapide pour se rendre de Kisumu \u00e0 Kisii ?<\/h3>\n<p>Le moyen le plus rapide pour se rendre de Kisumu \u00e0 Kisii est de prendre un voiture ce qui co\u00fbte $8 et prend 50min.<\/p>\n<h3>Quelle est la distance entre Kisumu et Kisii?<\/h3>\n<p>La distance du bus Kisumu \u00e0 Kisii est de 65 km.<\/p>\n<h3>Puis-je conduire de Kisumu \u00e0 Kisii ?<\/h3>\n<p>Oui, la distance entre Kisii et Kisumu est de 112 km. il faut environ 1h 50m pour conduire de Kisumu \u00e0 Kisii.<\/p>\n<h2>Conseils pour les billets de bus de Kisumu \u00e0 Kisii<\/h2>\n<p>C&#039;est une ville remarquable qui abrite plusieurs \u00e9tablissements d&#039;enseignement, organisations, entreprises et agences gouvernementales. La municipalit\u00e9 de Kisii se trouve en plein centre du circuit touristique de l&#039;ouest du Kenya qui contient les sculptures en st\u00e9atite de Tabaka, la r\u00e9serve de chasse de Lambwe Valley, la r\u00e9serve de chasse de Maasai Mara et le bassin complet du lac Victoria.<\/p>\n<p>La ville continue de desservir ces anciennes zones, le plus grand comt\u00e9 du sud de Nyanza et la r\u00e9gion de Trans Mara \u00e0 l&#039;ouest du comt\u00e9 de Narok en termes de commerce. La ville de Kisii relie la vall\u00e9e du Grand Rift et Nairobi \u00e0 Migori et \u00e0 la fronti\u00e8re Kenya-Tanzanie et poss\u00e8de une industrie de production importante bas\u00e9e sur l&#039;agriculture, principalement des plantations.<\/p>","protected":false},"excerpt":{"rendered":"<p>Cheap Bus Tickets from Kisumu to Kisii Online Booking Discover your travel route on web, mobile or app and book cheap bus ticket from Kisumu to Kisii online now. Compare and do cheap bus from Kisumu to Kisii bus tickets booking online and\u00a0travel Kisumu to Kisii\u00a0by road. Kisii is a municipality and a big urban [&hellip;]<\/p>\n","protected":false},"author":1,"featured_media":13999,"parent":0,"menu_order":0,"comment_status":"open","ping_status":"closed","template":"template-home-modern.php","meta":{"footnotes":""},"class_list":["post-10801","page","type-page","status-publish","has-post-thumbnail","hentry"],"yoast_head":"<!-- This site is optimized with the Yoast SEO plugin v27.3 - https:\/\/yoast.com\/product\/yoast-seo-wordpress\/ -->\n<title>Bus from Kisumu to Kisii Bus Tickets, Fare, Schedule &amp; Route<\/title>\n<meta name=\"description\" content=\"Looking for bus from\u00a0Kisumu to Kisii bus tickets booking app, routes, schedules &amp; fares? Book cheap bus tickets from Kisumu to Kisii online\" \/>\n<meta name=\"robots\" content=\"index, follow, max-snippet:-1, max-image-preview:large, max-video-preview:-1\" \/>\n<link rel=\"canonical\" href=\"https:\/\/tiketi.com\/fr-fr\/bus-tickets-from-kisumu-to-kisii\/\" \/>\n<meta property=\"og:locale\" content=\"fr_FR\" \/>\n<meta property=\"og:type\" content=\"article\" \/>\n<meta property=\"og:title\" content=\"Bus from Kisumu to Kisii Bus Tickets, Fare, Schedule &amp; Route\" \/>\n<meta property=\"og:description\" content=\"Looking for bus from\u00a0Kisumu to Kisii bus tickets booking app, routes, schedules &amp; fares? Book cheap bus tickets from Kisumu to Kisii online\" \/>\n<meta property=\"og:url\" content=\"https:\/\/tiketi.com\/fr-fr\/bus-tickets-from-kisumu-to-kisii\/\" \/>\n<meta property=\"og:site_name\" content=\"Tiketi.com\" \/>\n<meta property=\"article:publisher\" content=\"https:\/\/www.facebook.com\/TiketiCom\/\" \/>\n<meta property=\"article:modified_time\" content=\"2022-01-29T17:53:04+00:00\" \/>\n<meta property=\"og:image\" content=\"https:\/\/tiketi.com\/wp-content\/uploads\/2022\/01\/bus-ticket-online-booking.jpg\" \/>\n\t<meta property=\"og:image:width\" content=\"1200\" \/>\n\t<meta property=\"og:image:height\" content=\"206\" \/>\n\t<meta property=\"og:image:type\" content=\"image\/jpeg\" \/>\n<meta name=\"twitter:card\" content=\"summary_large_image\" \/>\n<meta name=\"twitter:label1\" content=\"Dur\u00e9e de lecture estim\u00e9e\" \/>\n\t<meta name=\"twitter:data1\" content=\"2 minutes\" \/>\n<script type=\"application\/ld+json\" class=\"yoast-schema-graph\">{\"@context\":\"https:\\\/\\\/schema.org\",\"@graph\":[{\"@type\":\"WebPage\",\"@id\":\"https:\\\/\\\/tiketi.com\\\/bus-tickets-from-kisumu-to-kisii\\\/\",\"url\":\"https:\\\/\\\/tiketi.com\\\/bus-tickets-from-kisumu-to-kisii\\\/\",\"name\":\"Bus from Kisumu to Kisii Bus Tickets, Fare, Schedule & Route\",\"isPartOf\":{\"@id\":\"https:\\\/\\\/tiketi.com\\\/#website\"},\"primaryImageOfPage\":{\"@id\":\"https:\\\/\\\/tiketi.com\\\/bus-tickets-from-kisumu-to-kisii\\\/#primaryimage\"},\"image\":{\"@id\":\"https:\\\/\\\/tiketi.com\\\/bus-tickets-from-kisumu-to-kisii\\\/#primaryimage\"},\"thumbnailUrl\":\"https:\\\/\\\/tiketi.com\\\/wp-content\\\/uploads\\\/2022\\\/01\\\/bus-ticket-online-booking.jpg\",\"datePublished\":\"2022-01-19T11:53:49+00:00\",\"dateModified\":\"2022-01-29T17:53:04+00:00\",\"description\":\"Looking for bus from\u00a0Kisumu to Kisii bus tickets booking app, routes, schedules & fares? Book cheap bus tickets from Kisumu to Kisii online\",\"breadcrumb\":{\"@id\":\"https:\\\/\\\/tiketi.com\\\/bus-tickets-from-kisumu-to-kisii\\\/#breadcrumb\"},\"inLanguage\":\"fr-FR\",\"potentialAction\":[{\"@type\":\"ReadAction\",\"target\":[\"https:\\\/\\\/tiketi.com\\\/bus-tickets-from-kisumu-to-kisii\\\/\"]}]},{\"@type\":\"ImageObject\",\"inLanguage\":\"fr-FR\",\"@id\":\"https:\\\/\\\/tiketi.com\\\/bus-tickets-from-kisumu-to-kisii\\\/#primaryimage\",\"url\":\"https:\\\/\\\/tiketi.com\\\/wp-content\\\/uploads\\\/2022\\\/01\\\/bus-ticket-online-booking.jpg\",\"contentUrl\":\"https:\\\/\\\/tiketi.com\\\/wp-content\\\/uploads\\\/2022\\\/01\\\/bus-ticket-online-booking.jpg\",\"width\":1200,\"height\":206,\"caption\":\"Online Bus Ticket Booking\"},{\"@type\":\"BreadcrumbList\",\"@id\":\"https:\\\/\\\/tiketi.com\\\/bus-tickets-from-kisumu-to-kisii\\\/#breadcrumb\",\"itemListElement\":[{\"@type\":\"ListItem\",\"position\":1,\"name\":\"Home\",\"item\":\"https:\\\/\\\/tiketi.com\\\/\"},{\"@type\":\"ListItem\",\"position\":2,\"name\":\"Bus from Kisumu to Kisii Bus Tickets, Fare, Schedule &#038; Route\"}]},{\"@type\":\"WebSite\",\"@id\":\"https:\\\/\\\/tiketi.com\\\/#website\",\"url\":\"https:\\\/\\\/tiketi.com\\\/\",\"name\":\"Flight & Bus Tickets, Tour Packages & Activitites - Tiketi.com\",\"description\":\"Flight &amp; Bus Tickets, Tours, Activitites\",\"publisher\":{\"@id\":\"https:\\\/\\\/tiketi.com\\\/#organization\"},\"potentialAction\":[{\"@type\":\"SearchAction\",\"target\":{\"@type\":\"EntryPoint\",\"urlTemplate\":\"https:\\\/\\\/tiketi.com\\\/?s={search_term_string}\"},\"query-input\":{\"@type\":\"PropertyValueSpecification\",\"valueRequired\":true,\"valueName\":\"search_term_string\"}}],\"inLanguage\":\"fr-FR\"},{\"@type\":\"Organization\",\"@id\":\"https:\\\/\\\/tiketi.com\\\/#organization\",\"name\":\"Tiketi.com\",\"alternateName\":\"Tiketi\",\"url\":\"https:\\\/\\\/tiketi.com\\\/\",\"logo\":{\"@type\":\"ImageObject\",\"inLanguage\":\"fr-FR\",\"@id\":\"https:\\\/\\\/tiketi.com\\\/#\\\/schema\\\/logo\\\/image\\\/\",\"url\":\"https:\\\/\\\/tiketi.com\\\/wp-content\\\/uploads\\\/2019\\\/05\\\/tiketi-logo-696.png\",\"contentUrl\":\"https:\\\/\\\/tiketi.com\\\/wp-content\\\/uploads\\\/2019\\\/05\\\/tiketi-logo-696.png\",\"width\":696,\"height\":696,\"caption\":\"Tiketi.com\"},\"image\":{\"@id\":\"https:\\\/\\\/tiketi.com\\\/#\\\/schema\\\/logo\\\/image\\\/\"},\"sameAs\":[\"https:\\\/\\\/www.facebook.com\\\/TiketiCom\\\/\"]}]}<\/script>\n<!-- \/ Yoast SEO plugin. -->","yoast_head_json":{"title":"Bus de Kisumu \u00e0 Kisii Billets de bus, tarifs, horaires et itin\u00e9raire","description":"Vous recherchez des bus de Kisumu \u00e0 Kisii, une application de r\u00e9servation de billets de bus, des itin\u00e9raires, des horaires et des tarifs ? R\u00e9servez vos billets de bus pas chers de Kisumu \u00e0 Kisii en ligne","robots":{"index":"index","follow":"follow","max-snippet":"max-snippet:-1","max-image-preview":"max-image-preview:large","max-video-preview":"max-video-preview:-1"},"canonical":"https:\/\/tiketi.com\/fr-fr\/bus-tickets-from-kisumu-to-kisii\/","og_locale":"fr_FR","og_type":"article","og_title":"Bus from Kisumu to Kisii Bus Tickets, Fare, Schedule & Route","og_description":"Looking for bus from\u00a0Kisumu to Kisii bus tickets booking app, routes, schedules & fares? Book cheap bus tickets from Kisumu to Kisii online","og_url":"https:\/\/tiketi.com\/fr-fr\/bus-tickets-from-kisumu-to-kisii\/","og_site_name":"Tiketi.com","article_publisher":"https:\/\/www.facebook.com\/TiketiCom\/","article_modified_time":"2022-01-29T17:53:04+00:00","og_image":[{"width":1200,"height":206,"url":"https:\/\/tiketi.com\/wp-content\/uploads\/2022\/01\/bus-ticket-online-booking.jpg","type":"image\/jpeg"}],"twitter_card":"summary_large_image","twitter_misc":{"Dur\u00e9e de lecture estim\u00e9e":"2 minutes"},"schema":{"@context":"https:\/\/schema.org","@graph":[{"@type":"WebPage","@id":"https:\/\/tiketi.com\/bus-tickets-from-kisumu-to-kisii\/","url":"https:\/\/tiketi.com\/bus-tickets-from-kisumu-to-kisii\/","name":"Bus de Kisumu \u00e0 Kisii Billets de bus, tarifs, horaires et itin\u00e9raire","isPartOf":{"@id":"https:\/\/tiketi.com\/#website"},"primaryImageOfPage":{"@id":"https:\/\/tiketi.com\/bus-tickets-from-kisumu-to-kisii\/#primaryimage"},"image":{"@id":"https:\/\/tiketi.com\/bus-tickets-from-kisumu-to-kisii\/#primaryimage"},"thumbnailUrl":"https:\/\/tiketi.com\/wp-content\/uploads\/2022\/01\/bus-ticket-online-booking.jpg","datePublished":"2022-01-19T11:53:49+00:00","dateModified":"2022-01-29T17:53:04+00:00","description":"Vous recherchez des bus de Kisumu \u00e0 Kisii, une application de r\u00e9servation de billets de bus, des itin\u00e9raires, des horaires et des tarifs ? R\u00e9servez vos billets de bus pas chers de Kisumu \u00e0 Kisii en ligne","breadcrumb":{"@id":"https:\/\/tiketi.com\/bus-tickets-from-kisumu-to-kisii\/#breadcrumb"},"inLanguage":"fr-FR","potentialAction":[{"@type":"ReadAction","target":["https:\/\/tiketi.com\/bus-tickets-from-kisumu-to-kisii\/"]}]},{"@type":"ImageObject","inLanguage":"fr-FR","@id":"https:\/\/tiketi.com\/bus-tickets-from-kisumu-to-kisii\/#primaryimage","url":"https:\/\/tiketi.com\/wp-content\/uploads\/2022\/01\/bus-ticket-online-booking.jpg","contentUrl":"https:\/\/tiketi.com\/wp-content\/uploads\/2022\/01\/bus-ticket-online-booking.jpg","width":1200,"height":206,"caption":"Online Bus Ticket Booking"},{"@type":"BreadcrumbList","@id":"https:\/\/tiketi.com\/bus-tickets-from-kisumu-to-kisii\/#breadcrumb","itemListElement":[{"@type":"ListItem","position":1,"name":"Home","item":"https:\/\/tiketi.com\/"},{"@type":"ListItem","position":2,"name":"Bus from Kisumu to Kisii Bus Tickets, Fare, Schedule &#038; Route"}]},{"@type":"WebSite","@id":"https:\/\/tiketi.com\/#website","url":"https:\/\/tiketi.com\/","name":"Billets d&#039;avion et de bus, forfaits touristiques et activit\u00e9s - Tiketi.com","description":"Billets d&#039;avion et de bus, Tours, Activit\u00e9s","publisher":{"@id":"https:\/\/tiketi.com\/#organization"},"potentialAction":[{"@type":"SearchAction","target":{"@type":"EntryPoint","urlTemplate":"https:\/\/tiketi.com\/?s={search_term_string}"},"query-input":{"@type":"PropertyValueSpecification","valueRequired":true,"valueName":"search_term_string"}}],"inLanguage":"fr-FR"},{"@type":"Organization","@id":"https:\/\/tiketi.com\/#organization","name":"Tiketi.com","alternateName":"Tiketi","url":"https:\/\/tiketi.com\/","logo":{"@type":"ImageObject","inLanguage":"fr-FR","@id":"https:\/\/tiketi.com\/#\/schema\/logo\/image\/","url":"https:\/\/tiketi.com\/wp-content\/uploads\/2019\/05\/tiketi-logo-696.png","contentUrl":"https:\/\/tiketi.com\/wp-content\/uploads\/2019\/05\/tiketi-logo-696.png","width":696,"height":696,"caption":"Tiketi.com"},"image":{"@id":"https:\/\/tiketi.com\/#\/schema\/logo\/image\/"},"sameAs":["https:\/\/www.facebook.com\/TiketiCom\/"]}]}},"_links":{"self":[{"href":"https:\/\/tiketi.com\/fr-fr\/wp-json\/wp\/v2\/pages\/10801","targetHints":{"allow":["GET"]}}],"collection":[{"href":"https:\/\/tiketi.com\/fr-fr\/wp-json\/wp\/v2\/pages"}],"about":[{"href":"https:\/\/tiketi.com\/fr-fr\/wp-json\/wp\/v2\/types\/page"}],"author":[{"embeddable":true,"href":"https:\/\/tiketi.com\/fr-fr\/wp-json\/wp\/v2\/users\/1"}],"replies":[{"embeddable":true,"href":"https:\/\/tiketi.com\/fr-fr\/wp-json\/wp\/v2\/comments?post=10801"}],"version-history":[{"count":0,"href":"https:\/\/tiketi.com\/fr-fr\/wp-json\/wp\/v2\/pages\/10801\/revisions"}],"wp:featuredmedia":[{"embeddable":true,"href":"https:\/\/tiketi.com\/fr-fr\/wp-json\/wp\/v2\/media\/13999"}],"wp:attachment":[{"href":"https:\/\/tiketi.com\/fr-fr\/wp-json\/wp\/v2\/media?parent=10801"}],"curies":[{"name":"wp","href":"https:\/\/api.w.org\/{rel}","templated":true}]}}