{"id":10802,"date":"2022-01-19T12:53:49","date_gmt":"2022-01-19T11:53:49","guid":{"rendered":"https:\/\/new.tiketi.com\/bus-from-kisumu-to-kitale-bus-tickets-fare-schedule-route\/"},"modified":"2022-01-29T18:54:56","modified_gmt":"2022-01-29T17:54:56","slug":"bus-tickets-from-kisumu-to-kitale","status":"publish","type":"page","link":"https:\/\/tiketi.com\/fr-fr\/bus-tickets-from-kisumu-to-kitale\/","title":{"rendered":"Bus de Kisumu \u00e0 Kitale Billets de bus, tarif, horaires et itin\u00e9raire"},"content":{"rendered":"<h2>Billets de bus pas chers de Kisumu \u00e0 Kitale R\u00e9servation en ligne<\/h2>\n<h3>D\u00e9couvrez votre itin\u00e9raire sur le web, le mobile ou l&#039;application et r\u00e9servez en ligne maintenant un billet de bus pas cher de Kisumu \u00e0 Kitale.<\/h3>\n<p>Comparez et r\u00e9servez en ligne des billets de bus de Kisumu \u00e0 Kitale pas chers et voyagez de Kisumu \u00e0 Kitale par la route. Kitale est une ville agricole situ\u00e9e dans l&#039;ouest du Kenya, \u00e0 environ 380 kilom\u00e8tres de Nairobi. La ville se situe entre le mont Elgon et les collines de Cherengani. Les principales cultures de rapport cultiv\u00e9es \u00e0 Kitale sont le th\u00e9, le tournesol, les graines de haricots, le pyr\u00e8thre et les graines de ma\u00efs. Voici l&#039;id\u00e9e de comment r\u00e9server des billets de bus de Kisumu \u00e0 Kitale :<\/p>\n<h2>Bus de Kisumu \u00e0 Kitale R\u00e9servation de billets de bus, itin\u00e9raires, horaires et tarifs FAQ<\/h2>\n<h3>Le bus de Kisumu \u00e0 Kisii est-il le moyen abordable de se rendre \u00e0 Kisii depuis Kisumu ?<\/h3>\n<p>Le moyen abordable de se rendre de Kisumu \u00e0 Kitale est en bus, billets de bus pas chers de Kisumu \u00e0 Kitale qui co\u00fbte $15 \u2013 $21 et prend 2h 20m.<\/p>\n<h3>Quel est le moyen le plus rapide pour se rendre de Kisumu \u00e0 Kitale ?<\/h3>\n<p>Le moyen le plus rapide pour se rendre de Kisumu \u00e0 Kitale est de prendre un voiture qui co\u00fbte $14 \u2013 $25 et prend 1h 20m.<\/p>\n<h3>Y a-t-il un bus entre Kitale et Kisumu ?<\/h3>\n<p>Non, il n&#039;y a pas de bus direct de Kisumu \u00e0 Kitale. Quoi qu&#039;il en soit, il existe des services au d\u00e9part de Kisumu. Le trajet, y compris les transferts, dure environ 16h.<\/p>\n<h3>Comment voyager de Kisumu \u00e0 Kitale sans v\u00e9hicule personnel ?<\/h3>\n<p>Le meilleur moyen pour se rendre de Kisumu \u00e0 Kitale sans v\u00e9hicule personnel est le bus Kisumu \u00e0 Kitale qui dure 16h et co\u00fbte $18 \u2013 $38.<\/p>\n<h3>Puis-je conduire de Kisumu \u00e0 Kitale ?<\/h3>\n<p>Oui, la distance entre Kitale et Kisumu est de 160 km. il faut 2h 20m pour conduire de Kisumu \u00e0 Kitale.<\/p>\n<h2>Billets de bus de Kisumu \u00e0 Kitale Tips<\/h2>\n<p>Kitale est le centre administratif de la r\u00e9gion de Trans-Nzoia, dans la province de la vall\u00e9e du Rift. La ville a \u00e9t\u00e9 fond\u00e9e en 1908 par des colons blancs. Une ligne de marque du chemin de fer ougandais d&#039;Eldoret atteint les villes en 1926 favorise la croissance de la ville.<\/p>\n<p>Le Mus\u00e9e national du Kenya occidental est situ\u00e9 \u00e0 Kitale. C&#039;est un mus\u00e9e d&#039;histoire naturelle et a \u00e9t\u00e9 cr\u00e9\u00e9 par le lieutenant-colonel Hugh Stoneham en 1926. Juste \u00e0 c\u00f4t\u00e9 du mus\u00e9e, il y a un formulaire d&#039;exposition avec des pratiques agroforesti\u00e8res g\u00e9r\u00e9es par une organisation non administrative su\u00e9doise connue sous le nom de VI Agrofrestry.<\/p>","protected":false},"excerpt":{"rendered":"<p>Cheap Bus Tickets from Kisumu to Kitale Online Booking Discover your travel route on web, mobile or app and book cheap bus ticket from Kisumu to Kitale online now. Compare and do cheap bus from Kisumu to Kitale bus tickets booking online and\u00a0travel Kisumu to Kitale\u00a0by road. Kitale is an agricultural town found in Western [&hellip;]<\/p>\n","protected":false},"author":1,"featured_media":13999,"parent":0,"menu_order":0,"comment_status":"open","ping_status":"closed","template":"template-home-modern.php","meta":{"footnotes":""},"class_list":["post-10802","page","type-page","status-publish","has-post-thumbnail","hentry"],"yoast_head":"<!-- This site is optimized with the Yoast SEO plugin v27.3 - https:\/\/yoast.com\/product\/yoast-seo-wordpress\/ -->\n<title>Bus from Kisumu to Kitale Bus Tickets, Fare, Schedule &amp; Route<\/title>\n<meta name=\"description\" content=\"Looking for bus from\u00a0Kisumu to Kitale bus tickets booking app, routes, schedules &amp; fares? Book cheap bus tickets from Kisumu to Kitale online\" \/>\n<meta name=\"robots\" content=\"index, follow, max-snippet:-1, max-image-preview:large, max-video-preview:-1\" \/>\n<link rel=\"canonical\" href=\"https:\/\/tiketi.com\/fr-fr\/bus-tickets-from-kisumu-to-kitale\/\" \/>\n<meta property=\"og:locale\" content=\"fr_FR\" \/>\n<meta property=\"og:type\" content=\"article\" \/>\n<meta property=\"og:title\" content=\"Bus from Kisumu to Kitale Bus Tickets, Fare, Schedule &amp; Route\" \/>\n<meta property=\"og:description\" content=\"Looking for bus from\u00a0Kisumu to Kitale bus tickets booking app, routes, schedules &amp; fares? Book cheap bus tickets from Kisumu to Kitale online\" \/>\n<meta property=\"og:url\" content=\"https:\/\/tiketi.com\/fr-fr\/bus-tickets-from-kisumu-to-kitale\/\" \/>\n<meta property=\"og:site_name\" content=\"Tiketi.com\" \/>\n<meta property=\"article:publisher\" content=\"https:\/\/www.facebook.com\/TiketiCom\/\" \/>\n<meta property=\"article:modified_time\" content=\"2022-01-29T17:54:56+00:00\" \/>\n<meta property=\"og:image\" content=\"https:\/\/tiketi.com\/wp-content\/uploads\/2022\/01\/bus-ticket-online-booking.jpg\" \/>\n\t<meta property=\"og:image:width\" content=\"1200\" \/>\n\t<meta property=\"og:image:height\" content=\"206\" \/>\n\t<meta property=\"og:image:type\" content=\"image\/jpeg\" \/>\n<meta name=\"twitter:card\" content=\"summary_large_image\" \/>\n<meta name=\"twitter:label1\" content=\"Dur\u00e9e de lecture estim\u00e9e\" \/>\n\t<meta name=\"twitter:data1\" content=\"2 minutes\" \/>\n<script type=\"application\/ld+json\" class=\"yoast-schema-graph\">{\"@context\":\"https:\\\/\\\/schema.org\",\"@graph\":[{\"@type\":\"WebPage\",\"@id\":\"https:\\\/\\\/tiketi.com\\\/bus-tickets-from-kisumu-to-kitale\\\/\",\"url\":\"https:\\\/\\\/tiketi.com\\\/bus-tickets-from-kisumu-to-kitale\\\/\",\"name\":\"Bus from Kisumu to Kitale Bus Tickets, Fare, Schedule & Route\",\"isPartOf\":{\"@id\":\"https:\\\/\\\/tiketi.com\\\/#website\"},\"primaryImageOfPage\":{\"@id\":\"https:\\\/\\\/tiketi.com\\\/bus-tickets-from-kisumu-to-kitale\\\/#primaryimage\"},\"image\":{\"@id\":\"https:\\\/\\\/tiketi.com\\\/bus-tickets-from-kisumu-to-kitale\\\/#primaryimage\"},\"thumbnailUrl\":\"https:\\\/\\\/tiketi.com\\\/wp-content\\\/uploads\\\/2022\\\/01\\\/bus-ticket-online-booking.jpg\",\"datePublished\":\"2022-01-19T11:53:49+00:00\",\"dateModified\":\"2022-01-29T17:54:56+00:00\",\"description\":\"Looking for bus from\u00a0Kisumu to Kitale bus tickets booking app, routes, schedules & fares? Book cheap bus tickets from Kisumu to Kitale online\",\"breadcrumb\":{\"@id\":\"https:\\\/\\\/tiketi.com\\\/bus-tickets-from-kisumu-to-kitale\\\/#breadcrumb\"},\"inLanguage\":\"fr-FR\",\"potentialAction\":[{\"@type\":\"ReadAction\",\"target\":[\"https:\\\/\\\/tiketi.com\\\/bus-tickets-from-kisumu-to-kitale\\\/\"]}]},{\"@type\":\"ImageObject\",\"inLanguage\":\"fr-FR\",\"@id\":\"https:\\\/\\\/tiketi.com\\\/bus-tickets-from-kisumu-to-kitale\\\/#primaryimage\",\"url\":\"https:\\\/\\\/tiketi.com\\\/wp-content\\\/uploads\\\/2022\\\/01\\\/bus-ticket-online-booking.jpg\",\"contentUrl\":\"https:\\\/\\\/tiketi.com\\\/wp-content\\\/uploads\\\/2022\\\/01\\\/bus-ticket-online-booking.jpg\",\"width\":1200,\"height\":206,\"caption\":\"Online Bus Ticket Booking\"},{\"@type\":\"BreadcrumbList\",\"@id\":\"https:\\\/\\\/tiketi.com\\\/bus-tickets-from-kisumu-to-kitale\\\/#breadcrumb\",\"itemListElement\":[{\"@type\":\"ListItem\",\"position\":1,\"name\":\"Home\",\"item\":\"https:\\\/\\\/tiketi.com\\\/\"},{\"@type\":\"ListItem\",\"position\":2,\"name\":\"Bus from Kisumu to Kitale Bus Tickets, Fare, Schedule &#038; Route\"}]},{\"@type\":\"WebSite\",\"@id\":\"https:\\\/\\\/tiketi.com\\\/#website\",\"url\":\"https:\\\/\\\/tiketi.com\\\/\",\"name\":\"Flight & Bus Tickets, Tour Packages & Activitites - Tiketi.com\",\"description\":\"Flight &amp; Bus Tickets, Tours, Activitites\",\"publisher\":{\"@id\":\"https:\\\/\\\/tiketi.com\\\/#organization\"},\"potentialAction\":[{\"@type\":\"SearchAction\",\"target\":{\"@type\":\"EntryPoint\",\"urlTemplate\":\"https:\\\/\\\/tiketi.com\\\/?s={search_term_string}\"},\"query-input\":{\"@type\":\"PropertyValueSpecification\",\"valueRequired\":true,\"valueName\":\"search_term_string\"}}],\"inLanguage\":\"fr-FR\"},{\"@type\":\"Organization\",\"@id\":\"https:\\\/\\\/tiketi.com\\\/#organization\",\"name\":\"Tiketi.com\",\"alternateName\":\"Tiketi\",\"url\":\"https:\\\/\\\/tiketi.com\\\/\",\"logo\":{\"@type\":\"ImageObject\",\"inLanguage\":\"fr-FR\",\"@id\":\"https:\\\/\\\/tiketi.com\\\/#\\\/schema\\\/logo\\\/image\\\/\",\"url\":\"https:\\\/\\\/tiketi.com\\\/wp-content\\\/uploads\\\/2019\\\/05\\\/tiketi-logo-696.png\",\"contentUrl\":\"https:\\\/\\\/tiketi.com\\\/wp-content\\\/uploads\\\/2019\\\/05\\\/tiketi-logo-696.png\",\"width\":696,\"height\":696,\"caption\":\"Tiketi.com\"},\"image\":{\"@id\":\"https:\\\/\\\/tiketi.com\\\/#\\\/schema\\\/logo\\\/image\\\/\"},\"sameAs\":[\"https:\\\/\\\/www.facebook.com\\\/TiketiCom\\\/\"]}]}<\/script>\n<!-- \/ Yoast SEO plugin. -->","yoast_head_json":{"title":"Bus de Kisumu \u00e0 Kitale Billets de bus, tarif, horaires et itin\u00e9raire","description":"Vous recherchez une application de r\u00e9servation de bus de Kisumu \u00e0 Kitale pour les billets de bus, les itin\u00e9raires, les horaires et les tarifs\u00a0? R\u00e9servez en ligne des billets de bus \u00e0 petits prix de Kisumu \u00e0 Kitale","robots":{"index":"index","follow":"follow","max-snippet":"max-snippet:-1","max-image-preview":"max-image-preview:large","max-video-preview":"max-video-preview:-1"},"canonical":"https:\/\/tiketi.com\/fr-fr\/bus-tickets-from-kisumu-to-kitale\/","og_locale":"fr_FR","og_type":"article","og_title":"Bus from Kisumu to Kitale Bus Tickets, Fare, Schedule & Route","og_description":"Looking for bus from\u00a0Kisumu to Kitale bus tickets booking app, routes, schedules & fares? Book cheap bus tickets from Kisumu to Kitale online","og_url":"https:\/\/tiketi.com\/fr-fr\/bus-tickets-from-kisumu-to-kitale\/","og_site_name":"Tiketi.com","article_publisher":"https:\/\/www.facebook.com\/TiketiCom\/","article_modified_time":"2022-01-29T17:54:56+00:00","og_image":[{"width":1200,"height":206,"url":"https:\/\/tiketi.com\/wp-content\/uploads\/2022\/01\/bus-ticket-online-booking.jpg","type":"image\/jpeg"}],"twitter_card":"summary_large_image","twitter_misc":{"Dur\u00e9e de lecture estim\u00e9e":"2 minutes"},"schema":{"@context":"https:\/\/schema.org","@graph":[{"@type":"WebPage","@id":"https:\/\/tiketi.com\/bus-tickets-from-kisumu-to-kitale\/","url":"https:\/\/tiketi.com\/bus-tickets-from-kisumu-to-kitale\/","name":"Bus de Kisumu \u00e0 Kitale Billets de bus, tarif, horaires et itin\u00e9raire","isPartOf":{"@id":"https:\/\/tiketi.com\/#website"},"primaryImageOfPage":{"@id":"https:\/\/tiketi.com\/bus-tickets-from-kisumu-to-kitale\/#primaryimage"},"image":{"@id":"https:\/\/tiketi.com\/bus-tickets-from-kisumu-to-kitale\/#primaryimage"},"thumbnailUrl":"https:\/\/tiketi.com\/wp-content\/uploads\/2022\/01\/bus-ticket-online-booking.jpg","datePublished":"2022-01-19T11:53:49+00:00","dateModified":"2022-01-29T17:54:56+00:00","description":"Vous recherchez une application de r\u00e9servation de bus de Kisumu \u00e0 Kitale pour les billets de bus, les itin\u00e9raires, les horaires et les tarifs\u00a0? R\u00e9servez en ligne des billets de bus \u00e0 petits prix de Kisumu \u00e0 Kitale","breadcrumb":{"@id":"https:\/\/tiketi.com\/bus-tickets-from-kisumu-to-kitale\/#breadcrumb"},"inLanguage":"fr-FR","potentialAction":[{"@type":"ReadAction","target":["https:\/\/tiketi.com\/bus-tickets-from-kisumu-to-kitale\/"]}]},{"@type":"ImageObject","inLanguage":"fr-FR","@id":"https:\/\/tiketi.com\/bus-tickets-from-kisumu-to-kitale\/#primaryimage","url":"https:\/\/tiketi.com\/wp-content\/uploads\/2022\/01\/bus-ticket-online-booking.jpg","contentUrl":"https:\/\/tiketi.com\/wp-content\/uploads\/2022\/01\/bus-ticket-online-booking.jpg","width":1200,"height":206,"caption":"Online Bus Ticket Booking"},{"@type":"BreadcrumbList","@id":"https:\/\/tiketi.com\/bus-tickets-from-kisumu-to-kitale\/#breadcrumb","itemListElement":[{"@type":"ListItem","position":1,"name":"Home","item":"https:\/\/tiketi.com\/"},{"@type":"ListItem","position":2,"name":"Bus from Kisumu to Kitale Bus Tickets, Fare, Schedule &#038; Route"}]},{"@type":"WebSite","@id":"https:\/\/tiketi.com\/#website","url":"https:\/\/tiketi.com\/","name":"Billets d&#039;avion et de bus, forfaits touristiques et activit\u00e9s - Tiketi.com","description":"Billets d&#039;avion et de bus, Tours, Activit\u00e9s","publisher":{"@id":"https:\/\/tiketi.com\/#organization"},"potentialAction":[{"@type":"SearchAction","target":{"@type":"EntryPoint","urlTemplate":"https:\/\/tiketi.com\/?s={search_term_string}"},"query-input":{"@type":"PropertyValueSpecification","valueRequired":true,"valueName":"search_term_string"}}],"inLanguage":"fr-FR"},{"@type":"Organization","@id":"https:\/\/tiketi.com\/#organization","name":"Tiketi.com","alternateName":"Tiketi","url":"https:\/\/tiketi.com\/","logo":{"@type":"ImageObject","inLanguage":"fr-FR","@id":"https:\/\/tiketi.com\/#\/schema\/logo\/image\/","url":"https:\/\/tiketi.com\/wp-content\/uploads\/2019\/05\/tiketi-logo-696.png","contentUrl":"https:\/\/tiketi.com\/wp-content\/uploads\/2019\/05\/tiketi-logo-696.png","width":696,"height":696,"caption":"Tiketi.com"},"image":{"@id":"https:\/\/tiketi.com\/#\/schema\/logo\/image\/"},"sameAs":["https:\/\/www.facebook.com\/TiketiCom\/"]}]}},"_links":{"self":[{"href":"https:\/\/tiketi.com\/fr-fr\/wp-json\/wp\/v2\/pages\/10802","targetHints":{"allow":["GET"]}}],"collection":[{"href":"https:\/\/tiketi.com\/fr-fr\/wp-json\/wp\/v2\/pages"}],"about":[{"href":"https:\/\/tiketi.com\/fr-fr\/wp-json\/wp\/v2\/types\/page"}],"author":[{"embeddable":true,"href":"https:\/\/tiketi.com\/fr-fr\/wp-json\/wp\/v2\/users\/1"}],"replies":[{"embeddable":true,"href":"https:\/\/tiketi.com\/fr-fr\/wp-json\/wp\/v2\/comments?post=10802"}],"version-history":[{"count":0,"href":"https:\/\/tiketi.com\/fr-fr\/wp-json\/wp\/v2\/pages\/10802\/revisions"}],"wp:featuredmedia":[{"embeddable":true,"href":"https:\/\/tiketi.com\/fr-fr\/wp-json\/wp\/v2\/media\/13999"}],"wp:attachment":[{"href":"https:\/\/tiketi.com\/fr-fr\/wp-json\/wp\/v2\/media?parent=10802"}],"curies":[{"name":"wp","href":"https:\/\/api.w.org\/{rel}","templated":true}]}}