{"id":10803,"date":"2022-01-19T12:53:49","date_gmt":"2022-01-19T11:53:49","guid":{"rendered":"https:\/\/new.tiketi.com\/bus-from-kisumu-to-kampala-bus-tickets-fare-schedule-route\/"},"modified":"2022-01-29T18:50:27","modified_gmt":"2022-01-29T17:50:27","slug":"bus-tickets-from-kisumu-to-kampala","status":"publish","type":"page","link":"https:\/\/tiketi.com\/fr-fr\/bus-tickets-from-kisumu-to-kampala\/","title":{"rendered":"Bus de Kisumu \u00e0 Kampala Billets de bus, tarif, horaires et itin\u00e9raire"},"content":{"rendered":"<h2>Billets de bus pas chers de Kisumu \u00e0 Kampala R\u00e9servation en ligne<\/h2>\n<h3>D\u00e9couvrez votre itin\u00e9raire sur le web, le mobile ou l&#039;application et r\u00e9servez en ligne maintenant un billet de bus pas cher de Kisumu \u00e0 Kampala.<\/h3>\n<p>Comparez et r\u00e9servez en ligne des billets de bus de Kisumu \u00e0 Kampala pas chers et voyagez de Kisumu \u00e0 Kampala par la route. \u00c9tablie sur des collines \u00e0 une dizaine de kilom\u00e8tres au nord des rives du lac Victoria, Kampala est la capitale conventionnelle de l&#039;Afrique. Voici l&#039;id\u00e9e sur la fa\u00e7on de r\u00e9server des billets de bus de Kisumu \u00e0 Kampala :<\/p>\n<h2>Bus de Kisumu \u00e0 Kampala R\u00e9servation de billets de bus, itin\u00e9raires, horaires et tarifs FAQ<\/h2>\n<h3>Le bus de Kampala \u00e0 Kisumu est-il le moyen le plus \u00e9conomique d&#039;aller de Kisumu \u00e0 Kampala ?<\/h3>\n<p>Le moyen abordable de se rendre de Kisumu \u00e0 Kampala bus co\u00fbte $10 \u2013 $15 et prend 7h 30m.<\/p>\n<h3>Quel est le moyen le plus rapide pour se rendre de Kisumu \u00e0 Kampala ?<\/h3>\n<p>Le moyen le plus rapide pour se rendre de Kisumu \u00e0 Kampala est de prendre un voiture, dure 4h 25m et co\u00fbte $27 \u2013 $40.<\/p>\n<h3>Y a-t-il un bus entre Kampala et Kisumu ?<\/h3>\n<p>Oui, il y a un bus direct, qui part de Kisumu. Les services partent 3 fois par jour, et circulent tous les jours. Le trajet dure environ 7h30.<\/p>\n<h3>Comment voyager de Kisumu \u00e0 Kampala sans v\u00e9hicule personnel ?<\/h3>\n<p>Le meilleur moyen pour se rendre de Kisumu \u00e0 Kampala sans v\u00e9hicule personnel est de bus, ce qui dure 7h 40m et les billets de bus de Kisumu \u00e0 Kampala co\u00fbtent $10 \u2013 $15.<\/p>\n<h3>O\u00f9 prendre le bus depuis Kisumu pour Kampala ?<\/h3>\n<p>Les services de bus de Kisumu \u00e0 Kampala, g\u00e9r\u00e9s par Easy Coach, partent de la gare de Kisumu.<\/p>\n<h3>Qu&#039;est-ce que le bus depuis Kisumu pour Kampala ?<\/h3>\n<p>Services de bus Kisumu \u00e0 Kampala, g\u00e9r\u00e9 par Easy coach, et arrive \u00e0 la gare de Kampala.<\/p>\n<h2>Billets de bus de Kisumu \u00e0 Kampala Tips<\/h2>\n<p>Kampala est plus verte que beaucoup de ses homologues r\u00e9gionaux, pas assez chaotique ou peupl\u00e9e comme d&#039;autres - mais pratiquement le contraste familier d&#039;un incroyable centre-ville compact et de grande hauteur s&#039;\u00e9levant d&#039;un \u00e9talement de banlieue verdoyant, s&#039;\u00e9levant organiquement \u00e0 mesure que l&#039;on atteint sa p\u00e9riph\u00e9rie rustique. Il a un environnement contrast\u00e9 de nouvelle agitation urbaine et de langueur tropicale d\u00e9form\u00e9e par le temps. Kampala est reli\u00e9e \u00e0 l&#039;a\u00e9roport international d&#039;Entebbe par une autoroute \u00e0 surface parfaite passant par une couverture luxuriante de morceaux de for\u00eat isol\u00e9s et de maisons en pleine croissance sur des zones vallonn\u00e9es qui constituent une introduction remarquable \u00e0 l&#039;Ouganda.<\/p>","protected":false},"excerpt":{"rendered":"<p>Cheap Bus Tickets from Kisumu to Kampala Online Booking Discover your travel route on web, mobile or app and book cheap bus ticket from Kisumu to Kampala online now. Compare and do cheap bus from Kisumu to Kampala bus tickets booking online and\u00a0travel Kisumu to Kampala\u00a0by road. Established on rolling hills some ten kilometers off [&hellip;]<\/p>\n","protected":false},"author":1,"featured_media":13999,"parent":0,"menu_order":0,"comment_status":"open","ping_status":"closed","template":"template-home-modern.php","meta":{"footnotes":""},"class_list":["post-10803","page","type-page","status-publish","has-post-thumbnail","hentry"],"yoast_head":"<!-- This site is optimized with the Yoast SEO plugin v27.3 - https:\/\/yoast.com\/product\/yoast-seo-wordpress\/ -->\n<title>Bus from Kisumu to Kampala Bus Tickets, Fare, Schedule &amp; Route<\/title>\n<meta name=\"description\" content=\"Looking for bus from\u00a0Kisumu to Kampala bus ticket booking app, routes, schedule &amp; fare? Book cheap bus tickets from Kisumu to Kampala online\" \/>\n<meta name=\"robots\" content=\"index, follow, max-snippet:-1, max-image-preview:large, max-video-preview:-1\" \/>\n<link rel=\"canonical\" href=\"https:\/\/tiketi.com\/fr-fr\/bus-tickets-from-kisumu-to-kampala\/\" \/>\n<meta property=\"og:locale\" content=\"fr_FR\" \/>\n<meta property=\"og:type\" content=\"article\" \/>\n<meta property=\"og:title\" content=\"Bus from Kisumu to Kampala Bus Tickets, Fare, Schedule &amp; Route\" \/>\n<meta property=\"og:description\" content=\"Looking for bus from\u00a0Kisumu to Kampala bus ticket booking app, routes, schedule &amp; fare? Book cheap bus tickets from Kisumu to Kampala online\" \/>\n<meta property=\"og:url\" content=\"https:\/\/tiketi.com\/fr-fr\/bus-tickets-from-kisumu-to-kampala\/\" \/>\n<meta property=\"og:site_name\" content=\"Tiketi.com\" \/>\n<meta property=\"article:publisher\" content=\"https:\/\/www.facebook.com\/TiketiCom\/\" \/>\n<meta property=\"article:modified_time\" content=\"2022-01-29T17:50:27+00:00\" \/>\n<meta property=\"og:image\" content=\"https:\/\/tiketi.com\/wp-content\/uploads\/2022\/01\/bus-ticket-online-booking.jpg\" \/>\n\t<meta property=\"og:image:width\" content=\"1200\" \/>\n\t<meta property=\"og:image:height\" content=\"206\" \/>\n\t<meta property=\"og:image:type\" content=\"image\/jpeg\" \/>\n<meta name=\"twitter:card\" content=\"summary_large_image\" \/>\n<meta name=\"twitter:label1\" content=\"Dur\u00e9e de lecture estim\u00e9e\" \/>\n\t<meta name=\"twitter:data1\" content=\"2 minutes\" \/>\n<script type=\"application\/ld+json\" class=\"yoast-schema-graph\">{\"@context\":\"https:\\\/\\\/schema.org\",\"@graph\":[{\"@type\":\"WebPage\",\"@id\":\"https:\\\/\\\/tiketi.com\\\/bus-tickets-from-kisumu-to-kampala\\\/\",\"url\":\"https:\\\/\\\/tiketi.com\\\/bus-tickets-from-kisumu-to-kampala\\\/\",\"name\":\"Bus from Kisumu to Kampala Bus Tickets, Fare, Schedule & Route\",\"isPartOf\":{\"@id\":\"https:\\\/\\\/tiketi.com\\\/#website\"},\"primaryImageOfPage\":{\"@id\":\"https:\\\/\\\/tiketi.com\\\/bus-tickets-from-kisumu-to-kampala\\\/#primaryimage\"},\"image\":{\"@id\":\"https:\\\/\\\/tiketi.com\\\/bus-tickets-from-kisumu-to-kampala\\\/#primaryimage\"},\"thumbnailUrl\":\"https:\\\/\\\/tiketi.com\\\/wp-content\\\/uploads\\\/2022\\\/01\\\/bus-ticket-online-booking.jpg\",\"datePublished\":\"2022-01-19T11:53:49+00:00\",\"dateModified\":\"2022-01-29T17:50:27+00:00\",\"description\":\"Looking for bus from\u00a0Kisumu to Kampala bus ticket booking app, routes, schedule & fare? Book cheap bus tickets from Kisumu to Kampala online\",\"breadcrumb\":{\"@id\":\"https:\\\/\\\/tiketi.com\\\/bus-tickets-from-kisumu-to-kampala\\\/#breadcrumb\"},\"inLanguage\":\"fr-FR\",\"potentialAction\":[{\"@type\":\"ReadAction\",\"target\":[\"https:\\\/\\\/tiketi.com\\\/bus-tickets-from-kisumu-to-kampala\\\/\"]}]},{\"@type\":\"ImageObject\",\"inLanguage\":\"fr-FR\",\"@id\":\"https:\\\/\\\/tiketi.com\\\/bus-tickets-from-kisumu-to-kampala\\\/#primaryimage\",\"url\":\"https:\\\/\\\/tiketi.com\\\/wp-content\\\/uploads\\\/2022\\\/01\\\/bus-ticket-online-booking.jpg\",\"contentUrl\":\"https:\\\/\\\/tiketi.com\\\/wp-content\\\/uploads\\\/2022\\\/01\\\/bus-ticket-online-booking.jpg\",\"width\":1200,\"height\":206,\"caption\":\"Online Bus Ticket Booking\"},{\"@type\":\"BreadcrumbList\",\"@id\":\"https:\\\/\\\/tiketi.com\\\/bus-tickets-from-kisumu-to-kampala\\\/#breadcrumb\",\"itemListElement\":[{\"@type\":\"ListItem\",\"position\":1,\"name\":\"Home\",\"item\":\"https:\\\/\\\/tiketi.com\\\/\"},{\"@type\":\"ListItem\",\"position\":2,\"name\":\"Bus from Kisumu to Kampala Bus Tickets, Fare, Schedule &#038; Route\"}]},{\"@type\":\"WebSite\",\"@id\":\"https:\\\/\\\/tiketi.com\\\/#website\",\"url\":\"https:\\\/\\\/tiketi.com\\\/\",\"name\":\"Flight & Bus Tickets, Tour Packages & Activitites - Tiketi.com\",\"description\":\"Flight &amp; Bus Tickets, Tours, Activitites\",\"publisher\":{\"@id\":\"https:\\\/\\\/tiketi.com\\\/#organization\"},\"potentialAction\":[{\"@type\":\"SearchAction\",\"target\":{\"@type\":\"EntryPoint\",\"urlTemplate\":\"https:\\\/\\\/tiketi.com\\\/?s={search_term_string}\"},\"query-input\":{\"@type\":\"PropertyValueSpecification\",\"valueRequired\":true,\"valueName\":\"search_term_string\"}}],\"inLanguage\":\"fr-FR\"},{\"@type\":\"Organization\",\"@id\":\"https:\\\/\\\/tiketi.com\\\/#organization\",\"name\":\"Tiketi.com\",\"alternateName\":\"Tiketi\",\"url\":\"https:\\\/\\\/tiketi.com\\\/\",\"logo\":{\"@type\":\"ImageObject\",\"inLanguage\":\"fr-FR\",\"@id\":\"https:\\\/\\\/tiketi.com\\\/#\\\/schema\\\/logo\\\/image\\\/\",\"url\":\"https:\\\/\\\/tiketi.com\\\/wp-content\\\/uploads\\\/2019\\\/05\\\/tiketi-logo-696.png\",\"contentUrl\":\"https:\\\/\\\/tiketi.com\\\/wp-content\\\/uploads\\\/2019\\\/05\\\/tiketi-logo-696.png\",\"width\":696,\"height\":696,\"caption\":\"Tiketi.com\"},\"image\":{\"@id\":\"https:\\\/\\\/tiketi.com\\\/#\\\/schema\\\/logo\\\/image\\\/\"},\"sameAs\":[\"https:\\\/\\\/www.facebook.com\\\/TiketiCom\\\/\"]}]}<\/script>\n<!-- \/ Yoast SEO plugin. -->","yoast_head_json":{"title":"Bus de Kisumu \u00e0 Kampala Billets de bus, tarif, horaires et itin\u00e9raire","description":"Vous recherchez une application de r\u00e9servation de billets de bus de Kisumu \u00e0 Kampala en bus, des itin\u00e9raires, des horaires et des tarifs\u00a0? R\u00e9servez en ligne des billets de bus \u00e0 petits prix de Kisumu \u00e0 Kampala","robots":{"index":"index","follow":"follow","max-snippet":"max-snippet:-1","max-image-preview":"max-image-preview:large","max-video-preview":"max-video-preview:-1"},"canonical":"https:\/\/tiketi.com\/fr-fr\/bus-tickets-from-kisumu-to-kampala\/","og_locale":"fr_FR","og_type":"article","og_title":"Bus from Kisumu to Kampala Bus Tickets, Fare, Schedule & Route","og_description":"Looking for bus from\u00a0Kisumu to Kampala bus ticket booking app, routes, schedule & fare? Book cheap bus tickets from Kisumu to Kampala online","og_url":"https:\/\/tiketi.com\/fr-fr\/bus-tickets-from-kisumu-to-kampala\/","og_site_name":"Tiketi.com","article_publisher":"https:\/\/www.facebook.com\/TiketiCom\/","article_modified_time":"2022-01-29T17:50:27+00:00","og_image":[{"width":1200,"height":206,"url":"https:\/\/tiketi.com\/wp-content\/uploads\/2022\/01\/bus-ticket-online-booking.jpg","type":"image\/jpeg"}],"twitter_card":"summary_large_image","twitter_misc":{"Dur\u00e9e de lecture estim\u00e9e":"2 minutes"},"schema":{"@context":"https:\/\/schema.org","@graph":[{"@type":"WebPage","@id":"https:\/\/tiketi.com\/bus-tickets-from-kisumu-to-kampala\/","url":"https:\/\/tiketi.com\/bus-tickets-from-kisumu-to-kampala\/","name":"Bus de Kisumu \u00e0 Kampala Billets de bus, tarif, horaires et itin\u00e9raire","isPartOf":{"@id":"https:\/\/tiketi.com\/#website"},"primaryImageOfPage":{"@id":"https:\/\/tiketi.com\/bus-tickets-from-kisumu-to-kampala\/#primaryimage"},"image":{"@id":"https:\/\/tiketi.com\/bus-tickets-from-kisumu-to-kampala\/#primaryimage"},"thumbnailUrl":"https:\/\/tiketi.com\/wp-content\/uploads\/2022\/01\/bus-ticket-online-booking.jpg","datePublished":"2022-01-19T11:53:49+00:00","dateModified":"2022-01-29T17:50:27+00:00","description":"Vous recherchez une application de r\u00e9servation de billets de bus de Kisumu \u00e0 Kampala en bus, des itin\u00e9raires, des horaires et des tarifs\u00a0? R\u00e9servez en ligne des billets de bus \u00e0 petits prix de Kisumu \u00e0 Kampala","breadcrumb":{"@id":"https:\/\/tiketi.com\/bus-tickets-from-kisumu-to-kampala\/#breadcrumb"},"inLanguage":"fr-FR","potentialAction":[{"@type":"ReadAction","target":["https:\/\/tiketi.com\/bus-tickets-from-kisumu-to-kampala\/"]}]},{"@type":"ImageObject","inLanguage":"fr-FR","@id":"https:\/\/tiketi.com\/bus-tickets-from-kisumu-to-kampala\/#primaryimage","url":"https:\/\/tiketi.com\/wp-content\/uploads\/2022\/01\/bus-ticket-online-booking.jpg","contentUrl":"https:\/\/tiketi.com\/wp-content\/uploads\/2022\/01\/bus-ticket-online-booking.jpg","width":1200,"height":206,"caption":"Online Bus Ticket Booking"},{"@type":"BreadcrumbList","@id":"https:\/\/tiketi.com\/bus-tickets-from-kisumu-to-kampala\/#breadcrumb","itemListElement":[{"@type":"ListItem","position":1,"name":"Home","item":"https:\/\/tiketi.com\/"},{"@type":"ListItem","position":2,"name":"Bus from Kisumu to Kampala Bus Tickets, Fare, Schedule &#038; Route"}]},{"@type":"WebSite","@id":"https:\/\/tiketi.com\/#website","url":"https:\/\/tiketi.com\/","name":"Billets d&#039;avion et de bus, forfaits touristiques et activit\u00e9s - Tiketi.com","description":"Billets d&#039;avion et de bus, Tours, Activit\u00e9s","publisher":{"@id":"https:\/\/tiketi.com\/#organization"},"potentialAction":[{"@type":"SearchAction","target":{"@type":"EntryPoint","urlTemplate":"https:\/\/tiketi.com\/?s={search_term_string}"},"query-input":{"@type":"PropertyValueSpecification","valueRequired":true,"valueName":"search_term_string"}}],"inLanguage":"fr-FR"},{"@type":"Organization","@id":"https:\/\/tiketi.com\/#organization","name":"Tiketi.com","alternateName":"Tiketi","url":"https:\/\/tiketi.com\/","logo":{"@type":"ImageObject","inLanguage":"fr-FR","@id":"https:\/\/tiketi.com\/#\/schema\/logo\/image\/","url":"https:\/\/tiketi.com\/wp-content\/uploads\/2019\/05\/tiketi-logo-696.png","contentUrl":"https:\/\/tiketi.com\/wp-content\/uploads\/2019\/05\/tiketi-logo-696.png","width":696,"height":696,"caption":"Tiketi.com"},"image":{"@id":"https:\/\/tiketi.com\/#\/schema\/logo\/image\/"},"sameAs":["https:\/\/www.facebook.com\/TiketiCom\/"]}]}},"_links":{"self":[{"href":"https:\/\/tiketi.com\/fr-fr\/wp-json\/wp\/v2\/pages\/10803","targetHints":{"allow":["GET"]}}],"collection":[{"href":"https:\/\/tiketi.com\/fr-fr\/wp-json\/wp\/v2\/pages"}],"about":[{"href":"https:\/\/tiketi.com\/fr-fr\/wp-json\/wp\/v2\/types\/page"}],"author":[{"embeddable":true,"href":"https:\/\/tiketi.com\/fr-fr\/wp-json\/wp\/v2\/users\/1"}],"replies":[{"embeddable":true,"href":"https:\/\/tiketi.com\/fr-fr\/wp-json\/wp\/v2\/comments?post=10803"}],"version-history":[{"count":0,"href":"https:\/\/tiketi.com\/fr-fr\/wp-json\/wp\/v2\/pages\/10803\/revisions"}],"wp:featuredmedia":[{"embeddable":true,"href":"https:\/\/tiketi.com\/fr-fr\/wp-json\/wp\/v2\/media\/13999"}],"wp:attachment":[{"href":"https:\/\/tiketi.com\/fr-fr\/wp-json\/wp\/v2\/media?parent=10803"}],"curies":[{"name":"wp","href":"https:\/\/api.w.org\/{rel}","templated":true}]}}