{"id":10804,"date":"2022-01-19T12:53:49","date_gmt":"2022-01-19T11:53:49","guid":{"rendered":"https:\/\/new.tiketi.com\/bus-from-kisumu-to-isebania-bus-tickets-fare-schedule-route\/"},"modified":"2022-01-29T18:41:57","modified_gmt":"2022-01-29T17:41:57","slug":"bus-from-kisumu-to-isebania-bus-tickets-fare-schedule-route","status":"publish","type":"page","link":"https:\/\/tiketi.com\/fr-fr\/bus-from-kisumu-to-isebania-bus-tickets-fare-schedule-route\/","title":{"rendered":"Bus de Kisumu \u00e0 Isebania Billets de bus, tarifs, horaires et itin\u00e9raire"},"content":{"rendered":"<h2>Billets de bus pas chers de Kisumu \u00e0 Isebania R\u00e9servation en ligne<\/h2>\n<h3>D\u00e9couvrez votre itin\u00e9raire sur le web, le mobile ou l&#039;application et r\u00e9servez en ligne maintenant un billet de bus pas cher de Kisumu \u00e0 Isebania.<\/h3>\n<p>Comparez et r\u00e9servez en ligne des billets de bus pas chers de Kisumu \u00e0 Isebania et voyagez de Kisumu \u00e0 Isebania par la route. Voici l&#039;id\u00e9e comment r\u00e9server des billets de bus de Kisumu \u00e0 Isebania :<\/p>\n<h2>Bus de Kisumu \u00e0 Isebania R\u00e9servation de billets de bus, itin\u00e9raires, horaires et tarifs FAQ<\/h2>\n<h3>Est-ce que le bus Isebania to Kisumu est le moyen le plus \u00e9conomique d&#039;aller de Kisumu \u00e0 Isebania ?<\/h3>\n<p>Le moyen abordable de se rendre de Kisumu \u00e0 Isebania bus co\u00fbte $13 \u2013 $25 et prend 15h 30m.<\/p>\n<h3>Quel est le moyen le plus rapide pour se rendre de Kisumu \u00e0 Isebania ?<\/h3>\n<p>Le moyen le plus rapide pour se rendre de Kisumu \u00e0 Isebania est en avion et voiture, dure 2h 20m et co\u00fbte $200 \u2013 $280.<\/p>\n<h3>Y a-t-il un bus entre Isebania et Kisumu ?<\/h3>\n<p>Non, il y a un bus direct depuis Kisumu. Quoi qu&#039;il en soit, il y a des services au d\u00e9part de Kisumu et arrivant \u00e0 Sirare. Le trajet, y compris les transferts, dure environ 14h 50m.<\/p>\n<h3>Quelle est la distance parcourue entre Kisumu et Isebania?<\/h3>\n<p>La distance entre Kisumu et Isebania de bus est de 130 km.<\/p>\n<h3>Comment voyager de Kisumu \u00e0 isebania sans v\u00e9hicule personnel ?<\/h3>\n<p>Le meilleur moyen pour se rendre de Kisumu \u00e0 Isebania sans v\u00e9hicule personnel, ce qui dure 14h 50m et co\u00fbte $15 \u2013 $35.<\/p>\n<h3>O\u00f9 prendre le bus depuis Kisumu pour Isebanaia ?<\/h3>\n<p>Les services de bus de Kisumu \u00e0 isebania, g\u00e9r\u00e9s par le Guardian Coach, partent de la gare de Kisumu.<\/p>\n<h3>Puis-je conduire de Kisumu \u00e0 Isebanaia ?<\/h3>\n<p>Oui, la distance entre Isebania et Kisumu est de 193 km. il faut environ 2h 50m pour conduire de Kisumu \u00e0 Isebanaia.<\/p>\n<h2>Billets de bus de Kisumu \u00e0 Isebania Tips<\/h2>\n<p>La ville est situ\u00e9e \u00e0 la fronti\u00e8re, juste en face de la ville d&#039;Isebania, en Tanzanie, \u00e0 environ vingt-quatre kilom\u00e8tres, par la route, Migori sud, le lieu du si\u00e8ge du district. C&#039;est \u00e0 environ 200 kilom\u00e8tres au sud de Kisumu, la grande ville la plus proche.<\/p>","protected":false},"excerpt":{"rendered":"<p>Cheap Bus Tickets from Kisumu to Isebania Online Booking Discover your travel route on web, mobile or app and book cheap bus ticket from Kisumu to Isebania online now. Compare and do cheap bus from Kisumu to Isebania bus tickets booking online and\u00a0travel Kisumu to Isebania\u00a0by road. Here is the idea how to book bus [&hellip;]<\/p>\n","protected":false},"author":1,"featured_media":13999,"parent":0,"menu_order":0,"comment_status":"open","ping_status":"closed","template":"template-home-modern.php","meta":{"footnotes":""},"class_list":["post-10804","page","type-page","status-publish","has-post-thumbnail","hentry"],"yoast_head":"<!-- This site is optimized with the Yoast SEO plugin v27.3 - https:\/\/yoast.com\/product\/yoast-seo-wordpress\/ -->\n<title>Bus from Kisumu to Isebania Bus Tickets, Fare, Schedule &amp; Route<\/title>\n<meta name=\"description\" content=\"Looking for bus from\u00a0Kisumu to Isebania bus ticket booking app, route, schedule &amp; fare? Book cheap bus tickets from Kisumu to Isebania online\" \/>\n<meta name=\"robots\" content=\"index, follow, max-snippet:-1, max-image-preview:large, max-video-preview:-1\" \/>\n<link rel=\"canonical\" href=\"https:\/\/tiketi.com\/fr-fr\/bus-from-kisumu-to-isebania-bus-tickets-fare-schedule-route\/\" \/>\n<meta property=\"og:locale\" content=\"fr_FR\" \/>\n<meta property=\"og:type\" content=\"article\" \/>\n<meta property=\"og:title\" content=\"Bus from Kisumu to Isebania Bus Tickets, Fare, Schedule &amp; Route\" \/>\n<meta property=\"og:description\" content=\"Looking for bus from\u00a0Kisumu to Isebania bus ticket booking app, route, schedule &amp; fare? Book cheap bus tickets from Kisumu to Isebania online\" \/>\n<meta property=\"og:url\" content=\"https:\/\/tiketi.com\/fr-fr\/bus-from-kisumu-to-isebania-bus-tickets-fare-schedule-route\/\" \/>\n<meta property=\"og:site_name\" content=\"Tiketi.com\" \/>\n<meta property=\"article:publisher\" content=\"https:\/\/www.facebook.com\/TiketiCom\/\" \/>\n<meta property=\"article:modified_time\" content=\"2022-01-29T17:41:57+00:00\" \/>\n<meta property=\"og:image\" content=\"https:\/\/tiketi.com\/wp-content\/uploads\/2022\/01\/bus-ticket-online-booking.jpg\" \/>\n\t<meta property=\"og:image:width\" content=\"1200\" \/>\n\t<meta property=\"og:image:height\" content=\"206\" \/>\n\t<meta property=\"og:image:type\" content=\"image\/jpeg\" \/>\n<meta name=\"twitter:card\" content=\"summary_large_image\" \/>\n<meta name=\"twitter:label1\" content=\"Dur\u00e9e de lecture estim\u00e9e\" \/>\n\t<meta name=\"twitter:data1\" content=\"2 minutes\" \/>\n<script type=\"application\/ld+json\" class=\"yoast-schema-graph\">{\"@context\":\"https:\\\/\\\/schema.org\",\"@graph\":[{\"@type\":\"WebPage\",\"@id\":\"https:\\\/\\\/tiketi.com\\\/bus-from-kisumu-to-isebania-bus-tickets-fare-schedule-route\\\/\",\"url\":\"https:\\\/\\\/tiketi.com\\\/bus-from-kisumu-to-isebania-bus-tickets-fare-schedule-route\\\/\",\"name\":\"Bus from Kisumu to Isebania Bus Tickets, Fare, Schedule & Route\",\"isPartOf\":{\"@id\":\"https:\\\/\\\/tiketi.com\\\/#website\"},\"primaryImageOfPage\":{\"@id\":\"https:\\\/\\\/tiketi.com\\\/bus-from-kisumu-to-isebania-bus-tickets-fare-schedule-route\\\/#primaryimage\"},\"image\":{\"@id\":\"https:\\\/\\\/tiketi.com\\\/bus-from-kisumu-to-isebania-bus-tickets-fare-schedule-route\\\/#primaryimage\"},\"thumbnailUrl\":\"https:\\\/\\\/tiketi.com\\\/wp-content\\\/uploads\\\/2022\\\/01\\\/bus-ticket-online-booking.jpg\",\"datePublished\":\"2022-01-19T11:53:49+00:00\",\"dateModified\":\"2022-01-29T17:41:57+00:00\",\"description\":\"Looking for bus from\u00a0Kisumu to Isebania bus ticket booking app, route, schedule & fare? Book cheap bus tickets from Kisumu to Isebania online\",\"breadcrumb\":{\"@id\":\"https:\\\/\\\/tiketi.com\\\/bus-from-kisumu-to-isebania-bus-tickets-fare-schedule-route\\\/#breadcrumb\"},\"inLanguage\":\"fr-FR\",\"potentialAction\":[{\"@type\":\"ReadAction\",\"target\":[\"https:\\\/\\\/tiketi.com\\\/bus-from-kisumu-to-isebania-bus-tickets-fare-schedule-route\\\/\"]}]},{\"@type\":\"ImageObject\",\"inLanguage\":\"fr-FR\",\"@id\":\"https:\\\/\\\/tiketi.com\\\/bus-from-kisumu-to-isebania-bus-tickets-fare-schedule-route\\\/#primaryimage\",\"url\":\"https:\\\/\\\/tiketi.com\\\/wp-content\\\/uploads\\\/2022\\\/01\\\/bus-ticket-online-booking.jpg\",\"contentUrl\":\"https:\\\/\\\/tiketi.com\\\/wp-content\\\/uploads\\\/2022\\\/01\\\/bus-ticket-online-booking.jpg\",\"width\":1200,\"height\":206,\"caption\":\"Online Bus Ticket Booking\"},{\"@type\":\"BreadcrumbList\",\"@id\":\"https:\\\/\\\/tiketi.com\\\/bus-from-kisumu-to-isebania-bus-tickets-fare-schedule-route\\\/#breadcrumb\",\"itemListElement\":[{\"@type\":\"ListItem\",\"position\":1,\"name\":\"Home\",\"item\":\"https:\\\/\\\/tiketi.com\\\/\"},{\"@type\":\"ListItem\",\"position\":2,\"name\":\"Bus from Kisumu to Isebania Bus Tickets, Fare, Schedule &#038; Route\"}]},{\"@type\":\"WebSite\",\"@id\":\"https:\\\/\\\/tiketi.com\\\/#website\",\"url\":\"https:\\\/\\\/tiketi.com\\\/\",\"name\":\"Flight & Bus Tickets, Tour Packages & Activitites - Tiketi.com\",\"description\":\"Flight &amp; Bus Tickets, Tours, Activitites\",\"publisher\":{\"@id\":\"https:\\\/\\\/tiketi.com\\\/#organization\"},\"potentialAction\":[{\"@type\":\"SearchAction\",\"target\":{\"@type\":\"EntryPoint\",\"urlTemplate\":\"https:\\\/\\\/tiketi.com\\\/?s={search_term_string}\"},\"query-input\":{\"@type\":\"PropertyValueSpecification\",\"valueRequired\":true,\"valueName\":\"search_term_string\"}}],\"inLanguage\":\"fr-FR\"},{\"@type\":\"Organization\",\"@id\":\"https:\\\/\\\/tiketi.com\\\/#organization\",\"name\":\"Tiketi.com\",\"alternateName\":\"Tiketi\",\"url\":\"https:\\\/\\\/tiketi.com\\\/\",\"logo\":{\"@type\":\"ImageObject\",\"inLanguage\":\"fr-FR\",\"@id\":\"https:\\\/\\\/tiketi.com\\\/#\\\/schema\\\/logo\\\/image\\\/\",\"url\":\"https:\\\/\\\/tiketi.com\\\/wp-content\\\/uploads\\\/2019\\\/05\\\/tiketi-logo-696.png\",\"contentUrl\":\"https:\\\/\\\/tiketi.com\\\/wp-content\\\/uploads\\\/2019\\\/05\\\/tiketi-logo-696.png\",\"width\":696,\"height\":696,\"caption\":\"Tiketi.com\"},\"image\":{\"@id\":\"https:\\\/\\\/tiketi.com\\\/#\\\/schema\\\/logo\\\/image\\\/\"},\"sameAs\":[\"https:\\\/\\\/www.facebook.com\\\/TiketiCom\\\/\"]}]}<\/script>\n<!-- \/ Yoast SEO plugin. -->","yoast_head_json":{"title":"Bus de Kisumu \u00e0 Isebania Billets de bus, tarifs, horaires et itin\u00e9raire","description":"\u00c0 la recherche d&#039;une application de r\u00e9servation de billets de bus de Kisumu \u00e0 Isebania en bus, d&#039;un itin\u00e9raire, d&#039;un horaire et d&#039;un tarif\u00a0? R\u00e9servez en ligne des billets de bus \u00e0 bas prix de Kisumu \u00e0 Isebania","robots":{"index":"index","follow":"follow","max-snippet":"max-snippet:-1","max-image-preview":"max-image-preview:large","max-video-preview":"max-video-preview:-1"},"canonical":"https:\/\/tiketi.com\/fr-fr\/bus-from-kisumu-to-isebania-bus-tickets-fare-schedule-route\/","og_locale":"fr_FR","og_type":"article","og_title":"Bus from Kisumu to Isebania Bus Tickets, Fare, Schedule & Route","og_description":"Looking for bus from\u00a0Kisumu to Isebania bus ticket booking app, route, schedule & fare? Book cheap bus tickets from Kisumu to Isebania online","og_url":"https:\/\/tiketi.com\/fr-fr\/bus-from-kisumu-to-isebania-bus-tickets-fare-schedule-route\/","og_site_name":"Tiketi.com","article_publisher":"https:\/\/www.facebook.com\/TiketiCom\/","article_modified_time":"2022-01-29T17:41:57+00:00","og_image":[{"width":1200,"height":206,"url":"https:\/\/tiketi.com\/wp-content\/uploads\/2022\/01\/bus-ticket-online-booking.jpg","type":"image\/jpeg"}],"twitter_card":"summary_large_image","twitter_misc":{"Dur\u00e9e de lecture estim\u00e9e":"2 minutes"},"schema":{"@context":"https:\/\/schema.org","@graph":[{"@type":"WebPage","@id":"https:\/\/tiketi.com\/bus-from-kisumu-to-isebania-bus-tickets-fare-schedule-route\/","url":"https:\/\/tiketi.com\/bus-from-kisumu-to-isebania-bus-tickets-fare-schedule-route\/","name":"Bus de Kisumu \u00e0 Isebania Billets de bus, tarifs, horaires et itin\u00e9raire","isPartOf":{"@id":"https:\/\/tiketi.com\/#website"},"primaryImageOfPage":{"@id":"https:\/\/tiketi.com\/bus-from-kisumu-to-isebania-bus-tickets-fare-schedule-route\/#primaryimage"},"image":{"@id":"https:\/\/tiketi.com\/bus-from-kisumu-to-isebania-bus-tickets-fare-schedule-route\/#primaryimage"},"thumbnailUrl":"https:\/\/tiketi.com\/wp-content\/uploads\/2022\/01\/bus-ticket-online-booking.jpg","datePublished":"2022-01-19T11:53:49+00:00","dateModified":"2022-01-29T17:41:57+00:00","description":"\u00c0 la recherche d&#039;une application de r\u00e9servation de billets de bus de Kisumu \u00e0 Isebania en bus, d&#039;un itin\u00e9raire, d&#039;un horaire et d&#039;un tarif\u00a0? R\u00e9servez en ligne des billets de bus \u00e0 bas prix de Kisumu \u00e0 Isebania","breadcrumb":{"@id":"https:\/\/tiketi.com\/bus-from-kisumu-to-isebania-bus-tickets-fare-schedule-route\/#breadcrumb"},"inLanguage":"fr-FR","potentialAction":[{"@type":"ReadAction","target":["https:\/\/tiketi.com\/bus-from-kisumu-to-isebania-bus-tickets-fare-schedule-route\/"]}]},{"@type":"ImageObject","inLanguage":"fr-FR","@id":"https:\/\/tiketi.com\/bus-from-kisumu-to-isebania-bus-tickets-fare-schedule-route\/#primaryimage","url":"https:\/\/tiketi.com\/wp-content\/uploads\/2022\/01\/bus-ticket-online-booking.jpg","contentUrl":"https:\/\/tiketi.com\/wp-content\/uploads\/2022\/01\/bus-ticket-online-booking.jpg","width":1200,"height":206,"caption":"Online Bus Ticket Booking"},{"@type":"BreadcrumbList","@id":"https:\/\/tiketi.com\/bus-from-kisumu-to-isebania-bus-tickets-fare-schedule-route\/#breadcrumb","itemListElement":[{"@type":"ListItem","position":1,"name":"Home","item":"https:\/\/tiketi.com\/"},{"@type":"ListItem","position":2,"name":"Bus from Kisumu to Isebania Bus Tickets, Fare, Schedule &#038; Route"}]},{"@type":"WebSite","@id":"https:\/\/tiketi.com\/#website","url":"https:\/\/tiketi.com\/","name":"Billets d&#039;avion et de bus, forfaits touristiques et activit\u00e9s - Tiketi.com","description":"Billets d&#039;avion et de bus, Tours, Activit\u00e9s","publisher":{"@id":"https:\/\/tiketi.com\/#organization"},"potentialAction":[{"@type":"SearchAction","target":{"@type":"EntryPoint","urlTemplate":"https:\/\/tiketi.com\/?s={search_term_string}"},"query-input":{"@type":"PropertyValueSpecification","valueRequired":true,"valueName":"search_term_string"}}],"inLanguage":"fr-FR"},{"@type":"Organization","@id":"https:\/\/tiketi.com\/#organization","name":"Tiketi.com","alternateName":"Tiketi","url":"https:\/\/tiketi.com\/","logo":{"@type":"ImageObject","inLanguage":"fr-FR","@id":"https:\/\/tiketi.com\/#\/schema\/logo\/image\/","url":"https:\/\/tiketi.com\/wp-content\/uploads\/2019\/05\/tiketi-logo-696.png","contentUrl":"https:\/\/tiketi.com\/wp-content\/uploads\/2019\/05\/tiketi-logo-696.png","width":696,"height":696,"caption":"Tiketi.com"},"image":{"@id":"https:\/\/tiketi.com\/#\/schema\/logo\/image\/"},"sameAs":["https:\/\/www.facebook.com\/TiketiCom\/"]}]}},"_links":{"self":[{"href":"https:\/\/tiketi.com\/fr-fr\/wp-json\/wp\/v2\/pages\/10804","targetHints":{"allow":["GET"]}}],"collection":[{"href":"https:\/\/tiketi.com\/fr-fr\/wp-json\/wp\/v2\/pages"}],"about":[{"href":"https:\/\/tiketi.com\/fr-fr\/wp-json\/wp\/v2\/types\/page"}],"author":[{"embeddable":true,"href":"https:\/\/tiketi.com\/fr-fr\/wp-json\/wp\/v2\/users\/1"}],"replies":[{"embeddable":true,"href":"https:\/\/tiketi.com\/fr-fr\/wp-json\/wp\/v2\/comments?post=10804"}],"version-history":[{"count":0,"href":"https:\/\/tiketi.com\/fr-fr\/wp-json\/wp\/v2\/pages\/10804\/revisions"}],"wp:featuredmedia":[{"embeddable":true,"href":"https:\/\/tiketi.com\/fr-fr\/wp-json\/wp\/v2\/media\/13999"}],"wp:attachment":[{"href":"https:\/\/tiketi.com\/fr-fr\/wp-json\/wp\/v2\/media?parent=10804"}],"curies":[{"name":"wp","href":"https:\/\/api.w.org\/{rel}","templated":true}]}}