{"id":10806,"date":"2022-01-19T12:53:49","date_gmt":"2022-01-19T11:53:49","guid":{"rendered":"https:\/\/new.tiketi.com\/bus-from-mombasa-to-lamu-bus-tickets-fare-schedule-route\/"},"modified":"2022-01-31T09:26:00","modified_gmt":"2022-01-31T08:26:00","slug":"bus-tickets-from-mombasa-to-lamu-island","status":"publish","type":"page","link":"https:\/\/tiketi.com\/fr-fr\/bus-tickets-from-mombasa-to-lamu-island\/","title":{"rendered":"Bus de Mombasa \u00e0 Lamu Billets de bus, tarif, horaires et itin\u00e9raire"},"content":{"rendered":"<p>[wbtm-bus-search]<\/p>\n<h2>Cheap Bus Tickets from Mombasa to Lamu Online Booking<\/h2>\n<h3><strong>&gt;&gt;<\/strong>\u00a0Reserve\u00a0your cheap bus ticket\u00a0from Mombasa to Lamu online now.<\/h3>\n<p>Compare and do cheap bus from Mombasa to Lamu bus tickets booking online and\u00a0travel Mombasa to Lamu\u00a0by road.\u00a0Lamu Island, a UNESCO World Heritage place since 2001 and a centre of Islamic and Swahili culture for over seven-hundred years, is the most famous and most developed of the islands and its hostels have gained a famous deserved status for delivering a wonderful barefoot luxury experience. Expect amazing beaches, remarkable coral reefs, a wealth of activities, best cuisine and friendly, discreet service while on a Lamu holiday. Here are some of the best ideas of bus tickets from Mombasa to Lamu:<\/p>\n<h2>Bus from Mombasa to Lamu Bus Tickets Booking, Routes, Schedules &amp; Fares FAQs<\/h2>\n<h3>Is the Mombasa to Lamu bus the affordable way to get from Mombasa to Lamu Island?<\/h3>\n<p>The affordable way to get bus from Mombasa to Lamu which costs $9 and takes 6h 10m<\/p>\n<h3>What is the quickest way to get from Mombasa to Lamu Island?<\/h3>\n<p>The fastest way to get from Mombasa to Lamu Island is to fly which costs $56 &#8211; $220 and takes 55m.<\/p>\n<h3>How do I travel from Lamu Island to Mombasa without a car?<\/h3>\n<p>The top way to get from Mombasa to Lamu Island without a personal vehicle is to bus which takes 6h 10m and costs $9.<\/p>\n<h3>Fly or bus Mombasa to Lamu Island?<\/h3>\n<p>The top way to get from Mombasa to Lamu Island is to <u><a href=\"https:\/\/tiketi.com\/flightst\" target=\"_blank\" rel=\"noopener\">fly<\/a><\/u> which takes 55m and costs $55 &#8211; $220. Alternatively, you can take bus tickets from Mombasa to lamu, which costs $9 and takes 6h 10m.<\/p>\n<h3>What is the distance between Lamu Island and Mombasa?<\/h3>\n<p>The distance between Lamu and Mombasa Island is 238 km.<\/p>\n<h2>Bus Tickets from Mombasa to Lamu Tips<\/h2>\n<p>Lamu is predominantly a pedestrian island, full of wonderful narrow alleyways, dhow and donkeys boats that can transport you along different areas of coast. It has stunning views of the emerald green sea, and it is best to visit at any time of the year.<\/p>\n","protected":false},"excerpt":{"rendered":"<p>[wbtm-bus-search] Cheap Bus Tickets from Mombasa to Lamu Online Booking &gt;&gt;\u00a0Reserve\u00a0your cheap bus ticket\u00a0from Mombasa to Lamu online now. Compare and do cheap bus from Mombasa to Lamu bus tickets booking online and\u00a0travel Mombasa to Lamu\u00a0by road.\u00a0Lamu Island, a UNESCO World Heritage place since 2001 and a centre of Islamic and Swahili culture for over [&hellip;]<\/p>\n","protected":false},"author":1,"featured_media":13999,"parent":0,"menu_order":0,"comment_status":"open","ping_status":"closed","template":"template-home-modern.php","meta":{"footnotes":""},"class_list":["post-10806","page","type-page","status-publish","has-post-thumbnail","hentry"],"yoast_head":"<!-- This site is optimized with the Yoast SEO plugin v27.3 - https:\/\/yoast.com\/product\/yoast-seo-wordpress\/ -->\n<title>Bus from Mombasa to Lamu Bus Tickets, Fare, Schedule &amp; Route<\/title>\n<meta name=\"description\" content=\"Looking for bus from\u00a0Mombasa to Lamu bus tickets booking app, schedules &amp; fares? Book cheap bus tickets from Mombasa to Lamu online now\" \/>\n<meta name=\"robots\" content=\"index, follow, max-snippet:-1, max-image-preview:large, max-video-preview:-1\" \/>\n<link rel=\"canonical\" href=\"https:\/\/tiketi.com\/fr-fr\/bus-tickets-from-mombasa-to-lamu-island\/\" \/>\n<meta property=\"og:locale\" content=\"fr_FR\" \/>\n<meta property=\"og:type\" content=\"article\" \/>\n<meta property=\"og:title\" content=\"Bus from Mombasa to Lamu Bus Tickets, Fare, Schedule &amp; Route\" \/>\n<meta property=\"og:description\" content=\"Looking for bus from\u00a0Mombasa to Lamu bus tickets booking app, schedules &amp; fares? Book cheap bus tickets from Mombasa to Lamu online now\" \/>\n<meta property=\"og:url\" content=\"https:\/\/tiketi.com\/fr-fr\/bus-tickets-from-mombasa-to-lamu-island\/\" \/>\n<meta property=\"og:site_name\" content=\"Tiketi.com\" \/>\n<meta property=\"article:publisher\" content=\"https:\/\/www.facebook.com\/TiketiCom\/\" \/>\n<meta property=\"article:modified_time\" content=\"2022-01-31T08:26:00+00:00\" \/>\n<meta property=\"og:image\" content=\"https:\/\/tiketi.com\/wp-content\/uploads\/2022\/01\/bus-ticket-online-booking.jpg\" \/>\n\t<meta property=\"og:image:width\" content=\"1200\" \/>\n\t<meta property=\"og:image:height\" content=\"206\" \/>\n\t<meta property=\"og:image:type\" content=\"image\/jpeg\" \/>\n<meta name=\"twitter:card\" content=\"summary_large_image\" \/>\n<meta name=\"twitter:label1\" content=\"Dur\u00e9e de lecture estim\u00e9e\" \/>\n\t<meta name=\"twitter:data1\" content=\"2 minutes\" \/>\n<script type=\"application\/ld+json\" class=\"yoast-schema-graph\">{\"@context\":\"https:\\\/\\\/schema.org\",\"@graph\":[{\"@type\":\"WebPage\",\"@id\":\"https:\\\/\\\/tiketi.com\\\/bus-tickets-from-mombasa-to-lamu-island\\\/\",\"url\":\"https:\\\/\\\/tiketi.com\\\/bus-tickets-from-mombasa-to-lamu-island\\\/\",\"name\":\"Bus from Mombasa to Lamu Bus Tickets, Fare, Schedule & Route\",\"isPartOf\":{\"@id\":\"https:\\\/\\\/tiketi.com\\\/#website\"},\"primaryImageOfPage\":{\"@id\":\"https:\\\/\\\/tiketi.com\\\/bus-tickets-from-mombasa-to-lamu-island\\\/#primaryimage\"},\"image\":{\"@id\":\"https:\\\/\\\/tiketi.com\\\/bus-tickets-from-mombasa-to-lamu-island\\\/#primaryimage\"},\"thumbnailUrl\":\"https:\\\/\\\/tiketi.com\\\/wp-content\\\/uploads\\\/2022\\\/01\\\/bus-ticket-online-booking.jpg\",\"datePublished\":\"2022-01-19T11:53:49+00:00\",\"dateModified\":\"2022-01-31T08:26:00+00:00\",\"description\":\"Looking for bus from\u00a0Mombasa to Lamu bus tickets booking app, schedules & fares? Book cheap bus tickets from Mombasa to Lamu online now\",\"breadcrumb\":{\"@id\":\"https:\\\/\\\/tiketi.com\\\/bus-tickets-from-mombasa-to-lamu-island\\\/#breadcrumb\"},\"inLanguage\":\"fr-FR\",\"potentialAction\":[{\"@type\":\"ReadAction\",\"target\":[\"https:\\\/\\\/tiketi.com\\\/bus-tickets-from-mombasa-to-lamu-island\\\/\"]}]},{\"@type\":\"ImageObject\",\"inLanguage\":\"fr-FR\",\"@id\":\"https:\\\/\\\/tiketi.com\\\/bus-tickets-from-mombasa-to-lamu-island\\\/#primaryimage\",\"url\":\"https:\\\/\\\/tiketi.com\\\/wp-content\\\/uploads\\\/2022\\\/01\\\/bus-ticket-online-booking.jpg\",\"contentUrl\":\"https:\\\/\\\/tiketi.com\\\/wp-content\\\/uploads\\\/2022\\\/01\\\/bus-ticket-online-booking.jpg\",\"width\":1200,\"height\":206,\"caption\":\"Online Bus Ticket Booking\"},{\"@type\":\"BreadcrumbList\",\"@id\":\"https:\\\/\\\/tiketi.com\\\/bus-tickets-from-mombasa-to-lamu-island\\\/#breadcrumb\",\"itemListElement\":[{\"@type\":\"ListItem\",\"position\":1,\"name\":\"Home\",\"item\":\"https:\\\/\\\/tiketi.com\\\/\"},{\"@type\":\"ListItem\",\"position\":2,\"name\":\"Bus from Mombasa to Lamu Bus Tickets, Fare, Schedule &#038; Route\"}]},{\"@type\":\"WebSite\",\"@id\":\"https:\\\/\\\/tiketi.com\\\/#website\",\"url\":\"https:\\\/\\\/tiketi.com\\\/\",\"name\":\"Flight & Bus Tickets, Tour Packages & Activitites - Tiketi.com\",\"description\":\"Flight &amp; Bus Tickets, Tours, Activitites\",\"publisher\":{\"@id\":\"https:\\\/\\\/tiketi.com\\\/#organization\"},\"potentialAction\":[{\"@type\":\"SearchAction\",\"target\":{\"@type\":\"EntryPoint\",\"urlTemplate\":\"https:\\\/\\\/tiketi.com\\\/?s={search_term_string}\"},\"query-input\":{\"@type\":\"PropertyValueSpecification\",\"valueRequired\":true,\"valueName\":\"search_term_string\"}}],\"inLanguage\":\"fr-FR\"},{\"@type\":\"Organization\",\"@id\":\"https:\\\/\\\/tiketi.com\\\/#organization\",\"name\":\"Tiketi.com\",\"alternateName\":\"Tiketi\",\"url\":\"https:\\\/\\\/tiketi.com\\\/\",\"logo\":{\"@type\":\"ImageObject\",\"inLanguage\":\"fr-FR\",\"@id\":\"https:\\\/\\\/tiketi.com\\\/#\\\/schema\\\/logo\\\/image\\\/\",\"url\":\"https:\\\/\\\/tiketi.com\\\/wp-content\\\/uploads\\\/2019\\\/05\\\/tiketi-logo-696.png\",\"contentUrl\":\"https:\\\/\\\/tiketi.com\\\/wp-content\\\/uploads\\\/2019\\\/05\\\/tiketi-logo-696.png\",\"width\":696,\"height\":696,\"caption\":\"Tiketi.com\"},\"image\":{\"@id\":\"https:\\\/\\\/tiketi.com\\\/#\\\/schema\\\/logo\\\/image\\\/\"},\"sameAs\":[\"https:\\\/\\\/www.facebook.com\\\/TiketiCom\\\/\"]}]}<\/script>\n<!-- \/ Yoast SEO plugin. -->","yoast_head_json":{"title":"Bus de Mombasa \u00e0 Lamu Billets de bus, tarif, horaires et itin\u00e9raire","description":"\u00c0 la recherche d&#039;une application de r\u00e9servation de billets de bus de Mombasa \u00e0 Lamu, des horaires et des tarifs\u00a0? R\u00e9servez en ligne maintenant des billets de bus \u00e0 bas prix de Mombasa \u00e0 Lamu","robots":{"index":"index","follow":"follow","max-snippet":"max-snippet:-1","max-image-preview":"max-image-preview:large","max-video-preview":"max-video-preview:-1"},"canonical":"https:\/\/tiketi.com\/fr-fr\/bus-tickets-from-mombasa-to-lamu-island\/","og_locale":"fr_FR","og_type":"article","og_title":"Bus from Mombasa to Lamu Bus Tickets, Fare, Schedule & Route","og_description":"Looking for bus from\u00a0Mombasa to Lamu bus tickets booking app, schedules & fares? Book cheap bus tickets from Mombasa to Lamu online now","og_url":"https:\/\/tiketi.com\/fr-fr\/bus-tickets-from-mombasa-to-lamu-island\/","og_site_name":"Tiketi.com","article_publisher":"https:\/\/www.facebook.com\/TiketiCom\/","article_modified_time":"2022-01-31T08:26:00+00:00","og_image":[{"width":1200,"height":206,"url":"https:\/\/tiketi.com\/wp-content\/uploads\/2022\/01\/bus-ticket-online-booking.jpg","type":"image\/jpeg"}],"twitter_card":"summary_large_image","twitter_misc":{"Dur\u00e9e de lecture estim\u00e9e":"2 minutes"},"schema":{"@context":"https:\/\/schema.org","@graph":[{"@type":"WebPage","@id":"https:\/\/tiketi.com\/bus-tickets-from-mombasa-to-lamu-island\/","url":"https:\/\/tiketi.com\/bus-tickets-from-mombasa-to-lamu-island\/","name":"Bus de Mombasa \u00e0 Lamu Billets de bus, tarif, horaires et itin\u00e9raire","isPartOf":{"@id":"https:\/\/tiketi.com\/#website"},"primaryImageOfPage":{"@id":"https:\/\/tiketi.com\/bus-tickets-from-mombasa-to-lamu-island\/#primaryimage"},"image":{"@id":"https:\/\/tiketi.com\/bus-tickets-from-mombasa-to-lamu-island\/#primaryimage"},"thumbnailUrl":"https:\/\/tiketi.com\/wp-content\/uploads\/2022\/01\/bus-ticket-online-booking.jpg","datePublished":"2022-01-19T11:53:49+00:00","dateModified":"2022-01-31T08:26:00+00:00","description":"\u00c0 la recherche d&#039;une application de r\u00e9servation de billets de bus de Mombasa \u00e0 Lamu, des horaires et des tarifs\u00a0? R\u00e9servez en ligne maintenant des billets de bus \u00e0 bas prix de Mombasa \u00e0 Lamu","breadcrumb":{"@id":"https:\/\/tiketi.com\/bus-tickets-from-mombasa-to-lamu-island\/#breadcrumb"},"inLanguage":"fr-FR","potentialAction":[{"@type":"ReadAction","target":["https:\/\/tiketi.com\/bus-tickets-from-mombasa-to-lamu-island\/"]}]},{"@type":"ImageObject","inLanguage":"fr-FR","@id":"https:\/\/tiketi.com\/bus-tickets-from-mombasa-to-lamu-island\/#primaryimage","url":"https:\/\/tiketi.com\/wp-content\/uploads\/2022\/01\/bus-ticket-online-booking.jpg","contentUrl":"https:\/\/tiketi.com\/wp-content\/uploads\/2022\/01\/bus-ticket-online-booking.jpg","width":1200,"height":206,"caption":"Online Bus Ticket Booking"},{"@type":"BreadcrumbList","@id":"https:\/\/tiketi.com\/bus-tickets-from-mombasa-to-lamu-island\/#breadcrumb","itemListElement":[{"@type":"ListItem","position":1,"name":"Home","item":"https:\/\/tiketi.com\/"},{"@type":"ListItem","position":2,"name":"Bus from Mombasa to Lamu Bus Tickets, Fare, Schedule &#038; Route"}]},{"@type":"WebSite","@id":"https:\/\/tiketi.com\/#website","url":"https:\/\/tiketi.com\/","name":"Billets d&#039;avion et de bus, forfaits touristiques et activit\u00e9s - Tiketi.com","description":"Billets d&#039;avion et de bus, Tours, Activit\u00e9s","publisher":{"@id":"https:\/\/tiketi.com\/#organization"},"potentialAction":[{"@type":"SearchAction","target":{"@type":"EntryPoint","urlTemplate":"https:\/\/tiketi.com\/?s={search_term_string}"},"query-input":{"@type":"PropertyValueSpecification","valueRequired":true,"valueName":"search_term_string"}}],"inLanguage":"fr-FR"},{"@type":"Organization","@id":"https:\/\/tiketi.com\/#organization","name":"Tiketi.com","alternateName":"Tiketi","url":"https:\/\/tiketi.com\/","logo":{"@type":"ImageObject","inLanguage":"fr-FR","@id":"https:\/\/tiketi.com\/#\/schema\/logo\/image\/","url":"https:\/\/tiketi.com\/wp-content\/uploads\/2019\/05\/tiketi-logo-696.png","contentUrl":"https:\/\/tiketi.com\/wp-content\/uploads\/2019\/05\/tiketi-logo-696.png","width":696,"height":696,"caption":"Tiketi.com"},"image":{"@id":"https:\/\/tiketi.com\/#\/schema\/logo\/image\/"},"sameAs":["https:\/\/www.facebook.com\/TiketiCom\/"]}]}},"_links":{"self":[{"href":"https:\/\/tiketi.com\/fr-fr\/wp-json\/wp\/v2\/pages\/10806","targetHints":{"allow":["GET"]}}],"collection":[{"href":"https:\/\/tiketi.com\/fr-fr\/wp-json\/wp\/v2\/pages"}],"about":[{"href":"https:\/\/tiketi.com\/fr-fr\/wp-json\/wp\/v2\/types\/page"}],"author":[{"embeddable":true,"href":"https:\/\/tiketi.com\/fr-fr\/wp-json\/wp\/v2\/users\/1"}],"replies":[{"embeddable":true,"href":"https:\/\/tiketi.com\/fr-fr\/wp-json\/wp\/v2\/comments?post=10806"}],"version-history":[{"count":0,"href":"https:\/\/tiketi.com\/fr-fr\/wp-json\/wp\/v2\/pages\/10806\/revisions"}],"wp:featuredmedia":[{"embeddable":true,"href":"https:\/\/tiketi.com\/fr-fr\/wp-json\/wp\/v2\/media\/13999"}],"wp:attachment":[{"href":"https:\/\/tiketi.com\/fr-fr\/wp-json\/wp\/v2\/media?parent=10806"}],"curies":[{"name":"wp","href":"https:\/\/api.w.org\/{rel}","templated":true}]}}