{"id":10810,"date":"2022-01-19T12:53:51","date_gmt":"2022-01-19T11:53:51","guid":{"rendered":"https:\/\/new.tiketi.com\/insurance-in-egypt-cheap-life-health-car-online-quotes\/"},"modified":"2022-02-15T21:38:01","modified_gmt":"2022-02-15T20:38:01","slug":"life-car-health-insurance-egypt","status":"publish","type":"page","link":"https:\/\/tiketi.com\/fr-fr\/life-car-health-insurance-egypt\/","title":{"rendered":"Assurance en \u00c9gypte \u2013 Devis en ligne bon march\u00e9 pour les assurances vie, sant\u00e9 et automobile"},"content":{"rendered":"<h2>Assurance en ligne bon march\u00e9 Devis en Egypte<\/h2>\n<h3>Comparez gratuitement les devis d&#039;assurance vie, sant\u00e9 ou automobile bon march\u00e9 en \u00c9gypte.<\/h3>\n<p>Comparez et trouvez la meilleure assurance en ligne en Egypte. L&#039;assurance \u00e9gyptienne est devenue un \u00e9l\u00e9ment essentiel de la vie des entreprises et des personnes et constitue une force importante pour garantir le bien-\u00eatre des entreprises et des particuliers. L\u2019assurance promeut activement la s\u00e9curit\u00e9 et la sant\u00e9 de l\u2019\u00e9conomie et du climat des affaires \u00e0 travers la plan\u00e8te. Au niveau macro, l\u2019assurance am\u00e9liore le climat d\u2019investissement et contribue \u00e0 la croissance \u00e9conomique des entreprises et des \u00e9conomies de plusieurs mani\u00e8res, notamment en prot\u00e9geant la sant\u00e9 financi\u00e8re des entreprises et en attirant les march\u00e9s de production nationaux en investissant des primes. L&#039;assurance couvre \u00e9galement les risques au niveau individuel et aide \u00e0 maintenir un niveau de vie en cas de circonstances impr\u00e9visibles et impr\u00e9vues. Voici les avantages de l\u2019assurance Egypte :<\/p>\n<h2>FAQ sur l&#039;assurance vie, sant\u00e9 et automobile en \u00c9gypte<\/h2>\n<h3>L&#039;assurance en \u00c9gypte peut apporter la tranquillit\u00e9 d&#039;esprit<\/h3>\n<p>L&#039;avantage le plus parfait est l&#039;assurance, c&#039;est la tranquillit\u00e9 d&#039;esprit en sachant que vous et vos biens \u00eates sauv\u00e9s de tout \u00e9v\u00e9nement malheureux qui pourrait survenir dans votre vie. Par exemple, une assurance vie peut sauver vos b\u00e9n\u00e9ficiaires en cas de d\u00e9c\u00e8s, une assurance revenu peut vous offrir des avantages en cas d&#039;incapacit\u00e9 de travail ; une assurance auto peut sauver votre voiture en cas de sinistre automobile, d&#039;accident, de vol, etc.<\/p>\n<h3>Couverture \u00e0 court terme<\/h3>\n<p>Un autre avantage de l\u2019assurance est que vous pouvez g\u00e9rer la dur\u00e9e de la couverture. Vous pouvez choisir une petite dur\u00e9e pour vos besoins \u00e0 court terme. Par exemple, si vous avez actuellement des pr\u00eats ou des paiements hypoth\u00e9caires et que vous envisagez de souscrire une assurance-vie, vous ne pouvez obtenir une couverture que jusqu\u2019\u00e0 la fin de ces obligations financi\u00e8res. Cela signifie que vous pouvez refuser d\u2019acheter trop.<\/p>\n<h3>Argent d&#039;assurance en Egypte non imposable<\/h3>\n<p>Un autre avantage des assurances est la plupart du temps\u00a0; les fonds sont \u00e0 imp\u00f4t diff\u00e9r\u00e9. Cela signifie que les avantages et tous les autres revenus que vous pouvez obtenir dans le cadre de la police sont exon\u00e9r\u00e9s d&#039;imp\u00f4t, sauf dans le cas de r\u00e9gimes d&#039;employeur dans lesquels les avantages sont trait\u00e9s comme un revenu imposable r\u00e9gulier.<\/p>","protected":false},"excerpt":{"rendered":"<p>Cheap Online Insurance Egypt Quotes Compare cheap life, healthcare or car insurance Egypt quotes for free. Compare and find the best online insurance in Egypt. The Egypt insurance has become an inside part of the business and human life and is an important force in securing the well-being of both businesses and individuals. Insurance actively [&hellip;]<\/p>\n","protected":false},"author":1,"featured_media":20034,"parent":0,"menu_order":0,"comment_status":"open","ping_status":"closed","template":"template-home-modern.php","meta":{"footnotes":""},"class_list":["post-10810","page","type-page","status-publish","has-post-thumbnail","hentry"],"yoast_head":"<!-- This site is optimized with the Yoast SEO plugin v27.3 - https:\/\/yoast.com\/product\/yoast-seo-wordpress\/ -->\n<title>Insurance in Egypt - Cheap Life, Health &amp; Car Online Quotes<\/title>\n<meta name=\"description\" content=\"Looking for affordable healthcare, life or car insurance in Egypt? Compare life, health or car insurance Egypt online and get cheap insurance quotes\" \/>\n<meta name=\"robots\" content=\"index, follow, max-snippet:-1, max-image-preview:large, max-video-preview:-1\" \/>\n<link rel=\"canonical\" href=\"https:\/\/tiketi.com\/fr-fr\/life-car-health-insurance-egypt\/\" \/>\n<meta property=\"og:locale\" content=\"fr_FR\" \/>\n<meta property=\"og:type\" content=\"article\" \/>\n<meta property=\"og:title\" content=\"Insurance in Egypt - Cheap Life, Health &amp; Car Online Quotes\" \/>\n<meta property=\"og:description\" content=\"Looking for affordable healthcare, life or car insurance in Egypt? Compare life, health or car insurance Egypt online and get cheap insurance quotes\" \/>\n<meta property=\"og:url\" content=\"https:\/\/tiketi.com\/fr-fr\/life-car-health-insurance-egypt\/\" \/>\n<meta property=\"og:site_name\" content=\"Tiketi.com\" \/>\n<meta property=\"article:publisher\" content=\"https:\/\/www.facebook.com\/TiketiCom\/\" \/>\n<meta property=\"article:modified_time\" content=\"2022-02-15T20:38:01+00:00\" \/>\n<meta property=\"og:image\" content=\"https:\/\/tiketi.com\/wp-content\/uploads\/2019\/05\/insurance-ravi-roshan-_AdUs32i0jc-unsplas.jpg\" \/>\n\t<meta property=\"og:image:width\" content=\"1200\" \/>\n\t<meta property=\"og:image:height\" content=\"200\" \/>\n\t<meta property=\"og:image:type\" content=\"image\/jpeg\" \/>\n<meta name=\"twitter:card\" content=\"summary_large_image\" \/>\n<meta name=\"twitter:label1\" content=\"Dur\u00e9e de lecture estim\u00e9e\" \/>\n\t<meta name=\"twitter:data1\" content=\"2 minutes\" \/>\n<script type=\"application\/ld+json\" class=\"yoast-schema-graph\">{\"@context\":\"https:\\\/\\\/schema.org\",\"@graph\":[{\"@type\":\"WebPage\",\"@id\":\"https:\\\/\\\/tiketi.com\\\/fr-fr\\\/life-car-health-insurance-egypt\\\/\",\"url\":\"https:\\\/\\\/tiketi.com\\\/fr-fr\\\/life-car-health-insurance-egypt\\\/\",\"name\":\"Insurance in Egypt - Cheap Life, Health & Car Online Quotes\",\"isPartOf\":{\"@id\":\"https:\\\/\\\/tiketi.com\\\/#website\"},\"primaryImageOfPage\":{\"@id\":\"https:\\\/\\\/tiketi.com\\\/fr-fr\\\/life-car-health-insurance-egypt\\\/#primaryimage\"},\"image\":{\"@id\":\"https:\\\/\\\/tiketi.com\\\/fr-fr\\\/life-car-health-insurance-egypt\\\/#primaryimage\"},\"thumbnailUrl\":\"https:\\\/\\\/tiketi.com\\\/wp-content\\\/uploads\\\/2019\\\/05\\\/insurance-ravi-roshan-_AdUs32i0jc-unsplas.jpg\",\"datePublished\":\"2022-01-19T11:53:51+00:00\",\"dateModified\":\"2022-02-15T20:38:01+00:00\",\"description\":\"Looking for affordable healthcare, life or car insurance in Egypt? Compare life, health or car insurance Egypt online and get cheap insurance quotes\",\"breadcrumb\":{\"@id\":\"https:\\\/\\\/tiketi.com\\\/fr-fr\\\/life-car-health-insurance-egypt\\\/#breadcrumb\"},\"inLanguage\":\"fr-FR\",\"potentialAction\":[{\"@type\":\"ReadAction\",\"target\":[\"https:\\\/\\\/tiketi.com\\\/fr-fr\\\/life-car-health-insurance-egypt\\\/\"]}]},{\"@type\":\"ImageObject\",\"inLanguage\":\"fr-FR\",\"@id\":\"https:\\\/\\\/tiketi.com\\\/fr-fr\\\/life-car-health-insurance-egypt\\\/#primaryimage\",\"url\":\"https:\\\/\\\/tiketi.com\\\/wp-content\\\/uploads\\\/2019\\\/05\\\/insurance-ravi-roshan-_AdUs32i0jc-unsplas.jpg\",\"contentUrl\":\"https:\\\/\\\/tiketi.com\\\/wp-content\\\/uploads\\\/2019\\\/05\\\/insurance-ravi-roshan-_AdUs32i0jc-unsplas.jpg\",\"width\":1200,\"height\":200,\"caption\":\"Insurance\"},{\"@type\":\"BreadcrumbList\",\"@id\":\"https:\\\/\\\/tiketi.com\\\/fr-fr\\\/life-car-health-insurance-egypt\\\/#breadcrumb\",\"itemListElement\":[{\"@type\":\"ListItem\",\"position\":1,\"name\":\"Home\",\"item\":\"https:\\\/\\\/tiketi.com\\\/\"},{\"@type\":\"ListItem\",\"position\":2,\"name\":\"Insurance in Egypt &#8211; Cheap Life, Health &#038; Car Online Quotes\"}]},{\"@type\":\"WebSite\",\"@id\":\"https:\\\/\\\/tiketi.com\\\/#website\",\"url\":\"https:\\\/\\\/tiketi.com\\\/\",\"name\":\"Flight & Bus Tickets, Tour Packages & Activitites - Tiketi.com\",\"description\":\"Flight &amp; Bus Tickets, Tours, Activitites\",\"publisher\":{\"@id\":\"https:\\\/\\\/tiketi.com\\\/#organization\"},\"potentialAction\":[{\"@type\":\"SearchAction\",\"target\":{\"@type\":\"EntryPoint\",\"urlTemplate\":\"https:\\\/\\\/tiketi.com\\\/?s={search_term_string}\"},\"query-input\":{\"@type\":\"PropertyValueSpecification\",\"valueRequired\":true,\"valueName\":\"search_term_string\"}}],\"inLanguage\":\"fr-FR\"},{\"@type\":\"Organization\",\"@id\":\"https:\\\/\\\/tiketi.com\\\/#organization\",\"name\":\"Tiketi.com\",\"alternateName\":\"Tiketi\",\"url\":\"https:\\\/\\\/tiketi.com\\\/\",\"logo\":{\"@type\":\"ImageObject\",\"inLanguage\":\"fr-FR\",\"@id\":\"https:\\\/\\\/tiketi.com\\\/#\\\/schema\\\/logo\\\/image\\\/\",\"url\":\"https:\\\/\\\/tiketi.com\\\/wp-content\\\/uploads\\\/2019\\\/05\\\/tiketi-logo-696.png\",\"contentUrl\":\"https:\\\/\\\/tiketi.com\\\/wp-content\\\/uploads\\\/2019\\\/05\\\/tiketi-logo-696.png\",\"width\":696,\"height\":696,\"caption\":\"Tiketi.com\"},\"image\":{\"@id\":\"https:\\\/\\\/tiketi.com\\\/#\\\/schema\\\/logo\\\/image\\\/\"},\"sameAs\":[\"https:\\\/\\\/www.facebook.com\\\/TiketiCom\\\/\"]}]}<\/script>\n<!-- \/ Yoast SEO plugin. -->","yoast_head_json":{"title":"Assurance en \u00c9gypte - Devis en ligne bon march\u00e9 pour les assurances vie, sant\u00e9 et automobile","description":"Vous recherchez une assurance sant\u00e9, vie ou automobile abordable en \u00c9gypte ? Comparez les assurances vie, sant\u00e9 ou automobile en \u00c9gypte en ligne et obtenez des devis d&#039;assurance bon march\u00e9","robots":{"index":"index","follow":"follow","max-snippet":"max-snippet:-1","max-image-preview":"max-image-preview:large","max-video-preview":"max-video-preview:-1"},"canonical":"https:\/\/tiketi.com\/fr-fr\/life-car-health-insurance-egypt\/","og_locale":"fr_FR","og_type":"article","og_title":"Insurance in Egypt - Cheap Life, Health & Car Online Quotes","og_description":"Looking for affordable healthcare, life or car insurance in Egypt? Compare life, health or car insurance Egypt online and get cheap insurance quotes","og_url":"https:\/\/tiketi.com\/fr-fr\/life-car-health-insurance-egypt\/","og_site_name":"Tiketi.com","article_publisher":"https:\/\/www.facebook.com\/TiketiCom\/","article_modified_time":"2022-02-15T20:38:01+00:00","og_image":[{"width":1200,"height":200,"url":"https:\/\/tiketi.com\/wp-content\/uploads\/2019\/05\/insurance-ravi-roshan-_AdUs32i0jc-unsplas.jpg","type":"image\/jpeg"}],"twitter_card":"summary_large_image","twitter_misc":{"Dur\u00e9e de lecture estim\u00e9e":"2 minutes"},"schema":{"@context":"https:\/\/schema.org","@graph":[{"@type":"WebPage","@id":"https:\/\/tiketi.com\/fr-fr\/life-car-health-insurance-egypt\/","url":"https:\/\/tiketi.com\/fr-fr\/life-car-health-insurance-egypt\/","name":"Assurance en \u00c9gypte - Devis en ligne bon march\u00e9 pour les assurances vie, sant\u00e9 et automobile","isPartOf":{"@id":"https:\/\/tiketi.com\/#website"},"primaryImageOfPage":{"@id":"https:\/\/tiketi.com\/fr-fr\/life-car-health-insurance-egypt\/#primaryimage"},"image":{"@id":"https:\/\/tiketi.com\/fr-fr\/life-car-health-insurance-egypt\/#primaryimage"},"thumbnailUrl":"https:\/\/tiketi.com\/wp-content\/uploads\/2019\/05\/insurance-ravi-roshan-_AdUs32i0jc-unsplas.jpg","datePublished":"2022-01-19T11:53:51+00:00","dateModified":"2022-02-15T20:38:01+00:00","description":"Vous recherchez une assurance sant\u00e9, vie ou automobile abordable en \u00c9gypte ? Comparez les assurances vie, sant\u00e9 ou automobile en \u00c9gypte en ligne et obtenez des devis d&#039;assurance bon march\u00e9","breadcrumb":{"@id":"https:\/\/tiketi.com\/fr-fr\/life-car-health-insurance-egypt\/#breadcrumb"},"inLanguage":"fr-FR","potentialAction":[{"@type":"ReadAction","target":["https:\/\/tiketi.com\/fr-fr\/life-car-health-insurance-egypt\/"]}]},{"@type":"ImageObject","inLanguage":"fr-FR","@id":"https:\/\/tiketi.com\/fr-fr\/life-car-health-insurance-egypt\/#primaryimage","url":"https:\/\/tiketi.com\/wp-content\/uploads\/2019\/05\/insurance-ravi-roshan-_AdUs32i0jc-unsplas.jpg","contentUrl":"https:\/\/tiketi.com\/wp-content\/uploads\/2019\/05\/insurance-ravi-roshan-_AdUs32i0jc-unsplas.jpg","width":1200,"height":200,"caption":"Insurance"},{"@type":"BreadcrumbList","@id":"https:\/\/tiketi.com\/fr-fr\/life-car-health-insurance-egypt\/#breadcrumb","itemListElement":[{"@type":"ListItem","position":1,"name":"Home","item":"https:\/\/tiketi.com\/"},{"@type":"ListItem","position":2,"name":"Insurance in Egypt &#8211; Cheap Life, Health &#038; Car Online Quotes"}]},{"@type":"WebSite","@id":"https:\/\/tiketi.com\/#website","url":"https:\/\/tiketi.com\/","name":"Billets d&#039;avion et de bus, forfaits touristiques et activit\u00e9s - Tiketi.com","description":"Billets d&#039;avion et de bus, Tours, Activit\u00e9s","publisher":{"@id":"https:\/\/tiketi.com\/#organization"},"potentialAction":[{"@type":"SearchAction","target":{"@type":"EntryPoint","urlTemplate":"https:\/\/tiketi.com\/?s={search_term_string}"},"query-input":{"@type":"PropertyValueSpecification","valueRequired":true,"valueName":"search_term_string"}}],"inLanguage":"fr-FR"},{"@type":"Organization","@id":"https:\/\/tiketi.com\/#organization","name":"Tiketi.com","alternateName":"Tiketi","url":"https:\/\/tiketi.com\/","logo":{"@type":"ImageObject","inLanguage":"fr-FR","@id":"https:\/\/tiketi.com\/#\/schema\/logo\/image\/","url":"https:\/\/tiketi.com\/wp-content\/uploads\/2019\/05\/tiketi-logo-696.png","contentUrl":"https:\/\/tiketi.com\/wp-content\/uploads\/2019\/05\/tiketi-logo-696.png","width":696,"height":696,"caption":"Tiketi.com"},"image":{"@id":"https:\/\/tiketi.com\/#\/schema\/logo\/image\/"},"sameAs":["https:\/\/www.facebook.com\/TiketiCom\/"]}]}},"_links":{"self":[{"href":"https:\/\/tiketi.com\/fr-fr\/wp-json\/wp\/v2\/pages\/10810","targetHints":{"allow":["GET"]}}],"collection":[{"href":"https:\/\/tiketi.com\/fr-fr\/wp-json\/wp\/v2\/pages"}],"about":[{"href":"https:\/\/tiketi.com\/fr-fr\/wp-json\/wp\/v2\/types\/page"}],"author":[{"embeddable":true,"href":"https:\/\/tiketi.com\/fr-fr\/wp-json\/wp\/v2\/users\/1"}],"replies":[{"embeddable":true,"href":"https:\/\/tiketi.com\/fr-fr\/wp-json\/wp\/v2\/comments?post=10810"}],"version-history":[{"count":0,"href":"https:\/\/tiketi.com\/fr-fr\/wp-json\/wp\/v2\/pages\/10810\/revisions"}],"wp:featuredmedia":[{"embeddable":true,"href":"https:\/\/tiketi.com\/fr-fr\/wp-json\/wp\/v2\/media\/20034"}],"wp:attachment":[{"href":"https:\/\/tiketi.com\/fr-fr\/wp-json\/wp\/v2\/media?parent=10810"}],"curies":[{"name":"wp","href":"https:\/\/api.w.org\/{rel}","templated":true}]}}